{"id":138,"date":"2021-01-15T16:02:54","date_gmt":"2021-01-15T13:02:54","guid":{"rendered":"http:\/\/myvize.com.tr\/japonya\/?page_id=138"},"modified":"2021-11-09T11:58:38","modified_gmt":"2021-11-09T08:58:38","slug":"oturum-2","status":"publish","type":"page","link":"https:\/\/myvize.com.tr\/japonya\/oturum-2\/","title":{"rendered":"OTURUM"},"content":{"rendered":"<h2><strong><span style=\"font-family: Roboto; font-size: 27px;\">Japonya Oturum \u0130\u015flemleri<\/span><\/strong><\/h2>\n<p><span style=\"font-family: Roboto; font-size: 14px;\">T\u00fcrkiye Cumhuriyeti vatanda\u015flar\u0131 Japonya\u2019ya 90 g\u00fcne kadar yapacaklar\u0131 seyahatleri i\u00e7in vizeden muaf tutulmu\u015ftur. Japonya\u2019ya yapaca\u011f\u0131n\u0131z seyahatlerinizde Japonya\u2019da 90 g\u00fcnden fazla kalmay\u0131 ama\u00e7l\u0131yorsan\u0131z <span style=\"color: #2acec2;\"><strong><a style=\"color: #2acec2;\" href=\"https:\/\/myvize.com.tr\/japonya\/vize-islemleri\/japonya-oturum-izni\/\" target=\"_blank\" rel=\"noopener\">Japonya oturum izni<\/a><\/strong><\/span> almal\u0131s\u0131n\u0131z. Bunun i\u00e7in \u00f6ncelikle ge\u00e7erli bir nedeniniz olmal\u0131d\u0131r. E\u011fer ge\u00e7erli bir nedeniniz var ise T\u00fcrkiye\u2019de bulunan Japonya temsilciliklerine ba\u015fvuruda bulunabilirsiniz.<\/span><\/p>\n<p><span style=\"font-family: Roboto; font-size: 14px;\"><strong>Japonya oturum izni<\/strong> alabilmek i\u00e7in ge\u00e7erli sebep aranmaktad\u0131r. Bu sebepler \u00f6\u011frenci olarak Japonya\u2019ya gitme, aile birle\u015fimi ile Japonya\u2019ya gitme, \u00e7al\u0131\u015fan olarak Japonya\u2019ya gitme, evlilik yolu ile Japonya\u2019ya gitme gibi nedenler olabilir.<\/span><\/p>\n<p><span style=\"font-family: Roboto; font-size: 14px;\"><strong>Japonya oturum izni<\/strong> i\u00e7in ilk yapman\u0131z gereken Japonya Konsoloslu\u011fu\u2019na ya da Japonya B\u00fcy\u00fckel\u00e7ili\u011fi\u2019ne ba\u015fvuruda bulunmal\u0131s\u0131n\u0131z. Bunun i\u00e7in temsilcilikten randevu almal\u0131 ve gerekli belgeleri haz\u0131rlamal\u0131s\u0131n\u0131z. Hangi ama\u00e7la Japonya\u2019ya gidecekseniz, bu amac\u0131 belgeler ile kan\u0131tlamal\u0131s\u0131n\u0131z. Japonya H\u00fck\u00fcmeti, \u00fclkesine uzun s\u00fcreli ikamet etmek i\u00e7in gelecek olan ki\u015filerin Japonya\u2019y\u0131 iyi tan\u0131mas\u0131 ve iyi derecede Japonca bilmesini istemektedir. Bunun i\u00e7in ba\u015fvuru sahibi bir m\u00fclakata al\u0131n\u0131r.<\/span><\/p>\n<p><span style=\"font-family: Roboto; font-size: 14px;\"><strong>Oturum izni<\/strong> ba\u015fvurular\u0131 Japonya \u0130\u00e7i\u015fleri Bakanl\u0131\u011f\u0131 taraf\u0131ndan sonu\u00e7land\u0131r\u0131lmaktad\u0131r. Japonya yetkilileri ba\u015fvurular\u0131 \u00e7ok detayl\u0131 bir \u015fekilde incelemektedir. Bundan dolay\u0131 <strong>Japonya oturum i\u015flemleri<\/strong> konusunda \u00e7ok dikkatli olmal\u0131s\u0131n\u0131z. Bunun i\u00e7in profesyonel destek alabilirsiniz.<\/span><\/p>\n<p><img src=\"https:\/\/myvize.com.tr\/japonya\/wp-content\/uploads\/2021\/10\/17.jpg\" \/><\/p>\n<h2><span style=\"font-family: Roboto; font-size: 27px;\"><b>Japonya\u2019da Oturum Alma<\/b><\/span><\/h2>\n<p><span style=\"font-family: Roboto; font-size: 14px;\">T\u00fcrkiye\u2019den Japonya\u2019ya yerle\u015fmek isteyen ve bu nedenle de ikamet izni almak isteyen ki\u015filerin \u00f6ncelikli olarak T\u00fcrkiye\u2019deki b\u00fcy\u00fckel\u00e7ili\u011fin ziyaret edilmesi gerekmektedir. Buradan <strong>Japonya konsolosluklar\u0131na<\/strong> y\u00f6nlendirmeleri ger\u00e7ekle\u015febilir. Konsolosluklarda ise oturma izni almak i\u00e7in ba\u015fvuru s\u00fcrecine ba\u015flanmas\u0131 muhtemeldir.<\/span><\/p>\n<p><span style=\"font-family: Roboto; font-size: 14px;\"><strong>Japonya\u2019da oturum alma\u00a0<\/strong>i\u00e7in gerekli olan ikamet izni, konsolosluklar taraf\u0131ndan verilecek detayl\u0131 ba\u015fvuru bilgileri ile \u015fekillenecek bir ba\u015fvuru s\u00fcrecidir. Konsolosluklardan al\u0131nacak bilgi ve gerekli evraklar\u0131n temini i\u00e7in ise mutlaka ara ara konsolosluklardan destek al\u0131nmas\u0131 gerekebilir. <strong>Oturma izni<\/strong> i\u00e7in ba\u015fvuru yapt\u0131ktan ve kabul edildikten sonra ba\u015fvuru sahibinin ikamet adresi de\u011fi\u015fti ise mutlaka konsoloslu\u011fa bunun bilgisini iletmesi gerekmektedir. E\u011fer adres bilgisi g\u00fcncellenmez ise oturma izni iptal edilebilmektedir. <strong>Japonca dilinin<\/strong> \u00f6\u011frenilmesi zorunluluk de\u011fildir ancak kal\u0131c\u0131 olarak oturma izni al\u0131nd\u0131ktan sonra Japonca gerekli olacakt\u0131r.<\/span><\/p>\n<p><span style=\"font-family: Roboto; font-size: 14px;\">\u00a0G\u00fcn\u00fcm\u00fcz ko\u015fullar\u0131 d\u00fc\u015f\u00fcn\u00fcld\u00fc\u011f\u00fcnde Japonya\u2019ya ka\u00e7ak olarak veya sahte belgelerle girmek isteyen bir\u00e7ok insan tespit edilmi\u015ftir. Bu nedenle <strong>Japonya giri\u015f \u00e7\u0131k\u0131\u015flar<\/strong> i\u00e7in gerekli olan evraklar\u0131 b\u00fcy\u00fck bir titizlikle incelemeye ba\u015flam\u0131\u015ft\u0131r. Bu s\u0131k\u0131 kontroller baz\u0131 durumlarda hak ihlallerinin ya\u015fanmas\u0131na ve ma\u011fduriyet yarat\u0131lmas\u0131na da neden olabilmektedir. Bu ma\u011fduriyetlerin ya\u015fanmamas\u0131 ad\u0131na belgelerin a\u00e7\u0131k ve net bir dille doldurulmas\u0131 tavsiye edilmektedir.<\/span><\/p>\n<p><span style=\"font-family: Roboto; font-size: 14px;\"><span style=\"color: #2acec2;\"><strong><a style=\"color: #2acec2;\" href=\"https:\/\/myvize.com.tr\/japonya\/vize-islemleri\/japonya-vize-randevusu\/\" target=\"_blank\" rel=\"noopener\">Japonya Vize Randevusu<\/a><\/strong><\/span> ile ilgili bilgi almak i\u00e7in bizi aray\u0131n.<\/span><\/p>\n","protected":false},"excerpt":{"rendered":"<p>Japonya Oturum \u0130\u015flemleri T\u00fcrkiye Cumhuriyeti vatanda\u015flar\u0131 Japonya\u2019ya 90 g\u00fcne kadar yapacaklar\u0131 seyahatleri i\u00e7in vizeden muaf tutulmu\u015ftur. Japonya\u2019ya yapaca\u011f\u0131n\u0131z seyahatlerinizde Japonya\u2019da 90 g\u00fcnden fazla kalmay\u0131 ama\u00e7l\u0131yorsan\u0131z Japonya oturum izni almal\u0131s\u0131n\u0131z. Bunun i\u00e7in \u00f6ncelikle ge\u00e7erli bir nedeniniz olmal\u0131d\u0131r. E\u011fer ge\u00e7erli bir nedeniniz var ise T\u00fcrkiye\u2019de bulunan Japonya temsilciliklerine ba\u015fvuruda bulunabilirsiniz. Japonya oturum izni alabilmek i\u00e7in ge\u00e7erli sebep<\/p>\n","protected":false},"author":2,"featured_media":0,"parent":0,"menu_order":0,"comment_status":"closed","ping_status":"closed","template":"","meta":[],"yoast_head":"<!-- This site is optimized with the Yoast SEO plugin v16.4 - https:\/\/yoast.com\/wordpress\/plugins\/seo\/ -->\n<title>Japonya Oturum \u0130\u015flemleri - MyVize Vize Ba\u015fvuru Merkezi<\/title>\n<meta name=\"description\" content=\"Japonya Oturum \u0130\u015flemleri Nas\u0131l Yap\u0131l\u0131r? Japonya Oturum \u015eartlar\u0131 Nelerdir? Japonya Oturum \u0130\u015flemleri 2022 G\u00fcncel Bilgileri Neler?\" \/>\n<meta name=\"robots\" content=\"index, follow, max-snippet:-1, max-image-preview:large, max-video-preview:-1\" \/>\n<link rel=\"canonical\" href=\"https:\/\/myvize.com.tr\/japonya\/oturum-2\/\" \/>\n<meta property=\"og:locale\" content=\"tr_TR\" \/>\n<meta property=\"og:type\" content=\"article\" \/>\n<meta property=\"og:title\" content=\"Japonya Oturum \u0130\u015flemleri - MyVize Vize Ba\u015fvuru Merkezi\" \/>\n<meta property=\"og:description\" content=\"Japonya Oturum \u0130\u015flemleri Nas\u0131l Yap\u0131l\u0131r? Japonya Oturum \u015eartlar\u0131 Nelerdir? Japonya Oturum \u0130\u015flemleri 2022 G\u00fcncel Bilgileri Neler?\" \/>\n<meta property=\"og:url\" content=\"https:\/\/myvize.com.tr\/japonya\/oturum-2\/\" \/>\n<meta property=\"og:site_name\" content=\"Japonya Vizesi\" \/>\n<meta property=\"article:modified_time\" content=\"2021-11-09T08:58:38+00:00\" \/>\n<meta property=\"og:image\" content=\"https:\/\/myvize.com.tr\/japonya\/wp-content\/uploads\/2021\/10\/17.jpg\" \/>\n<meta name=\"twitter:card\" content=\"summary_large_image\" \/>\n<meta name=\"twitter:label1\" content=\"Tahmini okuma s\u00fcresi\" \/>\n\t<meta name=\"twitter:data1\" content=\"2 dakika\" \/>\n<script type=\"application\/ld+json\" class=\"yoast-schema-graph\">{\"@context\":\"https:\/\/schema.org\",\"@graph\":[{\"@type\":\"WebSite\",\"@id\":\"https:\/\/myvize.com.tr\/japonya\/#website\",\"url\":\"https:\/\/myvize.com.tr\/japonya\/\",\"name\":\"Japonya Vizesi\",\"description\":\"\",\"potentialAction\":[{\"@type\":\"SearchAction\",\"target\":\"https:\/\/myvize.com.tr\/japonya\/?s={search_term_string}\",\"query-input\":\"required name=search_term_string\"}],\"inLanguage\":\"tr\"},{\"@type\":\"ImageObject\",\"@id\":\"https:\/\/myvize.com.tr\/japonya\/oturum-2\/#primaryimage\",\"inLanguage\":\"tr\",\"url\":\"https:\/\/myvize.com.tr\/japonya\/wp-content\/uploads\/2021\/10\/17.jpg\",\"contentUrl\":\"https:\/\/myvize.com.tr\/japonya\/wp-content\/uploads\/2021\/10\/17.jpg\",\"width\":800,\"height\":500,\"caption\":\"Japonya Oturum\"},{\"@type\":\"WebPage\",\"@id\":\"https:\/\/myvize.com.tr\/japonya\/oturum-2\/#webpage\",\"url\":\"https:\/\/myvize.com.tr\/japonya\/oturum-2\/\",\"name\":\"Japonya Oturum \\u0130\\u015flemleri - MyVize Vize Ba\\u015fvuru Merkezi\",\"isPartOf\":{\"@id\":\"https:\/\/myvize.com.tr\/japonya\/#website\"},\"primaryImageOfPage\":{\"@id\":\"https:\/\/myvize.com.tr\/japonya\/oturum-2\/#primaryimage\"},\"datePublished\":\"2021-01-15T13:02:54+00:00\",\"dateModified\":\"2021-11-09T08:58:38+00:00\",\"description\":\"Japonya Oturum \\u0130\\u015flemleri Nas\\u0131l Yap\\u0131l\\u0131r? Japonya Oturum \\u015eartlar\\u0131 Nelerdir? Japonya Oturum \\u0130\\u015flemleri 2022 G\\u00fcncel Bilgileri Neler?\",\"breadcrumb\":{\"@id\":\"https:\/\/myvize.com.tr\/japonya\/oturum-2\/#breadcrumb\"},\"inLanguage\":\"tr\",\"potentialAction\":[{\"@type\":\"ReadAction\",\"target\":[\"https:\/\/myvize.com.tr\/japonya\/oturum-2\/\"]}]},{\"@type\":\"BreadcrumbList\",\"@id\":\"https:\/\/myvize.com.tr\/japonya\/oturum-2\/#breadcrumb\",\"itemListElement\":[{\"@type\":\"ListItem\",\"position\":1,\"item\":{\"@type\":\"WebPage\",\"@id\":\"https:\/\/myvize.com.tr\/japonya\/\",\"url\":\"https:\/\/myvize.com.tr\/japonya\/\",\"name\":\"Anasayfa\"}},{\"@type\":\"ListItem\",\"position\":2,\"item\":{\"@id\":\"https:\/\/myvize.com.tr\/japonya\/oturum-2\/#webpage\"}}]}]}<\/script>\n<!-- \/ Yoast SEO plugin. -->","_links":{"self":[{"href":"https:\/\/myvize.com.tr\/japonya\/wp-json\/wp\/v2\/pages\/138"}],"collection":[{"href":"https:\/\/myvize.com.tr\/japonya\/wp-json\/wp\/v2\/pages"}],"about":[{"href":"https:\/\/myvize.com.tr\/japonya\/wp-json\/wp\/v2\/types\/page"}],"author":[{"embeddable":true,"href":"https:\/\/myvize.com.tr\/japonya\/wp-json\/wp\/v2\/users\/2"}],"replies":[{"embeddable":true,"href":"https:\/\/myvize.com.tr\/japonya\/wp-json\/wp\/v2\/comments?post=138"}],"version-history":[{"count":4,"href":"https:\/\/myvize.com.tr\/japonya\/wp-json\/wp\/v2\/pages\/138\/revisions"}],"predecessor-version":[{"id":458,"href":"https:\/\/myvize.com.tr\/japonya\/wp-json\/wp\/v2\/pages\/138\/revisions\/458"}],"wp:attachment":[{"href":"https:\/\/myvize.com.tr\/japonya\/wp-json\/wp\/v2\/media?parent=138"}],"curies":[{"name":"wp","href":"https:\/\/api.w.org\/{rel}","templated":true}]}}