{"id":80,"date":"2020-11-30T13:04:17","date_gmt":"2020-11-30T10:04:17","guid":{"rendered":"http:\/\/myvize.com.tr\/israil\/?page_id=80"},"modified":"2021-11-08T14:11:21","modified_gmt":"2021-11-08T11:11:21","slug":"kayseri-fahri-konsoloslugu","status":"publish","type":"page","link":"https:\/\/myvize.com.tr\/israil\/konsolosluklar\/kayseri-fahri-konsoloslugu\/","title":{"rendered":"\u0130srail Kayseri Fahri Konsoloslu\u011fu"},"content":{"rendered":"<h2><strong><span style=\"font-size: 27px; font-family: Roboto;\">\u0130srail Kayseri Fahri Konsoloslu\u011fu Hakk\u0131nda<\/span><\/strong><\/h2>\n","protected":false},"excerpt":{"rendered":"<p>\u0130srail Kayseri Fahri Konsoloslu\u011fu Hakk\u0131nda<\/p>\n","protected":false},"author":1,"featured_media":0,"parent":69,"menu_order":0,"comment_status":"closed","ping_status":"closed","template":"","meta":[],"yoast_head":"<!-- This site is optimized with the Yoast SEO plugin v16.4 - https:\/\/yoast.com\/wordpress\/plugins\/seo\/ -->\n<title>\u0130srail Kayseri Fahri Konsoloslu\u011fu - MyVize Vize Ba\u015fvuru Merkezi<\/title>\n<meta name=\"description\" content=\"\u0130srail Kayseri Fahri Konsoloslu\u011fu \u00e7al\u0131\u015fma saatleri. \u0130srail Kayseri Fahri Konsoloslu\u011fu ula\u015f\u0131m, ileti\u015fim bilgileri ve faaliyet alan\u0131.\" \/>\n<meta name=\"robots\" content=\"index, follow, max-snippet:-1, max-image-preview:large, max-video-preview:-1\" \/>\n<link rel=\"canonical\" href=\"https:\/\/myvize.com.tr\/israil\/konsolosluklar\/kayseri-fahri-konsoloslugu\/\" \/>\n<meta property=\"og:locale\" content=\"tr_TR\" \/>\n<meta property=\"og:type\" content=\"article\" \/>\n<meta property=\"og:title\" content=\"\u0130srail Kayseri Fahri Konsoloslu\u011fu - MyVize Vize Ba\u015fvuru Merkezi\" \/>\n<meta property=\"og:description\" content=\"\u0130srail Kayseri Fahri Konsoloslu\u011fu \u00e7al\u0131\u015fma saatleri. \u0130srail Kayseri Fahri Konsoloslu\u011fu ula\u015f\u0131m, ileti\u015fim bilgileri ve faaliyet alan\u0131.\" \/>\n<meta property=\"og:url\" content=\"https:\/\/myvize.com.tr\/israil\/konsolosluklar\/kayseri-fahri-konsoloslugu\/\" \/>\n<meta property=\"og:site_name\" content=\"\u0130srail Vizesi\" \/>\n<meta property=\"article:modified_time\" content=\"2021-11-08T11:11:21+00:00\" \/>\n<meta name=\"twitter:card\" content=\"summary_large_image\" \/>\n<meta name=\"twitter:label1\" content=\"Tahmini okuma s\u00fcresi\" \/>\n\t<meta name=\"twitter:data1\" content=\"1 dakika\" \/>\n<script type=\"application\/ld+json\" class=\"yoast-schema-graph\">{\"@context\":\"https:\/\/schema.org\",\"@graph\":[{\"@type\":\"WebSite\",\"@id\":\"https:\/\/myvize.com.tr\/israil\/#website\",\"url\":\"https:\/\/myvize.com.tr\/israil\/\",\"name\":\"\\u0130srail Vizesi\",\"description\":\"\",\"potentialAction\":[{\"@type\":\"SearchAction\",\"target\":\"https:\/\/myvize.com.tr\/israil\/?s={search_term_string}\",\"query-input\":\"required name=search_term_string\"}],\"inLanguage\":\"tr\"},{\"@type\":\"WebPage\",\"@id\":\"https:\/\/myvize.com.tr\/israil\/konsolosluklar\/kayseri-fahri-konsoloslugu\/#webpage\",\"url\":\"https:\/\/myvize.com.tr\/israil\/konsolosluklar\/kayseri-fahri-konsoloslugu\/\",\"name\":\"\\u0130srail Kayseri Fahri Konsoloslu\\u011fu - MyVize Vize Ba\\u015fvuru Merkezi\",\"isPartOf\":{\"@id\":\"https:\/\/myvize.com.tr\/israil\/#website\"},\"datePublished\":\"2020-11-30T10:04:17+00:00\",\"dateModified\":\"2021-11-08T11:11:21+00:00\",\"description\":\"\\u0130srail Kayseri Fahri Konsoloslu\\u011fu \\u00e7al\\u0131\\u015fma saatleri. \\u0130srail Kayseri Fahri Konsoloslu\\u011fu ula\\u015f\\u0131m, ileti\\u015fim bilgileri ve faaliyet alan\\u0131.\",\"breadcrumb\":{\"@id\":\"https:\/\/myvize.com.tr\/israil\/konsolosluklar\/kayseri-fahri-konsoloslugu\/#breadcrumb\"},\"inLanguage\":\"tr\",\"potentialAction\":[{\"@type\":\"ReadAction\",\"target\":[\"https:\/\/myvize.com.tr\/israil\/konsolosluklar\/kayseri-fahri-konsoloslugu\/\"]}]},{\"@type\":\"BreadcrumbList\",\"@id\":\"https:\/\/myvize.com.tr\/israil\/konsolosluklar\/kayseri-fahri-konsoloslugu\/#breadcrumb\",\"itemListElement\":[{\"@type\":\"ListItem\",\"position\":1,\"item\":{\"@type\":\"WebPage\",\"@id\":\"https:\/\/myvize.com.tr\/israil\/\",\"url\":\"https:\/\/myvize.com.tr\/israil\/\",\"name\":\"Anasayfa\"}},{\"@type\":\"ListItem\",\"position\":2,\"item\":{\"@type\":\"WebPage\",\"@id\":\"https:\/\/myvize.com.tr\/israil\/konsolosluklar\/\",\"url\":\"https:\/\/myvize.com.tr\/israil\/konsolosluklar\/\",\"name\":\"KONSOLOSLUKLAR\"}},{\"@type\":\"ListItem\",\"position\":3,\"item\":{\"@id\":\"https:\/\/myvize.com.tr\/israil\/konsolosluklar\/kayseri-fahri-konsoloslugu\/#webpage\"}}]}]}<\/script>\n<!-- \/ Yoast SEO plugin. -->","_links":{"self":[{"href":"https:\/\/myvize.com.tr\/israil\/wp-json\/wp\/v2\/pages\/80"}],"collection":[{"href":"https:\/\/myvize.com.tr\/israil\/wp-json\/wp\/v2\/pages"}],"about":[{"href":"https:\/\/myvize.com.tr\/israil\/wp-json\/wp\/v2\/types\/page"}],"author":[{"embeddable":true,"href":"https:\/\/myvize.com.tr\/israil\/wp-json\/wp\/v2\/users\/1"}],"replies":[{"embeddable":true,"href":"https:\/\/myvize.com.tr\/israil\/wp-json\/wp\/v2\/comments?post=80"}],"version-history":[{"count":3,"href":"https:\/\/myvize.com.tr\/israil\/wp-json\/wp\/v2\/pages\/80\/revisions"}],"predecessor-version":[{"id":490,"href":"https:\/\/myvize.com.tr\/israil\/wp-json\/wp\/v2\/pages\/80\/revisions\/490"}],"up":[{"embeddable":true,"href":"https:\/\/myvize.com.tr\/israil\/wp-json\/wp\/v2\/pages\/69"}],"wp:attachment":[{"href":"https:\/\/myvize.com.tr\/israil\/wp-json\/wp\/v2\/media?parent=80"}],"curies":[{"name":"wp","href":"https:\/\/api.w.org\/{rel}","templated":true}]}}