{"id":18,"date":"2020-11-30T08:50:13","date_gmt":"2020-11-30T05:50:13","guid":{"rendered":"http:\/\/myvize.com.tr\/israil\/?page_id=18"},"modified":"2021-11-08T13:32:48","modified_gmt":"2021-11-08T10:32:48","slug":"vize-islemleri","status":"publish","type":"page","link":"https:\/\/myvize.com.tr\/israil\/vize-islemleri\/","title":{"rendered":"\u0130SRA\u0130L V\u0130ZE \u0130\u015eLEMLER\u0130"},"content":{"rendered":"<p><span style=\"font-family: Roboto;\"><\/span><\/p>\r\n<p><span style=\"font-family: Roboto; font-size: 14px;\">\u0130srail Ortado\u011fu\u2019da bulunan \u00fclkelerden biridir. Asya ve Afrika k\u0131talar\u0131n\u0131n kesi\u015fti\u011fi yerde yer alan \u0130srail d\u00fcnya genelinde bir\u00e7ok yerden turist a\u011f\u0131rlayan \u00fclkeler aras\u0131ndad\u0131r. \u0130srail Umuma Mahsus pasaport sahiplerinden vize talebinden bulunabilen \u00fclkelerden biridir. Ayn\u0131 zamanda Hususi, Hizmet, Diplomatik pasaport sahipleri 180 g\u00fcnl\u00fck s\u00fcre\u00e7te yaln\u0131zca bir defaya mahsus olmak \u00fczere vize alma zorunlulu\u011fu ta\u015f\u0131m\u0131yorlar. \u0130srail\u2019e seyahat edecek olan ki\u015filerin alabilece\u011fi vize t\u00fcrleri \u015fu \u015fekilde s\u0131ralanabilir:<\/span><\/p>\r\n<p><span style=\"font-family: Roboto; font-size: 14px;\">\r\n\r\n<\/span><\/p>\r\n<p><span style=\"font-family: Roboto; font-size: 14px;\">l \u0130srail g\u00f6\u00e7 vizesi<\/span><\/p>\r\n<p><span style=\"font-family: Roboto; font-size: 14px;\">\r\n\r\n<\/span><\/p>\r\n<p><span style=\"font-family: Roboto; font-size: 14px;\">l \u0130srail \u00f6\u011frenci vizesi<\/span><\/p>\r\n<p><span style=\"font-family: Roboto; font-size: 14px;\">\r\n\r\n<\/span><\/p>\r\n<p><span style=\"font-family: Roboto; font-size: 14px;\">l \u0130srail din adam\u0131 vizesi<\/span><\/p>\r\n<p><span style=\"font-family: Roboto; font-size: 14px;\">\r\n\r\n<\/span><\/p>\r\n<p><span style=\"font-family: Roboto; font-size: 14px;\">l \u0130srail aile birle\u015fimi vizesi<\/span><\/p>\r\n<p><span style=\"font-family: Roboto; font-size: 14px;\">\r\n\r\n<\/span><\/p>\r\n<p><span style=\"font-family: Roboto; font-size: 14px;\">l \u0130srail ziyaret\u00e7i vizesi<\/span><\/p>\r\n<p><span style=\"font-family: Roboto; font-size: 14px;\">\r\n\r\n<\/span><\/p>\r\n<p><span style=\"font-family: Roboto; font-size: 14px;\">l \u0130srail ge\u00e7ici konaklama vizesi<\/span><\/p>\r\n<p><span style=\"font-family: Roboto; font-size: 14px;\">\r\n\r\n<\/span><\/p>\r\n<p><span style=\"font-family: Roboto; font-size: 14px;\">Vize t\u00fcrlerinden en uygun olan\u0131 tercih ederek evrak listeniz ile birlikte ba\u015fvurunuzu ger\u00e7ekle\u015ftirebilirsiniz.<span style=\"color: #2acec2;\"><a style=\"color: #2acec2;\" href=\"https:\/\/myvize.com.tr\/israil\/vize-islemleri\/israil-vizesi\/\" target=\"_blank\" rel=\"noopener\"><strong> \u0130srail vizesi<\/strong><\/a><\/span> i\u015flemleri i\u00e7in konsolosluklardan ya da konsolosluklar\u0131n yetki vermi\u015f oldu\u011fu ba\u015fvuru merkezlerinden hizmet alabilirsiniz.<\/span><\/p>\r\n<p><span style=\"font-family: Roboto; font-size: 14px;\"> <img src=\"https:\/\/myvize.com.tr\/israil\/wp-content\/uploads\/2021\/10\/14.jpg\" \/> <\/span><\/p>\r\n<h2><span style=\"font-family: Roboto; font-size: 27px;\"><strong>\u0130srail Vize \u0130\u015flemlerinde Hangi Evraklar \u0130stenir?<\/strong><\/span><\/h2>\r\n<p><span style=\"font-family: Roboto; font-size: 14px;\">\r\n\r\n<\/span><\/p>\r\n<p><span style=\"font-family: Roboto; font-size: 14px;\"><strong>\u0130srail vize<\/strong> i\u015flemleri s\u0131ras\u0131nda istenilen evraklar aras\u0131nda ba\u015fvuru formu ve vize talep dilek\u00e7esi mutlaka olmas\u0131 gereken belgeler aras\u0131ndad\u0131r. En az 1 y\u0131l ge\u00e7erlili\u011fi olan pasaport ve bununla birlikte eski pasaportlar\u0131n\u0131z\u0131n da dosyada yer almas\u0131na \u00f6zen g\u00f6sterilmelidir. 5 x 5 \u00f6l\u00e7\u00fclerinde 2 adet biyometrik foto\u011fraf, konaklayaca\u011f\u0131n\u0131z yerin rezervasyonlar\u0131 ve seyahat belgelerinizin dosya i\u00e7erisinde yer almas\u0131 gerekir. Bunlara ek olarak 6 ayl\u0131k hesap d\u00f6k\u00fcmlerinizin ve mali durumunuzu g\u00f6steren tapu ve ara\u00e7 ruhsat\u0131 gibi belgelerinde dosyan\u0131za yer almas\u0131 gerekir. Seyahat sa\u011fl\u0131k sigortas\u0131 gibi belgelerinde dosyan\u0131zda bulunmas\u0131 vize s\u00fcrecinde \u00f6nem verilen konulardan biridir. Vize alacak olan ki\u015filerin \u00e7al\u0131\u015fma durumlar\u0131na ya da evlilik durumlar\u0131na g\u00f6re de ek evraklar haz\u0131rlamas\u0131 istenebilir. <strong>\u00d6\u011frenci vizesi<\/strong> alacak olan ki\u015filer ayn\u0131 zamanda \u0130srail\u2019de e\u011fitim g\u00f6recekleri okuldan bir davetiye almas\u0131 zorunlu tutulan durumlardan biridir.<\/span><\/p>\r\n<p><span style=\"font-family: Roboto; font-size: 14px;\">\r\n\r\n<\/span><\/p>\r\n<h2><span style=\"font-family: Roboto; font-size: 27px;\"><strong>\u0130srail Vize \u00dccretlerinin Yat\u0131r\u0131lmas\u0131<\/strong><\/span><\/h2>\r\n<p><span style=\"font-family: Roboto; font-size: 14px;\">\r\n\r\n<\/span><\/p>\r\n<p><span style=\"font-family: Roboto; font-size: 14px;\"><strong>\u0130srail vize<\/strong> \u00fccretlerinin yat\u0131r\u0131ld\u0131\u011f\u0131 bilmesi i\u00e7in ki\u015filerin g\u00fcncel vize \u00fccretleri bilgisine sahip olmas\u0131 gerekir. Ki\u015filer alacaklar\u0131 vizenin t\u00fcr\u00fcne ve ne kadar kalacaklar\u0131na g\u00f6re farkl\u0131 vize \u00fccretleri ile kar\u015f\u0131la\u015fabilirler. Yat\u0131rd\u0131\u011f\u0131n\u0131z <strong><span style=\"color: #2acec2;\"><a style=\"color: #2acec2;\" href=\"https:\/\/myvize.com.tr\/israil\/israil-vize-ucreti\/\" target=\"_blank\" rel=\"noopener\">\u0130srail vize \u00fccreti<\/a><\/span><\/strong> kar\u015f\u0131l\u0131\u011f\u0131nda mutlaka uygun \u015fekillerde haz\u0131rlanm\u0131\u015f bir banka dekontunu uzun bulunmas\u0131 konsolosluk taraf\u0131ndan istenilen kriterlerden biridir. Vizeniz i\u00e7in haz\u0131rlad\u0131\u011f\u0131n\u0131z evrak dosyas\u0131n\u0131 teslim ettikten sonra herhangi bir problem yok ise 7 ve 15 g\u00fcn i\u015f g\u00fcn\u00fc i\u00e7erisinde vizenizi alabilirsiniz.<\/span><\/p>\r\n<h2><span style=\"font-family: Roboto; font-size: 27px;\"><strong>\u0130srail Vize<\/strong><\/span><\/h2>\r\n<p><span style=\"font-family: Roboto; font-size: 14px;\"><span style=\"color: #2acec2;\"><strong><a style=\"color: #2acec2;\" href=\"https:\/\/myvize.com.tr\/israil\/konsolosluklar\/ankara-buyukelciligi\/\" target=\"_blank\" rel=\"noopener\">\u0130srail Ankara B\u00fcy\u00fckel\u00e7ili\u011fi<\/a><\/strong><\/span> vize departman\u0131 yap\u0131lacak ba\u015fvurunun eksiksiz evrakla yap\u0131lmas\u0131 yasal bir ko\u015ful. Eksik belge bildirimi konsolosluk vizesi b\u00f6l\u00fcm\u00fc taraf\u0131ndan ba\u015fvuru sahibine ya da ilgili acente do\u011frudan yap\u0131lmakta ancak \u0130srail vize ba\u015fvuru sahibi dair detayl\u0131 bilgiyi i\u00e7eren \u0130srail vizesi ba\u015fvuru formu ya da seyahat tarihini ve seyahat amac\u0131 i\u00e7eren dilek\u00e7e gibi evraklarda tutars\u0131z bilgi hi\u00e7 \u015f\u00fcphesiz vize reddiyle sonu\u00e7lan\u0131r. Bu evrak\u0131n dikkatle doldurulmas\u0131 \u015farts\u0131z bir ko\u015fuldur. Ba\u015fvuru formu vize evrak\u0131n\u0131 tesliminden sonra de\u011fi\u015ftirilmez. \u0130stisnai durumdan kaynakl\u0131 olarak de\u011fi\u015ftirilmesi gereken durumda ba\u015fvuru geri \u00e7ekilir ve yeni evraktaki g\u00fcncel bilgiyle ba\u015fvuru formu ve talep dilek\u00e7esi ve \u015firket yaz\u0131s\u0131 yeniden yaz\u0131lmas\u0131 gerekecektir.<\/span><\/p>\r\n<p><img src=\"https:\/\/myvize.com.tr\/israil\/wp-content\/uploads\/2021\/10\/2.jpg\" \/><\/p>\r\n<h2><strong><span style=\"font-family: Roboto; font-size: 27px;\">\u0130srail Vizesi Ka\u00e7 G\u00fcnde \u00c7\u0131kmaktad\u0131r?<\/span><\/strong><\/h2>\r\n<p><span style=\"font-family: Roboto; font-size: 14px;\"><strong>\u0130srail vizesi<\/strong> \u00e7\u0131k\u0131\u015f s\u00fcresi \u0130srail vize i\u00e7in gereken evrak\u0131n <strong>\u0130srail Ba\u015fkonsoloslu\u011fu<\/strong> ya da \u0130srail Ankara B\u00fcy\u00fckel\u00e7ili\u011fi tesliminden sonra 7 ila 15 i\u015f g\u00fcn i\u00e7erisinde vize ba\u015fvuru i\u015flem sonu\u00e7lanm\u0131\u015f olur. Fakat \u0130srail diplomatik temsilcili\u011fi T\u00fcrkiye ve \u0130srail Devletinin resmi bayram\u0131nda kapal\u0131 olmaktad\u0131r. Bug\u00fcnleri dikkate al\u0131narak ba\u015fvuru yap\u0131lmas\u0131 ya da ba\u015fvuru yap\u0131ld\u0131ysa tatil g\u00fcn\u00fc i\u015f g\u00fcn\u00fcnden say\u0131lmad\u0131\u011f\u0131 i\u00e7in \u00e7\u0131k\u0131\u015f s\u00fcresi ona g\u00f6re hesaplanmas\u0131 ile bu do\u011frultuda vize sonucu soru\u015fturulmas\u0131 gerekir.<\/span><\/p>\r\n<h3><strong><span style=\"font-family: Roboto; font-size: 24px;\">\u0130srail Vize \u00dccreti<\/span><\/strong><\/h3>\r\n<p><span style=\"font-family: Roboto; font-size: 14px;\"><strong>\u0130srail vizesi \u00fccreti<\/strong> \u0130srail Konsoloslu\u011fu taraf\u0131ndan belirlenmekle birlikte seyahat s\u00fcresine, \u00fclkeye giri\u015f talep say\u0131s\u0131 ve en \u00f6nemlisi vize t\u00fcr\u00fc g\u00f6re de\u011fi\u015fiklik i\u00e7erebilmekte.<strong> E\u011fitim vize<\/strong> gibi daha uzun s\u00fcreli <strong>\u0130srail vize<\/strong> ba\u015fvurusunun \u00fccreti farkl\u0131l\u0131k g\u00f6stermekte.<strong> \u0130srail vizesi \u00fccreti<\/strong> d\u00f6neme ba\u011fl\u0131 olarak g\u00fcncellenebilmekte.<\/span><\/p>\r\n<p><span style=\"font-family: Roboto;\"><\/span><\/p>","protected":false},"excerpt":{"rendered":"<p>\u0130srail Ortado\u011fu\u2019da bulunan \u00fclkelerden biridir. Asya ve Afrika k\u0131talar\u0131n\u0131n kesi\u015fti\u011fi yerde yer alan \u0130srail d\u00fcnya genelinde bir\u00e7ok yerden turist a\u011f\u0131rlayan \u00fclkeler aras\u0131ndad\u0131r. \u0130srail Umuma Mahsus pasaport sahiplerinden vize talebinden bulunabilen \u00fclkelerden biridir. Ayn\u0131 zamanda Hususi, Hizmet, Diplomatik pasaport sahipleri 180 g\u00fcnl\u00fck s\u00fcre\u00e7te yaln\u0131zca bir defaya mahsus olmak \u00fczere vize alma zorunlulu\u011fu ta\u015f\u0131m\u0131yorlar. \u0130srail\u2019e seyahat edecek<\/p>\n","protected":false},"author":1,"featured_media":0,"parent":0,"menu_order":0,"comment_status":"closed","ping_status":"closed","template":"","meta":[],"yoast_head":"<!-- This site is optimized with the Yoast SEO plugin v16.4 - https:\/\/yoast.com\/wordpress\/plugins\/seo\/ -->\n<title>\u0130srail Vize i\u015flemleri - \u0130srail Vizesi - MyVize Vize Ba\u015fvuru Merkezi<\/title>\n<meta name=\"description\" content=\"\u0130srail vize i\u015flemleri gerekli evraklar g\u00fcncel. \u0130srail vize i\u015flemleri randevu al\u0131m\u0131 ve i\u015flem s\u00fcreci g\u00f6rsel anlat\u0131m.\" \/>\n<meta name=\"robots\" content=\"index, follow, max-snippet:-1, max-image-preview:large, max-video-preview:-1\" \/>\n<link rel=\"canonical\" href=\"https:\/\/myvize.com.tr\/israil\/vize-islemleri\/\" \/>\n<meta property=\"og:locale\" content=\"tr_TR\" \/>\n<meta property=\"og:type\" content=\"article\" \/>\n<meta property=\"og:title\" content=\"\u0130srail Vize i\u015flemleri - \u0130srail Vizesi - MyVize Vize Ba\u015fvuru Merkezi\" \/>\n<meta property=\"og:description\" content=\"\u0130srail vize i\u015flemleri gerekli evraklar g\u00fcncel. \u0130srail vize i\u015flemleri randevu al\u0131m\u0131 ve i\u015flem s\u00fcreci g\u00f6rsel anlat\u0131m.\" \/>\n<meta property=\"og:url\" content=\"https:\/\/myvize.com.tr\/israil\/vize-islemleri\/\" \/>\n<meta property=\"og:site_name\" content=\"\u0130srail Vizesi\" \/>\n<meta property=\"article:modified_time\" content=\"2021-11-08T10:32:48+00:00\" \/>\n<meta property=\"og:image\" content=\"https:\/\/myvize.com.tr\/israil\/wp-content\/uploads\/2021\/10\/14.jpg\" \/>\n<meta name=\"twitter:card\" content=\"summary_large_image\" \/>\n<meta name=\"twitter:label1\" content=\"Tahmini okuma s\u00fcresi\" \/>\n\t<meta name=\"twitter:data1\" content=\"3 dakika\" \/>\n<script type=\"application\/ld+json\" class=\"yoast-schema-graph\">{\"@context\":\"https:\/\/schema.org\",\"@graph\":[{\"@type\":\"WebSite\",\"@id\":\"https:\/\/myvize.com.tr\/israil\/#website\",\"url\":\"https:\/\/myvize.com.tr\/israil\/\",\"name\":\"\\u0130srail Vizesi\",\"description\":\"\",\"potentialAction\":[{\"@type\":\"SearchAction\",\"target\":\"https:\/\/myvize.com.tr\/israil\/?s={search_term_string}\",\"query-input\":\"required name=search_term_string\"}],\"inLanguage\":\"tr\"},{\"@type\":\"ImageObject\",\"@id\":\"https:\/\/myvize.com.tr\/israil\/vize-islemleri\/#primaryimage\",\"inLanguage\":\"tr\",\"url\":\"https:\/\/myvize.com.tr\/israil\/wp-content\/uploads\/2021\/10\/14.jpg\",\"contentUrl\":\"https:\/\/myvize.com.tr\/israil\/wp-content\/uploads\/2021\/10\/14.jpg\",\"width\":800,\"height\":500,\"caption\":\"\\u0130srail Vize \\u0130\\u015flemleri\"},{\"@type\":\"WebPage\",\"@id\":\"https:\/\/myvize.com.tr\/israil\/vize-islemleri\/#webpage\",\"url\":\"https:\/\/myvize.com.tr\/israil\/vize-islemleri\/\",\"name\":\"\\u0130srail Vize i\\u015flemleri - \\u0130srail Vizesi - MyVize Vize Ba\\u015fvuru Merkezi\",\"isPartOf\":{\"@id\":\"https:\/\/myvize.com.tr\/israil\/#website\"},\"primaryImageOfPage\":{\"@id\":\"https:\/\/myvize.com.tr\/israil\/vize-islemleri\/#primaryimage\"},\"datePublished\":\"2020-11-30T05:50:13+00:00\",\"dateModified\":\"2021-11-08T10:32:48+00:00\",\"description\":\"\\u0130srail vize i\\u015flemleri gerekli evraklar g\\u00fcncel. \\u0130srail vize i\\u015flemleri randevu al\\u0131m\\u0131 ve i\\u015flem s\\u00fcreci g\\u00f6rsel anlat\\u0131m.\",\"breadcrumb\":{\"@id\":\"https:\/\/myvize.com.tr\/israil\/vize-islemleri\/#breadcrumb\"},\"inLanguage\":\"tr\",\"potentialAction\":[{\"@type\":\"ReadAction\",\"target\":[\"https:\/\/myvize.com.tr\/israil\/vize-islemleri\/\"]}]},{\"@type\":\"BreadcrumbList\",\"@id\":\"https:\/\/myvize.com.tr\/israil\/vize-islemleri\/#breadcrumb\",\"itemListElement\":[{\"@type\":\"ListItem\",\"position\":1,\"item\":{\"@type\":\"WebPage\",\"@id\":\"https:\/\/myvize.com.tr\/israil\/\",\"url\":\"https:\/\/myvize.com.tr\/israil\/\",\"name\":\"Anasayfa\"}},{\"@type\":\"ListItem\",\"position\":2,\"item\":{\"@id\":\"https:\/\/myvize.com.tr\/israil\/vize-islemleri\/#webpage\"}}]}]}<\/script>\n<!-- \/ Yoast SEO plugin. -->","_links":{"self":[{"href":"https:\/\/myvize.com.tr\/israil\/wp-json\/wp\/v2\/pages\/18"}],"collection":[{"href":"https:\/\/myvize.com.tr\/israil\/wp-json\/wp\/v2\/pages"}],"about":[{"href":"https:\/\/myvize.com.tr\/israil\/wp-json\/wp\/v2\/types\/page"}],"author":[{"embeddable":true,"href":"https:\/\/myvize.com.tr\/israil\/wp-json\/wp\/v2\/users\/1"}],"replies":[{"embeddable":true,"href":"https:\/\/myvize.com.tr\/israil\/wp-json\/wp\/v2\/comments?post=18"}],"version-history":[{"count":7,"href":"https:\/\/myvize.com.tr\/israil\/wp-json\/wp\/v2\/pages\/18\/revisions"}],"predecessor-version":[{"id":444,"href":"https:\/\/myvize.com.tr\/israil\/wp-json\/wp\/v2\/pages\/18\/revisions\/444"}],"wp:attachment":[{"href":"https:\/\/myvize.com.tr\/israil\/wp-json\/wp\/v2\/media?parent=18"}],"curies":[{"name":"wp","href":"https:\/\/api.w.org\/{rel}","templated":true}]}}