{"id":311,"date":"2021-01-21T18:18:33","date_gmt":"2021-01-21T15:18:33","guid":{"rendered":"https:\/\/myvize.com.tr\/iran\/?page_id=311"},"modified":"2022-01-11T14:47:56","modified_gmt":"2022-01-11T11:47:56","slug":"urumiye-baskonsoloslugu","status":"publish","type":"page","link":"https:\/\/myvize.com.tr\/iran\/konsolosluklar\/urumiye-baskonsoloslugu\/","title":{"rendered":"\u0130ran Urumiye Ba\u015fkonsoloslu\u011fu"},"content":{"rendered":"\n<h2 class=\"wp-block-heading\">\u0130ran Urumiye Ba\u015fkonsoloslu\u011fu Hakk\u0131nda<\/h2>\n","protected":false},"excerpt":{"rendered":"<p>\u0130ran Urumiye Ba\u015fkonsoloslu\u011fu Hakk\u0131nda<\/p>\n","protected":false},"author":1,"featured_media":0,"parent":69,"menu_order":0,"comment_status":"closed","ping_status":"closed","template":"","meta":{"footnotes":""},"class_list":["post-311","page","type-page","status-publish","hentry"],"yoast_head":"<!-- This site is optimized with the Yoast SEO plugin v24.0 - https:\/\/yoast.com\/wordpress\/plugins\/seo\/ -->\n<title>\u0130ran Urumiye Ba\u015fkonsoloslu\u011fu Vize \u0130\u015flemleri - MyVize<\/title>\n<meta name=\"description\" content=\"\u0130ran Urumiye Ba\u015fkonsoloslu\u011fu \u0130leti\u015fim Bilgileri Telefon Numaras\u0131 Mail Adresi Bilgileri \u0130\u00e7erir. \u0130ran Vize Dan\u0131\u015fman\u0131 \u0130\u00e7in Hemen Aray\u0131n.\" \/>\n<meta name=\"robots\" content=\"index, follow, max-snippet:-1, max-image-preview:large, max-video-preview:-1\" \/>\n<link rel=\"canonical\" href=\"https:\/\/myvize.com.tr\/iran\/konsolosluklar\/urumiye-baskonsoloslugu\/\" \/>\n<meta property=\"og:locale\" content=\"tr_TR\" \/>\n<meta property=\"og:type\" content=\"article\" \/>\n<meta property=\"og:title\" content=\"\u0130ran Urumiye Ba\u015fkonsoloslu\u011fu Vize \u0130\u015flemleri - MyVize\" \/>\n<meta property=\"og:description\" content=\"\u0130ran Urumiye Ba\u015fkonsoloslu\u011fu \u0130leti\u015fim Bilgileri Telefon Numaras\u0131 Mail Adresi Bilgileri \u0130\u00e7erir. \u0130ran Vize Dan\u0131\u015fman\u0131 \u0130\u00e7in Hemen Aray\u0131n.\" \/>\n<meta property=\"og:url\" content=\"https:\/\/myvize.com.tr\/iran\/konsolosluklar\/urumiye-baskonsoloslugu\/\" \/>\n<meta property=\"og:site_name\" content=\"\u0130ran Vizesi\" \/>\n<meta property=\"article:modified_time\" content=\"2022-01-11T11:47:56+00:00\" \/>\n<meta name=\"twitter:card\" content=\"summary_large_image\" \/>\n<meta name=\"twitter:label1\" content=\"Tahmini okuma s\u00fcresi\" \/>\n\t<meta name=\"twitter:data1\" content=\"1 dakika\" \/>\n<script type=\"application\/ld+json\" class=\"yoast-schema-graph\">{\"@context\":\"https:\/\/schema.org\",\"@graph\":[{\"@type\":\"WebPage\",\"@id\":\"https:\/\/myvize.com.tr\/iran\/konsolosluklar\/urumiye-baskonsoloslugu\/\",\"url\":\"https:\/\/myvize.com.tr\/iran\/konsolosluklar\/urumiye-baskonsoloslugu\/\",\"name\":\"\u0130ran Urumiye Ba\u015fkonsoloslu\u011fu Vize \u0130\u015flemleri - MyVize\",\"isPartOf\":{\"@id\":\"https:\/\/myvize.com.tr\/iran\/#website\"},\"datePublished\":\"2021-01-21T15:18:33+00:00\",\"dateModified\":\"2022-01-11T11:47:56+00:00\",\"description\":\"\u0130ran Urumiye Ba\u015fkonsoloslu\u011fu \u0130leti\u015fim Bilgileri Telefon Numaras\u0131 Mail Adresi Bilgileri \u0130\u00e7erir. \u0130ran Vize Dan\u0131\u015fman\u0131 \u0130\u00e7in Hemen Aray\u0131n.\",\"breadcrumb\":{\"@id\":\"https:\/\/myvize.com.tr\/iran\/konsolosluklar\/urumiye-baskonsoloslugu\/#breadcrumb\"},\"inLanguage\":\"tr\",\"potentialAction\":[{\"@type\":\"ReadAction\",\"target\":[\"https:\/\/myvize.com.tr\/iran\/konsolosluklar\/urumiye-baskonsoloslugu\/\"]}]},{\"@type\":\"BreadcrumbList\",\"@id\":\"https:\/\/myvize.com.tr\/iran\/konsolosluklar\/urumiye-baskonsoloslugu\/#breadcrumb\",\"itemListElement\":[{\"@type\":\"ListItem\",\"position\":1,\"name\":\"Anasayfa\",\"item\":\"https:\/\/myvize.com.tr\/iran\/\"},{\"@type\":\"ListItem\",\"position\":2,\"name\":\"KONSOLOSLUKLAR\",\"item\":\"https:\/\/myvize.com.tr\/iran\/konsolosluklar\/\"},{\"@type\":\"ListItem\",\"position\":3,\"name\":\"\u0130ran Urumiye Ba\u015fkonsoloslu\u011fu\"}]},{\"@type\":\"WebSite\",\"@id\":\"https:\/\/myvize.com.tr\/iran\/#website\",\"url\":\"https:\/\/myvize.com.tr\/iran\/\",\"name\":\"\u0130ran Vizesi\",\"description\":\"\",\"potentialAction\":[{\"@type\":\"SearchAction\",\"target\":{\"@type\":\"EntryPoint\",\"urlTemplate\":\"https:\/\/myvize.com.tr\/iran\/?s={search_term_string}\"},\"query-input\":{\"@type\":\"PropertyValueSpecification\",\"valueRequired\":true,\"valueName\":\"search_term_string\"}}],\"inLanguage\":\"tr\"}]}<\/script>\n<!-- \/ Yoast SEO plugin. -->","yoast_head_json":{"title":"\u0130ran Urumiye Ba\u015fkonsoloslu\u011fu Vize \u0130\u015flemleri - MyVize","description":"\u0130ran Urumiye Ba\u015fkonsoloslu\u011fu \u0130leti\u015fim Bilgileri Telefon Numaras\u0131 Mail Adresi Bilgileri \u0130\u00e7erir. \u0130ran Vize Dan\u0131\u015fman\u0131 \u0130\u00e7in Hemen Aray\u0131n.","robots":{"index":"index","follow":"follow","max-snippet":"max-snippet:-1","max-image-preview":"max-image-preview:large","max-video-preview":"max-video-preview:-1"},"canonical":"https:\/\/myvize.com.tr\/iran\/konsolosluklar\/urumiye-baskonsoloslugu\/","og_locale":"tr_TR","og_type":"article","og_title":"\u0130ran Urumiye Ba\u015fkonsoloslu\u011fu Vize \u0130\u015flemleri - MyVize","og_description":"\u0130ran Urumiye Ba\u015fkonsoloslu\u011fu \u0130leti\u015fim Bilgileri Telefon Numaras\u0131 Mail Adresi Bilgileri \u0130\u00e7erir. \u0130ran Vize Dan\u0131\u015fman\u0131 \u0130\u00e7in Hemen Aray\u0131n.","og_url":"https:\/\/myvize.com.tr\/iran\/konsolosluklar\/urumiye-baskonsoloslugu\/","og_site_name":"\u0130ran Vizesi","article_modified_time":"2022-01-11T11:47:56+00:00","twitter_card":"summary_large_image","twitter_misc":{"Tahmini okuma s\u00fcresi":"1 dakika"},"schema":{"@context":"https:\/\/schema.org","@graph":[{"@type":"WebPage","@id":"https:\/\/myvize.com.tr\/iran\/konsolosluklar\/urumiye-baskonsoloslugu\/","url":"https:\/\/myvize.com.tr\/iran\/konsolosluklar\/urumiye-baskonsoloslugu\/","name":"\u0130ran Urumiye Ba\u015fkonsoloslu\u011fu Vize \u0130\u015flemleri - MyVize","isPartOf":{"@id":"https:\/\/myvize.com.tr\/iran\/#website"},"datePublished":"2021-01-21T15:18:33+00:00","dateModified":"2022-01-11T11:47:56+00:00","description":"\u0130ran Urumiye Ba\u015fkonsoloslu\u011fu \u0130leti\u015fim Bilgileri Telefon Numaras\u0131 Mail Adresi Bilgileri \u0130\u00e7erir. \u0130ran Vize Dan\u0131\u015fman\u0131 \u0130\u00e7in Hemen Aray\u0131n.","breadcrumb":{"@id":"https:\/\/myvize.com.tr\/iran\/konsolosluklar\/urumiye-baskonsoloslugu\/#breadcrumb"},"inLanguage":"tr","potentialAction":[{"@type":"ReadAction","target":["https:\/\/myvize.com.tr\/iran\/konsolosluklar\/urumiye-baskonsoloslugu\/"]}]},{"@type":"BreadcrumbList","@id":"https:\/\/myvize.com.tr\/iran\/konsolosluklar\/urumiye-baskonsoloslugu\/#breadcrumb","itemListElement":[{"@type":"ListItem","position":1,"name":"Anasayfa","item":"https:\/\/myvize.com.tr\/iran\/"},{"@type":"ListItem","position":2,"name":"KONSOLOSLUKLAR","item":"https:\/\/myvize.com.tr\/iran\/konsolosluklar\/"},{"@type":"ListItem","position":3,"name":"\u0130ran Urumiye Ba\u015fkonsoloslu\u011fu"}]},{"@type":"WebSite","@id":"https:\/\/myvize.com.tr\/iran\/#website","url":"https:\/\/myvize.com.tr\/iran\/","name":"\u0130ran Vizesi","description":"","potentialAction":[{"@type":"SearchAction","target":{"@type":"EntryPoint","urlTemplate":"https:\/\/myvize.com.tr\/iran\/?s={search_term_string}"},"query-input":{"@type":"PropertyValueSpecification","valueRequired":true,"valueName":"search_term_string"}}],"inLanguage":"tr"}]}},"_links":{"self":[{"href":"https:\/\/myvize.com.tr\/iran\/wp-json\/wp\/v2\/pages\/311","targetHints":{"allow":["GET"]}}],"collection":[{"href":"https:\/\/myvize.com.tr\/iran\/wp-json\/wp\/v2\/pages"}],"about":[{"href":"https:\/\/myvize.com.tr\/iran\/wp-json\/wp\/v2\/types\/page"}],"author":[{"embeddable":true,"href":"https:\/\/myvize.com.tr\/iran\/wp-json\/wp\/v2\/users\/1"}],"replies":[{"embeddable":true,"href":"https:\/\/myvize.com.tr\/iran\/wp-json\/wp\/v2\/comments?post=311"}],"version-history":[{"count":2,"href":"https:\/\/myvize.com.tr\/iran\/wp-json\/wp\/v2\/pages\/311\/revisions"}],"predecessor-version":[{"id":383,"href":"https:\/\/myvize.com.tr\/iran\/wp-json\/wp\/v2\/pages\/311\/revisions\/383"}],"up":[{"embeddable":true,"href":"https:\/\/myvize.com.tr\/iran\/wp-json\/wp\/v2\/pages\/69"}],"wp:attachment":[{"href":"https:\/\/myvize.com.tr\/iran\/wp-json\/wp\/v2\/media?parent=311"}],"curies":[{"name":"wp","href":"https:\/\/api.w.org\/{rel}","templated":true}]}}