{"id":164,"date":"2021-01-15T16:15:41","date_gmt":"2021-01-15T13:15:41","guid":{"rendered":"https:\/\/myvize.com.tr\/guneysudan\/?page_id=164"},"modified":"2022-01-11T17:21:53","modified_gmt":"2022-01-11T14:21:53","slug":"kayseri","status":"publish","type":"page","link":"https:\/\/myvize.com.tr\/guneysudan\/subelerimiz\/kayseri\/","title":{"rendered":"G\u00fcney Sudan Vizesi , Kayseri"},"content":{"rendered":"\n<h2><strong>G\u00fcney Sudan Vize Ba\u015fvuru Merkezi, Kayseri<\/strong><\/h2>\n","protected":false},"excerpt":{"rendered":"<p>G\u00fcney Sudan Vize Ba\u015fvuru Merkezi, Kayseri<\/p>\n","protected":false},"author":1,"featured_media":0,"parent":147,"menu_order":0,"comment_status":"closed","ping_status":"closed","template":"","meta":[],"yoast_head":"<!-- This site is optimized with the Yoast SEO plugin v15.6.2 - https:\/\/yoast.com\/wordpress\/plugins\/seo\/ -->\n<title>G\u00fcney Sudan Vize Ba\u015fvuru \u015eubesi Kayseri - MyVize<\/title>\n<meta name=\"description\" content=\"G\u00fcney Sudan Vizesi Kayseri Vize Ba\u015fvuru Merkezi. G\u00fcney Sudan Vizesi Nas\u0131l Al\u0131n\u0131r? Ba\u015fvuru \u0130\u00e7in Kayseri \u015eubemizi Aray\u0131n: 0850 346 84 93\" \/>\n<meta name=\"robots\" content=\"index, follow, max-snippet:-1, max-image-preview:large, max-video-preview:-1\" \/>\n<link rel=\"canonical\" href=\"https:\/\/myvize.com.tr\/guneysudan\/subelerimiz\/kayseri\/\" \/>\n<meta property=\"og:locale\" content=\"tr_TR\" \/>\n<meta property=\"og:type\" content=\"article\" \/>\n<meta property=\"og:title\" content=\"G\u00fcney Sudan Vize Ba\u015fvuru \u015eubesi Kayseri - MyVize\" \/>\n<meta property=\"og:description\" content=\"G\u00fcney Sudan Vizesi Kayseri Vize Ba\u015fvuru Merkezi. G\u00fcney Sudan Vizesi Nas\u0131l Al\u0131n\u0131r? Ba\u015fvuru \u0130\u00e7in Kayseri \u015eubemizi Aray\u0131n: 0850 346 84 93\" \/>\n<meta property=\"og:url\" content=\"https:\/\/myvize.com.tr\/guneysudan\/subelerimiz\/kayseri\/\" \/>\n<meta property=\"og:site_name\" content=\"Guney Sudan Vizesi\" \/>\n<meta property=\"article:modified_time\" content=\"2022-01-11T14:21:53+00:00\" \/>\n<meta name=\"twitter:card\" content=\"summary_large_image\" \/>\n<meta name=\"twitter:label1\" content=\"Tahmini okuma s\u00fcresi\">\n\t<meta name=\"twitter:data1\" content=\"1 dakika\">\n<script type=\"application\/ld+json\" class=\"yoast-schema-graph\">{\"@context\":\"https:\/\/schema.org\",\"@graph\":[{\"@type\":\"WebSite\",\"@id\":\"https:\/\/myvize.com.tr\/guneysudan\/#website\",\"url\":\"https:\/\/myvize.com.tr\/guneysudan\/\",\"name\":\"Guney Sudan Vizesi\",\"description\":\"\",\"potentialAction\":[{\"@type\":\"SearchAction\",\"target\":\"https:\/\/myvize.com.tr\/guneysudan\/?s={search_term_string}\",\"query-input\":\"required name=search_term_string\"}],\"inLanguage\":\"tr\"},{\"@type\":\"WebPage\",\"@id\":\"https:\/\/myvize.com.tr\/guneysudan\/subelerimiz\/kayseri\/#webpage\",\"url\":\"https:\/\/myvize.com.tr\/guneysudan\/subelerimiz\/kayseri\/\",\"name\":\"G\\u00fcney Sudan Vize Ba\\u015fvuru \\u015eubesi Kayseri - MyVize\",\"isPartOf\":{\"@id\":\"https:\/\/myvize.com.tr\/guneysudan\/#website\"},\"datePublished\":\"2021-01-15T13:15:41+00:00\",\"dateModified\":\"2022-01-11T14:21:53+00:00\",\"description\":\"G\\u00fcney Sudan Vizesi Kayseri Vize Ba\\u015fvuru Merkezi. G\\u00fcney Sudan Vizesi Nas\\u0131l Al\\u0131n\\u0131r? Ba\\u015fvuru \\u0130\\u00e7in Kayseri \\u015eubemizi Aray\\u0131n: 0850 346 84 93\",\"inLanguage\":\"tr\",\"potentialAction\":[{\"@type\":\"ReadAction\",\"target\":[\"https:\/\/myvize.com.tr\/guneysudan\/subelerimiz\/kayseri\/\"]}]}]}<\/script>\n<!-- \/ Yoast SEO plugin. -->","_links":{"self":[{"href":"https:\/\/myvize.com.tr\/guneysudan\/wp-json\/wp\/v2\/pages\/164"}],"collection":[{"href":"https:\/\/myvize.com.tr\/guneysudan\/wp-json\/wp\/v2\/pages"}],"about":[{"href":"https:\/\/myvize.com.tr\/guneysudan\/wp-json\/wp\/v2\/types\/page"}],"author":[{"embeddable":true,"href":"https:\/\/myvize.com.tr\/guneysudan\/wp-json\/wp\/v2\/users\/1"}],"replies":[{"embeddable":true,"href":"https:\/\/myvize.com.tr\/guneysudan\/wp-json\/wp\/v2\/comments?post=164"}],"version-history":[{"count":5,"href":"https:\/\/myvize.com.tr\/guneysudan\/wp-json\/wp\/v2\/pages\/164\/revisions"}],"predecessor-version":[{"id":429,"href":"https:\/\/myvize.com.tr\/guneysudan\/wp-json\/wp\/v2\/pages\/164\/revisions\/429"}],"up":[{"embeddable":true,"href":"https:\/\/myvize.com.tr\/guneysudan\/wp-json\/wp\/v2\/pages\/147"}],"wp:attachment":[{"href":"https:\/\/myvize.com.tr\/guneysudan\/wp-json\/wp\/v2\/media?parent=164"}],"curies":[{"name":"wp","href":"https:\/\/api.w.org\/{rel}","templated":true}]}}