{"id":141,"date":"2021-01-15T16:03:15","date_gmt":"2021-01-15T13:03:15","guid":{"rendered":"https:\/\/myvize.com.tr\/guneysudan\/?page_id=141"},"modified":"2022-01-11T17:20:42","modified_gmt":"2022-01-11T14:20:42","slug":"vatandaslik","status":"publish","type":"page","link":"https:\/\/myvize.com.tr\/guneysudan\/vatandaslik\/","title":{"rendered":"VATANDA\u015eLIK"},"content":{"rendered":"\n<h2><strong>G\u00fcney Sudan Vatanda\u015fl\u0131k \u0130\u015flemleri<\/strong><\/h2>\n","protected":false},"excerpt":{"rendered":"<p>G\u00fcney Sudan Vatanda\u015fl\u0131k \u0130\u015flemleri<\/p>\n","protected":false},"author":1,"featured_media":0,"parent":0,"menu_order":0,"comment_status":"closed","ping_status":"closed","template":"","meta":[],"yoast_head":"<!-- This site is optimized with the Yoast SEO plugin v15.6.2 - https:\/\/yoast.com\/wordpress\/plugins\/seo\/ -->\n<title>G\u00fcney Sudan Vatanda\u015fl\u0131k \u0130\u015flemleri - G\u00fcney Sudan Vize- MyVize<\/title>\n<meta name=\"description\" content=\"G\u00fcney Sudan Vatanda\u015fl\u0131k \u0130\u015flemleri Nelerdir? G\u00fcney Sudan Vatanda\u015fl\u0131k \u0130\u015flemleri Nas\u0131l Yap\u0131l\u0131r? G\u00fcney Sudan Vatanda\u015fl\u0131k \u015eartlar\u0131 Nelerdir?\" \/>\n<meta name=\"robots\" content=\"index, follow, max-snippet:-1, max-image-preview:large, max-video-preview:-1\" \/>\n<link rel=\"canonical\" href=\"https:\/\/myvize.com.tr\/guneysudan\/vatandaslik\/\" \/>\n<meta property=\"og:locale\" content=\"tr_TR\" \/>\n<meta property=\"og:type\" content=\"article\" \/>\n<meta property=\"og:title\" content=\"G\u00fcney Sudan Vatanda\u015fl\u0131k \u0130\u015flemleri - G\u00fcney Sudan Vize- MyVize\" \/>\n<meta property=\"og:description\" content=\"G\u00fcney Sudan Vatanda\u015fl\u0131k \u0130\u015flemleri Nelerdir? G\u00fcney Sudan Vatanda\u015fl\u0131k \u0130\u015flemleri Nas\u0131l Yap\u0131l\u0131r? G\u00fcney Sudan Vatanda\u015fl\u0131k \u015eartlar\u0131 Nelerdir?\" \/>\n<meta property=\"og:url\" content=\"https:\/\/myvize.com.tr\/guneysudan\/vatandaslik\/\" \/>\n<meta property=\"og:site_name\" content=\"Guney Sudan Vizesi\" \/>\n<meta property=\"article:modified_time\" content=\"2022-01-11T14:20:42+00:00\" \/>\n<meta name=\"twitter:card\" content=\"summary_large_image\" \/>\n<meta name=\"twitter:label1\" content=\"Tahmini okuma s\u00fcresi\">\n\t<meta name=\"twitter:data1\" content=\"1 dakika\">\n<script type=\"application\/ld+json\" class=\"yoast-schema-graph\">{\"@context\":\"https:\/\/schema.org\",\"@graph\":[{\"@type\":\"WebSite\",\"@id\":\"https:\/\/myvize.com.tr\/guneysudan\/#website\",\"url\":\"https:\/\/myvize.com.tr\/guneysudan\/\",\"name\":\"Guney Sudan Vizesi\",\"description\":\"\",\"potentialAction\":[{\"@type\":\"SearchAction\",\"target\":\"https:\/\/myvize.com.tr\/guneysudan\/?s={search_term_string}\",\"query-input\":\"required name=search_term_string\"}],\"inLanguage\":\"tr\"},{\"@type\":\"WebPage\",\"@id\":\"https:\/\/myvize.com.tr\/guneysudan\/vatandaslik\/#webpage\",\"url\":\"https:\/\/myvize.com.tr\/guneysudan\/vatandaslik\/\",\"name\":\"G\\u00fcney Sudan Vatanda\\u015fl\\u0131k \\u0130\\u015flemleri - G\\u00fcney Sudan Vize- MyVize\",\"isPartOf\":{\"@id\":\"https:\/\/myvize.com.tr\/guneysudan\/#website\"},\"datePublished\":\"2021-01-15T13:03:15+00:00\",\"dateModified\":\"2022-01-11T14:20:42+00:00\",\"description\":\"G\\u00fcney Sudan Vatanda\\u015fl\\u0131k \\u0130\\u015flemleri Nelerdir? G\\u00fcney Sudan Vatanda\\u015fl\\u0131k \\u0130\\u015flemleri Nas\\u0131l Yap\\u0131l\\u0131r? G\\u00fcney Sudan Vatanda\\u015fl\\u0131k \\u015eartlar\\u0131 Nelerdir?\",\"inLanguage\":\"tr\",\"potentialAction\":[{\"@type\":\"ReadAction\",\"target\":[\"https:\/\/myvize.com.tr\/guneysudan\/vatandaslik\/\"]}]}]}<\/script>\n<!-- \/ Yoast SEO plugin. -->","_links":{"self":[{"href":"https:\/\/myvize.com.tr\/guneysudan\/wp-json\/wp\/v2\/pages\/141"}],"collection":[{"href":"https:\/\/myvize.com.tr\/guneysudan\/wp-json\/wp\/v2\/pages"}],"about":[{"href":"https:\/\/myvize.com.tr\/guneysudan\/wp-json\/wp\/v2\/types\/page"}],"author":[{"embeddable":true,"href":"https:\/\/myvize.com.tr\/guneysudan\/wp-json\/wp\/v2\/users\/1"}],"replies":[{"embeddable":true,"href":"https:\/\/myvize.com.tr\/guneysudan\/wp-json\/wp\/v2\/comments?post=141"}],"version-history":[{"count":3,"href":"https:\/\/myvize.com.tr\/guneysudan\/wp-json\/wp\/v2\/pages\/141\/revisions"}],"predecessor-version":[{"id":403,"href":"https:\/\/myvize.com.tr\/guneysudan\/wp-json\/wp\/v2\/pages\/141\/revisions\/403"}],"wp:attachment":[{"href":"https:\/\/myvize.com.tr\/guneysudan\/wp-json\/wp\/v2\/media?parent=141"}],"curies":[{"name":"wp","href":"https:\/\/api.w.org\/{rel}","templated":true}]}}