{"id":94,"date":"2020-11-30T13:07:41","date_gmt":"2020-11-30T10:07:41","guid":{"rendered":"https:\/\/myvize.com.tr\/gine\/?page_id=94"},"modified":"2022-01-12T12:18:05","modified_gmt":"2022-01-12T09:18:05","slug":"baskonsolosluk-bolumleri","status":"publish","type":"page","link":"https:\/\/myvize.com.tr\/gine\/konsolosluklar\/baskonsolosluk-bolumleri\/","title":{"rendered":"Gine Ba\u015fkonsolosluk B\u00f6l\u00fcmleri"},"content":{"rendered":"<h2><strong><span style=\"font-size: 27px; font-family: Roboto;\">Gine Ba\u015fkonsolosluk B\u00f6l\u00fcmleri 2022<\/span><\/strong><\/h2>\n","protected":false},"excerpt":{"rendered":"<p>Gine Ba\u015fkonsolosluk B\u00f6l\u00fcmleri 2022<\/p>\n","protected":false},"author":1,"featured_media":0,"parent":69,"menu_order":0,"comment_status":"closed","ping_status":"closed","template":"","meta":{"footnotes":""},"class_list":["post-94","page","type-page","status-publish","hentry"],"yoast_head":"<!-- This site is optimized with the Yoast SEO plugin v26.8 - https:\/\/yoast.com\/product\/yoast-seo-wordpress\/ -->\n<title>Gine Ba\u015fkonsolosluk B\u00f6l\u00fcmleri - Gine Vizesi - MyVize<\/title>\n<meta name=\"description\" content=\"Gine Ba\u015fkonsolosluk B\u00f6l\u00fcmleri Nelerdir? Gine Ba\u015fkonsolosluk B\u00f6l\u00fcmleri 2022 G\u00fcncel Bilgileri Neler? Bilgi \u0130\u00e7in Hemen Aray\u0131n: 0850 346 84 93\" \/>\n<meta name=\"robots\" content=\"index, follow, max-snippet:-1, max-image-preview:large, max-video-preview:-1\" \/>\n<link rel=\"canonical\" href=\"https:\/\/myvize.com.tr\/gine\/konsolosluklar\/baskonsolosluk-bolumleri\/\" \/>\n<meta property=\"og:locale\" content=\"tr_TR\" \/>\n<meta property=\"og:type\" content=\"article\" \/>\n<meta property=\"og:title\" content=\"Gine Ba\u015fkonsolosluk B\u00f6l\u00fcmleri - Gine Vizesi - MyVize\" \/>\n<meta property=\"og:description\" content=\"Gine Ba\u015fkonsolosluk B\u00f6l\u00fcmleri Nelerdir? Gine Ba\u015fkonsolosluk B\u00f6l\u00fcmleri 2022 G\u00fcncel Bilgileri Neler? Bilgi \u0130\u00e7in Hemen Aray\u0131n: 0850 346 84 93\" \/>\n<meta property=\"og:url\" content=\"https:\/\/myvize.com.tr\/gine\/konsolosluklar\/baskonsolosluk-bolumleri\/\" \/>\n<meta property=\"og:site_name\" content=\"Gine Vizesi\" \/>\n<meta property=\"article:modified_time\" content=\"2022-01-12T09:18:05+00:00\" \/>\n<meta name=\"twitter:card\" content=\"summary_large_image\" \/>\n<meta name=\"twitter:label1\" content=\"Tahmini okuma s\u00fcresi\" \/>\n\t<meta name=\"twitter:data1\" content=\"1 dakika\" \/>\n<script type=\"application\/ld+json\" class=\"yoast-schema-graph\">{\"@context\":\"https:\/\/schema.org\",\"@graph\":[{\"@type\":\"WebPage\",\"@id\":\"https:\/\/myvize.com.tr\/gine\/konsolosluklar\/baskonsolosluk-bolumleri\/\",\"url\":\"https:\/\/myvize.com.tr\/gine\/konsolosluklar\/baskonsolosluk-bolumleri\/\",\"name\":\"Gine Ba\u015fkonsolosluk B\u00f6l\u00fcmleri - Gine Vizesi - MyVize\",\"isPartOf\":{\"@id\":\"https:\/\/myvize.com.tr\/gine\/#website\"},\"datePublished\":\"2020-11-30T10:07:41+00:00\",\"dateModified\":\"2022-01-12T09:18:05+00:00\",\"description\":\"Gine Ba\u015fkonsolosluk B\u00f6l\u00fcmleri Nelerdir? Gine Ba\u015fkonsolosluk B\u00f6l\u00fcmleri 2022 G\u00fcncel Bilgileri Neler? Bilgi \u0130\u00e7in Hemen Aray\u0131n: 0850 346 84 93\",\"breadcrumb\":{\"@id\":\"https:\/\/myvize.com.tr\/gine\/konsolosluklar\/baskonsolosluk-bolumleri\/#breadcrumb\"},\"inLanguage\":\"tr\",\"potentialAction\":[{\"@type\":\"ReadAction\",\"target\":[\"https:\/\/myvize.com.tr\/gine\/konsolosluklar\/baskonsolosluk-bolumleri\/\"]}]},{\"@type\":\"BreadcrumbList\",\"@id\":\"https:\/\/myvize.com.tr\/gine\/konsolosluklar\/baskonsolosluk-bolumleri\/#breadcrumb\",\"itemListElement\":[{\"@type\":\"ListItem\",\"position\":1,\"name\":\"Anasayfa\",\"item\":\"https:\/\/myvize.com.tr\/gine\/\"},{\"@type\":\"ListItem\",\"position\":2,\"name\":\"KONSOLOSLUKLAR\",\"item\":\"https:\/\/myvize.com.tr\/gine\/konsolosluklar\/\"},{\"@type\":\"ListItem\",\"position\":3,\"name\":\"Gine Ba\u015fkonsolosluk B\u00f6l\u00fcmleri\"}]},{\"@type\":\"WebSite\",\"@id\":\"https:\/\/myvize.com.tr\/gine\/#website\",\"url\":\"https:\/\/myvize.com.tr\/gine\/\",\"name\":\"Gine Vizesi\",\"description\":\"\",\"potentialAction\":[{\"@type\":\"SearchAction\",\"target\":{\"@type\":\"EntryPoint\",\"urlTemplate\":\"https:\/\/myvize.com.tr\/gine\/?s={search_term_string}\"},\"query-input\":{\"@type\":\"PropertyValueSpecification\",\"valueRequired\":true,\"valueName\":\"search_term_string\"}}],\"inLanguage\":\"tr\"}]}<\/script>\n<!-- \/ Yoast SEO plugin. -->","yoast_head_json":{"title":"Gine Ba\u015fkonsolosluk B\u00f6l\u00fcmleri - Gine Vizesi - MyVize","description":"Gine Ba\u015fkonsolosluk B\u00f6l\u00fcmleri Nelerdir? Gine Ba\u015fkonsolosluk B\u00f6l\u00fcmleri 2022 G\u00fcncel Bilgileri Neler? Bilgi \u0130\u00e7in Hemen Aray\u0131n: 0850 346 84 93","robots":{"index":"index","follow":"follow","max-snippet":"max-snippet:-1","max-image-preview":"max-image-preview:large","max-video-preview":"max-video-preview:-1"},"canonical":"https:\/\/myvize.com.tr\/gine\/konsolosluklar\/baskonsolosluk-bolumleri\/","og_locale":"tr_TR","og_type":"article","og_title":"Gine Ba\u015fkonsolosluk B\u00f6l\u00fcmleri - Gine Vizesi - MyVize","og_description":"Gine Ba\u015fkonsolosluk B\u00f6l\u00fcmleri Nelerdir? Gine Ba\u015fkonsolosluk B\u00f6l\u00fcmleri 2022 G\u00fcncel Bilgileri Neler? Bilgi \u0130\u00e7in Hemen Aray\u0131n: 0850 346 84 93","og_url":"https:\/\/myvize.com.tr\/gine\/konsolosluklar\/baskonsolosluk-bolumleri\/","og_site_name":"Gine Vizesi","article_modified_time":"2022-01-12T09:18:05+00:00","twitter_card":"summary_large_image","twitter_misc":{"Tahmini okuma s\u00fcresi":"1 dakika"},"schema":{"@context":"https:\/\/schema.org","@graph":[{"@type":"WebPage","@id":"https:\/\/myvize.com.tr\/gine\/konsolosluklar\/baskonsolosluk-bolumleri\/","url":"https:\/\/myvize.com.tr\/gine\/konsolosluklar\/baskonsolosluk-bolumleri\/","name":"Gine Ba\u015fkonsolosluk B\u00f6l\u00fcmleri - Gine Vizesi - MyVize","isPartOf":{"@id":"https:\/\/myvize.com.tr\/gine\/#website"},"datePublished":"2020-11-30T10:07:41+00:00","dateModified":"2022-01-12T09:18:05+00:00","description":"Gine Ba\u015fkonsolosluk B\u00f6l\u00fcmleri Nelerdir? Gine Ba\u015fkonsolosluk B\u00f6l\u00fcmleri 2022 G\u00fcncel Bilgileri Neler? Bilgi \u0130\u00e7in Hemen Aray\u0131n: 0850 346 84 93","breadcrumb":{"@id":"https:\/\/myvize.com.tr\/gine\/konsolosluklar\/baskonsolosluk-bolumleri\/#breadcrumb"},"inLanguage":"tr","potentialAction":[{"@type":"ReadAction","target":["https:\/\/myvize.com.tr\/gine\/konsolosluklar\/baskonsolosluk-bolumleri\/"]}]},{"@type":"BreadcrumbList","@id":"https:\/\/myvize.com.tr\/gine\/konsolosluklar\/baskonsolosluk-bolumleri\/#breadcrumb","itemListElement":[{"@type":"ListItem","position":1,"name":"Anasayfa","item":"https:\/\/myvize.com.tr\/gine\/"},{"@type":"ListItem","position":2,"name":"KONSOLOSLUKLAR","item":"https:\/\/myvize.com.tr\/gine\/konsolosluklar\/"},{"@type":"ListItem","position":3,"name":"Gine Ba\u015fkonsolosluk B\u00f6l\u00fcmleri"}]},{"@type":"WebSite","@id":"https:\/\/myvize.com.tr\/gine\/#website","url":"https:\/\/myvize.com.tr\/gine\/","name":"Gine Vizesi","description":"","potentialAction":[{"@type":"SearchAction","target":{"@type":"EntryPoint","urlTemplate":"https:\/\/myvize.com.tr\/gine\/?s={search_term_string}"},"query-input":{"@type":"PropertyValueSpecification","valueRequired":true,"valueName":"search_term_string"}}],"inLanguage":"tr"}]}},"_links":{"self":[{"href":"https:\/\/myvize.com.tr\/gine\/wp-json\/wp\/v2\/pages\/94","targetHints":{"allow":["GET"]}}],"collection":[{"href":"https:\/\/myvize.com.tr\/gine\/wp-json\/wp\/v2\/pages"}],"about":[{"href":"https:\/\/myvize.com.tr\/gine\/wp-json\/wp\/v2\/types\/page"}],"author":[{"embeddable":true,"href":"https:\/\/myvize.com.tr\/gine\/wp-json\/wp\/v2\/users\/1"}],"replies":[{"embeddable":true,"href":"https:\/\/myvize.com.tr\/gine\/wp-json\/wp\/v2\/comments?post=94"}],"version-history":[{"count":4,"href":"https:\/\/myvize.com.tr\/gine\/wp-json\/wp\/v2\/pages\/94\/revisions"}],"predecessor-version":[{"id":490,"href":"https:\/\/myvize.com.tr\/gine\/wp-json\/wp\/v2\/pages\/94\/revisions\/490"}],"up":[{"embeddable":true,"href":"https:\/\/myvize.com.tr\/gine\/wp-json\/wp\/v2\/pages\/69"}],"wp:attachment":[{"href":"https:\/\/myvize.com.tr\/gine\/wp-json\/wp\/v2\/media?parent=94"}],"curies":[{"name":"wp","href":"https:\/\/api.w.org\/{rel}","templated":true}]}}