{"id":90,"date":"2020-11-30T13:06:29","date_gmt":"2020-11-30T10:06:29","guid":{"rendered":"https:\/\/myvize.com.tr\/gine\/?page_id=90"},"modified":"2022-05-24T12:09:30","modified_gmt":"2022-05-24T09:09:30","slug":"gaziantep-fahri-konsoloslugu","status":"publish","type":"page","link":"https:\/\/myvize.com.tr\/gine\/konsolosluklar\/gaziantep-fahri-konsoloslugu\/","title":{"rendered":"Gine Gaziantep Konsoloslu\u011fu"},"content":{"rendered":"<h2><strong><span style=\"font-family: Roboto; font-size: 27px;\">Gine Gaziantep Konsolosu Kimdir?<\/span><\/strong><\/h2>\n<p><span style=\"font-family: Roboto; font-size: 14px;\">Melikgazi Gaziantep\u2019te bulunan <\/span><span style=\"font-family: Roboto; font-size: 14px;\"><strong>Gine Gaziantep konsoloslu\u011fu<\/strong> \u00fczerinden verilen hizmetleri incelemenize olanak verilecektir. Buna g\u00f6re diplomatik anlamda yetkisi bulunmayan temsilcilik ile vize ba\u015fvurular\u0131n\u0131n de\u011ferlendirilmesi m\u00fcmk\u00fcn olmayacakt\u0131r. <strong>Gine Gaziantep Konsolosu kimdir?<\/strong>\u00a0G\u00f6rev ve yetkileri nelerdir? Gibi pek \u00e7ok sorunun yan\u0131t\u0131n\u0131 almaya ba\u015flayabileceksiniz. Yetki alanlar\u0131 i\u00e7erisinde bulunan illerden yapaca\u011f\u0131n\u0131z ba\u015fvurular sayesinde evlilik, bo\u015fanma, belge onay\u0131 gibi pek \u00e7ok i\u015flemi ger\u00e7ekle\u015ftirebileceksiniz. Vize ba\u015fvurular\u0131nda ise de\u011ferlendirme yetkisi konsolosluk veya b\u00fcy\u00fckel\u00e7ilik makam\u0131nda olacakt\u0131r. Sizler de Ad\u0131yaman, Kilis, \u015eanl\u0131urfa veya Osmaniye illeri ile Gaziantep\u2019ten yapaca\u011f\u0131n\u0131z ba\u015fvurular\u0131n detaylar\u0131n\u0131 \u00f6\u011frenebilmek ad\u0131na hemen bizleri ziyaret edebilirsiniz. Bu sayede as\u0131l amac\u0131 Gine ekonomisini veya ticaretini kontrol etmek olan mercinin yeni i\u015fbirli\u011fi aray\u0131\u015flar\u0131n\u0131 da ba\u015far\u0131yla tamamlayaca\u011f\u0131n\u0131 g\u00f6rebileceksiniz.<\/span><\/p>\n<h2><strong><span style=\"font-family: Roboto; font-size: 27px;\">Gine Gaziantep Konsoloslu\u011fu Vize \u0130\u015flemleri<\/span><\/strong><\/h2>\n<p><span style=\"font-family: Roboto; font-size: 14px;\">Gaziantep ve \u00e7evresindeki illerimizde ya\u015fayan vatanda\u015flar\u0131m\u0131z\u0131n veya oturum izni bulunan \u00fc\u00e7\u00fcnc\u00fc \u00fclke vatanda\u015flar\u0131n\u0131n Gine ticari ile ilgilenen <strong>Gine<\/strong>\u00a0<strong>Gaziantep Konsoloslu\u011fu vize i\u015flemleri<\/strong>\u00a0hakk\u0131nda kapsaml\u0131 bilgileri vermektedir. Bu sayede Gine k\u00fclt\u00fcr\u00fcn\u00fc daha canl\u0131 tutmaya \u00e7al\u0131\u015fan bir merci ile tan\u0131\u015faca\u011f\u0131n\u0131z\u0131n alt\u0131n\u0131 \u00e7izmekteyiz. Diplomatik bir yetkiye sahip olmamas\u0131na kar\u015f\u0131n acil durumlar da ise belge onaylar\u0131n\u0131 ger\u00e7ekle\u015ftirmektedir. Vize i\u015flemleri ile ilgili hizmet vermeyen bu merciyi arayarak detayl\u0131 bilgileri elde edebilirsiniz. T\u00fcrkiye\u2019deki veya<strong> Gine\u2019deki resmi tatiller<\/strong> d\u0131\u015f\u0131nda \u00e7al\u0131\u015fan bu kurumun mesai saatlerini dikkate alarak ba\u015fvurular\u0131n\u0131z\u0131 ger\u00e7ekle\u015ftirebilirsiniz. Fahri Konsolosluklar sayesinde evraklar\u0131n\u0131z\u0131 en do\u011fru \u015fekilde haz\u0131rlayaca\u011f\u0131n\u0131z\u0131 ve sunaca\u011f\u0131n\u0131z\u0131 belirtmekteyiz. \u00c7ok detayl\u0131 bilgileri elde edebilmek i\u00e7in hemen ekiplerimizle ileti\u015fime ge\u00e7ebilece\u011finizi aktarmaktay\u0131z.<\/span><\/p>\n<h2><strong><span style=\"font-family: Roboto; font-size: 27px;\">Gine Gaziantep Konsoloslu\u011fu Vize Ba\u015fvurusu<\/span><\/strong><\/h2>\n<p><span style=\"font-family: Roboto; font-size: 14px;\">Yetkilendirilmi\u015f ofislerimize ait bilgileri elde etmek ve online olarak vize ba\u015fvurusunda bulunmak i\u00e7in resmi sitemizi ziyaret edebilirsiniz. Ayr\u0131ca Gine Konsoloslu\u011fu\u2019na ait resmi site \u00fczerinden de bu geli\u015fmeleri takip edebilirsiniz. Online olarak vize ba\u015fvurusunda bulunmak ve formlar\u0131 bilgisayarl\u0131 ortamlarda eksiksiz \u015fekilde haz\u0131rlayabilmek i\u00e7in t\u00fcm detaylar\u0131 bizlerden \u00f6\u011frenebilirsiniz. Kolay, h\u0131zl\u0131 ve sorunsuz \u015fekilde ba\u015fvuruda bulunman\u0131za olanak veren adreslerimiz vize t\u00fcr\u00fcne g\u00f6re haz\u0131rlayaca\u011f\u0131n\u0131z evraklar\u0131 aktarmaktad\u0131r.\u00a0<strong>Gine Gaziantep Konsoloslu\u011fu vize ba\u015fvurusu<\/strong>\u00a0a\u015famalar\u0131n\u0131 \u00f6\u011frenmek ve destekleri almak i\u00e7in harekete ge\u00e7ebilirsiniz. Transit, ticari, turistik, \u015fof\u00f6r vizesi veya di\u011fer vize t\u00fcrleri hakk\u0131nda kapsaml\u0131 bilgileri alabilirsiniz. Ba\u015fvurunuzun aksat\u0131lmamas\u0131 i\u00e7in en uygun ve erken tarihlerde randevular\u0131 olu\u015fturacak olan adreslerimize ba\u015fvurmu\u015f olacaks\u0131n\u0131z. G\u00fcven veren ad\u0131mlar\u0131 ataca\u011f\u0131n\u0131z ofislerimizin vize ba\u015fvurular\u0131nda yetkilendirilmi\u015f oldu\u011funu vurguluyoruz.<\/span><\/p>\n<h2><strong><span style=\"font-family: Roboto; font-size: 27px;\">Gine Gaziantep Konsoloslu\u011fu Vize Randevusu<\/span><\/strong><\/h2>\n<p><span style=\"font-family: Roboto; font-size: 14px;\">Vize ba\u015fvurular\u0131ndan \u00f6nce mutlaka randevu al\u0131nmas\u0131 gerekmektedir. Konsolosluk veya B\u00fcy\u00fckel\u00e7ilik arac\u0131l\u0131\u011f\u0131yla de\u011ferlendirilecek evraklar\u0131n\u0131z\u0131n ibraz\u0131 i\u00e7in \u015fahsen bulunman\u0131z\u0131n zorunlu olmad\u0131\u011f\u0131 durumlarda ekiplerimizin ad\u0131m ataca\u011f\u0131n\u0131 belirtmekteyiz.\u00a0<strong>Gine Gaziantep Konsoloslu\u011fu vize randevusu<\/strong>\u00a0i\u00e7in internet \u00fczerinden veya telefonlar arac\u0131l\u0131\u011f\u0131yla bilgi alabilece\u011finizin alt\u0131n\u0131 \u00e7izmekteyiz. Profesyonel destekleri almak ve ge\u00e7 kalmadan sonu\u00e7lara ula\u015fmak i\u00e7in do\u011fru bir adreste oldu\u011funuzu belirtiyoruz. Gine seyahatlerine \u00e7\u0131kmadan \u00f6nce seyahat ama\u00e7lar\u0131n\u0131z\u0131 de\u011ferlendirecek olan ekiplerimizle birlikte hareket edebileceksiniz. Diplomatik pasaport sahiplerinin 90 g\u00fcn\u00fc a\u015fmayacak s\u00fcrelerde vize muafiyeti bulunurken, di\u011fer pasaport sahipleri ise Gine seyahatlerinde vize ve randevu almak zorundad\u0131r. Havaliman\u0131 veya g\u00fcmr\u00fcklerde vize uygulamas\u0131 bulunmayan bu \u00fclkeye giri\u015f yapmadan \u00f6nce alaca\u011f\u0131n\u0131z vizelerin seyahat ama\u00e7lar\u0131n\u0131za uygun evraklarla al\u0131nmas\u0131 zorunludur.<\/span><\/p>\n","protected":false},"excerpt":{"rendered":"<p>Gine Gaziantep Konsolosu Kimdir? Melikgazi Gaziantep\u2019te bulunan Gine Gaziantep konsoloslu\u011fu \u00fczerinden verilen hizmetleri incelemenize olanak verilecektir. Buna g\u00f6re diplomatik anlamda yetkisi bulunmayan temsilcilik ile vize ba\u015fvurular\u0131n\u0131n de\u011ferlendirilmesi m\u00fcmk\u00fcn olmayacakt\u0131r. Gine Gaziantep Konsolosu kimdir?\u00a0G\u00f6rev ve yetkileri nelerdir? Gibi pek \u00e7ok sorunun yan\u0131t\u0131n\u0131 almaya ba\u015flayabileceksiniz. Yetki alanlar\u0131 i\u00e7erisinde bulunan illerden yapaca\u011f\u0131n\u0131z ba\u015fvurular sayesinde evlilik, bo\u015fanma, belge onay\u0131<\/p>\n","protected":false},"author":1,"featured_media":0,"parent":69,"menu_order":0,"comment_status":"closed","ping_status":"closed","template":"","meta":{"footnotes":""},"class_list":["post-90","page","type-page","status-publish","hentry"],"yoast_head":"<!-- This site is optimized with the Yoast SEO plugin v26.8 - https:\/\/yoast.com\/product\/yoast-seo-wordpress\/ -->\n<title>Gine Gaziantep Fahri Konsoloslu\u011fu Vize \u0130\u015flemleri - MyVize<\/title>\n<meta name=\"description\" content=\"Gine Gaziantep Fahri Konsoloslu\u011fu Vize \u0130\u015flemleri Nelerdir? Gine Gaziantep Fahri Konsoloslu\u011fu Nerededir? Bilgi \u0130\u00e7in Aray\u0131n: 0850 346 84 93\" \/>\n<meta name=\"robots\" content=\"index, follow, max-snippet:-1, max-image-preview:large, max-video-preview:-1\" \/>\n<link rel=\"canonical\" href=\"https:\/\/myvize.com.tr\/gine\/konsolosluklar\/gaziantep-fahri-konsoloslugu\/\" \/>\n<meta property=\"og:locale\" content=\"tr_TR\" \/>\n<meta property=\"og:type\" content=\"article\" \/>\n<meta property=\"og:title\" content=\"Gine Gaziantep Fahri Konsoloslu\u011fu Vize \u0130\u015flemleri - MyVize\" \/>\n<meta property=\"og:description\" content=\"Gine Gaziantep Fahri Konsoloslu\u011fu Vize \u0130\u015flemleri Nelerdir? Gine Gaziantep Fahri Konsoloslu\u011fu Nerededir? Bilgi \u0130\u00e7in Aray\u0131n: 0850 346 84 93\" \/>\n<meta property=\"og:url\" content=\"https:\/\/myvize.com.tr\/gine\/konsolosluklar\/gaziantep-fahri-konsoloslugu\/\" \/>\n<meta property=\"og:site_name\" content=\"Gine Vizesi\" \/>\n<meta property=\"article:modified_time\" content=\"2022-05-24T09:09:30+00:00\" \/>\n<meta name=\"twitter:card\" content=\"summary_large_image\" \/>\n<meta name=\"twitter:label1\" content=\"Tahmini okuma s\u00fcresi\" \/>\n\t<meta name=\"twitter:data1\" content=\"3 dakika\" \/>\n<script type=\"application\/ld+json\" class=\"yoast-schema-graph\">{\"@context\":\"https:\/\/schema.org\",\"@graph\":[{\"@type\":\"WebPage\",\"@id\":\"https:\/\/myvize.com.tr\/gine\/konsolosluklar\/gaziantep-fahri-konsoloslugu\/\",\"url\":\"https:\/\/myvize.com.tr\/gine\/konsolosluklar\/gaziantep-fahri-konsoloslugu\/\",\"name\":\"Gine Gaziantep Fahri Konsoloslu\u011fu Vize \u0130\u015flemleri - MyVize\",\"isPartOf\":{\"@id\":\"https:\/\/myvize.com.tr\/gine\/#website\"},\"datePublished\":\"2020-11-30T10:06:29+00:00\",\"dateModified\":\"2022-05-24T09:09:30+00:00\",\"description\":\"Gine Gaziantep Fahri Konsoloslu\u011fu Vize \u0130\u015flemleri Nelerdir? Gine Gaziantep Fahri Konsoloslu\u011fu Nerededir? Bilgi \u0130\u00e7in Aray\u0131n: 0850 346 84 93\",\"breadcrumb\":{\"@id\":\"https:\/\/myvize.com.tr\/gine\/konsolosluklar\/gaziantep-fahri-konsoloslugu\/#breadcrumb\"},\"inLanguage\":\"tr\",\"potentialAction\":[{\"@type\":\"ReadAction\",\"target\":[\"https:\/\/myvize.com.tr\/gine\/konsolosluklar\/gaziantep-fahri-konsoloslugu\/\"]}]},{\"@type\":\"BreadcrumbList\",\"@id\":\"https:\/\/myvize.com.tr\/gine\/konsolosluklar\/gaziantep-fahri-konsoloslugu\/#breadcrumb\",\"itemListElement\":[{\"@type\":\"ListItem\",\"position\":1,\"name\":\"Anasayfa\",\"item\":\"https:\/\/myvize.com.tr\/gine\/\"},{\"@type\":\"ListItem\",\"position\":2,\"name\":\"KONSOLOSLUKLAR\",\"item\":\"https:\/\/myvize.com.tr\/gine\/konsolosluklar\/\"},{\"@type\":\"ListItem\",\"position\":3,\"name\":\"Gine Gaziantep Konsoloslu\u011fu\"}]},{\"@type\":\"WebSite\",\"@id\":\"https:\/\/myvize.com.tr\/gine\/#website\",\"url\":\"https:\/\/myvize.com.tr\/gine\/\",\"name\":\"Gine Vizesi\",\"description\":\"\",\"potentialAction\":[{\"@type\":\"SearchAction\",\"target\":{\"@type\":\"EntryPoint\",\"urlTemplate\":\"https:\/\/myvize.com.tr\/gine\/?s={search_term_string}\"},\"query-input\":{\"@type\":\"PropertyValueSpecification\",\"valueRequired\":true,\"valueName\":\"search_term_string\"}}],\"inLanguage\":\"tr\"}]}<\/script>\n<!-- \/ Yoast SEO plugin. -->","yoast_head_json":{"title":"Gine Gaziantep Fahri Konsoloslu\u011fu Vize \u0130\u015flemleri - MyVize","description":"Gine Gaziantep Fahri Konsoloslu\u011fu Vize \u0130\u015flemleri Nelerdir? Gine Gaziantep Fahri Konsoloslu\u011fu Nerededir? Bilgi \u0130\u00e7in Aray\u0131n: 0850 346 84 93","robots":{"index":"index","follow":"follow","max-snippet":"max-snippet:-1","max-image-preview":"max-image-preview:large","max-video-preview":"max-video-preview:-1"},"canonical":"https:\/\/myvize.com.tr\/gine\/konsolosluklar\/gaziantep-fahri-konsoloslugu\/","og_locale":"tr_TR","og_type":"article","og_title":"Gine Gaziantep Fahri Konsoloslu\u011fu Vize \u0130\u015flemleri - MyVize","og_description":"Gine Gaziantep Fahri Konsoloslu\u011fu Vize \u0130\u015flemleri Nelerdir? Gine Gaziantep Fahri Konsoloslu\u011fu Nerededir? Bilgi \u0130\u00e7in Aray\u0131n: 0850 346 84 93","og_url":"https:\/\/myvize.com.tr\/gine\/konsolosluklar\/gaziantep-fahri-konsoloslugu\/","og_site_name":"Gine Vizesi","article_modified_time":"2022-05-24T09:09:30+00:00","twitter_card":"summary_large_image","twitter_misc":{"Tahmini okuma s\u00fcresi":"3 dakika"},"schema":{"@context":"https:\/\/schema.org","@graph":[{"@type":"WebPage","@id":"https:\/\/myvize.com.tr\/gine\/konsolosluklar\/gaziantep-fahri-konsoloslugu\/","url":"https:\/\/myvize.com.tr\/gine\/konsolosluklar\/gaziantep-fahri-konsoloslugu\/","name":"Gine Gaziantep Fahri Konsoloslu\u011fu Vize \u0130\u015flemleri - MyVize","isPartOf":{"@id":"https:\/\/myvize.com.tr\/gine\/#website"},"datePublished":"2020-11-30T10:06:29+00:00","dateModified":"2022-05-24T09:09:30+00:00","description":"Gine Gaziantep Fahri Konsoloslu\u011fu Vize \u0130\u015flemleri Nelerdir? Gine Gaziantep Fahri Konsoloslu\u011fu Nerededir? Bilgi \u0130\u00e7in Aray\u0131n: 0850 346 84 93","breadcrumb":{"@id":"https:\/\/myvize.com.tr\/gine\/konsolosluklar\/gaziantep-fahri-konsoloslugu\/#breadcrumb"},"inLanguage":"tr","potentialAction":[{"@type":"ReadAction","target":["https:\/\/myvize.com.tr\/gine\/konsolosluklar\/gaziantep-fahri-konsoloslugu\/"]}]},{"@type":"BreadcrumbList","@id":"https:\/\/myvize.com.tr\/gine\/konsolosluklar\/gaziantep-fahri-konsoloslugu\/#breadcrumb","itemListElement":[{"@type":"ListItem","position":1,"name":"Anasayfa","item":"https:\/\/myvize.com.tr\/gine\/"},{"@type":"ListItem","position":2,"name":"KONSOLOSLUKLAR","item":"https:\/\/myvize.com.tr\/gine\/konsolosluklar\/"},{"@type":"ListItem","position":3,"name":"Gine Gaziantep Konsoloslu\u011fu"}]},{"@type":"WebSite","@id":"https:\/\/myvize.com.tr\/gine\/#website","url":"https:\/\/myvize.com.tr\/gine\/","name":"Gine Vizesi","description":"","potentialAction":[{"@type":"SearchAction","target":{"@type":"EntryPoint","urlTemplate":"https:\/\/myvize.com.tr\/gine\/?s={search_term_string}"},"query-input":{"@type":"PropertyValueSpecification","valueRequired":true,"valueName":"search_term_string"}}],"inLanguage":"tr"}]}},"_links":{"self":[{"href":"https:\/\/myvize.com.tr\/gine\/wp-json\/wp\/v2\/pages\/90","targetHints":{"allow":["GET"]}}],"collection":[{"href":"https:\/\/myvize.com.tr\/gine\/wp-json\/wp\/v2\/pages"}],"about":[{"href":"https:\/\/myvize.com.tr\/gine\/wp-json\/wp\/v2\/types\/page"}],"author":[{"embeddable":true,"href":"https:\/\/myvize.com.tr\/gine\/wp-json\/wp\/v2\/users\/1"}],"replies":[{"embeddable":true,"href":"https:\/\/myvize.com.tr\/gine\/wp-json\/wp\/v2\/comments?post=90"}],"version-history":[{"count":5,"href":"https:\/\/myvize.com.tr\/gine\/wp-json\/wp\/v2\/pages\/90\/revisions"}],"predecessor-version":[{"id":635,"href":"https:\/\/myvize.com.tr\/gine\/wp-json\/wp\/v2\/pages\/90\/revisions\/635"}],"up":[{"embeddable":true,"href":"https:\/\/myvize.com.tr\/gine\/wp-json\/wp\/v2\/pages\/69"}],"wp:attachment":[{"href":"https:\/\/myvize.com.tr\/gine\/wp-json\/wp\/v2\/media?parent=90"}],"curies":[{"name":"wp","href":"https:\/\/api.w.org\/{rel}","templated":true}]}}