{"id":78,"date":"2020-11-30T13:03:47","date_gmt":"2020-11-30T10:03:47","guid":{"rendered":"https:\/\/myvize.com.tr\/gine\/?page_id=78"},"modified":"2022-05-10T16:22:50","modified_gmt":"2022-05-10T13:22:50","slug":"izmir-baskonsoloslugu","status":"publish","type":"page","link":"https:\/\/myvize.com.tr\/gine\/konsolosluklar\/izmir-baskonsoloslugu\/","title":{"rendered":"Gine \u0130zmir Ba\u015fkonsoloslu\u011fu"},"content":{"rendered":"\r\n\r\n\r\n<h2><span style=\"font-family: Roboto; font-size: 27px;\">Gine \u0130zmir Konsolosluk<\/span><\/h2>\r\n<p><span style=\"font-family: Roboto; font-size: 14px;\">Diplomatik olmayan baz\u0131\u00a0resmi g\u00f6revleri yerine getiren resmi dairelere verilen isimdir diyebiliriz.<\/span><\/p>\r\n\r\n\r\n\r\n<h2><span style=\"font-family: Roboto; font-size: 27px;\">Gine \u0130zmir Konsolosluk G\u00f6rev B\u00f6lgesi<\/span><\/h2>\r\n<p><span style=\"font-family: Roboto; font-size: 14px;\"><strong>Gine vizesi<\/strong> Diplomatik (siyah) pasaportu olanlar\u0131n almak zorunda olmad\u0131\u011f\u0131 bir vize t\u00fcr\u00fcd\u00fcr \u00f6ncelikle bunu s\u00f6yleyelim. Yaln\u0131zca Umuma Mahsus (bordo), Hizmet (gri) ve Hususi (ye\u015fil) pasaport sahipleri <strong>Gine seyahatleri<\/strong> i\u00e7in vize almak zorundalar.Gine \u00fclke olarak vize ba\u015fvurusu yapanlar\u0131n mesleki ve maddi durumuna olduk\u00e7a \u00f6nem veriyor. Vize ba\u015fvurusu yapan\u0131n mesleki belgeleri ba\u015fvuru belgeleri i\u00e7inde isteniyor.Ayr\u0131ca vize ba\u015fvurusu yapan\u0131n banka hesab\u0131nda seyahati i\u00e7inde harcayabilece\u011fi yeterli miktarda para bulunmas\u0131 da Gine vize al\u0131mlar\u0131nda olduk\u00e7a \u00f6nemlidir.<strong>Gine vize<\/strong> ba\u015fvurular\u0131nda biyometrik veri istenmdi\u011finden ba\u015fvuru yapanlar B\u00fcy\u00fckel\u00e7ilikte \u015fahsen bulunmak zorunda de\u011filler.Gine vize ba\u015fvurunuzu yaparken vizenizi seyahat nedeninize uygun bir \u015fekilde belirlemeniz vize ba\u015fvuru sonucunuzun olumlu olmas\u0131 i\u00e7in \u00f6nemlidir. Gine Vize t\u00fcrleri;<\/span><\/p>\r\n<p><span style=\"font-family: Roboto; font-size: 14px;\">\r\n\r\n<\/span><\/p>\r\n<p><span style=\"color: #2acec2;\"><a style=\"color: #2acec2;\" href=\"https:\/\/myvize.com.tr\/gine\/vize-islemleri\/gine-ticari-vize\/\" target=\"_blank\" rel=\"noopener\"><strong><span style=\"font-family: Roboto; font-size: 14px;\">Gine Ticari Vize<\/span><\/strong><\/a><\/span><br \/><span style=\"font-family: Roboto; font-size: 14px;\">Gine Turistik Vizesi<\/span><\/p>\r\n\r\n\r\n\r\n<h2><span style=\"font-family: Roboto; font-size: 27px;\"><strong>Gine \u0130zmir Konsoloslu\u011fu \u00c7al\u0131\u015fma Saatleri<\/strong><\/span><\/h2>\r\n<p><span style=\"font-family: Roboto; font-size: 14px;\">\u00c7al\u0131\u015fma saatleri a\u015fa\u011f\u0131daki gibidir;<\/span><br \/><span style=\"font-family: Roboto; font-size: 14px;\">Pazartesi \u00a0: 8.30-18.00<\/span><br \/><span style=\"font-family: Roboto; font-size: 14px;\">Sal\u0131\u00a0 \u00a0 \u00a0 \u00a0 \u00a0 \u00a0: 8.30-18.00<\/span><br \/><span style=\"font-family: Roboto; font-size: 14px;\">\u00c7ar\u015famba : 8.30-18.00<\/span><br \/><span style=\"font-family: Roboto; font-size: 14px;\">Per\u015fembe : 8.30-18.00<\/span><br \/><span style=\"font-family: Roboto; font-size: 14px;\">Cuma\u00a0 \u00a0 \u00a0 \u00a0 : 8.30-18.00<\/span><br \/><span style=\"font-family: Roboto; font-size: 14px;\">Cumartesi : 10.00-14.00<\/span><\/p>\r\n<h2><strong><span style=\"font-family: Roboto; font-size: 27px;\">Gine Vize Ba\u015fvuru Merkezi \u0130zmir<\/span><\/strong><\/h2>\r\n<p><span style=\"font-family: Roboto; font-size: 14px;\"><span style=\"color: #2acec2;\"><a style=\"color: #2acec2;\" href=\"https:\/\/myvize.com.tr\/gine\/vize-islemleri\/gine-vizesi\/\" target=\"_blank\" rel=\"noopener\"><strong>Gine vizesi<\/strong><\/a><\/span> ba\u015fvurusunda bulunmak isteyen ki\u015filer vize ba\u015fvurular\u0131n\u0131 Gine <span style=\"color: #2acec2;\"><strong><a style=\"color: #2acec2;\" href=\"https:\/\/myvize.com.tr\/gine\/konsolosluklar\/ankara-buyukelciligi\/\" target=\"_blank\" rel=\"noopener\">Ankara B\u00fcy\u00fckel\u00e7ili\u011fi<\/a><\/strong><\/span>\u2019nin yetkilendirdi\u011fi vize ba\u015fvuru merkezlerine ve seyahat acentelerine yapmal\u0131d\u0131r. <strong>Gine vize<\/strong> ba\u015fvurusunda bulunmak i\u00e7in gerekli belgeler haz\u0131rlanmal\u0131 ve vize har\u00e7 \u00fccreti yat\u0131r\u0131lmal\u0131d\u0131r. Ayr\u0131ca vize ba\u015fvurusu s\u0131ras\u0131nda vize merkezi i\u015flem \u00fccreti \u00f6denecektir. Ba\u015fvurunuzu seyahat acenteleri arac\u0131l\u0131\u011f\u0131 ile yapacaksan\u0131z hizmet bedeli \u00f6demelisiniz.<\/span><\/p>\r\n<p><span style=\"font-family: Roboto; font-size: 14px;\">\u00a0\u0130zmir ve \u00e7evresinde ya\u015fayan T\u00fcrkiye Cumhuriyeti vatanda\u015flar\u0131 vize ba\u015fvurular\u0131n\u0131<strong> \u0130zmir Gine Vize Ba\u015fvuru Merkezi<\/strong> arac\u0131l\u0131\u011f\u0131 ile yapabilmektedir.<strong> \u0130zmir Gine Vize Ba\u015fvuru Merkezi<\/strong> arac\u0131l\u0131\u011f\u0131 ile vize ba\u015fvurusunda bulunmak isteyen ki\u015filer seyahat amac\u0131na g\u00f6re vize ba\u015fvuru belgelerini haz\u0131rlamal\u0131d\u0131r. Vize ba\u015fvurusunda bulunmak i\u00e7in gerekli belgeler ile birlikte vize ba\u015fvuru merkezine gidilmelidir. Gerekli belgeler teslim edilmelidir. <strong>\u0130zmir Gine Vize Ba\u015fvuru Merkezi,<\/strong> vize ba\u015fvuru talebinizi Gine Ankara B\u00fcy\u00fckel\u00e7ili\u011fi\u2019ne gerekli belgeler ile iletmektedir.<\/span><\/p>\r\n<p><span style=\"font-family: Roboto; font-size: 14px;\"><strong>\u0130zmir Gine Vize Ba\u015fvuru Merkezi<\/strong> vize ba\u015fvurular\u0131n\u0131 de\u011ferlendirme yetkisine sahip de\u011fildir. Sadece vize ba\u015fvurular\u0131n\u0131 kabul ederek vize talebini Gine Ankara B\u00fcy\u00fckel\u00e7ili\u011fi\u2019ne iletmektedir. Vize ba\u015fvurular\u0131n\u0131 inceleme yetkisi de Gine Ankara B\u00fcy\u00fckel\u00e7ili\u011fi\u2019ne aittir. \u0130zmir Gine Vize Ba\u015fvuru Merkezi, vize ba\u015fvurular\u0131 i\u00e7in sadece arac\u0131l\u0131k etmektedir.<\/span><\/p>\r\n<p><span style=\"font-family: Roboto; font-size: 14px;\">Bu makale de sizlere Gine \u0130zmir Fahri Konsoloslu\u011fu ile ilgili; g\u00f6rev b\u00f6lgesi ve \u00e7al\u0131\u015fma saatleri hakk\u0131nda bilgi verece\u011fiz. Ayn\u0131 zamanda konsoloslu\u011fun\u00a0ne demek oldu\u011fu ve Gine vize t\u00fcrleri hakk\u0131nda da bilgi verece\u011fiz.<\/span><\/p>\r\n<p>&nbsp;<\/p>\r\n","protected":false},"excerpt":{"rendered":"<p>Gine \u0130zmir Konsolosluk Diplomatik olmayan baz\u0131\u00a0resmi g\u00f6revleri yerine getiren resmi dairelere verilen isimdir diyebiliriz. Gine \u0130zmir Konsolosluk G\u00f6rev B\u00f6lgesi Gine vizesi Diplomatik (siyah) pasaportu olanlar\u0131n almak zorunda olmad\u0131\u011f\u0131 bir vize t\u00fcr\u00fcd\u00fcr \u00f6ncelikle bunu s\u00f6yleyelim. Yaln\u0131zca Umuma Mahsus (bordo), Hizmet (gri) ve Hususi (ye\u015fil) pasaport sahipleri Gine seyahatleri i\u00e7in vize almak zorundalar.Gine \u00fclke olarak vize ba\u015fvurusu<\/p>\n","protected":false},"author":1,"featured_media":0,"parent":69,"menu_order":0,"comment_status":"closed","ping_status":"closed","template":"","meta":{"footnotes":""},"class_list":["post-78","page","type-page","status-publish","hentry"],"yoast_head":"<!-- This site is optimized with the Yoast SEO plugin v26.8 - https:\/\/yoast.com\/product\/yoast-seo-wordpress\/ -->\n<title>Gine \u0130zmir Ba\u015fkonsoloslu\u011fu Vize \u0130\u015flemleri - MyVize<\/title>\n<meta name=\"description\" content=\"Gine \u0130zmir Ba\u015fkonsoloslu\u011fu Vize \u0130\u015flemleri Nelerdir? Gine \u0130zmir Ba\u015fkonsoloslu\u011fu Nerededir? Bilgi \u0130\u00e7in Hemen Bizi Aray\u0131n: 0850 346 84 93\" \/>\n<meta name=\"robots\" content=\"index, follow, max-snippet:-1, max-image-preview:large, max-video-preview:-1\" \/>\n<link rel=\"canonical\" href=\"https:\/\/myvize.com.tr\/gine\/konsolosluklar\/izmir-baskonsoloslugu\/\" \/>\n<meta property=\"og:locale\" content=\"tr_TR\" \/>\n<meta property=\"og:type\" content=\"article\" \/>\n<meta property=\"og:title\" content=\"Gine \u0130zmir Ba\u015fkonsoloslu\u011fu Vize \u0130\u015flemleri - MyVize\" \/>\n<meta property=\"og:description\" content=\"Gine \u0130zmir Ba\u015fkonsoloslu\u011fu Vize \u0130\u015flemleri Nelerdir? Gine \u0130zmir Ba\u015fkonsoloslu\u011fu Nerededir? Bilgi \u0130\u00e7in Hemen Bizi Aray\u0131n: 0850 346 84 93\" \/>\n<meta property=\"og:url\" content=\"https:\/\/myvize.com.tr\/gine\/konsolosluklar\/izmir-baskonsoloslugu\/\" \/>\n<meta property=\"og:site_name\" content=\"Gine Vizesi\" \/>\n<meta property=\"article:modified_time\" content=\"2022-05-10T13:22:50+00:00\" \/>\n<meta name=\"twitter:card\" content=\"summary_large_image\" \/>\n<meta name=\"twitter:label1\" content=\"Tahmini okuma s\u00fcresi\" \/>\n\t<meta name=\"twitter:data1\" content=\"1 dakika\" \/>\n<script type=\"application\/ld+json\" class=\"yoast-schema-graph\">{\"@context\":\"https:\/\/schema.org\",\"@graph\":[{\"@type\":\"WebPage\",\"@id\":\"https:\/\/myvize.com.tr\/gine\/konsolosluklar\/izmir-baskonsoloslugu\/\",\"url\":\"https:\/\/myvize.com.tr\/gine\/konsolosluklar\/izmir-baskonsoloslugu\/\",\"name\":\"Gine \u0130zmir Ba\u015fkonsoloslu\u011fu Vize \u0130\u015flemleri - MyVize\",\"isPartOf\":{\"@id\":\"https:\/\/myvize.com.tr\/gine\/#website\"},\"datePublished\":\"2020-11-30T10:03:47+00:00\",\"dateModified\":\"2022-05-10T13:22:50+00:00\",\"description\":\"Gine \u0130zmir Ba\u015fkonsoloslu\u011fu Vize \u0130\u015flemleri Nelerdir? Gine \u0130zmir Ba\u015fkonsoloslu\u011fu Nerededir? Bilgi \u0130\u00e7in Hemen Bizi Aray\u0131n: 0850 346 84 93\",\"breadcrumb\":{\"@id\":\"https:\/\/myvize.com.tr\/gine\/konsolosluklar\/izmir-baskonsoloslugu\/#breadcrumb\"},\"inLanguage\":\"tr\",\"potentialAction\":[{\"@type\":\"ReadAction\",\"target\":[\"https:\/\/myvize.com.tr\/gine\/konsolosluklar\/izmir-baskonsoloslugu\/\"]}]},{\"@type\":\"BreadcrumbList\",\"@id\":\"https:\/\/myvize.com.tr\/gine\/konsolosluklar\/izmir-baskonsoloslugu\/#breadcrumb\",\"itemListElement\":[{\"@type\":\"ListItem\",\"position\":1,\"name\":\"Anasayfa\",\"item\":\"https:\/\/myvize.com.tr\/gine\/\"},{\"@type\":\"ListItem\",\"position\":2,\"name\":\"KONSOLOSLUKLAR\",\"item\":\"https:\/\/myvize.com.tr\/gine\/konsolosluklar\/\"},{\"@type\":\"ListItem\",\"position\":3,\"name\":\"Gine \u0130zmir Ba\u015fkonsoloslu\u011fu\"}]},{\"@type\":\"WebSite\",\"@id\":\"https:\/\/myvize.com.tr\/gine\/#website\",\"url\":\"https:\/\/myvize.com.tr\/gine\/\",\"name\":\"Gine Vizesi\",\"description\":\"\",\"potentialAction\":[{\"@type\":\"SearchAction\",\"target\":{\"@type\":\"EntryPoint\",\"urlTemplate\":\"https:\/\/myvize.com.tr\/gine\/?s={search_term_string}\"},\"query-input\":{\"@type\":\"PropertyValueSpecification\",\"valueRequired\":true,\"valueName\":\"search_term_string\"}}],\"inLanguage\":\"tr\"}]}<\/script>\n<!-- \/ Yoast SEO plugin. -->","yoast_head_json":{"title":"Gine \u0130zmir Ba\u015fkonsoloslu\u011fu Vize \u0130\u015flemleri - MyVize","description":"Gine \u0130zmir Ba\u015fkonsoloslu\u011fu Vize \u0130\u015flemleri Nelerdir? Gine \u0130zmir Ba\u015fkonsoloslu\u011fu Nerededir? Bilgi \u0130\u00e7in Hemen Bizi Aray\u0131n: 0850 346 84 93","robots":{"index":"index","follow":"follow","max-snippet":"max-snippet:-1","max-image-preview":"max-image-preview:large","max-video-preview":"max-video-preview:-1"},"canonical":"https:\/\/myvize.com.tr\/gine\/konsolosluklar\/izmir-baskonsoloslugu\/","og_locale":"tr_TR","og_type":"article","og_title":"Gine \u0130zmir Ba\u015fkonsoloslu\u011fu Vize \u0130\u015flemleri - MyVize","og_description":"Gine \u0130zmir Ba\u015fkonsoloslu\u011fu Vize \u0130\u015flemleri Nelerdir? Gine \u0130zmir Ba\u015fkonsoloslu\u011fu Nerededir? Bilgi \u0130\u00e7in Hemen Bizi Aray\u0131n: 0850 346 84 93","og_url":"https:\/\/myvize.com.tr\/gine\/konsolosluklar\/izmir-baskonsoloslugu\/","og_site_name":"Gine Vizesi","article_modified_time":"2022-05-10T13:22:50+00:00","twitter_card":"summary_large_image","twitter_misc":{"Tahmini okuma s\u00fcresi":"1 dakika"},"schema":{"@context":"https:\/\/schema.org","@graph":[{"@type":"WebPage","@id":"https:\/\/myvize.com.tr\/gine\/konsolosluklar\/izmir-baskonsoloslugu\/","url":"https:\/\/myvize.com.tr\/gine\/konsolosluklar\/izmir-baskonsoloslugu\/","name":"Gine \u0130zmir Ba\u015fkonsoloslu\u011fu Vize \u0130\u015flemleri - MyVize","isPartOf":{"@id":"https:\/\/myvize.com.tr\/gine\/#website"},"datePublished":"2020-11-30T10:03:47+00:00","dateModified":"2022-05-10T13:22:50+00:00","description":"Gine \u0130zmir Ba\u015fkonsoloslu\u011fu Vize \u0130\u015flemleri Nelerdir? Gine \u0130zmir Ba\u015fkonsoloslu\u011fu Nerededir? Bilgi \u0130\u00e7in Hemen Bizi Aray\u0131n: 0850 346 84 93","breadcrumb":{"@id":"https:\/\/myvize.com.tr\/gine\/konsolosluklar\/izmir-baskonsoloslugu\/#breadcrumb"},"inLanguage":"tr","potentialAction":[{"@type":"ReadAction","target":["https:\/\/myvize.com.tr\/gine\/konsolosluklar\/izmir-baskonsoloslugu\/"]}]},{"@type":"BreadcrumbList","@id":"https:\/\/myvize.com.tr\/gine\/konsolosluklar\/izmir-baskonsoloslugu\/#breadcrumb","itemListElement":[{"@type":"ListItem","position":1,"name":"Anasayfa","item":"https:\/\/myvize.com.tr\/gine\/"},{"@type":"ListItem","position":2,"name":"KONSOLOSLUKLAR","item":"https:\/\/myvize.com.tr\/gine\/konsolosluklar\/"},{"@type":"ListItem","position":3,"name":"Gine \u0130zmir Ba\u015fkonsoloslu\u011fu"}]},{"@type":"WebSite","@id":"https:\/\/myvize.com.tr\/gine\/#website","url":"https:\/\/myvize.com.tr\/gine\/","name":"Gine Vizesi","description":"","potentialAction":[{"@type":"SearchAction","target":{"@type":"EntryPoint","urlTemplate":"https:\/\/myvize.com.tr\/gine\/?s={search_term_string}"},"query-input":{"@type":"PropertyValueSpecification","valueRequired":true,"valueName":"search_term_string"}}],"inLanguage":"tr"}]}},"_links":{"self":[{"href":"https:\/\/myvize.com.tr\/gine\/wp-json\/wp\/v2\/pages\/78","targetHints":{"allow":["GET"]}}],"collection":[{"href":"https:\/\/myvize.com.tr\/gine\/wp-json\/wp\/v2\/pages"}],"about":[{"href":"https:\/\/myvize.com.tr\/gine\/wp-json\/wp\/v2\/types\/page"}],"author":[{"embeddable":true,"href":"https:\/\/myvize.com.tr\/gine\/wp-json\/wp\/v2\/users\/1"}],"replies":[{"embeddable":true,"href":"https:\/\/myvize.com.tr\/gine\/wp-json\/wp\/v2\/comments?post=78"}],"version-history":[{"count":7,"href":"https:\/\/myvize.com.tr\/gine\/wp-json\/wp\/v2\/pages\/78\/revisions"}],"predecessor-version":[{"id":625,"href":"https:\/\/myvize.com.tr\/gine\/wp-json\/wp\/v2\/pages\/78\/revisions\/625"}],"up":[{"embeddable":true,"href":"https:\/\/myvize.com.tr\/gine\/wp-json\/wp\/v2\/pages\/69"}],"wp:attachment":[{"href":"https:\/\/myvize.com.tr\/gine\/wp-json\/wp\/v2\/media?parent=78"}],"curies":[{"name":"wp","href":"https:\/\/api.w.org\/{rel}","templated":true}]}}