{"id":72,"date":"2020-11-30T12:59:09","date_gmt":"2020-11-30T09:59:09","guid":{"rendered":"https:\/\/myvize.com.tr\/gine\/?page_id=72"},"modified":"2022-05-10T16:07:28","modified_gmt":"2022-05-10T13:07:28","slug":"ankara-buyukelciligi","status":"publish","type":"page","link":"https:\/\/myvize.com.tr\/gine\/konsolosluklar\/ankara-buyukelciligi\/","title":{"rendered":"Gine Ankara B\u00fcy\u00fckel\u00e7ili\u011fi"},"content":{"rendered":"\r\n<h2><span style=\"font-family: Roboto; font-size: 27px;\">Gine Vize Ba\u015fvuru Merkezi Ankara<\/span><\/h2>\r\n<p><span style=\"font-family: Roboto; font-size: 14px;\">Gine\u2019ye seyahat etmek isteyen T\u00fcrkiye Cumhuriyeti vatanda\u015flar\u0131 seyahat amac\u0131na g\u00f6re vize ba\u015fvurusunda bulunmal\u0131d\u0131r. <strong>Gine vize<\/strong> ba\u015fvurusunda bulunmak isteyen ki\u015filer vize ba\u015fvurular\u0131n\u0131 Gine Ankara B\u00fcy\u00fckel\u00e7ili\u011fi\u2019nin yetkilendirdi\u011fi vize ba\u015fvuru merkezlerine ve seyahat acentelerine yapmal\u0131d\u0131r.<\/span><\/p>\r\n<p><span style=\"font-family: Roboto; font-size: 14px;\">Ankara ve \u00e7evre illerde ikamet eden ki\u015filer seyahat ama\u00e7lar\u0131na g\u00f6re vize ba\u015fvurular\u0131n\u0131 <strong>Ankara Gine Vize Ba\u015fvuru Merkezi<\/strong> arac\u0131l\u0131\u011f\u0131 ile yapabilmektedir. <strong>Ankara Gine Vize Ba\u015fvuru Merkezi<\/strong> arac\u0131l\u0131\u011f\u0131 ile vize ba\u015fvurusu yapmak isteyen ki\u015filer vize ba\u015fvurusu i\u00e7in seyahat amac\u0131na uygun olarak belge haz\u0131rlamal\u0131d\u0131r. Ba\u015fvuru sahibi gerekli belgelerini vize ba\u015fvurusunda bulunaca\u011f\u0131 vize ba\u015fvuru merkezine giderken yanlar\u0131nda g\u00f6t\u00fcrmelidir. Gerekli belgeler vize ba\u015fvuru merkezine teslim edilmelidir. <strong>Ankara Gine Vize Ba\u015fvuru Merkezi<\/strong> belgelerinizi ve vize ba\u015fvuru talebinizi <strong>Gine vize<\/strong> ba\u015fvurunuzun incelenmesi i\u00e7in Gine Ankara B\u00fcy\u00fckel\u00e7ili\u011fi\u2019ne g\u00f6nderir.<\/span><\/p>\r\n<p><span style=\"font-family: Roboto; font-size: 14px;\"><strong>Ankara Gine Vize Ba\u015fvuru Merkezi<\/strong> vize ba\u015fvurunuzu de\u011ferlendirme yetkisine sahip de\u011fildir. <strong>Ankara Gine Vize Ba\u015fvuru Merkezi<\/strong> vize ba\u015fvurular\u0131n\u0131 kabul etme ve Gine Ankara B\u00fcy\u00fckel\u00e7ili\u011fi\u2019ne iletmekle sorumludur. Vize ba\u015fvurular\u0131n\u0131 inceleme yetkisi Gine Ankara B\u00fcy\u00fckel\u00e7ili\u011fi\u2019ne aittir. <strong>Ankara Gine Vize Ba\u015fvuru Merkezi<\/strong> vize ba\u015fvurular\u0131nda arac\u0131l\u0131k etmektedir.<\/span><\/p>\r\n<h2><span style=\"font-family: Roboto; font-size: 27px;\"><strong>Gine Ankara Konsoloslu\u011fundan Vize Ba\u015fvurusu Nas\u0131l Yap\u0131l\u0131r?<\/strong><\/span><\/h2>\r\n\r\n\r\n\r\n<p><span style=\"font-family: Roboto; font-size: 14px;\">\u00a0Gine Ankara Konsoloslu\u011fu vize b\u00f6l\u00fcm\u00fc y\u00fcz y\u00fcze \u00e7al\u0131\u015fmaktad\u0131r. Randevulu ba\u015fvurularda i\u015flemler kabul edilmemektedir. Gine Ankara Konsoloslu\u011fu&#8217;na vize ba\u015fvurusu yapan ki\u015filer eksiksiz doldurulmu\u015f vize ba\u015fvuru formuyla ba\u015fvuru yapacaklard\u0131r. Doldurulan vize ba\u015fvuru formu iki n\u00fcsha olarak haz\u0131rlanmal\u0131d\u0131r. <span style=\"color: #2acec2;\"><a style=\"color: #2acec2;\" href=\"https:\/\/myvize.com.tr\/gine\/vize-islemleri\/gine-vizesi\/\" target=\"_blank\" rel=\"noopener\"><strong>Gine vizesi<\/strong><\/a><\/span> \u00e7e\u015fitli kategorilere ayr\u0131lmaktad\u0131r. Her bir \u00e7e\u015fit kategorinin vize s\u00fcresi ve vize t\u00fcr\u00fc farkl\u0131d\u0131r. Bu nedenle vize har\u00e7 \u00fccretleri bu durumlara g\u00f6re de\u011fi\u015fkenlik g\u00f6stermektedir.<\/span><\/p>\r\n\r\n\r\n\r\n<h2><span style=\"font-family: Roboto; font-size: 27px;\"><strong>Gine Ankara Konsoloslu\u011fundan Yap\u0131lacak \u0130\u015flemleri Nelerdir?<\/strong><\/span><\/h2>\r\n\r\n\r\n\r\n<p><span style=\"font-family: Roboto; font-size: 14px;\">Gine Ankara Konsoloslu\u011fu ve di\u011fer Gine Konsolosluklar\u0131 faaliyet alanlar\u0131nda ve yak\u0131n b\u00f6lgelerde ikametg\u00e2h\u0131 olan ki\u015filerin Gine Vizesi veya noterlik i\u015flemleri, evlilik belgesi, do\u011fum belgesi, \u00f6l\u00fcm belgesi gibi i\u015flemlerde Gine Konsoloslu\u011fu yetkilidir.<\/span><\/p>\r\n<p><span style=\"font-family: Roboto; font-size: 14px;\">\r\n\r\n<\/span><\/p>\r\n<p><span style=\"font-family: Roboto; font-size: 14px;\"><strong>Gine Ankara Konsoloslu\u011fu G\u00f6rev B\u00f6lgesi:<a href=\"https:\/\/myvize.com.tr\/gine\/subelerimiz\/ankara\/\" target=\"_blank\" rel=\"noopener\"><span style=\"color: #2acec2;\">\u00a0Ankara<\/span><\/a><\/strong> ve \u00e7evre illerde ikametg\u00e2h\u0131 olan T\u00fcrkiye Cumhuriyeti vatanda\u015flar\u0131, vize i\u015flemlerini Gine\u00a0 Ankara Konsoloslu\u011fu\u2019ndan yapabilirler.<\/span><\/p>\r\n<p><span style=\"font-family: Roboto; font-size: 14px;\">\r\n\r\n<\/span><\/p>\r\n<p><span style=\"font-family: Roboto; font-size: 14px;\"><strong>Gine Ankara Konsoloslu\u011fu \u00c7al\u0131\u015fma Saatleri<\/strong>: Pazartesi-Cuma g\u00fcnleri 09.00-16.00 aras\u0131 konsolosluk i\u015flemleri ger\u00e7ekle\u015ftirilebilir.<\/span><\/p>\r\n<p>&nbsp;<\/p>\r\n","protected":false},"excerpt":{"rendered":"<p>Gine Vize Ba\u015fvuru Merkezi Ankara Gine\u2019ye seyahat etmek isteyen T\u00fcrkiye Cumhuriyeti vatanda\u015flar\u0131 seyahat amac\u0131na g\u00f6re vize ba\u015fvurusunda bulunmal\u0131d\u0131r. Gine vize ba\u015fvurusunda bulunmak isteyen ki\u015filer vize ba\u015fvurular\u0131n\u0131 Gine Ankara B\u00fcy\u00fckel\u00e7ili\u011fi\u2019nin yetkilendirdi\u011fi vize ba\u015fvuru merkezlerine ve seyahat acentelerine yapmal\u0131d\u0131r. Ankara ve \u00e7evre illerde ikamet eden ki\u015filer seyahat ama\u00e7lar\u0131na g\u00f6re vize ba\u015fvurular\u0131n\u0131 Ankara Gine Vize Ba\u015fvuru Merkezi arac\u0131l\u0131\u011f\u0131<\/p>\n","protected":false},"author":1,"featured_media":0,"parent":69,"menu_order":0,"comment_status":"closed","ping_status":"closed","template":"","meta":{"footnotes":""},"class_list":["post-72","page","type-page","status-publish","hentry"],"yoast_head":"<!-- This site is optimized with the Yoast SEO plugin v26.8 - https:\/\/yoast.com\/product\/yoast-seo-wordpress\/ -->\n<title>Gine Ankara B\u00fcy\u00fckel\u00e7ili\u011fi Vize \u0130\u015flemleri - MyVize<\/title>\n<meta name=\"description\" content=\"Gine Ankara B\u00fcy\u00fckel\u00e7ili\u011fi Vize \u0130\u015flemleri Nelerdir? Gine Ankara B\u00fcy\u00fckel\u00e7ili\u011fi Nerededir? Bilgi \u0130\u00e7in Vize Uzmanlar\u0131m\u0131z\u0131 Aray\u0131n: 0850 346 84 93\" \/>\n<meta name=\"robots\" content=\"index, follow, max-snippet:-1, max-image-preview:large, max-video-preview:-1\" \/>\n<link rel=\"canonical\" href=\"https:\/\/myvize.com.tr\/gine\/konsolosluklar\/ankara-buyukelciligi\/\" \/>\n<meta property=\"og:locale\" content=\"tr_TR\" \/>\n<meta property=\"og:type\" content=\"article\" \/>\n<meta property=\"og:title\" content=\"Gine Ankara B\u00fcy\u00fckel\u00e7ili\u011fi Vize \u0130\u015flemleri - MyVize\" \/>\n<meta property=\"og:description\" content=\"Gine Ankara B\u00fcy\u00fckel\u00e7ili\u011fi Vize \u0130\u015flemleri Nelerdir? Gine Ankara B\u00fcy\u00fckel\u00e7ili\u011fi Nerededir? Bilgi \u0130\u00e7in Vize Uzmanlar\u0131m\u0131z\u0131 Aray\u0131n: 0850 346 84 93\" \/>\n<meta property=\"og:url\" content=\"https:\/\/myvize.com.tr\/gine\/konsolosluklar\/ankara-buyukelciligi\/\" \/>\n<meta property=\"og:site_name\" content=\"Gine Vizesi\" \/>\n<meta property=\"article:modified_time\" content=\"2022-05-10T13:07:28+00:00\" \/>\n<meta name=\"twitter:card\" content=\"summary_large_image\" \/>\n<meta name=\"twitter:label1\" content=\"Tahmini okuma s\u00fcresi\" \/>\n\t<meta name=\"twitter:data1\" content=\"2 dakika\" \/>\n<script type=\"application\/ld+json\" class=\"yoast-schema-graph\">{\"@context\":\"https:\/\/schema.org\",\"@graph\":[{\"@type\":\"WebPage\",\"@id\":\"https:\/\/myvize.com.tr\/gine\/konsolosluklar\/ankara-buyukelciligi\/\",\"url\":\"https:\/\/myvize.com.tr\/gine\/konsolosluklar\/ankara-buyukelciligi\/\",\"name\":\"Gine Ankara B\u00fcy\u00fckel\u00e7ili\u011fi Vize \u0130\u015flemleri - MyVize\",\"isPartOf\":{\"@id\":\"https:\/\/myvize.com.tr\/gine\/#website\"},\"datePublished\":\"2020-11-30T09:59:09+00:00\",\"dateModified\":\"2022-05-10T13:07:28+00:00\",\"description\":\"Gine Ankara B\u00fcy\u00fckel\u00e7ili\u011fi Vize \u0130\u015flemleri Nelerdir? Gine Ankara B\u00fcy\u00fckel\u00e7ili\u011fi Nerededir? Bilgi \u0130\u00e7in Vize Uzmanlar\u0131m\u0131z\u0131 Aray\u0131n: 0850 346 84 93\",\"breadcrumb\":{\"@id\":\"https:\/\/myvize.com.tr\/gine\/konsolosluklar\/ankara-buyukelciligi\/#breadcrumb\"},\"inLanguage\":\"tr\",\"potentialAction\":[{\"@type\":\"ReadAction\",\"target\":[\"https:\/\/myvize.com.tr\/gine\/konsolosluklar\/ankara-buyukelciligi\/\"]}]},{\"@type\":\"BreadcrumbList\",\"@id\":\"https:\/\/myvize.com.tr\/gine\/konsolosluklar\/ankara-buyukelciligi\/#breadcrumb\",\"itemListElement\":[{\"@type\":\"ListItem\",\"position\":1,\"name\":\"Anasayfa\",\"item\":\"https:\/\/myvize.com.tr\/gine\/\"},{\"@type\":\"ListItem\",\"position\":2,\"name\":\"KONSOLOSLUKLAR\",\"item\":\"https:\/\/myvize.com.tr\/gine\/konsolosluklar\/\"},{\"@type\":\"ListItem\",\"position\":3,\"name\":\"Gine Ankara B\u00fcy\u00fckel\u00e7ili\u011fi\"}]},{\"@type\":\"WebSite\",\"@id\":\"https:\/\/myvize.com.tr\/gine\/#website\",\"url\":\"https:\/\/myvize.com.tr\/gine\/\",\"name\":\"Gine Vizesi\",\"description\":\"\",\"potentialAction\":[{\"@type\":\"SearchAction\",\"target\":{\"@type\":\"EntryPoint\",\"urlTemplate\":\"https:\/\/myvize.com.tr\/gine\/?s={search_term_string}\"},\"query-input\":{\"@type\":\"PropertyValueSpecification\",\"valueRequired\":true,\"valueName\":\"search_term_string\"}}],\"inLanguage\":\"tr\"}]}<\/script>\n<!-- \/ Yoast SEO plugin. -->","yoast_head_json":{"title":"Gine Ankara B\u00fcy\u00fckel\u00e7ili\u011fi Vize \u0130\u015flemleri - MyVize","description":"Gine Ankara B\u00fcy\u00fckel\u00e7ili\u011fi Vize \u0130\u015flemleri Nelerdir? Gine Ankara B\u00fcy\u00fckel\u00e7ili\u011fi Nerededir? Bilgi \u0130\u00e7in Vize Uzmanlar\u0131m\u0131z\u0131 Aray\u0131n: 0850 346 84 93","robots":{"index":"index","follow":"follow","max-snippet":"max-snippet:-1","max-image-preview":"max-image-preview:large","max-video-preview":"max-video-preview:-1"},"canonical":"https:\/\/myvize.com.tr\/gine\/konsolosluklar\/ankara-buyukelciligi\/","og_locale":"tr_TR","og_type":"article","og_title":"Gine Ankara B\u00fcy\u00fckel\u00e7ili\u011fi Vize \u0130\u015flemleri - MyVize","og_description":"Gine Ankara B\u00fcy\u00fckel\u00e7ili\u011fi Vize \u0130\u015flemleri Nelerdir? Gine Ankara B\u00fcy\u00fckel\u00e7ili\u011fi Nerededir? Bilgi \u0130\u00e7in Vize Uzmanlar\u0131m\u0131z\u0131 Aray\u0131n: 0850 346 84 93","og_url":"https:\/\/myvize.com.tr\/gine\/konsolosluklar\/ankara-buyukelciligi\/","og_site_name":"Gine Vizesi","article_modified_time":"2022-05-10T13:07:28+00:00","twitter_card":"summary_large_image","twitter_misc":{"Tahmini okuma s\u00fcresi":"2 dakika"},"schema":{"@context":"https:\/\/schema.org","@graph":[{"@type":"WebPage","@id":"https:\/\/myvize.com.tr\/gine\/konsolosluklar\/ankara-buyukelciligi\/","url":"https:\/\/myvize.com.tr\/gine\/konsolosluklar\/ankara-buyukelciligi\/","name":"Gine Ankara B\u00fcy\u00fckel\u00e7ili\u011fi Vize \u0130\u015flemleri - MyVize","isPartOf":{"@id":"https:\/\/myvize.com.tr\/gine\/#website"},"datePublished":"2020-11-30T09:59:09+00:00","dateModified":"2022-05-10T13:07:28+00:00","description":"Gine Ankara B\u00fcy\u00fckel\u00e7ili\u011fi Vize \u0130\u015flemleri Nelerdir? Gine Ankara B\u00fcy\u00fckel\u00e7ili\u011fi Nerededir? Bilgi \u0130\u00e7in Vize Uzmanlar\u0131m\u0131z\u0131 Aray\u0131n: 0850 346 84 93","breadcrumb":{"@id":"https:\/\/myvize.com.tr\/gine\/konsolosluklar\/ankara-buyukelciligi\/#breadcrumb"},"inLanguage":"tr","potentialAction":[{"@type":"ReadAction","target":["https:\/\/myvize.com.tr\/gine\/konsolosluklar\/ankara-buyukelciligi\/"]}]},{"@type":"BreadcrumbList","@id":"https:\/\/myvize.com.tr\/gine\/konsolosluklar\/ankara-buyukelciligi\/#breadcrumb","itemListElement":[{"@type":"ListItem","position":1,"name":"Anasayfa","item":"https:\/\/myvize.com.tr\/gine\/"},{"@type":"ListItem","position":2,"name":"KONSOLOSLUKLAR","item":"https:\/\/myvize.com.tr\/gine\/konsolosluklar\/"},{"@type":"ListItem","position":3,"name":"Gine Ankara B\u00fcy\u00fckel\u00e7ili\u011fi"}]},{"@type":"WebSite","@id":"https:\/\/myvize.com.tr\/gine\/#website","url":"https:\/\/myvize.com.tr\/gine\/","name":"Gine Vizesi","description":"","potentialAction":[{"@type":"SearchAction","target":{"@type":"EntryPoint","urlTemplate":"https:\/\/myvize.com.tr\/gine\/?s={search_term_string}"},"query-input":{"@type":"PropertyValueSpecification","valueRequired":true,"valueName":"search_term_string"}}],"inLanguage":"tr"}]}},"_links":{"self":[{"href":"https:\/\/myvize.com.tr\/gine\/wp-json\/wp\/v2\/pages\/72","targetHints":{"allow":["GET"]}}],"collection":[{"href":"https:\/\/myvize.com.tr\/gine\/wp-json\/wp\/v2\/pages"}],"about":[{"href":"https:\/\/myvize.com.tr\/gine\/wp-json\/wp\/v2\/types\/page"}],"author":[{"embeddable":true,"href":"https:\/\/myvize.com.tr\/gine\/wp-json\/wp\/v2\/users\/1"}],"replies":[{"embeddable":true,"href":"https:\/\/myvize.com.tr\/gine\/wp-json\/wp\/v2\/comments?post=72"}],"version-history":[{"count":6,"href":"https:\/\/myvize.com.tr\/gine\/wp-json\/wp\/v2\/pages\/72\/revisions"}],"predecessor-version":[{"id":619,"href":"https:\/\/myvize.com.tr\/gine\/wp-json\/wp\/v2\/pages\/72\/revisions\/619"}],"up":[{"embeddable":true,"href":"https:\/\/myvize.com.tr\/gine\/wp-json\/wp\/v2\/pages\/69"}],"wp:attachment":[{"href":"https:\/\/myvize.com.tr\/gine\/wp-json\/wp\/v2\/media?parent=72"}],"curies":[{"name":"wp","href":"https:\/\/api.w.org\/{rel}","templated":true}]}}