{"id":53,"date":"2020-11-30T12:50:00","date_gmt":"2020-11-30T09:50:00","guid":{"rendered":"https:\/\/myvize.com.tr\/gine\/?page_id=53"},"modified":"2022-05-10T15:50:32","modified_gmt":"2022-05-10T12:50:32","slug":"gine-universite-egitimi","status":"publish","type":"page","link":"https:\/\/myvize.com.tr\/gine\/vize-islemleri\/gine-universite-egitimi\/","title":{"rendered":"Gine \u00dcniversite E\u011fitimi"},"content":{"rendered":"<h2><strong><span style=\"font-family: Roboto; font-size: 27px;\">Gine \u00dcniversite E\u011fitimi Hakk\u0131nda\u00a0<\/span><\/strong><\/h2>\n<p><span style=\"font-family: Roboto; font-size: 14px;\">Gine Afrika K\u0131ta\u2019s\u0131n\u0131n Bat\u0131s\u0131nda bulunmaktad\u0131r. S\u0131n\u0131r kom\u015fular\u0131 Liberya, Sierra Leone, Gine-Bissau, Mali, Senegal ve Fildi\u015fi Sahili olu\u015fturmaktad\u0131r. Ayr\u0131ca bat\u0131s\u0131nda Atlas Okyanusu bulunmaktad\u0131r. \u00dclkenin ba\u015fkenti ve ayn\u0131 zamanda en kalabal\u0131k \u015fehri Conakry\u2019dir. Gine\u2019nin resmi dili Frans\u0131zcad\u0131r. \u00dclkenin b\u00fcy\u00fck bir b\u00f6l\u00fcm\u00fc M\u00fcsl\u00fcmand\u0131r.<\/span><\/p>\n<p><span style=\"font-family: Roboto; font-size: 14px;\"><strong>Gine e\u011fitim<\/strong> konusunda karma\u015f\u0131k bir yap\u0131ya sahiptir. Bunun nedeni \u00fclkede bir\u00e7ok kabile bulunmas\u0131d\u0131r. Kabile \u00e7ocuklar\u0131n\u0131n \u00e7o\u011funlu\u011fu e\u011fitim almaz. E\u011fitim alan \u00e7ocuklar ise olduk\u00e7a zor \u015fartlar alt\u0131nda e\u011fitim almaktad\u0131r. Bunun nedeni ya\u015fam \u015fartlar\u0131n\u0131n a\u011f\u0131r olmas\u0131ndan dolay\u0131 erken ya\u015fta \u00e7al\u0131\u015fmak zorunda kalmalar\u0131d\u0131r.<\/span><\/p>\n<p><span style=\"font-family: Roboto; font-size: 14px;\">\u00dclkede ilkokul okuyan insan say\u0131s\u0131 \u00e7ok d\u00fc\u015f\u00fck seviyededir. Bundan dolay\u0131 lise ve \u00fcniversiteye gidenlerin say\u0131s\u0131 da olduk\u00e7a azd\u0131r. \u00dclkede ilkokul, lise ve \u00fcniversitelerde Kur\u2019an e\u011fitimi verilmektedir.<\/span><\/p>\n<blockquote><p><span style=\"font-family: Roboto; font-size: 14px; color: #2acec2;\"><strong><a style=\"color: #2acec2;\" href=\"https:\/\/myvize.com.tr\/gine\/vize-islemleri\/gine-dil-okulu-vizesi\/\" target=\"_blank\" rel=\"noopener\">Gine Dil Okulu Vizesi<\/a><\/strong><\/span><\/p><\/blockquote>\n<p><span style=\"font-family: Roboto; font-size: 14px;\">\u00dclke i\u00e7erisinde \u00fcniversite okuyan say\u0131s\u0131 azd\u0131r. Ancak kom\u015fu \u00fclkelerden \u00fcniversite okumak \u0130\u00e7in Gine\u2019ye gelmektedir. \u00dclkede <strong>\u00fcniversite e\u011fitim dili<\/strong> resmi dil olan Frans\u0131zcad\u0131r. \u00dcniversite e\u011fitimi almak isteyen ki\u015filer <strong>Gine \u00f6\u011frenci vizesi<\/strong> ba\u015fvurusunda bulunmal\u0131d\u0131r. \u00dcniversite \u00fccretleri d\u00fc\u015f\u00fckt\u00fcr. Bundan dolay\u0131 \u00e7evre \u00fclkelerden \u00fcniversite okumak isteyenlerin tercihleri aras\u0131nda bulunmaktad\u0131r. \u00dclkede \u00fc\u00e7 adet \u00fcniversite ve y\u00fcksekokul bulunmaktad\u0131r. Bunlar a\u015fa\u011f\u0131da verilmi\u015ftir.<\/span><\/p>\n<ul>\n<li><span style=\"font-family: Roboto; font-size: 14px;\">Katolik De L&#8217;afrique De L&#8217;ouest \u00dcniversitesi<\/span><\/li>\n<li><span style=\"font-family: Roboto; font-size: 14px;\">Kankan \u00dcniversitesi<\/span><\/li>\n<li><span style=\"font-family: Roboto; font-size: 14px;\">Gamal Abdel Nas\u0131r Conakry \u00dcniversitesi<\/span><\/li>\n<\/ul>\n<p><img decoding=\"async\" src=\"https:\/\/myvize.com.tr\/gine\/wp-content\/uploads\/2021\/10\/16.jpg\" \/><\/p>\n","protected":false},"excerpt":{"rendered":"<p>Gine \u00dcniversite E\u011fitimi Hakk\u0131nda\u00a0 Gine Afrika K\u0131ta\u2019s\u0131n\u0131n Bat\u0131s\u0131nda bulunmaktad\u0131r. S\u0131n\u0131r kom\u015fular\u0131 Liberya, Sierra Leone, Gine-Bissau, Mali, Senegal ve Fildi\u015fi Sahili olu\u015fturmaktad\u0131r. Ayr\u0131ca bat\u0131s\u0131nda Atlas Okyanusu bulunmaktad\u0131r. \u00dclkenin ba\u015fkenti ve ayn\u0131 zamanda en kalabal\u0131k \u015fehri Conakry\u2019dir. Gine\u2019nin resmi dili Frans\u0131zcad\u0131r. \u00dclkenin b\u00fcy\u00fck bir b\u00f6l\u00fcm\u00fc M\u00fcsl\u00fcmand\u0131r. Gine e\u011fitim konusunda karma\u015f\u0131k bir yap\u0131ya sahiptir. Bunun nedeni \u00fclkede bir\u00e7ok<\/p>\n","protected":false},"author":1,"featured_media":0,"parent":18,"menu_order":0,"comment_status":"closed","ping_status":"closed","template":"","meta":{"footnotes":""},"class_list":["post-53","page","type-page","status-publish","hentry"],"yoast_head":"<!-- This site is optimized with the Yoast SEO plugin v26.8 - https:\/\/yoast.com\/product\/yoast-seo-wordpress\/ -->\n<title>Gine \u00dcniversite E\u011fitimi - Gine Eramus E\u011fitimi - MyVize<\/title>\n<meta name=\"description\" content=\"Gine \u00dcniversite E\u011fitimi Nas\u0131l Al\u0131n\u0131r? Gine \u00dcniversite E\u011fitimi \u015eartlar\u0131 Nelerdir? Gine \u00dcniversite E\u011fitimi Ba\u015fvurusu Nas\u0131l Yap\u0131l\u0131r?\" \/>\n<meta name=\"robots\" content=\"index, follow, max-snippet:-1, max-image-preview:large, max-video-preview:-1\" \/>\n<link rel=\"canonical\" href=\"https:\/\/myvize.com.tr\/gine\/vize-islemleri\/gine-universite-egitimi\/\" \/>\n<meta property=\"og:locale\" content=\"tr_TR\" \/>\n<meta property=\"og:type\" content=\"article\" \/>\n<meta property=\"og:title\" content=\"Gine \u00dcniversite E\u011fitimi - Gine Eramus E\u011fitimi - MyVize\" \/>\n<meta property=\"og:description\" content=\"Gine \u00dcniversite E\u011fitimi Nas\u0131l Al\u0131n\u0131r? Gine \u00dcniversite E\u011fitimi \u015eartlar\u0131 Nelerdir? Gine \u00dcniversite E\u011fitimi Ba\u015fvurusu Nas\u0131l Yap\u0131l\u0131r?\" \/>\n<meta property=\"og:url\" content=\"https:\/\/myvize.com.tr\/gine\/vize-islemleri\/gine-universite-egitimi\/\" \/>\n<meta property=\"og:site_name\" content=\"Gine Vizesi\" \/>\n<meta property=\"article:modified_time\" content=\"2022-05-10T12:50:32+00:00\" \/>\n<meta property=\"og:image\" content=\"https:\/\/myvize.com.tr\/gine\/wp-content\/uploads\/2021\/10\/16.jpg\" \/>\n<meta name=\"twitter:card\" content=\"summary_large_image\" \/>\n<meta name=\"twitter:label1\" content=\"Tahmini okuma s\u00fcresi\" \/>\n\t<meta name=\"twitter:data1\" content=\"1 dakika\" \/>\n<script type=\"application\/ld+json\" class=\"yoast-schema-graph\">{\"@context\":\"https:\/\/schema.org\",\"@graph\":[{\"@type\":\"WebPage\",\"@id\":\"https:\/\/myvize.com.tr\/gine\/vize-islemleri\/gine-universite-egitimi\/\",\"url\":\"https:\/\/myvize.com.tr\/gine\/vize-islemleri\/gine-universite-egitimi\/\",\"name\":\"Gine \u00dcniversite E\u011fitimi - Gine Eramus E\u011fitimi - MyVize\",\"isPartOf\":{\"@id\":\"https:\/\/myvize.com.tr\/gine\/#website\"},\"primaryImageOfPage\":{\"@id\":\"https:\/\/myvize.com.tr\/gine\/vize-islemleri\/gine-universite-egitimi\/#primaryimage\"},\"image\":{\"@id\":\"https:\/\/myvize.com.tr\/gine\/vize-islemleri\/gine-universite-egitimi\/#primaryimage\"},\"thumbnailUrl\":\"https:\/\/myvize.com.tr\/gine\/wp-content\/uploads\/2021\/10\/16.jpg\",\"datePublished\":\"2020-11-30T09:50:00+00:00\",\"dateModified\":\"2022-05-10T12:50:32+00:00\",\"description\":\"Gine \u00dcniversite E\u011fitimi Nas\u0131l Al\u0131n\u0131r? Gine \u00dcniversite E\u011fitimi \u015eartlar\u0131 Nelerdir? Gine \u00dcniversite E\u011fitimi Ba\u015fvurusu Nas\u0131l Yap\u0131l\u0131r?\",\"breadcrumb\":{\"@id\":\"https:\/\/myvize.com.tr\/gine\/vize-islemleri\/gine-universite-egitimi\/#breadcrumb\"},\"inLanguage\":\"tr\",\"potentialAction\":[{\"@type\":\"ReadAction\",\"target\":[\"https:\/\/myvize.com.tr\/gine\/vize-islemleri\/gine-universite-egitimi\/\"]}]},{\"@type\":\"ImageObject\",\"inLanguage\":\"tr\",\"@id\":\"https:\/\/myvize.com.tr\/gine\/vize-islemleri\/gine-universite-egitimi\/#primaryimage\",\"url\":\"https:\/\/myvize.com.tr\/gine\/wp-content\/uploads\/2021\/10\/16.jpg\",\"contentUrl\":\"https:\/\/myvize.com.tr\/gine\/wp-content\/uploads\/2021\/10\/16.jpg\",\"width\":800,\"height\":500,\"caption\":\"Gine \u00dcniversite E\u011fitimi\"},{\"@type\":\"BreadcrumbList\",\"@id\":\"https:\/\/myvize.com.tr\/gine\/vize-islemleri\/gine-universite-egitimi\/#breadcrumb\",\"itemListElement\":[{\"@type\":\"ListItem\",\"position\":1,\"name\":\"Anasayfa\",\"item\":\"https:\/\/myvize.com.tr\/gine\/\"},{\"@type\":\"ListItem\",\"position\":2,\"name\":\"V\u0130ZE \u0130\u015eLEMLER\u0130\",\"item\":\"https:\/\/myvize.com.tr\/gine\/vize-islemleri\/\"},{\"@type\":\"ListItem\",\"position\":3,\"name\":\"Gine \u00dcniversite E\u011fitimi\"}]},{\"@type\":\"WebSite\",\"@id\":\"https:\/\/myvize.com.tr\/gine\/#website\",\"url\":\"https:\/\/myvize.com.tr\/gine\/\",\"name\":\"Gine Vizesi\",\"description\":\"\",\"potentialAction\":[{\"@type\":\"SearchAction\",\"target\":{\"@type\":\"EntryPoint\",\"urlTemplate\":\"https:\/\/myvize.com.tr\/gine\/?s={search_term_string}\"},\"query-input\":{\"@type\":\"PropertyValueSpecification\",\"valueRequired\":true,\"valueName\":\"search_term_string\"}}],\"inLanguage\":\"tr\"}]}<\/script>\n<!-- \/ Yoast SEO plugin. -->","yoast_head_json":{"title":"Gine \u00dcniversite E\u011fitimi - Gine Eramus E\u011fitimi - MyVize","description":"Gine \u00dcniversite E\u011fitimi Nas\u0131l Al\u0131n\u0131r? Gine \u00dcniversite E\u011fitimi \u015eartlar\u0131 Nelerdir? Gine \u00dcniversite E\u011fitimi Ba\u015fvurusu Nas\u0131l Yap\u0131l\u0131r?","robots":{"index":"index","follow":"follow","max-snippet":"max-snippet:-1","max-image-preview":"max-image-preview:large","max-video-preview":"max-video-preview:-1"},"canonical":"https:\/\/myvize.com.tr\/gine\/vize-islemleri\/gine-universite-egitimi\/","og_locale":"tr_TR","og_type":"article","og_title":"Gine \u00dcniversite E\u011fitimi - Gine Eramus E\u011fitimi - MyVize","og_description":"Gine \u00dcniversite E\u011fitimi Nas\u0131l Al\u0131n\u0131r? Gine \u00dcniversite E\u011fitimi \u015eartlar\u0131 Nelerdir? Gine \u00dcniversite E\u011fitimi Ba\u015fvurusu Nas\u0131l Yap\u0131l\u0131r?","og_url":"https:\/\/myvize.com.tr\/gine\/vize-islemleri\/gine-universite-egitimi\/","og_site_name":"Gine Vizesi","article_modified_time":"2022-05-10T12:50:32+00:00","og_image":[{"url":"https:\/\/myvize.com.tr\/gine\/wp-content\/uploads\/2021\/10\/16.jpg","type":"","width":"","height":""}],"twitter_card":"summary_large_image","twitter_misc":{"Tahmini okuma s\u00fcresi":"1 dakika"},"schema":{"@context":"https:\/\/schema.org","@graph":[{"@type":"WebPage","@id":"https:\/\/myvize.com.tr\/gine\/vize-islemleri\/gine-universite-egitimi\/","url":"https:\/\/myvize.com.tr\/gine\/vize-islemleri\/gine-universite-egitimi\/","name":"Gine \u00dcniversite E\u011fitimi - Gine Eramus E\u011fitimi - MyVize","isPartOf":{"@id":"https:\/\/myvize.com.tr\/gine\/#website"},"primaryImageOfPage":{"@id":"https:\/\/myvize.com.tr\/gine\/vize-islemleri\/gine-universite-egitimi\/#primaryimage"},"image":{"@id":"https:\/\/myvize.com.tr\/gine\/vize-islemleri\/gine-universite-egitimi\/#primaryimage"},"thumbnailUrl":"https:\/\/myvize.com.tr\/gine\/wp-content\/uploads\/2021\/10\/16.jpg","datePublished":"2020-11-30T09:50:00+00:00","dateModified":"2022-05-10T12:50:32+00:00","description":"Gine \u00dcniversite E\u011fitimi Nas\u0131l Al\u0131n\u0131r? Gine \u00dcniversite E\u011fitimi \u015eartlar\u0131 Nelerdir? Gine \u00dcniversite E\u011fitimi Ba\u015fvurusu Nas\u0131l Yap\u0131l\u0131r?","breadcrumb":{"@id":"https:\/\/myvize.com.tr\/gine\/vize-islemleri\/gine-universite-egitimi\/#breadcrumb"},"inLanguage":"tr","potentialAction":[{"@type":"ReadAction","target":["https:\/\/myvize.com.tr\/gine\/vize-islemleri\/gine-universite-egitimi\/"]}]},{"@type":"ImageObject","inLanguage":"tr","@id":"https:\/\/myvize.com.tr\/gine\/vize-islemleri\/gine-universite-egitimi\/#primaryimage","url":"https:\/\/myvize.com.tr\/gine\/wp-content\/uploads\/2021\/10\/16.jpg","contentUrl":"https:\/\/myvize.com.tr\/gine\/wp-content\/uploads\/2021\/10\/16.jpg","width":800,"height":500,"caption":"Gine \u00dcniversite E\u011fitimi"},{"@type":"BreadcrumbList","@id":"https:\/\/myvize.com.tr\/gine\/vize-islemleri\/gine-universite-egitimi\/#breadcrumb","itemListElement":[{"@type":"ListItem","position":1,"name":"Anasayfa","item":"https:\/\/myvize.com.tr\/gine\/"},{"@type":"ListItem","position":2,"name":"V\u0130ZE \u0130\u015eLEMLER\u0130","item":"https:\/\/myvize.com.tr\/gine\/vize-islemleri\/"},{"@type":"ListItem","position":3,"name":"Gine \u00dcniversite E\u011fitimi"}]},{"@type":"WebSite","@id":"https:\/\/myvize.com.tr\/gine\/#website","url":"https:\/\/myvize.com.tr\/gine\/","name":"Gine Vizesi","description":"","potentialAction":[{"@type":"SearchAction","target":{"@type":"EntryPoint","urlTemplate":"https:\/\/myvize.com.tr\/gine\/?s={search_term_string}"},"query-input":{"@type":"PropertyValueSpecification","valueRequired":true,"valueName":"search_term_string"}}],"inLanguage":"tr"}]}},"_links":{"self":[{"href":"https:\/\/myvize.com.tr\/gine\/wp-json\/wp\/v2\/pages\/53","targetHints":{"allow":["GET"]}}],"collection":[{"href":"https:\/\/myvize.com.tr\/gine\/wp-json\/wp\/v2\/pages"}],"about":[{"href":"https:\/\/myvize.com.tr\/gine\/wp-json\/wp\/v2\/types\/page"}],"author":[{"embeddable":true,"href":"https:\/\/myvize.com.tr\/gine\/wp-json\/wp\/v2\/users\/1"}],"replies":[{"embeddable":true,"href":"https:\/\/myvize.com.tr\/gine\/wp-json\/wp\/v2\/comments?post=53"}],"version-history":[{"count":6,"href":"https:\/\/myvize.com.tr\/gine\/wp-json\/wp\/v2\/pages\/53\/revisions"}],"predecessor-version":[{"id":410,"href":"https:\/\/myvize.com.tr\/gine\/wp-json\/wp\/v2\/pages\/53\/revisions\/410"}],"up":[{"embeddable":true,"href":"https:\/\/myvize.com.tr\/gine\/wp-json\/wp\/v2\/pages\/18"}],"wp:attachment":[{"href":"https:\/\/myvize.com.tr\/gine\/wp-json\/wp\/v2\/media?parent=53"}],"curies":[{"name":"wp","href":"https:\/\/api.w.org\/{rel}","templated":true}]}}