{"id":51,"date":"2020-11-30T12:49:31","date_gmt":"2020-11-30T09:49:31","guid":{"rendered":"https:\/\/myvize.com.tr\/gine\/?page_id=51"},"modified":"2022-05-10T15:50:12","modified_gmt":"2022-05-10T12:50:12","slug":"gine-vatandaslik-islemleri","status":"publish","type":"page","link":"https:\/\/myvize.com.tr\/gine\/vize-islemleri\/gine-vatandaslik-islemleri\/","title":{"rendered":"Gine Vatanda\u015fl\u0131k \u0130\u015flemleri"},"content":{"rendered":"<h2><strong><span style=\"font-family: Roboto; font-size: 27px;\">Gine Vatanda\u015fl\u0131k \u0130\u015flemleri Hakk\u0131nda<\/span><\/strong><\/h2>\n<p><span style=\"font-family: Roboto; font-size: 14px;\">Gine vatanda\u015fl\u0131k ba\u015fvurular\u0131n\u0131 de\u011ferlendirme yetkisi Gine \u0130\u00e7i\u015fleri Bakanl\u0131\u011f\u0131\u2019na aittir. Gine vatanda\u015fl\u0131\u011f\u0131 almak isteyen ki\u015filer ba\u015fvurular\u0131n\u0131 Gine\u2019nin T\u00fcrkiye\u2019de bulunan resmi d\u0131\u015f temsilciliklerine yapabilirler. Bunun i\u00e7in ba\u015fvuru sahiplerinin gerekli \u015fartlar\u0131 yerine getirmesi ve Gine vatanda\u015fl\u0131\u011f\u0131 i\u00e7in yeterli g\u00f6r\u00fclmeleri gerekmektedir.<\/span><\/p>\n<p><span style=\"font-family: Roboto; font-size: 14px;\"><strong>Gine vatanda\u015fl\u0131\u011f\u0131<\/strong> almak i\u00e7in bir\u00e7ok y\u00f6ntem vard\u0131r. Bu y\u00f6ntemler a\u015fa\u011f\u0131daki listede verilmi\u015ftir.<\/span><\/p>\n<ul>\n<li><span style=\"font-family: Roboto; font-size: 14px;\">Gine vatanda\u015f\u0131 bir ebeveyne sahip olmak<\/span><\/li>\n<li><span style=\"font-family: Roboto; font-size: 14px;\"><span style=\"color: #2acec2;\"><a style=\"color: #2acec2;\" href=\"https:\/\/myvize.com.tr\/gine\/vize-islemleri\/gine-oturum-izni\/\" target=\"_blank\" rel=\"noopener\"><strong>Gine Oturum izni<\/strong> <\/a><\/span>ile Gine vatanda\u015fl\u0131\u011f\u0131<\/span><\/li>\n<li><span style=\"font-family: Roboto; font-size: 14px;\">Evlilik yolu ile Gine vatanda\u015fl\u0131\u011f\u0131<\/span><\/li>\n<li><span style=\"font-family: Roboto; font-size: 14px;\">Bir alanda belirli bir ba\u015far\u0131 sahibi olmu\u015f ki\u015filer<\/span><\/li>\n<li><span style=\"font-family: Roboto; font-size: 14px;\">Kan ba\u011f\u0131 ile Gine vatanda\u015fl\u0131\u011f\u0131<\/span><\/li>\n<li><span style=\"font-family: Roboto; font-size: 14px;\">\u00c7al\u0131\u015fma yolu ile Gine vatanda\u015fl\u0131\u011f\u0131<\/span><\/li>\n<\/ul>\n<p><img decoding=\"async\" src=\"https:\/\/myvize.com.tr\/gine\/wp-content\/uploads\/2021\/10\/15.jpg\" \/><\/p>\n<p><span style=\"font-family: Roboto; font-size: 14px;\">Yukar\u0131daki y\u00f6ntemlerden birisi ile <strong>Gine vatanda\u015fl\u0131k<\/strong> ba\u015fvurusunda bulunabilirsiniz. Ancak ba\u015fvuru yapaca\u011f\u0131n\u0131z vatanda\u015fl\u0131k y\u00f6ntemi i\u00e7in gerekli \u015fartlar\u0131 yerine getirmelisiniz. Yukar\u0131daki y\u00f6ntemlerin yan\u0131nda Gine\u2019de do\u011fmu\u015f ancak anne babas\u0131 belli olmayan ki\u015filer <strong>Gine vatanda\u015f\u0131<\/strong> olarak kaydedilmektedir. 18 ya\u015f alt\u0131n\u0131n tek ba\u015f\u0131na vatanda\u015fl\u0131k ba\u015fvurusu kabul edilmemektedir. Gine vatanda\u015fl\u0131\u011f\u0131na ge\u00e7mek i\u00e7in gerekli belgeler a\u015fa\u011f\u0131da verilmi\u015ftir. Ba\u015fvurular genellikle 3 ay i\u00e7erisinde sonu\u00e7lanmaktad\u0131r.<\/span><\/p>\n<ul>\n<li><span style=\"font-family: Roboto; font-size: 14px;\">Pasaport<\/span><\/li>\n<li><span style=\"font-family: Roboto; font-size: 14px;\">Vatanda\u015fl\u0131k dilek\u00e7esi<\/span><\/li>\n<li><span style=\"font-family: Roboto;\"><a href=\"https:\/\/myvize.com.tr\/gine\/vize-islemleri\/gine-vize-basvuru-formu\/\" target=\"_blank\" rel=\"noopener\"><strong><span style=\"font-size: 14px; color: #2acec2;\">Gine Vize Ba\u015fvuru formu<\/span><\/strong><\/a><\/span><\/li>\n<li><span style=\"font-family: Roboto; font-size: 14px;\">Kimlik fotokopisi<\/span><\/li>\n<li><span style=\"font-family: Roboto; font-size: 14px;\">Var ise tapu fotokopileri, ara\u00e7 ruhsatlar\u0131 ve ek gelirleri g\u00f6steren belgeler<\/span><\/li>\n<li><span style=\"font-family: Roboto; font-size: 14px;\">Aile bilgileri<\/span><\/li>\n<li><span style=\"font-family: Roboto; font-size: 14px;\">Tam vukuatl\u0131 n\u00fcfus kay\u0131t \u00f6rne\u011fi<\/span><\/li>\n<li><span style=\"font-family: Roboto; font-size: 14px;\">Finansal durumunu g\u00f6steren belgeler<\/span><\/li>\n<li><span style=\"font-family: Roboto; font-size: 14px;\">Evlilik yolu ile vatanda\u015fl\u0131k al\u0131nacaksa evlilik c\u00fczdan\u0131 ve Uluslararas\u0131 Evlilik Kay\u0131t \u00d6rne\u011fi<\/span><\/li>\n<li><span style=\"font-family: Roboto; font-size: 14px;\">Uluslararas\u0131 do\u011fum belgesi<\/span><\/li>\n<\/ul>\n<h2><strong><span style=\"font-family: Roboto; font-size: 27px;\">Gine Vatanda\u015fl\u0131\u011f\u0131 Alma<\/span><\/strong><\/h2>\n<p><span style=\"font-family: Roboto; font-size: 14px;\"><strong>Gine vatanda\u015fl\u0131\u011f\u0131 almak<\/strong> isteyen ki\u015filer, Gine vatanda\u015fl\u0131\u011f\u0131n\u0131 nas\u0131l alaca\u011f\u0131n\u0131 ara\u015ft\u0131rmaktad\u0131r. Gine vatanda\u015fl\u0131\u011f\u0131 alacak ola ki\u015filer i\u00e7in bu yaz\u0131da Gine vatanda\u015fl\u0131\u011f\u0131 alma hakk\u0131nda bilgi verilmi\u015ftir.<\/span><\/p>\n<p><span style=\"font-family: Roboto; font-size: 14px;\">Gine vatanda\u015fl\u0131\u011f\u0131 alacak olan ki\u015filerin Gine vatanda\u015fl\u0131\u011f\u0131 alabilmek i\u00e7in belirli bir nedeninin olmas\u0131 gerekmektedir. Bu yaz\u0131da Gine vatanda\u015fl\u0131\u011f\u0131 alacak olan ki\u015filer i\u00e7in Gine vatanda\u015fl\u0131\u011f\u0131 alma durumlar\u0131 verilmi\u015ftir.<\/span><\/p>\n<ul>\n<li><span style=\"font-family: Roboto; font-size: 14px;\">Gine vatanda\u015f\u0131 ile evli olan ki\u015filer i\u00e7in Gine vatanda\u015fl\u0131\u011f\u0131,<\/span><\/li>\n<li><span style=\"font-family: Roboto; font-size: 14px;\">Gine oturum izni ile Gine vatanda\u015fl\u0131\u011f\u0131,<\/span><\/li>\n<li><span style=\"font-family: Roboto; font-size: 14px;\"><strong>Gine \u00e7al\u0131\u015fma izni<\/strong> ile Gine vatanda\u015fl\u0131\u011f\u0131,<\/span><\/li>\n<li><span style=\"font-family: Roboto; font-size: 14px;\">Gine itibar\u0131n\u0131 y\u00fckseltecek sporcu, bilim adam\u0131, edebiyat\u00e7\u0131lar i\u00e7in Gine vatanda\u015fl\u0131\u011f\u0131,<\/span><\/li>\n<li><span style=\"font-family: Roboto; font-size: 14px;\">Gine\u2019de m\u00fclteci olarak Gine vatanda\u015fl\u0131\u011f\u0131<\/span><\/li>\n<\/ul>\n<p><span style=\"font-family: Roboto; font-size: 14px;\">Gine vatanda\u015fl\u0131\u011f\u0131 almak isteyen ki\u015filer i\u00e7in vatanda\u015fl\u0131\u011f\u0131n hangi durumda al\u0131naca\u011f\u0131 yukar\u0131da verilmi\u015ftir. Bu \u015fartlara ba\u011fl\u0131 olarak vatanda\u015fl\u0131k alabilir.<\/span><\/p>\n<h2><strong><span style=\"font-family: Roboto; font-size: 27px;\">Gine Vatanda\u015fl\u0131\u011f\u0131 Nas\u0131l Al\u0131n\u0131r?<\/span><\/strong><\/h2>\n<p><span style=\"font-family: Roboto; font-size: 14px;\">Gine vatanda\u015fl\u0131\u011f\u0131 almak isteyen ki\u015filer, Gine vatanda\u015fl\u0131\u011f\u0131n\u0131n nas\u0131l al\u0131naca\u011f\u0131n\u0131 ara\u015ft\u0131rmaktad\u0131r. Gine vatanda\u015fl\u0131\u011f\u0131 alacak olan ki\u015filer i\u00e7in bu yaz\u0131da Gine vatanda\u015fl\u0131\u011f\u0131 nas\u0131l al\u0131n\u0131r? sorusu hakk\u0131nda cevap verilmi\u015ftir.<\/span><\/p>\n<ul>\n<li><span style=\"font-family: Roboto; font-size: 14px;\"><strong>Gine vatanda\u015fl\u0131\u011f\u0131<\/strong> alacak olan ki\u015filer, Gine vatanda\u015fl\u0131\u011f\u0131 almak istedi\u011fi ba\u015fvuru t\u00fcr\u00fcn\u00fc se\u00e7melidir.<\/span><\/li>\n<li><span style=\"font-family: Roboto; font-size: 14px;\">Ba\u015fvurular T\u00fcrkiye\u2019de ya da Gine\u2019de yap\u0131labilmektedir. T\u00fcrkiye\u2019de ba\u015fvurular Gine temsilciliklerine, Gine\u2019de ise Gine G\u00f6\u00e7men \u0130daresi\u2019ne yap\u0131labilir.<\/span><\/li>\n<li><span style=\"font-family: Roboto; font-size: 14px;\">Ba\u015fvuru yapacak olan ki\u015filer, <strong>Gine vatanda\u015fl\u0131\u011f\u0131 ba\u015fvurusu i\u00e7in gerekli olan evraklar\u0131<\/strong> eksiksiz olarak haz\u0131rlamal\u0131d\u0131r. Bu evraklar Gine vatanda\u015fl\u0131\u011f\u0131 alman\u0131z gerektirecek olan nedeni kan\u0131tlar nitelikte olmal\u0131d\u0131r.<\/span><\/li>\n<li><span style=\"font-family: Roboto; font-size: 14px;\">Gerekli olan \u015fartlar kar\u015f\u0131land\u0131ktan sonra Gine H\u00fck\u00fcmeti\u2019nin uygun g\u00f6rmesi durumunda Gine vatanda\u015fl\u0131\u011f\u0131 al\u0131nabilir. Ba\u015fvurular 6 ay i\u00e7erisinde sonu\u00e7lanmaktad\u0131r. Ba\u015fvuru incelenme s\u00fcrecindeki durumunuz sonuca etki etmektedir.<\/span><\/li>\n<\/ul>\n<h2><strong><span style=\"font-family: Roboto; font-size: 27px;\">Gine Vatanda\u015fl\u0131k Ba\u015fvurusu<\/span><\/strong><\/h2>\n<p><span style=\"font-family: Roboto; font-size: 14px;\"><strong>Gine vatanda\u015fl\u0131\u011f\u0131 almak<\/strong> isteyen ki\u015filer, Gine vatanda\u015fl\u0131k ba\u015fvurusunda bulunmal\u0131d\u0131r. Gine vatanda\u015fl\u0131k ba\u015fvurusunda bulunmak isteyen ki\u015filer i\u00e7in bu yaz\u0131da Gine vatanda\u015fl\u0131k ba\u015fvurusu hakk\u0131nda bilgi verilmi\u015ftir.<\/span><\/p>\n<ul>\n<li><span style=\"font-family: Roboto; font-size: 14px;\">Gine vatanda\u015fl\u0131\u011f\u0131 alacak olan ki\u015filer, Gine\u2019nin resmi dilini iyi derecede bilmelidir.<\/span><\/li>\n<li><span style=\"font-family: Roboto; font-size: 14px;\">Gine vatanda\u015fl\u0131k ba\u015fvurusu yapacak olan ki\u015filer, Gine kamu d\u00fczenini ve toplum ya\u015fam\u0131n\u0131 tehlikeye sokmamal\u0131d\u0131r.<\/span><\/li>\n<li><span style=\"font-family: Roboto; font-size: 14px;\">Gine vatanda\u015fl\u0131k ba\u015fvurusunda bulunacak olan ki\u015filer Gine itibar\u0131n\u0131 d\u00fc\u015f\u00fcrecek konumda olmamal\u0131d\u0131r.<\/span><\/li>\n<li><span style=\"font-family: Roboto; font-size: 14px;\">Gine vatanda\u015fl\u0131\u011f\u0131 alabilmek i\u00e7in Gine\u2019de ya\u015fam\u0131n\u0131z\u0131 idame ettirebilecek olan maddi duruma sahip olmal\u0131d\u0131r.<\/span><\/li>\n<li><span style=\"font-family: Roboto; font-size: 14px;\">Gine vatanda\u015fl\u0131k ba\u015fvurusu i\u00e7in Gine tarihi, sosyal ya\u015fam\u0131, anayasas\u0131, kanunlar\u0131 hakk\u0131nda bilgi sahibi olman\u0131z gerekmektedir.<\/span><\/li>\n<li><span style=\"font-family: Roboto; font-size: 14px;\"><strong>Gine vatanda\u015fl\u0131\u011f\u0131 verme yetkisi<\/strong> Gine H\u00fck\u00fcmetine aittir. B\u00fct\u00fcn \u015fartlar\u0131 kar\u015f\u0131lasan\u0131z bilr Gine vatanda\u015fl\u0131\u011f\u0131 alamayabilir.<\/span><\/li>\n<\/ul>\n<h3><strong><span style=\"font-family: Roboto; font-size: 24px;\">Gine Vatanda\u015fl\u0131k Randevusu<\/span><\/strong><\/h3>\n<p><span style=\"font-family: Roboto; font-size: 14px;\">Gine vatanda\u015fl\u0131\u011f\u0131 alacak olan ki\u015filer, Gine vatanda\u015fl\u0131k ba\u015fvurusu i\u00e7in randevu al\u0131n\u0131p al\u0131nmamas\u0131 hakk\u0131nda ara\u015ft\u0131rma yapmaktad\u0131r. A\u015fa\u011f\u0131da Gine vatanda\u015fl\u0131\u011f\u0131 alacak olan ki\u015filer i\u00e7in <strong>Gine vatanda\u015fl\u0131k randevusu<\/strong> hakk\u0131nda bilgi verilmi\u015ftir.<\/span><\/p>\n<p><span style=\"font-family: Roboto; font-size: 14px;\"><strong>Gine vatanda\u015fl\u0131k ba\u015fvurular\u0131;<\/strong> Gine\u2019nin T\u00fcrkiye\u2019de bulunan temsilciliklerine ya da Gine\u2019de bulunan Gine G\u00f6\u00e7 \u0130daresi\u2019ne yap\u0131labilir. T\u00fcrkiye\u2019de yap\u0131lacak olan Gine vatanda\u015fl\u0131k ba\u015fvurusu i\u00e7in randevu al\u0131nmas\u0131na gerek yoktur. Gine Konsoloslu\u011fu vatanda\u015fl\u0131k ba\u015fvurusu i\u00e7in randevu istememektedir. Ancak baz\u0131 durumlarda randevu al\u0131nmas\u0131 zorunlu olabilmektedir.<\/span><\/p>\n<p><span style=\"font-family: Roboto; font-size: 14px;\"><strong>Gine\u2019de ba\u015fvuru yapmak<\/strong> isteyen ki\u015filerin, Gine vatanda\u015fl\u0131k ba\u015fvurusu i\u00e7in randevu al\u0131p almama durumu hakk\u0131nda karar verme yetkisi Gine G\u00f6\u00e7 Ofisi\u2019ne aittir. Bu nedenle Gine vatanda\u015fl\u0131k ba\u015fvurusu hakk\u0131nda bilgi almak i\u00e7in ba\u015fvuru yapaca\u011f\u0131n\u0131z G\u00f6\u00e7 Ofisi ile ileti\u015fime ge\u00e7melisiniz.<\/span><\/p>\n","protected":false},"excerpt":{"rendered":"<p>Gine Vatanda\u015fl\u0131k \u0130\u015flemleri Hakk\u0131nda Gine vatanda\u015fl\u0131k ba\u015fvurular\u0131n\u0131 de\u011ferlendirme yetkisi Gine \u0130\u00e7i\u015fleri Bakanl\u0131\u011f\u0131\u2019na aittir. Gine vatanda\u015fl\u0131\u011f\u0131 almak isteyen ki\u015filer ba\u015fvurular\u0131n\u0131 Gine\u2019nin T\u00fcrkiye\u2019de bulunan resmi d\u0131\u015f temsilciliklerine yapabilirler. Bunun i\u00e7in ba\u015fvuru sahiplerinin gerekli \u015fartlar\u0131 yerine getirmesi ve Gine vatanda\u015fl\u0131\u011f\u0131 i\u00e7in yeterli g\u00f6r\u00fclmeleri gerekmektedir. Gine vatanda\u015fl\u0131\u011f\u0131 almak i\u00e7in bir\u00e7ok y\u00f6ntem vard\u0131r. Bu y\u00f6ntemler a\u015fa\u011f\u0131daki listede verilmi\u015ftir. Gine vatanda\u015f\u0131<\/p>\n","protected":false},"author":1,"featured_media":0,"parent":18,"menu_order":0,"comment_status":"closed","ping_status":"closed","template":"","meta":{"footnotes":""},"class_list":["post-51","page","type-page","status-publish","hentry"],"yoast_head":"<!-- This site is optimized with the Yoast SEO plugin v26.8 - https:\/\/yoast.com\/product\/yoast-seo-wordpress\/ -->\n<title>Gine Vatanda\u015fl\u0131k \u0130\u015flemleri Nelerdir? - Gine Vizesi - MyVize<\/title>\n<meta name=\"description\" content=\"Gine Vatanda\u015fl\u0131k \u0130\u015flemleri Nas\u0131l Yap\u0131l\u0131r? Gine Vatanda\u015fl\u0131k \u0130\u015flemleri Nelerdir? Gine Vatanda\u015fl\u0131k \u015eartlar\u0131 Nelerdir?\" \/>\n<meta name=\"robots\" content=\"index, follow, max-snippet:-1, max-image-preview:large, max-video-preview:-1\" \/>\n<link rel=\"canonical\" href=\"https:\/\/myvize.com.tr\/gine\/vize-islemleri\/gine-vatandaslik-islemleri\/\" \/>\n<meta property=\"og:locale\" content=\"tr_TR\" \/>\n<meta property=\"og:type\" content=\"article\" \/>\n<meta property=\"og:title\" content=\"Gine Vatanda\u015fl\u0131k \u0130\u015flemleri Nelerdir? - Gine Vizesi - MyVize\" \/>\n<meta property=\"og:description\" content=\"Gine Vatanda\u015fl\u0131k \u0130\u015flemleri Nas\u0131l Yap\u0131l\u0131r? Gine Vatanda\u015fl\u0131k \u0130\u015flemleri Nelerdir? Gine Vatanda\u015fl\u0131k \u015eartlar\u0131 Nelerdir?\" \/>\n<meta property=\"og:url\" content=\"https:\/\/myvize.com.tr\/gine\/vize-islemleri\/gine-vatandaslik-islemleri\/\" \/>\n<meta property=\"og:site_name\" content=\"Gine Vizesi\" \/>\n<meta property=\"article:modified_time\" content=\"2022-05-10T12:50:12+00:00\" \/>\n<meta property=\"og:image\" content=\"https:\/\/myvize.com.tr\/gine\/wp-content\/uploads\/2021\/10\/15.jpg\" \/>\n<meta name=\"twitter:card\" content=\"summary_large_image\" \/>\n<meta name=\"twitter:label1\" content=\"Tahmini okuma s\u00fcresi\" \/>\n\t<meta name=\"twitter:data1\" content=\"2 dakika\" \/>\n<script type=\"application\/ld+json\" class=\"yoast-schema-graph\">{\"@context\":\"https:\/\/schema.org\",\"@graph\":[{\"@type\":\"WebPage\",\"@id\":\"https:\/\/myvize.com.tr\/gine\/vize-islemleri\/gine-vatandaslik-islemleri\/\",\"url\":\"https:\/\/myvize.com.tr\/gine\/vize-islemleri\/gine-vatandaslik-islemleri\/\",\"name\":\"Gine Vatanda\u015fl\u0131k \u0130\u015flemleri Nelerdir? - Gine Vizesi - MyVize\",\"isPartOf\":{\"@id\":\"https:\/\/myvize.com.tr\/gine\/#website\"},\"primaryImageOfPage\":{\"@id\":\"https:\/\/myvize.com.tr\/gine\/vize-islemleri\/gine-vatandaslik-islemleri\/#primaryimage\"},\"image\":{\"@id\":\"https:\/\/myvize.com.tr\/gine\/vize-islemleri\/gine-vatandaslik-islemleri\/#primaryimage\"},\"thumbnailUrl\":\"https:\/\/myvize.com.tr\/gine\/wp-content\/uploads\/2021\/10\/15.jpg\",\"datePublished\":\"2020-11-30T09:49:31+00:00\",\"dateModified\":\"2022-05-10T12:50:12+00:00\",\"description\":\"Gine Vatanda\u015fl\u0131k \u0130\u015flemleri Nas\u0131l Yap\u0131l\u0131r? Gine Vatanda\u015fl\u0131k \u0130\u015flemleri Nelerdir? Gine Vatanda\u015fl\u0131k \u015eartlar\u0131 Nelerdir?\",\"breadcrumb\":{\"@id\":\"https:\/\/myvize.com.tr\/gine\/vize-islemleri\/gine-vatandaslik-islemleri\/#breadcrumb\"},\"inLanguage\":\"tr\",\"potentialAction\":[{\"@type\":\"ReadAction\",\"target\":[\"https:\/\/myvize.com.tr\/gine\/vize-islemleri\/gine-vatandaslik-islemleri\/\"]}]},{\"@type\":\"ImageObject\",\"inLanguage\":\"tr\",\"@id\":\"https:\/\/myvize.com.tr\/gine\/vize-islemleri\/gine-vatandaslik-islemleri\/#primaryimage\",\"url\":\"https:\/\/myvize.com.tr\/gine\/wp-content\/uploads\/2021\/10\/15.jpg\",\"contentUrl\":\"https:\/\/myvize.com.tr\/gine\/wp-content\/uploads\/2021\/10\/15.jpg\",\"width\":800,\"height\":500,\"caption\":\"Gine Vatanda\u015fl\u0131k \u0130\u015flemleri\"},{\"@type\":\"BreadcrumbList\",\"@id\":\"https:\/\/myvize.com.tr\/gine\/vize-islemleri\/gine-vatandaslik-islemleri\/#breadcrumb\",\"itemListElement\":[{\"@type\":\"ListItem\",\"position\":1,\"name\":\"Anasayfa\",\"item\":\"https:\/\/myvize.com.tr\/gine\/\"},{\"@type\":\"ListItem\",\"position\":2,\"name\":\"V\u0130ZE \u0130\u015eLEMLER\u0130\",\"item\":\"https:\/\/myvize.com.tr\/gine\/vize-islemleri\/\"},{\"@type\":\"ListItem\",\"position\":3,\"name\":\"Gine Vatanda\u015fl\u0131k \u0130\u015flemleri\"}]},{\"@type\":\"WebSite\",\"@id\":\"https:\/\/myvize.com.tr\/gine\/#website\",\"url\":\"https:\/\/myvize.com.tr\/gine\/\",\"name\":\"Gine Vizesi\",\"description\":\"\",\"potentialAction\":[{\"@type\":\"SearchAction\",\"target\":{\"@type\":\"EntryPoint\",\"urlTemplate\":\"https:\/\/myvize.com.tr\/gine\/?s={search_term_string}\"},\"query-input\":{\"@type\":\"PropertyValueSpecification\",\"valueRequired\":true,\"valueName\":\"search_term_string\"}}],\"inLanguage\":\"tr\"}]}<\/script>\n<!-- \/ Yoast SEO plugin. -->","yoast_head_json":{"title":"Gine Vatanda\u015fl\u0131k \u0130\u015flemleri Nelerdir? - Gine Vizesi - MyVize","description":"Gine Vatanda\u015fl\u0131k \u0130\u015flemleri Nas\u0131l Yap\u0131l\u0131r? Gine Vatanda\u015fl\u0131k \u0130\u015flemleri Nelerdir? Gine Vatanda\u015fl\u0131k \u015eartlar\u0131 Nelerdir?","robots":{"index":"index","follow":"follow","max-snippet":"max-snippet:-1","max-image-preview":"max-image-preview:large","max-video-preview":"max-video-preview:-1"},"canonical":"https:\/\/myvize.com.tr\/gine\/vize-islemleri\/gine-vatandaslik-islemleri\/","og_locale":"tr_TR","og_type":"article","og_title":"Gine Vatanda\u015fl\u0131k \u0130\u015flemleri Nelerdir? - Gine Vizesi - MyVize","og_description":"Gine Vatanda\u015fl\u0131k \u0130\u015flemleri Nas\u0131l Yap\u0131l\u0131r? Gine Vatanda\u015fl\u0131k \u0130\u015flemleri Nelerdir? Gine Vatanda\u015fl\u0131k \u015eartlar\u0131 Nelerdir?","og_url":"https:\/\/myvize.com.tr\/gine\/vize-islemleri\/gine-vatandaslik-islemleri\/","og_site_name":"Gine Vizesi","article_modified_time":"2022-05-10T12:50:12+00:00","og_image":[{"url":"https:\/\/myvize.com.tr\/gine\/wp-content\/uploads\/2021\/10\/15.jpg","type":"","width":"","height":""}],"twitter_card":"summary_large_image","twitter_misc":{"Tahmini okuma s\u00fcresi":"2 dakika"},"schema":{"@context":"https:\/\/schema.org","@graph":[{"@type":"WebPage","@id":"https:\/\/myvize.com.tr\/gine\/vize-islemleri\/gine-vatandaslik-islemleri\/","url":"https:\/\/myvize.com.tr\/gine\/vize-islemleri\/gine-vatandaslik-islemleri\/","name":"Gine Vatanda\u015fl\u0131k \u0130\u015flemleri Nelerdir? - Gine Vizesi - MyVize","isPartOf":{"@id":"https:\/\/myvize.com.tr\/gine\/#website"},"primaryImageOfPage":{"@id":"https:\/\/myvize.com.tr\/gine\/vize-islemleri\/gine-vatandaslik-islemleri\/#primaryimage"},"image":{"@id":"https:\/\/myvize.com.tr\/gine\/vize-islemleri\/gine-vatandaslik-islemleri\/#primaryimage"},"thumbnailUrl":"https:\/\/myvize.com.tr\/gine\/wp-content\/uploads\/2021\/10\/15.jpg","datePublished":"2020-11-30T09:49:31+00:00","dateModified":"2022-05-10T12:50:12+00:00","description":"Gine Vatanda\u015fl\u0131k \u0130\u015flemleri Nas\u0131l Yap\u0131l\u0131r? Gine Vatanda\u015fl\u0131k \u0130\u015flemleri Nelerdir? Gine Vatanda\u015fl\u0131k \u015eartlar\u0131 Nelerdir?","breadcrumb":{"@id":"https:\/\/myvize.com.tr\/gine\/vize-islemleri\/gine-vatandaslik-islemleri\/#breadcrumb"},"inLanguage":"tr","potentialAction":[{"@type":"ReadAction","target":["https:\/\/myvize.com.tr\/gine\/vize-islemleri\/gine-vatandaslik-islemleri\/"]}]},{"@type":"ImageObject","inLanguage":"tr","@id":"https:\/\/myvize.com.tr\/gine\/vize-islemleri\/gine-vatandaslik-islemleri\/#primaryimage","url":"https:\/\/myvize.com.tr\/gine\/wp-content\/uploads\/2021\/10\/15.jpg","contentUrl":"https:\/\/myvize.com.tr\/gine\/wp-content\/uploads\/2021\/10\/15.jpg","width":800,"height":500,"caption":"Gine Vatanda\u015fl\u0131k \u0130\u015flemleri"},{"@type":"BreadcrumbList","@id":"https:\/\/myvize.com.tr\/gine\/vize-islemleri\/gine-vatandaslik-islemleri\/#breadcrumb","itemListElement":[{"@type":"ListItem","position":1,"name":"Anasayfa","item":"https:\/\/myvize.com.tr\/gine\/"},{"@type":"ListItem","position":2,"name":"V\u0130ZE \u0130\u015eLEMLER\u0130","item":"https:\/\/myvize.com.tr\/gine\/vize-islemleri\/"},{"@type":"ListItem","position":3,"name":"Gine Vatanda\u015fl\u0131k \u0130\u015flemleri"}]},{"@type":"WebSite","@id":"https:\/\/myvize.com.tr\/gine\/#website","url":"https:\/\/myvize.com.tr\/gine\/","name":"Gine Vizesi","description":"","potentialAction":[{"@type":"SearchAction","target":{"@type":"EntryPoint","urlTemplate":"https:\/\/myvize.com.tr\/gine\/?s={search_term_string}"},"query-input":{"@type":"PropertyValueSpecification","valueRequired":true,"valueName":"search_term_string"}}],"inLanguage":"tr"}]}},"_links":{"self":[{"href":"https:\/\/myvize.com.tr\/gine\/wp-json\/wp\/v2\/pages\/51","targetHints":{"allow":["GET"]}}],"collection":[{"href":"https:\/\/myvize.com.tr\/gine\/wp-json\/wp\/v2\/pages"}],"about":[{"href":"https:\/\/myvize.com.tr\/gine\/wp-json\/wp\/v2\/types\/page"}],"author":[{"embeddable":true,"href":"https:\/\/myvize.com.tr\/gine\/wp-json\/wp\/v2\/users\/1"}],"replies":[{"embeddable":true,"href":"https:\/\/myvize.com.tr\/gine\/wp-json\/wp\/v2\/comments?post=51"}],"version-history":[{"count":8,"href":"https:\/\/myvize.com.tr\/gine\/wp-json\/wp\/v2\/pages\/51\/revisions"}],"predecessor-version":[{"id":613,"href":"https:\/\/myvize.com.tr\/gine\/wp-json\/wp\/v2\/pages\/51\/revisions\/613"}],"up":[{"embeddable":true,"href":"https:\/\/myvize.com.tr\/gine\/wp-json\/wp\/v2\/pages\/18"}],"wp:attachment":[{"href":"https:\/\/myvize.com.tr\/gine\/wp-json\/wp\/v2\/media?parent=51"}],"curies":[{"name":"wp","href":"https:\/\/api.w.org\/{rel}","templated":true}]}}