{"id":49,"date":"2020-11-30T12:48:56","date_gmt":"2020-11-30T09:48:56","guid":{"rendered":"https:\/\/myvize.com.tr\/gine\/?page_id=49"},"modified":"2022-05-10T15:48:47","modified_gmt":"2022-05-10T12:48:47","slug":"gine-vize-reddi","status":"publish","type":"page","link":"https:\/\/myvize.com.tr\/gine\/vize-islemleri\/gine-vize-reddi\/","title":{"rendered":"Gine Vize Reddi"},"content":{"rendered":"<h2><strong><span style=\"font-family: Roboto; font-size: 27px;\">Gine Vize Reddi Hakk\u0131nda\u00a0<\/span><\/strong><\/h2>\n<p><span style=\"font-family: Roboto; font-size: 14px;\">Gine\u2019ye herhangi bir ama\u00e7la gidecek olan Umuma Mahsus Pasaport, Hususi Pasaport ve Hizmet Pasaportu sahibi olan T\u00fcrkiye Cumhuriyeti vatanda\u015flar\u0131 seyahat ama\u00e7lar\u0131na uygun olarak <span style=\"color: #2acec2;\"><a style=\"color: #2acec2;\" href=\"https:\/\/myvize.com.tr\/gine\/vize-islemleri\/gine-vizesi\/\" target=\"_blank\" rel=\"noopener\"><strong>Gine vizesi<\/strong><\/a><\/span> almal\u0131d\u0131r. Diplomatik Pasaport sahipleri 180 g\u00fcn i\u00e7erisinde 90 g\u00fcn\u00fc a\u015fmayan seyahatler i\u00e7in vizeden muaf tutulmu\u015ftur.<\/span><\/p>\n<p><span style=\"font-family: Roboto; font-size: 14px;\"><strong>Gine vize<\/strong> ba\u015fvurular\u0131 <strong>Gine Ankara B\u00fcy\u00fckel\u00e7ili\u011fi<\/strong> taraf\u0131ndan yetkilendirilmi\u015f vize ba\u015fvuru merkezlerine ba\u015fvuru yapabilmektedir. Ancak vize ba\u015fvurular\u0131 hakk\u0131nda karar verme yetkisi Gine Ankara B\u00fcy\u00fckel\u00e7ili\u011fi\u2019ne aittir. Gine<span style=\"color: #2acec2;\"><strong><a style=\"color: #2acec2;\" href=\"https:\/\/myvize.com.tr\/gine\/konsolosluklar\/ankara-buyukelciligi\/\" target=\"_blank\" rel=\"noopener\"> Ankara B\u00fcy\u00fckel\u00e7ili\u011fi<\/a><\/strong><\/span> vize ba\u015fvurular\u0131n\u0131 baz\u0131 nedenlerden reddedebilmektedir. Bu nedenler a\u015fa\u011f\u0131da verilmi\u015ftir.<\/span><\/p>\n<ul>\n<li><span style=\"font-family: Roboto; font-size: 14px;\"><strong>Sa\u011fl\u0131k Sigortas\u0131ndan Kaynakl\u0131 Vize Reddi<\/strong><strong>:<\/strong>\u00a0Gine\u2019ye yapaca\u011f\u0131n\u0131z seyahatlerinizde acil durumlar\u0131n\u0131zdaki ihtiya\u00e7lar\u0131n\u0131z\u0131 kar\u015f\u0131lamak i\u00e7in seyahat sa\u011fl\u0131k sigortas\u0131 yapt\u0131rmal\u0131s\u0131n\u0131z. Bu sigortan\u0131n uluslararas\u0131 ge\u00e7erlili\u011fi olmal\u0131d\u0131r. Ayr\u0131ca 30.000 Euro teminat\u0131 olmal\u0131d\u0131r.<\/span><\/li>\n<li><span style=\"font-family: Roboto; font-size: 14px;\"><strong>Kamu G\u00fcvenli\u011fi Nedeni ile Vize Reddi:\u00a0Gine devleti<\/strong> \u00fclkesine gelen yabanc\u0131 \u00fclke vatanda\u015flar\u0131n\u0131n kamu d\u00fczenini tehlikeye atmas\u0131n\u0131 istememektedir. Bundan \u015f\u00fcphelenirse vize reddi verebilir.<\/span><\/li>\n<li><span style=\"font-family: Roboto; font-size: 14px;\"><strong>Belgelerden Kaynakl\u0131 Vize Reddi:<\/strong>\u00a0Eksik veya hatal\u0131 belge beyan\u0131ndan dolay\u0131 vize reddi alabilirsiniz.<\/span><\/li>\n<li><span style=\"font-family: Roboto; font-size: 14px;\"><strong>Ekonomik \u015eartlardan Kaynakl\u0131 Vize Reddi:\u00a0<\/strong>Gine seyahatiniz boyunca masraflar\u0131n\u0131z\u0131 kar\u015f\u0131lamal\u0131s\u0131n\u0131z. Yeterli ekonomik \u015fartlara uymuyorsan\u0131z vize talebiniz reddedilir.<\/span><\/li>\n<li><span style=\"font-family: Roboto; font-size: 14px;\"><strong>\u00dclkeye Geri D\u00f6nme \u015e\u00fcphesi:\u00a0Gine\u00a0Cumhuriyeti<\/strong> \u00fclkesine gelen yabanc\u0131 uyruklu vatanda\u015flar\u0131n vize bitimine kadar \u00fclkeden ayr\u0131lmas\u0131n\u0131 talep eder. E\u011fer bu durumdan \u015f\u00fcphelenirse vize talebiniz reddedilir.<\/span><\/li>\n<\/ul>\n<p><span style=\"font-family: Roboto; font-size: 14px;\">Vize talebiniz reddedilirse Gine\u00a0Ankara B\u00fcy\u00fckel\u00e7ili\u011fi\u2019ne hitaben <strong>vize reddi<\/strong> itiraz dilek\u00e7esi yazarak vize reddine itiraz edebilirsiniz.<\/span><\/p>\n<p><img decoding=\"async\" src=\"https:\/\/myvize.com.tr\/gine\/wp-content\/uploads\/2021\/10\/9.jpg\" \/><\/p>\n<h2><strong><span style=\"font-family: Roboto; font-size: 27px;\">Gine Vize Reddi Nedir?<\/span><\/strong><\/h2>\n<p><span style=\"font-family: Roboto; font-size: 14px;\">Konsolosluk, Gine B\u00fcy\u00fckel\u00e7ili\u011fi ve Gine Konsoloslu\u011fu taraf\u0131ndan belirlenen \u015fartlar\u0131 ta\u015f\u0131mamakta olan ba\u015fvuru sahiplerinin <strong>Gine vizesi<\/strong> ba\u015fvurular\u0131n\u0131 reddetme hakk\u0131na sahiptir. Ba\u015fvuru sahiplerinin seyahat ama\u00e7lar\u0131n\u0131 kan\u0131tlayamamas\u0131, sahte veya eksik belge sunamamas\u0131, \u00fclkede kamu d\u00fczenini tehdit etmesi veya Gine seyahatinin sonunda \u00fclkeden ayr\u0131laca\u011f\u0131n\u0131 kan\u0131tlayan belgeleri ibraz etmemesi halinde vize reddedilecektir.<\/span><\/p>\n<p><span style=\"font-family: Roboto; font-size: 14px;\">Gine&#8217;ye ikamet ama\u00e7l\u0131 D vizesi veya Schengen vizesi isteyenler <strong>T\u00fcrkiye&#8217;deki Gine konsolosluklar\u0131<\/strong> taraf\u0131ndan de\u011ferlendirmeye al\u0131n\u0131r. Vize incelemesinin sonucuna ba\u011fl\u0131 olarak konsolosluk elbette vizenin reddine karar verme hakk\u0131na sahiptir. Fakat sizin de karar verilmi\u015f vize reddine itiraz etme hakk\u0131n\u0131z elbette vard\u0131r. Ki\u015finin, ret karar\u0131n\u0131n kendisine ula\u015ft\u0131\u011f\u0131 tarihten itibaren, ba\u015fvurdu\u011fu Gine Konsoloslu\u011funa itiraz dilek\u00e7esi vermesi i\u00e7in 30 g\u00fcn\u00fc vard\u0131r.<\/span><\/p>\n<p><span style=\"font-family: Roboto; font-size: 14px;\"><strong>Gine Konsoloslu\u011fu,<\/strong> vizenin giri\u015f say\u0131s\u0131n\u0131, s\u00fcresini ve sonucunu belirleyen tek yetkilidir. E\u011fer daha \u00f6nce vize reddi ile kar\u015f\u0131 kar\u015f\u0131ya kald\u0131ysan\u0131z, yeniden ba\u015fvurma konusunda herhangi bir k\u0131s\u0131tlama yap\u0131lmamaktad\u0131r. Vize reddi sonras\u0131nda veya di\u011fer Schengen \u00fcye \u00fclkelerinden vize ba\u015fvurular\u0131 i\u00e7in \u00f6denmi\u015f olan vize ba\u015fvuru merkezi i\u015flem masraflar\u0131 ve vize \u00fccretleri iade edilmemektedir.<\/span><\/p>\n<h2><span style=\"font-family: Roboto; font-size: 27px;\"><strong>Gine Vize Reddi Nedenleri<\/strong><\/span><\/h2>\n<p><span style=\"font-family: Roboto; font-size: 14px;\"><strong>Gine&#8217;de kamu g\u00fcvenli\u011fi<\/strong> endi\u015feleri nedeniyle vize reddi<\/span><\/p>\n<p><span style=\"font-family: Roboto; font-size: 14px;\">Gine vizesi i\u00e7in ba\u015fvuran ki\u015finin vize talebi, ki\u015finin mevcut kurallar \u00e7er\u00e7evesinde bir veya daha fazla Schengen \u00fcyesi \u00fclkede kamu d\u00fczeni ve g\u00fcvenli\u011fi i\u00e7in tehdit olu\u015fturmas\u0131 halinde reddedilecektir.<\/span><\/p>\n<p><span style=\"font-family: Roboto; font-size: 14px;\">Ki\u015finin kendi \u00fclkesine d\u00f6nme durumuna ba\u011fl\u0131 endi\u015fe edilecek nedenler elbette Gine&#8217;de vize reddi riskine yol a\u00e7abilmektedir.<\/span><\/p>\n<p><span style=\"font-family: Roboto; font-size: 14px;\"><strong>Gine vizesi i\u00e7in ba\u015fvurmak isteyenler,<\/strong> \u00dclkede kalacaklar\u0131 s\u00fcre tamamland\u0131ktan sonra \u00dclkeden \u00e7\u0131kacaklar\u0131na dair mutlaka fazlas\u0131yla ikna edici kan\u0131tlar sunmak zorundad\u0131r. Gine seyahatleri sonras\u0131nda kendi \u00fclkelerine d\u00f6necekleri konusunda ikna edemeyen veya durumu kan\u0131tlayamayan adaylar\u0131n vize ba\u015fvurular\u0131 do\u011fal olarak reddedilecektir.<\/span><\/p>\n<p><span style=\"font-family: Roboto; font-size: 14px;\">Yetersiz seyahat belgeleri<\/span><\/p>\n<p><span style=\"font-family: Roboto; font-size: 14px;\"><strong>Gine&#8217;ye vize almak<\/strong> isteyen adaylar orijinal, g\u00fcncel belgeler sunmal\u0131d\u0131r. Ba\u015fvuru sahibinin belgeleri eski, tahrif edilmi\u015f veya eksik ise, Gine b\u00fcy\u00fckel\u00e7ili\u011fi ba\u015fvuru sahibinin Gine vize ba\u015fvurusunu reddedebilir.<\/span><\/p>\n<p><span style=\"font-family: Roboto; font-size: 14px;\">Gine&#8217;de seyahat k\u0131s\u0131tlamalar\u0131 ve seyahatin amac\u0131 nedeniyle vize reddedilir.<\/span><\/p>\n<p><span style=\"font-family: Roboto; font-size: 14px;\">Gine Konsoloslu\u011fu&#8217;nda, Gine vizesi i\u00e7in ba\u015fvuranlar, seyahatlerinin amac\u0131na ve seyahat kriterlerine uygun olduklar\u0131n\u0131 g\u00f6steren belgeler sunmal\u0131d\u0131r. Adaylar, seyahatlerinin amac\u0131n\u0131 ve ko\u015fullar\u0131n\u0131 a\u00e7\u0131klayan belgeleri ibraz etmelidir. Bunu yapamayan veya belgeleri durum ile alakal\u0131 ikna edici olmayan adaylar do\u011fal olarak vize reddi riski ile kar\u015f\u0131 kar\u015f\u0131yad\u0131r.<\/span><\/p>\n<h2><span style=\"font-family: Roboto; font-size: 27px;\"><strong>T\u00fcrlerine g\u00f6re Gine Vizesi Retleri<\/strong><\/span><\/h2>\n<p><span style=\"font-family: Roboto; font-size: 14px;\">Schengen&#8217;e giri\u015f yasa\u011f\u0131 nedeniyle Gine vize reddi<\/span><\/p>\n<p><span style=\"font-family: Roboto; font-size: 14px;\">Herhangi bir Schengen B\u00f6lgesi \u00fcyesi \u00dclkenin verece\u011fi vize karar\u0131, di\u011fer Schengen B\u00f6lgesi \u00fcye \u00dclkeleri i\u00e7in de ba\u011flay\u0131c\u0131 olabilmektedir. Bu y\u00fczden t\u00fcm detaylar\u0131 d\u00fc\u015f\u00fcnmeniz gerekmektedir. Bu \u00fclkelerinden herhangi birini ziyaret edemeyen veya yasa\u011f\u0131 olan adaylar\u0131n vize ba\u015fvurular\u0131n\u0131n reddedilme olas\u0131l\u0131\u011f\u0131 d\u00fc\u015f\u00fcnd\u00fc\u011f\u00fcn\u00fczden daha fazlad\u0131r.<\/span><\/p>\n<p><span style=\"font-family: Roboto; font-size: 14px;\">Adalaylar\u0131n mevcut maddi durumu sebebiyle yap\u0131lan vize reddi<\/span><\/p>\n<p><span style=\"font-family: Roboto; font-size: 14px;\"><strong>Gine vizesi ba\u015fvuru sahipleri,<\/strong> Gine&#8217;de kald\u0131klar\u0131 s\u00fcre boyunca ihtiya\u00e7lar\u0131n\u0131 kar\u015f\u0131layacak mali kaynaklara sahip olduklar\u0131n\u0131 ve gelirlerinin me\u015fru oldu\u011funu g\u00f6steren t\u00fcm belgeleri mutlaka ibraz etmelidir. Gine Konsoloslu\u011fu, Gine vizesi ba\u015fvurusunda bulunan ki\u015finin seyahat etmek i\u00e7in mali imkanlar\u0131n\u0131n bulunmad\u0131\u011f\u0131n\u0131 veya me\u015fru mali se\u00e7enekleri bulunmad\u0131\u011f\u0131n\u0131 tespit ederse, Gine vizesi ba\u015fvurusu reddedilecektir.<\/span><\/p>\n<p><span style=\"font-family: Roboto; font-size: 14px;\">Schengen vizesinin sona erme tarihi nedeniyle <strong>Gine vizesi reddi<\/strong><\/span><\/p>\n<p><span style=\"font-family: Roboto; font-size: 14px;\">E\u011fer <strong>Gine Schengen vizesi almak<\/strong> isteyen adaylar, bir \u00f6nceki alt\u0131 ayl\u0131k s\u00fcre i\u00e7inde Schengen B\u00f6lgesi&#8217;nde zaten 90 g\u00fcnden daha fazla bir \u015fekilde zaman ge\u00e7irmi\u015fse, di\u011fer vize ba\u015fvurular\u0131 elbette reddedilmeye a\u00e7\u0131kt\u0131r.<\/span><\/p>\n<h3><span style=\"font-family: Roboto; font-size: 24px;\"><strong>Gine Turistik Vize Reddi<\/strong><\/span><\/h3>\n<p><span style=\"font-family: Roboto; font-size: 14px;\">Olumsuz veya olumlu bir vize al\u0131p almayaca\u011f\u0131n\u0131za karar verilebilmesi i\u00e7in, Gine&#8217;den veya ba\u015fka bir Schengen \u00fclkesinden al\u0131nan \u00f6nceki vizelerinizi mutlaka s\u0131k\u0131nt\u0131s\u0131z atlatman\u0131z gerekmektedir. Elbette do\u011fal olarak Schengen b\u00f6lgesine girmek i\u00e7in \u00f6ncelikle ba\u015fvurdu\u011funuz Schengen \u00fclkesine seyahat etmeniz gerekiyor. Ticari faaliyetlerde bulunmak, Turist vizesiyle ziyaret etmek gibi \u00f6rnekler verilebilir. Fakat seyahatinizin amac\u0131 ile alakas\u0131z bir \u015fey asla yapmamal\u0131s\u0131n\u0131z.<\/span><\/p>\n<p><span style=\"font-family: Roboto; font-size: 14px;\"><strong>Gine Schengen vizesi<\/strong> i\u00e7in ko\u015fullar belirli ko\u015fullarda,\u00a0 vizeyi ald\u0131\u011f\u0131n\u0131z \u00fclkeden giri\u015f kriterlerini esnek tutabilmektedir. Hollanda&#8217;da iki, Gine&#8217;de d\u00f6rt g\u00fcn ge\u00e7irmek istiyorsan\u0131z Gine Konsoloslu\u011funa ba\u015fvurman\u0131z gerekir; ancak, bu t\u00fcr talepler, otel rezervasyonlar\u0131 gibi belgelerle desteklenmelidir.<\/span><\/p>\n<p><span style=\"font-family: Roboto; font-size: 14px;\"><span style=\"color: #2acec2;\"><strong><a style=\"color: #2acec2;\" href=\"https:\/\/myvize.com.tr\/gine\/konsolosluklar\/\" target=\"_blank\" rel=\"noopener\">Gine Konsoloslu\u011fu<\/a><\/strong><\/span>, vize t\u00fcr\u00fcn\u00fcz\u00fcn daha d\u0131\u015f\u0131nda bir sebep ile, \u00f6rne\u011fin Gine&#8217;ye yerle\u015fip hayat\u0131n\u0131z\u0131 orada kurma gibi bir sebep ile geldi\u011finizi d\u00fc\u015f\u00fcn\u00fcrse elbette ba\u015fvurunuz reddedilme riskiyle kar\u015f\u0131 kar\u015f\u0131ya kalacakt\u0131r.<\/span><\/p>\n<p><span style=\"font-family: Roboto; font-size: 14px;\">Gine vizenizin zaman\u0131nda ula\u015ft\u0131\u011f\u0131ndan mutlaka emin olmak zorundas\u0131n\u0131z. Bu duruma emin yakla\u015fmak i\u00e7in seyahatinizden 5 ila 7 i\u015f g\u00fcn\u00fc \u00f6ncesinde ba\u015fvurunuzu yapabilirsiniz. <strong>Gine Konsoloslu\u011fu<\/strong> ek belge veya m\u00fclakat talep ederse, i\u015flem s\u00fcreleri uzayabilir ve vize seyahatinize zaman\u0131nda gelmeyebilir.<\/span><\/p>\n","protected":false},"excerpt":{"rendered":"<p>Gine Vize Reddi Hakk\u0131nda\u00a0 Gine\u2019ye herhangi bir ama\u00e7la gidecek olan Umuma Mahsus Pasaport, Hususi Pasaport ve Hizmet Pasaportu sahibi olan T\u00fcrkiye Cumhuriyeti vatanda\u015flar\u0131 seyahat ama\u00e7lar\u0131na uygun olarak Gine vizesi almal\u0131d\u0131r. Diplomatik Pasaport sahipleri 180 g\u00fcn i\u00e7erisinde 90 g\u00fcn\u00fc a\u015fmayan seyahatler i\u00e7in vizeden muaf tutulmu\u015ftur. Gine vize ba\u015fvurular\u0131 Gine Ankara B\u00fcy\u00fckel\u00e7ili\u011fi taraf\u0131ndan yetkilendirilmi\u015f vize ba\u015fvuru merkezlerine<\/p>\n","protected":false},"author":1,"featured_media":0,"parent":18,"menu_order":0,"comment_status":"closed","ping_status":"closed","template":"","meta":{"footnotes":""},"class_list":["post-49","page","type-page","status-publish","hentry"],"yoast_head":"<!-- This site is optimized with the Yoast SEO plugin v26.8 - https:\/\/yoast.com\/product\/yoast-seo-wordpress\/ -->\n<title>Gine Vize Reddi - Gine Vize Randevu \u0130\u015flemleri - MyVize<\/title>\n<meta name=\"description\" content=\"Gine Vize Reddi Neden Olur? Gine Vize Reddi mi Ald\u0131n\u0131z? Bilgi \u0130\u00e7in Vize Uzmanlar\u0131m\u0131z\u0131 Aray\u0131n: 0850 346 84 93\" \/>\n<meta name=\"robots\" content=\"index, follow, max-snippet:-1, max-image-preview:large, max-video-preview:-1\" \/>\n<link rel=\"canonical\" href=\"https:\/\/myvize.com.tr\/gine\/vize-islemleri\/gine-vize-reddi\/\" \/>\n<meta property=\"og:locale\" content=\"tr_TR\" \/>\n<meta property=\"og:type\" content=\"article\" \/>\n<meta property=\"og:title\" content=\"Gine Vize Reddi - Gine Vize Randevu \u0130\u015flemleri - MyVize\" \/>\n<meta property=\"og:description\" content=\"Gine Vize Reddi Neden Olur? Gine Vize Reddi mi Ald\u0131n\u0131z? Bilgi \u0130\u00e7in Vize Uzmanlar\u0131m\u0131z\u0131 Aray\u0131n: 0850 346 84 93\" \/>\n<meta property=\"og:url\" content=\"https:\/\/myvize.com.tr\/gine\/vize-islemleri\/gine-vize-reddi\/\" \/>\n<meta property=\"og:site_name\" content=\"Gine Vizesi\" \/>\n<meta property=\"article:modified_time\" content=\"2022-05-10T12:48:47+00:00\" \/>\n<meta property=\"og:image\" content=\"https:\/\/myvize.com.tr\/gine\/wp-content\/uploads\/2021\/10\/9.jpg\" \/>\n<meta name=\"twitter:card\" content=\"summary_large_image\" \/>\n<meta name=\"twitter:label1\" content=\"Tahmini okuma s\u00fcresi\" \/>\n\t<meta name=\"twitter:data1\" content=\"6 dakika\" \/>\n<script type=\"application\/ld+json\" class=\"yoast-schema-graph\">{\"@context\":\"https:\/\/schema.org\",\"@graph\":[{\"@type\":\"WebPage\",\"@id\":\"https:\/\/myvize.com.tr\/gine\/vize-islemleri\/gine-vize-reddi\/\",\"url\":\"https:\/\/myvize.com.tr\/gine\/vize-islemleri\/gine-vize-reddi\/\",\"name\":\"Gine Vize Reddi - Gine Vize Randevu \u0130\u015flemleri - MyVize\",\"isPartOf\":{\"@id\":\"https:\/\/myvize.com.tr\/gine\/#website\"},\"primaryImageOfPage\":{\"@id\":\"https:\/\/myvize.com.tr\/gine\/vize-islemleri\/gine-vize-reddi\/#primaryimage\"},\"image\":{\"@id\":\"https:\/\/myvize.com.tr\/gine\/vize-islemleri\/gine-vize-reddi\/#primaryimage\"},\"thumbnailUrl\":\"https:\/\/myvize.com.tr\/gine\/wp-content\/uploads\/2021\/10\/9.jpg\",\"datePublished\":\"2020-11-30T09:48:56+00:00\",\"dateModified\":\"2022-05-10T12:48:47+00:00\",\"description\":\"Gine Vize Reddi Neden Olur? Gine Vize Reddi mi Ald\u0131n\u0131z? Bilgi \u0130\u00e7in Vize Uzmanlar\u0131m\u0131z\u0131 Aray\u0131n: 0850 346 84 93\",\"breadcrumb\":{\"@id\":\"https:\/\/myvize.com.tr\/gine\/vize-islemleri\/gine-vize-reddi\/#breadcrumb\"},\"inLanguage\":\"tr\",\"potentialAction\":[{\"@type\":\"ReadAction\",\"target\":[\"https:\/\/myvize.com.tr\/gine\/vize-islemleri\/gine-vize-reddi\/\"]}]},{\"@type\":\"ImageObject\",\"inLanguage\":\"tr\",\"@id\":\"https:\/\/myvize.com.tr\/gine\/vize-islemleri\/gine-vize-reddi\/#primaryimage\",\"url\":\"https:\/\/myvize.com.tr\/gine\/wp-content\/uploads\/2021\/10\/9.jpg\",\"contentUrl\":\"https:\/\/myvize.com.tr\/gine\/wp-content\/uploads\/2021\/10\/9.jpg\",\"width\":800,\"height\":500,\"caption\":\"Gine Vize Reddi\"},{\"@type\":\"BreadcrumbList\",\"@id\":\"https:\/\/myvize.com.tr\/gine\/vize-islemleri\/gine-vize-reddi\/#breadcrumb\",\"itemListElement\":[{\"@type\":\"ListItem\",\"position\":1,\"name\":\"Anasayfa\",\"item\":\"https:\/\/myvize.com.tr\/gine\/\"},{\"@type\":\"ListItem\",\"position\":2,\"name\":\"V\u0130ZE \u0130\u015eLEMLER\u0130\",\"item\":\"https:\/\/myvize.com.tr\/gine\/vize-islemleri\/\"},{\"@type\":\"ListItem\",\"position\":3,\"name\":\"Gine Vize Reddi\"}]},{\"@type\":\"WebSite\",\"@id\":\"https:\/\/myvize.com.tr\/gine\/#website\",\"url\":\"https:\/\/myvize.com.tr\/gine\/\",\"name\":\"Gine Vizesi\",\"description\":\"\",\"potentialAction\":[{\"@type\":\"SearchAction\",\"target\":{\"@type\":\"EntryPoint\",\"urlTemplate\":\"https:\/\/myvize.com.tr\/gine\/?s={search_term_string}\"},\"query-input\":{\"@type\":\"PropertyValueSpecification\",\"valueRequired\":true,\"valueName\":\"search_term_string\"}}],\"inLanguage\":\"tr\"}]}<\/script>\n<!-- \/ Yoast SEO plugin. -->","yoast_head_json":{"title":"Gine Vize Reddi - Gine Vize Randevu \u0130\u015flemleri - MyVize","description":"Gine Vize Reddi Neden Olur? Gine Vize Reddi mi Ald\u0131n\u0131z? Bilgi \u0130\u00e7in Vize Uzmanlar\u0131m\u0131z\u0131 Aray\u0131n: 0850 346 84 93","robots":{"index":"index","follow":"follow","max-snippet":"max-snippet:-1","max-image-preview":"max-image-preview:large","max-video-preview":"max-video-preview:-1"},"canonical":"https:\/\/myvize.com.tr\/gine\/vize-islemleri\/gine-vize-reddi\/","og_locale":"tr_TR","og_type":"article","og_title":"Gine Vize Reddi - Gine Vize Randevu \u0130\u015flemleri - MyVize","og_description":"Gine Vize Reddi Neden Olur? Gine Vize Reddi mi Ald\u0131n\u0131z? Bilgi \u0130\u00e7in Vize Uzmanlar\u0131m\u0131z\u0131 Aray\u0131n: 0850 346 84 93","og_url":"https:\/\/myvize.com.tr\/gine\/vize-islemleri\/gine-vize-reddi\/","og_site_name":"Gine Vizesi","article_modified_time":"2022-05-10T12:48:47+00:00","og_image":[{"url":"https:\/\/myvize.com.tr\/gine\/wp-content\/uploads\/2021\/10\/9.jpg","type":"","width":"","height":""}],"twitter_card":"summary_large_image","twitter_misc":{"Tahmini okuma s\u00fcresi":"6 dakika"},"schema":{"@context":"https:\/\/schema.org","@graph":[{"@type":"WebPage","@id":"https:\/\/myvize.com.tr\/gine\/vize-islemleri\/gine-vize-reddi\/","url":"https:\/\/myvize.com.tr\/gine\/vize-islemleri\/gine-vize-reddi\/","name":"Gine Vize Reddi - Gine Vize Randevu \u0130\u015flemleri - MyVize","isPartOf":{"@id":"https:\/\/myvize.com.tr\/gine\/#website"},"primaryImageOfPage":{"@id":"https:\/\/myvize.com.tr\/gine\/vize-islemleri\/gine-vize-reddi\/#primaryimage"},"image":{"@id":"https:\/\/myvize.com.tr\/gine\/vize-islemleri\/gine-vize-reddi\/#primaryimage"},"thumbnailUrl":"https:\/\/myvize.com.tr\/gine\/wp-content\/uploads\/2021\/10\/9.jpg","datePublished":"2020-11-30T09:48:56+00:00","dateModified":"2022-05-10T12:48:47+00:00","description":"Gine Vize Reddi Neden Olur? Gine Vize Reddi mi Ald\u0131n\u0131z? Bilgi \u0130\u00e7in Vize Uzmanlar\u0131m\u0131z\u0131 Aray\u0131n: 0850 346 84 93","breadcrumb":{"@id":"https:\/\/myvize.com.tr\/gine\/vize-islemleri\/gine-vize-reddi\/#breadcrumb"},"inLanguage":"tr","potentialAction":[{"@type":"ReadAction","target":["https:\/\/myvize.com.tr\/gine\/vize-islemleri\/gine-vize-reddi\/"]}]},{"@type":"ImageObject","inLanguage":"tr","@id":"https:\/\/myvize.com.tr\/gine\/vize-islemleri\/gine-vize-reddi\/#primaryimage","url":"https:\/\/myvize.com.tr\/gine\/wp-content\/uploads\/2021\/10\/9.jpg","contentUrl":"https:\/\/myvize.com.tr\/gine\/wp-content\/uploads\/2021\/10\/9.jpg","width":800,"height":500,"caption":"Gine Vize Reddi"},{"@type":"BreadcrumbList","@id":"https:\/\/myvize.com.tr\/gine\/vize-islemleri\/gine-vize-reddi\/#breadcrumb","itemListElement":[{"@type":"ListItem","position":1,"name":"Anasayfa","item":"https:\/\/myvize.com.tr\/gine\/"},{"@type":"ListItem","position":2,"name":"V\u0130ZE \u0130\u015eLEMLER\u0130","item":"https:\/\/myvize.com.tr\/gine\/vize-islemleri\/"},{"@type":"ListItem","position":3,"name":"Gine Vize Reddi"}]},{"@type":"WebSite","@id":"https:\/\/myvize.com.tr\/gine\/#website","url":"https:\/\/myvize.com.tr\/gine\/","name":"Gine Vizesi","description":"","potentialAction":[{"@type":"SearchAction","target":{"@type":"EntryPoint","urlTemplate":"https:\/\/myvize.com.tr\/gine\/?s={search_term_string}"},"query-input":{"@type":"PropertyValueSpecification","valueRequired":true,"valueName":"search_term_string"}}],"inLanguage":"tr"}]}},"_links":{"self":[{"href":"https:\/\/myvize.com.tr\/gine\/wp-json\/wp\/v2\/pages\/49","targetHints":{"allow":["GET"]}}],"collection":[{"href":"https:\/\/myvize.com.tr\/gine\/wp-json\/wp\/v2\/pages"}],"about":[{"href":"https:\/\/myvize.com.tr\/gine\/wp-json\/wp\/v2\/types\/page"}],"author":[{"embeddable":true,"href":"https:\/\/myvize.com.tr\/gine\/wp-json\/wp\/v2\/users\/1"}],"replies":[{"embeddable":true,"href":"https:\/\/myvize.com.tr\/gine\/wp-json\/wp\/v2\/comments?post=49"}],"version-history":[{"count":7,"href":"https:\/\/myvize.com.tr\/gine\/wp-json\/wp\/v2\/pages\/49\/revisions"}],"predecessor-version":[{"id":592,"href":"https:\/\/myvize.com.tr\/gine\/wp-json\/wp\/v2\/pages\/49\/revisions\/592"}],"up":[{"embeddable":true,"href":"https:\/\/myvize.com.tr\/gine\/wp-json\/wp\/v2\/pages\/18"}],"wp:attachment":[{"href":"https:\/\/myvize.com.tr\/gine\/wp-json\/wp\/v2\/media?parent=49"}],"curies":[{"name":"wp","href":"https:\/\/api.w.org\/{rel}","templated":true}]}}