{"id":47,"date":"2020-11-30T12:48:28","date_gmt":"2020-11-30T09:48:28","guid":{"rendered":"https:\/\/myvize.com.tr\/gine\/?page_id=47"},"modified":"2022-05-10T15:48:11","modified_gmt":"2022-05-10T12:48:11","slug":"gine-vize-basvuru-formu","status":"publish","type":"page","link":"https:\/\/myvize.com.tr\/gine\/vize-islemleri\/gine-vize-basvuru-formu\/","title":{"rendered":"Gine Vize Ba\u015fvuru Formu"},"content":{"rendered":"<h2><strong><span style=\"font-family: Roboto; font-size: 27px;\">Gine Vize Ba\u015fvuru Formu Hakk\u0131nda\u00a0<\/span><\/strong><\/h2>\n<p><span style=\"font-family: Roboto; font-size: 14px;\">Gine\u2019ye seyahat edecek olan T\u00fcrkiye Cumhuriyeti vatanda\u015flar\u0131 seyahat ama\u00e7lar\u0131na g\u00f6re vize ba\u015fvurusunda bulunmal\u0131d\u0131r. Vize ba\u015fvurusunda bulunan ki\u015filer <strong>Gine vize ba\u015fvuru formu<\/strong> doldurmal\u0131d\u0131r. <strong>Vize ba\u015fvuru formu<\/strong> seyahat amac\u0131na ve plan\u0131na g\u00f6re doldurulmal\u0131d\u0131r.<\/span><\/p>\n<p><span style=\"font-family: Roboto; font-size: 14px;\"><strong>Gine vize ba\u015fvuru formu<\/strong> uluslararas\u0131 ge\u00e7erlili\u011fe sahip bir belgedir. Yani resmi bir belgedir. Vize ba\u015fvuru formuna yaz\u0131lan bilgiler tam ve do\u011fru olarak doldurulmal\u0131d\u0131r. Form doldurulduktan sonra tarih ve imza at\u0131larak bilgilerin do\u011frulu\u011fu kabul edilmelidir. Ayr\u0131ca bu form imzaland\u0131\u011f\u0131nda Gine toplum kurallar\u0131na ve hukuk kurallar\u0131na uyaca\u011f\u0131n\u0131z\u0131n, <span style=\"color: #2acec2;\"><a style=\"color: #2acec2;\" href=\"https:\/\/myvize.com.tr\/gine\/vize-islemleri\/gine-vizesi\/\" target=\"_blank\" rel=\"noopener\"><strong>Gine vizesi<\/strong><\/a><\/span> s\u00fcreniz bitmeden \u00fclkeden ayr\u0131laca\u011f\u0131n\u0131z\u0131n teminat\u0131n\u0131 vermi\u015f olursunuz.<\/span><\/p>\n<p><span style=\"font-family: Roboto; font-size: 14px;\">Gine\u2019ye seyahat edecek olan ki\u015filer seyahat amac\u0131na uygun vize ba\u015fvurusunda bulunmal\u0131d\u0131r. Her vize t\u00fcr\u00fc i\u00e7in istenen farkl\u0131 belgeler vard\u0131r. Ancak her vize t\u00fcr\u00fcnde <strong>Gine vize ba\u015fvuru formu<\/strong> istenmektedir. Bu form, vize ba\u015fvurusu incelenirken yetkililerin ba\u015fvuru sahibini tan\u0131mas\u0131n\u0131, seyahat amac\u0131n\u0131 \u00f6\u011frenmesini sa\u011flamaktad\u0131r. Bu form olmadan hi\u00e7bir vize ba\u015fvurusu kabul g\u00f6rmemektedir.<\/span><\/p>\n<p><span style=\"font-family: Roboto; font-size: 14px;\"><strong>Gine vize ba\u015fvuru formu<\/strong> eksiksiz ve do\u011fru bir \u015fekilde doldurulmal\u0131d\u0131r. <strong>Gine vize<\/strong> ba\u015fvurusu incelenirken bu formdaki bilgiler di\u011fer belgeler ile e\u015fle\u015ftirilir ve bir uyu\u015fmazl\u0131k ya\u015fan\u0131rsa vize ba\u015fvurusu reddedilir.<strong> Gine vize ba\u015fvuru formu<\/strong> bundan dolay\u0131 \u00e7ok dikkatli bir \u015fekilde doldurulmal\u0131d\u0131r.<\/span><\/p>\n<p><img decoding=\"async\" src=\"https:\/\/myvize.com.tr\/gine\/wp-content\/uploads\/2021\/10\/11.jpg\" \/><\/p>\n<p><span style=\"font-family: Roboto; font-size: 14px;\"><strong>Vize ba\u015fvuru formu<\/strong> doldurulduktan sonra tarih at\u0131l\u0131r ve imzalanarak bilgilerin do\u011frulu\u011fu kabul edilir. \u00a0Ayr\u0131ca imzalanan bu belge ile Gine kamu d\u00fczenini tehlikeye atmayaca\u011f\u0131n\u0131z\u0131 ve vize s\u00fcresi dolmadan \u00fclkeden ayr\u0131laca\u011f\u0131n\u0131z\u0131 beyan etmi\u015f olursunuz. Bu belge uluslararas\u0131 ge\u00e7erlili\u011fi olan resmi bir belgedir. Bundan dolay\u0131 bilerek girilen hatal\u0131 bilgilerden dolay\u0131 para cezas\u0131 alabilirsiniz.<\/span><\/p>\n<p><span style=\"font-family: Roboto; font-size: 14px;\"><strong>Gine vize ba\u015fvuru formu<\/strong> i\u00e7erisinde kimlik bilgileri, pasaport bilgileri, aile bilgileri, seyahat plan\u0131, seyahat amac\u0131 gibi bilgiler yer almaktad\u0131r. Bu bilgiler eksiksiz, do\u011fru ve di\u011fer belgeler ile uyu\u015facak \u015fekilde doldurulmal\u0131d\u0131r.<\/span><\/p>\n<p><span style=\"font-family: Roboto; font-size: 14px;\">Formdaki bilgiler teslim edilen di\u011fer belgelerde bulunan bilgiler ile kar\u015f\u0131la\u015ft\u0131r\u0131l\u0131r. Hatal\u0131 birbiri ile uyu\u015fmayan bilgiler ile kar\u015f\u0131la\u015f\u0131ld\u0131\u011f\u0131nda vize ba\u015fvurunuz reddedilmektedir. Ayr\u0131ca <strong>vize ba\u015fvuru formu<\/strong> dolduruldu\u011funda bilerek ya da bilmeyerek hatal\u0131 bilgi girilmemelidir. Bundan dolay\u0131 ceza alabilirsiniz. Formda yer alan bilgiler a\u015fa\u011f\u0131da verilmi\u015ftir.<\/span><\/p>\n<ul>\n<li><span style=\"font-family: Roboto; font-size: 14px;\">Kimlik bilgileriniz<\/span><\/li>\n<li><span style=\"font-family: Roboto; font-size: 14px;\">Pasaport bilgileriniz<\/span><\/li>\n<li><span style=\"font-family: Roboto; font-size: 14px;\">Meslek bilgileriniz<\/span><\/li>\n<li><span style=\"font-family: Roboto; font-size: 14px;\">Aile bilgileriniz<\/span><\/li>\n<li><span style=\"font-family: Roboto; font-size: 14px;\">\u0130leti\u015fim bilgileriniz<\/span><\/li>\n<li><span style=\"font-family: Roboto; font-size: 14px;\">Vatanda\u015fl\u0131k bilgileriniz<\/span><\/li>\n<li><span style=\"font-family: Roboto; font-size: 14px;\">Talep etti\u011finiz vize t\u00fcr\u00fc<\/span><\/li>\n<li><span style=\"font-family: Roboto; font-size: 14px;\">Gine\u2019ye giri\u015f tarihiniz<\/span><\/li>\n<li><span style=\"font-family: Roboto; font-size: 14px;\">Seyahat yapaca\u011f\u0131n\u0131z tarihler<\/span><\/li>\n<li><span style=\"font-family: Roboto; font-size: 14px;\">Senegal\u2019de ikamet edece\u011finiz adresler<\/span><\/li>\n<li><span style=\"font-family: Roboto; font-size: 14px;\">Seyahat amac\u0131n\u0131z<\/span><\/li>\n<li><span style=\"font-family: Roboto; font-size: 14px;\">Seyahat plan\u0131n\u0131z<\/span><\/li>\n<\/ul>\n<p><span style=\"font-size: 18px;\"><span style=\"font-family: Roboto;\"><img loading=\"lazy\" decoding=\"async\" src=\"..\/..\/..\/romanya\/wp-content\/uploads\/2021\/07\/aDOBE-LOGO-1.png\" width=\"75\" height=\"75\" \/><strong>\u00a0\u00a0<\/strong><\/span><strong><span style=\"font-family: Roboto;\"> Gine Vizesi Ba\u015fvuru Formunu\u00a0 <span style=\"color: #2acec2;\"><a style=\"color: #2acec2;\" href=\"https:\/\/myvize.com.tr\/gine\/wp-content\/uploads\/2021\/12\/gine-vize-basvuru-formu-ornegi-1.pdf\" target=\"_blank\" rel=\"noreferrer noopener\">(\u0130ndirmek \u0130\u00e7in T\u0131klay\u0131n\u0131z!!)<\/a><\/span><\/span><\/strong><\/span><\/p>\n","protected":false},"excerpt":{"rendered":"<p>Gine Vize Ba\u015fvuru Formu Hakk\u0131nda\u00a0 Gine\u2019ye seyahat edecek olan T\u00fcrkiye Cumhuriyeti vatanda\u015flar\u0131 seyahat ama\u00e7lar\u0131na g\u00f6re vize ba\u015fvurusunda bulunmal\u0131d\u0131r. Vize ba\u015fvurusunda bulunan ki\u015filer Gine vize ba\u015fvuru formu doldurmal\u0131d\u0131r. Vize ba\u015fvuru formu seyahat amac\u0131na ve plan\u0131na g\u00f6re doldurulmal\u0131d\u0131r. Gine vize ba\u015fvuru formu uluslararas\u0131 ge\u00e7erlili\u011fe sahip bir belgedir. Yani resmi bir belgedir. Vize ba\u015fvuru formuna yaz\u0131lan bilgiler tam<\/p>\n","protected":false},"author":1,"featured_media":0,"parent":18,"menu_order":0,"comment_status":"closed","ping_status":"closed","template":"","meta":{"footnotes":""},"class_list":["post-47","page","type-page","status-publish","hentry"],"yoast_head":"<!-- This site is optimized with the Yoast SEO plugin v26.8 - https:\/\/yoast.com\/product\/yoast-seo-wordpress\/ -->\n<title>Gine Vize Ba\u015fvuru Formu - Gine Vize Randevusu - MyVize<\/title>\n<meta name=\"description\" content=\"Gine Vize Ba\u015fvuru Formu Nas\u0131l Doldurulur? Gine Vize Ba\u015fvuru Formu 2022 G\u00fcncel Bilgileri Neler? Bilgi \u0130\u00e7in Hemen Aray\u0131n: 0850 346 84 93\" \/>\n<meta name=\"robots\" content=\"index, follow, max-snippet:-1, max-image-preview:large, max-video-preview:-1\" \/>\n<link rel=\"canonical\" href=\"https:\/\/myvize.com.tr\/gine\/vize-islemleri\/gine-vize-basvuru-formu\/\" \/>\n<meta property=\"og:locale\" content=\"tr_TR\" \/>\n<meta property=\"og:type\" content=\"article\" \/>\n<meta property=\"og:title\" content=\"Gine Vize Ba\u015fvuru Formu - Gine Vize Randevusu - MyVize\" \/>\n<meta property=\"og:description\" content=\"Gine Vize Ba\u015fvuru Formu Nas\u0131l Doldurulur? Gine Vize Ba\u015fvuru Formu 2022 G\u00fcncel Bilgileri Neler? Bilgi \u0130\u00e7in Hemen Aray\u0131n: 0850 346 84 93\" \/>\n<meta property=\"og:url\" content=\"https:\/\/myvize.com.tr\/gine\/vize-islemleri\/gine-vize-basvuru-formu\/\" \/>\n<meta property=\"og:site_name\" content=\"Gine Vizesi\" \/>\n<meta property=\"article:modified_time\" content=\"2022-05-10T12:48:11+00:00\" \/>\n<meta property=\"og:image\" content=\"https:\/\/myvize.com.tr\/gine\/wp-content\/uploads\/2021\/10\/11.jpg\" \/>\n<meta name=\"twitter:card\" content=\"summary_large_image\" \/>\n<meta name=\"twitter:label1\" content=\"Tahmini okuma s\u00fcresi\" \/>\n\t<meta name=\"twitter:data1\" content=\"3 dakika\" \/>\n<script type=\"application\/ld+json\" class=\"yoast-schema-graph\">{\"@context\":\"https:\/\/schema.org\",\"@graph\":[{\"@type\":\"WebPage\",\"@id\":\"https:\/\/myvize.com.tr\/gine\/vize-islemleri\/gine-vize-basvuru-formu\/\",\"url\":\"https:\/\/myvize.com.tr\/gine\/vize-islemleri\/gine-vize-basvuru-formu\/\",\"name\":\"Gine Vize Ba\u015fvuru Formu - Gine Vize Randevusu - MyVize\",\"isPartOf\":{\"@id\":\"https:\/\/myvize.com.tr\/gine\/#website\"},\"primaryImageOfPage\":{\"@id\":\"https:\/\/myvize.com.tr\/gine\/vize-islemleri\/gine-vize-basvuru-formu\/#primaryimage\"},\"image\":{\"@id\":\"https:\/\/myvize.com.tr\/gine\/vize-islemleri\/gine-vize-basvuru-formu\/#primaryimage\"},\"thumbnailUrl\":\"https:\/\/myvize.com.tr\/gine\/wp-content\/uploads\/2021\/10\/11.jpg\",\"datePublished\":\"2020-11-30T09:48:28+00:00\",\"dateModified\":\"2022-05-10T12:48:11+00:00\",\"description\":\"Gine Vize Ba\u015fvuru Formu Nas\u0131l Doldurulur? Gine Vize Ba\u015fvuru Formu 2022 G\u00fcncel Bilgileri Neler? Bilgi \u0130\u00e7in Hemen Aray\u0131n: 0850 346 84 93\",\"breadcrumb\":{\"@id\":\"https:\/\/myvize.com.tr\/gine\/vize-islemleri\/gine-vize-basvuru-formu\/#breadcrumb\"},\"inLanguage\":\"tr\",\"potentialAction\":[{\"@type\":\"ReadAction\",\"target\":[\"https:\/\/myvize.com.tr\/gine\/vize-islemleri\/gine-vize-basvuru-formu\/\"]}]},{\"@type\":\"ImageObject\",\"inLanguage\":\"tr\",\"@id\":\"https:\/\/myvize.com.tr\/gine\/vize-islemleri\/gine-vize-basvuru-formu\/#primaryimage\",\"url\":\"https:\/\/myvize.com.tr\/gine\/wp-content\/uploads\/2021\/10\/11.jpg\",\"contentUrl\":\"https:\/\/myvize.com.tr\/gine\/wp-content\/uploads\/2021\/10\/11.jpg\",\"width\":800,\"height\":500,\"caption\":\"Gine Vize Ba\u015fvuru Formu\"},{\"@type\":\"BreadcrumbList\",\"@id\":\"https:\/\/myvize.com.tr\/gine\/vize-islemleri\/gine-vize-basvuru-formu\/#breadcrumb\",\"itemListElement\":[{\"@type\":\"ListItem\",\"position\":1,\"name\":\"Anasayfa\",\"item\":\"https:\/\/myvize.com.tr\/gine\/\"},{\"@type\":\"ListItem\",\"position\":2,\"name\":\"V\u0130ZE \u0130\u015eLEMLER\u0130\",\"item\":\"https:\/\/myvize.com.tr\/gine\/vize-islemleri\/\"},{\"@type\":\"ListItem\",\"position\":3,\"name\":\"Gine Vize Ba\u015fvuru Formu\"}]},{\"@type\":\"WebSite\",\"@id\":\"https:\/\/myvize.com.tr\/gine\/#website\",\"url\":\"https:\/\/myvize.com.tr\/gine\/\",\"name\":\"Gine Vizesi\",\"description\":\"\",\"potentialAction\":[{\"@type\":\"SearchAction\",\"target\":{\"@type\":\"EntryPoint\",\"urlTemplate\":\"https:\/\/myvize.com.tr\/gine\/?s={search_term_string}\"},\"query-input\":{\"@type\":\"PropertyValueSpecification\",\"valueRequired\":true,\"valueName\":\"search_term_string\"}}],\"inLanguage\":\"tr\"}]}<\/script>\n<!-- \/ Yoast SEO plugin. -->","yoast_head_json":{"title":"Gine Vize Ba\u015fvuru Formu - Gine Vize Randevusu - MyVize","description":"Gine Vize Ba\u015fvuru Formu Nas\u0131l Doldurulur? Gine Vize Ba\u015fvuru Formu 2022 G\u00fcncel Bilgileri Neler? Bilgi \u0130\u00e7in Hemen Aray\u0131n: 0850 346 84 93","robots":{"index":"index","follow":"follow","max-snippet":"max-snippet:-1","max-image-preview":"max-image-preview:large","max-video-preview":"max-video-preview:-1"},"canonical":"https:\/\/myvize.com.tr\/gine\/vize-islemleri\/gine-vize-basvuru-formu\/","og_locale":"tr_TR","og_type":"article","og_title":"Gine Vize Ba\u015fvuru Formu - Gine Vize Randevusu - MyVize","og_description":"Gine Vize Ba\u015fvuru Formu Nas\u0131l Doldurulur? Gine Vize Ba\u015fvuru Formu 2022 G\u00fcncel Bilgileri Neler? Bilgi \u0130\u00e7in Hemen Aray\u0131n: 0850 346 84 93","og_url":"https:\/\/myvize.com.tr\/gine\/vize-islemleri\/gine-vize-basvuru-formu\/","og_site_name":"Gine Vizesi","article_modified_time":"2022-05-10T12:48:11+00:00","og_image":[{"url":"https:\/\/myvize.com.tr\/gine\/wp-content\/uploads\/2021\/10\/11.jpg","type":"","width":"","height":""}],"twitter_card":"summary_large_image","twitter_misc":{"Tahmini okuma s\u00fcresi":"3 dakika"},"schema":{"@context":"https:\/\/schema.org","@graph":[{"@type":"WebPage","@id":"https:\/\/myvize.com.tr\/gine\/vize-islemleri\/gine-vize-basvuru-formu\/","url":"https:\/\/myvize.com.tr\/gine\/vize-islemleri\/gine-vize-basvuru-formu\/","name":"Gine Vize Ba\u015fvuru Formu - Gine Vize Randevusu - MyVize","isPartOf":{"@id":"https:\/\/myvize.com.tr\/gine\/#website"},"primaryImageOfPage":{"@id":"https:\/\/myvize.com.tr\/gine\/vize-islemleri\/gine-vize-basvuru-formu\/#primaryimage"},"image":{"@id":"https:\/\/myvize.com.tr\/gine\/vize-islemleri\/gine-vize-basvuru-formu\/#primaryimage"},"thumbnailUrl":"https:\/\/myvize.com.tr\/gine\/wp-content\/uploads\/2021\/10\/11.jpg","datePublished":"2020-11-30T09:48:28+00:00","dateModified":"2022-05-10T12:48:11+00:00","description":"Gine Vize Ba\u015fvuru Formu Nas\u0131l Doldurulur? Gine Vize Ba\u015fvuru Formu 2022 G\u00fcncel Bilgileri Neler? Bilgi \u0130\u00e7in Hemen Aray\u0131n: 0850 346 84 93","breadcrumb":{"@id":"https:\/\/myvize.com.tr\/gine\/vize-islemleri\/gine-vize-basvuru-formu\/#breadcrumb"},"inLanguage":"tr","potentialAction":[{"@type":"ReadAction","target":["https:\/\/myvize.com.tr\/gine\/vize-islemleri\/gine-vize-basvuru-formu\/"]}]},{"@type":"ImageObject","inLanguage":"tr","@id":"https:\/\/myvize.com.tr\/gine\/vize-islemleri\/gine-vize-basvuru-formu\/#primaryimage","url":"https:\/\/myvize.com.tr\/gine\/wp-content\/uploads\/2021\/10\/11.jpg","contentUrl":"https:\/\/myvize.com.tr\/gine\/wp-content\/uploads\/2021\/10\/11.jpg","width":800,"height":500,"caption":"Gine Vize Ba\u015fvuru Formu"},{"@type":"BreadcrumbList","@id":"https:\/\/myvize.com.tr\/gine\/vize-islemleri\/gine-vize-basvuru-formu\/#breadcrumb","itemListElement":[{"@type":"ListItem","position":1,"name":"Anasayfa","item":"https:\/\/myvize.com.tr\/gine\/"},{"@type":"ListItem","position":2,"name":"V\u0130ZE \u0130\u015eLEMLER\u0130","item":"https:\/\/myvize.com.tr\/gine\/vize-islemleri\/"},{"@type":"ListItem","position":3,"name":"Gine Vize Ba\u015fvuru Formu"}]},{"@type":"WebSite","@id":"https:\/\/myvize.com.tr\/gine\/#website","url":"https:\/\/myvize.com.tr\/gine\/","name":"Gine Vizesi","description":"","potentialAction":[{"@type":"SearchAction","target":{"@type":"EntryPoint","urlTemplate":"https:\/\/myvize.com.tr\/gine\/?s={search_term_string}"},"query-input":{"@type":"PropertyValueSpecification","valueRequired":true,"valueName":"search_term_string"}}],"inLanguage":"tr"}]}},"_links":{"self":[{"href":"https:\/\/myvize.com.tr\/gine\/wp-json\/wp\/v2\/pages\/47","targetHints":{"allow":["GET"]}}],"collection":[{"href":"https:\/\/myvize.com.tr\/gine\/wp-json\/wp\/v2\/pages"}],"about":[{"href":"https:\/\/myvize.com.tr\/gine\/wp-json\/wp\/v2\/types\/page"}],"author":[{"embeddable":true,"href":"https:\/\/myvize.com.tr\/gine\/wp-json\/wp\/v2\/users\/1"}],"replies":[{"embeddable":true,"href":"https:\/\/myvize.com.tr\/gine\/wp-json\/wp\/v2\/comments?post=47"}],"version-history":[{"count":8,"href":"https:\/\/myvize.com.tr\/gine\/wp-json\/wp\/v2\/pages\/47\/revisions"}],"predecessor-version":[{"id":611,"href":"https:\/\/myvize.com.tr\/gine\/wp-json\/wp\/v2\/pages\/47\/revisions\/611"}],"up":[{"embeddable":true,"href":"https:\/\/myvize.com.tr\/gine\/wp-json\/wp\/v2\/pages\/18"}],"wp:attachment":[{"href":"https:\/\/myvize.com.tr\/gine\/wp-json\/wp\/v2\/media?parent=47"}],"curies":[{"name":"wp","href":"https:\/\/api.w.org\/{rel}","templated":true}]}}