{"id":41,"date":"2020-11-30T12:46:51","date_gmt":"2020-11-30T09:46:51","guid":{"rendered":"https:\/\/myvize.com.tr\/gine\/?page_id=41"},"modified":"2022-05-10T15:11:30","modified_gmt":"2022-05-10T12:11:30","slug":"gine-dil-okulu-vizesi","status":"publish","type":"page","link":"https:\/\/myvize.com.tr\/gine\/vize-islemleri\/gine-dil-okulu-vizesi\/","title":{"rendered":"Gine Dil Okulu Vizesi"},"content":{"rendered":"<h2><strong><span style=\"font-family: Roboto; font-size: 27px;\">Gine Dil Okulu Vizesi Hakk\u0131nda\u00a0<\/span><\/strong><\/h2>\n<p><span style=\"font-family: Roboto; font-size: 14px;\">Gine Afrika K\u0131tas\u0131\u2019n\u0131n Bat\u0131 b\u00f6l\u00fcm\u00fcnde bulunmaktad\u0131r. Ge\u00e7mi\u015fte Frans\u0131z s\u00f6m\u00fcr\u00fcs\u00fcnde ya\u015fad\u0131klar\u0131ndan dolay\u0131 resmi dilleri Frans\u0131zcad\u0131r. Ancak \u00fclkede pek \u00e7ok kabile bulunmaktad\u0131r ve bu kabileler genellikle kendi etnik dillerini konu\u015fmaktad\u0131r. \u00dclkede konu\u015fulan diller aras\u0131nda \u0130ngilizcede bulunmaktad\u0131r.<\/span><\/p>\n<p><span style=\"font-family: Roboto; font-size: 14px;\">Gine\u2019de dil e\u011fitimi alacak olan ki\u015filer seyahatleri \u00f6ncesinde vize ba\u015fvurusunda bulunmal\u0131d\u0131r. Gine\u2019de dil e\u011fitimi almak i\u00e7in ba\u015fvurman\u0131z gereken vize t\u00fcr\u00fc Gine \u00f6\u011frenci vizesidir. <strong>Gine \u00d6\u011frenci vizesi<\/strong> ba\u015fvurular\u0131 Gine <span style=\"color: #2acec2;\"><a style=\"color: #2acec2;\" href=\"https:\/\/myvize.com.tr\/gine\/konsolosluklar\/ankara-buyukelciligi\/\" target=\"_blank\" rel=\"noopener\"><strong>Ankara B\u00fcy\u00fckel\u00e7ili\u011fi<\/strong> <\/a><\/span>taraf\u0131ndan yetkilendirilmi\u015f vize ba\u015fvuru merkezlerine yap\u0131lmaktad\u0131r. Bunun i\u00e7in gerekli belgeleri haz\u0131rlayarak <span style=\"color: #2acec2;\"><a style=\"color: #2acec2;\" href=\"https:\/\/myvize.com.tr\/gine\/vize-islemleri\/gine-vizesi\/\" target=\"_blank\" rel=\"noopener\"><strong>Gine vizesi<\/strong><\/a><\/span> ba\u015fvurusunda bulunabilirsiniz.<\/span><\/p>\n<p><span style=\"font-family: Roboto; font-size: 14px;\"><strong>Gine dil okulu vizesi<\/strong> alacak olan birisinin Gine\u2019de \u00f6\u011frenebilece\u011fi diller aras\u0131nda resmi dil olan Frans\u0131zca ve \u0130ngilizce ile Portekizce bulunmaktad\u0131r.<strong> Gine dil okulu<\/strong> <strong>vizesi<\/strong> i\u00e7in Gine\u2019de bulunan dil okulundan bir davetiye al\u0131nmal\u0131d\u0131r. Ayr\u0131ca e\u011fitim plan\u0131 da konsoloslu\u011fa sunulmal\u0131d\u0131r. Dil okulunun ne kadar s\u00fcrece\u011fi, ne kadar \u00fccret \u00f6dendi\u011fi ve nerede kal\u0131naca\u011f\u0131 ile ilgili belge sunmal\u0131s\u0131n\u0131z.<\/span><\/p>\n<p><span style=\"font-family: Roboto; font-size: 14px;\">Gine\u2019ye dil e\u011fitimi almak i\u00e7in gidenlerin \u00e7o\u011fu Frans\u0131zca \u00f6\u011frenmek amac\u0131 ile gitmektedir. Bunun nedeni \u00fclkede bulunan dil okullar\u0131n\u0131n \u00fccretinin d\u00fc\u015f\u00fck olmas\u0131 ve ya\u015fam maliyetlerinin yabanc\u0131 \u00fclkelerden gelen vatanda\u015flar i\u00e7in ucuz olmas\u0131d\u0131r. Bunun yan\u0131nda \u00fclkenin b\u00fcy\u00fck \u00e7o\u011funlu\u011funun Frans\u0131zca konu\u015fmas\u0131 dil \u00f6\u011frenecek ki\u015finin yerel halk ile al\u0131\u015ft\u0131rma yapmas\u0131d\u0131r.<\/span><\/p>\n<p><img decoding=\"async\" src=\"https:\/\/myvize.com.tr\/gine\/wp-content\/uploads\/2021\/10\/8.jpg\" \/><\/p>\n","protected":false},"excerpt":{"rendered":"<p>Gine Dil Okulu Vizesi Hakk\u0131nda\u00a0 Gine Afrika K\u0131tas\u0131\u2019n\u0131n Bat\u0131 b\u00f6l\u00fcm\u00fcnde bulunmaktad\u0131r. Ge\u00e7mi\u015fte Frans\u0131z s\u00f6m\u00fcr\u00fcs\u00fcnde ya\u015fad\u0131klar\u0131ndan dolay\u0131 resmi dilleri Frans\u0131zcad\u0131r. Ancak \u00fclkede pek \u00e7ok kabile bulunmaktad\u0131r ve bu kabileler genellikle kendi etnik dillerini konu\u015fmaktad\u0131r. \u00dclkede konu\u015fulan diller aras\u0131nda \u0130ngilizcede bulunmaktad\u0131r. Gine\u2019de dil e\u011fitimi alacak olan ki\u015filer seyahatleri \u00f6ncesinde vize ba\u015fvurusunda bulunmal\u0131d\u0131r. Gine\u2019de dil e\u011fitimi almak i\u00e7in<\/p>\n","protected":false},"author":1,"featured_media":0,"parent":18,"menu_order":0,"comment_status":"closed","ping_status":"closed","template":"","meta":{"footnotes":""},"class_list":["post-41","page","type-page","status-publish","hentry"],"yoast_head":"<!-- This site is optimized with the Yoast SEO plugin v26.8 - https:\/\/yoast.com\/product\/yoast-seo-wordpress\/ -->\n<title>Gine Dil Okulu Vizesi - Gine Vize Randevusu - MyVize<\/title>\n<meta name=\"description\" content=\"Gine Dil Okulu Vizesi Nas\u0131l Al\u0131n\u0131r? Gine Dil Okulu Vizesi Alma \u015eartlar\u0131 Nelerdir? Gine Dil Okulu Vize Ba\u015fvurusu Nas\u0131l Yap\u0131l\u0131r?\" \/>\n<meta name=\"robots\" content=\"index, follow, max-snippet:-1, max-image-preview:large, max-video-preview:-1\" \/>\n<link rel=\"canonical\" href=\"https:\/\/myvize.com.tr\/gine\/vize-islemleri\/gine-dil-okulu-vizesi\/\" \/>\n<meta property=\"og:locale\" content=\"tr_TR\" \/>\n<meta property=\"og:type\" content=\"article\" \/>\n<meta property=\"og:title\" content=\"Gine Dil Okulu Vizesi - Gine Vize Randevusu - MyVize\" \/>\n<meta property=\"og:description\" content=\"Gine Dil Okulu Vizesi Nas\u0131l Al\u0131n\u0131r? Gine Dil Okulu Vizesi Alma \u015eartlar\u0131 Nelerdir? Gine Dil Okulu Vize Ba\u015fvurusu Nas\u0131l Yap\u0131l\u0131r?\" \/>\n<meta property=\"og:url\" content=\"https:\/\/myvize.com.tr\/gine\/vize-islemleri\/gine-dil-okulu-vizesi\/\" \/>\n<meta property=\"og:site_name\" content=\"Gine Vizesi\" \/>\n<meta property=\"article:modified_time\" content=\"2022-05-10T12:11:30+00:00\" \/>\n<meta property=\"og:image\" content=\"https:\/\/myvize.com.tr\/gine\/wp-content\/uploads\/2021\/10\/8.jpg\" \/>\n<meta name=\"twitter:card\" content=\"summary_large_image\" \/>\n<meta name=\"twitter:label1\" content=\"Tahmini okuma s\u00fcresi\" \/>\n\t<meta name=\"twitter:data1\" content=\"2 dakika\" \/>\n<script type=\"application\/ld+json\" class=\"yoast-schema-graph\">{\"@context\":\"https:\/\/schema.org\",\"@graph\":[{\"@type\":\"WebPage\",\"@id\":\"https:\/\/myvize.com.tr\/gine\/vize-islemleri\/gine-dil-okulu-vizesi\/\",\"url\":\"https:\/\/myvize.com.tr\/gine\/vize-islemleri\/gine-dil-okulu-vizesi\/\",\"name\":\"Gine Dil Okulu Vizesi - Gine Vize Randevusu - MyVize\",\"isPartOf\":{\"@id\":\"https:\/\/myvize.com.tr\/gine\/#website\"},\"primaryImageOfPage\":{\"@id\":\"https:\/\/myvize.com.tr\/gine\/vize-islemleri\/gine-dil-okulu-vizesi\/#primaryimage\"},\"image\":{\"@id\":\"https:\/\/myvize.com.tr\/gine\/vize-islemleri\/gine-dil-okulu-vizesi\/#primaryimage\"},\"thumbnailUrl\":\"https:\/\/myvize.com.tr\/gine\/wp-content\/uploads\/2021\/10\/8.jpg\",\"datePublished\":\"2020-11-30T09:46:51+00:00\",\"dateModified\":\"2022-05-10T12:11:30+00:00\",\"description\":\"Gine Dil Okulu Vizesi Nas\u0131l Al\u0131n\u0131r? Gine Dil Okulu Vizesi Alma \u015eartlar\u0131 Nelerdir? Gine Dil Okulu Vize Ba\u015fvurusu Nas\u0131l Yap\u0131l\u0131r?\",\"breadcrumb\":{\"@id\":\"https:\/\/myvize.com.tr\/gine\/vize-islemleri\/gine-dil-okulu-vizesi\/#breadcrumb\"},\"inLanguage\":\"tr\",\"potentialAction\":[{\"@type\":\"ReadAction\",\"target\":[\"https:\/\/myvize.com.tr\/gine\/vize-islemleri\/gine-dil-okulu-vizesi\/\"]}]},{\"@type\":\"ImageObject\",\"inLanguage\":\"tr\",\"@id\":\"https:\/\/myvize.com.tr\/gine\/vize-islemleri\/gine-dil-okulu-vizesi\/#primaryimage\",\"url\":\"https:\/\/myvize.com.tr\/gine\/wp-content\/uploads\/2021\/10\/8.jpg\",\"contentUrl\":\"https:\/\/myvize.com.tr\/gine\/wp-content\/uploads\/2021\/10\/8.jpg\",\"width\":800,\"height\":500,\"caption\":\"Gine Dil Okulu Vizesi\"},{\"@type\":\"BreadcrumbList\",\"@id\":\"https:\/\/myvize.com.tr\/gine\/vize-islemleri\/gine-dil-okulu-vizesi\/#breadcrumb\",\"itemListElement\":[{\"@type\":\"ListItem\",\"position\":1,\"name\":\"Anasayfa\",\"item\":\"https:\/\/myvize.com.tr\/gine\/\"},{\"@type\":\"ListItem\",\"position\":2,\"name\":\"V\u0130ZE \u0130\u015eLEMLER\u0130\",\"item\":\"https:\/\/myvize.com.tr\/gine\/vize-islemleri\/\"},{\"@type\":\"ListItem\",\"position\":3,\"name\":\"Gine Dil Okulu Vizesi\"}]},{\"@type\":\"WebSite\",\"@id\":\"https:\/\/myvize.com.tr\/gine\/#website\",\"url\":\"https:\/\/myvize.com.tr\/gine\/\",\"name\":\"Gine Vizesi\",\"description\":\"\",\"potentialAction\":[{\"@type\":\"SearchAction\",\"target\":{\"@type\":\"EntryPoint\",\"urlTemplate\":\"https:\/\/myvize.com.tr\/gine\/?s={search_term_string}\"},\"query-input\":{\"@type\":\"PropertyValueSpecification\",\"valueRequired\":true,\"valueName\":\"search_term_string\"}}],\"inLanguage\":\"tr\"}]}<\/script>\n<!-- \/ Yoast SEO plugin. -->","yoast_head_json":{"title":"Gine Dil Okulu Vizesi - Gine Vize Randevusu - MyVize","description":"Gine Dil Okulu Vizesi Nas\u0131l Al\u0131n\u0131r? Gine Dil Okulu Vizesi Alma \u015eartlar\u0131 Nelerdir? Gine Dil Okulu Vize Ba\u015fvurusu Nas\u0131l Yap\u0131l\u0131r?","robots":{"index":"index","follow":"follow","max-snippet":"max-snippet:-1","max-image-preview":"max-image-preview:large","max-video-preview":"max-video-preview:-1"},"canonical":"https:\/\/myvize.com.tr\/gine\/vize-islemleri\/gine-dil-okulu-vizesi\/","og_locale":"tr_TR","og_type":"article","og_title":"Gine Dil Okulu Vizesi - Gine Vize Randevusu - MyVize","og_description":"Gine Dil Okulu Vizesi Nas\u0131l Al\u0131n\u0131r? Gine Dil Okulu Vizesi Alma \u015eartlar\u0131 Nelerdir? Gine Dil Okulu Vize Ba\u015fvurusu Nas\u0131l Yap\u0131l\u0131r?","og_url":"https:\/\/myvize.com.tr\/gine\/vize-islemleri\/gine-dil-okulu-vizesi\/","og_site_name":"Gine Vizesi","article_modified_time":"2022-05-10T12:11:30+00:00","og_image":[{"url":"https:\/\/myvize.com.tr\/gine\/wp-content\/uploads\/2021\/10\/8.jpg","type":"","width":"","height":""}],"twitter_card":"summary_large_image","twitter_misc":{"Tahmini okuma s\u00fcresi":"2 dakika"},"schema":{"@context":"https:\/\/schema.org","@graph":[{"@type":"WebPage","@id":"https:\/\/myvize.com.tr\/gine\/vize-islemleri\/gine-dil-okulu-vizesi\/","url":"https:\/\/myvize.com.tr\/gine\/vize-islemleri\/gine-dil-okulu-vizesi\/","name":"Gine Dil Okulu Vizesi - Gine Vize Randevusu - MyVize","isPartOf":{"@id":"https:\/\/myvize.com.tr\/gine\/#website"},"primaryImageOfPage":{"@id":"https:\/\/myvize.com.tr\/gine\/vize-islemleri\/gine-dil-okulu-vizesi\/#primaryimage"},"image":{"@id":"https:\/\/myvize.com.tr\/gine\/vize-islemleri\/gine-dil-okulu-vizesi\/#primaryimage"},"thumbnailUrl":"https:\/\/myvize.com.tr\/gine\/wp-content\/uploads\/2021\/10\/8.jpg","datePublished":"2020-11-30T09:46:51+00:00","dateModified":"2022-05-10T12:11:30+00:00","description":"Gine Dil Okulu Vizesi Nas\u0131l Al\u0131n\u0131r? Gine Dil Okulu Vizesi Alma \u015eartlar\u0131 Nelerdir? Gine Dil Okulu Vize Ba\u015fvurusu Nas\u0131l Yap\u0131l\u0131r?","breadcrumb":{"@id":"https:\/\/myvize.com.tr\/gine\/vize-islemleri\/gine-dil-okulu-vizesi\/#breadcrumb"},"inLanguage":"tr","potentialAction":[{"@type":"ReadAction","target":["https:\/\/myvize.com.tr\/gine\/vize-islemleri\/gine-dil-okulu-vizesi\/"]}]},{"@type":"ImageObject","inLanguage":"tr","@id":"https:\/\/myvize.com.tr\/gine\/vize-islemleri\/gine-dil-okulu-vizesi\/#primaryimage","url":"https:\/\/myvize.com.tr\/gine\/wp-content\/uploads\/2021\/10\/8.jpg","contentUrl":"https:\/\/myvize.com.tr\/gine\/wp-content\/uploads\/2021\/10\/8.jpg","width":800,"height":500,"caption":"Gine Dil Okulu Vizesi"},{"@type":"BreadcrumbList","@id":"https:\/\/myvize.com.tr\/gine\/vize-islemleri\/gine-dil-okulu-vizesi\/#breadcrumb","itemListElement":[{"@type":"ListItem","position":1,"name":"Anasayfa","item":"https:\/\/myvize.com.tr\/gine\/"},{"@type":"ListItem","position":2,"name":"V\u0130ZE \u0130\u015eLEMLER\u0130","item":"https:\/\/myvize.com.tr\/gine\/vize-islemleri\/"},{"@type":"ListItem","position":3,"name":"Gine Dil Okulu Vizesi"}]},{"@type":"WebSite","@id":"https:\/\/myvize.com.tr\/gine\/#website","url":"https:\/\/myvize.com.tr\/gine\/","name":"Gine Vizesi","description":"","potentialAction":[{"@type":"SearchAction","target":{"@type":"EntryPoint","urlTemplate":"https:\/\/myvize.com.tr\/gine\/?s={search_term_string}"},"query-input":{"@type":"PropertyValueSpecification","valueRequired":true,"valueName":"search_term_string"}}],"inLanguage":"tr"}]}},"_links":{"self":[{"href":"https:\/\/myvize.com.tr\/gine\/wp-json\/wp\/v2\/pages\/41","targetHints":{"allow":["GET"]}}],"collection":[{"href":"https:\/\/myvize.com.tr\/gine\/wp-json\/wp\/v2\/pages"}],"about":[{"href":"https:\/\/myvize.com.tr\/gine\/wp-json\/wp\/v2\/types\/page"}],"author":[{"embeddable":true,"href":"https:\/\/myvize.com.tr\/gine\/wp-json\/wp\/v2\/users\/1"}],"replies":[{"embeddable":true,"href":"https:\/\/myvize.com.tr\/gine\/wp-json\/wp\/v2\/comments?post=41"}],"version-history":[{"count":6,"href":"https:\/\/myvize.com.tr\/gine\/wp-json\/wp\/v2\/pages\/41\/revisions"}],"predecessor-version":[{"id":402,"href":"https:\/\/myvize.com.tr\/gine\/wp-json\/wp\/v2\/pages\/41\/revisions\/402"}],"up":[{"embeddable":true,"href":"https:\/\/myvize.com.tr\/gine\/wp-json\/wp\/v2\/pages\/18"}],"wp:attachment":[{"href":"https:\/\/myvize.com.tr\/gine\/wp-json\/wp\/v2\/media?parent=41"}],"curies":[{"name":"wp","href":"https:\/\/api.w.org\/{rel}","templated":true}]}}