{"id":39,"date":"2020-11-30T12:46:14","date_gmt":"2020-11-30T09:46:14","guid":{"rendered":"https:\/\/myvize.com.tr\/gine\/?page_id=39"},"modified":"2022-05-10T15:11:16","modified_gmt":"2022-05-10T12:11:16","slug":"gine-vize-randevusu","status":"publish","type":"page","link":"https:\/\/myvize.com.tr\/gine\/vize-islemleri\/gine-vize-randevusu\/","title":{"rendered":"Gine Vize Randevusu"},"content":{"rendered":"<h2><strong><span style=\"font-family: Roboto; font-size: 27px;\">Gine Vize Randevusu Hakk\u0131nda\u00a0<\/span><\/strong><\/h2>\n<p><span style=\"font-family: Roboto; font-size: 14px;\">Gine\u2019ye seyahat edecek olan T\u00fcrkiye Cumhuriyeti vatanda\u015flar\u0131n\u0131n seyahat planlamas\u0131ndan \u00f6nce seyahat amac\u0131na uygun vize ba\u015fvurusu yapmas\u0131 ve ba\u015fvurunun olumlu sonu\u00e7lanmas\u0131 gerekmektedir. Diplomatik Pasaport sahibi olan T\u00fcrkiye Cumhuriyeti vatanda\u015flar\u0131 90 g\u00fcn\u00fc a\u015fmayan seyahatleri i\u00e7in vize ba\u015fvurusundan muaf tutulmu\u015ftur.<\/span><\/p>\n<p><span style=\"font-family: Roboto; font-size: 14px;\"><strong><span style=\"color: #2acec2;\"><a style=\"color: #2acec2;\" href=\"https:\/\/myvize.com.tr\/gine\/vize-islemleri\/gine-vizesi\/\" target=\"_blank\" rel=\"noopener\">Gine vizesi<\/a><\/span><\/strong> ba\u015fvurular\u0131; Gine Ankara B\u00fcy\u00fckel\u00e7ili\u011fi\u2019ne, B\u00fcy\u00fckel\u00e7ilik taraf\u0131ndan yetkilendirilmi\u015f vize ba\u015fvuru merkezlerine ve acenteler arac\u0131l\u0131\u011f\u0131 ile yap\u0131lmaktad\u0131r. Vize ba\u015fvurusunda bulunacak olan ki\u015fi acente arac\u0131l\u0131\u011f\u0131 ile ba\u015fvuruda bulunacak ise bizzat B\u00fcy\u00fckel\u00e7ili\u011fe gitmesine gerek yoktur. Ancak ba\u015fvuruyu kendisi yapacak ise bizzat B\u00fcy\u00fckel\u00e7ili\u011fe gitmelidir. Vize ba\u015fvuru merkezlerine yap\u0131lan ba\u015fvurularda da B\u00fcy\u00fckel\u00e7ili\u011fe gitmeye gerek yoktur.<\/span><\/p>\n<blockquote><p><span style=\"font-family: Roboto; font-size: 14px; color: #2acec2;\"><a style=\"color: #2acec2;\" href=\"https:\/\/myvize.com.tr\/gine\/vize-islemleri\/gine-vize-basvuru-formu\/\" target=\"_blank\" rel=\"noopener\"><strong>Gine Vize Ba\u015fvuru Formu<\/strong><\/a><\/span><\/p><\/blockquote>\n<p><span style=\"font-family: Roboto; font-size: 14px;\">B\u00fcy\u00fckel\u00e7ili\u011fe bizzat ba\u015fvuru yap\u0131lacak ise ba\u015fvuru \u00f6ncesi, Gine B\u00fcy\u00fckel\u00e7ili\u011fi\u2019ne ait \u2018\u20180312 436 86 76\u2019\u2019 numaral\u0131 telefon numaras\u0131 aranarak <strong>vize randevusu<\/strong> almal\u0131s\u0131n\u0131z. <strong>Gine B\u00fcy\u00fckel\u00e7ili\u011fi<\/strong> randevusuz ba\u015fvuru kabul etmemektedir. Vize ba\u015fvurular\u0131n\u0131z\u0131 acente arac\u0131l\u0131 ile yapacaksan\u0131z sizin randevu alman\u0131za gerek yoktur. Randevu g\u00fcn\u00fcnde ve saatinde Gine B\u00fcy\u00fckel\u00e7ili\u011fi\u2019nde bulunmal\u0131 ve gerekli belgeleri teslim ederek ba\u015fvuru s\u00fcrecini ba\u015flatmal\u0131s\u0131n\u0131z. Randevuya ge\u00e7 kal\u0131rsan\u0131z vize ba\u015fvurunuz kabul edilmemektedir. Yeniden randevu alman\u0131z gerekecektir.<\/span><\/p>\n<p><img decoding=\"async\" src=\"https:\/\/myvize.com.tr\/gine\/wp-content\/uploads\/2021\/10\/7.jpg\" \/><\/p>\n","protected":false},"excerpt":{"rendered":"<p>Gine Vize Randevusu Hakk\u0131nda\u00a0 Gine\u2019ye seyahat edecek olan T\u00fcrkiye Cumhuriyeti vatanda\u015flar\u0131n\u0131n seyahat planlamas\u0131ndan \u00f6nce seyahat amac\u0131na uygun vize ba\u015fvurusu yapmas\u0131 ve ba\u015fvurunun olumlu sonu\u00e7lanmas\u0131 gerekmektedir. Diplomatik Pasaport sahibi olan T\u00fcrkiye Cumhuriyeti vatanda\u015flar\u0131 90 g\u00fcn\u00fc a\u015fmayan seyahatleri i\u00e7in vize ba\u015fvurusundan muaf tutulmu\u015ftur. Gine vizesi ba\u015fvurular\u0131; Gine Ankara B\u00fcy\u00fckel\u00e7ili\u011fi\u2019ne, B\u00fcy\u00fckel\u00e7ilik taraf\u0131ndan yetkilendirilmi\u015f vize ba\u015fvuru merkezlerine ve acenteler<\/p>\n","protected":false},"author":1,"featured_media":0,"parent":18,"menu_order":0,"comment_status":"closed","ping_status":"closed","template":"","meta":{"footnotes":""},"class_list":["post-39","page","type-page","status-publish","hentry"],"yoast_head":"<!-- This site is optimized with the Yoast SEO plugin v26.8 - https:\/\/yoast.com\/product\/yoast-seo-wordpress\/ -->\n<title>Gine Vize Randevusu - Gine Vize \u0130\u015flemleri - MyVize<\/title>\n<meta name=\"description\" content=\"Gine Vize Randevusu Nas\u0131l Al\u0131n\u0131r? Gine Vize Randevusu 2022 G\u00fcncel Bilgileri. Bilgi \u0130\u00e7in Vize Uzmanlar\u0131m\u0131z\u0131 Aray\u0131n: 0850 346 84 93\" \/>\n<meta name=\"robots\" content=\"index, follow, max-snippet:-1, max-image-preview:large, max-video-preview:-1\" \/>\n<link rel=\"canonical\" href=\"https:\/\/myvize.com.tr\/gine\/vize-islemleri\/gine-vize-randevusu\/\" \/>\n<meta property=\"og:locale\" content=\"tr_TR\" \/>\n<meta property=\"og:type\" content=\"article\" \/>\n<meta property=\"og:title\" content=\"Gine Vize Randevusu - Gine Vize \u0130\u015flemleri - MyVize\" \/>\n<meta property=\"og:description\" content=\"Gine Vize Randevusu Nas\u0131l Al\u0131n\u0131r? Gine Vize Randevusu 2022 G\u00fcncel Bilgileri. Bilgi \u0130\u00e7in Vize Uzmanlar\u0131m\u0131z\u0131 Aray\u0131n: 0850 346 84 93\" \/>\n<meta property=\"og:url\" content=\"https:\/\/myvize.com.tr\/gine\/vize-islemleri\/gine-vize-randevusu\/\" \/>\n<meta property=\"og:site_name\" content=\"Gine Vizesi\" \/>\n<meta property=\"article:modified_time\" content=\"2022-05-10T12:11:16+00:00\" \/>\n<meta property=\"og:image\" content=\"https:\/\/myvize.com.tr\/gine\/wp-content\/uploads\/2021\/10\/7.jpg\" \/>\n<meta name=\"twitter:card\" content=\"summary_large_image\" \/>\n<meta name=\"twitter:label1\" content=\"Tahmini okuma s\u00fcresi\" \/>\n\t<meta name=\"twitter:data1\" content=\"1 dakika\" \/>\n<script type=\"application\/ld+json\" class=\"yoast-schema-graph\">{\"@context\":\"https:\/\/schema.org\",\"@graph\":[{\"@type\":\"WebPage\",\"@id\":\"https:\/\/myvize.com.tr\/gine\/vize-islemleri\/gine-vize-randevusu\/\",\"url\":\"https:\/\/myvize.com.tr\/gine\/vize-islemleri\/gine-vize-randevusu\/\",\"name\":\"Gine Vize Randevusu - Gine Vize \u0130\u015flemleri - MyVize\",\"isPartOf\":{\"@id\":\"https:\/\/myvize.com.tr\/gine\/#website\"},\"primaryImageOfPage\":{\"@id\":\"https:\/\/myvize.com.tr\/gine\/vize-islemleri\/gine-vize-randevusu\/#primaryimage\"},\"image\":{\"@id\":\"https:\/\/myvize.com.tr\/gine\/vize-islemleri\/gine-vize-randevusu\/#primaryimage\"},\"thumbnailUrl\":\"https:\/\/myvize.com.tr\/gine\/wp-content\/uploads\/2021\/10\/7.jpg\",\"datePublished\":\"2020-11-30T09:46:14+00:00\",\"dateModified\":\"2022-05-10T12:11:16+00:00\",\"description\":\"Gine Vize Randevusu Nas\u0131l Al\u0131n\u0131r? Gine Vize Randevusu 2022 G\u00fcncel Bilgileri. Bilgi \u0130\u00e7in Vize Uzmanlar\u0131m\u0131z\u0131 Aray\u0131n: 0850 346 84 93\",\"breadcrumb\":{\"@id\":\"https:\/\/myvize.com.tr\/gine\/vize-islemleri\/gine-vize-randevusu\/#breadcrumb\"},\"inLanguage\":\"tr\",\"potentialAction\":[{\"@type\":\"ReadAction\",\"target\":[\"https:\/\/myvize.com.tr\/gine\/vize-islemleri\/gine-vize-randevusu\/\"]}]},{\"@type\":\"ImageObject\",\"inLanguage\":\"tr\",\"@id\":\"https:\/\/myvize.com.tr\/gine\/vize-islemleri\/gine-vize-randevusu\/#primaryimage\",\"url\":\"https:\/\/myvize.com.tr\/gine\/wp-content\/uploads\/2021\/10\/7.jpg\",\"contentUrl\":\"https:\/\/myvize.com.tr\/gine\/wp-content\/uploads\/2021\/10\/7.jpg\",\"width\":800,\"height\":500,\"caption\":\"Gine Vize Randevusu\"},{\"@type\":\"BreadcrumbList\",\"@id\":\"https:\/\/myvize.com.tr\/gine\/vize-islemleri\/gine-vize-randevusu\/#breadcrumb\",\"itemListElement\":[{\"@type\":\"ListItem\",\"position\":1,\"name\":\"Anasayfa\",\"item\":\"https:\/\/myvize.com.tr\/gine\/\"},{\"@type\":\"ListItem\",\"position\":2,\"name\":\"V\u0130ZE \u0130\u015eLEMLER\u0130\",\"item\":\"https:\/\/myvize.com.tr\/gine\/vize-islemleri\/\"},{\"@type\":\"ListItem\",\"position\":3,\"name\":\"Gine Vize Randevusu\"}]},{\"@type\":\"WebSite\",\"@id\":\"https:\/\/myvize.com.tr\/gine\/#website\",\"url\":\"https:\/\/myvize.com.tr\/gine\/\",\"name\":\"Gine Vizesi\",\"description\":\"\",\"potentialAction\":[{\"@type\":\"SearchAction\",\"target\":{\"@type\":\"EntryPoint\",\"urlTemplate\":\"https:\/\/myvize.com.tr\/gine\/?s={search_term_string}\"},\"query-input\":{\"@type\":\"PropertyValueSpecification\",\"valueRequired\":true,\"valueName\":\"search_term_string\"}}],\"inLanguage\":\"tr\"}]}<\/script>\n<!-- \/ Yoast SEO plugin. -->","yoast_head_json":{"title":"Gine Vize Randevusu - Gine Vize \u0130\u015flemleri - MyVize","description":"Gine Vize Randevusu Nas\u0131l Al\u0131n\u0131r? Gine Vize Randevusu 2022 G\u00fcncel Bilgileri. Bilgi \u0130\u00e7in Vize Uzmanlar\u0131m\u0131z\u0131 Aray\u0131n: 0850 346 84 93","robots":{"index":"index","follow":"follow","max-snippet":"max-snippet:-1","max-image-preview":"max-image-preview:large","max-video-preview":"max-video-preview:-1"},"canonical":"https:\/\/myvize.com.tr\/gine\/vize-islemleri\/gine-vize-randevusu\/","og_locale":"tr_TR","og_type":"article","og_title":"Gine Vize Randevusu - Gine Vize \u0130\u015flemleri - MyVize","og_description":"Gine Vize Randevusu Nas\u0131l Al\u0131n\u0131r? Gine Vize Randevusu 2022 G\u00fcncel Bilgileri. Bilgi \u0130\u00e7in Vize Uzmanlar\u0131m\u0131z\u0131 Aray\u0131n: 0850 346 84 93","og_url":"https:\/\/myvize.com.tr\/gine\/vize-islemleri\/gine-vize-randevusu\/","og_site_name":"Gine Vizesi","article_modified_time":"2022-05-10T12:11:16+00:00","og_image":[{"url":"https:\/\/myvize.com.tr\/gine\/wp-content\/uploads\/2021\/10\/7.jpg","type":"","width":"","height":""}],"twitter_card":"summary_large_image","twitter_misc":{"Tahmini okuma s\u00fcresi":"1 dakika"},"schema":{"@context":"https:\/\/schema.org","@graph":[{"@type":"WebPage","@id":"https:\/\/myvize.com.tr\/gine\/vize-islemleri\/gine-vize-randevusu\/","url":"https:\/\/myvize.com.tr\/gine\/vize-islemleri\/gine-vize-randevusu\/","name":"Gine Vize Randevusu - Gine Vize \u0130\u015flemleri - MyVize","isPartOf":{"@id":"https:\/\/myvize.com.tr\/gine\/#website"},"primaryImageOfPage":{"@id":"https:\/\/myvize.com.tr\/gine\/vize-islemleri\/gine-vize-randevusu\/#primaryimage"},"image":{"@id":"https:\/\/myvize.com.tr\/gine\/vize-islemleri\/gine-vize-randevusu\/#primaryimage"},"thumbnailUrl":"https:\/\/myvize.com.tr\/gine\/wp-content\/uploads\/2021\/10\/7.jpg","datePublished":"2020-11-30T09:46:14+00:00","dateModified":"2022-05-10T12:11:16+00:00","description":"Gine Vize Randevusu Nas\u0131l Al\u0131n\u0131r? Gine Vize Randevusu 2022 G\u00fcncel Bilgileri. Bilgi \u0130\u00e7in Vize Uzmanlar\u0131m\u0131z\u0131 Aray\u0131n: 0850 346 84 93","breadcrumb":{"@id":"https:\/\/myvize.com.tr\/gine\/vize-islemleri\/gine-vize-randevusu\/#breadcrumb"},"inLanguage":"tr","potentialAction":[{"@type":"ReadAction","target":["https:\/\/myvize.com.tr\/gine\/vize-islemleri\/gine-vize-randevusu\/"]}]},{"@type":"ImageObject","inLanguage":"tr","@id":"https:\/\/myvize.com.tr\/gine\/vize-islemleri\/gine-vize-randevusu\/#primaryimage","url":"https:\/\/myvize.com.tr\/gine\/wp-content\/uploads\/2021\/10\/7.jpg","contentUrl":"https:\/\/myvize.com.tr\/gine\/wp-content\/uploads\/2021\/10\/7.jpg","width":800,"height":500,"caption":"Gine Vize Randevusu"},{"@type":"BreadcrumbList","@id":"https:\/\/myvize.com.tr\/gine\/vize-islemleri\/gine-vize-randevusu\/#breadcrumb","itemListElement":[{"@type":"ListItem","position":1,"name":"Anasayfa","item":"https:\/\/myvize.com.tr\/gine\/"},{"@type":"ListItem","position":2,"name":"V\u0130ZE \u0130\u015eLEMLER\u0130","item":"https:\/\/myvize.com.tr\/gine\/vize-islemleri\/"},{"@type":"ListItem","position":3,"name":"Gine Vize Randevusu"}]},{"@type":"WebSite","@id":"https:\/\/myvize.com.tr\/gine\/#website","url":"https:\/\/myvize.com.tr\/gine\/","name":"Gine Vizesi","description":"","potentialAction":[{"@type":"SearchAction","target":{"@type":"EntryPoint","urlTemplate":"https:\/\/myvize.com.tr\/gine\/?s={search_term_string}"},"query-input":{"@type":"PropertyValueSpecification","valueRequired":true,"valueName":"search_term_string"}}],"inLanguage":"tr"}]}},"_links":{"self":[{"href":"https:\/\/myvize.com.tr\/gine\/wp-json\/wp\/v2\/pages\/39","targetHints":{"allow":["GET"]}}],"collection":[{"href":"https:\/\/myvize.com.tr\/gine\/wp-json\/wp\/v2\/pages"}],"about":[{"href":"https:\/\/myvize.com.tr\/gine\/wp-json\/wp\/v2\/types\/page"}],"author":[{"embeddable":true,"href":"https:\/\/myvize.com.tr\/gine\/wp-json\/wp\/v2\/users\/1"}],"replies":[{"embeddable":true,"href":"https:\/\/myvize.com.tr\/gine\/wp-json\/wp\/v2\/comments?post=39"}],"version-history":[{"count":6,"href":"https:\/\/myvize.com.tr\/gine\/wp-json\/wp\/v2\/pages\/39\/revisions"}],"predecessor-version":[{"id":364,"href":"https:\/\/myvize.com.tr\/gine\/wp-json\/wp\/v2\/pages\/39\/revisions\/364"}],"up":[{"embeddable":true,"href":"https:\/\/myvize.com.tr\/gine\/wp-json\/wp\/v2\/pages\/18"}],"wp:attachment":[{"href":"https:\/\/myvize.com.tr\/gine\/wp-json\/wp\/v2\/media?parent=39"}],"curies":[{"name":"wp","href":"https:\/\/api.w.org\/{rel}","templated":true}]}}