{"id":35,"date":"2020-11-30T12:44:42","date_gmt":"2020-11-30T09:44:42","guid":{"rendered":"https:\/\/myvize.com.tr\/gine\/?page_id=35"},"modified":"2022-05-10T15:09:15","modified_gmt":"2022-05-10T12:09:15","slug":"gine-ticari-vize","status":"publish","type":"page","link":"https:\/\/myvize.com.tr\/gine\/vize-islemleri\/gine-ticari-vize\/","title":{"rendered":"Gine Ticari Vize"},"content":{"rendered":"<h2><strong><span style=\"font-family: Roboto; font-size: 27px;\">Gine Ticari Vize Hakk\u0131nda<\/span><\/strong><\/h2>\n<p><span style=\"font-family: Roboto; font-size: 14px;\">Ticari ama\u00e7l\u0131 Gine\u2019ye seyahat edecek olan Umuma Mahsus Pasaport, Hususi Pasaport ya da Hizmet Pasaportu sahibi T\u00fcrkiye Cumhuriyeti vatanda\u015flar\u0131 seyahatleri \u00f6ncesinde seyahat amac\u0131na uygun olarak <strong>Gine ticari vize<\/strong> almal\u0131d\u0131r. Diplomatik Pasaport sahipleri ise 180 g\u00fcn i\u00e7erisinde 90 g\u00fcn\u00fc ge\u00e7meyen seyahatleri i\u00e7in Gine vizesinden muaf tutulmu\u015ftur.<\/span><\/p>\n<blockquote><p><span style=\"font-family: Roboto; font-size: 14px;\"><a href=\"https:\/\/myvize.com.tr\/gine\/vize-islemleri\/gine-vizesi\/\" target=\"_blank\" rel=\"noopener\"><strong><span style=\"color: #2acec2;\">Gine Vizesi<\/span><\/strong><\/a><\/span><\/p><\/blockquote>\n<p><span style=\"font-family: Roboto; font-size: 14px;\"><strong>Gine ticari vizesi<\/strong> alacak olan ki\u015filer Gine\u2019de bulunan \u015firketten davetiye almal\u0131d\u0131r. Ayr\u0131ca Gine\u2019ye i\u015f g\u00f6r\u00fc\u015fmesi, fuar, konferans, m\u00fczakere, kongre gibi yerlere kat\u0131lacak ki\u015filerde <strong>ticari vize<\/strong> almal\u0131d\u0131r.<\/span><\/p>\n<p><span style=\"font-family: Roboto; font-size: 14px;\"><strong>Gine ticari vize<\/strong> ba\u015fvurusunu <strong>Gine B\u00fcy\u00fckel\u00e7ili\u011fi<\/strong> taraf\u0131ndan yetkilendirilmi\u015f vize ba\u015fvuru merkezleri veya seyahat acenteleri arac\u0131l\u0131\u011f\u0131 ile yapabilirsiniz. Ancak vize ba\u015fvurusu hakk\u0131nda karar verme yetkisi Gine Ankara B\u00fcy\u00fckel\u00e7ili\u011fi\u2019ne aittir. <strong>Gine ticari vize<\/strong> ba\u015fvurusu i\u00e7in \u00f6ncelikle gerekli belgeler haz\u0131rlanmal\u0131, vize har\u00e7 \u00fccreti yat\u0131r\u0131lmal\u0131 ve ba\u015fvuru talebinde bulunulmal\u0131d\u0131r. <strong>Gine ticari vize<\/strong> ba\u015fvurusunda bulunacak ki\u015fiden istenen belgeler ki\u015finin stat\u00fcs\u00fcne g\u00f6re farkl\u0131l\u0131k g\u00f6stermektedir. Yani \u015firket sahibi, \u015firket orta\u011f\u0131 ya da \u015firket \u00e7al\u0131\u015fan\u0131 olunmas\u0131 durumunda istenen belgeler farkl\u0131l\u0131k g\u00f6stermektedir. \u00a0Ancak her <strong>ticari vize<\/strong> ba\u015fvuru sahiplerinden istenen belgeler varmaktad\u0131r. Bu belgeler a\u015fa\u011f\u0131da verilmi\u015ftir.<\/span><\/p>\n<ul>\n<li><span style=\"font-family: Roboto; font-size: 14px;\">Pasaport<\/span><\/li>\n<li><span style=\"color: #2acec2;\"><a style=\"color: #2acec2;\" href=\"https:\/\/myvize.com.tr\/gine\/vize-islemleri\/gine-vize-basvuru-formu\/\" target=\"_blank\" rel=\"noopener\"><strong><span style=\"font-family: Roboto; font-size: 14px;\">Gine Vize ba\u015fvuru formu<\/span><\/strong><\/a><\/span><\/li>\n<li><span style=\"font-family: Roboto; font-size: 14px;\">Seyahat sa\u011fl\u0131k sigortas\u0131<\/span><\/li>\n<li><span style=\"font-family: Roboto; font-size: 14px;\">Konaklama ve u\u00e7u\u015f bilgileri<\/span><\/li>\n<li><span style=\"font-family: Roboto; font-size: 14px;\">Davetiye<\/span><\/li>\n<li><span style=\"font-family: Roboto; font-size: 14px;\">Banka hesap d\u00f6k\u00fcm\u00fc<\/span><\/li>\n<li><span style=\"font-family: Roboto; font-size: 14px;\">\u015eirket bilgileri<\/span><\/li>\n<li><span style=\"font-family: Roboto; font-size: 14px;\">Adli sicil kayd\u0131<\/span><\/li>\n<li><span style=\"font-family: Roboto; font-size: 14px;\">Sar\u0131humma a\u015f\u0131s\u0131<\/span><\/li>\n<li><span style=\"font-family: Roboto; font-size: 14px;\">Tam vukuatl\u0131 n\u00fcfus kay\u0131t \u00f6rne\u011fi<\/span><\/li>\n<\/ul>\n<p><span style=\"font-family: Roboto; font-size: 14px;\"><strong>Gine ticari vize<\/strong> ba\u015fvurular\u0131 ortalama olarak 3 i\u015f g\u00fcn\u00fc i\u00e7erisinde sonu\u00e7lanmaktad\u0131r. Ancak bu s\u00fcre baz\u0131 durumlarda uzayabilmektedir.<\/span><\/p>\n<p><img decoding=\"async\" src=\"https:\/\/myvize.com.tr\/gine\/wp-content\/uploads\/2021\/10\/3.jpg\" \/><\/p>\n<h2><strong><span style=\"font-family: Roboto; font-size: 27px;\">Gine Ticari Vize Nedir?<\/span><\/strong><\/h2>\n<p><span style=\"font-family: Roboto; font-size: 14px;\">Ticari ama\u00e7l\u0131 olarak Gine\u2019ye seyahat edecek olan ki\u015filer, Gine ticari vizesi almal\u0131d\u0131r. Gine ticari vizesi alacak olan ki\u015filer, Gine ticari vizesinin oldu\u011funu merak etmektedir. Bu yaz\u0131da Gine ticari vizesi alacak olan ki\u015filer i\u00e7in \u201cGine ticari vize nedir?\u201d sorusunun cevab\u0131 verilmi\u015ftir.<\/span><\/p>\n<p><span style=\"font-family: Roboto; font-size: 14px;\"><strong>Gine ticari vizesi,<\/strong> Gine\u2019de bir davete kat\u0131lma, i\u015f g\u00f6r\u00fc\u015fmesi yapma, kongre, konferans gibi davetlere kat\u0131lma amac\u0131 ile gidecek olan ki\u015filerin almas\u0131 gereken k\u0131sa s\u00fcreli bir vize t\u00fcr\u00fcd\u00fcr. Diplomatik pasaport sahibi olan T\u00fcrk vatanda\u015flar\u0131 bu vizeden muaft\u0131r.<\/span><\/p>\n<p><span style=\"font-family: Roboto; font-size: 14px;\">Gine ticari vizesi alacak olan ki\u015filerin ba\u015fvuru i\u00e7in davetiye almas\u0131 gerekmektedir. Davetiyesiz<strong> Gine ticari vize ba\u015fvurular\u0131<\/strong> kabul edilmemektedir. Gine ticari vizesi Gine\u2019de bir i\u015fte \u00e7al\u0131\u015fma ya da bir \u00fcr\u00fcn satma hakk\u0131 vermemektedir.<\/span><\/p>\n<h2><strong><span style=\"font-family: Roboto; font-size: 27px;\">Gine Ticari Vize Nas\u0131l Al\u0131n\u0131r?<\/span><\/strong><\/h2>\n<p><span style=\"font-family: Roboto; font-size: 14px;\">Gine\u2019de bir davete kat\u0131lmak ya da i\u015f g\u00f6r\u00fc\u015fmesi yapmak isteyen ki\u015filerin almas\u0131 gereken vize Gine ticari vizesidir. Gine ticari vizesi almak isteyen ki\u015filer, vizenin nas\u0131l al\u0131naca\u011f\u0131n\u0131 merak etmekte ve ara\u015ft\u0131rmaktad\u0131r. Bu yaz\u0131da Gine ticari vizesi almak isteyen ki\u015filer i\u00e7in \u201cGine ticari vize nas\u0131l al\u0131n\u0131r?\u201d sorusu hakk\u0131nda cevap verilmi\u015ftir.<\/span><\/p>\n<ul>\n<li><span style=\"font-family: Roboto; font-size: 14px;\">Gine ticari vizesi alacak olan ki\u015filer, ba\u015fvurular\u0131 Gine\u2019nin T\u00fcrkiye temsilciliklerine ya da yetkilendirilmi\u015f vize ba\u015fvuru merkezleri ile seyahat acenteleri arac\u0131l\u0131\u011f\u0131 ile yap\u0131labilmektedir.<\/span><\/li>\n<li><span style=\"font-family: Roboto; font-size: 14px;\">Ba\u015fvuru i\u00e7in gerekli olan vize evraklar\u0131n\u0131 eksiksiz olarak haz\u0131rlaman\u0131z gerekmektedir.<\/span><\/li>\n<li><span style=\"font-family: Roboto; font-size: 14px;\"><strong>Gine ticari vizesi i\u00e7in gerekli olan evraklar\u0131<\/strong> haz\u0131rlayan ki\u015filer, <strong>Gine ticari vize ba\u015fvurusu<\/strong> yapaca\u011f\u0131 yere gerekli olan evraklar\u0131 ula\u015ft\u0131rmal\u0131d\u0131r. Ba\u015fvurunun \u015fahsen yap\u0131lmas\u0131 zorunlulu\u011fu bulunmamaktad\u0131r.<\/span><\/li>\n<\/ul>\n<h2><strong><span style=\"font-family: Roboto; font-size: 27px;\">Gine Ticari Vize Nereden Al\u0131n\u0131r?<\/span><\/strong><\/h2>\n<p><span style=\"font-family: Roboto; font-size: 14px;\">Gine, son y\u0131llarda \u00fclkemiz ile bir\u00e7ok ticari ili\u015fkiye girmi\u015ftir. Gine \u00fclkesi ile i\u015f yapmak isteyen ya da Gine\u2019de bir davete, organizasyona kat\u0131lmak isteyen ki\u015filer, <strong>Gine seyahatleri<\/strong> i\u00e7in vize almal\u0131d\u0131r. Gine ticari seyahatleri i\u00e7in vize alacak olan ki\u015filer, Gine ticari vizesinin nereden al\u0131naca\u011f\u0131n\u0131 ara\u015ft\u0131rmaktad\u0131r. A\u015fa\u011f\u0131da Gine ticari vizesi alacak olan ki\u015filer i\u00e7in \u201cGine ticari vize nereden al\u0131n\u0131r?\u201d sorusunun cevab\u0131 verilmi\u015ftir.<\/span><\/p>\n<p><span style=\"font-family: Roboto; font-size: 14px;\"><strong>Gine ticari vizesi verme<\/strong> yetkisi Gine\u2019nin T\u00fcrkiye\u2019de bulunan temsilciliklerine aittir. <strong>Gine ticari vize ba\u015fvurular\u0131<\/strong> da bu temsilciliklere yap\u0131labilmektedir. Gine ticari vize ba\u015fvurular\u0131n\u0131z\u0131 ayr\u0131ca Gine temsilcilikleri taraf\u0131ndan yetkilendirilmi\u015f vize ba\u015fvuru merkezleri ve yetki verilmi\u015f seyahat acenteleri arac\u0131l\u0131\u011f\u0131 ile yap\u0131labilmektedir.<\/span><\/p>\n<p><span style=\"font-family: Roboto; font-size: 14px;\"><strong>Gine ticari ba\u015fvurular\u0131<\/strong> her ne kadar vize ba\u015fvuru merkezlerine yap\u0131lsa da inceleme yetkisi Gine\u2019nin T\u00fcrkiye temsilciliklerine aittir.<\/span><\/p>\n<h3><strong><span style=\"font-family: Roboto; font-size: 24px;\">Gine Ticari Vize Ka\u00e7 G\u00fcnde \u00c7\u0131kar?<\/span><\/strong><\/h3>\n<p><span style=\"font-family: Roboto; font-size: 14px;\">Ticari ama\u00e7l\u0131 olarak <strong>Gine\u2019ye seyahat<\/strong> edecek ki\u015filer, Gine ticari vizesinin ne kadar s\u00fcrede \u00e7\u0131kaca\u011f\u0131n\u0131 ara\u015ft\u0131rmaktad\u0131r. Bu yaz\u0131da Gine ticari vizesi alacak olan ki\u015filer i\u00e7in \u201cGine ticari vize ka\u00e7 g\u00fcnde \u00e7\u0131kar?\u201d sorusunun cevab\u0131 verilmi\u015ftir.<\/span><\/p>\n<p><span style=\"font-family: Roboto; font-size: 14px;\">Gine\u2019ye ticari vizesi alacak olan ki\u015filerin <strong>Gine ticari vizesi ba\u015fvurular\u0131<\/strong> farkl\u0131 s\u00fcrelerde sonu\u00e7lanabilir. Bunun nedeni her Gine ticari vize ba\u015fvurusunun farkl\u0131 farkl\u0131 de\u011ferlendirilmesidir. Her Gine ticari vize ba\u015fvurusu ba\u015fvuru yapan ki\u015finin durumuna, e\u011fitimine, ba\u015fvuru yap\u0131lan yere g\u00f6re farkl\u0131 olarak de\u011ferlendirilmektedir.<\/span><\/p>\n<p><span style=\"font-family: Roboto; font-size: 14px;\"><strong>Gine ticari vize ba\u015fvurular\u0131<\/strong> ortalama olarak 7 i\u015f g\u00fcn\u00fc i\u00e7erisinde sonu\u00e7lanmaktad\u0131r. Ancak bu s\u00fcre baz\u0131 durumlarda 1 ay\u0131 bulabilmektedir. Ba\u015fvurular\u0131n sonu\u00e7lanmas\u0131n\u0131 etkileyen en b\u00fcy\u00fck durum ba\u015fvurular\u0131 inceleyen temsilcili\u011fin yo\u011funlu\u011fudur.<\/span><\/p>\n","protected":false},"excerpt":{"rendered":"<p>Gine Ticari Vize Hakk\u0131nda Ticari ama\u00e7l\u0131 Gine\u2019ye seyahat edecek olan Umuma Mahsus Pasaport, Hususi Pasaport ya da Hizmet Pasaportu sahibi T\u00fcrkiye Cumhuriyeti vatanda\u015flar\u0131 seyahatleri \u00f6ncesinde seyahat amac\u0131na uygun olarak Gine ticari vize almal\u0131d\u0131r. Diplomatik Pasaport sahipleri ise 180 g\u00fcn i\u00e7erisinde 90 g\u00fcn\u00fc ge\u00e7meyen seyahatleri i\u00e7in Gine vizesinden muaf tutulmu\u015ftur. Gine Vizesi Gine ticari vizesi alacak<\/p>\n","protected":false},"author":1,"featured_media":0,"parent":18,"menu_order":0,"comment_status":"closed","ping_status":"closed","template":"","meta":{"footnotes":""},"class_list":["post-35","page","type-page","status-publish","hentry"],"yoast_head":"<!-- This site is optimized with the Yoast SEO plugin v26.8 - https:\/\/yoast.com\/product\/yoast-seo-wordpress\/ -->\n<title>Gine Ticari Vize - Gine Vizesi - MyVize Vize Ba\u015fvuru Merkezi<\/title>\n<meta name=\"description\" content=\"Gine Ticari Vize Nas\u0131l Al\u0131n\u0131r? Gine Ticari Vize Alma \u015eartlar\u0131 Neler? Gine Ticari Vize \u00dccreti Nedir? Bilgi \u0130\u00e7in Hemen Aray\u0131n: 0850 346 84 93\" \/>\n<meta name=\"robots\" content=\"index, follow, max-snippet:-1, max-image-preview:large, max-video-preview:-1\" \/>\n<link rel=\"canonical\" href=\"https:\/\/myvize.com.tr\/gine\/vize-islemleri\/gine-ticari-vize\/\" \/>\n<meta property=\"og:locale\" content=\"tr_TR\" \/>\n<meta property=\"og:type\" content=\"article\" \/>\n<meta property=\"og:title\" content=\"Gine Ticari Vize - Gine Vizesi - MyVize Vize Ba\u015fvuru Merkezi\" \/>\n<meta property=\"og:description\" content=\"Gine Ticari Vize Nas\u0131l Al\u0131n\u0131r? Gine Ticari Vize Alma \u015eartlar\u0131 Neler? Gine Ticari Vize \u00dccreti Nedir? Bilgi \u0130\u00e7in Hemen Aray\u0131n: 0850 346 84 93\" \/>\n<meta property=\"og:url\" content=\"https:\/\/myvize.com.tr\/gine\/vize-islemleri\/gine-ticari-vize\/\" \/>\n<meta property=\"og:site_name\" content=\"Gine Vizesi\" \/>\n<meta property=\"article:modified_time\" content=\"2022-05-10T12:09:15+00:00\" \/>\n<meta property=\"og:image\" content=\"https:\/\/myvize.com.tr\/gine\/wp-content\/uploads\/2021\/10\/3.jpg\" \/>\n<meta name=\"twitter:card\" content=\"summary_large_image\" \/>\n<meta name=\"twitter:label1\" content=\"Tahmini okuma s\u00fcresi\" \/>\n\t<meta name=\"twitter:data1\" content=\"2 dakika\" \/>\n<script type=\"application\/ld+json\" class=\"yoast-schema-graph\">{\"@context\":\"https:\/\/schema.org\",\"@graph\":[{\"@type\":\"WebPage\",\"@id\":\"https:\/\/myvize.com.tr\/gine\/vize-islemleri\/gine-ticari-vize\/\",\"url\":\"https:\/\/myvize.com.tr\/gine\/vize-islemleri\/gine-ticari-vize\/\",\"name\":\"Gine Ticari Vize - Gine Vizesi - MyVize Vize Ba\u015fvuru Merkezi\",\"isPartOf\":{\"@id\":\"https:\/\/myvize.com.tr\/gine\/#website\"},\"primaryImageOfPage\":{\"@id\":\"https:\/\/myvize.com.tr\/gine\/vize-islemleri\/gine-ticari-vize\/#primaryimage\"},\"image\":{\"@id\":\"https:\/\/myvize.com.tr\/gine\/vize-islemleri\/gine-ticari-vize\/#primaryimage\"},\"thumbnailUrl\":\"https:\/\/myvize.com.tr\/gine\/wp-content\/uploads\/2021\/10\/3.jpg\",\"datePublished\":\"2020-11-30T09:44:42+00:00\",\"dateModified\":\"2022-05-10T12:09:15+00:00\",\"description\":\"Gine Ticari Vize Nas\u0131l Al\u0131n\u0131r? Gine Ticari Vize Alma \u015eartlar\u0131 Neler? Gine Ticari Vize \u00dccreti Nedir? Bilgi \u0130\u00e7in Hemen Aray\u0131n: 0850 346 84 93\",\"breadcrumb\":{\"@id\":\"https:\/\/myvize.com.tr\/gine\/vize-islemleri\/gine-ticari-vize\/#breadcrumb\"},\"inLanguage\":\"tr\",\"potentialAction\":[{\"@type\":\"ReadAction\",\"target\":[\"https:\/\/myvize.com.tr\/gine\/vize-islemleri\/gine-ticari-vize\/\"]}]},{\"@type\":\"ImageObject\",\"inLanguage\":\"tr\",\"@id\":\"https:\/\/myvize.com.tr\/gine\/vize-islemleri\/gine-ticari-vize\/#primaryimage\",\"url\":\"https:\/\/myvize.com.tr\/gine\/wp-content\/uploads\/2021\/10\/3.jpg\",\"contentUrl\":\"https:\/\/myvize.com.tr\/gine\/wp-content\/uploads\/2021\/10\/3.jpg\",\"width\":800,\"height\":500,\"caption\":\"Gine Ticari Vize\"},{\"@type\":\"BreadcrumbList\",\"@id\":\"https:\/\/myvize.com.tr\/gine\/vize-islemleri\/gine-ticari-vize\/#breadcrumb\",\"itemListElement\":[{\"@type\":\"ListItem\",\"position\":1,\"name\":\"Anasayfa\",\"item\":\"https:\/\/myvize.com.tr\/gine\/\"},{\"@type\":\"ListItem\",\"position\":2,\"name\":\"V\u0130ZE \u0130\u015eLEMLER\u0130\",\"item\":\"https:\/\/myvize.com.tr\/gine\/vize-islemleri\/\"},{\"@type\":\"ListItem\",\"position\":3,\"name\":\"Gine Ticari Vize\"}]},{\"@type\":\"WebSite\",\"@id\":\"https:\/\/myvize.com.tr\/gine\/#website\",\"url\":\"https:\/\/myvize.com.tr\/gine\/\",\"name\":\"Gine Vizesi\",\"description\":\"\",\"potentialAction\":[{\"@type\":\"SearchAction\",\"target\":{\"@type\":\"EntryPoint\",\"urlTemplate\":\"https:\/\/myvize.com.tr\/gine\/?s={search_term_string}\"},\"query-input\":{\"@type\":\"PropertyValueSpecification\",\"valueRequired\":true,\"valueName\":\"search_term_string\"}}],\"inLanguage\":\"tr\"}]}<\/script>\n<!-- \/ Yoast SEO plugin. -->","yoast_head_json":{"title":"Gine Ticari Vize - Gine Vizesi - MyVize Vize Ba\u015fvuru Merkezi","description":"Gine Ticari Vize Nas\u0131l Al\u0131n\u0131r? Gine Ticari Vize Alma \u015eartlar\u0131 Neler? Gine Ticari Vize \u00dccreti Nedir? Bilgi \u0130\u00e7in Hemen Aray\u0131n: 0850 346 84 93","robots":{"index":"index","follow":"follow","max-snippet":"max-snippet:-1","max-image-preview":"max-image-preview:large","max-video-preview":"max-video-preview:-1"},"canonical":"https:\/\/myvize.com.tr\/gine\/vize-islemleri\/gine-ticari-vize\/","og_locale":"tr_TR","og_type":"article","og_title":"Gine Ticari Vize - Gine Vizesi - MyVize Vize Ba\u015fvuru Merkezi","og_description":"Gine Ticari Vize Nas\u0131l Al\u0131n\u0131r? Gine Ticari Vize Alma \u015eartlar\u0131 Neler? Gine Ticari Vize \u00dccreti Nedir? Bilgi \u0130\u00e7in Hemen Aray\u0131n: 0850 346 84 93","og_url":"https:\/\/myvize.com.tr\/gine\/vize-islemleri\/gine-ticari-vize\/","og_site_name":"Gine Vizesi","article_modified_time":"2022-05-10T12:09:15+00:00","og_image":[{"url":"https:\/\/myvize.com.tr\/gine\/wp-content\/uploads\/2021\/10\/3.jpg","type":"","width":"","height":""}],"twitter_card":"summary_large_image","twitter_misc":{"Tahmini okuma s\u00fcresi":"2 dakika"},"schema":{"@context":"https:\/\/schema.org","@graph":[{"@type":"WebPage","@id":"https:\/\/myvize.com.tr\/gine\/vize-islemleri\/gine-ticari-vize\/","url":"https:\/\/myvize.com.tr\/gine\/vize-islemleri\/gine-ticari-vize\/","name":"Gine Ticari Vize - Gine Vizesi - MyVize Vize Ba\u015fvuru Merkezi","isPartOf":{"@id":"https:\/\/myvize.com.tr\/gine\/#website"},"primaryImageOfPage":{"@id":"https:\/\/myvize.com.tr\/gine\/vize-islemleri\/gine-ticari-vize\/#primaryimage"},"image":{"@id":"https:\/\/myvize.com.tr\/gine\/vize-islemleri\/gine-ticari-vize\/#primaryimage"},"thumbnailUrl":"https:\/\/myvize.com.tr\/gine\/wp-content\/uploads\/2021\/10\/3.jpg","datePublished":"2020-11-30T09:44:42+00:00","dateModified":"2022-05-10T12:09:15+00:00","description":"Gine Ticari Vize Nas\u0131l Al\u0131n\u0131r? Gine Ticari Vize Alma \u015eartlar\u0131 Neler? Gine Ticari Vize \u00dccreti Nedir? Bilgi \u0130\u00e7in Hemen Aray\u0131n: 0850 346 84 93","breadcrumb":{"@id":"https:\/\/myvize.com.tr\/gine\/vize-islemleri\/gine-ticari-vize\/#breadcrumb"},"inLanguage":"tr","potentialAction":[{"@type":"ReadAction","target":["https:\/\/myvize.com.tr\/gine\/vize-islemleri\/gine-ticari-vize\/"]}]},{"@type":"ImageObject","inLanguage":"tr","@id":"https:\/\/myvize.com.tr\/gine\/vize-islemleri\/gine-ticari-vize\/#primaryimage","url":"https:\/\/myvize.com.tr\/gine\/wp-content\/uploads\/2021\/10\/3.jpg","contentUrl":"https:\/\/myvize.com.tr\/gine\/wp-content\/uploads\/2021\/10\/3.jpg","width":800,"height":500,"caption":"Gine Ticari Vize"},{"@type":"BreadcrumbList","@id":"https:\/\/myvize.com.tr\/gine\/vize-islemleri\/gine-ticari-vize\/#breadcrumb","itemListElement":[{"@type":"ListItem","position":1,"name":"Anasayfa","item":"https:\/\/myvize.com.tr\/gine\/"},{"@type":"ListItem","position":2,"name":"V\u0130ZE \u0130\u015eLEMLER\u0130","item":"https:\/\/myvize.com.tr\/gine\/vize-islemleri\/"},{"@type":"ListItem","position":3,"name":"Gine Ticari Vize"}]},{"@type":"WebSite","@id":"https:\/\/myvize.com.tr\/gine\/#website","url":"https:\/\/myvize.com.tr\/gine\/","name":"Gine Vizesi","description":"","potentialAction":[{"@type":"SearchAction","target":{"@type":"EntryPoint","urlTemplate":"https:\/\/myvize.com.tr\/gine\/?s={search_term_string}"},"query-input":{"@type":"PropertyValueSpecification","valueRequired":true,"valueName":"search_term_string"}}],"inLanguage":"tr"}]}},"_links":{"self":[{"href":"https:\/\/myvize.com.tr\/gine\/wp-json\/wp\/v2\/pages\/35","targetHints":{"allow":["GET"]}}],"collection":[{"href":"https:\/\/myvize.com.tr\/gine\/wp-json\/wp\/v2\/pages"}],"about":[{"href":"https:\/\/myvize.com.tr\/gine\/wp-json\/wp\/v2\/types\/page"}],"author":[{"embeddable":true,"href":"https:\/\/myvize.com.tr\/gine\/wp-json\/wp\/v2\/users\/1"}],"replies":[{"embeddable":true,"href":"https:\/\/myvize.com.tr\/gine\/wp-json\/wp\/v2\/comments?post=35"}],"version-history":[{"count":8,"href":"https:\/\/myvize.com.tr\/gine\/wp-json\/wp\/v2\/pages\/35\/revisions"}],"predecessor-version":[{"id":582,"href":"https:\/\/myvize.com.tr\/gine\/wp-json\/wp\/v2\/pages\/35\/revisions\/582"}],"up":[{"embeddable":true,"href":"https:\/\/myvize.com.tr\/gine\/wp-json\/wp\/v2\/pages\/18"}],"wp:attachment":[{"href":"https:\/\/myvize.com.tr\/gine\/wp-json\/wp\/v2\/media?parent=35"}],"curies":[{"name":"wp","href":"https:\/\/api.w.org\/{rel}","templated":true}]}}