{"id":33,"date":"2020-11-30T12:42:19","date_gmt":"2020-11-30T09:42:19","guid":{"rendered":"https:\/\/myvize.com.tr\/gine\/?page_id=33"},"modified":"2022-05-10T15:07:15","modified_gmt":"2022-05-10T12:07:15","slug":"gine-aile-ziyareti-vizesi","status":"publish","type":"page","link":"https:\/\/myvize.com.tr\/gine\/vize-islemleri\/gine-aile-ziyareti-vizesi\/","title":{"rendered":"Gine Aile Ziyareti Vizesi"},"content":{"rendered":"<h2><strong><span style=\"font-family: Roboto; font-size: 27px;\">Gine Aile Ziyareti Vizesi Hakk\u0131nda<\/span><\/strong><\/h2>\n<p><span style=\"font-family: Roboto; font-size: 14px;\"><strong>Gine\u2019ye seyahat etmek<\/strong> isteyen Umuma Mahsus, Hizmet ve Hususi Pasaport sahipleri seyahat ama\u00e7lar\u0131na g\u00f6re Gine vizesi almal\u0131d\u0131r. Gine\u2019de bulunan aile \u00fcyelerini ziyaret etmek isteyen ki\u015filer ise Gine aile ziyareti vizesi almal\u0131d\u0131r. Gine\u2019ye seyahat edecek olan Diplomatik Pasaport sahipleri ise 90 g\u00fcn\u00fc a\u015fmayan seyahatleri i\u00e7in vizeden muaf tutulmu\u015ftur.<\/span><\/p>\n<p><span style=\"font-family: Roboto; font-size: 14px;\">Gana\u2019da bulunan anne, baba, \u00e7ocuk, karde\u015f, hala, amca, teyze, day\u0131 gibi aile \u00fcyelerini ziyaret edecek olan T\u00fcrkiye Cumhuriyeti vatanda\u015flar\u0131 <strong>Gine aile ziyareti vizesi<\/strong> almal\u0131d\u0131r. Ayr\u0131ca Gana\u2019da bulunan arkada\u015f\u0131n\u0131 ziyaret etmek isteyen ki\u015filerde bu vizeyi almal\u0131d\u0131r. <strong>Gine aile ziyareti vizesi<\/strong> alabilmek i\u00e7in Gine\u2019de bulunan aile \u00fcyelerinden davetiye almal\u0131s\u0131n\u0131z. Ayr\u0131ca akrabal\u0131k ba\u011f\u0131n\u0131z\u0131 g\u00f6steren belge beyan etmelisiniz.<\/span><\/p>\n<p><span style=\"font-family: Roboto; font-size: 14px;\">Ba\u015fvurular Gine<span style=\"color: #2acec2;\"><a style=\"color: #2acec2;\" href=\"https:\/\/myvize.com.tr\/gine\/konsolosluklar\/ankara-buyukelciligi\/\" target=\"_blank\" rel=\"noopener\"><strong> Ankara B\u00fcy\u00fckel\u00e7ili\u011fi<\/strong><\/a><\/span> taraf\u0131ndan yetkilendirilmi\u015f vize ba\u015fvuru merkezlerine yap\u0131lmaktad\u0131r. Ba\u015fvuru i\u00e7in gerekli belgeleri haz\u0131rlayarak vize ba\u015fvuru merkezine gidebilir ba\u015fvuru talebinizi iletebilirsiniz.<\/span><\/p>\n<p><span style=\"font-family: Roboto; font-size: 14px;\"><strong>Gine aile ziyareti vizesi<\/strong> i\u00e7in istenen evrakalar \u015fu \u015fekildedir;<\/span><\/p>\n<ul>\n<li><span style=\"font-family: Roboto; font-size: 14px;\">Pasaport<\/span><\/li>\n<li><span style=\"font-family: Roboto; font-size: 14px;\"><a href=\"https:\/\/myvize.com.tr\/gine\/vize-islemleri\/gine-vize-basvuru-formu\/\" target=\"_blank\" rel=\"noopener\"><span style=\"color: #2acec2;\"><strong>Gine Vize ba\u015fvuru formu<\/strong><\/span><\/a><\/span><\/li>\n<li><span style=\"font-family: Roboto; font-size: 14px;\">2 adet biyometrik foto\u011fraf<\/span><\/li>\n<li><span style=\"font-family: Roboto; font-size: 14px;\">Davetiye<\/span><\/li>\n<li><span style=\"font-family: Roboto; font-size: 14px;\">Kimlik fotokopisi<\/span><\/li>\n<li><span style=\"font-family: Roboto; font-size: 14px;\">Daha \u00f6nce Gine\u2019ye gidilmi\u015f ise eski vize fotokopileri<\/span><\/li>\n<li><span style=\"font-family: Roboto; font-size: 14px;\">Senegal\u2019de bulunan akrabadan al\u0131nm\u0131\u015f davetiye<\/span><\/li>\n<li><span style=\"font-family: Roboto; font-size: 14px;\">Gidi\u015f d\u00f6n\u00fc\u015f u\u00e7u\u015f rezervasyonlar\u0131<\/span><\/li>\n<li><span style=\"font-family: Roboto; font-size: 14px;\">Konaklama rezervasyonlar\u0131<\/span><\/li>\n<li><span style=\"font-family: Roboto; font-size: 14px;\">Sar\u0131humma a\u015f\u0131 kart\u0131<\/span><\/li>\n<li><span style=\"font-family: Roboto; font-size: 14px;\">Seyahat Sa\u011fl\u0131k Sigortas\u0131<\/span><\/li>\n<\/ul>\n<p><img decoding=\"async\" src=\"https:\/\/myvize.com.tr\/gine\/wp-content\/uploads\/2021\/10\/4.jpg\" \/><\/p>\n","protected":false},"excerpt":{"rendered":"<p>Gine Aile Ziyareti Vizesi Hakk\u0131nda Gine\u2019ye seyahat etmek isteyen Umuma Mahsus, Hizmet ve Hususi Pasaport sahipleri seyahat ama\u00e7lar\u0131na g\u00f6re Gine vizesi almal\u0131d\u0131r. Gine\u2019de bulunan aile \u00fcyelerini ziyaret etmek isteyen ki\u015filer ise Gine aile ziyareti vizesi almal\u0131d\u0131r. Gine\u2019ye seyahat edecek olan Diplomatik Pasaport sahipleri ise 90 g\u00fcn\u00fc a\u015fmayan seyahatleri i\u00e7in vizeden muaf tutulmu\u015ftur. Gana\u2019da bulunan anne,<\/p>\n","protected":false},"author":1,"featured_media":0,"parent":18,"menu_order":0,"comment_status":"closed","ping_status":"closed","template":"","meta":{"footnotes":""},"class_list":["post-33","page","type-page","status-publish","hentry"],"yoast_head":"<!-- This site is optimized with the Yoast SEO plugin v26.8 - https:\/\/yoast.com\/product\/yoast-seo-wordpress\/ -->\n<title>Gine Aile Ziyareti Vizesi Randevu \u0130\u015flemleri - MyVize<\/title>\n<meta name=\"description\" content=\"Gine Aile Ziyareti Vizesi Nas\u0131l Al\u0131n\u0131r? Gine Aile Ziyareti Vize Ba\u015fvurusu Nas\u0131l Yap\u0131l\u0131r? Gine Aile Ziyareti Vize Randevusu Nas\u0131l Al\u0131n\u0131r?\" \/>\n<meta name=\"robots\" content=\"index, follow, max-snippet:-1, max-image-preview:large, max-video-preview:-1\" \/>\n<link rel=\"canonical\" href=\"https:\/\/myvize.com.tr\/gine\/vize-islemleri\/gine-aile-ziyareti-vizesi\/\" \/>\n<meta property=\"og:locale\" content=\"tr_TR\" \/>\n<meta property=\"og:type\" content=\"article\" \/>\n<meta property=\"og:title\" content=\"Gine Aile Ziyareti Vizesi Randevu \u0130\u015flemleri - MyVize\" \/>\n<meta property=\"og:description\" content=\"Gine Aile Ziyareti Vizesi Nas\u0131l Al\u0131n\u0131r? Gine Aile Ziyareti Vize Ba\u015fvurusu Nas\u0131l Yap\u0131l\u0131r? Gine Aile Ziyareti Vize Randevusu Nas\u0131l Al\u0131n\u0131r?\" \/>\n<meta property=\"og:url\" content=\"https:\/\/myvize.com.tr\/gine\/vize-islemleri\/gine-aile-ziyareti-vizesi\/\" \/>\n<meta property=\"og:site_name\" content=\"Gine Vizesi\" \/>\n<meta property=\"article:modified_time\" content=\"2022-05-10T12:07:15+00:00\" \/>\n<meta property=\"og:image\" content=\"https:\/\/myvize.com.tr\/gine\/wp-content\/uploads\/2021\/10\/4.jpg\" \/>\n<meta name=\"twitter:card\" content=\"summary_large_image\" \/>\n<meta name=\"twitter:label1\" content=\"Tahmini okuma s\u00fcresi\" \/>\n\t<meta name=\"twitter:data1\" content=\"2 dakika\" \/>\n<script type=\"application\/ld+json\" class=\"yoast-schema-graph\">{\"@context\":\"https:\/\/schema.org\",\"@graph\":[{\"@type\":\"WebPage\",\"@id\":\"https:\/\/myvize.com.tr\/gine\/vize-islemleri\/gine-aile-ziyareti-vizesi\/\",\"url\":\"https:\/\/myvize.com.tr\/gine\/vize-islemleri\/gine-aile-ziyareti-vizesi\/\",\"name\":\"Gine Aile Ziyareti Vizesi Randevu \u0130\u015flemleri - MyVize\",\"isPartOf\":{\"@id\":\"https:\/\/myvize.com.tr\/gine\/#website\"},\"primaryImageOfPage\":{\"@id\":\"https:\/\/myvize.com.tr\/gine\/vize-islemleri\/gine-aile-ziyareti-vizesi\/#primaryimage\"},\"image\":{\"@id\":\"https:\/\/myvize.com.tr\/gine\/vize-islemleri\/gine-aile-ziyareti-vizesi\/#primaryimage\"},\"thumbnailUrl\":\"https:\/\/myvize.com.tr\/gine\/wp-content\/uploads\/2021\/10\/4.jpg\",\"datePublished\":\"2020-11-30T09:42:19+00:00\",\"dateModified\":\"2022-05-10T12:07:15+00:00\",\"description\":\"Gine Aile Ziyareti Vizesi Nas\u0131l Al\u0131n\u0131r? Gine Aile Ziyareti Vize Ba\u015fvurusu Nas\u0131l Yap\u0131l\u0131r? Gine Aile Ziyareti Vize Randevusu Nas\u0131l Al\u0131n\u0131r?\",\"breadcrumb\":{\"@id\":\"https:\/\/myvize.com.tr\/gine\/vize-islemleri\/gine-aile-ziyareti-vizesi\/#breadcrumb\"},\"inLanguage\":\"tr\",\"potentialAction\":[{\"@type\":\"ReadAction\",\"target\":[\"https:\/\/myvize.com.tr\/gine\/vize-islemleri\/gine-aile-ziyareti-vizesi\/\"]}]},{\"@type\":\"ImageObject\",\"inLanguage\":\"tr\",\"@id\":\"https:\/\/myvize.com.tr\/gine\/vize-islemleri\/gine-aile-ziyareti-vizesi\/#primaryimage\",\"url\":\"https:\/\/myvize.com.tr\/gine\/wp-content\/uploads\/2021\/10\/4.jpg\",\"contentUrl\":\"https:\/\/myvize.com.tr\/gine\/wp-content\/uploads\/2021\/10\/4.jpg\",\"width\":800,\"height\":500,\"caption\":\"Gine Aile Ziyareti Vizesi\"},{\"@type\":\"BreadcrumbList\",\"@id\":\"https:\/\/myvize.com.tr\/gine\/vize-islemleri\/gine-aile-ziyareti-vizesi\/#breadcrumb\",\"itemListElement\":[{\"@type\":\"ListItem\",\"position\":1,\"name\":\"Anasayfa\",\"item\":\"https:\/\/myvize.com.tr\/gine\/\"},{\"@type\":\"ListItem\",\"position\":2,\"name\":\"V\u0130ZE \u0130\u015eLEMLER\u0130\",\"item\":\"https:\/\/myvize.com.tr\/gine\/vize-islemleri\/\"},{\"@type\":\"ListItem\",\"position\":3,\"name\":\"Gine Aile Ziyareti Vizesi\"}]},{\"@type\":\"WebSite\",\"@id\":\"https:\/\/myvize.com.tr\/gine\/#website\",\"url\":\"https:\/\/myvize.com.tr\/gine\/\",\"name\":\"Gine Vizesi\",\"description\":\"\",\"potentialAction\":[{\"@type\":\"SearchAction\",\"target\":{\"@type\":\"EntryPoint\",\"urlTemplate\":\"https:\/\/myvize.com.tr\/gine\/?s={search_term_string}\"},\"query-input\":{\"@type\":\"PropertyValueSpecification\",\"valueRequired\":true,\"valueName\":\"search_term_string\"}}],\"inLanguage\":\"tr\"}]}<\/script>\n<!-- \/ Yoast SEO plugin. -->","yoast_head_json":{"title":"Gine Aile Ziyareti Vizesi Randevu \u0130\u015flemleri - MyVize","description":"Gine Aile Ziyareti Vizesi Nas\u0131l Al\u0131n\u0131r? Gine Aile Ziyareti Vize Ba\u015fvurusu Nas\u0131l Yap\u0131l\u0131r? Gine Aile Ziyareti Vize Randevusu Nas\u0131l Al\u0131n\u0131r?","robots":{"index":"index","follow":"follow","max-snippet":"max-snippet:-1","max-image-preview":"max-image-preview:large","max-video-preview":"max-video-preview:-1"},"canonical":"https:\/\/myvize.com.tr\/gine\/vize-islemleri\/gine-aile-ziyareti-vizesi\/","og_locale":"tr_TR","og_type":"article","og_title":"Gine Aile Ziyareti Vizesi Randevu \u0130\u015flemleri - MyVize","og_description":"Gine Aile Ziyareti Vizesi Nas\u0131l Al\u0131n\u0131r? Gine Aile Ziyareti Vize Ba\u015fvurusu Nas\u0131l Yap\u0131l\u0131r? Gine Aile Ziyareti Vize Randevusu Nas\u0131l Al\u0131n\u0131r?","og_url":"https:\/\/myvize.com.tr\/gine\/vize-islemleri\/gine-aile-ziyareti-vizesi\/","og_site_name":"Gine Vizesi","article_modified_time":"2022-05-10T12:07:15+00:00","og_image":[{"url":"https:\/\/myvize.com.tr\/gine\/wp-content\/uploads\/2021\/10\/4.jpg","type":"","width":"","height":""}],"twitter_card":"summary_large_image","twitter_misc":{"Tahmini okuma s\u00fcresi":"2 dakika"},"schema":{"@context":"https:\/\/schema.org","@graph":[{"@type":"WebPage","@id":"https:\/\/myvize.com.tr\/gine\/vize-islemleri\/gine-aile-ziyareti-vizesi\/","url":"https:\/\/myvize.com.tr\/gine\/vize-islemleri\/gine-aile-ziyareti-vizesi\/","name":"Gine Aile Ziyareti Vizesi Randevu \u0130\u015flemleri - MyVize","isPartOf":{"@id":"https:\/\/myvize.com.tr\/gine\/#website"},"primaryImageOfPage":{"@id":"https:\/\/myvize.com.tr\/gine\/vize-islemleri\/gine-aile-ziyareti-vizesi\/#primaryimage"},"image":{"@id":"https:\/\/myvize.com.tr\/gine\/vize-islemleri\/gine-aile-ziyareti-vizesi\/#primaryimage"},"thumbnailUrl":"https:\/\/myvize.com.tr\/gine\/wp-content\/uploads\/2021\/10\/4.jpg","datePublished":"2020-11-30T09:42:19+00:00","dateModified":"2022-05-10T12:07:15+00:00","description":"Gine Aile Ziyareti Vizesi Nas\u0131l Al\u0131n\u0131r? Gine Aile Ziyareti Vize Ba\u015fvurusu Nas\u0131l Yap\u0131l\u0131r? Gine Aile Ziyareti Vize Randevusu Nas\u0131l Al\u0131n\u0131r?","breadcrumb":{"@id":"https:\/\/myvize.com.tr\/gine\/vize-islemleri\/gine-aile-ziyareti-vizesi\/#breadcrumb"},"inLanguage":"tr","potentialAction":[{"@type":"ReadAction","target":["https:\/\/myvize.com.tr\/gine\/vize-islemleri\/gine-aile-ziyareti-vizesi\/"]}]},{"@type":"ImageObject","inLanguage":"tr","@id":"https:\/\/myvize.com.tr\/gine\/vize-islemleri\/gine-aile-ziyareti-vizesi\/#primaryimage","url":"https:\/\/myvize.com.tr\/gine\/wp-content\/uploads\/2021\/10\/4.jpg","contentUrl":"https:\/\/myvize.com.tr\/gine\/wp-content\/uploads\/2021\/10\/4.jpg","width":800,"height":500,"caption":"Gine Aile Ziyareti Vizesi"},{"@type":"BreadcrumbList","@id":"https:\/\/myvize.com.tr\/gine\/vize-islemleri\/gine-aile-ziyareti-vizesi\/#breadcrumb","itemListElement":[{"@type":"ListItem","position":1,"name":"Anasayfa","item":"https:\/\/myvize.com.tr\/gine\/"},{"@type":"ListItem","position":2,"name":"V\u0130ZE \u0130\u015eLEMLER\u0130","item":"https:\/\/myvize.com.tr\/gine\/vize-islemleri\/"},{"@type":"ListItem","position":3,"name":"Gine Aile Ziyareti Vizesi"}]},{"@type":"WebSite","@id":"https:\/\/myvize.com.tr\/gine\/#website","url":"https:\/\/myvize.com.tr\/gine\/","name":"Gine Vizesi","description":"","potentialAction":[{"@type":"SearchAction","target":{"@type":"EntryPoint","urlTemplate":"https:\/\/myvize.com.tr\/gine\/?s={search_term_string}"},"query-input":{"@type":"PropertyValueSpecification","valueRequired":true,"valueName":"search_term_string"}}],"inLanguage":"tr"}]}},"_links":{"self":[{"href":"https:\/\/myvize.com.tr\/gine\/wp-json\/wp\/v2\/pages\/33","targetHints":{"allow":["GET"]}}],"collection":[{"href":"https:\/\/myvize.com.tr\/gine\/wp-json\/wp\/v2\/pages"}],"about":[{"href":"https:\/\/myvize.com.tr\/gine\/wp-json\/wp\/v2\/types\/page"}],"author":[{"embeddable":true,"href":"https:\/\/myvize.com.tr\/gine\/wp-json\/wp\/v2\/users\/1"}],"replies":[{"embeddable":true,"href":"https:\/\/myvize.com.tr\/gine\/wp-json\/wp\/v2\/comments?post=33"}],"version-history":[{"count":6,"href":"https:\/\/myvize.com.tr\/gine\/wp-json\/wp\/v2\/pages\/33\/revisions"}],"predecessor-version":[{"id":604,"href":"https:\/\/myvize.com.tr\/gine\/wp-json\/wp\/v2\/pages\/33\/revisions\/604"}],"up":[{"embeddable":true,"href":"https:\/\/myvize.com.tr\/gine\/wp-json\/wp\/v2\/pages\/18"}],"wp:attachment":[{"href":"https:\/\/myvize.com.tr\/gine\/wp-json\/wp\/v2\/media?parent=33"}],"curies":[{"name":"wp","href":"https:\/\/api.w.org\/{rel}","templated":true}]}}