{"id":305,"date":"2021-06-16T12:00:00","date_gmt":"2021-06-16T09:00:00","guid":{"rendered":"https:\/\/myvize.com.tr\/gine\/?page_id=305"},"modified":"2022-05-10T15:49:50","modified_gmt":"2022-05-10T12:49:50","slug":"gine-transit-vize","status":"publish","type":"page","link":"https:\/\/myvize.com.tr\/gine\/vize-islemleri\/gine-transit-vize\/","title":{"rendered":"Gine Transit Vize"},"content":{"rendered":"\r\n<p><span style=\"font-family: Roboto; font-size: 14px;\">Gine \u00fclkesinden herhangi bir nedenle ge\u00e7mek zorunda olan ki\u015filerin transit vize i\u015flemi yapt\u0131rmas\u0131 gereklidir. K\u0131sa bir s\u00fcre i\u00e7in dahi Gine\u2019de bulunman\u0131z gerekiyor ise\u00a0<strong>Gine transit vize<\/strong>\u00a0alman\u0131z gereken durumlar aras\u0131ndad\u0131r. <strong>Transit vize<\/strong> i\u015flemlerinde en \u00e7ok dikkat edilen konulardan birisi de pasaporttur. Pasaportunuzun seyahatinizin bitiminden sonras\u0131nda da ge\u00e7erlili\u011fini korumas\u0131 gereklidir. Bu i\u015flem s\u0131ras\u0131nda herhangi bir sorun olmamas\u0131 i\u00e7in gereken durumlarda pasaportunuzu yenilemeniz gereklidir.<\/span><\/p>\r\n<p><span style=\"font-family: Roboto; font-size: 14px;\">\r\n\r\n<\/span><\/p>\r\n<p><span style=\"font-family: Roboto; font-size: 14px;\">Gine \u00fclkesinden ge\u00e7erken alman\u0131z gereken bu vize i\u00e7in birtak\u0131m evraklar\u0131 zaman\u0131nda haz\u0131rlaman\u0131z gereklidir. Havayolu ile seyahat edecek olan ki\u015filer de e\u011fer Gine\u2019de aktarmal\u0131 olarak durmak zorundalar ise mutlaka transit vize istenip istenmedi\u011fin \u00f6\u011frenmelidirler.<\/span><\/p>\r\n<h2><strong><span style=\"font-family: Roboto; font-size: 27px;\">Gine Transit Vize \u0130stiyor Mu?<\/span><\/strong><\/h2>\r\n<p><span style=\"font-family: Roboto; font-size: 14px;\">Bir \u00fclke \u00fczerinden \u00fc\u00e7\u00fcnc\u00fc bir \u00fclkeye aktarmal\u0131 ya da kendi arac\u0131 ile gidecek olan ki\u015filerin almas\u0131 gereken vize t\u00fcr\u00fc transit vizedir. Diplomatik Pasaport sahibi olan ki\u015filer Gine transit vizesinden muaft\u0131r. Ancak Umuma Mahsus, Diplomatik ve Hususi Pasaport sahipleri Gine aktarmal\u0131 olarak ya da kendi ara\u00e7lar\u0131 ile yapacaklar\u0131 transit ge\u00e7i\u015flerde Gine transit vize almal\u0131d\u0131r. <strong>Gine transit vizesi vize<\/strong> sahiplerine \u00fclkede serbest dola\u015f\u0131m hakk\u0131 tan\u0131mamaktad\u0131r. Sadece <strong>transit ge\u00e7i\u015f hakk\u0131<\/strong> sunmaktad\u0131r.<\/span><\/p>\r\n<p><span style=\"font-family: Roboto; font-size: 14px;\"><strong>Gine transit vize<\/strong> ba\u015fvurular<strong>\u0131 Gine vize<\/strong> ba\u015fvuru merkezlerine yap\u0131labilmektedir. Ba\u015fvuru i\u00e7in gerekli belgeler haz\u0131rlanmal\u0131 ve vize ba\u015fvuru merkezine teslim edilecektir.<strong> Gine transit vizesi<\/strong> i\u00e7in gerekli olan en \u00f6nemli husus as\u0131l olarak gidilecek olan \u00fclkeye ait vizenin al\u0131nmas\u0131d\u0131r. As\u0131l olarak gidilecek \u00fclkenin vizesi al\u0131nmam\u0131\u015f ile <strong>Gine transit vizesi<\/strong> alamazs\u0131n\u0131z. Bundan dolay\u0131 ilk \u00f6nce as\u0131l olarak gidilecek \u00fclkenin vizesini almal\u0131s\u0131n\u0131z.<\/span><\/p>\r\n<blockquote>\r\n<p><span style=\"font-size: 14px; font-family: Roboto;\"><a href=\"https:\/\/myvize.com.tr\/gine\/vize-islemleri\/gine-vize-basvuru-formu\/\" target=\"_blank\" rel=\"noopener\"><span style=\"color: #2acec2;\"><strong>Gine Vize Ba\u015fvuru Formu<\/strong><\/span><\/a><\/span><\/p>\r\n<\/blockquote>\r\n<p><span style=\"font-size: 18px;\"><strong><span style=\"font-family: Roboto;\">Gerekli belgeler;<\/span><\/strong><\/span><\/p>\r\n<ul>\r\n<li><span style=\"font-family: Roboto; font-size: 14px;\">Pasaport<\/span><\/li>\r\n<li><span style=\"font-family: Roboto; font-size: 14px;\">N\u00fcfus c\u00fczdan\u0131<\/span><\/li>\r\n<li><span style=\"font-family: Roboto; font-size: 14px;\">As\u0131l olarak gidilecek \u00fclkeye ait vize<\/span><\/li>\r\n<li><span style=\"font-family: Roboto; font-size: 14px;\">As\u0131l olarak gidilecek \u00fclkeye ait u\u00e7u\u015f bilgileri<\/span><\/li>\r\n<li><span style=\"font-family: Roboto; font-size: 14px;\">Gine\u2019ye olan u\u00e7u\u015f bilgileri<\/span><\/li>\r\n<li><span style=\"font-family: Roboto; font-size: 14px;\">18 ya\u015f alt\u0131 muvafakatname<\/span><\/li>\r\n<li><span style=\"font-family: Roboto; font-size: 14px;\">Kendi arac\u0131 ile transit ge\u00e7i\u015f yapacaklar i\u00e7in uluslararas\u0131 ge\u00e7erlili\u011fi olan ara\u00e7 ruhsat\u0131 ve ehliyet<\/span><\/li>\r\n<li><span style=\"font-family: Roboto; font-size: 14px;\">Seyahat sa\u011fl\u0131k sigortas\u0131<\/span><\/li>\r\n<li><span style=\"font-family: Roboto; font-size: 14px;\">Biyometrik foto\u011fraf<\/span><\/li>\r\n<li><span style=\"font-family: Roboto; font-size: 14px;\">A\u015f\u0131 kart\u0131; Sar\u0131humma a\u015f\u0131s\u0131 yap\u0131lmal\u0131d\u0131r.<\/span><\/li>\r\n<li><span style=\"font-family: Roboto; font-size: 14px;\">Banka hesap d\u00f6k\u00fcm\u00fc<\/span><\/li>\r\n<li><span style=\"font-family: Roboto; font-size: 14px;\">Tam vukuatl\u0131 n\u00fcfus kay\u0131t \u00f6rne\u011fi<\/span><\/li>\r\n<li><span style=\"font-family: Roboto; font-size: 14px;\">Adli sicil kayd\u0131<\/span><\/li>\r\n<\/ul>\r\n\r\n\r\n\r\n<h2><span style=\"font-family: Roboto; font-size: 27px;\"><strong>Gine Transit Vize \u0130\u015flemleri<\/strong><\/span><\/h2>\r\n\r\n\r\n\r\n<p><span style=\"font-family: Roboto; font-size: 14px;\"><strong>Gine transit vize<\/strong> i\u015flemleri s\u0131ras\u0131nda pasaport d\u0131\u015f\u0131nda haz\u0131rlanmas\u0131 gereken evraklar vard\u0131r. Seyahat sa\u011fl\u0131k sigortas\u0131, ara\u00e7 ile seyahat edecekler i\u00e7in ye\u015fil sigorta ve uluslararas\u0131 alanda ge\u00e7erli olan ehliyet gereklidir. Ayn\u0131 zamanda son \u00fc\u00e7 ayda al\u0131nmas\u0131 gereken maa\u015f bordrolar\u0131n\u0131n da orijinallerinin bulunmas\u0131 gereklidir.<\/span><\/p>\r\n<p><span style=\"font-family: Roboto; font-size: 14px;\">\r\n\r\n<\/span><\/p>\r\n<p><span style=\"font-family: Roboto; font-size: 14px;\">Gine konsoloslu\u011funa hitaben yaz\u0131lmas\u0131 gereken bir dilek\u00e7eniz olmal\u0131d\u0131r. Bunlar\u0131n yan\u0131nda SGK hizmet d\u00f6k\u00fcmleri ve giri\u015f bildirgesi laz\u0131md\u0131r. \u0130\u015f yeri sahiplerinin \u015firket bilgilerini de yine bu vize i\u015flemleri s\u0131ras\u0131nda dosyaya eklemeleri gerekir. Ki\u015filerin son \u00fc\u00e7 ayl\u0131k maa\u015f bordrolar\u0131 ve banka hesap \u00f6zetlerine dosyada yer verilmelidir. Bunlar\u0131n yan\u0131nda vize \u00fccretlerinin yat\u0131r\u0131ld\u0131\u011f\u0131n\u0131 g\u00f6steren dekontlar\u0131n\u0131z\u0131n da transit vize dosyas\u0131nda olmas\u0131 gereken durumlardand\u0131r. <strong>Gine transit vize<\/strong> di\u011fer vizelere g\u00f6re biraz daha h\u0131zl\u0131 verilen bir vizedir.<\/span><\/p>\r\n<blockquote>\r\n<p><span style=\"color: #2acec2; font-family: Roboto; font-size: 14px;\"><a style=\"color: #2acec2;\" href=\"https:\/\/myvize.com.tr\/gine\/vize-islemleri\/gine-vizesi\/\" target=\"_blank\" rel=\"noopener\"><strong>Gine Vizesi<\/strong><\/a><\/span><\/p>\r\n<\/blockquote>\r\n<p><img decoding=\"async\" src=\"https:\/\/myvize.com.tr\/gine\/wp-content\/uploads\/2021\/10\/10.jpg\" \/><\/p>\r\n","protected":false},"excerpt":{"rendered":"<p>Gine \u00fclkesinden herhangi bir nedenle ge\u00e7mek zorunda olan ki\u015filerin transit vize i\u015flemi yapt\u0131rmas\u0131 gereklidir. K\u0131sa bir s\u00fcre i\u00e7in dahi Gine\u2019de bulunman\u0131z gerekiyor ise\u00a0Gine transit vize\u00a0alman\u0131z gereken durumlar aras\u0131ndad\u0131r. Transit vize i\u015flemlerinde en \u00e7ok dikkat edilen konulardan birisi de pasaporttur. Pasaportunuzun seyahatinizin bitiminden sonras\u0131nda da ge\u00e7erlili\u011fini korumas\u0131 gereklidir. Bu i\u015flem s\u0131ras\u0131nda herhangi bir sorun olmamas\u0131 i\u00e7in<\/p>\n","protected":false},"author":1,"featured_media":0,"parent":18,"menu_order":0,"comment_status":"closed","ping_status":"closed","template":"","meta":{"footnotes":""},"class_list":["post-305","page","type-page","status-publish","hentry"],"yoast_head":"<!-- This site is optimized with the Yoast SEO plugin v26.8 - https:\/\/yoast.com\/product\/yoast-seo-wordpress\/ -->\n<title>Gine Transit Vize \u0130\u015flemleri - MyVize Vize Ba\u015fvuru Merkezi<\/title>\n<meta name=\"description\" content=\"Gine Transit Vize \u0130\u015flemleri Nas\u0131l Yap\u0131l\u0131r? Gine Transit Vizesi Nas\u0131l Al\u0131n\u0131r? Gine Transit Vize Ba\u015fvurusu Nas\u0131l Yap\u0131l\u0131r?\" \/>\n<meta name=\"robots\" content=\"index, follow, max-snippet:-1, max-image-preview:large, max-video-preview:-1\" \/>\n<link rel=\"canonical\" href=\"https:\/\/myvize.com.tr\/gine\/vize-islemleri\/gine-transit-vize\/\" \/>\n<meta property=\"og:locale\" content=\"tr_TR\" \/>\n<meta property=\"og:type\" content=\"article\" \/>\n<meta property=\"og:title\" content=\"Gine Transit Vize \u0130\u015flemleri - MyVize Vize Ba\u015fvuru Merkezi\" \/>\n<meta property=\"og:description\" content=\"Gine Transit Vize \u0130\u015flemleri Nas\u0131l Yap\u0131l\u0131r? Gine Transit Vizesi Nas\u0131l Al\u0131n\u0131r? Gine Transit Vize Ba\u015fvurusu Nas\u0131l Yap\u0131l\u0131r?\" \/>\n<meta property=\"og:url\" content=\"https:\/\/myvize.com.tr\/gine\/vize-islemleri\/gine-transit-vize\/\" \/>\n<meta property=\"og:site_name\" content=\"Gine Vizesi\" \/>\n<meta property=\"article:modified_time\" content=\"2022-05-10T12:49:50+00:00\" \/>\n<meta property=\"og:image\" content=\"https:\/\/myvize.com.tr\/gine\/wp-content\/uploads\/2021\/10\/10.jpg\" \/>\n<meta name=\"twitter:card\" content=\"summary_large_image\" \/>\n<meta name=\"twitter:label1\" content=\"Tahmini okuma s\u00fcresi\" \/>\n\t<meta name=\"twitter:data1\" content=\"3 dakika\" \/>\n<script type=\"application\/ld+json\" class=\"yoast-schema-graph\">{\"@context\":\"https:\/\/schema.org\",\"@graph\":[{\"@type\":\"WebPage\",\"@id\":\"https:\/\/myvize.com.tr\/gine\/vize-islemleri\/gine-transit-vize\/\",\"url\":\"https:\/\/myvize.com.tr\/gine\/vize-islemleri\/gine-transit-vize\/\",\"name\":\"Gine Transit Vize \u0130\u015flemleri - MyVize Vize Ba\u015fvuru Merkezi\",\"isPartOf\":{\"@id\":\"https:\/\/myvize.com.tr\/gine\/#website\"},\"primaryImageOfPage\":{\"@id\":\"https:\/\/myvize.com.tr\/gine\/vize-islemleri\/gine-transit-vize\/#primaryimage\"},\"image\":{\"@id\":\"https:\/\/myvize.com.tr\/gine\/vize-islemleri\/gine-transit-vize\/#primaryimage\"},\"thumbnailUrl\":\"https:\/\/myvize.com.tr\/gine\/wp-content\/uploads\/2021\/10\/10.jpg\",\"datePublished\":\"2021-06-16T09:00:00+00:00\",\"dateModified\":\"2022-05-10T12:49:50+00:00\",\"description\":\"Gine Transit Vize \u0130\u015flemleri Nas\u0131l Yap\u0131l\u0131r? Gine Transit Vizesi Nas\u0131l Al\u0131n\u0131r? Gine Transit Vize Ba\u015fvurusu Nas\u0131l Yap\u0131l\u0131r?\",\"breadcrumb\":{\"@id\":\"https:\/\/myvize.com.tr\/gine\/vize-islemleri\/gine-transit-vize\/#breadcrumb\"},\"inLanguage\":\"tr\",\"potentialAction\":[{\"@type\":\"ReadAction\",\"target\":[\"https:\/\/myvize.com.tr\/gine\/vize-islemleri\/gine-transit-vize\/\"]}]},{\"@type\":\"ImageObject\",\"inLanguage\":\"tr\",\"@id\":\"https:\/\/myvize.com.tr\/gine\/vize-islemleri\/gine-transit-vize\/#primaryimage\",\"url\":\"https:\/\/myvize.com.tr\/gine\/wp-content\/uploads\/2021\/10\/10.jpg\",\"contentUrl\":\"https:\/\/myvize.com.tr\/gine\/wp-content\/uploads\/2021\/10\/10.jpg\",\"width\":800,\"height\":500,\"caption\":\"Gine Transit Vize\"},{\"@type\":\"BreadcrumbList\",\"@id\":\"https:\/\/myvize.com.tr\/gine\/vize-islemleri\/gine-transit-vize\/#breadcrumb\",\"itemListElement\":[{\"@type\":\"ListItem\",\"position\":1,\"name\":\"Anasayfa\",\"item\":\"https:\/\/myvize.com.tr\/gine\/\"},{\"@type\":\"ListItem\",\"position\":2,\"name\":\"V\u0130ZE \u0130\u015eLEMLER\u0130\",\"item\":\"https:\/\/myvize.com.tr\/gine\/vize-islemleri\/\"},{\"@type\":\"ListItem\",\"position\":3,\"name\":\"Gine Transit Vize\"}]},{\"@type\":\"WebSite\",\"@id\":\"https:\/\/myvize.com.tr\/gine\/#website\",\"url\":\"https:\/\/myvize.com.tr\/gine\/\",\"name\":\"Gine Vizesi\",\"description\":\"\",\"potentialAction\":[{\"@type\":\"SearchAction\",\"target\":{\"@type\":\"EntryPoint\",\"urlTemplate\":\"https:\/\/myvize.com.tr\/gine\/?s={search_term_string}\"},\"query-input\":{\"@type\":\"PropertyValueSpecification\",\"valueRequired\":true,\"valueName\":\"search_term_string\"}}],\"inLanguage\":\"tr\"}]}<\/script>\n<!-- \/ Yoast SEO plugin. -->","yoast_head_json":{"title":"Gine Transit Vize \u0130\u015flemleri - MyVize Vize Ba\u015fvuru Merkezi","description":"Gine Transit Vize \u0130\u015flemleri Nas\u0131l Yap\u0131l\u0131r? Gine Transit Vizesi Nas\u0131l Al\u0131n\u0131r? Gine Transit Vize Ba\u015fvurusu Nas\u0131l Yap\u0131l\u0131r?","robots":{"index":"index","follow":"follow","max-snippet":"max-snippet:-1","max-image-preview":"max-image-preview:large","max-video-preview":"max-video-preview:-1"},"canonical":"https:\/\/myvize.com.tr\/gine\/vize-islemleri\/gine-transit-vize\/","og_locale":"tr_TR","og_type":"article","og_title":"Gine Transit Vize \u0130\u015flemleri - MyVize Vize Ba\u015fvuru Merkezi","og_description":"Gine Transit Vize \u0130\u015flemleri Nas\u0131l Yap\u0131l\u0131r? Gine Transit Vizesi Nas\u0131l Al\u0131n\u0131r? Gine Transit Vize Ba\u015fvurusu Nas\u0131l Yap\u0131l\u0131r?","og_url":"https:\/\/myvize.com.tr\/gine\/vize-islemleri\/gine-transit-vize\/","og_site_name":"Gine Vizesi","article_modified_time":"2022-05-10T12:49:50+00:00","og_image":[{"url":"https:\/\/myvize.com.tr\/gine\/wp-content\/uploads\/2021\/10\/10.jpg","type":"","width":"","height":""}],"twitter_card":"summary_large_image","twitter_misc":{"Tahmini okuma s\u00fcresi":"3 dakika"},"schema":{"@context":"https:\/\/schema.org","@graph":[{"@type":"WebPage","@id":"https:\/\/myvize.com.tr\/gine\/vize-islemleri\/gine-transit-vize\/","url":"https:\/\/myvize.com.tr\/gine\/vize-islemleri\/gine-transit-vize\/","name":"Gine Transit Vize \u0130\u015flemleri - MyVize Vize Ba\u015fvuru Merkezi","isPartOf":{"@id":"https:\/\/myvize.com.tr\/gine\/#website"},"primaryImageOfPage":{"@id":"https:\/\/myvize.com.tr\/gine\/vize-islemleri\/gine-transit-vize\/#primaryimage"},"image":{"@id":"https:\/\/myvize.com.tr\/gine\/vize-islemleri\/gine-transit-vize\/#primaryimage"},"thumbnailUrl":"https:\/\/myvize.com.tr\/gine\/wp-content\/uploads\/2021\/10\/10.jpg","datePublished":"2021-06-16T09:00:00+00:00","dateModified":"2022-05-10T12:49:50+00:00","description":"Gine Transit Vize \u0130\u015flemleri Nas\u0131l Yap\u0131l\u0131r? Gine Transit Vizesi Nas\u0131l Al\u0131n\u0131r? Gine Transit Vize Ba\u015fvurusu Nas\u0131l Yap\u0131l\u0131r?","breadcrumb":{"@id":"https:\/\/myvize.com.tr\/gine\/vize-islemleri\/gine-transit-vize\/#breadcrumb"},"inLanguage":"tr","potentialAction":[{"@type":"ReadAction","target":["https:\/\/myvize.com.tr\/gine\/vize-islemleri\/gine-transit-vize\/"]}]},{"@type":"ImageObject","inLanguage":"tr","@id":"https:\/\/myvize.com.tr\/gine\/vize-islemleri\/gine-transit-vize\/#primaryimage","url":"https:\/\/myvize.com.tr\/gine\/wp-content\/uploads\/2021\/10\/10.jpg","contentUrl":"https:\/\/myvize.com.tr\/gine\/wp-content\/uploads\/2021\/10\/10.jpg","width":800,"height":500,"caption":"Gine Transit Vize"},{"@type":"BreadcrumbList","@id":"https:\/\/myvize.com.tr\/gine\/vize-islemleri\/gine-transit-vize\/#breadcrumb","itemListElement":[{"@type":"ListItem","position":1,"name":"Anasayfa","item":"https:\/\/myvize.com.tr\/gine\/"},{"@type":"ListItem","position":2,"name":"V\u0130ZE \u0130\u015eLEMLER\u0130","item":"https:\/\/myvize.com.tr\/gine\/vize-islemleri\/"},{"@type":"ListItem","position":3,"name":"Gine Transit Vize"}]},{"@type":"WebSite","@id":"https:\/\/myvize.com.tr\/gine\/#website","url":"https:\/\/myvize.com.tr\/gine\/","name":"Gine Vizesi","description":"","potentialAction":[{"@type":"SearchAction","target":{"@type":"EntryPoint","urlTemplate":"https:\/\/myvize.com.tr\/gine\/?s={search_term_string}"},"query-input":{"@type":"PropertyValueSpecification","valueRequired":true,"valueName":"search_term_string"}}],"inLanguage":"tr"}]}},"_links":{"self":[{"href":"https:\/\/myvize.com.tr\/gine\/wp-json\/wp\/v2\/pages\/305","targetHints":{"allow":["GET"]}}],"collection":[{"href":"https:\/\/myvize.com.tr\/gine\/wp-json\/wp\/v2\/pages"}],"about":[{"href":"https:\/\/myvize.com.tr\/gine\/wp-json\/wp\/v2\/types\/page"}],"author":[{"embeddable":true,"href":"https:\/\/myvize.com.tr\/gine\/wp-json\/wp\/v2\/users\/1"}],"replies":[{"embeddable":true,"href":"https:\/\/myvize.com.tr\/gine\/wp-json\/wp\/v2\/comments?post=305"}],"version-history":[{"count":6,"href":"https:\/\/myvize.com.tr\/gine\/wp-json\/wp\/v2\/pages\/305\/revisions"}],"predecessor-version":[{"id":357,"href":"https:\/\/myvize.com.tr\/gine\/wp-json\/wp\/v2\/pages\/305\/revisions\/357"}],"up":[{"embeddable":true,"href":"https:\/\/myvize.com.tr\/gine\/wp-json\/wp\/v2\/pages\/18"}],"wp:attachment":[{"href":"https:\/\/myvize.com.tr\/gine\/wp-json\/wp\/v2\/media?parent=305"}],"curies":[{"name":"wp","href":"https:\/\/api.w.org\/{rel}","templated":true}]}}