{"id":293,"date":"2021-03-30T21:35:28","date_gmt":"2021-03-30T18:35:28","guid":{"rendered":"https:\/\/myvize.com.tr\/gine\/?page_id=293"},"modified":"2022-05-10T15:08:41","modified_gmt":"2022-05-10T12:08:41","slug":"gine-vize-ucreti","status":"publish","type":"page","link":"https:\/\/myvize.com.tr\/gine\/gine-vize-ucreti\/","title":{"rendered":"Gine Vize \u00dccreti"},"content":{"rendered":"<p><span style=\"font-family: Roboto;\"><\/span><\/p>\r\n<p><span style=\"font-family: Roboto; font-size: 14px;\">Vize i\u015flemi her \u00fclke i\u00e7in istenilen resmi i\u015flemlerdir. Bir \u00fclkeye yetkili makamlar taraf\u0131ndan verilen izne vize ad\u0131 verilmektedir. <strong>Gine seyahati<\/strong> i\u00e7inde ki\u015filerin vize almas\u0131 zorunlu durumlardan biridir. Vize i\u015flemlerinin tamamlanmas\u0131 i\u00e7in mutlaka profesyonel bir destek alman\u0131z gerekmektedir. Her t\u00fcrl\u00fc vize i\u015flemi s\u0131ras\u0131nda mutlaka \u00fccret \u00f6denmesi gerekti\u011fini de bilmeniz gerekiyor.<\/span><\/p>\r\n<p><span style=\"font-family: Roboto; font-size: 14px;\">\r\n\r\n<\/span><\/p>\r\n<p><span style=\"font-family: Roboto; font-size: 14px;\"><span style=\"color: #2acec2;\"><strong><a style=\"color: #2acec2;\" href=\"https:\/\/myvize.com.tr\/gine\/vize-islemleri\/\" target=\"_blank\" rel=\"noopener\">Gine vize i\u015flemleri<\/a><\/strong><\/span> s\u0131ras\u0131nda en ufak bir hata oldu\u011fu zaman vize \u00fccretleriniz ve iptal edilmektedir. \u00dccretlerinin yat\u0131r\u0131lmas\u0131 konusunda konsolosluklar\u0131n belirlemi\u015f oldu\u011fu bankalar\u0131 tercih etmeniz gerekiyor. Yanl\u0131\u015f bir bankaya vize \u00fccreti yat\u0131rd\u0131\u011f\u0131n\u0131z takdirde Gine vize reddi ile kar\u015f\u0131la\u015fman\u0131z m\u00fcmk\u00fcnd\u00fcr.<\/span><\/p>\r\n<p><span style=\"font-family: Roboto; font-size: 14px;\"> <img decoding=\"async\" src=\"https:\/\/myvize.com.tr\/gine\/wp-content\/uploads\/2021\/10\/5.jpg\" \/> <\/span><\/p>\r\n<h2><span style=\"font-family: Roboto; font-size: 27px;\"><strong>Gine Vize \u00dccretlerinin Yat\u0131r\u0131lmas\u0131<\/strong><\/span><\/h2>\r\n<p><span style=\"font-family: Roboto; font-size: 14px;\">\r\n\r\n<\/span><\/p>\r\n<p><span style=\"font-family: Roboto; font-size: 14px;\"><strong>Gine vize<\/strong> \u00fccretlerinin yat\u0131r\u0131lmas\u0131 konusunda profesyonel destek alman\u0131z gerekmektedir. Bu \u00fccretlerinin yat\u0131r\u0131lmas\u0131 i\u00e7in \u00f6ncelikle yetkili kurumlar\u0131n hangileri oldu\u011funu bilmeniz gerekiyor. Bununla birlikte bulundu\u011funuz y\u0131l\u0131n g\u00fcncel \u00fccret bilgisini de \u00f6nceden bilmeniz \u00f6nemli bir konudur. Her sene g\u00fcncellendi\u011fi i\u00e7in bir \u00f6nceki y\u0131l\u0131n \u00fccretlerini yat\u0131ran ki\u015filerin vizeleri iptal edilmektedir.<\/span><\/p>\r\n<p><span style=\"font-family: Roboto; font-size: 14px;\">\r\n\r\n<\/span><\/p>\r\n<p><span style=\"font-family: Roboto; font-size: 14px;\">Bununla birlikte e\u011fer \u00fccret yat\u0131r\u0131m\u0131 yapt\u0131\u011f\u0131n\u0131z vize reddedilirse bu durumda vize \u00fccretiniz ve iptal olmaktad\u0131r. B\u00f6yle bir durumda vizenizin size geri \u00f6denmesi durumu m\u00fcmk\u00fcn de\u011fildir. Yeniden ba\u015fvuru yaparsan\u0131z e\u011fer yeni bir \u00fccret yat\u0131r\u0131m\u0131 ger\u00e7ekle\u015ftirmek zorundas\u0131n\u0131z.<\/span><\/p>\r\n<p><span style=\"font-family: Roboto; font-size: 14px;\">\r\n\r\n<\/span><\/p>\r\n<p><span style=\"font-family: Roboto; font-size: 14px;\">Bir y\u0131ll\u0131k turistik vize i\u015flemi i\u00e7in ki\u015filerin \u00f6demesi gereken \u00fccret 350 Euro\u2019dur. Ayn\u0131 zamanda 1 y\u0131ll\u0131k ekspres turist vizesi almak isterseniz 400 Euro \u00f6demeniz gerekiyor. 1 y\u0131ll\u0131k ticari vize 350 Euro olarak belirlenmi\u015ftir. 1 y\u0131ll\u0131k ekspres ticari vize ise 400 Euro olarak \u00f6denmek zorundad\u0131r.<\/span><\/p>\r\n<p><span style=\"font-family: Roboto; font-size: 14px;\">\r\n\r\n<\/span><\/p>\r\n<p><span style=\"font-family: Roboto; font-size: 14px;\">Ayn\u0131 zamanda <strong>vize \u00fccretleri<\/strong> yan\u0131nda pasaport \u00fccreti de \u00f6denmelidir. 6 ayl\u0131k pasaport i\u00e7in 407,20 TL \u00f6denmesi gerekiyor. 10 y\u0131ll\u0131k al\u0131rsan\u0131z 1265,40 TL \u00f6demeniz gerekiyor. 30 bin Euro teminatl\u0131 seyahat sa\u011fl\u0131k sigortan\u0131z olmas\u0131 da \u00f6nemli kriterler aras\u0131nda yer al\u0131r.<\/span><\/p>\r\n<p><span style=\"font-family: Roboto;\"><\/span><\/p>","protected":false},"excerpt":{"rendered":"<p>Vize i\u015flemi her \u00fclke i\u00e7in istenilen resmi i\u015flemlerdir. Bir \u00fclkeye yetkili makamlar taraf\u0131ndan verilen izne vize ad\u0131 verilmektedir. Gine seyahati i\u00e7inde ki\u015filerin vize almas\u0131 zorunlu durumlardan biridir. Vize i\u015flemlerinin tamamlanmas\u0131 i\u00e7in mutlaka profesyonel bir destek alman\u0131z gerekmektedir. Her t\u00fcrl\u00fc vize i\u015flemi s\u0131ras\u0131nda mutlaka \u00fccret \u00f6denmesi gerekti\u011fini de bilmeniz gerekiyor. Gine vize i\u015flemleri s\u0131ras\u0131nda en ufak<\/p>\n","protected":false},"author":1,"featured_media":0,"parent":0,"menu_order":0,"comment_status":"closed","ping_status":"closed","template":"","meta":{"footnotes":""},"class_list":["post-293","page","type-page","status-publish","hentry"],"yoast_head":"<!-- This site is optimized with the Yoast SEO plugin v26.8 - https:\/\/yoast.com\/product\/yoast-seo-wordpress\/ -->\n<title>Gine Vize \u00dccreti - Gine Vizesi Ba\u015fvurusu - MyVize<\/title>\n<meta name=\"description\" content=\"Gine Vize \u00dccreti Nedir? Gine Vize \u00dccreti 2022 G\u00fcncel Fiyat Listesi. Bilgi \u0130\u00e7in Vize Uzmanlar\u0131m\u0131z\u0131 Aray\u0131n: 0850 346 84 93\" \/>\n<meta name=\"robots\" content=\"index, follow, max-snippet:-1, max-image-preview:large, max-video-preview:-1\" \/>\n<link rel=\"canonical\" href=\"https:\/\/myvize.com.tr\/gine\/gine-vize-ucreti\/\" \/>\n<meta property=\"og:locale\" content=\"tr_TR\" \/>\n<meta property=\"og:type\" content=\"article\" \/>\n<meta property=\"og:title\" content=\"Gine Vize \u00dccreti - Gine Vizesi Ba\u015fvurusu - MyVize\" \/>\n<meta property=\"og:description\" content=\"Gine Vize \u00dccreti Nedir? Gine Vize \u00dccreti 2022 G\u00fcncel Fiyat Listesi. Bilgi \u0130\u00e7in Vize Uzmanlar\u0131m\u0131z\u0131 Aray\u0131n: 0850 346 84 93\" \/>\n<meta property=\"og:url\" content=\"https:\/\/myvize.com.tr\/gine\/gine-vize-ucreti\/\" \/>\n<meta property=\"og:site_name\" content=\"Gine Vizesi\" \/>\n<meta property=\"article:modified_time\" content=\"2022-05-10T12:08:41+00:00\" \/>\n<meta property=\"og:image\" content=\"https:\/\/myvize.com.tr\/gine\/wp-content\/uploads\/2021\/10\/5.jpg\" \/>\n<meta name=\"twitter:card\" content=\"summary_large_image\" \/>\n<meta name=\"twitter:label1\" content=\"Tahmini okuma s\u00fcresi\" \/>\n\t<meta name=\"twitter:data1\" content=\"2 dakika\" \/>\n<script type=\"application\/ld+json\" class=\"yoast-schema-graph\">{\"@context\":\"https:\/\/schema.org\",\"@graph\":[{\"@type\":\"WebPage\",\"@id\":\"https:\/\/myvize.com.tr\/gine\/gine-vize-ucreti\/\",\"url\":\"https:\/\/myvize.com.tr\/gine\/gine-vize-ucreti\/\",\"name\":\"Gine Vize \u00dccreti - Gine Vizesi Ba\u015fvurusu - MyVize\",\"isPartOf\":{\"@id\":\"https:\/\/myvize.com.tr\/gine\/#website\"},\"primaryImageOfPage\":{\"@id\":\"https:\/\/myvize.com.tr\/gine\/gine-vize-ucreti\/#primaryimage\"},\"image\":{\"@id\":\"https:\/\/myvize.com.tr\/gine\/gine-vize-ucreti\/#primaryimage\"},\"thumbnailUrl\":\"https:\/\/myvize.com.tr\/gine\/wp-content\/uploads\/2021\/10\/5.jpg\",\"datePublished\":\"2021-03-30T18:35:28+00:00\",\"dateModified\":\"2022-05-10T12:08:41+00:00\",\"description\":\"Gine Vize \u00dccreti Nedir? Gine Vize \u00dccreti 2022 G\u00fcncel Fiyat Listesi. Bilgi \u0130\u00e7in Vize Uzmanlar\u0131m\u0131z\u0131 Aray\u0131n: 0850 346 84 93\",\"breadcrumb\":{\"@id\":\"https:\/\/myvize.com.tr\/gine\/gine-vize-ucreti\/#breadcrumb\"},\"inLanguage\":\"tr\",\"potentialAction\":[{\"@type\":\"ReadAction\",\"target\":[\"https:\/\/myvize.com.tr\/gine\/gine-vize-ucreti\/\"]}]},{\"@type\":\"ImageObject\",\"inLanguage\":\"tr\",\"@id\":\"https:\/\/myvize.com.tr\/gine\/gine-vize-ucreti\/#primaryimage\",\"url\":\"https:\/\/myvize.com.tr\/gine\/wp-content\/uploads\/2021\/10\/5.jpg\",\"contentUrl\":\"https:\/\/myvize.com.tr\/gine\/wp-content\/uploads\/2021\/10\/5.jpg\",\"width\":800,\"height\":500,\"caption\":\"Gine Vize \u00dccreti\"},{\"@type\":\"BreadcrumbList\",\"@id\":\"https:\/\/myvize.com.tr\/gine\/gine-vize-ucreti\/#breadcrumb\",\"itemListElement\":[{\"@type\":\"ListItem\",\"position\":1,\"name\":\"Anasayfa\",\"item\":\"https:\/\/myvize.com.tr\/gine\/\"},{\"@type\":\"ListItem\",\"position\":2,\"name\":\"Gine Vize \u00dccreti\"}]},{\"@type\":\"WebSite\",\"@id\":\"https:\/\/myvize.com.tr\/gine\/#website\",\"url\":\"https:\/\/myvize.com.tr\/gine\/\",\"name\":\"Gine Vizesi\",\"description\":\"\",\"potentialAction\":[{\"@type\":\"SearchAction\",\"target\":{\"@type\":\"EntryPoint\",\"urlTemplate\":\"https:\/\/myvize.com.tr\/gine\/?s={search_term_string}\"},\"query-input\":{\"@type\":\"PropertyValueSpecification\",\"valueRequired\":true,\"valueName\":\"search_term_string\"}}],\"inLanguage\":\"tr\"}]}<\/script>\n<!-- \/ Yoast SEO plugin. -->","yoast_head_json":{"title":"Gine Vize \u00dccreti - Gine Vizesi Ba\u015fvurusu - MyVize","description":"Gine Vize \u00dccreti Nedir? Gine Vize \u00dccreti 2022 G\u00fcncel Fiyat Listesi. Bilgi \u0130\u00e7in Vize Uzmanlar\u0131m\u0131z\u0131 Aray\u0131n: 0850 346 84 93","robots":{"index":"index","follow":"follow","max-snippet":"max-snippet:-1","max-image-preview":"max-image-preview:large","max-video-preview":"max-video-preview:-1"},"canonical":"https:\/\/myvize.com.tr\/gine\/gine-vize-ucreti\/","og_locale":"tr_TR","og_type":"article","og_title":"Gine Vize \u00dccreti - Gine Vizesi Ba\u015fvurusu - MyVize","og_description":"Gine Vize \u00dccreti Nedir? Gine Vize \u00dccreti 2022 G\u00fcncel Fiyat Listesi. Bilgi \u0130\u00e7in Vize Uzmanlar\u0131m\u0131z\u0131 Aray\u0131n: 0850 346 84 93","og_url":"https:\/\/myvize.com.tr\/gine\/gine-vize-ucreti\/","og_site_name":"Gine Vizesi","article_modified_time":"2022-05-10T12:08:41+00:00","og_image":[{"url":"https:\/\/myvize.com.tr\/gine\/wp-content\/uploads\/2021\/10\/5.jpg","type":"","width":"","height":""}],"twitter_card":"summary_large_image","twitter_misc":{"Tahmini okuma s\u00fcresi":"2 dakika"},"schema":{"@context":"https:\/\/schema.org","@graph":[{"@type":"WebPage","@id":"https:\/\/myvize.com.tr\/gine\/gine-vize-ucreti\/","url":"https:\/\/myvize.com.tr\/gine\/gine-vize-ucreti\/","name":"Gine Vize \u00dccreti - Gine Vizesi Ba\u015fvurusu - MyVize","isPartOf":{"@id":"https:\/\/myvize.com.tr\/gine\/#website"},"primaryImageOfPage":{"@id":"https:\/\/myvize.com.tr\/gine\/gine-vize-ucreti\/#primaryimage"},"image":{"@id":"https:\/\/myvize.com.tr\/gine\/gine-vize-ucreti\/#primaryimage"},"thumbnailUrl":"https:\/\/myvize.com.tr\/gine\/wp-content\/uploads\/2021\/10\/5.jpg","datePublished":"2021-03-30T18:35:28+00:00","dateModified":"2022-05-10T12:08:41+00:00","description":"Gine Vize \u00dccreti Nedir? Gine Vize \u00dccreti 2022 G\u00fcncel Fiyat Listesi. Bilgi \u0130\u00e7in Vize Uzmanlar\u0131m\u0131z\u0131 Aray\u0131n: 0850 346 84 93","breadcrumb":{"@id":"https:\/\/myvize.com.tr\/gine\/gine-vize-ucreti\/#breadcrumb"},"inLanguage":"tr","potentialAction":[{"@type":"ReadAction","target":["https:\/\/myvize.com.tr\/gine\/gine-vize-ucreti\/"]}]},{"@type":"ImageObject","inLanguage":"tr","@id":"https:\/\/myvize.com.tr\/gine\/gine-vize-ucreti\/#primaryimage","url":"https:\/\/myvize.com.tr\/gine\/wp-content\/uploads\/2021\/10\/5.jpg","contentUrl":"https:\/\/myvize.com.tr\/gine\/wp-content\/uploads\/2021\/10\/5.jpg","width":800,"height":500,"caption":"Gine Vize \u00dccreti"},{"@type":"BreadcrumbList","@id":"https:\/\/myvize.com.tr\/gine\/gine-vize-ucreti\/#breadcrumb","itemListElement":[{"@type":"ListItem","position":1,"name":"Anasayfa","item":"https:\/\/myvize.com.tr\/gine\/"},{"@type":"ListItem","position":2,"name":"Gine Vize \u00dccreti"}]},{"@type":"WebSite","@id":"https:\/\/myvize.com.tr\/gine\/#website","url":"https:\/\/myvize.com.tr\/gine\/","name":"Gine Vizesi","description":"","potentialAction":[{"@type":"SearchAction","target":{"@type":"EntryPoint","urlTemplate":"https:\/\/myvize.com.tr\/gine\/?s={search_term_string}"},"query-input":{"@type":"PropertyValueSpecification","valueRequired":true,"valueName":"search_term_string"}}],"inLanguage":"tr"}]}},"_links":{"self":[{"href":"https:\/\/myvize.com.tr\/gine\/wp-json\/wp\/v2\/pages\/293","targetHints":{"allow":["GET"]}}],"collection":[{"href":"https:\/\/myvize.com.tr\/gine\/wp-json\/wp\/v2\/pages"}],"about":[{"href":"https:\/\/myvize.com.tr\/gine\/wp-json\/wp\/v2\/types\/page"}],"author":[{"embeddable":true,"href":"https:\/\/myvize.com.tr\/gine\/wp-json\/wp\/v2\/users\/1"}],"replies":[{"embeddable":true,"href":"https:\/\/myvize.com.tr\/gine\/wp-json\/wp\/v2\/comments?post=293"}],"version-history":[{"count":7,"href":"https:\/\/myvize.com.tr\/gine\/wp-json\/wp\/v2\/pages\/293\/revisions"}],"predecessor-version":[{"id":606,"href":"https:\/\/myvize.com.tr\/gine\/wp-json\/wp\/v2\/pages\/293\/revisions\/606"}],"wp:attachment":[{"href":"https:\/\/myvize.com.tr\/gine\/wp-json\/wp\/v2\/media?parent=293"}],"curies":[{"name":"wp","href":"https:\/\/api.w.org\/{rel}","templated":true}]}}