{"id":279,"date":"2021-01-16T14:36:56","date_gmt":"2021-01-16T11:36:56","guid":{"rendered":"https:\/\/myvize.com.tr\/gine\/?page_id=279"},"modified":"2022-01-11T17:50:14","modified_gmt":"2022-01-11T14:50:14","slug":"evlilikten-dolayi","status":"publish","type":"page","link":"https:\/\/myvize.com.tr\/gine\/vatandaslik\/evlilikten-dolayi\/","title":{"rendered":"Gine Evlilikten Dolay\u0131 Vatanda\u015fl\u0131k"},"content":{"rendered":"<h2><strong><span style=\"font-size: 27px; font-family: Roboto;\">Gine Evlilikten Dolay\u0131 Vatanda\u015fl\u0131k 2022<\/span><\/strong><\/h2>\n","protected":false},"excerpt":{"rendered":"<p>Gine Evlilikten Dolay\u0131 Vatanda\u015fl\u0131k 2022<\/p>\n","protected":false},"author":1,"featured_media":0,"parent":141,"menu_order":0,"comment_status":"closed","ping_status":"closed","template":"","meta":{"footnotes":""},"class_list":["post-279","page","type-page","status-publish","hentry"],"yoast_head":"<!-- This site is optimized with the Yoast SEO plugin v26.8 - https:\/\/yoast.com\/product\/yoast-seo-wordpress\/ -->\n<title>Gine Evlilikten Dolay\u0131 Vatanda\u015fl\u0131k - Gine Vizesi - MyVize<\/title>\n<meta name=\"description\" content=\"Gine Evlilikten Dolay\u0131 Vatanda\u015fl\u0131k Nas\u0131l Al\u0131n\u0131r? Gine Evlilikten Dolay\u0131 Vatanda\u015f\u0131 Olmak \u0130\u00e7in \u015eartlar Neler?\" \/>\n<meta name=\"robots\" content=\"index, follow, max-snippet:-1, max-image-preview:large, max-video-preview:-1\" \/>\n<link rel=\"canonical\" href=\"https:\/\/myvize.com.tr\/gine\/vatandaslik\/evlilikten-dolayi\/\" \/>\n<meta property=\"og:locale\" content=\"tr_TR\" \/>\n<meta property=\"og:type\" content=\"article\" \/>\n<meta property=\"og:title\" content=\"Gine Evlilikten Dolay\u0131 Vatanda\u015fl\u0131k - Gine Vizesi - MyVize\" \/>\n<meta property=\"og:description\" content=\"Gine Evlilikten Dolay\u0131 Vatanda\u015fl\u0131k Nas\u0131l Al\u0131n\u0131r? Gine Evlilikten Dolay\u0131 Vatanda\u015f\u0131 Olmak \u0130\u00e7in \u015eartlar Neler?\" \/>\n<meta property=\"og:url\" content=\"https:\/\/myvize.com.tr\/gine\/vatandaslik\/evlilikten-dolayi\/\" \/>\n<meta property=\"og:site_name\" content=\"Gine Vizesi\" \/>\n<meta property=\"article:modified_time\" content=\"2022-01-11T14:50:14+00:00\" \/>\n<meta name=\"twitter:card\" content=\"summary_large_image\" \/>\n<meta name=\"twitter:label1\" content=\"Tahmini okuma s\u00fcresi\" \/>\n\t<meta name=\"twitter:data1\" content=\"1 dakika\" \/>\n<script type=\"application\/ld+json\" class=\"yoast-schema-graph\">{\"@context\":\"https:\/\/schema.org\",\"@graph\":[{\"@type\":\"WebPage\",\"@id\":\"https:\/\/myvize.com.tr\/gine\/vatandaslik\/evlilikten-dolayi\/\",\"url\":\"https:\/\/myvize.com.tr\/gine\/vatandaslik\/evlilikten-dolayi\/\",\"name\":\"Gine Evlilikten Dolay\u0131 Vatanda\u015fl\u0131k - Gine Vizesi - MyVize\",\"isPartOf\":{\"@id\":\"https:\/\/myvize.com.tr\/gine\/#website\"},\"datePublished\":\"2021-01-16T11:36:56+00:00\",\"dateModified\":\"2022-01-11T14:50:14+00:00\",\"description\":\"Gine Evlilikten Dolay\u0131 Vatanda\u015fl\u0131k Nas\u0131l Al\u0131n\u0131r? Gine Evlilikten Dolay\u0131 Vatanda\u015f\u0131 Olmak \u0130\u00e7in \u015eartlar Neler?\",\"breadcrumb\":{\"@id\":\"https:\/\/myvize.com.tr\/gine\/vatandaslik\/evlilikten-dolayi\/#breadcrumb\"},\"inLanguage\":\"tr\",\"potentialAction\":[{\"@type\":\"ReadAction\",\"target\":[\"https:\/\/myvize.com.tr\/gine\/vatandaslik\/evlilikten-dolayi\/\"]}]},{\"@type\":\"BreadcrumbList\",\"@id\":\"https:\/\/myvize.com.tr\/gine\/vatandaslik\/evlilikten-dolayi\/#breadcrumb\",\"itemListElement\":[{\"@type\":\"ListItem\",\"position\":1,\"name\":\"Anasayfa\",\"item\":\"https:\/\/myvize.com.tr\/gine\/\"},{\"@type\":\"ListItem\",\"position\":2,\"name\":\"VATANDA\u015eLIK\",\"item\":\"https:\/\/myvize.com.tr\/gine\/vatandaslik\/\"},{\"@type\":\"ListItem\",\"position\":3,\"name\":\"Gine Evlilikten Dolay\u0131 Vatanda\u015fl\u0131k\"}]},{\"@type\":\"WebSite\",\"@id\":\"https:\/\/myvize.com.tr\/gine\/#website\",\"url\":\"https:\/\/myvize.com.tr\/gine\/\",\"name\":\"Gine Vizesi\",\"description\":\"\",\"potentialAction\":[{\"@type\":\"SearchAction\",\"target\":{\"@type\":\"EntryPoint\",\"urlTemplate\":\"https:\/\/myvize.com.tr\/gine\/?s={search_term_string}\"},\"query-input\":{\"@type\":\"PropertyValueSpecification\",\"valueRequired\":true,\"valueName\":\"search_term_string\"}}],\"inLanguage\":\"tr\"}]}<\/script>\n<!-- \/ Yoast SEO plugin. -->","yoast_head_json":{"title":"Gine Evlilikten Dolay\u0131 Vatanda\u015fl\u0131k - Gine Vizesi - MyVize","description":"Gine Evlilikten Dolay\u0131 Vatanda\u015fl\u0131k Nas\u0131l Al\u0131n\u0131r? Gine Evlilikten Dolay\u0131 Vatanda\u015f\u0131 Olmak \u0130\u00e7in \u015eartlar Neler?","robots":{"index":"index","follow":"follow","max-snippet":"max-snippet:-1","max-image-preview":"max-image-preview:large","max-video-preview":"max-video-preview:-1"},"canonical":"https:\/\/myvize.com.tr\/gine\/vatandaslik\/evlilikten-dolayi\/","og_locale":"tr_TR","og_type":"article","og_title":"Gine Evlilikten Dolay\u0131 Vatanda\u015fl\u0131k - Gine Vizesi - MyVize","og_description":"Gine Evlilikten Dolay\u0131 Vatanda\u015fl\u0131k Nas\u0131l Al\u0131n\u0131r? Gine Evlilikten Dolay\u0131 Vatanda\u015f\u0131 Olmak \u0130\u00e7in \u015eartlar Neler?","og_url":"https:\/\/myvize.com.tr\/gine\/vatandaslik\/evlilikten-dolayi\/","og_site_name":"Gine Vizesi","article_modified_time":"2022-01-11T14:50:14+00:00","twitter_card":"summary_large_image","twitter_misc":{"Tahmini okuma s\u00fcresi":"1 dakika"},"schema":{"@context":"https:\/\/schema.org","@graph":[{"@type":"WebPage","@id":"https:\/\/myvize.com.tr\/gine\/vatandaslik\/evlilikten-dolayi\/","url":"https:\/\/myvize.com.tr\/gine\/vatandaslik\/evlilikten-dolayi\/","name":"Gine Evlilikten Dolay\u0131 Vatanda\u015fl\u0131k - Gine Vizesi - MyVize","isPartOf":{"@id":"https:\/\/myvize.com.tr\/gine\/#website"},"datePublished":"2021-01-16T11:36:56+00:00","dateModified":"2022-01-11T14:50:14+00:00","description":"Gine Evlilikten Dolay\u0131 Vatanda\u015fl\u0131k Nas\u0131l Al\u0131n\u0131r? Gine Evlilikten Dolay\u0131 Vatanda\u015f\u0131 Olmak \u0130\u00e7in \u015eartlar Neler?","breadcrumb":{"@id":"https:\/\/myvize.com.tr\/gine\/vatandaslik\/evlilikten-dolayi\/#breadcrumb"},"inLanguage":"tr","potentialAction":[{"@type":"ReadAction","target":["https:\/\/myvize.com.tr\/gine\/vatandaslik\/evlilikten-dolayi\/"]}]},{"@type":"BreadcrumbList","@id":"https:\/\/myvize.com.tr\/gine\/vatandaslik\/evlilikten-dolayi\/#breadcrumb","itemListElement":[{"@type":"ListItem","position":1,"name":"Anasayfa","item":"https:\/\/myvize.com.tr\/gine\/"},{"@type":"ListItem","position":2,"name":"VATANDA\u015eLIK","item":"https:\/\/myvize.com.tr\/gine\/vatandaslik\/"},{"@type":"ListItem","position":3,"name":"Gine Evlilikten Dolay\u0131 Vatanda\u015fl\u0131k"}]},{"@type":"WebSite","@id":"https:\/\/myvize.com.tr\/gine\/#website","url":"https:\/\/myvize.com.tr\/gine\/","name":"Gine Vizesi","description":"","potentialAction":[{"@type":"SearchAction","target":{"@type":"EntryPoint","urlTemplate":"https:\/\/myvize.com.tr\/gine\/?s={search_term_string}"},"query-input":{"@type":"PropertyValueSpecification","valueRequired":true,"valueName":"search_term_string"}}],"inLanguage":"tr"}]}},"_links":{"self":[{"href":"https:\/\/myvize.com.tr\/gine\/wp-json\/wp\/v2\/pages\/279","targetHints":{"allow":["GET"]}}],"collection":[{"href":"https:\/\/myvize.com.tr\/gine\/wp-json\/wp\/v2\/pages"}],"about":[{"href":"https:\/\/myvize.com.tr\/gine\/wp-json\/wp\/v2\/types\/page"}],"author":[{"embeddable":true,"href":"https:\/\/myvize.com.tr\/gine\/wp-json\/wp\/v2\/users\/1"}],"replies":[{"embeddable":true,"href":"https:\/\/myvize.com.tr\/gine\/wp-json\/wp\/v2\/comments?post=279"}],"version-history":[{"count":5,"href":"https:\/\/myvize.com.tr\/gine\/wp-json\/wp\/v2\/pages\/279\/revisions"}],"predecessor-version":[{"id":531,"href":"https:\/\/myvize.com.tr\/gine\/wp-json\/wp\/v2\/pages\/279\/revisions\/531"}],"up":[{"embeddable":true,"href":"https:\/\/myvize.com.tr\/gine\/wp-json\/wp\/v2\/pages\/141"}],"wp:attachment":[{"href":"https:\/\/myvize.com.tr\/gine\/wp-json\/wp\/v2\/media?parent=279"}],"curies":[{"name":"wp","href":"https:\/\/api.w.org\/{rel}","templated":true}]}}