{"id":277,"date":"2021-01-16T14:36:14","date_gmt":"2021-01-16T11:36:14","guid":{"rendered":"https:\/\/myvize.com.tr\/gine\/?page_id=277"},"modified":"2022-05-10T15:52:05","modified_gmt":"2022-05-10T12:52:05","slug":"aile-birlesimi","status":"publish","type":"page","link":"https:\/\/myvize.com.tr\/gine\/oturum-2\/aile-birlesimi\/","title":{"rendered":"Gine Aile Birle\u015fimi"},"content":{"rendered":"<h2><strong><span style=\"font-size: 27px;\">Gine Aile <span style=\"font-family: Roboto;\">Birle\u015fimi<\/span> Vizesi Ba\u015fvurusu<\/span><\/strong><\/h2>\n<p><span style=\"font-family: Roboto; font-size: 14px;\">Gine\u2019de bulunan e\u015f ve birinci dereceden akrabalar\u0131 ile ayn\u0131 evde ya\u015famak isteyen ki\u015filer <strong>Gine aile vizesi<\/strong> ba\u015fvurusunda bulunmal\u0131d\u0131r. <strong>Gine aile vizesi<\/strong> ba\u015fvurusu i\u00e7in yap\u0131lmas\u0131 gerekenler ki\u015finin stat\u00fcs\u00fcne ve aile birle\u015fimi yap\u0131lacak olan ki\u015fi ile olan aile ba\u011flar\u0131na g\u00f6re farkl\u0131l\u0131k g\u00f6sterebilmektedir.<\/span><\/p>\n<p><span style=\"font-family: Roboto; font-size: 14px;\"><strong>Gine aile birle\u015fimi vizesi<\/strong> ba\u015fvurusu Gine\u00a0Ankara B\u00fcy\u00fckel\u00e7ili\u011fi taraf\u0131ndan de\u011ferlendirilir. Ancak vize ba\u015fvurular\u0131 Gine\u00a0Ankara B\u00fcy\u00fckel\u00e7ili\u011fi taraf\u0131ndan yetkilendirilmi\u015f vize ba\u015fvuru merkezlerine ve seyahat acentelerine yap\u0131lmal\u0131d\u0131r.<\/span><\/p>\n<p><span style=\"font-family: Roboto; font-size: 14px;\"><strong>Vize ba\u015fvurusu<\/strong> i\u00e7in \u00f6ncelikle <span style=\"color: #2acec2;\"><a style=\"color: #2acec2;\" href=\"https:\/\/myvize.com.tr\/gine\/vize-islemleri\/gine-vize-basvuru-formu\/\" target=\"_blank\" rel=\"noopener\"><strong>Gine vize ba\u015fvuru formu<\/strong><\/a><\/span> doldurulmal\u0131d\u0131r. Ard\u0131ndan ise vize ba\u015fvurusunun yap\u0131laca\u011f\u0131 vize ba\u015fvuru merkezinden randevu al\u0131nmal\u0131d\u0131r. Randevular genellikle 1 ile 3 i\u015f g\u00fcn\u00fc sonras\u0131na verilmektedir Ancak bu s\u00fcre Gine vize ba\u015fvuru yo\u011funlu\u011funa g\u00f6re de\u011fi\u015fmektedir. Randevu tarihine kadar gerekli belgeler haz\u0131rlanmal\u0131d\u0131r. Randevu tarihinde belgeler teslim edilecektir. Gine vize ba\u015fvuru merkezi ba\u015fvuru talebinizi belgeler ile Gine Ankara B\u00fcy\u00fckel\u00e7ili\u011fi\u2019ne ula\u015ft\u0131rmak ile sorumludur.<\/span><\/p>\n<p><span style=\"font-family: Roboto; font-size: 14px;\">Gerekli Belgeler;<\/span><\/p>\n<ul>\n<li><strong><span style=\"font-family: Roboto; font-size: 14px;\">Vize ba\u015fvuru formu<\/span><\/strong><\/li>\n<li><span style=\"font-family: Roboto; font-size: 14px;\">Pasaport<\/span><\/li>\n<li><span style=\"font-family: Roboto; font-size: 14px;\">Biyometrik foto\u011fraf<\/span><\/li>\n<li><span style=\"font-family: Roboto; font-size: 14px;\">Evlilik yolu ile aile birle\u015fimi i\u00e7in evlilik c\u00fczdan\u0131 fotokopisi ve Uluslararas\u0131 Evlilik Kay\u0131t \u00d6rne\u011fi<\/span><\/li>\n<li><span style=\"font-family: Roboto; font-size: 14px;\">Tam vukuatl\u0131 n\u00fcfus kay\u0131t \u00f6rne\u011fi<\/span><\/li>\n<li><span style=\"font-family: Roboto; font-size: 14px;\">E\u015f Gine uyruklu ise do\u011fum belgesi<\/span><\/li>\n<li><span style=\"font-family: Roboto; font-size: 14px;\">Vize \u00fccreti<\/span><\/li>\n<li><span style=\"font-family: Roboto; font-size: 14px;\">Eski pasaportlar<\/span><\/li>\n<li><span style=\"font-family: Roboto; font-size: 14px;\">Kimlik fotokopisi<\/span><\/li>\n<li><span style=\"font-family: Roboto; font-size: 14px;\">Di\u011fer aile \u00fcyeleri i\u00e7in aile ba\u011flar\u0131n\u0131 kan\u0131tlayan belge<\/span><\/li>\n<\/ul>\n<p><span style=\"font-family: Roboto; font-size: 14px;\">Bunlar\u0131n yan\u0131nda Gine<span style=\"color: #2acec2;\"><strong><a style=\"color: #2acec2;\" href=\"https:\/\/myvize.com.tr\/gine\/konsolosluklar\/ankara-buyukelciligi\/\" target=\"_blank\" rel=\"noopener\"> Ankara B\u00fcy\u00fckel\u00e7ili\u011fi<\/a><\/strong><\/span> ek belge talep edebilir.<\/span><\/p>\n<p><img decoding=\"async\" src=\"https:\/\/myvize.com.tr\/gine\/wp-content\/uploads\/2021\/10\/20.jpg\" \/><\/p>\n","protected":false},"excerpt":{"rendered":"<p>Gine Aile Birle\u015fimi Vizesi Ba\u015fvurusu Gine\u2019de bulunan e\u015f ve birinci dereceden akrabalar\u0131 ile ayn\u0131 evde ya\u015famak isteyen ki\u015filer Gine aile vizesi ba\u015fvurusunda bulunmal\u0131d\u0131r. Gine aile vizesi ba\u015fvurusu i\u00e7in yap\u0131lmas\u0131 gerekenler ki\u015finin stat\u00fcs\u00fcne ve aile birle\u015fimi yap\u0131lacak olan ki\u015fi ile olan aile ba\u011flar\u0131na g\u00f6re farkl\u0131l\u0131k g\u00f6sterebilmektedir. Gine aile birle\u015fimi vizesi ba\u015fvurusu Gine\u00a0Ankara B\u00fcy\u00fckel\u00e7ili\u011fi taraf\u0131ndan de\u011ferlendirilir. Ancak<\/p>\n","protected":false},"author":1,"featured_media":0,"parent":138,"menu_order":0,"comment_status":"closed","ping_status":"closed","template":"","meta":{"footnotes":""},"class_list":["post-277","page","type-page","status-publish","hentry"],"yoast_head":"<!-- This site is optimized with the Yoast SEO plugin v26.8 - https:\/\/yoast.com\/product\/yoast-seo-wordpress\/ -->\n<title>Gine Aile Birle\u015fimi Vizesi - MyVize Vize Ba\u015fvuru Merkezi<\/title>\n<meta name=\"description\" content=\"Gine Aile Birle\u015fimi Vizesi Nas\u0131l Al\u0131n\u0131r? Gine Aile Birle\u015fimi Vize Ba\u015fvurusu Nas\u0131l Yap\u0131l\u0131r? Gine Aile Birle\u015fimi Vize \u00dccreti Nedir?\" \/>\n<meta name=\"robots\" content=\"index, follow, max-snippet:-1, max-image-preview:large, max-video-preview:-1\" \/>\n<link rel=\"canonical\" href=\"https:\/\/myvize.com.tr\/gine\/oturum-2\/aile-birlesimi\/\" \/>\n<meta property=\"og:locale\" content=\"tr_TR\" \/>\n<meta property=\"og:type\" content=\"article\" \/>\n<meta property=\"og:title\" content=\"Gine Aile Birle\u015fimi Vizesi - MyVize Vize Ba\u015fvuru Merkezi\" \/>\n<meta property=\"og:description\" content=\"Gine Aile Birle\u015fimi Vizesi Nas\u0131l Al\u0131n\u0131r? Gine Aile Birle\u015fimi Vize Ba\u015fvurusu Nas\u0131l Yap\u0131l\u0131r? Gine Aile Birle\u015fimi Vize \u00dccreti Nedir?\" \/>\n<meta property=\"og:url\" content=\"https:\/\/myvize.com.tr\/gine\/oturum-2\/aile-birlesimi\/\" \/>\n<meta property=\"og:site_name\" content=\"Gine Vizesi\" \/>\n<meta property=\"article:modified_time\" content=\"2022-05-10T12:52:05+00:00\" \/>\n<meta property=\"og:image\" content=\"https:\/\/myvize.com.tr\/gine\/wp-content\/uploads\/2021\/10\/20.jpg\" \/>\n<meta name=\"twitter:card\" content=\"summary_large_image\" \/>\n<meta name=\"twitter:label1\" content=\"Tahmini okuma s\u00fcresi\" \/>\n\t<meta name=\"twitter:data1\" content=\"2 dakika\" \/>\n<script type=\"application\/ld+json\" class=\"yoast-schema-graph\">{\"@context\":\"https:\/\/schema.org\",\"@graph\":[{\"@type\":\"WebPage\",\"@id\":\"https:\/\/myvize.com.tr\/gine\/oturum-2\/aile-birlesimi\/\",\"url\":\"https:\/\/myvize.com.tr\/gine\/oturum-2\/aile-birlesimi\/\",\"name\":\"Gine Aile Birle\u015fimi Vizesi - MyVize Vize Ba\u015fvuru Merkezi\",\"isPartOf\":{\"@id\":\"https:\/\/myvize.com.tr\/gine\/#website\"},\"primaryImageOfPage\":{\"@id\":\"https:\/\/myvize.com.tr\/gine\/oturum-2\/aile-birlesimi\/#primaryimage\"},\"image\":{\"@id\":\"https:\/\/myvize.com.tr\/gine\/oturum-2\/aile-birlesimi\/#primaryimage\"},\"thumbnailUrl\":\"https:\/\/myvize.com.tr\/gine\/wp-content\/uploads\/2021\/10\/20.jpg\",\"datePublished\":\"2021-01-16T11:36:14+00:00\",\"dateModified\":\"2022-05-10T12:52:05+00:00\",\"description\":\"Gine Aile Birle\u015fimi Vizesi Nas\u0131l Al\u0131n\u0131r? Gine Aile Birle\u015fimi Vize Ba\u015fvurusu Nas\u0131l Yap\u0131l\u0131r? Gine Aile Birle\u015fimi Vize \u00dccreti Nedir?\",\"breadcrumb\":{\"@id\":\"https:\/\/myvize.com.tr\/gine\/oturum-2\/aile-birlesimi\/#breadcrumb\"},\"inLanguage\":\"tr\",\"potentialAction\":[{\"@type\":\"ReadAction\",\"target\":[\"https:\/\/myvize.com.tr\/gine\/oturum-2\/aile-birlesimi\/\"]}]},{\"@type\":\"ImageObject\",\"inLanguage\":\"tr\",\"@id\":\"https:\/\/myvize.com.tr\/gine\/oturum-2\/aile-birlesimi\/#primaryimage\",\"url\":\"https:\/\/myvize.com.tr\/gine\/wp-content\/uploads\/2021\/10\/20.jpg\",\"contentUrl\":\"https:\/\/myvize.com.tr\/gine\/wp-content\/uploads\/2021\/10\/20.jpg\",\"width\":800,\"height\":500,\"caption\":\"Gine Aile Birle\u015fimi\"},{\"@type\":\"BreadcrumbList\",\"@id\":\"https:\/\/myvize.com.tr\/gine\/oturum-2\/aile-birlesimi\/#breadcrumb\",\"itemListElement\":[{\"@type\":\"ListItem\",\"position\":1,\"name\":\"Anasayfa\",\"item\":\"https:\/\/myvize.com.tr\/gine\/\"},{\"@type\":\"ListItem\",\"position\":2,\"name\":\"OTURUM\",\"item\":\"https:\/\/myvize.com.tr\/gine\/oturum-2\/\"},{\"@type\":\"ListItem\",\"position\":3,\"name\":\"Gine Aile Birle\u015fimi\"}]},{\"@type\":\"WebSite\",\"@id\":\"https:\/\/myvize.com.tr\/gine\/#website\",\"url\":\"https:\/\/myvize.com.tr\/gine\/\",\"name\":\"Gine Vizesi\",\"description\":\"\",\"potentialAction\":[{\"@type\":\"SearchAction\",\"target\":{\"@type\":\"EntryPoint\",\"urlTemplate\":\"https:\/\/myvize.com.tr\/gine\/?s={search_term_string}\"},\"query-input\":{\"@type\":\"PropertyValueSpecification\",\"valueRequired\":true,\"valueName\":\"search_term_string\"}}],\"inLanguage\":\"tr\"}]}<\/script>\n<!-- \/ Yoast SEO plugin. -->","yoast_head_json":{"title":"Gine Aile Birle\u015fimi Vizesi - MyVize Vize Ba\u015fvuru Merkezi","description":"Gine Aile Birle\u015fimi Vizesi Nas\u0131l Al\u0131n\u0131r? Gine Aile Birle\u015fimi Vize Ba\u015fvurusu Nas\u0131l Yap\u0131l\u0131r? Gine Aile Birle\u015fimi Vize \u00dccreti Nedir?","robots":{"index":"index","follow":"follow","max-snippet":"max-snippet:-1","max-image-preview":"max-image-preview:large","max-video-preview":"max-video-preview:-1"},"canonical":"https:\/\/myvize.com.tr\/gine\/oturum-2\/aile-birlesimi\/","og_locale":"tr_TR","og_type":"article","og_title":"Gine Aile Birle\u015fimi Vizesi - MyVize Vize Ba\u015fvuru Merkezi","og_description":"Gine Aile Birle\u015fimi Vizesi Nas\u0131l Al\u0131n\u0131r? Gine Aile Birle\u015fimi Vize Ba\u015fvurusu Nas\u0131l Yap\u0131l\u0131r? Gine Aile Birle\u015fimi Vize \u00dccreti Nedir?","og_url":"https:\/\/myvize.com.tr\/gine\/oturum-2\/aile-birlesimi\/","og_site_name":"Gine Vizesi","article_modified_time":"2022-05-10T12:52:05+00:00","og_image":[{"url":"https:\/\/myvize.com.tr\/gine\/wp-content\/uploads\/2021\/10\/20.jpg","type":"","width":"","height":""}],"twitter_card":"summary_large_image","twitter_misc":{"Tahmini okuma s\u00fcresi":"2 dakika"},"schema":{"@context":"https:\/\/schema.org","@graph":[{"@type":"WebPage","@id":"https:\/\/myvize.com.tr\/gine\/oturum-2\/aile-birlesimi\/","url":"https:\/\/myvize.com.tr\/gine\/oturum-2\/aile-birlesimi\/","name":"Gine Aile Birle\u015fimi Vizesi - MyVize Vize Ba\u015fvuru Merkezi","isPartOf":{"@id":"https:\/\/myvize.com.tr\/gine\/#website"},"primaryImageOfPage":{"@id":"https:\/\/myvize.com.tr\/gine\/oturum-2\/aile-birlesimi\/#primaryimage"},"image":{"@id":"https:\/\/myvize.com.tr\/gine\/oturum-2\/aile-birlesimi\/#primaryimage"},"thumbnailUrl":"https:\/\/myvize.com.tr\/gine\/wp-content\/uploads\/2021\/10\/20.jpg","datePublished":"2021-01-16T11:36:14+00:00","dateModified":"2022-05-10T12:52:05+00:00","description":"Gine Aile Birle\u015fimi Vizesi Nas\u0131l Al\u0131n\u0131r? Gine Aile Birle\u015fimi Vize Ba\u015fvurusu Nas\u0131l Yap\u0131l\u0131r? Gine Aile Birle\u015fimi Vize \u00dccreti Nedir?","breadcrumb":{"@id":"https:\/\/myvize.com.tr\/gine\/oturum-2\/aile-birlesimi\/#breadcrumb"},"inLanguage":"tr","potentialAction":[{"@type":"ReadAction","target":["https:\/\/myvize.com.tr\/gine\/oturum-2\/aile-birlesimi\/"]}]},{"@type":"ImageObject","inLanguage":"tr","@id":"https:\/\/myvize.com.tr\/gine\/oturum-2\/aile-birlesimi\/#primaryimage","url":"https:\/\/myvize.com.tr\/gine\/wp-content\/uploads\/2021\/10\/20.jpg","contentUrl":"https:\/\/myvize.com.tr\/gine\/wp-content\/uploads\/2021\/10\/20.jpg","width":800,"height":500,"caption":"Gine Aile Birle\u015fimi"},{"@type":"BreadcrumbList","@id":"https:\/\/myvize.com.tr\/gine\/oturum-2\/aile-birlesimi\/#breadcrumb","itemListElement":[{"@type":"ListItem","position":1,"name":"Anasayfa","item":"https:\/\/myvize.com.tr\/gine\/"},{"@type":"ListItem","position":2,"name":"OTURUM","item":"https:\/\/myvize.com.tr\/gine\/oturum-2\/"},{"@type":"ListItem","position":3,"name":"Gine Aile Birle\u015fimi"}]},{"@type":"WebSite","@id":"https:\/\/myvize.com.tr\/gine\/#website","url":"https:\/\/myvize.com.tr\/gine\/","name":"Gine Vizesi","description":"","potentialAction":[{"@type":"SearchAction","target":{"@type":"EntryPoint","urlTemplate":"https:\/\/myvize.com.tr\/gine\/?s={search_term_string}"},"query-input":{"@type":"PropertyValueSpecification","valueRequired":true,"valueName":"search_term_string"}}],"inLanguage":"tr"}]}},"_links":{"self":[{"href":"https:\/\/myvize.com.tr\/gine\/wp-json\/wp\/v2\/pages\/277","targetHints":{"allow":["GET"]}}],"collection":[{"href":"https:\/\/myvize.com.tr\/gine\/wp-json\/wp\/v2\/pages"}],"about":[{"href":"https:\/\/myvize.com.tr\/gine\/wp-json\/wp\/v2\/types\/page"}],"author":[{"embeddable":true,"href":"https:\/\/myvize.com.tr\/gine\/wp-json\/wp\/v2\/users\/1"}],"replies":[{"embeddable":true,"href":"https:\/\/myvize.com.tr\/gine\/wp-json\/wp\/v2\/comments?post=277"}],"version-history":[{"count":6,"href":"https:\/\/myvize.com.tr\/gine\/wp-json\/wp\/v2\/pages\/277\/revisions"}],"predecessor-version":[{"id":615,"href":"https:\/\/myvize.com.tr\/gine\/wp-json\/wp\/v2\/pages\/277\/revisions\/615"}],"up":[{"embeddable":true,"href":"https:\/\/myvize.com.tr\/gine\/wp-json\/wp\/v2\/pages\/138"}],"wp:attachment":[{"href":"https:\/\/myvize.com.tr\/gine\/wp-json\/wp\/v2\/media?parent=277"}],"curies":[{"name":"wp","href":"https:\/\/api.w.org\/{rel}","templated":true}]}}