{"id":18,"date":"2020-11-30T08:50:13","date_gmt":"2020-11-30T05:50:13","guid":{"rendered":"https:\/\/myvize.com.tr\/gine\/?page_id=18"},"modified":"2022-05-30T13:34:22","modified_gmt":"2022-05-30T10:34:22","slug":"vize-islemleri","status":"publish","type":"page","link":"https:\/\/myvize.com.tr\/gine\/vize-islemleri\/","title":{"rendered":"V\u0130ZE \u0130\u015eLEMLER\u0130"},"content":{"rendered":"\r\n<h2><strong><span style=\"font-size: 27px; font-family: Roboto;\">Gine Vize \u0130\u015flemleri\u00a0<\/span><\/strong><\/h2>\r\n<p><span style=\"font-family: Roboto; font-size: 14px;\">Gine Cumhuriyeti\u2019ne seyahat etmek isteyen T\u00fcrkiye Cumhuriyeti vatanda\u015flar\u0131 Gine seyahatleri i\u00e7in vize ba\u015fvurunda bulunmal\u0131d\u0131r. Umuma Mahsus Pasaport, Hizmet Pasaportu ve Hususi Pasaport hamilleri seyahatleri i\u00e7in vize ba\u015fvurusunda bulunmal\u0131 ve vize ba\u015fvurusu olumlu sonu\u00e7lanmal\u0131d\u0131r. Gine\u2019ye seyahat edecek olan Diplomatik Pasaport sahipleri ise 90 g\u00fcn\u00fc ge\u00e7meyen seyahatleri i\u00e7in Gine vizesinden muaft\u0131r.<\/span><\/p>\r\n<p><span style=\"font-family: Roboto; font-size: 14px;\"><span style=\"color: #2acec2;\"><strong>Gine vizesi<\/strong> <\/span>k\u0131sa s\u00fcreli, uzun s\u00fcreli, tek giri\u015fli ya da \u00e7ok giri\u015fli olarak verilmektedir. En az 1 ay en fazla ise 1 y\u0131l olarak verilmektedir. Gine vize ba\u015fvurular\u0131 hakk\u0131nda karar verme yetkisi Gine B\u00fcy\u00fckel\u00e7ili\u011fi\u2019ne aittir.<strong> Gine vize<\/strong> ba\u015fvurular\u0131n\u0131z\u0131 Gine B\u00fcy\u00fckel\u00e7ili\u011fi\u2019ne yapabilece\u011finiz gibi yetkilendirilmi\u015f vize ba\u015fvuru merkezler ve seyahat acentelerine yapabilirsiniz.<\/span><\/p>\r\n<p><span style=\"font-family: Roboto; font-size: 14px;\">Bunun i\u00e7in gerekli evraklar haz\u0131rlanmal\u0131d\u0131r. Gerekli evraklar vize t\u00fcr\u00fcne, s\u00fcresine ya da ki\u015finin stat\u00fcs\u00fcne g\u00f6re de\u011fi\u015fmektedir. Yani ba\u015fvuru yapacak olan ki\u015fi \u00f6\u011frenci, emekli, \u015firket \u00e7al\u0131\u015fan\u0131, \u015firket sahibi, ev han\u0131m\u0131 ya da kamu \u00e7al\u0131\u015fan\u0131 olmas\u0131 durumunda istenen belgeler farkl\u0131l\u0131k g\u00f6stermektedir. Ayr\u0131ca turist, ticari, \u00f6\u011frenci, transit, aile birle\u015fimi gibi vizelerde istenen belgeler farkl\u0131l\u0131k g\u00f6stermektedir.<\/span><\/p>\r\n<p><span style=\"font-family: Roboto; font-size: 14px;\"><strong>Vize ba\u015fvurusu<\/strong> de\u011ferlendirildikten sonra ba\u015fvurunuz incelenir ve ba\u015fvuru sahibine sonucu bildirilir. Ba\u015fvurular ortalama 3 i\u015f g\u00fcn\u00fc i\u00e7erisinde sonu\u00e7lanmaktad\u0131r.<\/span><\/p>\r\n<h2><span style=\"font-family: Roboto; font-size: 27px;\"><strong>Gine Vizesi Nas\u0131l Al\u0131n\u0131r?<\/strong><\/span><\/h2>\r\n\r\n\r\n\r\n<p><span style=\"font-family: Roboto; font-size: 14px;\">Afrika k\u0131tas\u0131n\u0131n bat\u0131 k\u0131sm\u0131nda yer alan <strong>Gine Cumhuriyeti<\/strong>, 2 Ekim 1958 y\u0131l\u0131nda ba\u011f\u0131ms\u0131zl\u0131\u011f\u0131n\u0131 ilan etmi\u015ftir. \u00dclkenin ba\u015fkenti ise Conakry ve yayg\u0131n bir \u015fekilde Frans\u0131zca konu\u015fulmaktad\u0131r. Para bilimi olarak Gine Frang\u0131 olarak kullan\u0131lan \u00fclkeye seyahat plan\u0131 yapan vatanda\u015flardan vize ba\u015fvurusu talep edilmektedir. Umuma (Bordo) pasaport sahibi d\u0131\u015f\u0131nda kalan Hizmet (Gri), Diplomat (Siyah) ve Hususi (Ye\u015fil) pasaport sahibi olanlara 90 g\u00fcn vizesiz seyahat etme hakk\u0131 tan\u0131nmaktad\u0131r.<\/span><\/p>\r\n<blockquote>\r\n<p><span style=\"font-size: 14px; font-family: Roboto;\"><a href=\"https:\/\/myvize.com.tr\/gine\/vize-islemleri\/gine-vize-randevusu\/\" target=\"_blank\" rel=\"noopener\"><strong><span style=\"color: #2acec2;\">Gine Vize Randevusu<\/span><\/strong><\/a><\/span><\/p>\r\n<\/blockquote>\r\n<p><img decoding=\"async\" src=\"https:\/\/myvize.com.tr\/gine\/wp-content\/uploads\/2021\/10\/1.jpg\" \/><\/p>\r\n\r\n<h2><span style=\"font-family: Roboto; font-size: 27px;\"><strong>Gine Vize Ba\u015fvurusu Nas\u0131l Yap\u0131l\u0131r?<\/strong><\/span><\/h2>\r\n\r\n\r\n\r\n<p><span style=\"font-family: Roboto; font-size: 14px;\">T\u00fcrkiye\u2019den Gine Cumhuriyeti\u2019ne seyahat etmeyi d\u00fc\u015f\u00fcnen vatanda\u015flar evraklar\u0131n\u0131 d\u00fczg\u00fcn bir \u015fekilde haz\u0131rlad\u0131ktan sonra Ankara\u2019da bulunan Gine Cumhuriyeti B\u00fcy\u00fckel\u00e7ili\u011fi\u2019ne ya da \u0130stanbul\u2019daki Fahri Gine Cumhuriyeti Konsoloslu\u011fu\u2019na ba\u015fvuruda bulunmas\u0131 gerekmektedir.<\/span><\/p>\r\n<blockquote>\r\n<p><span style=\"font-family: Roboto; font-size: 14px;\"><a href=\"https:\/\/myvize.com.tr\/gine\/vize-islemleri\/gine-vize-basvuru-formu\/\" target=\"_blank\" rel=\"noopener\"><span style=\"color: #2acec2;\"><strong>Gine Vize Ba\u015fvuru Formu<\/strong><\/span><\/a><\/span><\/p>\r\n<\/blockquote>\r\n\r\n\r\n\r\n<h2><span style=\"font-family: Roboto; font-size: 27px;\"><strong>Gine Vize Ba\u015fvurusu \u0130\u00e7in Gerekli Evraklar<\/strong><\/span><\/h2>\r\n\r\n\r\n\r\n<p><span style=\"font-family: Roboto; font-size: 14px;\">Foto\u011fraf: En az son 6 ay i\u00e7erisinde \u00e7ekilmi\u015f ve arka fonu beyaz olmal\u0131d\u0131r.<\/span><\/p>\r\n<p><span style=\"font-family: Roboto; font-size: 14px;\">\r\n\r\n<\/span><\/p>\r\n<p><span style=\"font-family: Roboto; font-size: 14px;\">T\u00fcrkiye Cumhuriyeti kimlik fotokopisi<\/span><\/p>\r\n<p><span style=\"font-family: Roboto; font-size: 14px;\">\r\n\r\n<\/span><\/p>\r\n<p><span style=\"font-family: Roboto; font-size: 14px;\">Gine seyahat plan\u0131 dahilinde konaklaman\u0131n yap\u0131laca\u011f\u0131 otel rezervasyon bilgisi ile gidi\u015f- d\u00f6n\u00fc\u015f u\u00e7ak biletlerinin bir \u00e7\u0131kt\u0131s\u0131.<\/span><\/p>\r\n<p><span style=\"font-family: Roboto; font-size: 14px;\">\r\n\r\n<\/span><\/p>\r\n<p><span style=\"font-family: Roboto; font-size: 14px;\">Davet mektubu: Davet eden ki\u015fiye ait g\u00fcncel adres bilgileri ile kimlik bilgilerin yer almas\u0131 gerekir.<\/span><\/p>\r\n<p><span style=\"font-family: Roboto; font-size: 14px;\">\r\n\r\n<\/span><\/p>\r\n<p><span style=\"font-family: Roboto; font-size: 14px;\"><strong>Gine Vize Ba\u015fvuru Formu:<\/strong> <strong>Vize ba\u015fvurusunda<\/strong> bulunacak olan ki\u015fi taraf\u0131ndan do\u011fru ve eksiksiz \u015fekilde doldurulmal\u0131d\u0131r.<\/span><\/p>\r\n<p><span style=\"font-family: Roboto; font-size: 14px;\">\r\n\r\n<\/span><\/p>\r\n<p><span style=\"font-family: Roboto; font-size: 14px;\">Sa\u011fl\u0131k Raporu: Ba\u015fvuruda bulunan ki\u015fiye ait herhangi bir sa\u011fl\u0131k a\u00e7\u0131s\u0131ndan problemi bulunmad\u0131\u011f\u0131na dair Sa\u011fl\u0131k Bakanl\u0131\u011f\u0131 taraf\u0131ndan onaylanm\u0131\u015f olmal\u0131d\u0131r.<\/span><\/p>\r\n<p><span style=\"font-family: Roboto; font-size: 14px;\">\r\n\r\n<\/span><\/p>\r\n<p><span style=\"font-family: Roboto; font-size: 14px;\">A\u015f\u0131 Kart\u0131: Ba\u015fvuruda bulunan ki\u015fide sar\u0131 umma a\u015f\u0131s\u0131 oldu\u011funa dair onaylanm\u0131\u015f belge.<\/span><\/p>\r\n<p><span style=\"font-family: Roboto; font-size: 14px;\">\r\n\r\n<\/span><\/p>\r\n<p><span style=\"font-family: Roboto; font-size: 14px;\">Ba\u015fvuruda bulunan ki\u015fi taraf\u0131ndan aktif olarak kullanmaya devam etti\u011fi banka hesab\u0131nda minimum 3000 TL oldu\u011funu g\u00f6sterir en az 3 ayl\u0131k hesap ekstresi.<\/span><\/p>\r\n<p><span style=\"font-family: Roboto; font-size: 14px;\">\r\n\r\n<\/span><\/p>\r\n<p><span style=\"font-family: Roboto; font-size: 14px;\">Son olarak ise ba\u015fvuru sahibine ait vize \u00fccretini \u00f6dedi\u011fine dair banka dekontu.<\/span><\/p>\r\n<p><span style=\"font-family: Roboto; font-size: 14px;\">\r\n\r\n<\/span><\/p>\r\n<p><span style=\"font-family: Roboto; font-size: 14px;\">T\u00fcm bu belgeler haz\u0131rlanarak yap\u0131lacak olan ba\u015fvurulara gereken cevap 8 ile 15 g\u00fcn s\u00fcre i\u00e7erisinde verilmektedir. Bu net olmamakla birlikte resmi tatil g\u00fcnlerine denk gelmesi halinde s\u00fcre uzad\u0131\u011f\u0131n\u0131n g\u00f6z \u00f6n\u00fcnde bulundurulmas\u0131 gerekir.<\/span><\/p>\r\n","protected":false},"excerpt":{"rendered":"<p>Gine Vize \u0130\u015flemleri\u00a0 Gine Cumhuriyeti\u2019ne seyahat etmek isteyen T\u00fcrkiye Cumhuriyeti vatanda\u015flar\u0131 Gine seyahatleri i\u00e7in vize ba\u015fvurunda bulunmal\u0131d\u0131r. Umuma Mahsus Pasaport, Hizmet Pasaportu ve Hususi Pasaport hamilleri seyahatleri i\u00e7in vize ba\u015fvurusunda bulunmal\u0131 ve vize ba\u015fvurusu olumlu sonu\u00e7lanmal\u0131d\u0131r. Gine\u2019ye seyahat edecek olan Diplomatik Pasaport sahipleri ise 90 g\u00fcn\u00fc ge\u00e7meyen seyahatleri i\u00e7in Gine vizesinden muaft\u0131r. Gine vizesi k\u0131sa<\/p>\n","protected":false},"author":1,"featured_media":0,"parent":0,"menu_order":0,"comment_status":"closed","ping_status":"closed","template":"","meta":{"footnotes":""},"class_list":["post-18","page","type-page","status-publish","hentry"],"yoast_head":"<!-- This site is optimized with the Yoast SEO plugin v26.8 - https:\/\/yoast.com\/product\/yoast-seo-wordpress\/ -->\n<title>Gine Vize \u0130\u015flemleri\u00a0- MyVize Vize Ba\u015fvuru Merkezi<\/title>\n<meta name=\"description\" content=\"Gine Vize \u0130\u015flemleri\u00a0Nelerdir? Gine Vize \u0130\u015flemleri\u00a0Nas\u0131l Yap\u0131l\u0131r? Gine Vize \u0130\u015flem Ba\u015fvurular\u0131 Nas\u0131l Yap\u0131l\u0131r 2022?\" \/>\n<meta name=\"robots\" content=\"index, follow, max-snippet:-1, max-image-preview:large, max-video-preview:-1\" \/>\n<link rel=\"canonical\" href=\"https:\/\/myvize.com.tr\/gine\/vize-islemleri\/\" \/>\n<meta property=\"og:locale\" content=\"tr_TR\" \/>\n<meta property=\"og:type\" content=\"article\" \/>\n<meta property=\"og:title\" content=\"Gine Vize \u0130\u015flemleri\u00a0- MyVize Vize Ba\u015fvuru Merkezi\" \/>\n<meta property=\"og:description\" content=\"Gine Vize \u0130\u015flemleri\u00a0Nelerdir? Gine Vize \u0130\u015flemleri\u00a0Nas\u0131l Yap\u0131l\u0131r? Gine Vize \u0130\u015flem Ba\u015fvurular\u0131 Nas\u0131l Yap\u0131l\u0131r 2022?\" \/>\n<meta property=\"og:url\" content=\"https:\/\/myvize.com.tr\/gine\/vize-islemleri\/\" \/>\n<meta property=\"og:site_name\" content=\"Gine Vizesi\" \/>\n<meta property=\"article:modified_time\" content=\"2022-05-30T10:34:22+00:00\" \/>\n<meta property=\"og:image\" content=\"https:\/\/myvize.com.tr\/gine\/wp-content\/uploads\/2021\/10\/1.jpg\" \/>\n<meta name=\"twitter:card\" content=\"summary_large_image\" \/>\n<meta name=\"twitter:label1\" content=\"Tahmini okuma s\u00fcresi\" \/>\n\t<meta name=\"twitter:data1\" content=\"3 dakika\" \/>\n<script type=\"application\/ld+json\" class=\"yoast-schema-graph\">{\"@context\":\"https:\/\/schema.org\",\"@graph\":[{\"@type\":\"WebPage\",\"@id\":\"https:\/\/myvize.com.tr\/gine\/vize-islemleri\/\",\"url\":\"https:\/\/myvize.com.tr\/gine\/vize-islemleri\/\",\"name\":\"Gine Vize \u0130\u015flemleri\u00a0- MyVize Vize Ba\u015fvuru Merkezi\",\"isPartOf\":{\"@id\":\"https:\/\/myvize.com.tr\/gine\/#website\"},\"primaryImageOfPage\":{\"@id\":\"https:\/\/myvize.com.tr\/gine\/vize-islemleri\/#primaryimage\"},\"image\":{\"@id\":\"https:\/\/myvize.com.tr\/gine\/vize-islemleri\/#primaryimage\"},\"thumbnailUrl\":\"https:\/\/myvize.com.tr\/gine\/wp-content\/uploads\/2021\/10\/1.jpg\",\"datePublished\":\"2020-11-30T05:50:13+00:00\",\"dateModified\":\"2022-05-30T10:34:22+00:00\",\"description\":\"Gine Vize \u0130\u015flemleri\u00a0Nelerdir? Gine Vize \u0130\u015flemleri\u00a0Nas\u0131l Yap\u0131l\u0131r? Gine Vize \u0130\u015flem Ba\u015fvurular\u0131 Nas\u0131l Yap\u0131l\u0131r 2022?\",\"breadcrumb\":{\"@id\":\"https:\/\/myvize.com.tr\/gine\/vize-islemleri\/#breadcrumb\"},\"inLanguage\":\"tr\",\"potentialAction\":[{\"@type\":\"ReadAction\",\"target\":[\"https:\/\/myvize.com.tr\/gine\/vize-islemleri\/\"]}]},{\"@type\":\"ImageObject\",\"inLanguage\":\"tr\",\"@id\":\"https:\/\/myvize.com.tr\/gine\/vize-islemleri\/#primaryimage\",\"url\":\"https:\/\/myvize.com.tr\/gine\/wp-content\/uploads\/2021\/10\/1.jpg\",\"contentUrl\":\"https:\/\/myvize.com.tr\/gine\/wp-content\/uploads\/2021\/10\/1.jpg\",\"width\":800,\"height\":500,\"caption\":\"Gine Vize \u0130\u015flemleri\"},{\"@type\":\"BreadcrumbList\",\"@id\":\"https:\/\/myvize.com.tr\/gine\/vize-islemleri\/#breadcrumb\",\"itemListElement\":[{\"@type\":\"ListItem\",\"position\":1,\"name\":\"Anasayfa\",\"item\":\"https:\/\/myvize.com.tr\/gine\/\"},{\"@type\":\"ListItem\",\"position\":2,\"name\":\"V\u0130ZE \u0130\u015eLEMLER\u0130\"}]},{\"@type\":\"WebSite\",\"@id\":\"https:\/\/myvize.com.tr\/gine\/#website\",\"url\":\"https:\/\/myvize.com.tr\/gine\/\",\"name\":\"Gine Vizesi\",\"description\":\"\",\"potentialAction\":[{\"@type\":\"SearchAction\",\"target\":{\"@type\":\"EntryPoint\",\"urlTemplate\":\"https:\/\/myvize.com.tr\/gine\/?s={search_term_string}\"},\"query-input\":{\"@type\":\"PropertyValueSpecification\",\"valueRequired\":true,\"valueName\":\"search_term_string\"}}],\"inLanguage\":\"tr\"}]}<\/script>\n<!-- \/ Yoast SEO plugin. -->","yoast_head_json":{"title":"Gine Vize \u0130\u015flemleri\u00a0- MyVize Vize Ba\u015fvuru Merkezi","description":"Gine Vize \u0130\u015flemleri\u00a0Nelerdir? Gine Vize \u0130\u015flemleri\u00a0Nas\u0131l Yap\u0131l\u0131r? Gine Vize \u0130\u015flem Ba\u015fvurular\u0131 Nas\u0131l Yap\u0131l\u0131r 2022?","robots":{"index":"index","follow":"follow","max-snippet":"max-snippet:-1","max-image-preview":"max-image-preview:large","max-video-preview":"max-video-preview:-1"},"canonical":"https:\/\/myvize.com.tr\/gine\/vize-islemleri\/","og_locale":"tr_TR","og_type":"article","og_title":"Gine Vize \u0130\u015flemleri\u00a0- MyVize Vize Ba\u015fvuru Merkezi","og_description":"Gine Vize \u0130\u015flemleri\u00a0Nelerdir? Gine Vize \u0130\u015flemleri\u00a0Nas\u0131l Yap\u0131l\u0131r? Gine Vize \u0130\u015flem Ba\u015fvurular\u0131 Nas\u0131l Yap\u0131l\u0131r 2022?","og_url":"https:\/\/myvize.com.tr\/gine\/vize-islemleri\/","og_site_name":"Gine Vizesi","article_modified_time":"2022-05-30T10:34:22+00:00","og_image":[{"url":"https:\/\/myvize.com.tr\/gine\/wp-content\/uploads\/2021\/10\/1.jpg","type":"","width":"","height":""}],"twitter_card":"summary_large_image","twitter_misc":{"Tahmini okuma s\u00fcresi":"3 dakika"},"schema":{"@context":"https:\/\/schema.org","@graph":[{"@type":"WebPage","@id":"https:\/\/myvize.com.tr\/gine\/vize-islemleri\/","url":"https:\/\/myvize.com.tr\/gine\/vize-islemleri\/","name":"Gine Vize \u0130\u015flemleri\u00a0- MyVize Vize Ba\u015fvuru Merkezi","isPartOf":{"@id":"https:\/\/myvize.com.tr\/gine\/#website"},"primaryImageOfPage":{"@id":"https:\/\/myvize.com.tr\/gine\/vize-islemleri\/#primaryimage"},"image":{"@id":"https:\/\/myvize.com.tr\/gine\/vize-islemleri\/#primaryimage"},"thumbnailUrl":"https:\/\/myvize.com.tr\/gine\/wp-content\/uploads\/2021\/10\/1.jpg","datePublished":"2020-11-30T05:50:13+00:00","dateModified":"2022-05-30T10:34:22+00:00","description":"Gine Vize \u0130\u015flemleri\u00a0Nelerdir? Gine Vize \u0130\u015flemleri\u00a0Nas\u0131l Yap\u0131l\u0131r? Gine Vize \u0130\u015flem Ba\u015fvurular\u0131 Nas\u0131l Yap\u0131l\u0131r 2022?","breadcrumb":{"@id":"https:\/\/myvize.com.tr\/gine\/vize-islemleri\/#breadcrumb"},"inLanguage":"tr","potentialAction":[{"@type":"ReadAction","target":["https:\/\/myvize.com.tr\/gine\/vize-islemleri\/"]}]},{"@type":"ImageObject","inLanguage":"tr","@id":"https:\/\/myvize.com.tr\/gine\/vize-islemleri\/#primaryimage","url":"https:\/\/myvize.com.tr\/gine\/wp-content\/uploads\/2021\/10\/1.jpg","contentUrl":"https:\/\/myvize.com.tr\/gine\/wp-content\/uploads\/2021\/10\/1.jpg","width":800,"height":500,"caption":"Gine Vize \u0130\u015flemleri"},{"@type":"BreadcrumbList","@id":"https:\/\/myvize.com.tr\/gine\/vize-islemleri\/#breadcrumb","itemListElement":[{"@type":"ListItem","position":1,"name":"Anasayfa","item":"https:\/\/myvize.com.tr\/gine\/"},{"@type":"ListItem","position":2,"name":"V\u0130ZE \u0130\u015eLEMLER\u0130"}]},{"@type":"WebSite","@id":"https:\/\/myvize.com.tr\/gine\/#website","url":"https:\/\/myvize.com.tr\/gine\/","name":"Gine Vizesi","description":"","potentialAction":[{"@type":"SearchAction","target":{"@type":"EntryPoint","urlTemplate":"https:\/\/myvize.com.tr\/gine\/?s={search_term_string}"},"query-input":{"@type":"PropertyValueSpecification","valueRequired":true,"valueName":"search_term_string"}}],"inLanguage":"tr"}]}},"_links":{"self":[{"href":"https:\/\/myvize.com.tr\/gine\/wp-json\/wp\/v2\/pages\/18","targetHints":{"allow":["GET"]}}],"collection":[{"href":"https:\/\/myvize.com.tr\/gine\/wp-json\/wp\/v2\/pages"}],"about":[{"href":"https:\/\/myvize.com.tr\/gine\/wp-json\/wp\/v2\/types\/page"}],"author":[{"embeddable":true,"href":"https:\/\/myvize.com.tr\/gine\/wp-json\/wp\/v2\/users\/1"}],"replies":[{"embeddable":true,"href":"https:\/\/myvize.com.tr\/gine\/wp-json\/wp\/v2\/comments?post=18"}],"version-history":[{"count":6,"href":"https:\/\/myvize.com.tr\/gine\/wp-json\/wp\/v2\/pages\/18\/revisions"}],"predecessor-version":[{"id":638,"href":"https:\/\/myvize.com.tr\/gine\/wp-json\/wp\/v2\/pages\/18\/revisions\/638"}],"wp:attachment":[{"href":"https:\/\/myvize.com.tr\/gine\/wp-json\/wp\/v2\/media?parent=18"}],"curies":[{"name":"wp","href":"https:\/\/api.w.org\/{rel}","templated":true}]}}