{"id":170,"date":"2021-01-15T16:16:34","date_gmt":"2021-01-15T13:16:34","guid":{"rendered":"https:\/\/myvize.com.tr\/gine\/?page_id=170"},"modified":"2022-05-30T13:46:16","modified_gmt":"2022-05-30T10:46:16","slug":"ankara","status":"publish","type":"page","link":"https:\/\/myvize.com.tr\/gine\/subelerimiz\/ankara\/","title":{"rendered":"Ankara"},"content":{"rendered":"<p><span style=\"font-family: Roboto;\"><\/span><\/p>\r\n<p><span style=\"font-family: Roboto; font-size: 14px;\"><strong>Gine Ankara vize merkezi\u00a0<\/strong>ofisimize siz de\u011ferli ziyaret\u00e7imiz ho\u015f geldiniz.<\/span><\/p>\r\n<p><span style=\"font-family: Roboto; font-size: 14px;\">\r\n\r\n<\/span><\/p>\r\n<p><span style=\"font-family: Roboto; font-size: 14px;\">Ziyaret etmi\u015f oldu\u011funuz bu site\u00a0<strong>Gine Ankara vize merkezi\u00a0<\/strong>taraf\u0131ndan size detayl\u0131 bir bilgilendirme vermek i\u00e7in olu\u015fturulmu\u015ftur. Gine vizesi almak i\u00e7in ne yapmal\u0131, hangi evraklar gerekli, ne zaman ba\u015fvuru yapmal\u0131, ne kadar s\u00fcrede \u00e7\u0131kar gibi sorular\u0131n cevaplar\u0131n\u0131 rahatl\u0131kla bulabilece\u011finiz\u00a0<strong>Gine Ankara vize merkezi\u00a0<\/strong>sitemizde ayn\u0131 zaman da telefon ve e posta adresimizde bulunmaktad\u0131r. Bize buralardan da ula\u015fabilirsiniz.<\/span><\/p>\r\n<p><span style=\"font-family: Roboto; font-size: 14px;\">\r\n\r\n<\/span><\/p>\r\n<p><span style=\"font-family: Roboto; font-size: 14px;\">Gine vize iki ama\u00e7 i\u00e7in verilmektedir. Ticari ama\u00e7 ve turistlik ama\u00e7 bu iki ama\u00e7tan hangisine ba\u015fvuru yapmak istiyorsan\u0131z \u00f6nceden belirtmeniz gerekmektedir.\u00a0<strong>Gine Ankara vize merkezi\u00a0<\/strong>bu ama\u00e7lar do\u011frultusunda size gerekli olan evrak listesini g\u00f6ndererek bilgilendirme yapar.<\/span><\/p>\r\n<h2><span style=\"font-family: Roboto; font-size: 27px;\">Gine Vize Ba\u015fvuru Merkezi, Ankara<\/span><\/h2>\r\n<p><span style=\"font-family: Roboto; font-size: 14px;\">Gine\u2019ye seyahat etmek isteyen T\u00fcrkiye Cumhuriyeti vatanda\u015flar\u0131 seyahat amac\u0131na g\u00f6re vize ba\u015fvurusunda bulunmal\u0131d\u0131r. <strong>Gine vize<\/strong> ba\u015fvurusunda bulunmak isteyen ki\u015filer vize ba\u015fvurular\u0131n\u0131 Gine Ankara B\u00fcy\u00fckel\u00e7ili\u011fi\u2019nin yetkilendirdi\u011fi vize ba\u015fvuru merkezlerine ve seyahat acentelerine yapmal\u0131d\u0131r.<\/span><\/p>\r\n<p><span style=\"font-family: Roboto; font-size: 14px;\">Ankara ve \u00e7evre illerde ikamet eden ki\u015filer seyahat ama\u00e7lar\u0131na g\u00f6re vize ba\u015fvurular\u0131n\u0131 <strong>Ankara Gine Vize Ba\u015fvuru Merkezi<\/strong> arac\u0131l\u0131\u011f\u0131 ile yapabilmektedir. <strong>Ankara Gine Vize Ba\u015fvuru Merkezi<\/strong> arac\u0131l\u0131\u011f\u0131 ile vize ba\u015fvurusu yapmak isteyen ki\u015filer vize ba\u015fvurusu i\u00e7in seyahat amac\u0131na uygun olarak belge haz\u0131rlamal\u0131d\u0131r. Ba\u015fvuru sahibi gerekli belgelerini vize ba\u015fvurusunda bulunaca\u011f\u0131 vize ba\u015fvuru merkezine giderken yanlar\u0131nda g\u00f6t\u00fcrmelidir. Gerekli belgeler vize ba\u015fvuru merkezine teslim edilmelidir. <strong>Ankara Gine Vize Ba\u015fvuru Merkezi<\/strong> belgelerinizi ve vize ba\u015fvuru talebinizi <strong>Gine vize<\/strong> ba\u015fvurunuzun incelenmesi i\u00e7in Gine Ankara B\u00fcy\u00fckel\u00e7ili\u011fi\u2019ne g\u00f6nderir.<\/span><\/p>\r\n<p><span style=\"font-family: Roboto; font-size: 14px;\"><strong>Ankara Gine Vize Ba\u015fvuru Merkezi<\/strong> vize ba\u015fvurunuzu de\u011ferlendirme yetkisine sahip de\u011fildir. <strong>Ankara Gine Vize Ba\u015fvuru Merkezi<\/strong> vize ba\u015fvurular\u0131n\u0131 kabul etme ve Gine Ankara B\u00fcy\u00fckel\u00e7ili\u011fi\u2019ne iletmekle sorumludur. Vize ba\u015fvurular\u0131n\u0131 inceleme yetkisi Gine Ankara B\u00fcy\u00fckel\u00e7ili\u011fi\u2019ne aittir. <strong>Ankara Gine Vize Ba\u015fvuru Merkezi<\/strong> vize ba\u015fvurular\u0131nda arac\u0131l\u0131k etmektedir.<\/span><\/p>\r\n<p><span style=\"font-family: Roboto; font-size: 14px;\">\r\n\r\n<\/span><\/p>\r\n<h2 class=\"wp-block-heading\"><span style=\"font-family: Roboto; font-size: 27px;\"><strong>Gine Vizesi Kimler \u0130\u00e7in Gereklidir?<\/strong><\/span><\/h2>\r\n<p><span style=\"font-family: Roboto; font-size: 14px;\">\r\n\r\n<\/span><\/p>\r\n<p><span style=\"font-family: Roboto; font-size: 14px;\"><strong>Gine Ankara vize merkezi\u00a0<\/strong>uzman ekibi kimler i\u00e7in vize gerekli oldu\u011fu konusunda olduk\u00e7a bilgililerdir. Gine vizesi almak isteyen ki\u015filerin i\u015flem yapmak istedikleri pasaport \u00e7e\u015fidine g\u00f6re farkl\u0131l\u0131k g\u00f6stermektedir. Ye\u015fil, bordo ve gri pasaporta sahip ki\u015filerin vize i\u015flemlerini tamamlamalar\u0131 i\u00e7in merkezimize ba\u015fvurmalar\u0131 gerekmektedir. Siyah renkte pasaporta sahip ki\u015filerin ise 90 g\u00fcn Gine seyahatini a\u015fmad\u0131klar\u0131 s\u00fcre i\u00e7in vize almalar\u0131na gerek yoktur.<\/span><\/p>\r\n<p><span style=\"font-family: Roboto;\"><\/span><\/p>","protected":false},"excerpt":{"rendered":"<p>Gine Ankara vize merkezi\u00a0ofisimize siz de\u011ferli ziyaret\u00e7imiz ho\u015f geldiniz. Ziyaret etmi\u015f oldu\u011funuz bu site\u00a0Gine Ankara vize merkezi\u00a0taraf\u0131ndan size detayl\u0131 bir bilgilendirme vermek i\u00e7in olu\u015fturulmu\u015ftur. Gine vizesi almak i\u00e7in ne yapmal\u0131, hangi evraklar gerekli, ne zaman ba\u015fvuru yapmal\u0131, ne kadar s\u00fcrede \u00e7\u0131kar gibi sorular\u0131n cevaplar\u0131n\u0131 rahatl\u0131kla bulabilece\u011finiz\u00a0Gine Ankara vize merkezi\u00a0sitemizde ayn\u0131 zaman da telefon ve e<\/p>\n","protected":false},"author":1,"featured_media":0,"parent":147,"menu_order":0,"comment_status":"closed","ping_status":"closed","template":"","meta":{"footnotes":""},"class_list":["post-170","page","type-page","status-publish","hentry"],"yoast_head":"<!-- This site is optimized with the Yoast SEO plugin v26.8 - https:\/\/yoast.com\/product\/yoast-seo-wordpress\/ -->\n<title>Gine Vizesi Ankara Vize Ba\u015fvuru Merkezimiz - MyVize<\/title>\n<meta name=\"description\" content=\"Gine Vizesi Ankara Vize Ba\u015fvuru Merkezi. Gine Vizesi Ba\u015fvuru Belgeleri Nelerdir? Bilgi \u0130\u00e7in Vize Uzmanlar\u0131m\u0131z\u0131 Aray\u0131n: 0850 346 84 93\" \/>\n<meta name=\"robots\" content=\"index, follow, max-snippet:-1, max-image-preview:large, max-video-preview:-1\" \/>\n<link rel=\"canonical\" href=\"https:\/\/myvize.com.tr\/gine\/subelerimiz\/ankara\/\" \/>\n<meta property=\"og:locale\" content=\"tr_TR\" \/>\n<meta property=\"og:type\" content=\"article\" \/>\n<meta property=\"og:title\" content=\"Gine Vizesi Ankara Vize Ba\u015fvuru Merkezimiz - MyVize\" \/>\n<meta property=\"og:description\" content=\"Gine Vizesi Ankara Vize Ba\u015fvuru Merkezi. Gine Vizesi Ba\u015fvuru Belgeleri Nelerdir? Bilgi \u0130\u00e7in Vize Uzmanlar\u0131m\u0131z\u0131 Aray\u0131n: 0850 346 84 93\" \/>\n<meta property=\"og:url\" content=\"https:\/\/myvize.com.tr\/gine\/subelerimiz\/ankara\/\" \/>\n<meta property=\"og:site_name\" content=\"Gine Vizesi\" \/>\n<meta property=\"article:modified_time\" content=\"2022-05-30T10:46:16+00:00\" \/>\n<meta name=\"twitter:card\" content=\"summary_large_image\" \/>\n<meta name=\"twitter:label1\" content=\"Tahmini okuma s\u00fcresi\" \/>\n\t<meta name=\"twitter:data1\" content=\"2 dakika\" \/>\n<script type=\"application\/ld+json\" class=\"yoast-schema-graph\">{\"@context\":\"https:\/\/schema.org\",\"@graph\":[{\"@type\":\"WebPage\",\"@id\":\"https:\/\/myvize.com.tr\/gine\/subelerimiz\/ankara\/\",\"url\":\"https:\/\/myvize.com.tr\/gine\/subelerimiz\/ankara\/\",\"name\":\"Gine Vizesi Ankara Vize Ba\u015fvuru Merkezimiz - MyVize\",\"isPartOf\":{\"@id\":\"https:\/\/myvize.com.tr\/gine\/#website\"},\"datePublished\":\"2021-01-15T13:16:34+00:00\",\"dateModified\":\"2022-05-30T10:46:16+00:00\",\"description\":\"Gine Vizesi Ankara Vize Ba\u015fvuru Merkezi. Gine Vizesi Ba\u015fvuru Belgeleri Nelerdir? Bilgi \u0130\u00e7in Vize Uzmanlar\u0131m\u0131z\u0131 Aray\u0131n: 0850 346 84 93\",\"breadcrumb\":{\"@id\":\"https:\/\/myvize.com.tr\/gine\/subelerimiz\/ankara\/#breadcrumb\"},\"inLanguage\":\"tr\",\"potentialAction\":[{\"@type\":\"ReadAction\",\"target\":[\"https:\/\/myvize.com.tr\/gine\/subelerimiz\/ankara\/\"]}]},{\"@type\":\"BreadcrumbList\",\"@id\":\"https:\/\/myvize.com.tr\/gine\/subelerimiz\/ankara\/#breadcrumb\",\"itemListElement\":[{\"@type\":\"ListItem\",\"position\":1,\"name\":\"Anasayfa\",\"item\":\"https:\/\/myvize.com.tr\/gine\/\"},{\"@type\":\"ListItem\",\"position\":2,\"name\":\"\u015eUBELER\u0130M\u0130Z\",\"item\":\"https:\/\/myvize.com.tr\/gine\/subelerimiz\/\"},{\"@type\":\"ListItem\",\"position\":3,\"name\":\"Ankara\"}]},{\"@type\":\"WebSite\",\"@id\":\"https:\/\/myvize.com.tr\/gine\/#website\",\"url\":\"https:\/\/myvize.com.tr\/gine\/\",\"name\":\"Gine Vizesi\",\"description\":\"\",\"potentialAction\":[{\"@type\":\"SearchAction\",\"target\":{\"@type\":\"EntryPoint\",\"urlTemplate\":\"https:\/\/myvize.com.tr\/gine\/?s={search_term_string}\"},\"query-input\":{\"@type\":\"PropertyValueSpecification\",\"valueRequired\":true,\"valueName\":\"search_term_string\"}}],\"inLanguage\":\"tr\"}]}<\/script>\n<!-- \/ Yoast SEO plugin. -->","yoast_head_json":{"title":"Gine Vizesi Ankara Vize Ba\u015fvuru Merkezimiz - MyVize","description":"Gine Vizesi Ankara Vize Ba\u015fvuru Merkezi. Gine Vizesi Ba\u015fvuru Belgeleri Nelerdir? Bilgi \u0130\u00e7in Vize Uzmanlar\u0131m\u0131z\u0131 Aray\u0131n: 0850 346 84 93","robots":{"index":"index","follow":"follow","max-snippet":"max-snippet:-1","max-image-preview":"max-image-preview:large","max-video-preview":"max-video-preview:-1"},"canonical":"https:\/\/myvize.com.tr\/gine\/subelerimiz\/ankara\/","og_locale":"tr_TR","og_type":"article","og_title":"Gine Vizesi Ankara Vize Ba\u015fvuru Merkezimiz - MyVize","og_description":"Gine Vizesi Ankara Vize Ba\u015fvuru Merkezi. Gine Vizesi Ba\u015fvuru Belgeleri Nelerdir? Bilgi \u0130\u00e7in Vize Uzmanlar\u0131m\u0131z\u0131 Aray\u0131n: 0850 346 84 93","og_url":"https:\/\/myvize.com.tr\/gine\/subelerimiz\/ankara\/","og_site_name":"Gine Vizesi","article_modified_time":"2022-05-30T10:46:16+00:00","twitter_card":"summary_large_image","twitter_misc":{"Tahmini okuma s\u00fcresi":"2 dakika"},"schema":{"@context":"https:\/\/schema.org","@graph":[{"@type":"WebPage","@id":"https:\/\/myvize.com.tr\/gine\/subelerimiz\/ankara\/","url":"https:\/\/myvize.com.tr\/gine\/subelerimiz\/ankara\/","name":"Gine Vizesi Ankara Vize Ba\u015fvuru Merkezimiz - MyVize","isPartOf":{"@id":"https:\/\/myvize.com.tr\/gine\/#website"},"datePublished":"2021-01-15T13:16:34+00:00","dateModified":"2022-05-30T10:46:16+00:00","description":"Gine Vizesi Ankara Vize Ba\u015fvuru Merkezi. Gine Vizesi Ba\u015fvuru Belgeleri Nelerdir? Bilgi \u0130\u00e7in Vize Uzmanlar\u0131m\u0131z\u0131 Aray\u0131n: 0850 346 84 93","breadcrumb":{"@id":"https:\/\/myvize.com.tr\/gine\/subelerimiz\/ankara\/#breadcrumb"},"inLanguage":"tr","potentialAction":[{"@type":"ReadAction","target":["https:\/\/myvize.com.tr\/gine\/subelerimiz\/ankara\/"]}]},{"@type":"BreadcrumbList","@id":"https:\/\/myvize.com.tr\/gine\/subelerimiz\/ankara\/#breadcrumb","itemListElement":[{"@type":"ListItem","position":1,"name":"Anasayfa","item":"https:\/\/myvize.com.tr\/gine\/"},{"@type":"ListItem","position":2,"name":"\u015eUBELER\u0130M\u0130Z","item":"https:\/\/myvize.com.tr\/gine\/subelerimiz\/"},{"@type":"ListItem","position":3,"name":"Ankara"}]},{"@type":"WebSite","@id":"https:\/\/myvize.com.tr\/gine\/#website","url":"https:\/\/myvize.com.tr\/gine\/","name":"Gine Vizesi","description":"","potentialAction":[{"@type":"SearchAction","target":{"@type":"EntryPoint","urlTemplate":"https:\/\/myvize.com.tr\/gine\/?s={search_term_string}"},"query-input":{"@type":"PropertyValueSpecification","valueRequired":true,"valueName":"search_term_string"}}],"inLanguage":"tr"}]}},"_links":{"self":[{"href":"https:\/\/myvize.com.tr\/gine\/wp-json\/wp\/v2\/pages\/170","targetHints":{"allow":["GET"]}}],"collection":[{"href":"https:\/\/myvize.com.tr\/gine\/wp-json\/wp\/v2\/pages"}],"about":[{"href":"https:\/\/myvize.com.tr\/gine\/wp-json\/wp\/v2\/types\/page"}],"author":[{"embeddable":true,"href":"https:\/\/myvize.com.tr\/gine\/wp-json\/wp\/v2\/users\/1"}],"replies":[{"embeddable":true,"href":"https:\/\/myvize.com.tr\/gine\/wp-json\/wp\/v2\/comments?post=170"}],"version-history":[{"count":6,"href":"https:\/\/myvize.com.tr\/gine\/wp-json\/wp\/v2\/pages\/170\/revisions"}],"predecessor-version":[{"id":639,"href":"https:\/\/myvize.com.tr\/gine\/wp-json\/wp\/v2\/pages\/170\/revisions\/639"}],"up":[{"embeddable":true,"href":"https:\/\/myvize.com.tr\/gine\/wp-json\/wp\/v2\/pages\/147"}],"wp:attachment":[{"href":"https:\/\/myvize.com.tr\/gine\/wp-json\/wp\/v2\/media?parent=170"}],"curies":[{"name":"wp","href":"https:\/\/api.w.org\/{rel}","templated":true}]}}