{"id":144,"date":"2021-01-15T16:03:36","date_gmt":"2021-01-15T13:03:36","guid":{"rendered":"https:\/\/myvize.com.tr\/gine\/?page_id=144"},"modified":"2022-05-28T12:33:42","modified_gmt":"2022-05-28T09:33:42","slug":"form-ve-dilekce","status":"publish","type":"page","link":"https:\/\/myvize.com.tr\/gine\/form-ve-dilekce\/","title":{"rendered":"FORM VE D\u0130LEK\u00c7E"},"content":{"rendered":"<p><span style=\"font-family: Roboto;\"><\/span><\/p>\r\n<h2><strong><span style=\"font-size: 27px; font-family: Roboto;\">Gine Form Ve Dilek\u00e7e 2022<\/span><\/strong><\/h2>\r\n<p><span style=\"font-family: Roboto; font-size: 14px;\">Gine\u2019 ye seyahat etmek istiyorsan\u0131z vize alman\u0131z gereklidir. Ye\u015fil, gri, bordo pasaport sahibi T\u00fcrkiye vatanda\u015flar\u0131n\u0131n Gine\u2019 ye girmeden \u00f6nce vize almas\u0131 \u015fartt\u0131r. Ancak siyah pasaport sahibi T\u00fcrkiye vatanda\u015flar\u0131 Gine\u2019 ye 90 g\u00fcn s\u00fcreyle vizesiz girebilir. Gine vizeleri seyahat amac\u0131na g\u00f6re Turistik vize, Ticari vize ve Aile Ziyareti vizesi olarak ayr\u0131l\u0131r. Gine\u2019 ye girmeden \u00f6nce ziyaret amac\u0131n\u0131z\u0131 do\u011fru \u015fekilde belirtmeniz \u00f6nemlidir. Baz\u0131 belgeler ziyaret amac\u0131n\u0131za g\u00f6re farkl\u0131l\u0131k g\u00f6sterebilir. Gine\u2019 ye vize ba\u015fvurusunda bulunmak isteyen ki\u015filer, Ankara Gine Cumhuriyeti B\u00fcy\u00fckel\u00e7ili\u011fi\u2019 ne ya da \u0130stanbul Fahri Gine Konsoluslu\u011fu\u2019 na ba\u015fvuru belgeleriyle beraber m\u00fcracaat edebilirler. Peki Gine\u2019 ye vize ba\u015fvurusunda gerekli belgeler nelerdir? \u0130\u015fte Gine\u2019 ye vize ba\u015fvurusunda gerekli belgeler:<\/span><\/p>\r\n<p><span style=\"font-family: Roboto; font-size: 14px;\">\r\n\r\n<\/span><\/p>\r\n<ul class=\"wp-block-list\">\r\n<li><span style=\"font-family: Roboto; font-size: 14px;\">Gine\u2019 ye vize ba\u015fvurusunda bulunmak istiyorsan\u0131z \u00f6ncelikle Gine Konsoloslu\u011fu taraf\u0131ndan haz\u0131rlanan vize ba\u015fvuru formunu eksiksiz ve do\u011fru \u015fekilde doldurman\u0131z gereklidir. Bu form Gine H\u00fck\u00fcmetinin sizi tan\u0131mas\u0131 ve ziyaret amac\u0131n\u0131z\u0131 bilmesi i\u00e7in \u00f6nemlidir. Formdaki bilgilerinizi yanl\u0131\u015f veya eksik doldurursan\u0131z vize ba\u015fvurunuz olumsuz sonu\u00e7lanabilir.<\/span><\/li>\r\n<li><span style=\"font-family: Roboto; font-size: 14px;\">Gine\u2019 ye vize ba\u015fvurusu yapt\u0131\u011f\u0131n\u0131zda pasaportunuzun vize bitim tarihinden itibaren en az 6 ay daha ge\u00e7erlili\u011fi olmal\u0131d\u0131r.<\/span><\/li>\r\n<li><span style=\"font-family: Roboto; font-size: 14px;\">Ba\u015fvuru belgelerinizin aras\u0131nda kimlik fotokopiniz ve son alt\u0131 ay i\u00e7inde \u00e7ekilmi\u015f 2 adet beyaz arka planl\u0131 biyometrik foto\u011fraf\u0131n\u0131z da olmas\u0131 gereklidir.<\/span><\/li>\r\n<li><span style=\"font-family: Roboto; font-size: 14px;\">Vize ba\u015fvurunuz i\u00e7in Gine\u2019 de ikamet eden birinden davet mektubu almal\u0131s\u0131n\u0131z. Bu davet mektubunda daveti g\u00f6nderen ki\u015finin kimlik ve adres bilgileri eksiksiz yer almal\u0131d\u0131r.<\/span><\/li>\r\n<li><span style=\"font-family: Roboto; font-size: 14px;\">Gine\u2019 ye girebilmeniz i\u00e7in herhangi bir bula\u015f\u0131c\u0131 hastal\u0131\u011f\u0131n\u0131z\u0131n olmad\u0131\u011f\u0131n\u0131 g\u00f6steren bir sa\u011fl\u0131k raporuna ve sar\u0131 umma a\u015f\u0131s\u0131 oldu\u011funuza dair bir a\u015f\u0131 kart\u0131na da ihtiyac\u0131n\u0131z vard\u0131r.<\/span><\/li>\r\n<li><span style=\"font-family: Roboto; font-size: 14px;\">Vize \u00fccretini \u00f6dedi\u011finize dair bir dekont ve aktif olarak kulland\u0131\u011f\u0131n\u0131z banka hesab\u0131n\u0131zda en az 3000 TL bulundu\u011funa dair en az 3 ayl\u0131k hesap hareket d\u00f6k\u00fcm\u00fc de vize ba\u015fvurusunda gereklidir.<\/span><\/li>\r\n<li><span style=\"font-family: Roboto; font-size: 14px;\">Gine vizeleri 8 ile 15 g\u00fcn aras\u0131nda sonu\u00e7lanabilir. Ba\u015fvurunuzu seyahatinizden en az 1 ay \u00f6nce yapman\u0131z \u00f6nerilir.<\/span><\/li>\r\n<\/ul>\r\n<p><span style=\"font-family: Roboto;\"><\/span><\/p>","protected":false},"excerpt":{"rendered":"<p>Gine Form Ve Dilek\u00e7e 2022 Gine\u2019 ye seyahat etmek istiyorsan\u0131z vize alman\u0131z gereklidir. Ye\u015fil, gri, bordo pasaport sahibi T\u00fcrkiye vatanda\u015flar\u0131n\u0131n Gine\u2019 ye girmeden \u00f6nce vize almas\u0131 \u015fartt\u0131r. Ancak siyah pasaport sahibi T\u00fcrkiye vatanda\u015flar\u0131 Gine\u2019 ye 90 g\u00fcn s\u00fcreyle vizesiz girebilir. Gine vizeleri seyahat amac\u0131na g\u00f6re Turistik vize, Ticari vize ve Aile Ziyareti vizesi olarak ayr\u0131l\u0131r.<\/p>\n","protected":false},"author":1,"featured_media":0,"parent":0,"menu_order":0,"comment_status":"closed","ping_status":"closed","template":"","meta":{"footnotes":""},"class_list":["post-144","page","type-page","status-publish","hentry"],"yoast_head":"<!-- This site is optimized with the Yoast SEO plugin v26.8 - https:\/\/yoast.com\/product\/yoast-seo-wordpress\/ -->\n<title>Gine Vizesi \u0130\u00e7in Form Ve Dilek\u00e7e \u00d6rnekleri - MyVize<\/title>\n<meta name=\"description\" content=\"Gine Form Ve Dilek\u00e7eleri Nas\u0131l Yaz\u0131l\u0131r? Gine Formlar\u0131 Nas\u0131l Doldurulur? Gine Form Ve Dilek\u00e7esi \u00d6rne\u011fi 2022. Bilgi \u0130\u00e7in Aray\u0131n: 0850 346 84 93\" \/>\n<meta name=\"robots\" content=\"index, follow, max-snippet:-1, max-image-preview:large, max-video-preview:-1\" \/>\n<link rel=\"canonical\" href=\"https:\/\/myvize.com.tr\/gine\/form-ve-dilekce\/\" \/>\n<meta property=\"og:locale\" content=\"tr_TR\" \/>\n<meta property=\"og:type\" content=\"article\" \/>\n<meta property=\"og:title\" content=\"Gine Vizesi \u0130\u00e7in Form Ve Dilek\u00e7e \u00d6rnekleri - MyVize\" \/>\n<meta property=\"og:description\" content=\"Gine Form Ve Dilek\u00e7eleri Nas\u0131l Yaz\u0131l\u0131r? Gine Formlar\u0131 Nas\u0131l Doldurulur? Gine Form Ve Dilek\u00e7esi \u00d6rne\u011fi 2022. Bilgi \u0130\u00e7in Aray\u0131n: 0850 346 84 93\" \/>\n<meta property=\"og:url\" content=\"https:\/\/myvize.com.tr\/gine\/form-ve-dilekce\/\" \/>\n<meta property=\"og:site_name\" content=\"Gine Vizesi\" \/>\n<meta property=\"article:modified_time\" content=\"2022-05-28T09:33:42+00:00\" \/>\n<meta name=\"twitter:card\" content=\"summary_large_image\" \/>\n<meta name=\"twitter:label1\" content=\"Tahmini okuma s\u00fcresi\" \/>\n\t<meta name=\"twitter:data1\" content=\"2 dakika\" \/>\n<script type=\"application\/ld+json\" class=\"yoast-schema-graph\">{\"@context\":\"https:\/\/schema.org\",\"@graph\":[{\"@type\":\"WebPage\",\"@id\":\"https:\/\/myvize.com.tr\/gine\/form-ve-dilekce\/\",\"url\":\"https:\/\/myvize.com.tr\/gine\/form-ve-dilekce\/\",\"name\":\"Gine Vizesi \u0130\u00e7in Form Ve Dilek\u00e7e \u00d6rnekleri - MyVize\",\"isPartOf\":{\"@id\":\"https:\/\/myvize.com.tr\/gine\/#website\"},\"datePublished\":\"2021-01-15T13:03:36+00:00\",\"dateModified\":\"2022-05-28T09:33:42+00:00\",\"description\":\"Gine Form Ve Dilek\u00e7eleri Nas\u0131l Yaz\u0131l\u0131r? Gine Formlar\u0131 Nas\u0131l Doldurulur? Gine Form Ve Dilek\u00e7esi \u00d6rne\u011fi 2022. Bilgi \u0130\u00e7in Aray\u0131n: 0850 346 84 93\",\"breadcrumb\":{\"@id\":\"https:\/\/myvize.com.tr\/gine\/form-ve-dilekce\/#breadcrumb\"},\"inLanguage\":\"tr\",\"potentialAction\":[{\"@type\":\"ReadAction\",\"target\":[\"https:\/\/myvize.com.tr\/gine\/form-ve-dilekce\/\"]}]},{\"@type\":\"BreadcrumbList\",\"@id\":\"https:\/\/myvize.com.tr\/gine\/form-ve-dilekce\/#breadcrumb\",\"itemListElement\":[{\"@type\":\"ListItem\",\"position\":1,\"name\":\"Anasayfa\",\"item\":\"https:\/\/myvize.com.tr\/gine\/\"},{\"@type\":\"ListItem\",\"position\":2,\"name\":\"FORM VE D\u0130LEK\u00c7E\"}]},{\"@type\":\"WebSite\",\"@id\":\"https:\/\/myvize.com.tr\/gine\/#website\",\"url\":\"https:\/\/myvize.com.tr\/gine\/\",\"name\":\"Gine Vizesi\",\"description\":\"\",\"potentialAction\":[{\"@type\":\"SearchAction\",\"target\":{\"@type\":\"EntryPoint\",\"urlTemplate\":\"https:\/\/myvize.com.tr\/gine\/?s={search_term_string}\"},\"query-input\":{\"@type\":\"PropertyValueSpecification\",\"valueRequired\":true,\"valueName\":\"search_term_string\"}}],\"inLanguage\":\"tr\"}]}<\/script>\n<!-- \/ Yoast SEO plugin. -->","yoast_head_json":{"title":"Gine Vizesi \u0130\u00e7in Form Ve Dilek\u00e7e \u00d6rnekleri - MyVize","description":"Gine Form Ve Dilek\u00e7eleri Nas\u0131l Yaz\u0131l\u0131r? Gine Formlar\u0131 Nas\u0131l Doldurulur? Gine Form Ve Dilek\u00e7esi \u00d6rne\u011fi 2022. Bilgi \u0130\u00e7in Aray\u0131n: 0850 346 84 93","robots":{"index":"index","follow":"follow","max-snippet":"max-snippet:-1","max-image-preview":"max-image-preview:large","max-video-preview":"max-video-preview:-1"},"canonical":"https:\/\/myvize.com.tr\/gine\/form-ve-dilekce\/","og_locale":"tr_TR","og_type":"article","og_title":"Gine Vizesi \u0130\u00e7in Form Ve Dilek\u00e7e \u00d6rnekleri - MyVize","og_description":"Gine Form Ve Dilek\u00e7eleri Nas\u0131l Yaz\u0131l\u0131r? Gine Formlar\u0131 Nas\u0131l Doldurulur? Gine Form Ve Dilek\u00e7esi \u00d6rne\u011fi 2022. Bilgi \u0130\u00e7in Aray\u0131n: 0850 346 84 93","og_url":"https:\/\/myvize.com.tr\/gine\/form-ve-dilekce\/","og_site_name":"Gine Vizesi","article_modified_time":"2022-05-28T09:33:42+00:00","twitter_card":"summary_large_image","twitter_misc":{"Tahmini okuma s\u00fcresi":"2 dakika"},"schema":{"@context":"https:\/\/schema.org","@graph":[{"@type":"WebPage","@id":"https:\/\/myvize.com.tr\/gine\/form-ve-dilekce\/","url":"https:\/\/myvize.com.tr\/gine\/form-ve-dilekce\/","name":"Gine Vizesi \u0130\u00e7in Form Ve Dilek\u00e7e \u00d6rnekleri - MyVize","isPartOf":{"@id":"https:\/\/myvize.com.tr\/gine\/#website"},"datePublished":"2021-01-15T13:03:36+00:00","dateModified":"2022-05-28T09:33:42+00:00","description":"Gine Form Ve Dilek\u00e7eleri Nas\u0131l Yaz\u0131l\u0131r? Gine Formlar\u0131 Nas\u0131l Doldurulur? Gine Form Ve Dilek\u00e7esi \u00d6rne\u011fi 2022. Bilgi \u0130\u00e7in Aray\u0131n: 0850 346 84 93","breadcrumb":{"@id":"https:\/\/myvize.com.tr\/gine\/form-ve-dilekce\/#breadcrumb"},"inLanguage":"tr","potentialAction":[{"@type":"ReadAction","target":["https:\/\/myvize.com.tr\/gine\/form-ve-dilekce\/"]}]},{"@type":"BreadcrumbList","@id":"https:\/\/myvize.com.tr\/gine\/form-ve-dilekce\/#breadcrumb","itemListElement":[{"@type":"ListItem","position":1,"name":"Anasayfa","item":"https:\/\/myvize.com.tr\/gine\/"},{"@type":"ListItem","position":2,"name":"FORM VE D\u0130LEK\u00c7E"}]},{"@type":"WebSite","@id":"https:\/\/myvize.com.tr\/gine\/#website","url":"https:\/\/myvize.com.tr\/gine\/","name":"Gine Vizesi","description":"","potentialAction":[{"@type":"SearchAction","target":{"@type":"EntryPoint","urlTemplate":"https:\/\/myvize.com.tr\/gine\/?s={search_term_string}"},"query-input":{"@type":"PropertyValueSpecification","valueRequired":true,"valueName":"search_term_string"}}],"inLanguage":"tr"}]}},"_links":{"self":[{"href":"https:\/\/myvize.com.tr\/gine\/wp-json\/wp\/v2\/pages\/144","targetHints":{"allow":["GET"]}}],"collection":[{"href":"https:\/\/myvize.com.tr\/gine\/wp-json\/wp\/v2\/pages"}],"about":[{"href":"https:\/\/myvize.com.tr\/gine\/wp-json\/wp\/v2\/types\/page"}],"author":[{"embeddable":true,"href":"https:\/\/myvize.com.tr\/gine\/wp-json\/wp\/v2\/users\/1"}],"replies":[{"embeddable":true,"href":"https:\/\/myvize.com.tr\/gine\/wp-json\/wp\/v2\/comments?post=144"}],"version-history":[{"count":6,"href":"https:\/\/myvize.com.tr\/gine\/wp-json\/wp\/v2\/pages\/144\/revisions"}],"predecessor-version":[{"id":637,"href":"https:\/\/myvize.com.tr\/gine\/wp-json\/wp\/v2\/pages\/144\/revisions\/637"}],"wp:attachment":[{"href":"https:\/\/myvize.com.tr\/gine\/wp-json\/wp\/v2\/media?parent=144"}],"curies":[{"name":"wp","href":"https:\/\/api.w.org\/{rel}","templated":true}]}}