{"id":141,"date":"2021-01-15T16:03:15","date_gmt":"2021-01-15T13:03:15","guid":{"rendered":"https:\/\/myvize.com.tr\/gine\/?page_id=141"},"modified":"2022-05-16T12:27:55","modified_gmt":"2022-05-16T09:27:55","slug":"vatandaslik","status":"publish","type":"page","link":"https:\/\/myvize.com.tr\/gine\/vatandaslik\/","title":{"rendered":"VATANDA\u015eLIK"},"content":{"rendered":"<h2><strong><span style=\"font-size: 27px; font-family: Roboto;\">Gine Vatanda\u015fl\u0131k \u0130\u015flemleri<\/span><\/strong><\/h2>\n<p><img decoding=\"async\" src=\"https:\/\/myvize.com.tr\/gine\/wp-content\/uploads\/2021\/10\/19.jpg\" \/><\/p>\n","protected":false},"excerpt":{"rendered":"<p>Gine Vatanda\u015fl\u0131k \u0130\u015flemleri<\/p>\n","protected":false},"author":1,"featured_media":0,"parent":0,"menu_order":0,"comment_status":"closed","ping_status":"closed","template":"","meta":{"footnotes":""},"class_list":["post-141","page","type-page","status-publish","hentry"],"yoast_head":"<!-- This site is optimized with the Yoast SEO plugin v26.8 - https:\/\/yoast.com\/product\/yoast-seo-wordpress\/ -->\n<title>Gine Vatanda\u015fl\u0131k \u0130\u015flemleri - Gine Vize Randevusu - MyVize<\/title>\n<meta name=\"description\" content=\"Gine Vatanda\u015fl\u0131k \u0130\u015flemleri Neler? Gine Vatanda\u015fl\u0131k \u0130\u015flemleri Nas\u0131l Yap\u0131l\u0131r? Gine Vatanda\u015fl\u0131k \u0130\u015flemleri Hakk\u0131nda 2022 G\u00fcncel Bilgileri.\" \/>\n<meta name=\"robots\" content=\"index, follow, max-snippet:-1, max-image-preview:large, max-video-preview:-1\" \/>\n<link rel=\"canonical\" href=\"https:\/\/myvize.com.tr\/gine\/vatandaslik\/\" \/>\n<meta property=\"og:locale\" content=\"tr_TR\" \/>\n<meta property=\"og:type\" content=\"article\" \/>\n<meta property=\"og:title\" content=\"Gine Vatanda\u015fl\u0131k \u0130\u015flemleri - Gine Vize Randevusu - MyVize\" \/>\n<meta property=\"og:description\" content=\"Gine Vatanda\u015fl\u0131k \u0130\u015flemleri Neler? Gine Vatanda\u015fl\u0131k \u0130\u015flemleri Nas\u0131l Yap\u0131l\u0131r? Gine Vatanda\u015fl\u0131k \u0130\u015flemleri Hakk\u0131nda 2022 G\u00fcncel Bilgileri.\" \/>\n<meta property=\"og:url\" content=\"https:\/\/myvize.com.tr\/gine\/vatandaslik\/\" \/>\n<meta property=\"og:site_name\" content=\"Gine Vizesi\" \/>\n<meta property=\"article:modified_time\" content=\"2022-05-16T09:27:55+00:00\" \/>\n<meta property=\"og:image\" content=\"https:\/\/myvize.com.tr\/gine\/wp-content\/uploads\/2021\/10\/19.jpg\" \/>\n<meta name=\"twitter:card\" content=\"summary_large_image\" \/>\n<meta name=\"twitter:label1\" content=\"Tahmini okuma s\u00fcresi\" \/>\n\t<meta name=\"twitter:data1\" content=\"1 dakika\" \/>\n<script type=\"application\/ld+json\" class=\"yoast-schema-graph\">{\"@context\":\"https:\/\/schema.org\",\"@graph\":[{\"@type\":\"WebPage\",\"@id\":\"https:\/\/myvize.com.tr\/gine\/vatandaslik\/\",\"url\":\"https:\/\/myvize.com.tr\/gine\/vatandaslik\/\",\"name\":\"Gine Vatanda\u015fl\u0131k \u0130\u015flemleri - Gine Vize Randevusu - MyVize\",\"isPartOf\":{\"@id\":\"https:\/\/myvize.com.tr\/gine\/#website\"},\"primaryImageOfPage\":{\"@id\":\"https:\/\/myvize.com.tr\/gine\/vatandaslik\/#primaryimage\"},\"image\":{\"@id\":\"https:\/\/myvize.com.tr\/gine\/vatandaslik\/#primaryimage\"},\"thumbnailUrl\":\"https:\/\/myvize.com.tr\/gine\/wp-content\/uploads\/2021\/10\/19.jpg\",\"datePublished\":\"2021-01-15T13:03:15+00:00\",\"dateModified\":\"2022-05-16T09:27:55+00:00\",\"description\":\"Gine Vatanda\u015fl\u0131k \u0130\u015flemleri Neler? Gine Vatanda\u015fl\u0131k \u0130\u015flemleri Nas\u0131l Yap\u0131l\u0131r? Gine Vatanda\u015fl\u0131k \u0130\u015flemleri Hakk\u0131nda 2022 G\u00fcncel Bilgileri.\",\"breadcrumb\":{\"@id\":\"https:\/\/myvize.com.tr\/gine\/vatandaslik\/#breadcrumb\"},\"inLanguage\":\"tr\",\"potentialAction\":[{\"@type\":\"ReadAction\",\"target\":[\"https:\/\/myvize.com.tr\/gine\/vatandaslik\/\"]}]},{\"@type\":\"ImageObject\",\"inLanguage\":\"tr\",\"@id\":\"https:\/\/myvize.com.tr\/gine\/vatandaslik\/#primaryimage\",\"url\":\"https:\/\/myvize.com.tr\/gine\/wp-content\/uploads\/2021\/10\/19.jpg\",\"contentUrl\":\"https:\/\/myvize.com.tr\/gine\/wp-content\/uploads\/2021\/10\/19.jpg\",\"width\":800,\"height\":500,\"caption\":\"Gine Vatanda\u015fl\u0131k\"},{\"@type\":\"BreadcrumbList\",\"@id\":\"https:\/\/myvize.com.tr\/gine\/vatandaslik\/#breadcrumb\",\"itemListElement\":[{\"@type\":\"ListItem\",\"position\":1,\"name\":\"Anasayfa\",\"item\":\"https:\/\/myvize.com.tr\/gine\/\"},{\"@type\":\"ListItem\",\"position\":2,\"name\":\"VATANDA\u015eLIK\"}]},{\"@type\":\"WebSite\",\"@id\":\"https:\/\/myvize.com.tr\/gine\/#website\",\"url\":\"https:\/\/myvize.com.tr\/gine\/\",\"name\":\"Gine Vizesi\",\"description\":\"\",\"potentialAction\":[{\"@type\":\"SearchAction\",\"target\":{\"@type\":\"EntryPoint\",\"urlTemplate\":\"https:\/\/myvize.com.tr\/gine\/?s={search_term_string}\"},\"query-input\":{\"@type\":\"PropertyValueSpecification\",\"valueRequired\":true,\"valueName\":\"search_term_string\"}}],\"inLanguage\":\"tr\"}]}<\/script>\n<!-- \/ Yoast SEO plugin. -->","yoast_head_json":{"title":"Gine Vatanda\u015fl\u0131k \u0130\u015flemleri - Gine Vize Randevusu - MyVize","description":"Gine Vatanda\u015fl\u0131k \u0130\u015flemleri Neler? Gine Vatanda\u015fl\u0131k \u0130\u015flemleri Nas\u0131l Yap\u0131l\u0131r? Gine Vatanda\u015fl\u0131k \u0130\u015flemleri Hakk\u0131nda 2022 G\u00fcncel Bilgileri.","robots":{"index":"index","follow":"follow","max-snippet":"max-snippet:-1","max-image-preview":"max-image-preview:large","max-video-preview":"max-video-preview:-1"},"canonical":"https:\/\/myvize.com.tr\/gine\/vatandaslik\/","og_locale":"tr_TR","og_type":"article","og_title":"Gine Vatanda\u015fl\u0131k \u0130\u015flemleri - Gine Vize Randevusu - MyVize","og_description":"Gine Vatanda\u015fl\u0131k \u0130\u015flemleri Neler? Gine Vatanda\u015fl\u0131k \u0130\u015flemleri Nas\u0131l Yap\u0131l\u0131r? Gine Vatanda\u015fl\u0131k \u0130\u015flemleri Hakk\u0131nda 2022 G\u00fcncel Bilgileri.","og_url":"https:\/\/myvize.com.tr\/gine\/vatandaslik\/","og_site_name":"Gine Vizesi","article_modified_time":"2022-05-16T09:27:55+00:00","og_image":[{"url":"https:\/\/myvize.com.tr\/gine\/wp-content\/uploads\/2021\/10\/19.jpg","type":"","width":"","height":""}],"twitter_card":"summary_large_image","twitter_misc":{"Tahmini okuma s\u00fcresi":"1 dakika"},"schema":{"@context":"https:\/\/schema.org","@graph":[{"@type":"WebPage","@id":"https:\/\/myvize.com.tr\/gine\/vatandaslik\/","url":"https:\/\/myvize.com.tr\/gine\/vatandaslik\/","name":"Gine Vatanda\u015fl\u0131k \u0130\u015flemleri - Gine Vize Randevusu - MyVize","isPartOf":{"@id":"https:\/\/myvize.com.tr\/gine\/#website"},"primaryImageOfPage":{"@id":"https:\/\/myvize.com.tr\/gine\/vatandaslik\/#primaryimage"},"image":{"@id":"https:\/\/myvize.com.tr\/gine\/vatandaslik\/#primaryimage"},"thumbnailUrl":"https:\/\/myvize.com.tr\/gine\/wp-content\/uploads\/2021\/10\/19.jpg","datePublished":"2021-01-15T13:03:15+00:00","dateModified":"2022-05-16T09:27:55+00:00","description":"Gine Vatanda\u015fl\u0131k \u0130\u015flemleri Neler? Gine Vatanda\u015fl\u0131k \u0130\u015flemleri Nas\u0131l Yap\u0131l\u0131r? Gine Vatanda\u015fl\u0131k \u0130\u015flemleri Hakk\u0131nda 2022 G\u00fcncel Bilgileri.","breadcrumb":{"@id":"https:\/\/myvize.com.tr\/gine\/vatandaslik\/#breadcrumb"},"inLanguage":"tr","potentialAction":[{"@type":"ReadAction","target":["https:\/\/myvize.com.tr\/gine\/vatandaslik\/"]}]},{"@type":"ImageObject","inLanguage":"tr","@id":"https:\/\/myvize.com.tr\/gine\/vatandaslik\/#primaryimage","url":"https:\/\/myvize.com.tr\/gine\/wp-content\/uploads\/2021\/10\/19.jpg","contentUrl":"https:\/\/myvize.com.tr\/gine\/wp-content\/uploads\/2021\/10\/19.jpg","width":800,"height":500,"caption":"Gine Vatanda\u015fl\u0131k"},{"@type":"BreadcrumbList","@id":"https:\/\/myvize.com.tr\/gine\/vatandaslik\/#breadcrumb","itemListElement":[{"@type":"ListItem","position":1,"name":"Anasayfa","item":"https:\/\/myvize.com.tr\/gine\/"},{"@type":"ListItem","position":2,"name":"VATANDA\u015eLIK"}]},{"@type":"WebSite","@id":"https:\/\/myvize.com.tr\/gine\/#website","url":"https:\/\/myvize.com.tr\/gine\/","name":"Gine Vizesi","description":"","potentialAction":[{"@type":"SearchAction","target":{"@type":"EntryPoint","urlTemplate":"https:\/\/myvize.com.tr\/gine\/?s={search_term_string}"},"query-input":{"@type":"PropertyValueSpecification","valueRequired":true,"valueName":"search_term_string"}}],"inLanguage":"tr"}]}},"_links":{"self":[{"href":"https:\/\/myvize.com.tr\/gine\/wp-json\/wp\/v2\/pages\/141","targetHints":{"allow":["GET"]}}],"collection":[{"href":"https:\/\/myvize.com.tr\/gine\/wp-json\/wp\/v2\/pages"}],"about":[{"href":"https:\/\/myvize.com.tr\/gine\/wp-json\/wp\/v2\/types\/page"}],"author":[{"embeddable":true,"href":"https:\/\/myvize.com.tr\/gine\/wp-json\/wp\/v2\/users\/1"}],"replies":[{"embeddable":true,"href":"https:\/\/myvize.com.tr\/gine\/wp-json\/wp\/v2\/comments?post=141"}],"version-history":[{"count":5,"href":"https:\/\/myvize.com.tr\/gine\/wp-json\/wp\/v2\/pages\/141\/revisions"}],"predecessor-version":[{"id":632,"href":"https:\/\/myvize.com.tr\/gine\/wp-json\/wp\/v2\/pages\/141\/revisions\/632"}],"wp:attachment":[{"href":"https:\/\/myvize.com.tr\/gine\/wp-json\/wp\/v2\/media?parent=141"}],"curies":[{"name":"wp","href":"https:\/\/api.w.org\/{rel}","templated":true}]}}