{"id":138,"date":"2021-01-15T16:02:54","date_gmt":"2021-01-15T13:02:54","guid":{"rendered":"https:\/\/myvize.com.tr\/gine\/?page_id=138"},"modified":"2022-01-12T12:13:29","modified_gmt":"2022-01-12T09:13:29","slug":"oturum-2","status":"publish","type":"page","link":"https:\/\/myvize.com.tr\/gine\/oturum-2\/","title":{"rendered":"OTURUM"},"content":{"rendered":"<h2><strong><span style=\"font-size: 27px; font-family: Roboto;\">Gine Oturum Vizesi<\/span><\/strong><\/h2>\n<p><img decoding=\"async\" src=\"https:\/\/myvize.com.tr\/gine\/wp-content\/uploads\/2021\/10\/18.jpg\" \/><\/p>\n","protected":false},"excerpt":{"rendered":"<p>Gine Oturum Vizesi<\/p>\n","protected":false},"author":1,"featured_media":0,"parent":0,"menu_order":0,"comment_status":"closed","ping_status":"closed","template":"","meta":{"footnotes":""},"class_list":["post-138","page","type-page","status-publish","hentry"],"yoast_head":"<!-- This site is optimized with the Yoast SEO plugin v26.8 - https:\/\/yoast.com\/product\/yoast-seo-wordpress\/ -->\n<title>Gine Oturum Vizesi - Gine Oturum \u0130\u015flemleri - MyVize<\/title>\n<meta name=\"description\" content=\"Gine Oturum Vizesi Nas\u0131l Al\u0131n\u0131r? Gine Oturum \u015eartlar\u0131 Neler? Gine Oturum Vize \u0130\u015flemleri Nelerdir? Bilgi \u0130\u00e7in Hemen Aray\u0131n: 0850 346 84 93\" \/>\n<meta name=\"robots\" content=\"index, follow, max-snippet:-1, max-image-preview:large, max-video-preview:-1\" \/>\n<link rel=\"canonical\" href=\"https:\/\/myvize.com.tr\/gine\/oturum-2\/\" \/>\n<meta property=\"og:locale\" content=\"tr_TR\" \/>\n<meta property=\"og:type\" content=\"article\" \/>\n<meta property=\"og:title\" content=\"Gine Oturum Vizesi - Gine Oturum \u0130\u015flemleri - MyVize\" \/>\n<meta property=\"og:description\" content=\"Gine Oturum Vizesi Nas\u0131l Al\u0131n\u0131r? Gine Oturum \u015eartlar\u0131 Neler? Gine Oturum Vize \u0130\u015flemleri Nelerdir? Bilgi \u0130\u00e7in Hemen Aray\u0131n: 0850 346 84 93\" \/>\n<meta property=\"og:url\" content=\"https:\/\/myvize.com.tr\/gine\/oturum-2\/\" \/>\n<meta property=\"og:site_name\" content=\"Gine Vizesi\" \/>\n<meta property=\"article:modified_time\" content=\"2022-01-12T09:13:29+00:00\" \/>\n<meta property=\"og:image\" content=\"https:\/\/myvize.com.tr\/gine\/wp-content\/uploads\/2021\/10\/18.jpg\" \/>\n<meta name=\"twitter:card\" content=\"summary_large_image\" \/>\n<meta name=\"twitter:label1\" content=\"Tahmini okuma s\u00fcresi\" \/>\n\t<meta name=\"twitter:data1\" content=\"1 dakika\" \/>\n<script type=\"application\/ld+json\" class=\"yoast-schema-graph\">{\"@context\":\"https:\/\/schema.org\",\"@graph\":[{\"@type\":\"WebPage\",\"@id\":\"https:\/\/myvize.com.tr\/gine\/oturum-2\/\",\"url\":\"https:\/\/myvize.com.tr\/gine\/oturum-2\/\",\"name\":\"Gine Oturum Vizesi - Gine Oturum \u0130\u015flemleri - MyVize\",\"isPartOf\":{\"@id\":\"https:\/\/myvize.com.tr\/gine\/#website\"},\"primaryImageOfPage\":{\"@id\":\"https:\/\/myvize.com.tr\/gine\/oturum-2\/#primaryimage\"},\"image\":{\"@id\":\"https:\/\/myvize.com.tr\/gine\/oturum-2\/#primaryimage\"},\"thumbnailUrl\":\"https:\/\/myvize.com.tr\/gine\/wp-content\/uploads\/2021\/10\/18.jpg\",\"datePublished\":\"2021-01-15T13:02:54+00:00\",\"dateModified\":\"2022-01-12T09:13:29+00:00\",\"description\":\"Gine Oturum Vizesi Nas\u0131l Al\u0131n\u0131r? Gine Oturum \u015eartlar\u0131 Neler? Gine Oturum Vize \u0130\u015flemleri Nelerdir? Bilgi \u0130\u00e7in Hemen Aray\u0131n: 0850 346 84 93\",\"breadcrumb\":{\"@id\":\"https:\/\/myvize.com.tr\/gine\/oturum-2\/#breadcrumb\"},\"inLanguage\":\"tr\",\"potentialAction\":[{\"@type\":\"ReadAction\",\"target\":[\"https:\/\/myvize.com.tr\/gine\/oturum-2\/\"]}]},{\"@type\":\"ImageObject\",\"inLanguage\":\"tr\",\"@id\":\"https:\/\/myvize.com.tr\/gine\/oturum-2\/#primaryimage\",\"url\":\"https:\/\/myvize.com.tr\/gine\/wp-content\/uploads\/2021\/10\/18.jpg\",\"contentUrl\":\"https:\/\/myvize.com.tr\/gine\/wp-content\/uploads\/2021\/10\/18.jpg\",\"width\":800,\"height\":500,\"caption\":\"Gine Oturum\"},{\"@type\":\"BreadcrumbList\",\"@id\":\"https:\/\/myvize.com.tr\/gine\/oturum-2\/#breadcrumb\",\"itemListElement\":[{\"@type\":\"ListItem\",\"position\":1,\"name\":\"Anasayfa\",\"item\":\"https:\/\/myvize.com.tr\/gine\/\"},{\"@type\":\"ListItem\",\"position\":2,\"name\":\"OTURUM\"}]},{\"@type\":\"WebSite\",\"@id\":\"https:\/\/myvize.com.tr\/gine\/#website\",\"url\":\"https:\/\/myvize.com.tr\/gine\/\",\"name\":\"Gine Vizesi\",\"description\":\"\",\"potentialAction\":[{\"@type\":\"SearchAction\",\"target\":{\"@type\":\"EntryPoint\",\"urlTemplate\":\"https:\/\/myvize.com.tr\/gine\/?s={search_term_string}\"},\"query-input\":{\"@type\":\"PropertyValueSpecification\",\"valueRequired\":true,\"valueName\":\"search_term_string\"}}],\"inLanguage\":\"tr\"}]}<\/script>\n<!-- \/ Yoast SEO plugin. -->","yoast_head_json":{"title":"Gine Oturum Vizesi - Gine Oturum \u0130\u015flemleri - MyVize","description":"Gine Oturum Vizesi Nas\u0131l Al\u0131n\u0131r? Gine Oturum \u015eartlar\u0131 Neler? Gine Oturum Vize \u0130\u015flemleri Nelerdir? Bilgi \u0130\u00e7in Hemen Aray\u0131n: 0850 346 84 93","robots":{"index":"index","follow":"follow","max-snippet":"max-snippet:-1","max-image-preview":"max-image-preview:large","max-video-preview":"max-video-preview:-1"},"canonical":"https:\/\/myvize.com.tr\/gine\/oturum-2\/","og_locale":"tr_TR","og_type":"article","og_title":"Gine Oturum Vizesi - Gine Oturum \u0130\u015flemleri - MyVize","og_description":"Gine Oturum Vizesi Nas\u0131l Al\u0131n\u0131r? Gine Oturum \u015eartlar\u0131 Neler? Gine Oturum Vize \u0130\u015flemleri Nelerdir? Bilgi \u0130\u00e7in Hemen Aray\u0131n: 0850 346 84 93","og_url":"https:\/\/myvize.com.tr\/gine\/oturum-2\/","og_site_name":"Gine Vizesi","article_modified_time":"2022-01-12T09:13:29+00:00","og_image":[{"url":"https:\/\/myvize.com.tr\/gine\/wp-content\/uploads\/2021\/10\/18.jpg","type":"","width":"","height":""}],"twitter_card":"summary_large_image","twitter_misc":{"Tahmini okuma s\u00fcresi":"1 dakika"},"schema":{"@context":"https:\/\/schema.org","@graph":[{"@type":"WebPage","@id":"https:\/\/myvize.com.tr\/gine\/oturum-2\/","url":"https:\/\/myvize.com.tr\/gine\/oturum-2\/","name":"Gine Oturum Vizesi - Gine Oturum \u0130\u015flemleri - MyVize","isPartOf":{"@id":"https:\/\/myvize.com.tr\/gine\/#website"},"primaryImageOfPage":{"@id":"https:\/\/myvize.com.tr\/gine\/oturum-2\/#primaryimage"},"image":{"@id":"https:\/\/myvize.com.tr\/gine\/oturum-2\/#primaryimage"},"thumbnailUrl":"https:\/\/myvize.com.tr\/gine\/wp-content\/uploads\/2021\/10\/18.jpg","datePublished":"2021-01-15T13:02:54+00:00","dateModified":"2022-01-12T09:13:29+00:00","description":"Gine Oturum Vizesi Nas\u0131l Al\u0131n\u0131r? Gine Oturum \u015eartlar\u0131 Neler? Gine Oturum Vize \u0130\u015flemleri Nelerdir? Bilgi \u0130\u00e7in Hemen Aray\u0131n: 0850 346 84 93","breadcrumb":{"@id":"https:\/\/myvize.com.tr\/gine\/oturum-2\/#breadcrumb"},"inLanguage":"tr","potentialAction":[{"@type":"ReadAction","target":["https:\/\/myvize.com.tr\/gine\/oturum-2\/"]}]},{"@type":"ImageObject","inLanguage":"tr","@id":"https:\/\/myvize.com.tr\/gine\/oturum-2\/#primaryimage","url":"https:\/\/myvize.com.tr\/gine\/wp-content\/uploads\/2021\/10\/18.jpg","contentUrl":"https:\/\/myvize.com.tr\/gine\/wp-content\/uploads\/2021\/10\/18.jpg","width":800,"height":500,"caption":"Gine Oturum"},{"@type":"BreadcrumbList","@id":"https:\/\/myvize.com.tr\/gine\/oturum-2\/#breadcrumb","itemListElement":[{"@type":"ListItem","position":1,"name":"Anasayfa","item":"https:\/\/myvize.com.tr\/gine\/"},{"@type":"ListItem","position":2,"name":"OTURUM"}]},{"@type":"WebSite","@id":"https:\/\/myvize.com.tr\/gine\/#website","url":"https:\/\/myvize.com.tr\/gine\/","name":"Gine Vizesi","description":"","potentialAction":[{"@type":"SearchAction","target":{"@type":"EntryPoint","urlTemplate":"https:\/\/myvize.com.tr\/gine\/?s={search_term_string}"},"query-input":{"@type":"PropertyValueSpecification","valueRequired":true,"valueName":"search_term_string"}}],"inLanguage":"tr"}]}},"_links":{"self":[{"href":"https:\/\/myvize.com.tr\/gine\/wp-json\/wp\/v2\/pages\/138","targetHints":{"allow":["GET"]}}],"collection":[{"href":"https:\/\/myvize.com.tr\/gine\/wp-json\/wp\/v2\/pages"}],"about":[{"href":"https:\/\/myvize.com.tr\/gine\/wp-json\/wp\/v2\/types\/page"}],"author":[{"embeddable":true,"href":"https:\/\/myvize.com.tr\/gine\/wp-json\/wp\/v2\/users\/1"}],"replies":[{"embeddable":true,"href":"https:\/\/myvize.com.tr\/gine\/wp-json\/wp\/v2\/comments?post=138"}],"version-history":[{"count":5,"href":"https:\/\/myvize.com.tr\/gine\/wp-json\/wp\/v2\/pages\/138\/revisions"}],"predecessor-version":[{"id":495,"href":"https:\/\/myvize.com.tr\/gine\/wp-json\/wp\/v2\/pages\/138\/revisions\/495"}],"wp:attachment":[{"href":"https:\/\/myvize.com.tr\/gine\/wp-json\/wp\/v2\/media?parent=138"}],"curies":[{"name":"wp","href":"https:\/\/api.w.org\/{rel}","templated":true}]}}