{"id":314,"date":"2021-01-26T14:41:33","date_gmt":"2021-01-26T11:41:33","guid":{"rendered":"https:\/\/myvize.com.tr\/gine-bissau\/?page_id=314"},"modified":"2022-01-12T12:47:15","modified_gmt":"2022-01-12T09:47:15","slug":"turistik-vize-talep-dilekcesi","status":"publish","type":"page","link":"https:\/\/myvize.com.tr\/gine-bissau\/form-ve-dilekce\/turistik-vize-talep-dilekcesi\/","title":{"rendered":"Gine Bissau Turistik Vize Talep Dilek\u00e7esi"},"content":{"rendered":"\n<h2 class=\"wp-block-heading\"><strong>Gine Bissau Turistik Vize Talep Dilek\u00e7esi Hakk\u0131nda<\/strong><\/h2>\n","protected":false},"excerpt":{"rendered":"<p>Gine Bissau Turistik Vize Talep Dilek\u00e7esi Hakk\u0131nda<\/p>\n","protected":false},"author":1,"featured_media":0,"parent":144,"menu_order":0,"comment_status":"closed","ping_status":"closed","template":"","meta":{"footnotes":""},"class_list":["post-314","page","type-page","status-publish","hentry"],"yoast_head":"<!-- This site is optimized with the Yoast SEO plugin v24.0 - https:\/\/yoast.com\/wordpress\/plugins\/seo\/ -->\n<title>Gine Bissau Turistik Vizesi Talep Dilek\u00e7esi - MyVize<\/title>\n<meta name=\"description\" content=\"Gine Bissau Turistik Vize Talep Dilek\u00e7esi Nas\u0131l Yaz\u0131l\u0131r? Gine Bissau Turistik Vize Talep Dilek\u00e7e \u00d6rne\u011fi. Bilgi \u0130\u00e7in Aray\u0131n: 0850 346 84 93\" \/>\n<meta name=\"robots\" content=\"index, follow, max-snippet:-1, max-image-preview:large, max-video-preview:-1\" \/>\n<link rel=\"canonical\" href=\"https:\/\/myvize.com.tr\/gine-bissau\/form-ve-dilekce\/turistik-vize-talep-dilekcesi\/\" \/>\n<meta property=\"og:locale\" content=\"tr_TR\" \/>\n<meta property=\"og:type\" content=\"article\" \/>\n<meta property=\"og:title\" content=\"Gine Bissau Turistik Vizesi Talep Dilek\u00e7esi - MyVize\" \/>\n<meta property=\"og:description\" content=\"Gine Bissau Turistik Vize Talep Dilek\u00e7esi Nas\u0131l Yaz\u0131l\u0131r? Gine Bissau Turistik Vize Talep Dilek\u00e7e \u00d6rne\u011fi. Bilgi \u0130\u00e7in Aray\u0131n: 0850 346 84 93\" \/>\n<meta property=\"og:url\" content=\"https:\/\/myvize.com.tr\/gine-bissau\/form-ve-dilekce\/turistik-vize-talep-dilekcesi\/\" \/>\n<meta property=\"og:site_name\" content=\"Gine Bissau Vizesi\" \/>\n<meta property=\"article:modified_time\" content=\"2022-01-12T09:47:15+00:00\" \/>\n<meta name=\"twitter:card\" content=\"summary_large_image\" \/>\n<meta name=\"twitter:label1\" content=\"Tahmini okuma s\u00fcresi\" \/>\n\t<meta name=\"twitter:data1\" content=\"1 dakika\" \/>\n<script type=\"application\/ld+json\" class=\"yoast-schema-graph\">{\"@context\":\"https:\/\/schema.org\",\"@graph\":[{\"@type\":\"WebPage\",\"@id\":\"https:\/\/myvize.com.tr\/gine-bissau\/form-ve-dilekce\/turistik-vize-talep-dilekcesi\/\",\"url\":\"https:\/\/myvize.com.tr\/gine-bissau\/form-ve-dilekce\/turistik-vize-talep-dilekcesi\/\",\"name\":\"Gine Bissau Turistik Vizesi Talep Dilek\u00e7esi - MyVize\",\"isPartOf\":{\"@id\":\"https:\/\/myvize.com.tr\/gine-bissau\/#website\"},\"datePublished\":\"2021-01-26T11:41:33+00:00\",\"dateModified\":\"2022-01-12T09:47:15+00:00\",\"description\":\"Gine Bissau Turistik Vize Talep Dilek\u00e7esi Nas\u0131l Yaz\u0131l\u0131r? Gine Bissau Turistik Vize Talep Dilek\u00e7e \u00d6rne\u011fi. Bilgi \u0130\u00e7in Aray\u0131n: 0850 346 84 93\",\"breadcrumb\":{\"@id\":\"https:\/\/myvize.com.tr\/gine-bissau\/form-ve-dilekce\/turistik-vize-talep-dilekcesi\/#breadcrumb\"},\"inLanguage\":\"tr\",\"potentialAction\":[{\"@type\":\"ReadAction\",\"target\":[\"https:\/\/myvize.com.tr\/gine-bissau\/form-ve-dilekce\/turistik-vize-talep-dilekcesi\/\"]}]},{\"@type\":\"BreadcrumbList\",\"@id\":\"https:\/\/myvize.com.tr\/gine-bissau\/form-ve-dilekce\/turistik-vize-talep-dilekcesi\/#breadcrumb\",\"itemListElement\":[{\"@type\":\"ListItem\",\"position\":1,\"name\":\"Anasayfa\",\"item\":\"https:\/\/myvize.com.tr\/gine-bissau\/\"},{\"@type\":\"ListItem\",\"position\":2,\"name\":\"FORM VE D\u0130LEK\u00c7E\",\"item\":\"https:\/\/myvize.com.tr\/gine-bissau\/form-ve-dilekce\/\"},{\"@type\":\"ListItem\",\"position\":3,\"name\":\"Gine Bissau Turistik Vize Talep Dilek\u00e7esi\"}]},{\"@type\":\"WebSite\",\"@id\":\"https:\/\/myvize.com.tr\/gine-bissau\/#website\",\"url\":\"https:\/\/myvize.com.tr\/gine-bissau\/\",\"name\":\"Gine Bissau Vizesi\",\"description\":\"\",\"potentialAction\":[{\"@type\":\"SearchAction\",\"target\":{\"@type\":\"EntryPoint\",\"urlTemplate\":\"https:\/\/myvize.com.tr\/gine-bissau\/?s={search_term_string}\"},\"query-input\":{\"@type\":\"PropertyValueSpecification\",\"valueRequired\":true,\"valueName\":\"search_term_string\"}}],\"inLanguage\":\"tr\"}]}<\/script>\n<!-- \/ Yoast SEO plugin. -->","yoast_head_json":{"title":"Gine Bissau Turistik Vizesi Talep Dilek\u00e7esi - MyVize","description":"Gine Bissau Turistik Vize Talep Dilek\u00e7esi Nas\u0131l Yaz\u0131l\u0131r? Gine Bissau Turistik Vize Talep Dilek\u00e7e \u00d6rne\u011fi. Bilgi \u0130\u00e7in Aray\u0131n: 0850 346 84 93","robots":{"index":"index","follow":"follow","max-snippet":"max-snippet:-1","max-image-preview":"max-image-preview:large","max-video-preview":"max-video-preview:-1"},"canonical":"https:\/\/myvize.com.tr\/gine-bissau\/form-ve-dilekce\/turistik-vize-talep-dilekcesi\/","og_locale":"tr_TR","og_type":"article","og_title":"Gine Bissau Turistik Vizesi Talep Dilek\u00e7esi - MyVize","og_description":"Gine Bissau Turistik Vize Talep Dilek\u00e7esi Nas\u0131l Yaz\u0131l\u0131r? Gine Bissau Turistik Vize Talep Dilek\u00e7e \u00d6rne\u011fi. Bilgi \u0130\u00e7in Aray\u0131n: 0850 346 84 93","og_url":"https:\/\/myvize.com.tr\/gine-bissau\/form-ve-dilekce\/turistik-vize-talep-dilekcesi\/","og_site_name":"Gine Bissau Vizesi","article_modified_time":"2022-01-12T09:47:15+00:00","twitter_card":"summary_large_image","twitter_misc":{"Tahmini okuma s\u00fcresi":"1 dakika"},"schema":{"@context":"https:\/\/schema.org","@graph":[{"@type":"WebPage","@id":"https:\/\/myvize.com.tr\/gine-bissau\/form-ve-dilekce\/turistik-vize-talep-dilekcesi\/","url":"https:\/\/myvize.com.tr\/gine-bissau\/form-ve-dilekce\/turistik-vize-talep-dilekcesi\/","name":"Gine Bissau Turistik Vizesi Talep Dilek\u00e7esi - MyVize","isPartOf":{"@id":"https:\/\/myvize.com.tr\/gine-bissau\/#website"},"datePublished":"2021-01-26T11:41:33+00:00","dateModified":"2022-01-12T09:47:15+00:00","description":"Gine Bissau Turistik Vize Talep Dilek\u00e7esi Nas\u0131l Yaz\u0131l\u0131r? Gine Bissau Turistik Vize Talep Dilek\u00e7e \u00d6rne\u011fi. Bilgi \u0130\u00e7in Aray\u0131n: 0850 346 84 93","breadcrumb":{"@id":"https:\/\/myvize.com.tr\/gine-bissau\/form-ve-dilekce\/turistik-vize-talep-dilekcesi\/#breadcrumb"},"inLanguage":"tr","potentialAction":[{"@type":"ReadAction","target":["https:\/\/myvize.com.tr\/gine-bissau\/form-ve-dilekce\/turistik-vize-talep-dilekcesi\/"]}]},{"@type":"BreadcrumbList","@id":"https:\/\/myvize.com.tr\/gine-bissau\/form-ve-dilekce\/turistik-vize-talep-dilekcesi\/#breadcrumb","itemListElement":[{"@type":"ListItem","position":1,"name":"Anasayfa","item":"https:\/\/myvize.com.tr\/gine-bissau\/"},{"@type":"ListItem","position":2,"name":"FORM VE D\u0130LEK\u00c7E","item":"https:\/\/myvize.com.tr\/gine-bissau\/form-ve-dilekce\/"},{"@type":"ListItem","position":3,"name":"Gine Bissau Turistik Vize Talep Dilek\u00e7esi"}]},{"@type":"WebSite","@id":"https:\/\/myvize.com.tr\/gine-bissau\/#website","url":"https:\/\/myvize.com.tr\/gine-bissau\/","name":"Gine Bissau Vizesi","description":"","potentialAction":[{"@type":"SearchAction","target":{"@type":"EntryPoint","urlTemplate":"https:\/\/myvize.com.tr\/gine-bissau\/?s={search_term_string}"},"query-input":{"@type":"PropertyValueSpecification","valueRequired":true,"valueName":"search_term_string"}}],"inLanguage":"tr"}]}},"_links":{"self":[{"href":"https:\/\/myvize.com.tr\/gine-bissau\/wp-json\/wp\/v2\/pages\/314","targetHints":{"allow":["GET"]}}],"collection":[{"href":"https:\/\/myvize.com.tr\/gine-bissau\/wp-json\/wp\/v2\/pages"}],"about":[{"href":"https:\/\/myvize.com.tr\/gine-bissau\/wp-json\/wp\/v2\/types\/page"}],"author":[{"embeddable":true,"href":"https:\/\/myvize.com.tr\/gine-bissau\/wp-json\/wp\/v2\/users\/1"}],"replies":[{"embeddable":true,"href":"https:\/\/myvize.com.tr\/gine-bissau\/wp-json\/wp\/v2\/comments?post=314"}],"version-history":[{"count":5,"href":"https:\/\/myvize.com.tr\/gine-bissau\/wp-json\/wp\/v2\/pages\/314\/revisions"}],"predecessor-version":[{"id":441,"href":"https:\/\/myvize.com.tr\/gine-bissau\/wp-json\/wp\/v2\/pages\/314\/revisions\/441"}],"up":[{"embeddable":true,"href":"https:\/\/myvize.com.tr\/gine-bissau\/wp-json\/wp\/v2\/pages\/144"}],"wp:attachment":[{"href":"https:\/\/myvize.com.tr\/gine-bissau\/wp-json\/wp\/v2\/media?parent=314"}],"curies":[{"name":"wp","href":"https:\/\/api.w.org\/{rel}","templated":true}]}}