{"id":6,"date":"2020-11-30T08:45:13","date_gmt":"2020-11-30T05:45:13","guid":{"rendered":"https:\/\/myvize.com.tr\/gambiya\/?page_id=6"},"modified":"2022-05-10T14:50:36","modified_gmt":"2022-05-10T11:50:36","slug":"gambiya","status":"publish","type":"page","link":"https:\/\/myvize.com.tr\/gambiya\/","title":{"rendered":"GAMB\u0130YA"},"content":{"rendered":"","protected":false},"excerpt":{"rendered":"","protected":false},"author":1,"featured_media":0,"parent":0,"menu_order":0,"comment_status":"closed","ping_status":"closed","template":"","meta":{"footnotes":""},"class_list":["post-6","page","type-page","status-publish","hentry"],"yoast_head":"<!-- This site is optimized with the Yoast SEO plugin v24.0 - https:\/\/yoast.com\/wordpress\/plugins\/seo\/ -->\n<title>Gambiya Vizesi - Gambiya Vize Ba\u015fvurusu - MyVize<\/title>\n<meta name=\"description\" content=\"Gambiya Vizesi Nas\u0131l Al\u0131n\u0131r? Gambiya Vizesi Ba\u015fvurusu Evraklar\u0131 Nelerdir? Gambiya Vize Randevusu Hakk\u0131nda Bilgi \u0130\u00e7in Bizi Aray\u0131n.\" \/>\n<meta name=\"robots\" content=\"index, follow, max-snippet:-1, max-image-preview:large, max-video-preview:-1\" \/>\n<link rel=\"canonical\" href=\"https:\/\/myvize.com.tr\/gambiya\/\" \/>\n<meta property=\"og:locale\" content=\"tr_TR\" \/>\n<meta property=\"og:type\" content=\"article\" \/>\n<meta property=\"og:title\" content=\"Gambiya Vizesi - Gambiya Vize Ba\u015fvurusu - MyVize\" \/>\n<meta property=\"og:description\" content=\"Gambiya Vizesi Nas\u0131l Al\u0131n\u0131r? Gambiya Vizesi Ba\u015fvurusu Evraklar\u0131 Nelerdir? Gambiya Vize Randevusu Hakk\u0131nda Bilgi \u0130\u00e7in Bizi Aray\u0131n.\" \/>\n<meta property=\"og:url\" content=\"https:\/\/myvize.com.tr\/gambiya\/\" \/>\n<meta property=\"og:site_name\" content=\"Gambiya Vizesi\" \/>\n<meta property=\"article:modified_time\" content=\"2022-05-10T11:50:36+00:00\" \/>\n<meta name=\"twitter:card\" content=\"summary_large_image\" \/>\n<script type=\"application\/ld+json\" class=\"yoast-schema-graph\">{\"@context\":\"https:\/\/schema.org\",\"@graph\":[{\"@type\":\"WebPage\",\"@id\":\"https:\/\/myvize.com.tr\/gambiya\/\",\"url\":\"https:\/\/myvize.com.tr\/gambiya\/\",\"name\":\"Gambiya Vizesi - Gambiya Vize Ba\u015fvurusu - MyVize\",\"isPartOf\":{\"@id\":\"https:\/\/myvize.com.tr\/gambiya\/#website\"},\"datePublished\":\"2020-11-30T05:45:13+00:00\",\"dateModified\":\"2022-05-10T11:50:36+00:00\",\"description\":\"Gambiya Vizesi Nas\u0131l Al\u0131n\u0131r? Gambiya Vizesi Ba\u015fvurusu Evraklar\u0131 Nelerdir? Gambiya Vize Randevusu Hakk\u0131nda Bilgi \u0130\u00e7in Bizi Aray\u0131n.\",\"breadcrumb\":{\"@id\":\"https:\/\/myvize.com.tr\/gambiya\/#breadcrumb\"},\"inLanguage\":\"tr\",\"potentialAction\":[{\"@type\":\"ReadAction\",\"target\":[\"https:\/\/myvize.com.tr\/gambiya\/\"]}]},{\"@type\":\"BreadcrumbList\",\"@id\":\"https:\/\/myvize.com.tr\/gambiya\/#breadcrumb\",\"itemListElement\":[{\"@type\":\"ListItem\",\"position\":1,\"name\":\"Anasayfa\",\"item\":\"https:\/\/myvize.com.tr\/gambiya\/\"},{\"@type\":\"ListItem\",\"position\":2,\"name\":\"GAMB\u0130YA\"}]},{\"@type\":\"WebSite\",\"@id\":\"https:\/\/myvize.com.tr\/gambiya\/#website\",\"url\":\"https:\/\/myvize.com.tr\/gambiya\/\",\"name\":\"Gambiya Vizesi\",\"description\":\"\",\"potentialAction\":[{\"@type\":\"SearchAction\",\"target\":{\"@type\":\"EntryPoint\",\"urlTemplate\":\"https:\/\/myvize.com.tr\/gambiya\/?s={search_term_string}\"},\"query-input\":{\"@type\":\"PropertyValueSpecification\",\"valueRequired\":true,\"valueName\":\"search_term_string\"}}],\"inLanguage\":\"tr\"}]}<\/script>\n<!-- \/ Yoast SEO plugin. -->","yoast_head_json":{"title":"Gambiya Vizesi - Gambiya Vize Ba\u015fvurusu - MyVize","description":"Gambiya Vizesi Nas\u0131l Al\u0131n\u0131r? Gambiya Vizesi Ba\u015fvurusu Evraklar\u0131 Nelerdir? Gambiya Vize Randevusu Hakk\u0131nda Bilgi \u0130\u00e7in Bizi Aray\u0131n.","robots":{"index":"index","follow":"follow","max-snippet":"max-snippet:-1","max-image-preview":"max-image-preview:large","max-video-preview":"max-video-preview:-1"},"canonical":"https:\/\/myvize.com.tr\/gambiya\/","og_locale":"tr_TR","og_type":"article","og_title":"Gambiya Vizesi - Gambiya Vize Ba\u015fvurusu - MyVize","og_description":"Gambiya Vizesi Nas\u0131l Al\u0131n\u0131r? Gambiya Vizesi Ba\u015fvurusu Evraklar\u0131 Nelerdir? Gambiya Vize Randevusu Hakk\u0131nda Bilgi \u0130\u00e7in Bizi Aray\u0131n.","og_url":"https:\/\/myvize.com.tr\/gambiya\/","og_site_name":"Gambiya Vizesi","article_modified_time":"2022-05-10T11:50:36+00:00","twitter_card":"summary_large_image","schema":{"@context":"https:\/\/schema.org","@graph":[{"@type":"WebPage","@id":"https:\/\/myvize.com.tr\/gambiya\/","url":"https:\/\/myvize.com.tr\/gambiya\/","name":"Gambiya Vizesi - Gambiya Vize Ba\u015fvurusu - MyVize","isPartOf":{"@id":"https:\/\/myvize.com.tr\/gambiya\/#website"},"datePublished":"2020-11-30T05:45:13+00:00","dateModified":"2022-05-10T11:50:36+00:00","description":"Gambiya Vizesi Nas\u0131l Al\u0131n\u0131r? Gambiya Vizesi Ba\u015fvurusu Evraklar\u0131 Nelerdir? Gambiya Vize Randevusu Hakk\u0131nda Bilgi \u0130\u00e7in Bizi Aray\u0131n.","breadcrumb":{"@id":"https:\/\/myvize.com.tr\/gambiya\/#breadcrumb"},"inLanguage":"tr","potentialAction":[{"@type":"ReadAction","target":["https:\/\/myvize.com.tr\/gambiya\/"]}]},{"@type":"BreadcrumbList","@id":"https:\/\/myvize.com.tr\/gambiya\/#breadcrumb","itemListElement":[{"@type":"ListItem","position":1,"name":"Anasayfa","item":"https:\/\/myvize.com.tr\/gambiya\/"},{"@type":"ListItem","position":2,"name":"GAMB\u0130YA"}]},{"@type":"WebSite","@id":"https:\/\/myvize.com.tr\/gambiya\/#website","url":"https:\/\/myvize.com.tr\/gambiya\/","name":"Gambiya Vizesi","description":"","potentialAction":[{"@type":"SearchAction","target":{"@type":"EntryPoint","urlTemplate":"https:\/\/myvize.com.tr\/gambiya\/?s={search_term_string}"},"query-input":{"@type":"PropertyValueSpecification","valueRequired":true,"valueName":"search_term_string"}}],"inLanguage":"tr"}]}},"_links":{"self":[{"href":"https:\/\/myvize.com.tr\/gambiya\/wp-json\/wp\/v2\/pages\/6","targetHints":{"allow":["GET"]}}],"collection":[{"href":"https:\/\/myvize.com.tr\/gambiya\/wp-json\/wp\/v2\/pages"}],"about":[{"href":"https:\/\/myvize.com.tr\/gambiya\/wp-json\/wp\/v2\/types\/page"}],"author":[{"embeddable":true,"href":"https:\/\/myvize.com.tr\/gambiya\/wp-json\/wp\/v2\/users\/1"}],"replies":[{"embeddable":true,"href":"https:\/\/myvize.com.tr\/gambiya\/wp-json\/wp\/v2\/comments?post=6"}],"version-history":[{"count":5,"href":"https:\/\/myvize.com.tr\/gambiya\/wp-json\/wp\/v2\/pages\/6\/revisions"}],"predecessor-version":[{"id":454,"href":"https:\/\/myvize.com.tr\/gambiya\/wp-json\/wp\/v2\/pages\/6\/revisions\/454"}],"wp:attachment":[{"href":"https:\/\/myvize.com.tr\/gambiya\/wp-json\/wp\/v2\/media?parent=6"}],"curies":[{"name":"wp","href":"https:\/\/api.w.org\/{rel}","templated":true}]}}