{"id":18,"date":"2020-11-30T08:50:13","date_gmt":"2020-11-30T05:50:13","guid":{"rendered":"https:\/\/myvize.com.tr\/fildisi-sahili\/?page_id=18"},"modified":"2022-01-12T15:29:18","modified_gmt":"2022-01-12T12:29:18","slug":"vize-islemleri","status":"publish","type":"page","link":"https:\/\/myvize.com.tr\/fildisi-sahili\/vize-islemleri\/","title":{"rendered":"V\u0130ZE \u0130\u015eLEMLER\u0130"},"content":{"rendered":"\n<h2 class=\"wp-block-heading\"><strong>Fildi\u015fi Sahili Vize \u0130\u015flemleri Hakk\u0131nda<\/strong><\/h2>\n","protected":false},"excerpt":{"rendered":"<p>Fildi\u015fi Sahili Vize \u0130\u015flemleri Hakk\u0131nda<\/p>\n","protected":false},"author":1,"featured_media":0,"parent":0,"menu_order":0,"comment_status":"closed","ping_status":"closed","template":"","meta":{"footnotes":""},"class_list":["post-18","page","type-page","status-publish","hentry"],"yoast_head":"<!-- This site is optimized with the Yoast SEO plugin v24.0 - https:\/\/yoast.com\/wordpress\/plugins\/seo\/ -->\n<title>Fildi\u015fi Sahili Vize \u0130\u015flemleri - Fildi\u015fi Sahili Vize - MyVize<\/title>\n<meta name=\"description\" content=\"Fildi\u015fi Sahili Vize \u0130\u015flemleri Nelerdir? Fildi\u015fi Sahili Vize \u0130\u015flemleri Nas\u0131l Yap\u0131l\u0131r? Fildi\u015fi Sahili Vize \u0130\u015flemleri 2022 G\u00fcncel Bilgileri.\" \/>\n<meta name=\"robots\" content=\"index, follow, max-snippet:-1, max-image-preview:large, max-video-preview:-1\" \/>\n<link rel=\"canonical\" href=\"https:\/\/myvize.com.tr\/fildisi-sahili\/vize-islemleri\/\" \/>\n<meta property=\"og:locale\" content=\"tr_TR\" \/>\n<meta property=\"og:type\" content=\"article\" \/>\n<meta property=\"og:title\" content=\"Fildi\u015fi Sahili Vize \u0130\u015flemleri - Fildi\u015fi Sahili Vize - MyVize\" \/>\n<meta property=\"og:description\" content=\"Fildi\u015fi Sahili Vize \u0130\u015flemleri Nelerdir? Fildi\u015fi Sahili Vize \u0130\u015flemleri Nas\u0131l Yap\u0131l\u0131r? Fildi\u015fi Sahili Vize \u0130\u015flemleri 2022 G\u00fcncel Bilgileri.\" \/>\n<meta property=\"og:url\" content=\"https:\/\/myvize.com.tr\/fildisi-sahili\/vize-islemleri\/\" \/>\n<meta property=\"og:site_name\" content=\"Fildi\u015fi Sahili Vizesi\" \/>\n<meta property=\"article:modified_time\" content=\"2022-01-12T12:29:18+00:00\" \/>\n<meta name=\"twitter:card\" content=\"summary_large_image\" \/>\n<meta name=\"twitter:label1\" content=\"Tahmini okuma s\u00fcresi\" \/>\n\t<meta name=\"twitter:data1\" content=\"1 dakika\" \/>\n<script type=\"application\/ld+json\" class=\"yoast-schema-graph\">{\"@context\":\"https:\/\/schema.org\",\"@graph\":[{\"@type\":\"WebPage\",\"@id\":\"https:\/\/myvize.com.tr\/fildisi-sahili\/vize-islemleri\/\",\"url\":\"https:\/\/myvize.com.tr\/fildisi-sahili\/vize-islemleri\/\",\"name\":\"Fildi\u015fi Sahili Vize \u0130\u015flemleri - Fildi\u015fi Sahili Vize - MyVize\",\"isPartOf\":{\"@id\":\"https:\/\/myvize.com.tr\/fildisi-sahili\/#website\"},\"datePublished\":\"2020-11-30T05:50:13+00:00\",\"dateModified\":\"2022-01-12T12:29:18+00:00\",\"description\":\"Fildi\u015fi Sahili Vize \u0130\u015flemleri Nelerdir? Fildi\u015fi Sahili Vize \u0130\u015flemleri Nas\u0131l Yap\u0131l\u0131r? Fildi\u015fi Sahili Vize \u0130\u015flemleri 2022 G\u00fcncel Bilgileri.\",\"breadcrumb\":{\"@id\":\"https:\/\/myvize.com.tr\/fildisi-sahili\/vize-islemleri\/#breadcrumb\"},\"inLanguage\":\"tr\",\"potentialAction\":[{\"@type\":\"ReadAction\",\"target\":[\"https:\/\/myvize.com.tr\/fildisi-sahili\/vize-islemleri\/\"]}]},{\"@type\":\"BreadcrumbList\",\"@id\":\"https:\/\/myvize.com.tr\/fildisi-sahili\/vize-islemleri\/#breadcrumb\",\"itemListElement\":[{\"@type\":\"ListItem\",\"position\":1,\"name\":\"Anasayfa\",\"item\":\"https:\/\/myvize.com.tr\/fildisi-sahili\/\"},{\"@type\":\"ListItem\",\"position\":2,\"name\":\"V\u0130ZE \u0130\u015eLEMLER\u0130\"}]},{\"@type\":\"WebSite\",\"@id\":\"https:\/\/myvize.com.tr\/fildisi-sahili\/#website\",\"url\":\"https:\/\/myvize.com.tr\/fildisi-sahili\/\",\"name\":\"Fildi\u015fi Sahili Vizesi\",\"description\":\"\",\"potentialAction\":[{\"@type\":\"SearchAction\",\"target\":{\"@type\":\"EntryPoint\",\"urlTemplate\":\"https:\/\/myvize.com.tr\/fildisi-sahili\/?s={search_term_string}\"},\"query-input\":{\"@type\":\"PropertyValueSpecification\",\"valueRequired\":true,\"valueName\":\"search_term_string\"}}],\"inLanguage\":\"tr\"}]}<\/script>\n<!-- \/ Yoast SEO plugin. -->","yoast_head_json":{"title":"Fildi\u015fi Sahili Vize \u0130\u015flemleri - Fildi\u015fi Sahili Vize - MyVize","description":"Fildi\u015fi Sahili Vize \u0130\u015flemleri Nelerdir? Fildi\u015fi Sahili Vize \u0130\u015flemleri Nas\u0131l Yap\u0131l\u0131r? Fildi\u015fi Sahili Vize \u0130\u015flemleri 2022 G\u00fcncel Bilgileri.","robots":{"index":"index","follow":"follow","max-snippet":"max-snippet:-1","max-image-preview":"max-image-preview:large","max-video-preview":"max-video-preview:-1"},"canonical":"https:\/\/myvize.com.tr\/fildisi-sahili\/vize-islemleri\/","og_locale":"tr_TR","og_type":"article","og_title":"Fildi\u015fi Sahili Vize \u0130\u015flemleri - Fildi\u015fi Sahili Vize - MyVize","og_description":"Fildi\u015fi Sahili Vize \u0130\u015flemleri Nelerdir? Fildi\u015fi Sahili Vize \u0130\u015flemleri Nas\u0131l Yap\u0131l\u0131r? Fildi\u015fi Sahili Vize \u0130\u015flemleri 2022 G\u00fcncel Bilgileri.","og_url":"https:\/\/myvize.com.tr\/fildisi-sahili\/vize-islemleri\/","og_site_name":"Fildi\u015fi Sahili Vizesi","article_modified_time":"2022-01-12T12:29:18+00:00","twitter_card":"summary_large_image","twitter_misc":{"Tahmini okuma s\u00fcresi":"1 dakika"},"schema":{"@context":"https:\/\/schema.org","@graph":[{"@type":"WebPage","@id":"https:\/\/myvize.com.tr\/fildisi-sahili\/vize-islemleri\/","url":"https:\/\/myvize.com.tr\/fildisi-sahili\/vize-islemleri\/","name":"Fildi\u015fi Sahili Vize \u0130\u015flemleri - Fildi\u015fi Sahili Vize - MyVize","isPartOf":{"@id":"https:\/\/myvize.com.tr\/fildisi-sahili\/#website"},"datePublished":"2020-11-30T05:50:13+00:00","dateModified":"2022-01-12T12:29:18+00:00","description":"Fildi\u015fi Sahili Vize \u0130\u015flemleri Nelerdir? Fildi\u015fi Sahili Vize \u0130\u015flemleri Nas\u0131l Yap\u0131l\u0131r? Fildi\u015fi Sahili Vize \u0130\u015flemleri 2022 G\u00fcncel Bilgileri.","breadcrumb":{"@id":"https:\/\/myvize.com.tr\/fildisi-sahili\/vize-islemleri\/#breadcrumb"},"inLanguage":"tr","potentialAction":[{"@type":"ReadAction","target":["https:\/\/myvize.com.tr\/fildisi-sahili\/vize-islemleri\/"]}]},{"@type":"BreadcrumbList","@id":"https:\/\/myvize.com.tr\/fildisi-sahili\/vize-islemleri\/#breadcrumb","itemListElement":[{"@type":"ListItem","position":1,"name":"Anasayfa","item":"https:\/\/myvize.com.tr\/fildisi-sahili\/"},{"@type":"ListItem","position":2,"name":"V\u0130ZE \u0130\u015eLEMLER\u0130"}]},{"@type":"WebSite","@id":"https:\/\/myvize.com.tr\/fildisi-sahili\/#website","url":"https:\/\/myvize.com.tr\/fildisi-sahili\/","name":"Fildi\u015fi Sahili Vizesi","description":"","potentialAction":[{"@type":"SearchAction","target":{"@type":"EntryPoint","urlTemplate":"https:\/\/myvize.com.tr\/fildisi-sahili\/?s={search_term_string}"},"query-input":{"@type":"PropertyValueSpecification","valueRequired":true,"valueName":"search_term_string"}}],"inLanguage":"tr"}]}},"_links":{"self":[{"href":"https:\/\/myvize.com.tr\/fildisi-sahili\/wp-json\/wp\/v2\/pages\/18","targetHints":{"allow":["GET"]}}],"collection":[{"href":"https:\/\/myvize.com.tr\/fildisi-sahili\/wp-json\/wp\/v2\/pages"}],"about":[{"href":"https:\/\/myvize.com.tr\/fildisi-sahili\/wp-json\/wp\/v2\/types\/page"}],"author":[{"embeddable":true,"href":"https:\/\/myvize.com.tr\/fildisi-sahili\/wp-json\/wp\/v2\/users\/1"}],"replies":[{"embeddable":true,"href":"https:\/\/myvize.com.tr\/fildisi-sahili\/wp-json\/wp\/v2\/comments?post=18"}],"version-history":[{"count":3,"href":"https:\/\/myvize.com.tr\/fildisi-sahili\/wp-json\/wp\/v2\/pages\/18\/revisions"}],"predecessor-version":[{"id":411,"href":"https:\/\/myvize.com.tr\/fildisi-sahili\/wp-json\/wp\/v2\/pages\/18\/revisions\/411"}],"wp:attachment":[{"href":"https:\/\/myvize.com.tr\/fildisi-sahili\/wp-json\/wp\/v2\/media?parent=18"}],"curies":[{"name":"wp","href":"https:\/\/api.w.org\/{rel}","templated":true}]}}