{"id":445,"date":"2021-12-20T16:17:18","date_gmt":"2021-12-20T13:17:18","guid":{"rendered":"https:\/\/myvize.com.tr\/ermenistan\/?page_id=445"},"modified":"2022-01-24T15:38:39","modified_gmt":"2022-01-24T12:38:39","slug":"turistik-vize-dilekce-ornegi","status":"publish","type":"page","link":"https:\/\/myvize.com.tr\/ermenistan\/turistik-vize-dilekce-ornegi\/","title":{"rendered":"Turistik Vize Dilek\u00e7e \u00d6rne\u011fi"},"content":{"rendered":"","protected":false},"excerpt":{"rendered":"","protected":false},"author":1,"featured_media":0,"parent":0,"menu_order":0,"comment_status":"closed","ping_status":"closed","template":"","meta":{"footnotes":""},"class_list":["post-445","page","type-page","status-publish","hentry"],"yoast_head":"<!-- This site is optimized with the Yoast SEO plugin v24.0 - https:\/\/yoast.com\/wordpress\/plugins\/seo\/ -->\n<title>Ermenistan Turistik Vize Dilek\u00e7e \u00d6rne\u011fi - MyVize<\/title>\n<meta name=\"description\" content=\"Ermenistan Turistik Vize Dilek\u00e7e \u00d6rne\u011fi nas\u0131l yaz\u0131l\u0131r? Ermenistan Turistik Vize \u0130\u015flemleri. Ermenistan Turistik Vize Dilek\u00e7esi nas\u0131l olmal\u0131?\" \/>\n<meta name=\"robots\" content=\"index, follow, max-snippet:-1, max-image-preview:large, max-video-preview:-1\" \/>\n<link rel=\"canonical\" href=\"https:\/\/myvize.com.tr\/ermenistan\/turistik-vize-dilekce-ornegi\/\" \/>\n<meta property=\"og:locale\" content=\"tr_TR\" \/>\n<meta property=\"og:type\" content=\"article\" \/>\n<meta property=\"og:title\" content=\"Ermenistan Turistik Vize Dilek\u00e7e \u00d6rne\u011fi - MyVize\" \/>\n<meta property=\"og:description\" content=\"Ermenistan Turistik Vize Dilek\u00e7e \u00d6rne\u011fi nas\u0131l yaz\u0131l\u0131r? Ermenistan Turistik Vize \u0130\u015flemleri. Ermenistan Turistik Vize Dilek\u00e7esi nas\u0131l olmal\u0131?\" \/>\n<meta property=\"og:url\" content=\"https:\/\/myvize.com.tr\/ermenistan\/turistik-vize-dilekce-ornegi\/\" \/>\n<meta property=\"og:site_name\" content=\"Ermenistan Vizesi\" \/>\n<meta property=\"article:modified_time\" content=\"2022-01-24T12:38:39+00:00\" \/>\n<meta name=\"twitter:card\" content=\"summary_large_image\" \/>\n<script type=\"application\/ld+json\" class=\"yoast-schema-graph\">{\"@context\":\"https:\/\/schema.org\",\"@graph\":[{\"@type\":\"WebPage\",\"@id\":\"https:\/\/myvize.com.tr\/ermenistan\/turistik-vize-dilekce-ornegi\/\",\"url\":\"https:\/\/myvize.com.tr\/ermenistan\/turistik-vize-dilekce-ornegi\/\",\"name\":\"Ermenistan Turistik Vize Dilek\u00e7e \u00d6rne\u011fi - MyVize\",\"isPartOf\":{\"@id\":\"https:\/\/myvize.com.tr\/ermenistan\/#website\"},\"datePublished\":\"2021-12-20T13:17:18+00:00\",\"dateModified\":\"2022-01-24T12:38:39+00:00\",\"description\":\"Ermenistan Turistik Vize Dilek\u00e7e \u00d6rne\u011fi nas\u0131l yaz\u0131l\u0131r? Ermenistan Turistik Vize \u0130\u015flemleri. Ermenistan Turistik Vize Dilek\u00e7esi nas\u0131l olmal\u0131?\",\"breadcrumb\":{\"@id\":\"https:\/\/myvize.com.tr\/ermenistan\/turistik-vize-dilekce-ornegi\/#breadcrumb\"},\"inLanguage\":\"tr\",\"potentialAction\":[{\"@type\":\"ReadAction\",\"target\":[\"https:\/\/myvize.com.tr\/ermenistan\/turistik-vize-dilekce-ornegi\/\"]}]},{\"@type\":\"BreadcrumbList\",\"@id\":\"https:\/\/myvize.com.tr\/ermenistan\/turistik-vize-dilekce-ornegi\/#breadcrumb\",\"itemListElement\":[{\"@type\":\"ListItem\",\"position\":1,\"name\":\"Anasayfa\",\"item\":\"https:\/\/myvize.com.tr\/ermenistan\/\"},{\"@type\":\"ListItem\",\"position\":2,\"name\":\"Turistik Vize Dilek\u00e7e \u00d6rne\u011fi\"}]},{\"@type\":\"WebSite\",\"@id\":\"https:\/\/myvize.com.tr\/ermenistan\/#website\",\"url\":\"https:\/\/myvize.com.tr\/ermenistan\/\",\"name\":\"Ermenistan Vizesi\",\"description\":\"\",\"potentialAction\":[{\"@type\":\"SearchAction\",\"target\":{\"@type\":\"EntryPoint\",\"urlTemplate\":\"https:\/\/myvize.com.tr\/ermenistan\/?s={search_term_string}\"},\"query-input\":{\"@type\":\"PropertyValueSpecification\",\"valueRequired\":true,\"valueName\":\"search_term_string\"}}],\"inLanguage\":\"tr\"}]}<\/script>\n<!-- \/ Yoast SEO plugin. -->","yoast_head_json":{"title":"Ermenistan Turistik Vize Dilek\u00e7e \u00d6rne\u011fi - MyVize","description":"Ermenistan Turistik Vize Dilek\u00e7e \u00d6rne\u011fi nas\u0131l yaz\u0131l\u0131r? Ermenistan Turistik Vize \u0130\u015flemleri. Ermenistan Turistik Vize Dilek\u00e7esi nas\u0131l olmal\u0131?","robots":{"index":"index","follow":"follow","max-snippet":"max-snippet:-1","max-image-preview":"max-image-preview:large","max-video-preview":"max-video-preview:-1"},"canonical":"https:\/\/myvize.com.tr\/ermenistan\/turistik-vize-dilekce-ornegi\/","og_locale":"tr_TR","og_type":"article","og_title":"Ermenistan Turistik Vize Dilek\u00e7e \u00d6rne\u011fi - MyVize","og_description":"Ermenistan Turistik Vize Dilek\u00e7e \u00d6rne\u011fi nas\u0131l yaz\u0131l\u0131r? Ermenistan Turistik Vize \u0130\u015flemleri. Ermenistan Turistik Vize Dilek\u00e7esi nas\u0131l olmal\u0131?","og_url":"https:\/\/myvize.com.tr\/ermenistan\/turistik-vize-dilekce-ornegi\/","og_site_name":"Ermenistan Vizesi","article_modified_time":"2022-01-24T12:38:39+00:00","twitter_card":"summary_large_image","schema":{"@context":"https:\/\/schema.org","@graph":[{"@type":"WebPage","@id":"https:\/\/myvize.com.tr\/ermenistan\/turistik-vize-dilekce-ornegi\/","url":"https:\/\/myvize.com.tr\/ermenistan\/turistik-vize-dilekce-ornegi\/","name":"Ermenistan Turistik Vize Dilek\u00e7e \u00d6rne\u011fi - MyVize","isPartOf":{"@id":"https:\/\/myvize.com.tr\/ermenistan\/#website"},"datePublished":"2021-12-20T13:17:18+00:00","dateModified":"2022-01-24T12:38:39+00:00","description":"Ermenistan Turistik Vize Dilek\u00e7e \u00d6rne\u011fi nas\u0131l yaz\u0131l\u0131r? Ermenistan Turistik Vize \u0130\u015flemleri. Ermenistan Turistik Vize Dilek\u00e7esi nas\u0131l olmal\u0131?","breadcrumb":{"@id":"https:\/\/myvize.com.tr\/ermenistan\/turistik-vize-dilekce-ornegi\/#breadcrumb"},"inLanguage":"tr","potentialAction":[{"@type":"ReadAction","target":["https:\/\/myvize.com.tr\/ermenistan\/turistik-vize-dilekce-ornegi\/"]}]},{"@type":"BreadcrumbList","@id":"https:\/\/myvize.com.tr\/ermenistan\/turistik-vize-dilekce-ornegi\/#breadcrumb","itemListElement":[{"@type":"ListItem","position":1,"name":"Anasayfa","item":"https:\/\/myvize.com.tr\/ermenistan\/"},{"@type":"ListItem","position":2,"name":"Turistik Vize Dilek\u00e7e \u00d6rne\u011fi"}]},{"@type":"WebSite","@id":"https:\/\/myvize.com.tr\/ermenistan\/#website","url":"https:\/\/myvize.com.tr\/ermenistan\/","name":"Ermenistan Vizesi","description":"","potentialAction":[{"@type":"SearchAction","target":{"@type":"EntryPoint","urlTemplate":"https:\/\/myvize.com.tr\/ermenistan\/?s={search_term_string}"},"query-input":{"@type":"PropertyValueSpecification","valueRequired":true,"valueName":"search_term_string"}}],"inLanguage":"tr"}]}},"_links":{"self":[{"href":"https:\/\/myvize.com.tr\/ermenistan\/wp-json\/wp\/v2\/pages\/445","targetHints":{"allow":["GET"]}}],"collection":[{"href":"https:\/\/myvize.com.tr\/ermenistan\/wp-json\/wp\/v2\/pages"}],"about":[{"href":"https:\/\/myvize.com.tr\/ermenistan\/wp-json\/wp\/v2\/types\/page"}],"author":[{"embeddable":true,"href":"https:\/\/myvize.com.tr\/ermenistan\/wp-json\/wp\/v2\/users\/1"}],"replies":[{"embeddable":true,"href":"https:\/\/myvize.com.tr\/ermenistan\/wp-json\/wp\/v2\/comments?post=445"}],"version-history":[{"count":4,"href":"https:\/\/myvize.com.tr\/ermenistan\/wp-json\/wp\/v2\/pages\/445\/revisions"}],"predecessor-version":[{"id":450,"href":"https:\/\/myvize.com.tr\/ermenistan\/wp-json\/wp\/v2\/pages\/445\/revisions\/450"}],"wp:attachment":[{"href":"https:\/\/myvize.com.tr\/ermenistan\/wp-json\/wp\/v2\/media?parent=445"}],"curies":[{"name":"wp","href":"https:\/\/api.w.org\/{rel}","templated":true}]}}