{"id":316,"date":"2021-01-21T14:40:25","date_gmt":"2021-01-21T11:40:25","guid":{"rendered":"https:\/\/myvize.com.tr\/ermenistan\/?page_id=316"},"modified":"2022-01-12T17:34:47","modified_gmt":"2022-01-12T14:34:47","slug":"ermenistan-baskonsoloslugu-istanbul","status":"publish","type":"page","link":"https:\/\/myvize.com.tr\/ermenistan\/konsolosluklar\/ermenistan-baskonsoloslugu-istanbul\/","title":{"rendered":"Ermenistan Ba\u015fkonsoloslu\u011fu \u0130stanbul"},"content":{"rendered":"\n<h2 class=\"wp-block-heading\"><strong>Ermenistan Ba\u015fkonsoloslu\u011fu \u0130stanbul \u0130leti\u015fim Bilgileri<\/strong><\/h2>\n","protected":false},"excerpt":{"rendered":"<p>Ermenistan Ba\u015fkonsoloslu\u011fu \u0130stanbul \u0130leti\u015fim Bilgileri<\/p>\n","protected":false},"author":1,"featured_media":0,"parent":69,"menu_order":0,"comment_status":"closed","ping_status":"closed","template":"","meta":{"footnotes":""},"class_list":["post-316","page","type-page","status-publish","hentry"],"yoast_head":"<!-- This site is optimized with the Yoast SEO plugin v24.0 - https:\/\/yoast.com\/wordpress\/plugins\/seo\/ -->\n<title>Ermenistan \u0130stanbul Ba\u015fkonsoloslu\u011fu Vize \u0130\u015flemleri - MyVize<\/title>\n<meta name=\"description\" content=\"Ermenistan Ba\u015fkonsoloslu\u011fu \u0130stanbul \u0130leti\u015fim Bilgileri Telefon Numaras\u0131 Mail Adresi Bilgileri. Ermenistan Vize Dan\u0131\u015fman\u0131 \u0130\u00e7in Hemen Ara.\" \/>\n<meta name=\"robots\" content=\"index, follow, max-snippet:-1, max-image-preview:large, max-video-preview:-1\" \/>\n<link rel=\"canonical\" href=\"https:\/\/myvize.com.tr\/ermenistan\/konsolosluklar\/ermenistan-baskonsoloslugu-istanbul\/\" \/>\n<meta property=\"og:locale\" content=\"tr_TR\" \/>\n<meta property=\"og:type\" content=\"article\" \/>\n<meta property=\"og:title\" content=\"Ermenistan \u0130stanbul Ba\u015fkonsoloslu\u011fu Vize \u0130\u015flemleri - MyVize\" \/>\n<meta property=\"og:description\" content=\"Ermenistan Ba\u015fkonsoloslu\u011fu \u0130stanbul \u0130leti\u015fim Bilgileri Telefon Numaras\u0131 Mail Adresi Bilgileri. Ermenistan Vize Dan\u0131\u015fman\u0131 \u0130\u00e7in Hemen Ara.\" \/>\n<meta property=\"og:url\" content=\"https:\/\/myvize.com.tr\/ermenistan\/konsolosluklar\/ermenistan-baskonsoloslugu-istanbul\/\" \/>\n<meta property=\"og:site_name\" content=\"Ermenistan Vizesi\" \/>\n<meta property=\"article:modified_time\" content=\"2022-01-12T14:34:47+00:00\" \/>\n<meta name=\"twitter:card\" content=\"summary_large_image\" \/>\n<meta name=\"twitter:label1\" content=\"Tahmini okuma s\u00fcresi\" \/>\n\t<meta name=\"twitter:data1\" content=\"1 dakika\" \/>\n<script type=\"application\/ld+json\" class=\"yoast-schema-graph\">{\"@context\":\"https:\/\/schema.org\",\"@graph\":[{\"@type\":\"WebPage\",\"@id\":\"https:\/\/myvize.com.tr\/ermenistan\/konsolosluklar\/ermenistan-baskonsoloslugu-istanbul\/\",\"url\":\"https:\/\/myvize.com.tr\/ermenistan\/konsolosluklar\/ermenistan-baskonsoloslugu-istanbul\/\",\"name\":\"Ermenistan \u0130stanbul Ba\u015fkonsoloslu\u011fu Vize \u0130\u015flemleri - MyVize\",\"isPartOf\":{\"@id\":\"https:\/\/myvize.com.tr\/ermenistan\/#website\"},\"datePublished\":\"2021-01-21T11:40:25+00:00\",\"dateModified\":\"2022-01-12T14:34:47+00:00\",\"description\":\"Ermenistan Ba\u015fkonsoloslu\u011fu \u0130stanbul \u0130leti\u015fim Bilgileri Telefon Numaras\u0131 Mail Adresi Bilgileri. Ermenistan Vize Dan\u0131\u015fman\u0131 \u0130\u00e7in Hemen Ara.\",\"breadcrumb\":{\"@id\":\"https:\/\/myvize.com.tr\/ermenistan\/konsolosluklar\/ermenistan-baskonsoloslugu-istanbul\/#breadcrumb\"},\"inLanguage\":\"tr\",\"potentialAction\":[{\"@type\":\"ReadAction\",\"target\":[\"https:\/\/myvize.com.tr\/ermenistan\/konsolosluklar\/ermenistan-baskonsoloslugu-istanbul\/\"]}]},{\"@type\":\"BreadcrumbList\",\"@id\":\"https:\/\/myvize.com.tr\/ermenistan\/konsolosluklar\/ermenistan-baskonsoloslugu-istanbul\/#breadcrumb\",\"itemListElement\":[{\"@type\":\"ListItem\",\"position\":1,\"name\":\"Anasayfa\",\"item\":\"https:\/\/myvize.com.tr\/ermenistan\/\"},{\"@type\":\"ListItem\",\"position\":2,\"name\":\"KONSOLOSLUKLAR\",\"item\":\"https:\/\/myvize.com.tr\/ermenistan\/konsolosluklar\/\"},{\"@type\":\"ListItem\",\"position\":3,\"name\":\"Ermenistan Ba\u015fkonsoloslu\u011fu \u0130stanbul\"}]},{\"@type\":\"WebSite\",\"@id\":\"https:\/\/myvize.com.tr\/ermenistan\/#website\",\"url\":\"https:\/\/myvize.com.tr\/ermenistan\/\",\"name\":\"Ermenistan Vizesi\",\"description\":\"\",\"potentialAction\":[{\"@type\":\"SearchAction\",\"target\":{\"@type\":\"EntryPoint\",\"urlTemplate\":\"https:\/\/myvize.com.tr\/ermenistan\/?s={search_term_string}\"},\"query-input\":{\"@type\":\"PropertyValueSpecification\",\"valueRequired\":true,\"valueName\":\"search_term_string\"}}],\"inLanguage\":\"tr\"}]}<\/script>\n<!-- \/ Yoast SEO plugin. -->","yoast_head_json":{"title":"Ermenistan \u0130stanbul Ba\u015fkonsoloslu\u011fu Vize \u0130\u015flemleri - MyVize","description":"Ermenistan Ba\u015fkonsoloslu\u011fu \u0130stanbul \u0130leti\u015fim Bilgileri Telefon Numaras\u0131 Mail Adresi Bilgileri. Ermenistan Vize Dan\u0131\u015fman\u0131 \u0130\u00e7in Hemen Ara.","robots":{"index":"index","follow":"follow","max-snippet":"max-snippet:-1","max-image-preview":"max-image-preview:large","max-video-preview":"max-video-preview:-1"},"canonical":"https:\/\/myvize.com.tr\/ermenistan\/konsolosluklar\/ermenistan-baskonsoloslugu-istanbul\/","og_locale":"tr_TR","og_type":"article","og_title":"Ermenistan \u0130stanbul Ba\u015fkonsoloslu\u011fu Vize \u0130\u015flemleri - MyVize","og_description":"Ermenistan Ba\u015fkonsoloslu\u011fu \u0130stanbul \u0130leti\u015fim Bilgileri Telefon Numaras\u0131 Mail Adresi Bilgileri. Ermenistan Vize Dan\u0131\u015fman\u0131 \u0130\u00e7in Hemen Ara.","og_url":"https:\/\/myvize.com.tr\/ermenistan\/konsolosluklar\/ermenistan-baskonsoloslugu-istanbul\/","og_site_name":"Ermenistan Vizesi","article_modified_time":"2022-01-12T14:34:47+00:00","twitter_card":"summary_large_image","twitter_misc":{"Tahmini okuma s\u00fcresi":"1 dakika"},"schema":{"@context":"https:\/\/schema.org","@graph":[{"@type":"WebPage","@id":"https:\/\/myvize.com.tr\/ermenistan\/konsolosluklar\/ermenistan-baskonsoloslugu-istanbul\/","url":"https:\/\/myvize.com.tr\/ermenistan\/konsolosluklar\/ermenistan-baskonsoloslugu-istanbul\/","name":"Ermenistan \u0130stanbul Ba\u015fkonsoloslu\u011fu Vize \u0130\u015flemleri - MyVize","isPartOf":{"@id":"https:\/\/myvize.com.tr\/ermenistan\/#website"},"datePublished":"2021-01-21T11:40:25+00:00","dateModified":"2022-01-12T14:34:47+00:00","description":"Ermenistan Ba\u015fkonsoloslu\u011fu \u0130stanbul \u0130leti\u015fim Bilgileri Telefon Numaras\u0131 Mail Adresi Bilgileri. Ermenistan Vize Dan\u0131\u015fman\u0131 \u0130\u00e7in Hemen Ara.","breadcrumb":{"@id":"https:\/\/myvize.com.tr\/ermenistan\/konsolosluklar\/ermenistan-baskonsoloslugu-istanbul\/#breadcrumb"},"inLanguage":"tr","potentialAction":[{"@type":"ReadAction","target":["https:\/\/myvize.com.tr\/ermenistan\/konsolosluklar\/ermenistan-baskonsoloslugu-istanbul\/"]}]},{"@type":"BreadcrumbList","@id":"https:\/\/myvize.com.tr\/ermenistan\/konsolosluklar\/ermenistan-baskonsoloslugu-istanbul\/#breadcrumb","itemListElement":[{"@type":"ListItem","position":1,"name":"Anasayfa","item":"https:\/\/myvize.com.tr\/ermenistan\/"},{"@type":"ListItem","position":2,"name":"KONSOLOSLUKLAR","item":"https:\/\/myvize.com.tr\/ermenistan\/konsolosluklar\/"},{"@type":"ListItem","position":3,"name":"Ermenistan Ba\u015fkonsoloslu\u011fu \u0130stanbul"}]},{"@type":"WebSite","@id":"https:\/\/myvize.com.tr\/ermenistan\/#website","url":"https:\/\/myvize.com.tr\/ermenistan\/","name":"Ermenistan Vizesi","description":"","potentialAction":[{"@type":"SearchAction","target":{"@type":"EntryPoint","urlTemplate":"https:\/\/myvize.com.tr\/ermenistan\/?s={search_term_string}"},"query-input":{"@type":"PropertyValueSpecification","valueRequired":true,"valueName":"search_term_string"}}],"inLanguage":"tr"}]}},"_links":{"self":[{"href":"https:\/\/myvize.com.tr\/ermenistan\/wp-json\/wp\/v2\/pages\/316","targetHints":{"allow":["GET"]}}],"collection":[{"href":"https:\/\/myvize.com.tr\/ermenistan\/wp-json\/wp\/v2\/pages"}],"about":[{"href":"https:\/\/myvize.com.tr\/ermenistan\/wp-json\/wp\/v2\/types\/page"}],"author":[{"embeddable":true,"href":"https:\/\/myvize.com.tr\/ermenistan\/wp-json\/wp\/v2\/users\/1"}],"replies":[{"embeddable":true,"href":"https:\/\/myvize.com.tr\/ermenistan\/wp-json\/wp\/v2\/comments?post=316"}],"version-history":[{"count":2,"href":"https:\/\/myvize.com.tr\/ermenistan\/wp-json\/wp\/v2\/pages\/316\/revisions"}],"predecessor-version":[{"id":342,"href":"https:\/\/myvize.com.tr\/ermenistan\/wp-json\/wp\/v2\/pages\/316\/revisions\/342"}],"up":[{"embeddable":true,"href":"https:\/\/myvize.com.tr\/ermenistan\/wp-json\/wp\/v2\/pages\/69"}],"wp:attachment":[{"href":"https:\/\/myvize.com.tr\/ermenistan\/wp-json\/wp\/v2\/media?parent=316"}],"curies":[{"name":"wp","href":"https:\/\/api.w.org\/{rel}","templated":true}]}}