{"id":176,"date":"2021-01-15T16:17:22","date_gmt":"2021-01-15T13:17:22","guid":{"rendered":"https:\/\/myvize.com.tr\/endonezya\/?page_id=176"},"modified":"2022-01-12T17:43:49","modified_gmt":"2022-01-12T14:43:49","slug":"corlu","status":"publish","type":"page","link":"https:\/\/myvize.com.tr\/endonezya\/subelerimiz\/corlu\/","title":{"rendered":"Endonezya Vizesi , \u00c7orlu"},"content":{"rendered":"\n<h2 class=\"wp-block-heading\"><strong>Endonezya Vize Ba\u015fvuru Merkezi, \u00c7orlu<\/strong><\/h2>\n\n\n\n<p><\/p>\n","protected":false},"excerpt":{"rendered":"<p>Endonezya Vize Ba\u015fvuru Merkezi, \u00c7orlu<\/p>\n","protected":false},"author":1,"featured_media":0,"parent":147,"menu_order":0,"comment_status":"closed","ping_status":"closed","template":"","meta":{"footnotes":""},"class_list":["post-176","page","type-page","status-publish","hentry"],"yoast_head":"<!-- This site is optimized with the Yoast SEO plugin v24.0 - https:\/\/yoast.com\/wordpress\/plugins\/seo\/ -->\n<title>Endonezya Vize Ba\u015fvuru Merkezimiz \u00c7orlu - MyVize<\/title>\n<meta name=\"description\" content=\"Endonezya Vizesi \u00c7orlu Vize Ba\u015fvuru Merkezi. Endonezya Vizesi Nas\u0131l Al\u0131n\u0131r? Ba\u015fvuru Yapmak \u0130\u00e7in \u00c7orlu \u015eubemizi Aray\u0131n: 0850 346 84 93\" \/>\n<meta name=\"robots\" content=\"index, follow, max-snippet:-1, max-image-preview:large, max-video-preview:-1\" \/>\n<link rel=\"canonical\" href=\"https:\/\/myvize.com.tr\/endonezya\/subelerimiz\/corlu\/\" \/>\n<meta property=\"og:locale\" content=\"tr_TR\" \/>\n<meta property=\"og:type\" content=\"article\" \/>\n<meta property=\"og:title\" content=\"Endonezya Vize Ba\u015fvuru Merkezimiz \u00c7orlu - MyVize\" \/>\n<meta property=\"og:description\" content=\"Endonezya Vizesi \u00c7orlu Vize Ba\u015fvuru Merkezi. Endonezya Vizesi Nas\u0131l Al\u0131n\u0131r? Ba\u015fvuru Yapmak \u0130\u00e7in \u00c7orlu \u015eubemizi Aray\u0131n: 0850 346 84 93\" \/>\n<meta property=\"og:url\" content=\"https:\/\/myvize.com.tr\/endonezya\/subelerimiz\/corlu\/\" \/>\n<meta property=\"og:site_name\" content=\"Endonezya Vizesi\" \/>\n<meta property=\"article:modified_time\" content=\"2022-01-12T14:43:49+00:00\" \/>\n<meta name=\"twitter:card\" content=\"summary_large_image\" \/>\n<meta name=\"twitter:label1\" content=\"Tahmini okuma s\u00fcresi\" \/>\n\t<meta name=\"twitter:data1\" content=\"1 dakika\" \/>\n<script type=\"application\/ld+json\" class=\"yoast-schema-graph\">{\"@context\":\"https:\/\/schema.org\",\"@graph\":[{\"@type\":\"WebPage\",\"@id\":\"https:\/\/myvize.com.tr\/endonezya\/subelerimiz\/corlu\/\",\"url\":\"https:\/\/myvize.com.tr\/endonezya\/subelerimiz\/corlu\/\",\"name\":\"Endonezya Vize Ba\u015fvuru Merkezimiz \u00c7orlu - MyVize\",\"isPartOf\":{\"@id\":\"https:\/\/myvize.com.tr\/endonezya\/#website\"},\"datePublished\":\"2021-01-15T13:17:22+00:00\",\"dateModified\":\"2022-01-12T14:43:49+00:00\",\"description\":\"Endonezya Vizesi \u00c7orlu Vize Ba\u015fvuru Merkezi. Endonezya Vizesi Nas\u0131l Al\u0131n\u0131r? Ba\u015fvuru Yapmak \u0130\u00e7in \u00c7orlu \u015eubemizi Aray\u0131n: 0850 346 84 93\",\"breadcrumb\":{\"@id\":\"https:\/\/myvize.com.tr\/endonezya\/subelerimiz\/corlu\/#breadcrumb\"},\"inLanguage\":\"tr\",\"potentialAction\":[{\"@type\":\"ReadAction\",\"target\":[\"https:\/\/myvize.com.tr\/endonezya\/subelerimiz\/corlu\/\"]}]},{\"@type\":\"BreadcrumbList\",\"@id\":\"https:\/\/myvize.com.tr\/endonezya\/subelerimiz\/corlu\/#breadcrumb\",\"itemListElement\":[{\"@type\":\"ListItem\",\"position\":1,\"name\":\"Anasayfa\",\"item\":\"https:\/\/myvize.com.tr\/endonezya\/\"},{\"@type\":\"ListItem\",\"position\":2,\"name\":\"\u015eUBELER\u0130M\u0130Z\",\"item\":\"https:\/\/myvize.com.tr\/endonezya\/subelerimiz\/\"},{\"@type\":\"ListItem\",\"position\":3,\"name\":\"Endonezya Vizesi , \u00c7orlu\"}]},{\"@type\":\"WebSite\",\"@id\":\"https:\/\/myvize.com.tr\/endonezya\/#website\",\"url\":\"https:\/\/myvize.com.tr\/endonezya\/\",\"name\":\"Endonezya Vizesi\",\"description\":\"\",\"potentialAction\":[{\"@type\":\"SearchAction\",\"target\":{\"@type\":\"EntryPoint\",\"urlTemplate\":\"https:\/\/myvize.com.tr\/endonezya\/?s={search_term_string}\"},\"query-input\":{\"@type\":\"PropertyValueSpecification\",\"valueRequired\":true,\"valueName\":\"search_term_string\"}}],\"inLanguage\":\"tr\"}]}<\/script>\n<!-- \/ Yoast SEO plugin. -->","yoast_head_json":{"title":"Endonezya Vize Ba\u015fvuru Merkezimiz \u00c7orlu - MyVize","description":"Endonezya Vizesi \u00c7orlu Vize Ba\u015fvuru Merkezi. Endonezya Vizesi Nas\u0131l Al\u0131n\u0131r? Ba\u015fvuru Yapmak \u0130\u00e7in \u00c7orlu \u015eubemizi Aray\u0131n: 0850 346 84 93","robots":{"index":"index","follow":"follow","max-snippet":"max-snippet:-1","max-image-preview":"max-image-preview:large","max-video-preview":"max-video-preview:-1"},"canonical":"https:\/\/myvize.com.tr\/endonezya\/subelerimiz\/corlu\/","og_locale":"tr_TR","og_type":"article","og_title":"Endonezya Vize Ba\u015fvuru Merkezimiz \u00c7orlu - MyVize","og_description":"Endonezya Vizesi \u00c7orlu Vize Ba\u015fvuru Merkezi. Endonezya Vizesi Nas\u0131l Al\u0131n\u0131r? Ba\u015fvuru Yapmak \u0130\u00e7in \u00c7orlu \u015eubemizi Aray\u0131n: 0850 346 84 93","og_url":"https:\/\/myvize.com.tr\/endonezya\/subelerimiz\/corlu\/","og_site_name":"Endonezya Vizesi","article_modified_time":"2022-01-12T14:43:49+00:00","twitter_card":"summary_large_image","twitter_misc":{"Tahmini okuma s\u00fcresi":"1 dakika"},"schema":{"@context":"https:\/\/schema.org","@graph":[{"@type":"WebPage","@id":"https:\/\/myvize.com.tr\/endonezya\/subelerimiz\/corlu\/","url":"https:\/\/myvize.com.tr\/endonezya\/subelerimiz\/corlu\/","name":"Endonezya Vize Ba\u015fvuru Merkezimiz \u00c7orlu - MyVize","isPartOf":{"@id":"https:\/\/myvize.com.tr\/endonezya\/#website"},"datePublished":"2021-01-15T13:17:22+00:00","dateModified":"2022-01-12T14:43:49+00:00","description":"Endonezya Vizesi \u00c7orlu Vize Ba\u015fvuru Merkezi. Endonezya Vizesi Nas\u0131l Al\u0131n\u0131r? Ba\u015fvuru Yapmak \u0130\u00e7in \u00c7orlu \u015eubemizi Aray\u0131n: 0850 346 84 93","breadcrumb":{"@id":"https:\/\/myvize.com.tr\/endonezya\/subelerimiz\/corlu\/#breadcrumb"},"inLanguage":"tr","potentialAction":[{"@type":"ReadAction","target":["https:\/\/myvize.com.tr\/endonezya\/subelerimiz\/corlu\/"]}]},{"@type":"BreadcrumbList","@id":"https:\/\/myvize.com.tr\/endonezya\/subelerimiz\/corlu\/#breadcrumb","itemListElement":[{"@type":"ListItem","position":1,"name":"Anasayfa","item":"https:\/\/myvize.com.tr\/endonezya\/"},{"@type":"ListItem","position":2,"name":"\u015eUBELER\u0130M\u0130Z","item":"https:\/\/myvize.com.tr\/endonezya\/subelerimiz\/"},{"@type":"ListItem","position":3,"name":"Endonezya Vizesi , \u00c7orlu"}]},{"@type":"WebSite","@id":"https:\/\/myvize.com.tr\/endonezya\/#website","url":"https:\/\/myvize.com.tr\/endonezya\/","name":"Endonezya Vizesi","description":"","potentialAction":[{"@type":"SearchAction","target":{"@type":"EntryPoint","urlTemplate":"https:\/\/myvize.com.tr\/endonezya\/?s={search_term_string}"},"query-input":{"@type":"PropertyValueSpecification","valueRequired":true,"valueName":"search_term_string"}}],"inLanguage":"tr"}]}},"_links":{"self":[{"href":"https:\/\/myvize.com.tr\/endonezya\/wp-json\/wp\/v2\/pages\/176","targetHints":{"allow":["GET"]}}],"collection":[{"href":"https:\/\/myvize.com.tr\/endonezya\/wp-json\/wp\/v2\/pages"}],"about":[{"href":"https:\/\/myvize.com.tr\/endonezya\/wp-json\/wp\/v2\/types\/page"}],"author":[{"embeddable":true,"href":"https:\/\/myvize.com.tr\/endonezya\/wp-json\/wp\/v2\/users\/1"}],"replies":[{"embeddable":true,"href":"https:\/\/myvize.com.tr\/endonezya\/wp-json\/wp\/v2\/comments?post=176"}],"version-history":[{"count":5,"href":"https:\/\/myvize.com.tr\/endonezya\/wp-json\/wp\/v2\/pages\/176\/revisions"}],"predecessor-version":[{"id":344,"href":"https:\/\/myvize.com.tr\/endonezya\/wp-json\/wp\/v2\/pages\/176\/revisions\/344"}],"up":[{"embeddable":true,"href":"https:\/\/myvize.com.tr\/endonezya\/wp-json\/wp\/v2\/pages\/147"}],"wp:attachment":[{"href":"https:\/\/myvize.com.tr\/endonezya\/wp-json\/wp\/v2\/media?parent=176"}],"curies":[{"name":"wp","href":"https:\/\/api.w.org\/{rel}","templated":true}]}}