{"id":92,"date":"2020-11-30T13:07:02","date_gmt":"2020-11-30T10:07:02","guid":{"rendered":"https:\/\/myvize.com.tr\/dubai\/?page_id=92"},"modified":"2023-02-21T11:07:20","modified_gmt":"2023-02-21T08:07:20","slug":"israil-konsolosluk-islemleri","status":"publish","type":"page","link":"https:\/\/myvize.com.tr\/dubai\/konsolosluklar\/israil-konsolosluk-islemleri\/","title":{"rendered":"Dubai Konsolosluk \u0130\u015flemleri"},"content":{"rendered":"<h2><span style=\"font-family: Roboto; font-size: 27px;\"><strong>Dubai Konsolosluk \u0130\u015flemleri Hakk\u0131nda<\/strong><\/span><\/h2>\n<p><span style=\"font-family: Roboto; font-size: 14px;\"><strong>Dubai Devleti<\/strong>, Dubai&#8217;ye seyahat edecek T\u00fcrkiye Cumhuriyeti vatanda\u015f\u0131n\u0131 Dubai vize prosed\u00fcr\u00fcne tabii tutmaktad\u0131r. Sadece T\u00fcrkiye Cumhuriyet diplomatik pasaportu sahibi Dubai vizesinden muaft\u0131r.<\/span><br \/>\n<span style=\"font-family: Roboto; font-size: 14px;\">Dubai Ankara B\u00fcy\u00fckel\u00e7ili\u011fi ya da <span style=\"color: #2acec2;\"><strong><a style=\"color: #2acec2;\" href=\"https:\/\/myvize.com.tr\/dubai\/konsolosluklar\/dubai-istanbul-fahri-konsoloslugu\/\" target=\"_blank\" rel=\"noopener\">Dubai \u0130stanbul Ba\u015fkonsoloslu\u011fu<\/a><\/strong><\/span> <strong>Dubai vize ba\u015fvurusu<\/strong> yapmak gerekmektedir.<\/span><br \/>\n<span style=\"font-family: Roboto; font-size: 14px;\">T\u00fcrkiye\u2019de Dubai Devlet d\u0131\u015f temsilcili\u011fi olarak g\u00f6rev yapan <span style=\"color: #2acec2;\"><strong><a style=\"color: #2acec2;\" href=\"https:\/\/myvize.com.tr\/dubai\/konsolosluklar\/ankara-buyukelciligi\/\" target=\"_blank\" rel=\"noopener\">Dubai Ankara B\u00fcy\u00fckel\u00e7ili\u011fi<\/a><\/strong><\/span> ile Dubai \u0130stanbul Ba\u015fkonsolosluk yetkili kurumdur.<\/span><br \/>\n<span style=\"font-family: Roboto; font-size: 14px;\">Dubai\u2019ye ziyaret amac\u0131 uygun belge haz\u0131rlanm\u0131\u015f belge dosyas\u0131 ve \u0131slak imzal\u0131 ba\u015fvuru formu foto\u011fraf\u0131 asl\u0131 ve Dubai Konsoloslu\u011funa m\u00fcracaat kabul etmektedir.<\/span><br \/>\n<span style=\"font-family: Roboto; font-size: 14px;\"><strong>Dubai Konsoloslu\u011fu<\/strong> ve <strong>Dubai B\u00fcy\u00fckel\u00e7ili\u011fi<\/strong> vize ba\u015fvurusunu hafta i\u00e7i Pazartesi-Cuma 09:00-16:00 aras\u0131nda kabul etmektedir. Dubai Konsoloslu\u011funa yap\u0131lan m\u00fcracaat ortalama 15-20 g\u00fcn i\u00e7inde sonu\u00e7lanmakta.<\/span><br \/>\n<span style=\"font-family: Roboto; font-size: 14px;\">Dubai Devleti\u2019nin T\u00fcrkiye d\u0131\u015f temsilcili\u011fi <strong>Dubai Konsoloslu\u011fu<\/strong> ile T\u00fcrkiye Devleti\u2019nin resm\u00ee tatili ve bayramda kapal\u0131 oldu\u011fu g\u00fcn dikkate al\u0131narak, seyahat aksamamas\u0131 i\u00e7in Dubai Konsoloslu\u011funa yap\u0131lacak<strong> vize ba\u015fvuru<\/strong> i\u015fleminin 1 ay \u00f6ncesinden yap\u0131lmas\u0131 gerekmektedir. Gerekli belge haz\u0131r ederek eksiksiz ve do\u011fru \u015fekilde doldurulup ba\u015fvuruda bulunmak tavsiye edilmektedir. Tatil g\u00fcn\u00fc d\u0131\u015f\u0131nda bu i\u015flemi ger\u00e7ekle\u015ftirmek gerekmektedir.<\/span><\/p>\n","protected":false},"excerpt":{"rendered":"<p>Dubai Konsolosluk \u0130\u015flemleri Hakk\u0131nda Dubai Devleti, Dubai&#8217;ye seyahat edecek T\u00fcrkiye Cumhuriyeti vatanda\u015f\u0131n\u0131 Dubai vize prosed\u00fcr\u00fcne tabii tutmaktad\u0131r. Sadece T\u00fcrkiye Cumhuriyet diplomatik pasaportu sahibi Dubai vizesinden muaft\u0131r. Dubai Ankara B\u00fcy\u00fckel\u00e7ili\u011fi ya da Dubai \u0130stanbul Ba\u015fkonsoloslu\u011fu Dubai vize ba\u015fvurusu yapmak gerekmektedir. T\u00fcrkiye\u2019de Dubai Devlet d\u0131\u015f temsilcili\u011fi olarak g\u00f6rev yapan Dubai Ankara B\u00fcy\u00fckel\u00e7ili\u011fi ile Dubai \u0130stanbul Ba\u015fkonsolosluk yetkili<\/p>\n","protected":false},"author":1,"featured_media":0,"parent":69,"menu_order":0,"comment_status":"closed","ping_status":"closed","template":"","meta":{"footnotes":""},"class_list":["post-92","page","type-page","status-publish","hentry"],"yoast_head":"<!-- This site is optimized with the Yoast SEO plugin v24.0 - https:\/\/yoast.com\/wordpress\/plugins\/seo\/ -->\n<title>Dubai Konsolosluk \u0130\u015flemleri - MyVize Vize Ba\u015fvuru Merkezi<\/title>\n<meta name=\"description\" content=\"Dubai Konsolosluk \u0130\u015flemleri Nelerdir? Dubai Konsolosluk \u0130\u015flemleri Nas\u0131l Yap\u0131l\u0131r? Dubai Konsolosluk \u0130\u015flemleri 2022 G\u00fcncel Bilgileri Nelerdir?\" \/>\n<meta name=\"robots\" content=\"index, follow, max-snippet:-1, max-image-preview:large, max-video-preview:-1\" \/>\n<link rel=\"canonical\" href=\"https:\/\/myvize.com.tr\/dubai\/konsolosluklar\/israil-konsolosluk-islemleri\/\" \/>\n<meta property=\"og:locale\" content=\"tr_TR\" \/>\n<meta property=\"og:type\" content=\"article\" \/>\n<meta property=\"og:title\" content=\"Dubai Konsolosluk \u0130\u015flemleri - MyVize Vize Ba\u015fvuru Merkezi\" \/>\n<meta property=\"og:description\" content=\"Dubai Konsolosluk \u0130\u015flemleri Nelerdir? Dubai Konsolosluk \u0130\u015flemleri Nas\u0131l Yap\u0131l\u0131r? Dubai Konsolosluk \u0130\u015flemleri 2022 G\u00fcncel Bilgileri Nelerdir?\" \/>\n<meta property=\"og:url\" content=\"https:\/\/myvize.com.tr\/dubai\/konsolosluklar\/israil-konsolosluk-islemleri\/\" \/>\n<meta property=\"og:site_name\" content=\"Dubai Vizesi\" \/>\n<meta property=\"article:modified_time\" content=\"2023-02-21T08:07:20+00:00\" \/>\n<meta name=\"twitter:card\" content=\"summary_large_image\" \/>\n<meta name=\"twitter:label1\" content=\"Tahmini okuma s\u00fcresi\" \/>\n\t<meta name=\"twitter:data1\" content=\"1 dakika\" \/>\n<script type=\"application\/ld+json\" class=\"yoast-schema-graph\">{\"@context\":\"https:\/\/schema.org\",\"@graph\":[{\"@type\":\"WebPage\",\"@id\":\"https:\/\/myvize.com.tr\/dubai\/konsolosluklar\/israil-konsolosluk-islemleri\/\",\"url\":\"https:\/\/myvize.com.tr\/dubai\/konsolosluklar\/israil-konsolosluk-islemleri\/\",\"name\":\"Dubai Konsolosluk \u0130\u015flemleri - MyVize Vize Ba\u015fvuru Merkezi\",\"isPartOf\":{\"@id\":\"https:\/\/myvize.com.tr\/dubai\/#website\"},\"datePublished\":\"2020-11-30T10:07:02+00:00\",\"dateModified\":\"2023-02-21T08:07:20+00:00\",\"description\":\"Dubai Konsolosluk \u0130\u015flemleri Nelerdir? Dubai Konsolosluk \u0130\u015flemleri Nas\u0131l Yap\u0131l\u0131r? Dubai Konsolosluk \u0130\u015flemleri 2022 G\u00fcncel Bilgileri Nelerdir?\",\"breadcrumb\":{\"@id\":\"https:\/\/myvize.com.tr\/dubai\/konsolosluklar\/israil-konsolosluk-islemleri\/#breadcrumb\"},\"inLanguage\":\"tr\",\"potentialAction\":[{\"@type\":\"ReadAction\",\"target\":[\"https:\/\/myvize.com.tr\/dubai\/konsolosluklar\/israil-konsolosluk-islemleri\/\"]}]},{\"@type\":\"BreadcrumbList\",\"@id\":\"https:\/\/myvize.com.tr\/dubai\/konsolosluklar\/israil-konsolosluk-islemleri\/#breadcrumb\",\"itemListElement\":[{\"@type\":\"ListItem\",\"position\":1,\"name\":\"Anasayfa\",\"item\":\"https:\/\/myvize.com.tr\/dubai\/\"},{\"@type\":\"ListItem\",\"position\":2,\"name\":\"Dubai Konsoloslu\u011fu\",\"item\":\"https:\/\/myvize.com.tr\/dubai\/konsolosluklar\/\"},{\"@type\":\"ListItem\",\"position\":3,\"name\":\"Dubai Konsolosluk \u0130\u015flemleri\"}]},{\"@type\":\"WebSite\",\"@id\":\"https:\/\/myvize.com.tr\/dubai\/#website\",\"url\":\"https:\/\/myvize.com.tr\/dubai\/\",\"name\":\"Dubai Vizesi\",\"description\":\"\",\"potentialAction\":[{\"@type\":\"SearchAction\",\"target\":{\"@type\":\"EntryPoint\",\"urlTemplate\":\"https:\/\/myvize.com.tr\/dubai\/?s={search_term_string}\"},\"query-input\":{\"@type\":\"PropertyValueSpecification\",\"valueRequired\":true,\"valueName\":\"search_term_string\"}}],\"inLanguage\":\"tr\"}]}<\/script>\n<!-- \/ Yoast SEO plugin. -->","yoast_head_json":{"title":"Dubai Konsolosluk \u0130\u015flemleri - MyVize Vize Ba\u015fvuru Merkezi","description":"Dubai Konsolosluk \u0130\u015flemleri Nelerdir? Dubai Konsolosluk \u0130\u015flemleri Nas\u0131l Yap\u0131l\u0131r? Dubai Konsolosluk \u0130\u015flemleri 2022 G\u00fcncel Bilgileri Nelerdir?","robots":{"index":"index","follow":"follow","max-snippet":"max-snippet:-1","max-image-preview":"max-image-preview:large","max-video-preview":"max-video-preview:-1"},"canonical":"https:\/\/myvize.com.tr\/dubai\/konsolosluklar\/israil-konsolosluk-islemleri\/","og_locale":"tr_TR","og_type":"article","og_title":"Dubai Konsolosluk \u0130\u015flemleri - MyVize Vize Ba\u015fvuru Merkezi","og_description":"Dubai Konsolosluk \u0130\u015flemleri Nelerdir? Dubai Konsolosluk \u0130\u015flemleri Nas\u0131l Yap\u0131l\u0131r? Dubai Konsolosluk \u0130\u015flemleri 2022 G\u00fcncel Bilgileri Nelerdir?","og_url":"https:\/\/myvize.com.tr\/dubai\/konsolosluklar\/israil-konsolosluk-islemleri\/","og_site_name":"Dubai Vizesi","article_modified_time":"2023-02-21T08:07:20+00:00","twitter_card":"summary_large_image","twitter_misc":{"Tahmini okuma s\u00fcresi":"1 dakika"},"schema":{"@context":"https:\/\/schema.org","@graph":[{"@type":"WebPage","@id":"https:\/\/myvize.com.tr\/dubai\/konsolosluklar\/israil-konsolosluk-islemleri\/","url":"https:\/\/myvize.com.tr\/dubai\/konsolosluklar\/israil-konsolosluk-islemleri\/","name":"Dubai Konsolosluk \u0130\u015flemleri - MyVize Vize Ba\u015fvuru Merkezi","isPartOf":{"@id":"https:\/\/myvize.com.tr\/dubai\/#website"},"datePublished":"2020-11-30T10:07:02+00:00","dateModified":"2023-02-21T08:07:20+00:00","description":"Dubai Konsolosluk \u0130\u015flemleri Nelerdir? Dubai Konsolosluk \u0130\u015flemleri Nas\u0131l Yap\u0131l\u0131r? Dubai Konsolosluk \u0130\u015flemleri 2022 G\u00fcncel Bilgileri Nelerdir?","breadcrumb":{"@id":"https:\/\/myvize.com.tr\/dubai\/konsolosluklar\/israil-konsolosluk-islemleri\/#breadcrumb"},"inLanguage":"tr","potentialAction":[{"@type":"ReadAction","target":["https:\/\/myvize.com.tr\/dubai\/konsolosluklar\/israil-konsolosluk-islemleri\/"]}]},{"@type":"BreadcrumbList","@id":"https:\/\/myvize.com.tr\/dubai\/konsolosluklar\/israil-konsolosluk-islemleri\/#breadcrumb","itemListElement":[{"@type":"ListItem","position":1,"name":"Anasayfa","item":"https:\/\/myvize.com.tr\/dubai\/"},{"@type":"ListItem","position":2,"name":"Dubai Konsoloslu\u011fu","item":"https:\/\/myvize.com.tr\/dubai\/konsolosluklar\/"},{"@type":"ListItem","position":3,"name":"Dubai Konsolosluk \u0130\u015flemleri"}]},{"@type":"WebSite","@id":"https:\/\/myvize.com.tr\/dubai\/#website","url":"https:\/\/myvize.com.tr\/dubai\/","name":"Dubai Vizesi","description":"","potentialAction":[{"@type":"SearchAction","target":{"@type":"EntryPoint","urlTemplate":"https:\/\/myvize.com.tr\/dubai\/?s={search_term_string}"},"query-input":{"@type":"PropertyValueSpecification","valueRequired":true,"valueName":"search_term_string"}}],"inLanguage":"tr"}]}},"_links":{"self":[{"href":"https:\/\/myvize.com.tr\/dubai\/wp-json\/wp\/v2\/pages\/92","targetHints":{"allow":["GET"]}}],"collection":[{"href":"https:\/\/myvize.com.tr\/dubai\/wp-json\/wp\/v2\/pages"}],"about":[{"href":"https:\/\/myvize.com.tr\/dubai\/wp-json\/wp\/v2\/types\/page"}],"author":[{"embeddable":true,"href":"https:\/\/myvize.com.tr\/dubai\/wp-json\/wp\/v2\/users\/1"}],"replies":[{"embeddable":true,"href":"https:\/\/myvize.com.tr\/dubai\/wp-json\/wp\/v2\/comments?post=92"}],"version-history":[{"count":5,"href":"https:\/\/myvize.com.tr\/dubai\/wp-json\/wp\/v2\/pages\/92\/revisions"}],"predecessor-version":[{"id":722,"href":"https:\/\/myvize.com.tr\/dubai\/wp-json\/wp\/v2\/pages\/92\/revisions\/722"}],"up":[{"embeddable":true,"href":"https:\/\/myvize.com.tr\/dubai\/wp-json\/wp\/v2\/pages\/69"}],"wp:attachment":[{"href":"https:\/\/myvize.com.tr\/dubai\/wp-json\/wp\/v2\/media?parent=92"}],"curies":[{"name":"wp","href":"https:\/\/api.w.org\/{rel}","templated":true}]}}