{"id":88,"date":"2020-11-30T13:05:51","date_gmt":"2020-11-30T10:05:51","guid":{"rendered":"https:\/\/myvize.com.tr\/dubai\/?page_id=88"},"modified":"2023-02-21T11:10:39","modified_gmt":"2023-02-21T08:10:39","slug":"bodrum-fahri-konsoloslugu","status":"publish","type":"page","link":"https:\/\/myvize.com.tr\/dubai\/konsolosluklar\/bodrum-fahri-konsoloslugu\/","title":{"rendered":"Dubai Bodrum Konsoloslu\u011fu"},"content":{"rendered":"<h2><span style=\"font-family: Roboto; font-size: 27px;\"><strong>Dubai Bodrum Fahri Konsoloslu\u011fu<\/strong><\/span><\/h2>\n<p><span style=\"font-family: Roboto; font-size: 14px;\">B\u00fcy\u00fckel\u00e7ilik taraf\u0131ndan g\u00f6revlendirilmi\u015f <strong>Dubai Bodrum Fahri Konsolosluk<\/strong>, Dubai vatanda\u015f\u0131n\u0131n hakk\u0131n\u0131 g\u00f6zeten, gerekti\u011finde resm\u00ee evrak\u0131n sa\u011flayan yetkili makamd\u0131r. T\u00fcrkiye ya\u015fam\u0131n\u0131 s\u00fcrd\u00fcren Dubai vatanda\u015f\u0131 Dubai Bodrum Fahri Konsoloslu\u011funun arac\u0131l\u0131\u011f\u0131 ile resm\u00ee i\u015flemleri yapt\u0131rabilmektedir. N\u00fcfusa ait do\u011fum, nik\u00e2h, \u00f6l\u00fcm vs. resm\u00ee evrak\u0131n d\u00fczenlenmesi bu makam g\u00f6revlerindendir. Bilindi\u011fi \u00fczere her \u015fehir ba\u015fkonsolosluk veya b\u00fcy\u00fckel\u00e7ilik bulunmamaktad\u0131r. \u00d6zellikle vize i\u015fleminde bir\u00e7ok ki\u015fi \u015fehir d\u0131\u015f\u0131 \u00e7\u0131karak m\u00fcracaat bulunmaktad\u0131r.<strong> Dubai Bodrum Fahri Konsolosluk<\/strong> sayesinde Bodrum ve civar\u0131ndan Dubai\u2019ye vize ba\u015fvurusunu yap\u0131labilmektedir. Bu durumda bu \u00fclkeden vize almak isteyen T\u00fcrk vatanda\u015f\u0131n\u0131 da kapsamaktad\u0131r.<\/span><br \/>\n<span style=\"font-family: Roboto; font-size: 14px;\">Dubai Bodrum Fahri konsoloslu\u011funu, T\u00fcrkiye\u2019de ikamet eden veya belli ama\u00e7 \u00e7er\u00e7evesinde \u00fclkede ya\u015fam\u0131n\u0131 s\u00fcrd\u00fcren Dubai vatanda\u015flar\u0131 i\u00e7in Bodrum Fahri Konsoloslu\u011fu hizmeti sunmaktad\u0131r.<strong> Dubai Bodrum Fahri konsoloslu\u011fu<\/strong> Dubai devleti ile ilgili i\u015flemde yap\u0131lmaktad\u0131r.<\/span><br \/>\n<span style=\"font-family: Roboto; font-size: 14px;\">Bodrum ve \u00e7evre ilde ya\u015fayan T\u00fcrkiye Cumhuriyet vatanda\u015f\u0131, konsolosluk i\u015flemi Dubai Bodrum Fahri konsoloslu\u011funda yapabilir.<\/span><br \/>\n<span style=\"font-family: Roboto; font-size: 14px;\">Dubai vatanda\u015f\u0131n yeni kimlik \u00e7\u0131karma, pasaport yenileme, evlilik, \u00f6l\u00fcm ve do\u011fum sonras\u0131 yap\u0131lmas\u0131 gerekli resm\u00ee i\u015flemlerde yard\u0131mc\u0131 olmaktad\u0131r.<\/span><\/p>\n<p><span style=\"font-family: Roboto; font-size: 14px;\"><span style=\"color: #2acec2;\"><strong><a style=\"color: #2acec2;\" href=\"https:\/\/myvize.com.tr\/dubai\/vize-islemleri\/dubai-vize-randevusu\/\" target=\"_blank\" rel=\"noopener\">Dubai Vize Randevusu<\/a><\/strong><\/span> ile ilgili bilgi almak i\u00e7in bizi aray\u0131n.<\/span><\/p>\n","protected":false},"excerpt":{"rendered":"<p>Dubai Bodrum Fahri Konsoloslu\u011fu B\u00fcy\u00fckel\u00e7ilik taraf\u0131ndan g\u00f6revlendirilmi\u015f Dubai Bodrum Fahri Konsolosluk, Dubai vatanda\u015f\u0131n\u0131n hakk\u0131n\u0131 g\u00f6zeten, gerekti\u011finde resm\u00ee evrak\u0131n sa\u011flayan yetkili makamd\u0131r. T\u00fcrkiye ya\u015fam\u0131n\u0131 s\u00fcrd\u00fcren Dubai vatanda\u015f\u0131 Dubai Bodrum Fahri Konsoloslu\u011funun arac\u0131l\u0131\u011f\u0131 ile resm\u00ee i\u015flemleri yapt\u0131rabilmektedir. N\u00fcfusa ait do\u011fum, nik\u00e2h, \u00f6l\u00fcm vs. resm\u00ee evrak\u0131n d\u00fczenlenmesi bu makam g\u00f6revlerindendir. Bilindi\u011fi \u00fczere her \u015fehir ba\u015fkonsolosluk veya b\u00fcy\u00fckel\u00e7ilik bulunmamaktad\u0131r.<\/p>\n","protected":false},"author":1,"featured_media":0,"parent":69,"menu_order":0,"comment_status":"closed","ping_status":"closed","template":"","meta":{"footnotes":""},"class_list":["post-88","page","type-page","status-publish","hentry"],"yoast_head":"<!-- This site is optimized with the Yoast SEO plugin v24.0 - https:\/\/yoast.com\/wordpress\/plugins\/seo\/ -->\n<title>Dubai Bodrum Konsoloslu\u011fu - MyVize Vize Ba\u015fvuru Merkezi<\/title>\n<meta name=\"description\" content=\"Dubai Bodrum Konsoloslu\u011fu \u0130leti\u015fim Bilgileri Telefon Numaras\u0131 Mail Adresi Bilgileri \u0130\u00e7erir. Dubai Vize Dan\u0131\u015fman\u0131 \u0130\u00e7in Hemen Aray\u0131n.\" \/>\n<meta name=\"robots\" content=\"index, follow, max-snippet:-1, max-image-preview:large, max-video-preview:-1\" \/>\n<link rel=\"canonical\" href=\"https:\/\/myvize.com.tr\/dubai\/konsolosluklar\/bodrum-fahri-konsoloslugu\/\" \/>\n<meta property=\"og:locale\" content=\"tr_TR\" \/>\n<meta property=\"og:type\" content=\"article\" \/>\n<meta property=\"og:title\" content=\"Dubai Bodrum Konsoloslu\u011fu - MyVize Vize Ba\u015fvuru Merkezi\" \/>\n<meta property=\"og:description\" content=\"Dubai Bodrum Konsoloslu\u011fu \u0130leti\u015fim Bilgileri Telefon Numaras\u0131 Mail Adresi Bilgileri \u0130\u00e7erir. Dubai Vize Dan\u0131\u015fman\u0131 \u0130\u00e7in Hemen Aray\u0131n.\" \/>\n<meta property=\"og:url\" content=\"https:\/\/myvize.com.tr\/dubai\/konsolosluklar\/bodrum-fahri-konsoloslugu\/\" \/>\n<meta property=\"og:site_name\" content=\"Dubai Vizesi\" \/>\n<meta property=\"article:modified_time\" content=\"2023-02-21T08:10:39+00:00\" \/>\n<meta name=\"twitter:card\" content=\"summary_large_image\" \/>\n<meta name=\"twitter:label1\" content=\"Tahmini okuma s\u00fcresi\" \/>\n\t<meta name=\"twitter:data1\" content=\"1 dakika\" \/>\n<script type=\"application\/ld+json\" class=\"yoast-schema-graph\">{\"@context\":\"https:\/\/schema.org\",\"@graph\":[{\"@type\":\"WebPage\",\"@id\":\"https:\/\/myvize.com.tr\/dubai\/konsolosluklar\/bodrum-fahri-konsoloslugu\/\",\"url\":\"https:\/\/myvize.com.tr\/dubai\/konsolosluklar\/bodrum-fahri-konsoloslugu\/\",\"name\":\"Dubai Bodrum Konsoloslu\u011fu - MyVize Vize Ba\u015fvuru Merkezi\",\"isPartOf\":{\"@id\":\"https:\/\/myvize.com.tr\/dubai\/#website\"},\"datePublished\":\"2020-11-30T10:05:51+00:00\",\"dateModified\":\"2023-02-21T08:10:39+00:00\",\"description\":\"Dubai Bodrum Konsoloslu\u011fu \u0130leti\u015fim Bilgileri Telefon Numaras\u0131 Mail Adresi Bilgileri \u0130\u00e7erir. Dubai Vize Dan\u0131\u015fman\u0131 \u0130\u00e7in Hemen Aray\u0131n.\",\"breadcrumb\":{\"@id\":\"https:\/\/myvize.com.tr\/dubai\/konsolosluklar\/bodrum-fahri-konsoloslugu\/#breadcrumb\"},\"inLanguage\":\"tr\",\"potentialAction\":[{\"@type\":\"ReadAction\",\"target\":[\"https:\/\/myvize.com.tr\/dubai\/konsolosluklar\/bodrum-fahri-konsoloslugu\/\"]}]},{\"@type\":\"BreadcrumbList\",\"@id\":\"https:\/\/myvize.com.tr\/dubai\/konsolosluklar\/bodrum-fahri-konsoloslugu\/#breadcrumb\",\"itemListElement\":[{\"@type\":\"ListItem\",\"position\":1,\"name\":\"Anasayfa\",\"item\":\"https:\/\/myvize.com.tr\/dubai\/\"},{\"@type\":\"ListItem\",\"position\":2,\"name\":\"Dubai Konsoloslu\u011fu\",\"item\":\"https:\/\/myvize.com.tr\/dubai\/konsolosluklar\/\"},{\"@type\":\"ListItem\",\"position\":3,\"name\":\"Dubai Bodrum Konsoloslu\u011fu\"}]},{\"@type\":\"WebSite\",\"@id\":\"https:\/\/myvize.com.tr\/dubai\/#website\",\"url\":\"https:\/\/myvize.com.tr\/dubai\/\",\"name\":\"Dubai Vizesi\",\"description\":\"\",\"potentialAction\":[{\"@type\":\"SearchAction\",\"target\":{\"@type\":\"EntryPoint\",\"urlTemplate\":\"https:\/\/myvize.com.tr\/dubai\/?s={search_term_string}\"},\"query-input\":{\"@type\":\"PropertyValueSpecification\",\"valueRequired\":true,\"valueName\":\"search_term_string\"}}],\"inLanguage\":\"tr\"}]}<\/script>\n<!-- \/ Yoast SEO plugin. -->","yoast_head_json":{"title":"Dubai Bodrum Konsoloslu\u011fu - MyVize Vize Ba\u015fvuru Merkezi","description":"Dubai Bodrum Konsoloslu\u011fu \u0130leti\u015fim Bilgileri Telefon Numaras\u0131 Mail Adresi Bilgileri \u0130\u00e7erir. Dubai Vize Dan\u0131\u015fman\u0131 \u0130\u00e7in Hemen Aray\u0131n.","robots":{"index":"index","follow":"follow","max-snippet":"max-snippet:-1","max-image-preview":"max-image-preview:large","max-video-preview":"max-video-preview:-1"},"canonical":"https:\/\/myvize.com.tr\/dubai\/konsolosluklar\/bodrum-fahri-konsoloslugu\/","og_locale":"tr_TR","og_type":"article","og_title":"Dubai Bodrum Konsoloslu\u011fu - MyVize Vize Ba\u015fvuru Merkezi","og_description":"Dubai Bodrum Konsoloslu\u011fu \u0130leti\u015fim Bilgileri Telefon Numaras\u0131 Mail Adresi Bilgileri \u0130\u00e7erir. Dubai Vize Dan\u0131\u015fman\u0131 \u0130\u00e7in Hemen Aray\u0131n.","og_url":"https:\/\/myvize.com.tr\/dubai\/konsolosluklar\/bodrum-fahri-konsoloslugu\/","og_site_name":"Dubai Vizesi","article_modified_time":"2023-02-21T08:10:39+00:00","twitter_card":"summary_large_image","twitter_misc":{"Tahmini okuma s\u00fcresi":"1 dakika"},"schema":{"@context":"https:\/\/schema.org","@graph":[{"@type":"WebPage","@id":"https:\/\/myvize.com.tr\/dubai\/konsolosluklar\/bodrum-fahri-konsoloslugu\/","url":"https:\/\/myvize.com.tr\/dubai\/konsolosluklar\/bodrum-fahri-konsoloslugu\/","name":"Dubai Bodrum Konsoloslu\u011fu - MyVize Vize Ba\u015fvuru Merkezi","isPartOf":{"@id":"https:\/\/myvize.com.tr\/dubai\/#website"},"datePublished":"2020-11-30T10:05:51+00:00","dateModified":"2023-02-21T08:10:39+00:00","description":"Dubai Bodrum Konsoloslu\u011fu \u0130leti\u015fim Bilgileri Telefon Numaras\u0131 Mail Adresi Bilgileri \u0130\u00e7erir. Dubai Vize Dan\u0131\u015fman\u0131 \u0130\u00e7in Hemen Aray\u0131n.","breadcrumb":{"@id":"https:\/\/myvize.com.tr\/dubai\/konsolosluklar\/bodrum-fahri-konsoloslugu\/#breadcrumb"},"inLanguage":"tr","potentialAction":[{"@type":"ReadAction","target":["https:\/\/myvize.com.tr\/dubai\/konsolosluklar\/bodrum-fahri-konsoloslugu\/"]}]},{"@type":"BreadcrumbList","@id":"https:\/\/myvize.com.tr\/dubai\/konsolosluklar\/bodrum-fahri-konsoloslugu\/#breadcrumb","itemListElement":[{"@type":"ListItem","position":1,"name":"Anasayfa","item":"https:\/\/myvize.com.tr\/dubai\/"},{"@type":"ListItem","position":2,"name":"Dubai Konsoloslu\u011fu","item":"https:\/\/myvize.com.tr\/dubai\/konsolosluklar\/"},{"@type":"ListItem","position":3,"name":"Dubai Bodrum Konsoloslu\u011fu"}]},{"@type":"WebSite","@id":"https:\/\/myvize.com.tr\/dubai\/#website","url":"https:\/\/myvize.com.tr\/dubai\/","name":"Dubai Vizesi","description":"","potentialAction":[{"@type":"SearchAction","target":{"@type":"EntryPoint","urlTemplate":"https:\/\/myvize.com.tr\/dubai\/?s={search_term_string}"},"query-input":{"@type":"PropertyValueSpecification","valueRequired":true,"valueName":"search_term_string"}}],"inLanguage":"tr"}]}},"_links":{"self":[{"href":"https:\/\/myvize.com.tr\/dubai\/wp-json\/wp\/v2\/pages\/88","targetHints":{"allow":["GET"]}}],"collection":[{"href":"https:\/\/myvize.com.tr\/dubai\/wp-json\/wp\/v2\/pages"}],"about":[{"href":"https:\/\/myvize.com.tr\/dubai\/wp-json\/wp\/v2\/types\/page"}],"author":[{"embeddable":true,"href":"https:\/\/myvize.com.tr\/dubai\/wp-json\/wp\/v2\/users\/1"}],"replies":[{"embeddable":true,"href":"https:\/\/myvize.com.tr\/dubai\/wp-json\/wp\/v2\/comments?post=88"}],"version-history":[{"count":5,"href":"https:\/\/myvize.com.tr\/dubai\/wp-json\/wp\/v2\/pages\/88\/revisions"}],"predecessor-version":[{"id":723,"href":"https:\/\/myvize.com.tr\/dubai\/wp-json\/wp\/v2\/pages\/88\/revisions\/723"}],"up":[{"embeddable":true,"href":"https:\/\/myvize.com.tr\/dubai\/wp-json\/wp\/v2\/pages\/69"}],"wp:attachment":[{"href":"https:\/\/myvize.com.tr\/dubai\/wp-json\/wp\/v2\/media?parent=88"}],"curies":[{"name":"wp","href":"https:\/\/api.w.org\/{rel}","templated":true}]}}