{"id":69,"date":"2020-11-30T12:54:37","date_gmt":"2020-11-30T09:54:37","guid":{"rendered":"https:\/\/myvize.com.tr\/dubai\/?page_id=69"},"modified":"2021-11-12T12:35:30","modified_gmt":"2021-11-12T09:35:30","slug":"konsolosluklar","status":"publish","type":"page","link":"https:\/\/myvize.com.tr\/dubai\/konsolosluklar\/","title":{"rendered":"Dubai Konsoloslu\u011fu"},"content":{"rendered":"<h2><span style=\"font-family: Roboto; font-size: 27px;\"><strong>Dubai Konsoloslu\u011fu T\u00fcrkiye<\/strong><\/span><\/h2>\n<p><span style=\"font-family: Roboto; font-size: 14px;\">Dubai ile ili\u015fkilerimiz, iki \u00fclkenin ticari \u00e7er\u00e7evesinde seyrini s\u00fcrd\u00fcrmektedir.<\/span><br \/>\n<span style=\"font-family: Roboto; font-size: 14px;\">Dubai\u2019yle kar\u015f\u0131l\u0131kl\u0131 yerle\u015fik diplomat temsilcili\u011fimiz mevcut de\u011fildir. T\u00fcrkiye&#8217;de olduk\u00e7a fazla konsoloslu\u011fu ve binlerce vatanda\u015flar\u0131 bulunmaktad\u0131r.<\/span><br \/>\n<span style=\"font-family: Roboto; font-size: 14px;\">\u00dclkemiz ile Dubai aras\u0131nda siyasi temasdan daha ziyade \u00e7ok tarafl\u0131 ticaret marj\u0131nda ger\u00e7ekle\u015fmektedir.<\/span><br \/>\n<span style=\"font-family: Roboto; font-size: 14px;\">Dubai ile ekonomik ve ticari ili\u015fkimiz, do\u011frudan ula\u015f\u0131m imk\u00e2n\u0131 bulunmamas\u0131ndan dolay\u0131 bunun gibi sebeplerle s\u0131n\u0131rl\u0131 d\u00fczeydedir.<\/span><br \/>\n<span style=\"font-family: Roboto; font-size: 14px;\">Dubai\u2019de y\u00fczlerce T\u00fcrk vatanda\u015f\u0131 ya\u015famaktad\u0131r.<\/span><br \/>\n<span style=\"font-family: Roboto; font-size: 14px;\">Dubai\u2019nin<span style=\"color: #2acec2;\"><strong><a style=\"color: #2acec2;\" href=\"https:\/\/myvize.com.tr\/dubai\/subelerimiz\/ankara\/\" target=\"_blank\" rel=\"noopener\"> Ankara<\/a><\/strong><\/span>, \u0130stanbul, \u0130zmir, Gaziantep gibi \u015fehirlerde Fahri konsolosluklar\u0131 ve ba\u015fkonsolosluklar\u0131 bulunmaktad\u0131r. Dubai&#8217;nin belli b\u00f6lgesinde ise T\u00fcrkiye&#8217;nin Fahri Ba\u015fkonsoloslu\u011fu bulunmaktad\u0131r.<\/span><br \/>\n<span style=\"font-family: Roboto; font-size: 14px;\">Dubai Devleti\u2019ne seyahat etmek isteyen ki\u015fi Umuma mahsus bordo pasaporta sahip T\u00fcrkiye Cumhuriyet vatanda\u015f\u0131, pasaport da ge\u00e7erli Schengen vize bulunmad\u0131\u011f\u0131 durumlarda bu \u00fclkeye giri\u015f yap\u0131labilmesi i\u00e7in vize ba\u015fvurusunu yapmak zorundad\u0131r. <strong>Dubai Schengen B\u00f6lgesi<\/strong> \u00fcye \u00fclke aras\u0131nda yer ald\u0131\u011f\u0131 bu \u00fclke seyahat etme isteyen Umum mahsus bordo pasaporta sahip T\u00fcrkiye Cumhuriyet vatanda\u015flar\u0131 Dubai&#8217;ye yapaca\u011f\u0131 en fazla 90 g\u00fcnl\u00fck yani k\u0131sa s\u00fcre seyahat i\u00e7in <span style=\"color: #000000;\"><strong>Schengen vize<\/strong><\/span> ba\u015fvurusu yapmal\u0131d\u0131r. Gerekli i\u015flemi ve evrak\u0131 en yak\u0131n konsolosluktan \u00f6\u011frenebilirsiniz.<\/span><\/p>\n","protected":false},"excerpt":{"rendered":"<p>Dubai Konsoloslu\u011fu T\u00fcrkiye Dubai ile ili\u015fkilerimiz, iki \u00fclkenin ticari \u00e7er\u00e7evesinde seyrini s\u00fcrd\u00fcrmektedir. Dubai\u2019yle kar\u015f\u0131l\u0131kl\u0131 yerle\u015fik diplomat temsilcili\u011fimiz mevcut de\u011fildir. T\u00fcrkiye&#8217;de olduk\u00e7a fazla konsoloslu\u011fu ve binlerce vatanda\u015flar\u0131 bulunmaktad\u0131r. \u00dclkemiz ile Dubai aras\u0131nda siyasi temasdan daha ziyade \u00e7ok tarafl\u0131 ticaret marj\u0131nda ger\u00e7ekle\u015fmektedir. Dubai ile ekonomik ve ticari ili\u015fkimiz, do\u011frudan ula\u015f\u0131m imk\u00e2n\u0131 bulunmamas\u0131ndan dolay\u0131 bunun gibi sebeplerle s\u0131n\u0131rl\u0131<\/p>\n","protected":false},"author":1,"featured_media":0,"parent":0,"menu_order":0,"comment_status":"closed","ping_status":"closed","template":"","meta":{"footnotes":""},"class_list":["post-69","page","type-page","status-publish","hentry"],"yoast_head":"<!-- This site is optimized with the Yoast SEO plugin v24.0 - https:\/\/yoast.com\/wordpress\/plugins\/seo\/ -->\n<title>Dubai Konsoloslu\u011fu - Dubai Vizesi - MyVize Vize Ba\u015fvuru Merkezi<\/title>\n<meta name=\"description\" content=\"Dubai Konsolosluklar\u0131 T\u00fcrkiye&#039;de vize, oturum, vatanda\u015fl\u0131k gibi bir\u00e7ok i\u015flem konusunda hizmet veren resm\u00ee bir temsilciliktir. Dubai Kons...\" \/>\n<meta name=\"robots\" content=\"index, follow, max-snippet:-1, max-image-preview:large, max-video-preview:-1\" \/>\n<link rel=\"canonical\" href=\"https:\/\/myvize.com.tr\/dubai\/konsolosluklar\/\" \/>\n<meta property=\"og:locale\" content=\"tr_TR\" \/>\n<meta property=\"og:type\" content=\"article\" \/>\n<meta property=\"og:title\" content=\"Dubai Konsoloslu\u011fu - Dubai Vizesi - MyVize Vize Ba\u015fvuru Merkezi\" \/>\n<meta property=\"og:description\" content=\"Dubai Konsolosluklar\u0131 T\u00fcrkiye&#039;de vize, oturum, vatanda\u015fl\u0131k gibi bir\u00e7ok i\u015flem konusunda hizmet veren resm\u00ee bir temsilciliktir. Dubai Kons...\" \/>\n<meta property=\"og:url\" content=\"https:\/\/myvize.com.tr\/dubai\/konsolosluklar\/\" \/>\n<meta property=\"og:site_name\" content=\"Dubai Vizesi\" \/>\n<meta property=\"article:modified_time\" content=\"2021-11-12T09:35:30+00:00\" \/>\n<meta name=\"twitter:card\" content=\"summary_large_image\" \/>\n<meta name=\"twitter:label1\" content=\"Tahmini okuma s\u00fcresi\" \/>\n\t<meta name=\"twitter:data1\" content=\"1 dakika\" \/>\n<script type=\"application\/ld+json\" class=\"yoast-schema-graph\">{\"@context\":\"https:\/\/schema.org\",\"@graph\":[{\"@type\":\"WebPage\",\"@id\":\"https:\/\/myvize.com.tr\/dubai\/konsolosluklar\/\",\"url\":\"https:\/\/myvize.com.tr\/dubai\/konsolosluklar\/\",\"name\":\"Dubai Konsoloslu\u011fu - Dubai Vizesi - MyVize Vize Ba\u015fvuru Merkezi\",\"isPartOf\":{\"@id\":\"https:\/\/myvize.com.tr\/dubai\/#website\"},\"datePublished\":\"2020-11-30T09:54:37+00:00\",\"dateModified\":\"2021-11-12T09:35:30+00:00\",\"description\":\"Dubai Konsolosluklar\u0131 T\u00fcrkiye'de vize, oturum, vatanda\u015fl\u0131k gibi bir\u00e7ok i\u015flem konusunda hizmet veren resm\u00ee bir temsilciliktir. Dubai Kons...\",\"breadcrumb\":{\"@id\":\"https:\/\/myvize.com.tr\/dubai\/konsolosluklar\/#breadcrumb\"},\"inLanguage\":\"tr\",\"potentialAction\":[{\"@type\":\"ReadAction\",\"target\":[\"https:\/\/myvize.com.tr\/dubai\/konsolosluklar\/\"]}]},{\"@type\":\"BreadcrumbList\",\"@id\":\"https:\/\/myvize.com.tr\/dubai\/konsolosluklar\/#breadcrumb\",\"itemListElement\":[{\"@type\":\"ListItem\",\"position\":1,\"name\":\"Anasayfa\",\"item\":\"https:\/\/myvize.com.tr\/dubai\/\"},{\"@type\":\"ListItem\",\"position\":2,\"name\":\"Dubai Konsoloslu\u011fu\"}]},{\"@type\":\"WebSite\",\"@id\":\"https:\/\/myvize.com.tr\/dubai\/#website\",\"url\":\"https:\/\/myvize.com.tr\/dubai\/\",\"name\":\"Dubai Vizesi\",\"description\":\"\",\"potentialAction\":[{\"@type\":\"SearchAction\",\"target\":{\"@type\":\"EntryPoint\",\"urlTemplate\":\"https:\/\/myvize.com.tr\/dubai\/?s={search_term_string}\"},\"query-input\":{\"@type\":\"PropertyValueSpecification\",\"valueRequired\":true,\"valueName\":\"search_term_string\"}}],\"inLanguage\":\"tr\"}]}<\/script>\n<!-- \/ Yoast SEO plugin. -->","yoast_head_json":{"title":"Dubai Konsoloslu\u011fu - Dubai Vizesi - MyVize Vize Ba\u015fvuru Merkezi","description":"Dubai Konsolosluklar\u0131 T\u00fcrkiye'de vize, oturum, vatanda\u015fl\u0131k gibi bir\u00e7ok i\u015flem konusunda hizmet veren resm\u00ee bir temsilciliktir. Dubai Kons...","robots":{"index":"index","follow":"follow","max-snippet":"max-snippet:-1","max-image-preview":"max-image-preview:large","max-video-preview":"max-video-preview:-1"},"canonical":"https:\/\/myvize.com.tr\/dubai\/konsolosluklar\/","og_locale":"tr_TR","og_type":"article","og_title":"Dubai Konsoloslu\u011fu - Dubai Vizesi - MyVize Vize Ba\u015fvuru Merkezi","og_description":"Dubai Konsolosluklar\u0131 T\u00fcrkiye'de vize, oturum, vatanda\u015fl\u0131k gibi bir\u00e7ok i\u015flem konusunda hizmet veren resm\u00ee bir temsilciliktir. Dubai Kons...","og_url":"https:\/\/myvize.com.tr\/dubai\/konsolosluklar\/","og_site_name":"Dubai Vizesi","article_modified_time":"2021-11-12T09:35:30+00:00","twitter_card":"summary_large_image","twitter_misc":{"Tahmini okuma s\u00fcresi":"1 dakika"},"schema":{"@context":"https:\/\/schema.org","@graph":[{"@type":"WebPage","@id":"https:\/\/myvize.com.tr\/dubai\/konsolosluklar\/","url":"https:\/\/myvize.com.tr\/dubai\/konsolosluklar\/","name":"Dubai Konsoloslu\u011fu - Dubai Vizesi - MyVize Vize Ba\u015fvuru Merkezi","isPartOf":{"@id":"https:\/\/myvize.com.tr\/dubai\/#website"},"datePublished":"2020-11-30T09:54:37+00:00","dateModified":"2021-11-12T09:35:30+00:00","description":"Dubai Konsolosluklar\u0131 T\u00fcrkiye'de vize, oturum, vatanda\u015fl\u0131k gibi bir\u00e7ok i\u015flem konusunda hizmet veren resm\u00ee bir temsilciliktir. Dubai Kons...","breadcrumb":{"@id":"https:\/\/myvize.com.tr\/dubai\/konsolosluklar\/#breadcrumb"},"inLanguage":"tr","potentialAction":[{"@type":"ReadAction","target":["https:\/\/myvize.com.tr\/dubai\/konsolosluklar\/"]}]},{"@type":"BreadcrumbList","@id":"https:\/\/myvize.com.tr\/dubai\/konsolosluklar\/#breadcrumb","itemListElement":[{"@type":"ListItem","position":1,"name":"Anasayfa","item":"https:\/\/myvize.com.tr\/dubai\/"},{"@type":"ListItem","position":2,"name":"Dubai Konsoloslu\u011fu"}]},{"@type":"WebSite","@id":"https:\/\/myvize.com.tr\/dubai\/#website","url":"https:\/\/myvize.com.tr\/dubai\/","name":"Dubai Vizesi","description":"","potentialAction":[{"@type":"SearchAction","target":{"@type":"EntryPoint","urlTemplate":"https:\/\/myvize.com.tr\/dubai\/?s={search_term_string}"},"query-input":{"@type":"PropertyValueSpecification","valueRequired":true,"valueName":"search_term_string"}}],"inLanguage":"tr"}]}},"_links":{"self":[{"href":"https:\/\/myvize.com.tr\/dubai\/wp-json\/wp\/v2\/pages\/69","targetHints":{"allow":["GET"]}}],"collection":[{"href":"https:\/\/myvize.com.tr\/dubai\/wp-json\/wp\/v2\/pages"}],"about":[{"href":"https:\/\/myvize.com.tr\/dubai\/wp-json\/wp\/v2\/types\/page"}],"author":[{"embeddable":true,"href":"https:\/\/myvize.com.tr\/dubai\/wp-json\/wp\/v2\/users\/1"}],"replies":[{"embeddable":true,"href":"https:\/\/myvize.com.tr\/dubai\/wp-json\/wp\/v2\/comments?post=69"}],"version-history":[{"count":3,"href":"https:\/\/myvize.com.tr\/dubai\/wp-json\/wp\/v2\/pages\/69\/revisions"}],"predecessor-version":[{"id":491,"href":"https:\/\/myvize.com.tr\/dubai\/wp-json\/wp\/v2\/pages\/69\/revisions\/491"}],"wp:attachment":[{"href":"https:\/\/myvize.com.tr\/dubai\/wp-json\/wp\/v2\/media?parent=69"}],"curies":[{"name":"wp","href":"https:\/\/api.w.org\/{rel}","templated":true}]}}