{"id":6,"date":"2020-11-30T08:45:13","date_gmt":"2020-11-30T05:45:13","guid":{"rendered":"https:\/\/myvize.com.tr\/dubai\/?page_id=6"},"modified":"2023-02-21T12:05:04","modified_gmt":"2023-02-21T09:05:04","slug":"dubai-2","status":"publish","type":"page","link":"https:\/\/myvize.com.tr\/dubai\/","title":{"rendered":"DUBA\u0130"},"content":{"rendered":"<h2><strong><span style=\"font-size: 27px; font-family: Roboto;\">Dubai Vizesi 2022<\/span><\/strong><\/h2>\n","protected":false},"excerpt":{"rendered":"<p>Dubai Vizesi 2022<\/p>\n","protected":false},"author":1,"featured_media":0,"parent":0,"menu_order":0,"comment_status":"closed","ping_status":"closed","template":"","meta":{"footnotes":""},"class_list":["post-6","page","type-page","status-publish","hentry"],"yoast_head":"<!-- This site is optimized with the Yoast SEO plugin v24.0 - https:\/\/yoast.com\/wordpress\/plugins\/seo\/ -->\n<title>Dubai Vizesi \u0130\u015flemleri - MyVize Vize Ba\u015fvuru Merkezi<\/title>\n<meta name=\"description\" content=\"Dubai Vize \u0130\u015flemleri. Dubai Vizesi \u0130le \u0130lgili Bilgi Almak \u0130\u00e7in Buraya T\u0131klay\u0131n. Dubai Vizesi Nas\u0131l Al\u0131n\u0131r? Dubai Vize Ba\u015fvurusu.\" \/>\n<meta name=\"robots\" content=\"index, follow, max-snippet:-1, max-image-preview:large, max-video-preview:-1\" \/>\n<link rel=\"canonical\" href=\"https:\/\/myvize.com.tr\/dubai\/\" \/>\n<meta property=\"og:locale\" content=\"tr_TR\" \/>\n<meta property=\"og:type\" content=\"article\" \/>\n<meta property=\"og:title\" content=\"Dubai Vizesi \u0130\u015flemleri - MyVize Vize Ba\u015fvuru Merkezi\" \/>\n<meta property=\"og:description\" content=\"Dubai Vize \u0130\u015flemleri. Dubai Vizesi \u0130le \u0130lgili Bilgi Almak \u0130\u00e7in Buraya T\u0131klay\u0131n. Dubai Vizesi Nas\u0131l Al\u0131n\u0131r? Dubai Vize Ba\u015fvurusu.\" \/>\n<meta property=\"og:url\" content=\"https:\/\/myvize.com.tr\/dubai\/\" \/>\n<meta property=\"og:site_name\" content=\"Dubai Vizesi\" \/>\n<meta property=\"article:modified_time\" content=\"2023-02-21T09:05:04+00:00\" \/>\n<meta name=\"twitter:card\" content=\"summary_large_image\" \/>\n<meta name=\"twitter:label1\" content=\"Tahmini okuma s\u00fcresi\" \/>\n\t<meta name=\"twitter:data1\" content=\"1 dakika\" \/>\n<script type=\"application\/ld+json\" class=\"yoast-schema-graph\">{\"@context\":\"https:\/\/schema.org\",\"@graph\":[{\"@type\":\"WebPage\",\"@id\":\"https:\/\/myvize.com.tr\/dubai\/\",\"url\":\"https:\/\/myvize.com.tr\/dubai\/\",\"name\":\"Dubai Vizesi \u0130\u015flemleri - MyVize Vize Ba\u015fvuru Merkezi\",\"isPartOf\":{\"@id\":\"https:\/\/myvize.com.tr\/dubai\/#website\"},\"datePublished\":\"2020-11-30T05:45:13+00:00\",\"dateModified\":\"2023-02-21T09:05:04+00:00\",\"description\":\"Dubai Vize \u0130\u015flemleri. Dubai Vizesi \u0130le \u0130lgili Bilgi Almak \u0130\u00e7in Buraya T\u0131klay\u0131n. Dubai Vizesi Nas\u0131l Al\u0131n\u0131r? Dubai Vize Ba\u015fvurusu.\",\"breadcrumb\":{\"@id\":\"https:\/\/myvize.com.tr\/dubai\/#breadcrumb\"},\"inLanguage\":\"tr\",\"potentialAction\":[{\"@type\":\"ReadAction\",\"target\":[\"https:\/\/myvize.com.tr\/dubai\/\"]}]},{\"@type\":\"BreadcrumbList\",\"@id\":\"https:\/\/myvize.com.tr\/dubai\/#breadcrumb\",\"itemListElement\":[{\"@type\":\"ListItem\",\"position\":1,\"name\":\"Anasayfa\",\"item\":\"https:\/\/myvize.com.tr\/dubai\/\"},{\"@type\":\"ListItem\",\"position\":2,\"name\":\"DUBA\u0130\"}]},{\"@type\":\"WebSite\",\"@id\":\"https:\/\/myvize.com.tr\/dubai\/#website\",\"url\":\"https:\/\/myvize.com.tr\/dubai\/\",\"name\":\"Dubai Vizesi\",\"description\":\"\",\"potentialAction\":[{\"@type\":\"SearchAction\",\"target\":{\"@type\":\"EntryPoint\",\"urlTemplate\":\"https:\/\/myvize.com.tr\/dubai\/?s={search_term_string}\"},\"query-input\":{\"@type\":\"PropertyValueSpecification\",\"valueRequired\":true,\"valueName\":\"search_term_string\"}}],\"inLanguage\":\"tr\"}]}<\/script>\n<!-- \/ Yoast SEO plugin. -->","yoast_head_json":{"title":"Dubai Vizesi \u0130\u015flemleri - MyVize Vize Ba\u015fvuru Merkezi","description":"Dubai Vize \u0130\u015flemleri. Dubai Vizesi \u0130le \u0130lgili Bilgi Almak \u0130\u00e7in Buraya T\u0131klay\u0131n. Dubai Vizesi Nas\u0131l Al\u0131n\u0131r? Dubai Vize Ba\u015fvurusu.","robots":{"index":"index","follow":"follow","max-snippet":"max-snippet:-1","max-image-preview":"max-image-preview:large","max-video-preview":"max-video-preview:-1"},"canonical":"https:\/\/myvize.com.tr\/dubai\/","og_locale":"tr_TR","og_type":"article","og_title":"Dubai Vizesi \u0130\u015flemleri - MyVize Vize Ba\u015fvuru Merkezi","og_description":"Dubai Vize \u0130\u015flemleri. Dubai Vizesi \u0130le \u0130lgili Bilgi Almak \u0130\u00e7in Buraya T\u0131klay\u0131n. Dubai Vizesi Nas\u0131l Al\u0131n\u0131r? Dubai Vize Ba\u015fvurusu.","og_url":"https:\/\/myvize.com.tr\/dubai\/","og_site_name":"Dubai Vizesi","article_modified_time":"2023-02-21T09:05:04+00:00","twitter_card":"summary_large_image","twitter_misc":{"Tahmini okuma s\u00fcresi":"1 dakika"},"schema":{"@context":"https:\/\/schema.org","@graph":[{"@type":"WebPage","@id":"https:\/\/myvize.com.tr\/dubai\/","url":"https:\/\/myvize.com.tr\/dubai\/","name":"Dubai Vizesi \u0130\u015flemleri - MyVize Vize Ba\u015fvuru Merkezi","isPartOf":{"@id":"https:\/\/myvize.com.tr\/dubai\/#website"},"datePublished":"2020-11-30T05:45:13+00:00","dateModified":"2023-02-21T09:05:04+00:00","description":"Dubai Vize \u0130\u015flemleri. Dubai Vizesi \u0130le \u0130lgili Bilgi Almak \u0130\u00e7in Buraya T\u0131klay\u0131n. Dubai Vizesi Nas\u0131l Al\u0131n\u0131r? Dubai Vize Ba\u015fvurusu.","breadcrumb":{"@id":"https:\/\/myvize.com.tr\/dubai\/#breadcrumb"},"inLanguage":"tr","potentialAction":[{"@type":"ReadAction","target":["https:\/\/myvize.com.tr\/dubai\/"]}]},{"@type":"BreadcrumbList","@id":"https:\/\/myvize.com.tr\/dubai\/#breadcrumb","itemListElement":[{"@type":"ListItem","position":1,"name":"Anasayfa","item":"https:\/\/myvize.com.tr\/dubai\/"},{"@type":"ListItem","position":2,"name":"DUBA\u0130"}]},{"@type":"WebSite","@id":"https:\/\/myvize.com.tr\/dubai\/#website","url":"https:\/\/myvize.com.tr\/dubai\/","name":"Dubai Vizesi","description":"","potentialAction":[{"@type":"SearchAction","target":{"@type":"EntryPoint","urlTemplate":"https:\/\/myvize.com.tr\/dubai\/?s={search_term_string}"},"query-input":{"@type":"PropertyValueSpecification","valueRequired":true,"valueName":"search_term_string"}}],"inLanguage":"tr"}]}},"_links":{"self":[{"href":"https:\/\/myvize.com.tr\/dubai\/wp-json\/wp\/v2\/pages\/6","targetHints":{"allow":["GET"]}}],"collection":[{"href":"https:\/\/myvize.com.tr\/dubai\/wp-json\/wp\/v2\/pages"}],"about":[{"href":"https:\/\/myvize.com.tr\/dubai\/wp-json\/wp\/v2\/types\/page"}],"author":[{"embeddable":true,"href":"https:\/\/myvize.com.tr\/dubai\/wp-json\/wp\/v2\/users\/1"}],"replies":[{"embeddable":true,"href":"https:\/\/myvize.com.tr\/dubai\/wp-json\/wp\/v2\/comments?post=6"}],"version-history":[{"count":6,"href":"https:\/\/myvize.com.tr\/dubai\/wp-json\/wp\/v2\/pages\/6\/revisions"}],"predecessor-version":[{"id":742,"href":"https:\/\/myvize.com.tr\/dubai\/wp-json\/wp\/v2\/pages\/6\/revisions\/742"}],"wp:attachment":[{"href":"https:\/\/myvize.com.tr\/dubai\/wp-json\/wp\/v2\/media?parent=6"}],"curies":[{"name":"wp","href":"https:\/\/api.w.org\/{rel}","templated":true}]}}