{"id":55,"date":"2020-11-30T12:50:43","date_gmt":"2020-11-30T09:50:43","guid":{"rendered":"https:\/\/myvize.com.tr\/dubai\/?page_id=55"},"modified":"2021-11-06T16:49:34","modified_gmt":"2021-11-06T13:49:34","slug":"turkiyede-oturum-ve-calisma-izni","status":"publish","type":"page","link":"https:\/\/myvize.com.tr\/dubai\/vize-islemleri\/turkiyede-oturum-ve-calisma-izni\/","title":{"rendered":"T\u00fcrkiye&#8217;de Oturum ve \u00c7al\u0131\u015fma \u0130zni"},"content":{"rendered":"<h2><span style=\"font-family: Roboto; font-size: 27px;\"><b>Dubai vatanda\u015f\u0131 i\u00e7in T\u00fcrkiye\u2019de Oturum ve \u00c7al\u0131\u015fma \u0130zni<\/b><\/span><\/h2>\n<p><span style=\"font-family: Roboto; font-size: 14px;\">T\u00fcrkiye\u2019de oturum izni almak isteyen <strong>Dubai vatanda\u015f\u0131 oturum izni<\/strong> i\u00e7in Dubai\u2019de bulunan T\u00fcrk temsilcili\u011fine ba\u015fvuruda bulunabilir. T\u00fcrkiye\u2019de bulunan<strong> Dubai vatanda\u015f\u0131<\/strong> ise oturum izni i\u00e7in valili\u011fe ba\u015fvurabilmekte. Dubai vatanda\u015f\u0131n\u0131n pasaportu oturum izni s\u00fcresinden 2 ay daha fazla ge\u00e7erli olmal\u0131. Oturum izni ba\u015fvurusu en ge\u00e7 3 ayda sonu\u00e7lanmaktad\u0131r.<\/span><br \/>\n<span style=\"font-family: Roboto; font-size: 14px;\">T\u00fcrkiye i\u00e7inde bulunan <strong>Dubai vatanda\u015f\u0131 oturum izni<\/strong> uzatma i\u015flemini e-ikamet \u00fczerinden yapabilmekte. Bunun i\u00e7in al\u0131nan randevular g\u00fcn ve saatde \u0130l G\u00f6\u00e7 \u0130daresi\u2019ne bulunulmas\u0131 gerekmekte.<\/span><br \/>\n<span style=\"font-family: Roboto; font-size: 14px;\">Dubai vatanda\u015f\u0131 \u00e7al\u0131\u015fma izni i\u00e7inde Dubai\u2019de bulunan T\u00fcrk temsilcili\u011fine gitmek zorunda. T\u00fcrkiye\u2019de \u00e7al\u0131\u015facak <strong>Dubai vatanda\u015f\u0131<\/strong> ayr\u0131ca <strong>T\u00fcrkiye \u00c7al\u0131\u015fma ve Sosyal G\u00fcven Bakanl\u0131\u011f\u0131\u2019na<\/strong> ba\u015fvurmal\u0131. \u00c7al\u0131\u015fma izni alan <strong>Dubai vatanda\u015f\u0131<\/strong> ayn\u0131 zaman oturum izninde alm\u0131\u015f olur. \u00c7al\u0131\u015fma ba\u015fvurusunu kabul edilen Dubai vatanda\u015flar\u0131 Diri\u015f vize harc\u0131, \u00c7al\u0131\u015fma izni belgeleri harc\u0131 ve oturum izin harc\u0131 \u00f6demelidir.<\/span><br \/>\n<span style=\"font-family: Roboto; font-size: 14px;\">T\u00fcrkiye\u2019de oturma izini almak isteyen ve \u00e7al\u0131\u015fma izni almak isteyen <strong>Dubai vatanda\u015flar\u0131<\/strong> bunun i\u00e7in Dubai\u2019de T\u00fcrkiye Cumhuriyet Konsoloslu\u011fuyla ileti\u015fime ge\u00e7ilmelidir. Dubai vatanda\u015flar\u0131n\u0131n sahip oldu\u011fu \u00e7al\u0131\u015fma izni ya da \u00e7al\u0131\u015fma izni muafiyet belgesi oturum izni yerine say\u0131l\u0131r.<strong> Dubai vatanda\u015flar\u0131<\/strong> vize s\u00fcresi sonras\u0131 T\u00fcrkiye\u2019de kalacaksa oturum iznini almal\u0131.<\/span><br \/>\n<span style=\"font-family: Roboto; font-size: 14px;\">T\u00fcrkiye ziyareti herhangi bir ama\u00e7tan dolay\u0131 ger\u00e7ekle\u015fecek 18 ya\u015f alt\u0131 <strong>Birle\u015fik Arap Emirli\u011fi<\/strong> vatanda\u015f\u0131n\u0131n vize ba\u015fvuru i\u015fleminde ebeveynden her ikisininde de muvafakat sunmas\u0131 gerekmekte. Anne ve babas\u0131 ayr\u0131 olan ya da ebeveynden birinin hayatta olmayan ki\u015finin velayet bilgisini g\u00f6steren belgeyi ibraz etmesi gerekmektedir.<\/span><\/p>\n<p><span style=\"font-family: Roboto; font-size: 14px;\"><span style=\"color: #2acec2;\"><strong><a style=\"color: #2acec2;\" href=\"https:\/\/myvize.com.tr\/dubai\/vize-islemleri\/dubai-vize-randevusu\/\" target=\"_blank\" rel=\"noopener\">Dubai Vize Randevusu <\/a><\/strong><\/span>ile ilgili bilgi almak i\u00e7in bizi aray\u0131n.<\/span><\/p>\n<p><img decoding=\"async\" src=\"https:\/\/myvize.com.tr\/dubai\/wp-content\/uploads\/2021\/10\/40.jpg\" \/><\/p>\n<h2><span style=\"font-family: Roboto; font-size: 27px;\"><strong>T\u00fcrkiye\u2019de Oturum ve \u00c7al\u0131\u015fma \u0130zni 2021<\/strong><\/span><\/h2>\n<p><span style=\"font-family: Roboto; font-size: 14px;\">Umuma mahsus pasaporta sahip olan vatanda\u015flar yapacaklar\u0131 T\u00fcrkiye seyahatlerinde e\u011fer 90 g\u00fcnden daha az s\u00fcre bu \u00fclkede bulunursa bu durumda kendilerinden vize talep edilmez.\u00a0 T\u00fcrkiye\u2019de bulunma s\u00fcreleri de son 180 g\u00fcn i\u00e7erisinde yine 90 g\u00fcn ile s\u0131n\u0131rl\u0131d\u0131r.\u00a0 T\u00fcrkiye\u2019ye yapacaklar\u0131 seyahatlerde 90 g\u00fcnden daha fazla kalmak isteyen vatanda\u015flar\u0131n \u00fclkelerinde bulunan<strong> T\u00fcrkiye temsilciliklerine<\/strong> ba\u015fvuruda bulunmas\u0131 ve \u00fclkeye giri\u015f i\u00e7in ge\u00e7erli olacak izne sahip olmas\u0131 gerekir. Ge\u00e7erli pasaporta sahip olan vatanda\u015flar, T\u00fcrkiye geli\u015f ama\u00e7lar\u0131n\u0131 do\u011frulayan vizeleri ve oturum izinleri ile birlikte T\u00fcrkiye\u2019de sorunsuz bir \u015fekilde ikamet edebilirler.<\/span><\/p>\n<p><span style=\"font-family: Roboto; font-size: 14px;\"><strong>T\u00fcrkiye\u2019de oturum ve \u00e7al\u0131\u015fma izni<\/strong>\u00a0almak isteyen vatanda\u015flar ba\u015fvuru \u00fccretlerini yat\u0131rd\u0131ktan sonra kendilerinden istenecek di\u011fer belgeleri de haz\u0131rlayarak temsilciliklere resmi ba\u015fvuruda bulunabilirler. Vize i\u015flemlerinde ya\u015fanacak olan gecikmeler de g\u00f6z \u00f6n\u00fcne al\u0131narak vatanda\u015flar\u0131n bu \u015fekilde seyahat planlamalar\u0131 yapmalar\u0131 ve u\u00e7ak bileti almalar\u0131 gerekir.<\/span><\/p>\n<p><span style=\"font-family: Roboto; font-size: 14px;\"><strong>T\u00fcrkiye\u2019de oturum ve \u00e7al\u0131\u015fma izni<\/strong> almak isteyen vatanda\u015flar\u0131n T\u00fcrkiye\u2019de \u00e7al\u0131\u015ft\u0131klar\u0131n\u0131 kan\u0131tlayan kurumlardan onay almalar\u0131 gerekir. Hali haz\u0131rda \u00e7al\u0131\u015ft\u0131\u011f\u0131 bir yer bulunan vatanda\u015flar \u00e7al\u0131\u015f\u0131lan yerde ki\u015filerin g\u00f6rev stat\u00fcleri ile ilgili bir belgeyi temsilciliklere ibraz\u0131 halinde, oturum ve \u00e7al\u0131\u015fma izni i\u00e7in gerekli onay\u0131 almalar\u0131 daha kolay olur.<\/span><\/p>\n<p><span style=\"font-family: Roboto; font-size: 14px;\"><span style=\"color: #2acec2;\"><strong><a style=\"color: #2acec2;\" href=\"https:\/\/myvize.com.tr\/dubai\/vize-islemleri\/dubai-vatandaslik-islemleri\/\" target=\"_blank\" rel=\"noopener\">Dubai Vatanda\u015fl\u0131k \u0130\u015flemleri<\/a><\/strong><\/span> ile ilgili bilgi almak i\u00e7in aray\u0131n.<\/span><\/p>\n","protected":false},"excerpt":{"rendered":"<p>Dubai vatanda\u015f\u0131 i\u00e7in T\u00fcrkiye\u2019de Oturum ve \u00c7al\u0131\u015fma \u0130zni T\u00fcrkiye\u2019de oturum izni almak isteyen Dubai vatanda\u015f\u0131 oturum izni i\u00e7in Dubai\u2019de bulunan T\u00fcrk temsilcili\u011fine ba\u015fvuruda bulunabilir. T\u00fcrkiye\u2019de bulunan Dubai vatanda\u015f\u0131 ise oturum izni i\u00e7in valili\u011fe ba\u015fvurabilmekte. Dubai vatanda\u015f\u0131n\u0131n pasaportu oturum izni s\u00fcresinden 2 ay daha fazla ge\u00e7erli olmal\u0131. Oturum izni ba\u015fvurusu en ge\u00e7 3 ayda sonu\u00e7lanmaktad\u0131r. T\u00fcrkiye<\/p>\n","protected":false},"author":1,"featured_media":0,"parent":18,"menu_order":0,"comment_status":"closed","ping_status":"closed","template":"","meta":{"footnotes":""},"class_list":["post-55","page","type-page","status-publish","hentry"],"yoast_head":"<!-- This site is optimized with the Yoast SEO plugin v24.0 - https:\/\/yoast.com\/wordpress\/plugins\/seo\/ -->\n<title>Dubai T\u00fcrkiye&#039;de Oturum ve \u00c7al\u0131\u015fma \u0130zni - MyVize Vize Ba\u015fvuru Merkezi<\/title>\n<meta name=\"description\" content=\"Dubai T\u00fcrkiye&#039;de Oturum ve \u00c7al\u0131\u015fma \u0130zni Nas\u0131l Al\u0131n\u0131r? Dubai T\u00fcrkiye&#039;de Oturum ve \u00c7al\u0131\u015fma \u0130zni Vize \u0130\u015flemleri Neler?\" \/>\n<meta name=\"robots\" content=\"index, follow, max-snippet:-1, max-image-preview:large, max-video-preview:-1\" \/>\n<link rel=\"canonical\" href=\"https:\/\/myvize.com.tr\/dubai\/vize-islemleri\/turkiyede-oturum-ve-calisma-izni\/\" \/>\n<meta property=\"og:locale\" content=\"tr_TR\" \/>\n<meta property=\"og:type\" content=\"article\" \/>\n<meta property=\"og:title\" content=\"Dubai T\u00fcrkiye&#039;de Oturum ve \u00c7al\u0131\u015fma \u0130zni - MyVize Vize Ba\u015fvuru Merkezi\" \/>\n<meta property=\"og:description\" content=\"Dubai T\u00fcrkiye&#039;de Oturum ve \u00c7al\u0131\u015fma \u0130zni Nas\u0131l Al\u0131n\u0131r? Dubai T\u00fcrkiye&#039;de Oturum ve \u00c7al\u0131\u015fma \u0130zni Vize \u0130\u015flemleri Neler?\" \/>\n<meta property=\"og:url\" content=\"https:\/\/myvize.com.tr\/dubai\/vize-islemleri\/turkiyede-oturum-ve-calisma-izni\/\" \/>\n<meta property=\"og:site_name\" content=\"Dubai Vizesi\" \/>\n<meta property=\"article:modified_time\" content=\"2021-11-06T13:49:34+00:00\" \/>\n<meta property=\"og:image\" content=\"https:\/\/myvize.com.tr\/dubai\/wp-content\/uploads\/2021\/10\/40.jpg\" \/>\n<meta name=\"twitter:card\" content=\"summary_large_image\" \/>\n<meta name=\"twitter:label1\" content=\"Tahmini okuma s\u00fcresi\" \/>\n\t<meta name=\"twitter:data1\" content=\"3 dakika\" \/>\n<script type=\"application\/ld+json\" class=\"yoast-schema-graph\">{\"@context\":\"https:\/\/schema.org\",\"@graph\":[{\"@type\":\"WebPage\",\"@id\":\"https:\/\/myvize.com.tr\/dubai\/vize-islemleri\/turkiyede-oturum-ve-calisma-izni\/\",\"url\":\"https:\/\/myvize.com.tr\/dubai\/vize-islemleri\/turkiyede-oturum-ve-calisma-izni\/\",\"name\":\"Dubai T\u00fcrkiye'de Oturum ve \u00c7al\u0131\u015fma \u0130zni - MyVize Vize Ba\u015fvuru Merkezi\",\"isPartOf\":{\"@id\":\"https:\/\/myvize.com.tr\/dubai\/#website\"},\"primaryImageOfPage\":{\"@id\":\"https:\/\/myvize.com.tr\/dubai\/vize-islemleri\/turkiyede-oturum-ve-calisma-izni\/#primaryimage\"},\"image\":{\"@id\":\"https:\/\/myvize.com.tr\/dubai\/vize-islemleri\/turkiyede-oturum-ve-calisma-izni\/#primaryimage\"},\"thumbnailUrl\":\"https:\/\/myvize.com.tr\/dubai\/wp-content\/uploads\/2021\/10\/40.jpg\",\"datePublished\":\"2020-11-30T09:50:43+00:00\",\"dateModified\":\"2021-11-06T13:49:34+00:00\",\"description\":\"Dubai T\u00fcrkiye'de Oturum ve \u00c7al\u0131\u015fma \u0130zni Nas\u0131l Al\u0131n\u0131r? Dubai T\u00fcrkiye'de Oturum ve \u00c7al\u0131\u015fma \u0130zni Vize \u0130\u015flemleri Neler?\",\"breadcrumb\":{\"@id\":\"https:\/\/myvize.com.tr\/dubai\/vize-islemleri\/turkiyede-oturum-ve-calisma-izni\/#breadcrumb\"},\"inLanguage\":\"tr\",\"potentialAction\":[{\"@type\":\"ReadAction\",\"target\":[\"https:\/\/myvize.com.tr\/dubai\/vize-islemleri\/turkiyede-oturum-ve-calisma-izni\/\"]}]},{\"@type\":\"ImageObject\",\"inLanguage\":\"tr\",\"@id\":\"https:\/\/myvize.com.tr\/dubai\/vize-islemleri\/turkiyede-oturum-ve-calisma-izni\/#primaryimage\",\"url\":\"https:\/\/myvize.com.tr\/dubai\/wp-content\/uploads\/2021\/10\/40.jpg\",\"contentUrl\":\"https:\/\/myvize.com.tr\/dubai\/wp-content\/uploads\/2021\/10\/40.jpg\",\"width\":800,\"height\":500,\"caption\":\"Dubai T\u00fcrkiye'de Oturum ve \u00c7al\u0131\u015fma \u0130zni\"},{\"@type\":\"BreadcrumbList\",\"@id\":\"https:\/\/myvize.com.tr\/dubai\/vize-islemleri\/turkiyede-oturum-ve-calisma-izni\/#breadcrumb\",\"itemListElement\":[{\"@type\":\"ListItem\",\"position\":1,\"name\":\"Anasayfa\",\"item\":\"https:\/\/myvize.com.tr\/dubai\/\"},{\"@type\":\"ListItem\",\"position\":2,\"name\":\"V\u0130ZE \u0130\u015eLEMLER\u0130\",\"item\":\"https:\/\/myvize.com.tr\/dubai\/vize-islemleri\/\"},{\"@type\":\"ListItem\",\"position\":3,\"name\":\"T\u00fcrkiye&#8217;de Oturum ve \u00c7al\u0131\u015fma \u0130zni\"}]},{\"@type\":\"WebSite\",\"@id\":\"https:\/\/myvize.com.tr\/dubai\/#website\",\"url\":\"https:\/\/myvize.com.tr\/dubai\/\",\"name\":\"Dubai Vizesi\",\"description\":\"\",\"potentialAction\":[{\"@type\":\"SearchAction\",\"target\":{\"@type\":\"EntryPoint\",\"urlTemplate\":\"https:\/\/myvize.com.tr\/dubai\/?s={search_term_string}\"},\"query-input\":{\"@type\":\"PropertyValueSpecification\",\"valueRequired\":true,\"valueName\":\"search_term_string\"}}],\"inLanguage\":\"tr\"}]}<\/script>\n<!-- \/ Yoast SEO plugin. -->","yoast_head_json":{"title":"Dubai T\u00fcrkiye'de Oturum ve \u00c7al\u0131\u015fma \u0130zni - MyVize Vize Ba\u015fvuru Merkezi","description":"Dubai T\u00fcrkiye'de Oturum ve \u00c7al\u0131\u015fma \u0130zni Nas\u0131l Al\u0131n\u0131r? Dubai T\u00fcrkiye'de Oturum ve \u00c7al\u0131\u015fma \u0130zni Vize \u0130\u015flemleri Neler?","robots":{"index":"index","follow":"follow","max-snippet":"max-snippet:-1","max-image-preview":"max-image-preview:large","max-video-preview":"max-video-preview:-1"},"canonical":"https:\/\/myvize.com.tr\/dubai\/vize-islemleri\/turkiyede-oturum-ve-calisma-izni\/","og_locale":"tr_TR","og_type":"article","og_title":"Dubai T\u00fcrkiye'de Oturum ve \u00c7al\u0131\u015fma \u0130zni - MyVize Vize Ba\u015fvuru Merkezi","og_description":"Dubai T\u00fcrkiye'de Oturum ve \u00c7al\u0131\u015fma \u0130zni Nas\u0131l Al\u0131n\u0131r? Dubai T\u00fcrkiye'de Oturum ve \u00c7al\u0131\u015fma \u0130zni Vize \u0130\u015flemleri Neler?","og_url":"https:\/\/myvize.com.tr\/dubai\/vize-islemleri\/turkiyede-oturum-ve-calisma-izni\/","og_site_name":"Dubai Vizesi","article_modified_time":"2021-11-06T13:49:34+00:00","og_image":[{"url":"https:\/\/myvize.com.tr\/dubai\/wp-content\/uploads\/2021\/10\/40.jpg","type":"","width":"","height":""}],"twitter_card":"summary_large_image","twitter_misc":{"Tahmini okuma s\u00fcresi":"3 dakika"},"schema":{"@context":"https:\/\/schema.org","@graph":[{"@type":"WebPage","@id":"https:\/\/myvize.com.tr\/dubai\/vize-islemleri\/turkiyede-oturum-ve-calisma-izni\/","url":"https:\/\/myvize.com.tr\/dubai\/vize-islemleri\/turkiyede-oturum-ve-calisma-izni\/","name":"Dubai T\u00fcrkiye'de Oturum ve \u00c7al\u0131\u015fma \u0130zni - MyVize Vize Ba\u015fvuru Merkezi","isPartOf":{"@id":"https:\/\/myvize.com.tr\/dubai\/#website"},"primaryImageOfPage":{"@id":"https:\/\/myvize.com.tr\/dubai\/vize-islemleri\/turkiyede-oturum-ve-calisma-izni\/#primaryimage"},"image":{"@id":"https:\/\/myvize.com.tr\/dubai\/vize-islemleri\/turkiyede-oturum-ve-calisma-izni\/#primaryimage"},"thumbnailUrl":"https:\/\/myvize.com.tr\/dubai\/wp-content\/uploads\/2021\/10\/40.jpg","datePublished":"2020-11-30T09:50:43+00:00","dateModified":"2021-11-06T13:49:34+00:00","description":"Dubai T\u00fcrkiye'de Oturum ve \u00c7al\u0131\u015fma \u0130zni Nas\u0131l Al\u0131n\u0131r? Dubai T\u00fcrkiye'de Oturum ve \u00c7al\u0131\u015fma \u0130zni Vize \u0130\u015flemleri Neler?","breadcrumb":{"@id":"https:\/\/myvize.com.tr\/dubai\/vize-islemleri\/turkiyede-oturum-ve-calisma-izni\/#breadcrumb"},"inLanguage":"tr","potentialAction":[{"@type":"ReadAction","target":["https:\/\/myvize.com.tr\/dubai\/vize-islemleri\/turkiyede-oturum-ve-calisma-izni\/"]}]},{"@type":"ImageObject","inLanguage":"tr","@id":"https:\/\/myvize.com.tr\/dubai\/vize-islemleri\/turkiyede-oturum-ve-calisma-izni\/#primaryimage","url":"https:\/\/myvize.com.tr\/dubai\/wp-content\/uploads\/2021\/10\/40.jpg","contentUrl":"https:\/\/myvize.com.tr\/dubai\/wp-content\/uploads\/2021\/10\/40.jpg","width":800,"height":500,"caption":"Dubai T\u00fcrkiye'de Oturum ve \u00c7al\u0131\u015fma \u0130zni"},{"@type":"BreadcrumbList","@id":"https:\/\/myvize.com.tr\/dubai\/vize-islemleri\/turkiyede-oturum-ve-calisma-izni\/#breadcrumb","itemListElement":[{"@type":"ListItem","position":1,"name":"Anasayfa","item":"https:\/\/myvize.com.tr\/dubai\/"},{"@type":"ListItem","position":2,"name":"V\u0130ZE \u0130\u015eLEMLER\u0130","item":"https:\/\/myvize.com.tr\/dubai\/vize-islemleri\/"},{"@type":"ListItem","position":3,"name":"T\u00fcrkiye&#8217;de Oturum ve \u00c7al\u0131\u015fma \u0130zni"}]},{"@type":"WebSite","@id":"https:\/\/myvize.com.tr\/dubai\/#website","url":"https:\/\/myvize.com.tr\/dubai\/","name":"Dubai Vizesi","description":"","potentialAction":[{"@type":"SearchAction","target":{"@type":"EntryPoint","urlTemplate":"https:\/\/myvize.com.tr\/dubai\/?s={search_term_string}"},"query-input":{"@type":"PropertyValueSpecification","valueRequired":true,"valueName":"search_term_string"}}],"inLanguage":"tr"}]}},"_links":{"self":[{"href":"https:\/\/myvize.com.tr\/dubai\/wp-json\/wp\/v2\/pages\/55","targetHints":{"allow":["GET"]}}],"collection":[{"href":"https:\/\/myvize.com.tr\/dubai\/wp-json\/wp\/v2\/pages"}],"about":[{"href":"https:\/\/myvize.com.tr\/dubai\/wp-json\/wp\/v2\/types\/page"}],"author":[{"embeddable":true,"href":"https:\/\/myvize.com.tr\/dubai\/wp-json\/wp\/v2\/users\/1"}],"replies":[{"embeddable":true,"href":"https:\/\/myvize.com.tr\/dubai\/wp-json\/wp\/v2\/comments?post=55"}],"version-history":[{"count":5,"href":"https:\/\/myvize.com.tr\/dubai\/wp-json\/wp\/v2\/pages\/55\/revisions"}],"predecessor-version":[{"id":636,"href":"https:\/\/myvize.com.tr\/dubai\/wp-json\/wp\/v2\/pages\/55\/revisions\/636"}],"up":[{"embeddable":true,"href":"https:\/\/myvize.com.tr\/dubai\/wp-json\/wp\/v2\/pages\/18"}],"wp:attachment":[{"href":"https:\/\/myvize.com.tr\/dubai\/wp-json\/wp\/v2\/media?parent=55"}],"curies":[{"name":"wp","href":"https:\/\/api.w.org\/{rel}","templated":true}]}}