{"id":53,"date":"2020-11-30T12:50:00","date_gmt":"2020-11-30T09:50:00","guid":{"rendered":"https:\/\/myvize.com.tr\/dubai\/?page_id=53"},"modified":"2021-11-04T15:33:13","modified_gmt":"2021-11-04T12:33:13","slug":"dubai-universite-egitimi","status":"publish","type":"page","link":"https:\/\/myvize.com.tr\/dubai\/vize-islemleri\/dubai-universite-egitimi\/","title":{"rendered":"Dubai \u00dcniversite E\u011fitimi"},"content":{"rendered":"<h2><span style=\"font-family: Roboto; font-size: 27px;\"><strong>Dubai \u00dcniversiteleri E\u011fitim Sistemi<\/strong><\/span><\/h2>\n<p><span style=\"font-family: Roboto; font-size: 14px;\">Dubai \u00fcniversitesinin \u00e7o\u011funun yurt d\u0131\u015f\u0131nda y\u00fcksek\u00f6\u011fretim kurumuyla ortakl\u0131\u011f\u0131 bulunur ve bir\u00e7o\u011fu \u0130ngilizce ana e\u011fitim dili olarak kullanmakta. Dubai&#8217;de e\u011fitim, e\u011fitim politikas\u0131 nedeniyle di\u011fer \u00fclkeye k\u0131yasla daha uygun fiyatl\u0131. Dubai \u015fu anda d\u00fcnya \u00e7ap\u0131na tan\u0131nm\u0131\u015f 63 kurum ev sahipli\u011fi yapmakta. Dubai&#8217;de \u00fcniversitenin b\u00fcy\u00fck \u00e7o\u011funlu\u011fu \u00fcst\u00fcn kalite e\u011fitimi sunar.<strong> Dubai \u00fcniversitesinde<\/strong> e\u011fitim hem ders hem laboratuvar \u00e7al\u0131\u015fmas\u0131 olarak verilmekte. Laboratuvar \u00e7al\u0131\u015fmalar\u0131 k\u00fc\u00e7\u00fck \u00f6\u011frenci grubundan olu\u015fur. \u00d6\u011frenci performans test, \u00f6dev ve proje ile de\u011ferlendirilir. Ayr\u0131ca baz\u0131 \u00fcniversite \u00f6\u011frencisinin 2 ayl\u0131k i\u015fe yerle\u015ftirme program\u0131 ile kariyer haz\u0131rl\u0131\u011f\u0131 yapmas\u0131n\u0131 ister. <strong>Dubai \u00fcniversitesinde<\/strong> yar\u0131 zamanl\u0131 ya da tam zaman olmak \u00fczere 2 temel e\u011fitim se\u00e7enek bulunur. Enstit\u00fc hem yerel program hem de uluslararas\u0131 olarak kabul g\u00f6r\u00fclen sertifika sunar. \u00d6\u011frenci performans bilgisayar tabanl\u0131 s\u0131navlar , yaz\u0131l\u0131 s\u0131navlar ya da \u00f6dev ile de\u011ferlendirilir.<\/span><br \/>\n<span style=\"font-family: Roboto; font-size: 14px;\">Dubai\u2019de d\u00fcnya \u00e7ap\u0131 tan\u0131nm\u0131\u015f 63 \u00fcniversitesi bulunmakta ve bunun b\u00fcy\u00fck bir \u00e7o\u011funlu\u011funu \u00fcst\u00fcn kalite e\u011fitim ve m\u00fckemmel olanak sunar. Dubai\u2019 de \u00fcniversitenin \u00f6\u011fretim dil \u0130ngilizce&#8217;dir. Dubai\u2019 de \u00fcniversite e\u011fitim alabilmeniz i\u00e7in \u00f6ncelik ingilizce yeterlili\u011fi kan\u0131tlaman\u0131z gerek.<\/span><br \/>\n<span style=\"font-family: Roboto; font-size: 14px;\">Dubai\u2019 de \u00fcniversiteye ba\u015fvurunuzu yapabilmek i\u00e7in \u00f6ncelikle lise diplomas\u0131na ihtiyac\u0131n\u0131z vard\u0131r. Ayr\u0131ca iyi \u00f6zge\u00e7mi\u015finiz, ya\u015fant\u0131n\u0131z\u00a0ve hakk\u0131n\u0131zda yaz\u0131lm\u0131\u015f olumlu tavsiyeler mektubunuzun da olmas\u0131 gerekli. Dubai\u2019 ye girebilmek i\u00e7in de pasaport ya da do\u011fum belgesi fotokopilerine ihtiyac\u0131n\u0131z vard\u0131r.<\/span><\/p>\n<p><span style=\"font-family: Roboto; font-size: 14px;\"><span style=\"color: #2acec2;\"><strong><a style=\"color: #2acec2;\" href=\"https:\/\/myvize.com.tr\/dubai\/vize-islemleri\/dubai-dil-okulu-vizesi\/\" target=\"_blank\" rel=\"noopener\">Dubai Dil Okulu Vizesi<\/a><\/strong><\/span> ile ilgili bilgi almak i\u00e7in bizi aray\u0131n.<\/span><\/p>\n<p><img decoding=\"async\" src=\"https:\/\/myvize.com.tr\/dubai\/wp-content\/uploads\/2021\/10\/39.jpg\" \/><\/p>\n<h2><span style=\"font-family: Roboto; font-size: 27px;\"><strong>Dubai \u00dcniversite E\u011fitimi Hakk\u0131nda<\/strong><\/span><\/h2>\n<p><span style=\"font-family: Roboto; font-size: 14px;\">Dubai\u2019de e\u011fitim g\u00f6rmek ve bu \u00fclkede e\u011fitim almak hemen her gencin en b\u00fcy\u00fck e\u011fitim hayalidir. E\u011fitim a\u00e7\u0131s\u0131ndan son derece geli\u015fmi\u015f olan \u00fclkede \u00f6\u011frencilere bir\u00e7ok farkl\u0131 e\u011fitim se\u00e7ene\u011fi sunar. Alan\u0131nda uzmanla\u015fmak isteyen \u00f6\u011frenciler Dubai i\u00e7in gerekli e\u011fitim ko\u015fullar\u0131na sahip olarak bu \u00fclkede e\u011fitim i\u00e7in bulunabilirler. <strong>Dubai\u2019de e\u011fitim<\/strong> alman\u0131n ilk \u015fart\u0131 \u00fclkede e\u011fitim s\u00fcresi boyunca ge\u00e7erli olacak bir vizedir. Vizeyi almay\u0131 ba\u015faran \u00f6\u011frenciler, tercih edecekleri \u00fcniversite i\u00e7in gerekli di\u011fer ko\u015fullara da uygunluk sa\u011flayarak bu \u00fclkede e\u011fitim hayallerini ger\u00e7ekle\u015ftirebilirler.<\/span><\/p>\n<p><span style=\"font-family: Roboto; font-size: 14px;\"><strong>Dubai \u00fcniversite e\u011fitimi<\/strong>\u00a0olduk\u00e7a kaliteli okul tercihlerine sahiptir. \u00d6\u011frenciler tercih edecekleri okula karar verdikten sonra okulun \u00f6\u011frenci kabul kriterlerini \u00f6zden ge\u00e7irerek uygun ko\u015fullarda \u00fcniversiteye kay\u0131t olmay\u0131 deneyebilirler.<\/span><\/p>\n<p><span style=\"font-family: Roboto; font-size: 14px;\"><strong>Dubai\u2019de \u00fcniversite e\u011fitimini<\/strong> tamamlamak isteyen \u00f6\u011frenciler istekleri do\u011frultusunda bu \u00fclkede lisans e\u011fitimine de ba\u015flayabilirler. Dubai\u2019de e\u011fitim veren ve y\u00fcksek lisans program\u0131 bulunan okullar, internet sitelerinde ayr\u0131nt\u0131l\u0131 bilgiyi \u00f6\u011frencilerine sunar. \u00d6\u011frenciler y\u00fcksek lisans i\u00e7in gerekli ilk \u015fart olan TOEFL s\u0131nav\u0131na girdikten sonra ge\u00e7er not almalar halinde Dubai\u2019de bulunan y\u00fcksek lisans programlar\u0131na da dahil olabilirler.<\/span><\/p>\n<p><span style=\"font-family: Roboto; font-size: 14px;\"><span style=\"color: #2acec2;\"><strong><a style=\"color: #2acec2;\" href=\"https:\/\/myvize.com.tr\/dubai\/vize-islemleri\/dubai-vize-randevusu\/\" target=\"_blank\" rel=\"noopener\">Dubai Vize Randevusu<\/a><\/strong><\/span>\u00a0ile ilgili bilgi i\u00e7in aray\u0131n.<\/span><\/p>\n","protected":false},"excerpt":{"rendered":"<p>Dubai \u00dcniversiteleri E\u011fitim Sistemi Dubai \u00fcniversitesinin \u00e7o\u011funun yurt d\u0131\u015f\u0131nda y\u00fcksek\u00f6\u011fretim kurumuyla ortakl\u0131\u011f\u0131 bulunur ve bir\u00e7o\u011fu \u0130ngilizce ana e\u011fitim dili olarak kullanmakta. Dubai&#8217;de e\u011fitim, e\u011fitim politikas\u0131 nedeniyle di\u011fer \u00fclkeye k\u0131yasla daha uygun fiyatl\u0131. Dubai \u015fu anda d\u00fcnya \u00e7ap\u0131na tan\u0131nm\u0131\u015f 63 kurum ev sahipli\u011fi yapmakta. Dubai&#8217;de \u00fcniversitenin b\u00fcy\u00fck \u00e7o\u011funlu\u011fu \u00fcst\u00fcn kalite e\u011fitimi sunar. Dubai \u00fcniversitesinde e\u011fitim hem<\/p>\n","protected":false},"author":1,"featured_media":0,"parent":18,"menu_order":0,"comment_status":"closed","ping_status":"closed","template":"","meta":{"footnotes":""},"class_list":["post-53","page","type-page","status-publish","hentry"],"yoast_head":"<!-- This site is optimized with the Yoast SEO plugin v24.0 - https:\/\/yoast.com\/wordpress\/plugins\/seo\/ -->\n<title>Dubai \u00dcniversite E\u011fitimi - MyVize Vize Ba\u015fvuru Merkezi<\/title>\n<meta name=\"description\" content=\"Dubai \u00dcniversite E\u011fitimi \u015eartlar\u0131 Nelerdir? Dubai \u00dcniversite E\u011fitimi Vizesi Nas\u0131l Al\u0131n\u0131r 2022? Dubai \u00dcniversite E\u011fitimi Ba\u015fvurusu.\" \/>\n<meta name=\"robots\" content=\"index, follow, max-snippet:-1, max-image-preview:large, max-video-preview:-1\" \/>\n<link rel=\"canonical\" href=\"https:\/\/myvize.com.tr\/dubai\/vize-islemleri\/dubai-universite-egitimi\/\" \/>\n<meta property=\"og:locale\" content=\"tr_TR\" \/>\n<meta property=\"og:type\" content=\"article\" \/>\n<meta property=\"og:title\" content=\"Dubai \u00dcniversite E\u011fitimi - MyVize Vize Ba\u015fvuru Merkezi\" \/>\n<meta property=\"og:description\" content=\"Dubai \u00dcniversite E\u011fitimi \u015eartlar\u0131 Nelerdir? Dubai \u00dcniversite E\u011fitimi Vizesi Nas\u0131l Al\u0131n\u0131r 2022? Dubai \u00dcniversite E\u011fitimi Ba\u015fvurusu.\" \/>\n<meta property=\"og:url\" content=\"https:\/\/myvize.com.tr\/dubai\/vize-islemleri\/dubai-universite-egitimi\/\" \/>\n<meta property=\"og:site_name\" content=\"Dubai Vizesi\" \/>\n<meta property=\"article:modified_time\" content=\"2021-11-04T12:33:13+00:00\" \/>\n<meta property=\"og:image\" content=\"https:\/\/myvize.com.tr\/dubai\/wp-content\/uploads\/2021\/10\/39.jpg\" \/>\n<meta name=\"twitter:card\" content=\"summary_large_image\" \/>\n<meta name=\"twitter:label1\" content=\"Tahmini okuma s\u00fcresi\" \/>\n\t<meta name=\"twitter:data1\" content=\"2 dakika\" \/>\n<script type=\"application\/ld+json\" class=\"yoast-schema-graph\">{\"@context\":\"https:\/\/schema.org\",\"@graph\":[{\"@type\":\"WebPage\",\"@id\":\"https:\/\/myvize.com.tr\/dubai\/vize-islemleri\/dubai-universite-egitimi\/\",\"url\":\"https:\/\/myvize.com.tr\/dubai\/vize-islemleri\/dubai-universite-egitimi\/\",\"name\":\"Dubai \u00dcniversite E\u011fitimi - MyVize Vize Ba\u015fvuru Merkezi\",\"isPartOf\":{\"@id\":\"https:\/\/myvize.com.tr\/dubai\/#website\"},\"primaryImageOfPage\":{\"@id\":\"https:\/\/myvize.com.tr\/dubai\/vize-islemleri\/dubai-universite-egitimi\/#primaryimage\"},\"image\":{\"@id\":\"https:\/\/myvize.com.tr\/dubai\/vize-islemleri\/dubai-universite-egitimi\/#primaryimage\"},\"thumbnailUrl\":\"https:\/\/myvize.com.tr\/dubai\/wp-content\/uploads\/2021\/10\/39.jpg\",\"datePublished\":\"2020-11-30T09:50:00+00:00\",\"dateModified\":\"2021-11-04T12:33:13+00:00\",\"description\":\"Dubai \u00dcniversite E\u011fitimi \u015eartlar\u0131 Nelerdir? Dubai \u00dcniversite E\u011fitimi Vizesi Nas\u0131l Al\u0131n\u0131r 2022? Dubai \u00dcniversite E\u011fitimi Ba\u015fvurusu.\",\"breadcrumb\":{\"@id\":\"https:\/\/myvize.com.tr\/dubai\/vize-islemleri\/dubai-universite-egitimi\/#breadcrumb\"},\"inLanguage\":\"tr\",\"potentialAction\":[{\"@type\":\"ReadAction\",\"target\":[\"https:\/\/myvize.com.tr\/dubai\/vize-islemleri\/dubai-universite-egitimi\/\"]}]},{\"@type\":\"ImageObject\",\"inLanguage\":\"tr\",\"@id\":\"https:\/\/myvize.com.tr\/dubai\/vize-islemleri\/dubai-universite-egitimi\/#primaryimage\",\"url\":\"https:\/\/myvize.com.tr\/dubai\/wp-content\/uploads\/2021\/10\/39.jpg\",\"contentUrl\":\"https:\/\/myvize.com.tr\/dubai\/wp-content\/uploads\/2021\/10\/39.jpg\",\"width\":800,\"height\":500,\"caption\":\"Dubai \u00dcniversite E\u011fitimi\"},{\"@type\":\"BreadcrumbList\",\"@id\":\"https:\/\/myvize.com.tr\/dubai\/vize-islemleri\/dubai-universite-egitimi\/#breadcrumb\",\"itemListElement\":[{\"@type\":\"ListItem\",\"position\":1,\"name\":\"Anasayfa\",\"item\":\"https:\/\/myvize.com.tr\/dubai\/\"},{\"@type\":\"ListItem\",\"position\":2,\"name\":\"V\u0130ZE \u0130\u015eLEMLER\u0130\",\"item\":\"https:\/\/myvize.com.tr\/dubai\/vize-islemleri\/\"},{\"@type\":\"ListItem\",\"position\":3,\"name\":\"Dubai \u00dcniversite E\u011fitimi\"}]},{\"@type\":\"WebSite\",\"@id\":\"https:\/\/myvize.com.tr\/dubai\/#website\",\"url\":\"https:\/\/myvize.com.tr\/dubai\/\",\"name\":\"Dubai Vizesi\",\"description\":\"\",\"potentialAction\":[{\"@type\":\"SearchAction\",\"target\":{\"@type\":\"EntryPoint\",\"urlTemplate\":\"https:\/\/myvize.com.tr\/dubai\/?s={search_term_string}\"},\"query-input\":{\"@type\":\"PropertyValueSpecification\",\"valueRequired\":true,\"valueName\":\"search_term_string\"}}],\"inLanguage\":\"tr\"}]}<\/script>\n<!-- \/ Yoast SEO plugin. -->","yoast_head_json":{"title":"Dubai \u00dcniversite E\u011fitimi - MyVize Vize Ba\u015fvuru Merkezi","description":"Dubai \u00dcniversite E\u011fitimi \u015eartlar\u0131 Nelerdir? Dubai \u00dcniversite E\u011fitimi Vizesi Nas\u0131l Al\u0131n\u0131r 2022? Dubai \u00dcniversite E\u011fitimi Ba\u015fvurusu.","robots":{"index":"index","follow":"follow","max-snippet":"max-snippet:-1","max-image-preview":"max-image-preview:large","max-video-preview":"max-video-preview:-1"},"canonical":"https:\/\/myvize.com.tr\/dubai\/vize-islemleri\/dubai-universite-egitimi\/","og_locale":"tr_TR","og_type":"article","og_title":"Dubai \u00dcniversite E\u011fitimi - MyVize Vize Ba\u015fvuru Merkezi","og_description":"Dubai \u00dcniversite E\u011fitimi \u015eartlar\u0131 Nelerdir? Dubai \u00dcniversite E\u011fitimi Vizesi Nas\u0131l Al\u0131n\u0131r 2022? Dubai \u00dcniversite E\u011fitimi Ba\u015fvurusu.","og_url":"https:\/\/myvize.com.tr\/dubai\/vize-islemleri\/dubai-universite-egitimi\/","og_site_name":"Dubai Vizesi","article_modified_time":"2021-11-04T12:33:13+00:00","og_image":[{"url":"https:\/\/myvize.com.tr\/dubai\/wp-content\/uploads\/2021\/10\/39.jpg","type":"","width":"","height":""}],"twitter_card":"summary_large_image","twitter_misc":{"Tahmini okuma s\u00fcresi":"2 dakika"},"schema":{"@context":"https:\/\/schema.org","@graph":[{"@type":"WebPage","@id":"https:\/\/myvize.com.tr\/dubai\/vize-islemleri\/dubai-universite-egitimi\/","url":"https:\/\/myvize.com.tr\/dubai\/vize-islemleri\/dubai-universite-egitimi\/","name":"Dubai \u00dcniversite E\u011fitimi - MyVize Vize Ba\u015fvuru Merkezi","isPartOf":{"@id":"https:\/\/myvize.com.tr\/dubai\/#website"},"primaryImageOfPage":{"@id":"https:\/\/myvize.com.tr\/dubai\/vize-islemleri\/dubai-universite-egitimi\/#primaryimage"},"image":{"@id":"https:\/\/myvize.com.tr\/dubai\/vize-islemleri\/dubai-universite-egitimi\/#primaryimage"},"thumbnailUrl":"https:\/\/myvize.com.tr\/dubai\/wp-content\/uploads\/2021\/10\/39.jpg","datePublished":"2020-11-30T09:50:00+00:00","dateModified":"2021-11-04T12:33:13+00:00","description":"Dubai \u00dcniversite E\u011fitimi \u015eartlar\u0131 Nelerdir? Dubai \u00dcniversite E\u011fitimi Vizesi Nas\u0131l Al\u0131n\u0131r 2022? Dubai \u00dcniversite E\u011fitimi Ba\u015fvurusu.","breadcrumb":{"@id":"https:\/\/myvize.com.tr\/dubai\/vize-islemleri\/dubai-universite-egitimi\/#breadcrumb"},"inLanguage":"tr","potentialAction":[{"@type":"ReadAction","target":["https:\/\/myvize.com.tr\/dubai\/vize-islemleri\/dubai-universite-egitimi\/"]}]},{"@type":"ImageObject","inLanguage":"tr","@id":"https:\/\/myvize.com.tr\/dubai\/vize-islemleri\/dubai-universite-egitimi\/#primaryimage","url":"https:\/\/myvize.com.tr\/dubai\/wp-content\/uploads\/2021\/10\/39.jpg","contentUrl":"https:\/\/myvize.com.tr\/dubai\/wp-content\/uploads\/2021\/10\/39.jpg","width":800,"height":500,"caption":"Dubai \u00dcniversite E\u011fitimi"},{"@type":"BreadcrumbList","@id":"https:\/\/myvize.com.tr\/dubai\/vize-islemleri\/dubai-universite-egitimi\/#breadcrumb","itemListElement":[{"@type":"ListItem","position":1,"name":"Anasayfa","item":"https:\/\/myvize.com.tr\/dubai\/"},{"@type":"ListItem","position":2,"name":"V\u0130ZE \u0130\u015eLEMLER\u0130","item":"https:\/\/myvize.com.tr\/dubai\/vize-islemleri\/"},{"@type":"ListItem","position":3,"name":"Dubai \u00dcniversite E\u011fitimi"}]},{"@type":"WebSite","@id":"https:\/\/myvize.com.tr\/dubai\/#website","url":"https:\/\/myvize.com.tr\/dubai\/","name":"Dubai Vizesi","description":"","potentialAction":[{"@type":"SearchAction","target":{"@type":"EntryPoint","urlTemplate":"https:\/\/myvize.com.tr\/dubai\/?s={search_term_string}"},"query-input":{"@type":"PropertyValueSpecification","valueRequired":true,"valueName":"search_term_string"}}],"inLanguage":"tr"}]}},"_links":{"self":[{"href":"https:\/\/myvize.com.tr\/dubai\/wp-json\/wp\/v2\/pages\/53","targetHints":{"allow":["GET"]}}],"collection":[{"href":"https:\/\/myvize.com.tr\/dubai\/wp-json\/wp\/v2\/pages"}],"about":[{"href":"https:\/\/myvize.com.tr\/dubai\/wp-json\/wp\/v2\/types\/page"}],"author":[{"embeddable":true,"href":"https:\/\/myvize.com.tr\/dubai\/wp-json\/wp\/v2\/users\/1"}],"replies":[{"embeddable":true,"href":"https:\/\/myvize.com.tr\/dubai\/wp-json\/wp\/v2\/comments?post=53"}],"version-history":[{"count":6,"href":"https:\/\/myvize.com.tr\/dubai\/wp-json\/wp\/v2\/pages\/53\/revisions"}],"predecessor-version":[{"id":512,"href":"https:\/\/myvize.com.tr\/dubai\/wp-json\/wp\/v2\/pages\/53\/revisions\/512"}],"up":[{"embeddable":true,"href":"https:\/\/myvize.com.tr\/dubai\/wp-json\/wp\/v2\/pages\/18"}],"wp:attachment":[{"href":"https:\/\/myvize.com.tr\/dubai\/wp-json\/wp\/v2\/media?parent=53"}],"curies":[{"name":"wp","href":"https:\/\/api.w.org\/{rel}","templated":true}]}}