{"id":43,"date":"2020-11-30T12:47:27","date_gmt":"2020-11-30T09:47:27","guid":{"rendered":"https:\/\/myvize.com.tr\/dubai\/?page_id=43"},"modified":"2021-11-04T15:29:38","modified_gmt":"2021-11-04T12:29:38","slug":"dubai-calisma-izni","status":"publish","type":"page","link":"https:\/\/myvize.com.tr\/dubai\/vize-islemleri\/dubai-calisma-izni\/","title":{"rendered":"Dubai \u00c7al\u0131\u015fma \u0130zni"},"content":{"rendered":"<p><span style=\"font-family: Roboto;\"><\/span><\/p>\r\n<ul class=\"wp-block-list\">\r\n<li><span style=\"font-family: Roboto; font-size: 14px;\">Ki\u015filer <strong>Dubai \u00e7al\u0131\u015fma vizesi<\/strong> alabilmek i\u00e7in \u00f6nce 90 G\u00fcnl\u00fck <span style=\"color: #2acec2;\"><strong><a style=\"color: #2acec2;\" href=\"https:\/\/myvize.com.tr\/dubai\/dubai-vize\/\" target=\"_blank\" rel=\"noopener\">Dubai Vizesi<\/a><\/strong><\/span>\u00a0ile \u00fclke s\u0131n\u0131rlar\u0131 i\u00e7inde seyahat etmek zorundad\u0131rlar. Daha sonra \u00e7al\u0131\u015fma izni i\u00e7in Dubai\u2019de i\u015flemler yap\u0131lmaktad\u0131r.\u00a0<\/span><\/li>\r\n<li><span style=\"font-family: Roboto; font-size: 14px;\"><strong>Dubai \u00e7al\u0131\u015fma izni<\/strong> ba\u015fvuru sahiplerinin mesleklerine ve stat\u00fclerine g\u00f6re de\u011fi\u015fkenlik g\u00f6sterir. Buna ba\u011fl\u0131 olarak ki\u015filerin mesleki deneyimleri ve \u0130ngilizce seviyeleri b\u00fcy\u00fck \u00f6nem arz etmektedir.\u00a0<\/span><\/li>\r\n<li><span style=\"font-family: Roboto; font-size: 14px;\"><strong>Dubai \u00e7al\u0131\u015fma vizesi<\/strong> i\u00e7in en \u00f6nemli unsur ise ki\u015filere \u00e7al\u0131\u015facaklar\u0131 firman\u0131n sponsor olmas\u0131d\u0131r.\u00a0<\/span><\/li>\r\n<\/ul>\r\n<p><span style=\"font-family: Roboto; font-size: 14px;\">\r\n\r\n<\/span><\/p>\r\n<h2 class=\"wp-block-heading\"><span style=\"font-family: Roboto; font-size: 27px;\"><strong>Dubai\u00a0\u00c7al\u0131\u015fma \u0130zni Alma \u015eartlar\u0131 Nedir?\u00a0<\/strong><\/span><\/h2>\r\n<p><span style=\"font-family: Roboto; font-size: 14px;\">\r\n\r\n<\/span><\/p>\r\n<h3 class=\"wp-block-heading\"><span style=\"font-family: Roboto; font-size: 14px;\"><strong>Dubai 90 G\u00fcnl\u00fck Tek Giri\u015fli Vize\u00a0\u0130\u00e7in Gereken Evraklar:\u00a0<\/strong><\/span><\/h3>\r\n<p><span style=\"font-family: Roboto; font-size: 14px;\">\r\n\r\n<\/span><\/p>\r\n<ul class=\"wp-block-list\">\r\n<li><span style=\"font-family: Roboto; font-size: 14px;\"><span style=\"color: #2acec2;\"><strong><a style=\"color: #2acec2;\" href=\"https:\/\/myvize.com.tr\/dubai\/vize-islemleri\/dubai-vize-basvuru-formu\/\" target=\"_blank\" rel=\"noopener\">Dubai Vize Ba\u015fvuru Formu<\/a><\/strong><\/span>: Dubai vizesi i\u00e7in gereken ba\u015fvuru formunun do\u011fru \u015fekilde doldurulmamas\u0131 ve \u0131slak imzal\u0131 olarak teslim edilmesi gerekir.\u00a0<\/span><\/li>\r\n<li><span style=\"font-family: Roboto; font-size: 14px;\">Pasaport: Ba\u015fvuru sahibinin minimum 10 y\u0131l ge\u00e7erlili\u011fe sahip, d\u00f6n\u00fc\u015f tarihinden itibaren 6 ay ge\u00e7erlili\u011fe sahip ve kar\u015f\u0131l\u0131kl\u0131 2 sayfas\u0131 bo\u015f pasaporta sahip olmas\u0131 gerekir.\u00a0<\/span><\/li>\r\n<li><span style=\"font-family: Roboto; font-size: 14px;\">Pasaport Fotokopisi:\u00a0Yukar\u0131daki \u015fartlara uygun olan pasaportun kimlik bilgilerinin bulundu\u011fu sayfan\u0131n renkli fotokopisi ibraz edilmelidir.\u00a0<\/span><\/li>\r\n<li><span style=\"font-family: Roboto; font-size: 14px;\">Foto\u011fraf: Son 6 ay i\u00e7erisinde beyaz fonda \u00e7ekilmi\u015f, 2 adet\u00a0biyometrik\u00a0foto\u011fraf ibraz edilmelidir.\u00a0<\/span><\/li>\r\n<li><span style=\"font-family: Roboto; font-size: 14px;\">N\u00fcfus C\u00fczdan\u0131 Fotokopisi\u00a0<\/span><\/li>\r\n<\/ul>\r\n<p><img decoding=\"async\" src=\"https:\/\/myvize.com.tr\/dubai\/wp-content\/uploads\/2021\/10\/34.jpg\" \/><\/p>\r\n<h2><span style=\"font-family: Roboto; font-size: 27px;\"><strong>Dubai \u00c7al\u0131\u015fma \u0130zni Alma<\/strong><\/span><\/h2>\r\n<p><span style=\"font-family: Roboto; font-size: 14px;\"><strong>Dubai \u00e7al\u0131\u015fma izni<\/strong> ba\u015fvuru i\u015fleminde diplomat, hususi ve hizmet pasaport sahibi Dubai\u2019e yapaca\u011f\u0131 3 aya kadar seyahatinde vizeden muaft\u0131r. Fakat umuma mahsus pasaporta sahip T\u00fcrk vatanda\u015f\u0131 Dubai\u2019e seyahat \u00f6ncesi vize almas\u0131 gereklidir. Dubai \u00e7al\u0131\u015fma vize i\u00e7in gereken belgeleri haz\u0131rlayarak ba\u015fvuru yap\u0131labilir. Dubai \u00e7al\u0131\u015fma izninin onaylanmas\u0131 i\u00e7in <strong>Dubai Devleti<\/strong> vize ba\u015fvuru \u015fart\u0131n\u0131 eksiksiz ve do\u011fru olarak yerine getirilmeleri gerekmektedir.<strong> Dubai \u00e7al\u0131\u015fma izni<\/strong> ba\u015fvurusunu de\u011ferlendirme ve sonu\u00e7land\u0131rma yetkileri yaln\u0131zca <strong>Dubai Konsoloslu\u011fu<\/strong> inisiyatifinde.<\/span><br \/><span style=\"font-family: Roboto; font-size: 14px;\">Dubai \u00e7al\u0131\u015fma izni, Dubai\u2019de kal\u0131\u015f ama\u00e7lar\u0131 belirli bir zaman i\u00e7in onaylanm\u0131\u015f olan vize t\u00fcr\u00fcd\u00fcr. <strong>Dubai \u00e7al\u0131\u015fma izni<\/strong> \u0130\u00e7 i\u015fleri Bakanl\u0131\u011f\u0131 onay\u0131 ile verilmektedir. Dubai Konsoloslu\u011funun ba\u015fvuru sahiplerini gerekli g\u00f6rd\u00fc\u011f\u00fc zamanlarda g\u00f6r\u00fc\u015fmeye \u00e7a\u011fr\u0131labilmektedir.<strong> Dubai \u00e7al\u0131\u015fma izni<\/strong> i\u00e7in ba\u015fvuruya \u015fahsen gelinmesine gerek bulunmamakta. <strong>Dubai \u00e7al\u0131\u015fma izni<\/strong> ba\u015fvurusu <strong>Dubai Konsoloslu\u011fu<\/strong> ya da konsoloslu\u011fun yetki verdikleri vize merkezi arac\u0131l\u0131\u011f\u0131yla yap\u0131labilmekte. Ba\u015fvuru sahipleri <strong>Dubai \u00e7al\u0131\u015fma izni<\/strong> i\u00e7in gereken belgeleri haz\u0131rlad\u0131ktan sonra ba\u015fvuru dosyalar\u0131n\u0131 i\u015fleme alarak \u00e7al\u0131\u015fma izni d\u00fczenlemektedir.<\/span><br \/><span style=\"font-family: Roboto; font-size: 14px;\">Dubai \u00e7al\u0131\u015fma izninin ge\u00e7erlili\u011fi \u0130\u00e7 i\u015fleri Bakanl\u0131\u011f\u0131 y\u00f6netmeli\u011fine uygun olarak verilmektedir. <strong>Dubai \u00e7al\u0131\u015fma izni<\/strong> alan ki\u015fi Dubai\u2019e vizede belirtilmi\u015f s\u00fcre i\u00e7erisinde giri\u015f yapmas\u0131 ve belirtilen s\u00fcre i\u00e7erisinde \u00fclkede ikamet etmesi gerekli. Dubai \u00e7al\u0131\u015fma iznine sahip olan ki\u015fi vizesi s\u00fcresini uzatmay\u0131 isterse \u0130\u00e7 i\u015fleri Bakanl\u0131\u011f\u0131 n\u00fcfus m\u00fcd\u00fcrl\u00fc\u011f\u00fcnden birisine ba\u015fvuru yapmamaktad\u0131r.<\/span><br \/><span style=\"font-family: Roboto; font-size: 14px;\">Dubai \u00e7al\u0131\u015fma izni i\u00e7in gerekli birtak\u0131m evraklar bulunmaktad\u0131r.<\/span><\/p>\r\n<h2><span style=\"font-family: Roboto; font-size: 27px;\"><strong>Dubai \u00c7al\u0131\u015fma \u0130zni Nas\u0131l Al\u0131n\u0131r?<\/strong><\/span><\/h2>\r\n<p><span style=\"font-family: Roboto; font-size: 14px;\">T\u00fcrkiye\u2019den Dubai\u2019ye \u00e7al\u0131\u015fmak i\u00e7in gitmek isteyen vatanda\u015flar<strong> Dubai vizesi<\/strong> almak zorundad\u0131r. Dubai s\u0131n\u0131rlar\u0131 i\u00e7erisinde izinli bir \u015fekilde \u00e7al\u0131\u015fabilmek i\u00e7in vatanda\u015flar\u0131n <strong>Dubai \u00e7al\u0131\u015fma izni<\/strong> almas\u0131 zorunludur. Dubai\u2019ye daha \u00f6nceki d\u00f6nemde 90 g\u00fcnl\u00fck seyahat ger\u00e7ekle\u015ftiren vatanda\u015flar Dubai\u2019de ilgili kurumlar ile ileti\u015fime ge\u00e7erek buradan<strong> Dubai \u00e7al\u0131\u015fma izni<\/strong> alabilirler.<\/span><\/p>\r\n<p><span style=\"font-family: Roboto; font-size: 14px;\">E\u011fer Dubai\u2019de \u00e7al\u0131\u015fmak isteyen vatanda\u015flar kendileri ile birlikte ailelerini de bu \u00fclkede ikamet ettirmek isterler bu durumda \u00e7al\u0131\u015fma i\u00e7in gerekli kefilli\u011fi sa\u011flayacak olan vatanda\u015flar\u0131n vatanda\u015f\u0131n ailesi i\u00e7in de kefil olmas\u0131 gerekir.\u00a0 Gerekli izinlerin al\u0131nmas\u0131n\u0131n ard\u0131ndan vatanda\u015flar\u0131n aileleri de Dubai\u2019de ikamet edebilir. Vatanda\u015flar 90 g\u00fcnl\u00fck turistik vizeye sahip olduktan sonra bu \u00fclkede \u00e7al\u0131\u015fma izni i\u00e7in gerekli ba\u015fvurular\u0131 yapabilirler.<\/span><\/p>\r\n<p><span style=\"font-family: Roboto; font-size: 14px;\"><strong>Dubai \u00e7al\u0131\u015fma vizesi<\/strong>, \u00e7al\u0131\u015f\u0131lacak olan i\u015fyerinde sahip olunacak stat\u00fcye g\u00f6re de\u011fi\u015fiklik g\u00f6sterir.\u00a0 Ba\u015fvuru esnas\u0131nda vatanda\u015flar\u0131n mesleki yeterlilikleri hakk\u0131nda temel bilgi talep edilir. Bununla birlikte yine vatanda\u015flar\u0131n \u0130ngilizce dilini bilmeleri de genel bir zorunluluktur.<\/span><\/p>\r\n<p><span style=\"font-family: Roboto; font-size: 14px;\"><strong>Dubai \u00e7al\u0131\u015fma izni nas\u0131l al\u0131n\u0131r<\/strong>\u00a0sorusuna yan\u0131t arayan vatanda\u015flar Dubai vizesinin al\u0131naca\u011f\u0131 <strong>Dubai Konsolosluklar\u0131<\/strong> ile ileti\u015fime ge\u00e7erek gerekli bilgiye sahip olabilir. Konsoloslu\u011fa yak\u0131n mesafede ikamet etmeyen vatanda\u015flar ya\u015fad\u0131klar\u0131 \u015fehirlerde hizmet eden resmi acenteler ile ileti\u015fime ge\u00e7erek de gerekli bilgiyi alabilirler.<\/span><\/p>\r\n<p><span style=\"font-family: Roboto;\"><\/span><\/p>","protected":false},"excerpt":{"rendered":"<p>Ki\u015filer Dubai \u00e7al\u0131\u015fma vizesi alabilmek i\u00e7in \u00f6nce 90 G\u00fcnl\u00fck Dubai Vizesi\u00a0ile \u00fclke s\u0131n\u0131rlar\u0131 i\u00e7inde seyahat etmek zorundad\u0131rlar. Daha sonra \u00e7al\u0131\u015fma izni i\u00e7in Dubai\u2019de i\u015flemler yap\u0131lmaktad\u0131r.\u00a0 Dubai \u00e7al\u0131\u015fma izni ba\u015fvuru sahiplerinin mesleklerine ve stat\u00fclerine g\u00f6re de\u011fi\u015fkenlik g\u00f6sterir. Buna ba\u011fl\u0131 olarak ki\u015filerin mesleki deneyimleri ve \u0130ngilizce seviyeleri b\u00fcy\u00fck \u00f6nem arz etmektedir.\u00a0 Dubai \u00e7al\u0131\u015fma vizesi i\u00e7in en \u00f6nemli<\/p>\n","protected":false},"author":1,"featured_media":0,"parent":18,"menu_order":0,"comment_status":"closed","ping_status":"closed","template":"","meta":{"footnotes":""},"class_list":["post-43","page","type-page","status-publish","hentry"],"yoast_head":"<!-- This site is optimized with the Yoast SEO plugin v24.0 - https:\/\/yoast.com\/wordpress\/plugins\/seo\/ -->\n<title>Dubai \u00c7al\u0131\u015fma \u0130zni Vizesi - MyVize Vize Ba\u015fvuru Merkezi<\/title>\n<meta name=\"description\" content=\"Dubai \u00c7al\u0131\u015fma \u0130zni Vizesi Nas\u0131l Al\u0131n\u0131r? Dubai \u00c7al\u0131\u015fma \u0130zni Vize \u015eartlar\u0131 Nelerdir? Dubai \u00c7al\u0131\u015fma \u0130zni \u0130\u00e7in Gerekli Evraklar Neler?\" \/>\n<meta name=\"robots\" content=\"index, follow, max-snippet:-1, max-image-preview:large, max-video-preview:-1\" \/>\n<link rel=\"canonical\" href=\"https:\/\/myvize.com.tr\/dubai\/vize-islemleri\/dubai-calisma-izni\/\" \/>\n<meta property=\"og:locale\" content=\"tr_TR\" \/>\n<meta property=\"og:type\" content=\"article\" \/>\n<meta property=\"og:title\" content=\"Dubai \u00c7al\u0131\u015fma \u0130zni Vizesi - MyVize Vize Ba\u015fvuru Merkezi\" \/>\n<meta property=\"og:description\" content=\"Dubai \u00c7al\u0131\u015fma \u0130zni Vizesi Nas\u0131l Al\u0131n\u0131r? Dubai \u00c7al\u0131\u015fma \u0130zni Vize \u015eartlar\u0131 Nelerdir? Dubai \u00c7al\u0131\u015fma \u0130zni \u0130\u00e7in Gerekli Evraklar Neler?\" \/>\n<meta property=\"og:url\" content=\"https:\/\/myvize.com.tr\/dubai\/vize-islemleri\/dubai-calisma-izni\/\" \/>\n<meta property=\"og:site_name\" content=\"Dubai Vizesi\" \/>\n<meta property=\"article:modified_time\" content=\"2021-11-04T12:29:38+00:00\" \/>\n<meta property=\"og:image\" content=\"https:\/\/myvize.com.tr\/dubai\/wp-content\/uploads\/2021\/10\/34.jpg\" \/>\n<meta name=\"twitter:card\" content=\"summary_large_image\" \/>\n<meta name=\"twitter:label1\" content=\"Tahmini okuma s\u00fcresi\" \/>\n\t<meta name=\"twitter:data1\" content=\"3 dakika\" \/>\n<script type=\"application\/ld+json\" class=\"yoast-schema-graph\">{\"@context\":\"https:\/\/schema.org\",\"@graph\":[{\"@type\":\"WebPage\",\"@id\":\"https:\/\/myvize.com.tr\/dubai\/vize-islemleri\/dubai-calisma-izni\/\",\"url\":\"https:\/\/myvize.com.tr\/dubai\/vize-islemleri\/dubai-calisma-izni\/\",\"name\":\"Dubai \u00c7al\u0131\u015fma \u0130zni Vizesi - MyVize Vize Ba\u015fvuru Merkezi\",\"isPartOf\":{\"@id\":\"https:\/\/myvize.com.tr\/dubai\/#website\"},\"primaryImageOfPage\":{\"@id\":\"https:\/\/myvize.com.tr\/dubai\/vize-islemleri\/dubai-calisma-izni\/#primaryimage\"},\"image\":{\"@id\":\"https:\/\/myvize.com.tr\/dubai\/vize-islemleri\/dubai-calisma-izni\/#primaryimage\"},\"thumbnailUrl\":\"https:\/\/myvize.com.tr\/dubai\/wp-content\/uploads\/2021\/10\/34.jpg\",\"datePublished\":\"2020-11-30T09:47:27+00:00\",\"dateModified\":\"2021-11-04T12:29:38+00:00\",\"description\":\"Dubai \u00c7al\u0131\u015fma \u0130zni Vizesi Nas\u0131l Al\u0131n\u0131r? Dubai \u00c7al\u0131\u015fma \u0130zni Vize \u015eartlar\u0131 Nelerdir? Dubai \u00c7al\u0131\u015fma \u0130zni \u0130\u00e7in Gerekli Evraklar Neler?\",\"breadcrumb\":{\"@id\":\"https:\/\/myvize.com.tr\/dubai\/vize-islemleri\/dubai-calisma-izni\/#breadcrumb\"},\"inLanguage\":\"tr\",\"potentialAction\":[{\"@type\":\"ReadAction\",\"target\":[\"https:\/\/myvize.com.tr\/dubai\/vize-islemleri\/dubai-calisma-izni\/\"]}]},{\"@type\":\"ImageObject\",\"inLanguage\":\"tr\",\"@id\":\"https:\/\/myvize.com.tr\/dubai\/vize-islemleri\/dubai-calisma-izni\/#primaryimage\",\"url\":\"https:\/\/myvize.com.tr\/dubai\/wp-content\/uploads\/2021\/10\/34.jpg\",\"contentUrl\":\"https:\/\/myvize.com.tr\/dubai\/wp-content\/uploads\/2021\/10\/34.jpg\",\"width\":800,\"height\":500,\"caption\":\"Dubai \u00c7al\u0131\u015fma \u0130zni\"},{\"@type\":\"BreadcrumbList\",\"@id\":\"https:\/\/myvize.com.tr\/dubai\/vize-islemleri\/dubai-calisma-izni\/#breadcrumb\",\"itemListElement\":[{\"@type\":\"ListItem\",\"position\":1,\"name\":\"Anasayfa\",\"item\":\"https:\/\/myvize.com.tr\/dubai\/\"},{\"@type\":\"ListItem\",\"position\":2,\"name\":\"V\u0130ZE \u0130\u015eLEMLER\u0130\",\"item\":\"https:\/\/myvize.com.tr\/dubai\/vize-islemleri\/\"},{\"@type\":\"ListItem\",\"position\":3,\"name\":\"Dubai \u00c7al\u0131\u015fma \u0130zni\"}]},{\"@type\":\"WebSite\",\"@id\":\"https:\/\/myvize.com.tr\/dubai\/#website\",\"url\":\"https:\/\/myvize.com.tr\/dubai\/\",\"name\":\"Dubai Vizesi\",\"description\":\"\",\"potentialAction\":[{\"@type\":\"SearchAction\",\"target\":{\"@type\":\"EntryPoint\",\"urlTemplate\":\"https:\/\/myvize.com.tr\/dubai\/?s={search_term_string}\"},\"query-input\":{\"@type\":\"PropertyValueSpecification\",\"valueRequired\":true,\"valueName\":\"search_term_string\"}}],\"inLanguage\":\"tr\"}]}<\/script>\n<!-- \/ Yoast SEO plugin. -->","yoast_head_json":{"title":"Dubai \u00c7al\u0131\u015fma \u0130zni Vizesi - MyVize Vize Ba\u015fvuru Merkezi","description":"Dubai \u00c7al\u0131\u015fma \u0130zni Vizesi Nas\u0131l Al\u0131n\u0131r? Dubai \u00c7al\u0131\u015fma \u0130zni Vize \u015eartlar\u0131 Nelerdir? Dubai \u00c7al\u0131\u015fma \u0130zni \u0130\u00e7in Gerekli Evraklar Neler?","robots":{"index":"index","follow":"follow","max-snippet":"max-snippet:-1","max-image-preview":"max-image-preview:large","max-video-preview":"max-video-preview:-1"},"canonical":"https:\/\/myvize.com.tr\/dubai\/vize-islemleri\/dubai-calisma-izni\/","og_locale":"tr_TR","og_type":"article","og_title":"Dubai \u00c7al\u0131\u015fma \u0130zni Vizesi - MyVize Vize Ba\u015fvuru Merkezi","og_description":"Dubai \u00c7al\u0131\u015fma \u0130zni Vizesi Nas\u0131l Al\u0131n\u0131r? Dubai \u00c7al\u0131\u015fma \u0130zni Vize \u015eartlar\u0131 Nelerdir? Dubai \u00c7al\u0131\u015fma \u0130zni \u0130\u00e7in Gerekli Evraklar Neler?","og_url":"https:\/\/myvize.com.tr\/dubai\/vize-islemleri\/dubai-calisma-izni\/","og_site_name":"Dubai Vizesi","article_modified_time":"2021-11-04T12:29:38+00:00","og_image":[{"url":"https:\/\/myvize.com.tr\/dubai\/wp-content\/uploads\/2021\/10\/34.jpg","type":"","width":"","height":""}],"twitter_card":"summary_large_image","twitter_misc":{"Tahmini okuma s\u00fcresi":"3 dakika"},"schema":{"@context":"https:\/\/schema.org","@graph":[{"@type":"WebPage","@id":"https:\/\/myvize.com.tr\/dubai\/vize-islemleri\/dubai-calisma-izni\/","url":"https:\/\/myvize.com.tr\/dubai\/vize-islemleri\/dubai-calisma-izni\/","name":"Dubai \u00c7al\u0131\u015fma \u0130zni Vizesi - MyVize Vize Ba\u015fvuru Merkezi","isPartOf":{"@id":"https:\/\/myvize.com.tr\/dubai\/#website"},"primaryImageOfPage":{"@id":"https:\/\/myvize.com.tr\/dubai\/vize-islemleri\/dubai-calisma-izni\/#primaryimage"},"image":{"@id":"https:\/\/myvize.com.tr\/dubai\/vize-islemleri\/dubai-calisma-izni\/#primaryimage"},"thumbnailUrl":"https:\/\/myvize.com.tr\/dubai\/wp-content\/uploads\/2021\/10\/34.jpg","datePublished":"2020-11-30T09:47:27+00:00","dateModified":"2021-11-04T12:29:38+00:00","description":"Dubai \u00c7al\u0131\u015fma \u0130zni Vizesi Nas\u0131l Al\u0131n\u0131r? Dubai \u00c7al\u0131\u015fma \u0130zni Vize \u015eartlar\u0131 Nelerdir? Dubai \u00c7al\u0131\u015fma \u0130zni \u0130\u00e7in Gerekli Evraklar Neler?","breadcrumb":{"@id":"https:\/\/myvize.com.tr\/dubai\/vize-islemleri\/dubai-calisma-izni\/#breadcrumb"},"inLanguage":"tr","potentialAction":[{"@type":"ReadAction","target":["https:\/\/myvize.com.tr\/dubai\/vize-islemleri\/dubai-calisma-izni\/"]}]},{"@type":"ImageObject","inLanguage":"tr","@id":"https:\/\/myvize.com.tr\/dubai\/vize-islemleri\/dubai-calisma-izni\/#primaryimage","url":"https:\/\/myvize.com.tr\/dubai\/wp-content\/uploads\/2021\/10\/34.jpg","contentUrl":"https:\/\/myvize.com.tr\/dubai\/wp-content\/uploads\/2021\/10\/34.jpg","width":800,"height":500,"caption":"Dubai \u00c7al\u0131\u015fma \u0130zni"},{"@type":"BreadcrumbList","@id":"https:\/\/myvize.com.tr\/dubai\/vize-islemleri\/dubai-calisma-izni\/#breadcrumb","itemListElement":[{"@type":"ListItem","position":1,"name":"Anasayfa","item":"https:\/\/myvize.com.tr\/dubai\/"},{"@type":"ListItem","position":2,"name":"V\u0130ZE \u0130\u015eLEMLER\u0130","item":"https:\/\/myvize.com.tr\/dubai\/vize-islemleri\/"},{"@type":"ListItem","position":3,"name":"Dubai \u00c7al\u0131\u015fma \u0130zni"}]},{"@type":"WebSite","@id":"https:\/\/myvize.com.tr\/dubai\/#website","url":"https:\/\/myvize.com.tr\/dubai\/","name":"Dubai Vizesi","description":"","potentialAction":[{"@type":"SearchAction","target":{"@type":"EntryPoint","urlTemplate":"https:\/\/myvize.com.tr\/dubai\/?s={search_term_string}"},"query-input":{"@type":"PropertyValueSpecification","valueRequired":true,"valueName":"search_term_string"}}],"inLanguage":"tr"}]}},"_links":{"self":[{"href":"https:\/\/myvize.com.tr\/dubai\/wp-json\/wp\/v2\/pages\/43","targetHints":{"allow":["GET"]}}],"collection":[{"href":"https:\/\/myvize.com.tr\/dubai\/wp-json\/wp\/v2\/pages"}],"about":[{"href":"https:\/\/myvize.com.tr\/dubai\/wp-json\/wp\/v2\/types\/page"}],"author":[{"embeddable":true,"href":"https:\/\/myvize.com.tr\/dubai\/wp-json\/wp\/v2\/users\/1"}],"replies":[{"embeddable":true,"href":"https:\/\/myvize.com.tr\/dubai\/wp-json\/wp\/v2\/comments?post=43"}],"version-history":[{"count":7,"href":"https:\/\/myvize.com.tr\/dubai\/wp-json\/wp\/v2\/pages\/43\/revisions"}],"predecessor-version":[{"id":517,"href":"https:\/\/myvize.com.tr\/dubai\/wp-json\/wp\/v2\/pages\/43\/revisions\/517"}],"up":[{"embeddable":true,"href":"https:\/\/myvize.com.tr\/dubai\/wp-json\/wp\/v2\/pages\/18"}],"wp:attachment":[{"href":"https:\/\/myvize.com.tr\/dubai\/wp-json\/wp\/v2\/media?parent=43"}],"curies":[{"name":"wp","href":"https:\/\/api.w.org\/{rel}","templated":true}]}}