{"id":39,"date":"2020-11-30T12:46:14","date_gmt":"2020-11-30T09:46:14","guid":{"rendered":"https:\/\/myvize.com.tr\/dubai\/?page_id=39"},"modified":"2022-08-01T14:21:44","modified_gmt":"2022-08-01T11:21:44","slug":"dubai-vize-randevusu","status":"publish","type":"page","link":"https:\/\/myvize.com.tr\/dubai\/vize-islemleri\/dubai-vize-randevusu\/","title":{"rendered":"Dubai Vize Randevusu"},"content":{"rendered":"<h2><span style=\"font-family: Roboto; font-size: 27px;\"><strong>Dubai Vize Randevusu Hakk\u0131nda<\/strong><\/span><\/h2>\n<p><span style=\"font-family: Roboto; font-size: 14px;\"><strong>Dubai vizesi<\/strong> e-vize kapsam\u0131 oldu\u011fu i\u00e7in, pasaport \u00fczerinde herhangi i\u015flem uygulanm\u0131yor. Vize onay\u0131 online sistemde yap\u0131ld\u0131\u011f\u0131 i\u00e7in vize onay\u0131 elektronik adresinize geliyor. Belgeleriniz \u00e7\u0131kt\u0131s\u0131 alarak, b\u00fct\u00fcn seyahat boyu yan\u0131n\u0131zda bulunduruyorsunuz.<\/span><br \/>\n<span style=\"font-family: Roboto; font-size: 14px;\">Vize ba\u015fvurunuzu G\u00f6\u00e7menlik ofisi resmi internet sayfas\u0131ndan yap\u0131yorsunuz. Fakat bu sayfalar 7\/24 a\u00e7\u0131k de\u011fil. Dubai resmi dairesinin \u00e7al\u0131\u015fma sistemi burada da ge\u00e7erli. Yani online ba\u015fvuru sistemleri 09.00 ve 16.00 aras\u0131nda \u00e7al\u0131\u015fmaktad\u0131r. Resm\u00ee kurum Cuma ve Cumartesi g\u00fcn\u00fc kapal\u0131 oldu\u011fu i\u00e7in online sistemler \u00e7al\u0131\u015fma saati ve tatil g\u00fcn\u00fcnde ba\u015fvuru kabul etmiyor. Ba\u015fvurunuz bir sonraki \u00e7al\u0131\u015fma saatlerine ve g\u00fcnlerine kabul ediliyor.<\/span><br \/>\n<span style=\"font-family: Roboto; font-size: 14px;\">Dubai, turistik b\u00f6lge oldu\u011fu i\u00e7in genelde vize talebi onaylan\u0131yor. Ge\u00e7mi\u015f y\u0131lda Birle\u015fik Arap Emirli\u011fiyle sorun ya\u015famam\u0131\u015f ve su\u00e7lara kar\u0131\u015fmam\u0131\u015f olan ki\u015finin <strong>Dubai vize ba\u015fvurusu<\/strong> olumlu yan\u0131tlan\u0131yor.<\/span><br \/>\n<span style=\"font-family: Roboto; font-size: 14px;\">Otomasyon sistemi oldu\u011fu i\u00e7in vize talebiniz 24-48 saat aralar\u0131nda yan\u0131tlan\u0131yor. Olumlu, olumsuz ya da d\u00fczeltme, ekleme yan\u0131t\u0131 e-mail olarak size g\u00f6nderilir. Talebiniz olumlu kar\u015f\u0131land\u0131\u011f\u0131 zamanda vize olarak ge\u00e7erli belgeler size g\u00f6nderilir. Bu belgelerin \u00e7\u0131kt\u0131s\u0131n\u0131 alarak, g\u00fcmr\u00fck kap\u0131s\u0131nda g\u00f6steriyorsunuz.<\/span><br \/>\n<span style=\"font-family: Roboto; font-size: 14px;\">Talebiniz olumsuz kar\u015f\u0131land\u0131\u011f\u0131, ge\u00e7erli sebepleri size bildiriliyor. Olumsuz durumlar\u0131 d\u00fczeltip daha sonra ba\u015fvurabilirsiniz. D\u00fczeltme ya da belge ekleme yaz\u0131s\u0131nda eksik ya da yanl\u0131\u015f bilgi d\u00fczeltip, belgeleri ekleyip, yeniden ba\u015fvurabilirsiniz.<\/span><br \/>\n<span style=\"font-family: Roboto; font-size: 14px;\"><strong>Dubai vizesi<\/strong> ba\u015fvuru onay s\u00fcre\u00e7leri ortalama 2 g\u00fcn s\u00fcrd\u00fc\u011f\u00fc i\u00e7in vize ba\u015fvurunuzu bu zaman dilimlerini dikkate alarak yapmal\u0131s\u0131n\u0131z. Bu sebeple en erken 3 g\u00fcn \u00f6ncesi vize ba\u015fvurunuzu yapars\u0131n\u0131z, seyahatiniz olumsuz etkilenmez.<\/span><\/p>\n<h2><span style=\"font-family: Roboto; font-size: 27px;\"><strong>Dubai Vize Randevusu Veriyor Mu?<\/strong><\/span><\/h2>\n<p><span style=\"font-family: Roboto; font-size: 14px;\">Bu ba\u015fl\u0131kta \u201c<strong>Dubai vize randevusu veriyor mu?<\/strong>\u2019\u2019 sorusuna cevap verilmi\u015ftir.<\/span><\/p>\n<p><span style=\"font-family: Roboto; font-size: 14px;\">Birle\u015fik Arap Emirlikleri\u2019ne ayr\u0131ml\u0131 sebepler ile yolculuk yapmak isteyen T\u00fcrk yurtta\u015flar\u0131, yapacaklar\u0131 yolculu\u011fun sebebine uygun olan Dubai vizesini almalar\u0131 laz\u0131md\u0131r. Bunun i\u00e7in de zorunlu i\u015flemler Dubai Konsoloslu\u011fu vas\u0131tas\u0131yla y\u00fcr\u00fct\u00fclmektedir.\u00a0<strong>Dubai Konsoloslu\u011fu\u2019nda randevu sistemi bulunmuyor.<\/strong>\u00a0Zorunlu Birle\u015fik Arap Emirlikleri vizeleri i\u00e7in m\u00fcracaatlar online olarak yap\u0131l\u0131yor.<\/span><\/p>\n<p><span style=\"font-family: Roboto; font-size: 14px;\"><strong>Birle\u015fik Arap Emirlikleri vizesi<\/strong> vermekte sorumlu olan tek kurum Dubai Konsoloslu\u011fu\u2019dur. Bordo pasaport sahibi yurtta\u015flar\u0131n<strong>\u00a0Birle\u015fik Arap Emirlikleri vizesi\u00a0<\/strong>i\u00e7in ya Ankara Birle\u015fik Arap Emirlikleri Temsilcili\u011fi\u2019ne ya da \u0130stanbul Birle\u015fik Arap Emirlikleri Ba\u015fkonsoloslu\u011fu\u2019na vize m\u00fcracaat\u0131nda bulunmas\u0131 zorundad\u0131r.<\/span><\/p>\n<p><span style=\"font-family: Roboto; font-size: 14px;\">Birle\u015fik Arap Emirlikleri vizesi i\u00e7in \u015fahsi olarak bir m\u00fcracaat yoktur. \u0130nternet \u00fczerinden Birle\u015fik Arap Emirlikleri internet sitesine girilerek online Dubai vizesi m\u00fcracaat\u0131nda bulunman\u0131z yeterli olacakt\u0131r. M\u00fcracaat\u0131 kendiniz yapabildi\u011finiz gibi Birle\u015fik Arap Emirlikleri taraf\u0131ndan g\u00f6revlendirilmi\u015f olan vize merkezleri vas\u0131tas\u0131 ile de yapabilirsiniz. Vize \u00e7e\u015fidine g\u00f6re istenilen t\u00fcm belgelerin noksans\u0131z ve hatas\u0131z olarak haz\u0131rlanmas\u0131 istenir. Yoksa Dubai vize m\u00fcracaat\u0131 Konsolosluk taraf\u0131ndan reddedilir.<\/span><\/p>\n<p><span style=\"font-family: Roboto; font-size: 14px;\"><span style=\"color: #2acec2;\"><strong><a style=\"color: #2acec2;\" href=\"https:\/\/myvize.com.tr\/dubai\/vize-islemleri\/dubai-vize-basvuru-formu\/\" target=\"_blank\" rel=\"noopener\">Dubai Vize Ba\u015fvuru Formu<\/a><\/strong><\/span> ile ilgili bilgi almak i\u00e7in bizi aray\u0131n.<\/span><\/p>\n<p><img decoding=\"async\" src=\"https:\/\/myvize.com.tr\/dubai\/wp-content\/uploads\/2021\/10\/29.jpg\" \/><\/p>\n<h2><span style=\"font-family: Roboto; font-size: 27px;\"><strong>Dubai Vize Randevusu Nas\u0131l Al\u0131n\u0131r?<\/strong><\/span><\/h2>\n<p><span style=\"font-family: Roboto; font-size: 14px;\"><strong>Dubai \u0130stanbul Konsoloslu\u011fu<\/strong> \u0130stanbul\u2019da Konaklar Mahallesi Me\u015feli Sokak No: 11 34330 Levent adresinde hizmet vermektedir. Vatanda\u015flar vize i\u00e7in gerekli i\u015flemleri bu adresten bizzat ba\u015fvuruda bulunarak ger\u00e7ekle\u015ftirebilirler.\u00a0<strong>Dubai vize randevusu nas\u0131l al\u0131n\u0131r<\/strong>\u00a0ve <strong>Dubai vize ba\u015fvuru<\/strong> evraklar\u0131 nelerdir gibi sorulara yan\u0131t arayan vatanda\u015flar <strong>Dubai Konsoloslu\u011fu<\/strong> ile ileti\u015fime ge\u00e7erek gerekli bilgilere sahip olabilirler.<\/span><\/p>\n<p><span style=\"font-family: Roboto; font-size: 14px;\"><span style=\"color: #2acec2;\"><strong><a style=\"color: #2acec2;\" href=\"https:\/\/myvize.com.tr\/dubai\/dubai-vize\/\" target=\"_blank\" rel=\"noopener\">Dubai vizesi<\/a><\/strong><\/span> almak isteyen vatanda\u015flar\u0131n izlemesi gereken bir di\u011fer yol ise elektronik ortamd\u0131r. \u0130nternet \u00fczerinden vatanda\u015flar e-ba\u015fvuru arac\u0131l\u0131\u011f\u0131 ile de vize ba\u015fvuru i\u015flemlerini ba\u015flatabilirler. Ba\u015fvuru esnas\u0131nda vatanda\u015flar vize ba\u015fvuru \u00fccretini de yine elektronik ortamlardan yat\u0131rabilir ve gerekli evraklar\u0131 buradan yetkililere sunabilir. <strong>E-posta arac\u0131l\u0131\u011f\u0131<\/strong> ile al\u0131nacak olan vizelerin ge\u00e7erlilik s\u00fcresi maksimum 60 g\u00fcnd\u00fcr ve Dubai\u2019de kalma s\u00fcresi de 28 g\u00fcnd\u00fcr. Bu s\u0131n\u0131r\u0131 a\u015fan vatanda\u015flar bir tak\u0131m cezai y\u00fck\u00fcml\u00fcl\u00fckler ile kar\u015f\u0131 kar\u015f\u0131ya kalabilir.<\/span><\/p>\n<p><span style=\"font-family: Roboto; font-size: 14px;\"><strong>Dubai Konsoloslu\u011fu<\/strong> iki \u00fclke i\u00e7in resmi olarak tatil ilan edilen g\u00fcnlerde hizmete kapal\u0131d\u0131r. Vatanda\u015flar di\u011fer g\u00fcnlerde konsolosluktan randevu alarak vize ve diplomatik anlamda gerekli olan evrak hizmetini alabilirler.<\/span><\/p>\n<h2><span style=\"font-family: Roboto; font-size: 27px;\"><strong>Dubai Vize Randevusu Ne Zamana Veriliyor?<\/strong><\/span><\/h2>\n<p><span style=\"font-family: Roboto; font-size: 14px;\">Bu ba\u015fl\u0131kta \u201c<strong>Dubai vize randevusu ne zamana veriliyor<\/strong>\u2019\u2019 sorusuna cevap verilmi\u015ftir.<\/span><\/p>\n<p><span style=\"font-family: Roboto; font-size: 14px;\">Vize tasdik edildi\u011fi zaman 58 g\u00fcnl\u00fck bir ge\u00e7erlilik s\u00fcresine sahiptir. Yani Dubai vizesinin al\u0131nmas\u0131ndan m\u00fcteakiben 58 g\u00fcn i\u00e7inde yurda giri\u015f yap\u0131lmas\u0131 gerekiyor. Yoksa vize iptal olur. Dubai\u2019ye giri\u015ften sonra ise 29 g\u00fcnl\u00fck konaklama hakk\u0131 verilir. 29 g\u00fcn sonunda Dubai\u2019den \u00e7\u0131kmak gereklidir. S\u00fcrd\u00fcrme yap\u0131lmak istenmesi halinde yetkili temsilci ile haberle\u015fmeye ge\u00e7ip arzunuzu iletmeniz gerekiyor. Yoksa kal\u0131\u015f zaman\u0131n\u0131 ge\u00e7iren \u015fah\u0131slara cezai i\u015flem uygulan\u0131r ve firari oldu\u011fu rapor edilir. Sonras\u0131nda yurda bir daha giri\u015f yapmas\u0131 m\u00fcmk\u00fcn de\u011fildir.<\/span><\/p>\n<p><span style=\"font-family: Roboto; font-size: 14px;\">29 g\u00fcnl\u00fck vize s\u00fcresi m\u00fcteakiben yurttan \u00e7\u0131k\u0131\u015f yapmayan \u015fah\u0131slara 3000 ABD Dolar\u0131 para cezas\u0131 uygulan\u0131r. Bu sebeple verilen s\u00fcre i\u00e7inde Dubai\u2019de konaklanarak s\u00fcre sonunda yurttan \u00e7\u0131kmak gerekir. Dubai vize servisi vas\u0131tas\u0131 ile yap\u0131lan m\u00fcracaatlar\u0131, sabah 09.00 ile ak\u015fam 16.00 vakitleri aras\u0131nda ge\u00e7erlidir. Saat 16.00\u2019dan sonra yap\u0131lan m\u00fcracaatlar, bir sonraki i\u015f g\u00fcn\u00fcne nakil yap\u0131l\u0131r. Vize i\u00e7in 7\/24 m\u00fcracaat yap\u0131labilir. Cuma ile Cumartesi g\u00fcnleri aras\u0131 Birle\u015fik Arap Emirlikleri\u2019nde resmi tatil oldu\u011fundan dolay\u0131 m\u00fcracaatlar Pazar g\u00fcn\u00fc i\u015fleme al\u0131n\u0131r.<\/span><\/p>\n<h2><span style=\"font-family: Roboto; font-size: 27px;\"><strong>Dubai Vize Randevusu Nereden Al\u0131n\u0131r?<\/strong><\/span><\/h2>\n<p><span style=\"font-family: Roboto; font-size: 14px;\">Bu ba\u015fl\u0131kta \u201c<strong>Dubai vize randevusu nereden al\u0131n\u0131r?<\/strong>\u2019\u2019 sorusuna cevap verilmi\u015ftir.<\/span><\/p>\n<p><span style=\"font-family: Roboto; font-size: 14px;\">Dubai Ortado\u011fu memleketleri aras\u0131nda en geli\u015fmi\u015f \u00fclkelerden birisidir. Son zamanlarda buraya gidi\u015flerde y\u00fckseli\u015fler ya\u015fand\u0131\u011f\u0131 s\u00f6ylenebilir. Dubai vizesi sahibi olmak i\u00e7in her \u015feyden \u00f6nce muhakkak zorunlu olan t\u00fcm kaidelere uyulmal\u0131d\u0131r. Zorunlu kaidelere uyularak prosed\u00fcrler ad\u0131m ad\u0131m ba\u015flat\u0131labilir. M\u00fcracaat yapmak i\u00e7in bir\u00e7ok y\u00f6ntem bulunuyor.<\/span><\/p>\n<p><span style=\"font-family: Roboto; font-size: 14px;\">Birle\u015fik Arap Emirli\u011fi Konsoloslu\u011fu veya temsilciliklerine \u015fahsen m\u00fcracaatta bulunmak muhtemeldir. Bunun yan\u0131 s\u0131ra, Birle\u015fik Arap Emirliklerine yolculuk yapan hava yollar\u0131 \u015firketleri ile haberle\u015ferek Dubai vize m\u00fcracaat\u0131nda bulunmak muhtemel olabilir. Birle\u015fik Arap Emirlikleri G\u00f6\u00e7menlik Ofisleri de vize m\u00fcracaat\u0131nda bulunmak i\u00e7in alternatifler aras\u0131nda yer al\u0131yor.<\/span><\/p>\n<p><span style=\"font-family: Roboto; font-size: 14px;\"><strong>Dubai vizesi<\/strong> yolculu\u011fun sebebine g\u00f6re yap\u0131l\u0131yor. M\u00fcracaat yapan \u015fah\u0131s hangi sebepten \u00f6t\u00fcr\u00fc gidiyorsa buna y\u00f6nelik m\u00fcracaat yapmas\u0131 gerekir. M\u00fcracaat yap\u0131lmas\u0131 i\u00e7in her \u015feyden \u00f6nce evraklar\u0131n tertipli \u015fekilde haz\u0131rlanm\u0131\u015f olmas\u0131 gerekiyor.<\/span><\/p>\n<p><span style=\"font-family: Roboto; font-size: 14px;\">Evraklarda en ufak noksanl\u0131k m\u00fcracaat\u0131n olumsuz sonu\u00e7lanmas\u0131na sebep olabilir. M\u00fcracaat ret olursa, \u00f6denen \u00fccretler geri \u00f6denmeyece\u011fi gibi yine ayn\u0131 prosesleri izleyerek m\u00fcracaat yap\u0131labilir.<\/span><\/p>\n<h3><span style=\"font-family: Roboto; font-size: 24px;\"><strong>Dubai Vize Randevusu Nas\u0131l Sorgulan\u0131r?<\/strong><\/span><\/h3>\n<p><span style=\"font-family: Roboto; font-size: 14px;\">Bu ba\u015fl\u0131kta \u201c<strong>Dubai vize randevusu nas\u0131l sorgulan\u0131r?\u2019<\/strong>\u2019 sorusuna cevap verilmi\u015ftir.<\/span><\/p>\n<p><span style=\"font-family: Roboto; font-size: 14px;\"><strong>Dubai vize sorgulama<\/strong> ve takip prosed\u00fcrleri online olarak yap\u0131l\u0131yor. <strong>Dubai vize<\/strong> m\u00fcracaat sorgulama y\u00f6ntemi \u0130kamet ve Yabanc\u0131 \u0130li\u015fkileri Genel M\u00fcd\u00fcrl\u00fc\u011f\u00fc internet sitesi \u00fcst\u00fcnden Vision eForm ile yap\u0131l\u0131yor.<\/span><\/p>\n<p><span style=\"font-family: Roboto; font-size: 14px;\">Dubai vize m\u00fcracaat\u0131nda sorgulamak i\u00e7in m\u00fcracaat ve tavsiye numaras\u0131na gereksinim duyulmaktad\u0131r. Dubai vize m\u00fcracaat\u0131 takdim edildi\u011finde kontrol edebilmek i\u00e7in referans ve m\u00fcracaat numaralar\u0131 talep edilmelidir.<\/span><\/p>\n<p><span style=\"font-family: Roboto; font-size: 14px;\">M\u00fcracaat edilen <strong>Dubai vizeleri<\/strong> i\u00e7in takip ve sorgulama prosed\u00fcrleri, hem online olarak hem de 5 kademeli SMS bilgilendirme servisi ile yap\u0131l\u0131yor.<\/span><\/p>\n<p><span style=\"font-family: Roboto; font-size: 14px;\">Dubai vize takip i\u015flemi online olarak e-vize m\u00fcracaat\u0131n\u0131n yap\u0131ld\u0131\u011f\u0131 ba\u011flant\u0131lardan yap\u0131lmaktad\u0131r.<strong> Dubai vize m\u00fcracaat\u0131 ve h\u00fckm\u00fc<\/strong>, Dubai \u0130kamet ve Yabanc\u0131 \u0130li\u015fkileri Genel M\u00fcd\u00fcrl\u00fc\u011f\u00fc internet sitesi \u00fcst\u00fcnden takip edilebiliyor.<\/span><\/p>\n<p><span style=\"font-family: Roboto; font-size: 14px;\">Dubai vizesinin pozisyonu, tebli\u011fi, son ge\u00e7erlilik tarihi ve ge\u00e7erlili\u011fi Amer internet sitesi \u00fcst\u00fcnden de denetlenebiliyor. Dubai vize m\u00fcracaat\u0131n\u0131n denetimi <strong>DubaiNow uygulamas\u0131<\/strong> \u00fcst\u00fcnden vize hususu hakk\u0131nda sorgulama yap\u0131larak da sa\u011flanabiliyor.<\/span><\/p>\n","protected":false},"excerpt":{"rendered":"<p>Dubai Vize Randevusu Hakk\u0131nda Dubai vizesi e-vize kapsam\u0131 oldu\u011fu i\u00e7in, pasaport \u00fczerinde herhangi i\u015flem uygulanm\u0131yor. Vize onay\u0131 online sistemde yap\u0131ld\u0131\u011f\u0131 i\u00e7in vize onay\u0131 elektronik adresinize geliyor. Belgeleriniz \u00e7\u0131kt\u0131s\u0131 alarak, b\u00fct\u00fcn seyahat boyu yan\u0131n\u0131zda bulunduruyorsunuz. Vize ba\u015fvurunuzu G\u00f6\u00e7menlik ofisi resmi internet sayfas\u0131ndan yap\u0131yorsunuz. Fakat bu sayfalar 7\/24 a\u00e7\u0131k de\u011fil. Dubai resmi dairesinin \u00e7al\u0131\u015fma sistemi burada da<\/p>\n","protected":false},"author":1,"featured_media":0,"parent":18,"menu_order":0,"comment_status":"closed","ping_status":"closed","template":"","meta":{"footnotes":""},"class_list":["post-39","page","type-page","status-publish","hentry"],"yoast_head":"<!-- This site is optimized with the Yoast SEO plugin v24.0 - https:\/\/yoast.com\/wordpress\/plugins\/seo\/ -->\n<title>Dubai Vize Randevusu - MyVize Vize Ba\u015fvuru Merkezi<\/title>\n<meta name=\"description\" content=\"Dubai Vize Randevusu Nas\u0131l Al\u0131n\u0131r? Dubai Vize Randevusu 2022 G\u00fcncel Bilgileri Neler? Bilgi \u0130\u00e7in Vize Uzmanlar\u0131m\u0131z\u0131 Aray\u0131n: 0850 346 84 93\" \/>\n<meta name=\"robots\" content=\"index, follow, max-snippet:-1, max-image-preview:large, max-video-preview:-1\" \/>\n<link rel=\"canonical\" href=\"https:\/\/myvize.com.tr\/dubai\/vize-islemleri\/dubai-vize-randevusu\/\" \/>\n<meta property=\"og:locale\" content=\"tr_TR\" \/>\n<meta property=\"og:type\" content=\"article\" \/>\n<meta property=\"og:title\" content=\"Dubai Vize Randevusu - MyVize Vize Ba\u015fvuru Merkezi\" \/>\n<meta property=\"og:description\" content=\"Dubai Vize Randevusu Nas\u0131l Al\u0131n\u0131r? Dubai Vize Randevusu 2022 G\u00fcncel Bilgileri Neler? Bilgi \u0130\u00e7in Vize Uzmanlar\u0131m\u0131z\u0131 Aray\u0131n: 0850 346 84 93\" \/>\n<meta property=\"og:url\" content=\"https:\/\/myvize.com.tr\/dubai\/vize-islemleri\/dubai-vize-randevusu\/\" \/>\n<meta property=\"og:site_name\" content=\"Dubai Vizesi\" \/>\n<meta property=\"article:modified_time\" content=\"2022-08-01T11:21:44+00:00\" \/>\n<meta property=\"og:image\" content=\"https:\/\/myvize.com.tr\/dubai\/wp-content\/uploads\/2021\/10\/29.jpg\" \/>\n<meta name=\"twitter:card\" content=\"summary_large_image\" \/>\n<meta name=\"twitter:label1\" content=\"Tahmini okuma s\u00fcresi\" \/>\n\t<meta name=\"twitter:data1\" content=\"5 dakika\" \/>\n<script type=\"application\/ld+json\" class=\"yoast-schema-graph\">{\"@context\":\"https:\/\/schema.org\",\"@graph\":[{\"@type\":\"WebPage\",\"@id\":\"https:\/\/myvize.com.tr\/dubai\/vize-islemleri\/dubai-vize-randevusu\/\",\"url\":\"https:\/\/myvize.com.tr\/dubai\/vize-islemleri\/dubai-vize-randevusu\/\",\"name\":\"Dubai Vize Randevusu - MyVize Vize Ba\u015fvuru Merkezi\",\"isPartOf\":{\"@id\":\"https:\/\/myvize.com.tr\/dubai\/#website\"},\"primaryImageOfPage\":{\"@id\":\"https:\/\/myvize.com.tr\/dubai\/vize-islemleri\/dubai-vize-randevusu\/#primaryimage\"},\"image\":{\"@id\":\"https:\/\/myvize.com.tr\/dubai\/vize-islemleri\/dubai-vize-randevusu\/#primaryimage\"},\"thumbnailUrl\":\"https:\/\/myvize.com.tr\/dubai\/wp-content\/uploads\/2021\/10\/29.jpg\",\"datePublished\":\"2020-11-30T09:46:14+00:00\",\"dateModified\":\"2022-08-01T11:21:44+00:00\",\"description\":\"Dubai Vize Randevusu Nas\u0131l Al\u0131n\u0131r? Dubai Vize Randevusu 2022 G\u00fcncel Bilgileri Neler? Bilgi \u0130\u00e7in Vize Uzmanlar\u0131m\u0131z\u0131 Aray\u0131n: 0850 346 84 93\",\"breadcrumb\":{\"@id\":\"https:\/\/myvize.com.tr\/dubai\/vize-islemleri\/dubai-vize-randevusu\/#breadcrumb\"},\"inLanguage\":\"tr\",\"potentialAction\":[{\"@type\":\"ReadAction\",\"target\":[\"https:\/\/myvize.com.tr\/dubai\/vize-islemleri\/dubai-vize-randevusu\/\"]}]},{\"@type\":\"ImageObject\",\"inLanguage\":\"tr\",\"@id\":\"https:\/\/myvize.com.tr\/dubai\/vize-islemleri\/dubai-vize-randevusu\/#primaryimage\",\"url\":\"https:\/\/myvize.com.tr\/dubai\/wp-content\/uploads\/2021\/10\/29.jpg\",\"contentUrl\":\"https:\/\/myvize.com.tr\/dubai\/wp-content\/uploads\/2021\/10\/29.jpg\",\"width\":800,\"height\":500,\"caption\":\"Dubai Vize Randevusu\"},{\"@type\":\"BreadcrumbList\",\"@id\":\"https:\/\/myvize.com.tr\/dubai\/vize-islemleri\/dubai-vize-randevusu\/#breadcrumb\",\"itemListElement\":[{\"@type\":\"ListItem\",\"position\":1,\"name\":\"Anasayfa\",\"item\":\"https:\/\/myvize.com.tr\/dubai\/\"},{\"@type\":\"ListItem\",\"position\":2,\"name\":\"V\u0130ZE \u0130\u015eLEMLER\u0130\",\"item\":\"https:\/\/myvize.com.tr\/dubai\/vize-islemleri\/\"},{\"@type\":\"ListItem\",\"position\":3,\"name\":\"Dubai Vize Randevusu\"}]},{\"@type\":\"WebSite\",\"@id\":\"https:\/\/myvize.com.tr\/dubai\/#website\",\"url\":\"https:\/\/myvize.com.tr\/dubai\/\",\"name\":\"Dubai Vizesi\",\"description\":\"\",\"potentialAction\":[{\"@type\":\"SearchAction\",\"target\":{\"@type\":\"EntryPoint\",\"urlTemplate\":\"https:\/\/myvize.com.tr\/dubai\/?s={search_term_string}\"},\"query-input\":{\"@type\":\"PropertyValueSpecification\",\"valueRequired\":true,\"valueName\":\"search_term_string\"}}],\"inLanguage\":\"tr\"}]}<\/script>\n<!-- \/ Yoast SEO plugin. -->","yoast_head_json":{"title":"Dubai Vize Randevusu - MyVize Vize Ba\u015fvuru Merkezi","description":"Dubai Vize Randevusu Nas\u0131l Al\u0131n\u0131r? Dubai Vize Randevusu 2022 G\u00fcncel Bilgileri Neler? Bilgi \u0130\u00e7in Vize Uzmanlar\u0131m\u0131z\u0131 Aray\u0131n: 0850 346 84 93","robots":{"index":"index","follow":"follow","max-snippet":"max-snippet:-1","max-image-preview":"max-image-preview:large","max-video-preview":"max-video-preview:-1"},"canonical":"https:\/\/myvize.com.tr\/dubai\/vize-islemleri\/dubai-vize-randevusu\/","og_locale":"tr_TR","og_type":"article","og_title":"Dubai Vize Randevusu - MyVize Vize Ba\u015fvuru Merkezi","og_description":"Dubai Vize Randevusu Nas\u0131l Al\u0131n\u0131r? Dubai Vize Randevusu 2022 G\u00fcncel Bilgileri Neler? Bilgi \u0130\u00e7in Vize Uzmanlar\u0131m\u0131z\u0131 Aray\u0131n: 0850 346 84 93","og_url":"https:\/\/myvize.com.tr\/dubai\/vize-islemleri\/dubai-vize-randevusu\/","og_site_name":"Dubai Vizesi","article_modified_time":"2022-08-01T11:21:44+00:00","og_image":[{"url":"https:\/\/myvize.com.tr\/dubai\/wp-content\/uploads\/2021\/10\/29.jpg","type":"","width":"","height":""}],"twitter_card":"summary_large_image","twitter_misc":{"Tahmini okuma s\u00fcresi":"5 dakika"},"schema":{"@context":"https:\/\/schema.org","@graph":[{"@type":"WebPage","@id":"https:\/\/myvize.com.tr\/dubai\/vize-islemleri\/dubai-vize-randevusu\/","url":"https:\/\/myvize.com.tr\/dubai\/vize-islemleri\/dubai-vize-randevusu\/","name":"Dubai Vize Randevusu - MyVize Vize Ba\u015fvuru Merkezi","isPartOf":{"@id":"https:\/\/myvize.com.tr\/dubai\/#website"},"primaryImageOfPage":{"@id":"https:\/\/myvize.com.tr\/dubai\/vize-islemleri\/dubai-vize-randevusu\/#primaryimage"},"image":{"@id":"https:\/\/myvize.com.tr\/dubai\/vize-islemleri\/dubai-vize-randevusu\/#primaryimage"},"thumbnailUrl":"https:\/\/myvize.com.tr\/dubai\/wp-content\/uploads\/2021\/10\/29.jpg","datePublished":"2020-11-30T09:46:14+00:00","dateModified":"2022-08-01T11:21:44+00:00","description":"Dubai Vize Randevusu Nas\u0131l Al\u0131n\u0131r? Dubai Vize Randevusu 2022 G\u00fcncel Bilgileri Neler? Bilgi \u0130\u00e7in Vize Uzmanlar\u0131m\u0131z\u0131 Aray\u0131n: 0850 346 84 93","breadcrumb":{"@id":"https:\/\/myvize.com.tr\/dubai\/vize-islemleri\/dubai-vize-randevusu\/#breadcrumb"},"inLanguage":"tr","potentialAction":[{"@type":"ReadAction","target":["https:\/\/myvize.com.tr\/dubai\/vize-islemleri\/dubai-vize-randevusu\/"]}]},{"@type":"ImageObject","inLanguage":"tr","@id":"https:\/\/myvize.com.tr\/dubai\/vize-islemleri\/dubai-vize-randevusu\/#primaryimage","url":"https:\/\/myvize.com.tr\/dubai\/wp-content\/uploads\/2021\/10\/29.jpg","contentUrl":"https:\/\/myvize.com.tr\/dubai\/wp-content\/uploads\/2021\/10\/29.jpg","width":800,"height":500,"caption":"Dubai Vize Randevusu"},{"@type":"BreadcrumbList","@id":"https:\/\/myvize.com.tr\/dubai\/vize-islemleri\/dubai-vize-randevusu\/#breadcrumb","itemListElement":[{"@type":"ListItem","position":1,"name":"Anasayfa","item":"https:\/\/myvize.com.tr\/dubai\/"},{"@type":"ListItem","position":2,"name":"V\u0130ZE \u0130\u015eLEMLER\u0130","item":"https:\/\/myvize.com.tr\/dubai\/vize-islemleri\/"},{"@type":"ListItem","position":3,"name":"Dubai Vize Randevusu"}]},{"@type":"WebSite","@id":"https:\/\/myvize.com.tr\/dubai\/#website","url":"https:\/\/myvize.com.tr\/dubai\/","name":"Dubai Vizesi","description":"","potentialAction":[{"@type":"SearchAction","target":{"@type":"EntryPoint","urlTemplate":"https:\/\/myvize.com.tr\/dubai\/?s={search_term_string}"},"query-input":{"@type":"PropertyValueSpecification","valueRequired":true,"valueName":"search_term_string"}}],"inLanguage":"tr"}]}},"_links":{"self":[{"href":"https:\/\/myvize.com.tr\/dubai\/wp-json\/wp\/v2\/pages\/39","targetHints":{"allow":["GET"]}}],"collection":[{"href":"https:\/\/myvize.com.tr\/dubai\/wp-json\/wp\/v2\/pages"}],"about":[{"href":"https:\/\/myvize.com.tr\/dubai\/wp-json\/wp\/v2\/types\/page"}],"author":[{"embeddable":true,"href":"https:\/\/myvize.com.tr\/dubai\/wp-json\/wp\/v2\/users\/1"}],"replies":[{"embeddable":true,"href":"https:\/\/myvize.com.tr\/dubai\/wp-json\/wp\/v2\/comments?post=39"}],"version-history":[{"count":8,"href":"https:\/\/myvize.com.tr\/dubai\/wp-json\/wp\/v2\/pages\/39\/revisions"}],"predecessor-version":[{"id":657,"href":"https:\/\/myvize.com.tr\/dubai\/wp-json\/wp\/v2\/pages\/39\/revisions\/657"}],"up":[{"embeddable":true,"href":"https:\/\/myvize.com.tr\/dubai\/wp-json\/wp\/v2\/pages\/18"}],"wp:attachment":[{"href":"https:\/\/myvize.com.tr\/dubai\/wp-json\/wp\/v2\/media?parent=39"}],"curies":[{"name":"wp","href":"https:\/\/api.w.org\/{rel}","templated":true}]}}