{"id":375,"date":"2021-09-21T12:21:04","date_gmt":"2021-09-21T09:21:04","guid":{"rendered":"https:\/\/myvize.com.tr\/dubai\/?page_id=375"},"modified":"2021-12-15T17:54:46","modified_gmt":"2021-12-15T14:54:46","slug":"dubai-vize","status":"publish","type":"page","link":"https:\/\/myvize.com.tr\/dubai\/dubai-vize\/","title":{"rendered":"Dubai Vizesi"},"content":{"rendered":"<h2><span style=\"font-family: Roboto; font-size: 27px;\"><strong>Dubai Vizesi Hakk\u0131nda<\/strong><\/span><\/h2>\n<p><span style=\"font-family: Roboto; font-size: 14px;\"><strong>Birle\u015fik Arap Emirlikleri<\/strong> denilen Dubai\u2019ye seyahat plan\u0131 yapan umuma mahsus pasaporta sahip T\u00fcrk vatanda\u015f\u0131 vize almas\u0131 zorundad\u0131r. Birle\u015fik Arap Emirli\u011fi gri, siyah ve ye\u015fil pasaporta sahip T\u00fcrk vatanda\u015f\u0131ndan 3 ayl\u0131k seyahati i\u00e7in <strong>Dubai Vizesi<\/strong> istememekte. Ancak hizmet, diplomat ve hususi pasaporta sahip ki\u015fiden bordro pasaport olanlar vize almak zorundad\u0131r.<\/span><br \/>\n<span style=\"font-family: Roboto; font-size: 14px;\"><strong>Dubai vize ba\u015fvurusu<\/strong> Dubai Konsoloslu\u011fu G\u00f6\u00e7men B\u00fcrosu yetkili mercii. <strong>Dubai vizesi<\/strong> ba\u015fvuru a\u015famas\u0131 hizmet sa\u011flayan akredite kurumun ba\u015fvurusunu de\u011ferlendirme ve onay yetkisi bulunmamakta. Dubai vizesi i\u015flemi online olarak ger\u00e7ekle\u015ftirilmekte. Dubai e-vize ba\u015fvurusu pasaport \u00fczerine herhangi i\u015flem yap\u0131lamamaktad\u0131r. G\u00f6\u00e7men B\u00fcrosuna yap\u0131lan vize ba\u015fvurular\u0131 pasaporta g\u00f6rsel ve talep edilen di\u011fer gerekli belgeler ile ger\u00e7ekle\u015ftirilmekte.<strong> Dubai vize<\/strong> i\u00e7in online ba\u015fvuru yapaca\u011f\u0131 zaman saat dilimine dikkat edilmeli. Online ba\u015fvuru sistemi saat 09.00 ve 16.00 aras\u0131 \u00e7al\u0131\u015fmaktad\u0131r. Bu saat d\u0131\u015f\u0131ndaki online vize ba\u015fvurular bir di\u011fer i\u015f g\u00fcn\u00fc ertelenmekte.<\/span><br \/>\n<span style=\"font-family: Roboto; font-size: 14px;\"><strong>Dubai vize ba\u015fvurusu<\/strong> Dubai Konsoloslu\u011fu resmi web sitesi \u00fczerinde online olarak ger\u00e7ekle\u015ftirilmekte. <strong>Dubai online vizesi<\/strong> ba\u015fvurusu s\u0131ras\u0131nda <strong>Birle\u015fik Arap Emirli\u011fi Konsoloslu\u011fu d<\/strong>o\u011frudan hizmet vermemekte. Ba\u015fvuru i\u015flemleri Birle\u015fik Arap Emirli\u011fi G\u00f6\u00e7men Ofisi yetkili vize ba\u015fvurusu merkezi arac\u0131l\u0131\u011f\u0131 ile ger\u00e7ekle\u015febilmektedir. Dubai vize t\u00fcr\u00fc \u00fclke s\u0131n\u0131r\u0131 i\u00e7inde ikamet edilecek s\u00fcre g\u00f6re de\u011fi\u015fiklik g\u00f6stermekte. Talep edilmesi ve ek hizmet bedel dahili <strong>Dubai Vize Uzatma i\u015flemi<\/strong> Dubai s\u0131n\u0131r\u0131 i\u00e7inde ger\u00e7ekle\u015febilmektedir. Dubai vize i\u00e7in gerekli olan belgeler \u00e7ok azd\u0131r. Bu belgeler eksiksiz olarak haz\u0131rland\u0131\u011f\u0131nda Dubai Online Vizesi ofisine y\u00fcksek \u00e7\u00f6z\u00fcn\u00fcrl\u00fck ve renkli olarak taranma ve iletilmeleri gerekir. Evraklar istenildi\u011fi gibi g\u00f6nderildi\u011finde vizenin onaylanmama ihtimalleri \u00e7ok azd\u0131r.<\/span><br \/>\n<span style=\"font-family: Roboto; font-size: 14px;\"><strong>Dubai vize<\/strong> i\u00e7in istenen \u00fccretlerin \u00f6denmesiyle beraber vize ba\u015fvuru s\u00fcre\u00e7leri ba\u015flamaktad\u0131r. E\u011fer ba\u015fvuru yapan ki\u015filer i\u00e7in g\u00fcvenlik sorunlar\u0131 ile kar\u015f\u0131la\u015f\u0131lmaz ise en ge\u00e7 2 g\u00fcn i\u00e7inde sonu\u00e7lanmakta.<\/span><\/p>\n<p><span style=\"font-family: Roboto; font-size: 14px;\"><span style=\"color: #2acec2;\"><strong><a style=\"color: #2acec2;\" href=\"https:\/\/myvize.com.tr\/dubai\/vize-islemleri\/dubai-vize-reddi\/\" target=\"_blank\" rel=\"noopener\">Dubai Vize Reddi <\/a><\/strong><\/span>ile ilgili bilgi almak i\u00e7in bizi aray\u0131n.<\/span><\/p>\n<p><img decoding=\"async\" src=\"https:\/\/myvize.com.tr\/dubai\/wp-content\/uploads\/2021\/10\/31.jpg\" \/><\/p>\n<h2><span style=\"font-family: Roboto; font-size: 27px;\"><strong>Dubai Vizesi \u0130le \u0130lgili<\/strong><\/span><\/h2>\n<p><span style=\"font-family: Roboto; font-size: 14px;\"><strong>Birle\u015fik Arap Emirli\u011fi<\/strong> de denilen Dubai\u2019ye seyahat plan\u0131 yapan umuma mahsus pasaporta hamili T\u00fcrk vatanda\u015f\u0131 vize almak zorundad\u0131r. Birle\u015fik Arap Emirliki gri, siyah ve ye\u015fil pasaporta sahip T\u00fcrk vatanda\u015f\u0131ndan 90 g\u00fcnl\u00fck seyahati i\u00e7in Dubai Vize istememektedir. Ancak hizmet, diplomat ve hususi pasaport sahibleri ki\u015filerden bordro pasaport olanlar vize almas\u0131 zorundad\u0131r.<\/span><\/p>\n<p><span style=\"font-family: Roboto; font-size: 14px;\">Birle\u015fik Arap Emirlikinden al\u0131nan<strong> Dubai Vize<\/strong> genel vize kapsam\u0131ndad\u0131r. Bu sebeple bu vize ile <strong>Dubai d\u0131\u015f\u0131<\/strong> Acman, Abu Dabi, Sharjah,\u00a0 Umm\u00fcl Kayveyn ve Res\u00fc\u2019l Hayme Emirliklerine de girebilmekte.<\/span><\/p>\n<p><span style=\"font-family: Roboto; font-size: 14px;\">Birle\u015fik Arap Emirliki taraf\u0131ndan vize rejimi uygulanan \u00fclke vatanda\u015f\u0131 Dubai\u2019ye girmek i\u00e7in belirlenen kriterde vize almal\u0131d\u0131rlar. Bu \u00fclkeden biri de T\u00fcrkiye oldu\u011fu i\u00e7in T\u00fcrkiye Cumhuriyeti vatanda\u015f\u0131 da <strong>Dubai Vize almak<\/strong> i\u00e7in seyahatinden \u00f6nce ba\u015fvurmal\u0131d\u0131r. Al\u0131nan Dubai vizesinin elektronik ortamdan al\u0131nan \u00e7\u0131kt\u0131s\u0131, kontrol noktas\u0131nda bulunan Dubai yetkilisi kontrol etmektedir. Online vize t\u00fcr\u00fcnden biri olan Dubai Vize, Birle\u015fik Arap Emirlikleri G\u00f6\u00e7men Ofisi arac\u0131l\u0131\u011f\u0131 ile al\u0131nmaktad\u0131r. Buras\u0131 Cuma ve Cumartesi g\u00fcn\u00fcnde tatil oldu\u011fu i\u00e7in vize ba\u015fvuru g\u00fcn\u00fcnde bu bilgiye dikkat edilmelidir.<\/span><\/p>\n<h2><span style=\"font-family: Roboto; font-size: 27px;\"><strong>Dubai Ticari Vize<\/strong><\/span><\/h2>\n<p><span style=\"font-family: Roboto; font-size: 14px;\">Dubai ziyaretini ger\u00e7ekle\u015ftirmeyi d\u00fc\u015f\u00fcnen her birey, kendisine ait bir pasaport ile T\u00fcrkiye Cumhuriyeti vatanda\u015fl\u0131\u011f\u0131 olarak vize almas\u0131 zorunludur. Ticaret amac\u0131 ile giden birey i\u00e7in ise, vize t\u00fcr\u00fc fark g\u00f6sterir. <strong>Dubai ticari vizesi<\/strong> Dubai\u2019de ticari bir faaliyet amac\u0131 ile yer almak, seminere, projeye ya da bir fuar kat\u0131l\u0131m sa\u011flamak i\u00e7in seyahat edilen T\u00fcrkiye Cumhuriyeti vatanda\u015f\u0131n\u0131n almas\u0131 zorunlu olan vize t\u00fcr\u00fc.<\/span><br \/>\n<span style=\"font-family: Roboto; font-size: 14px;\">G\u00fcn\u00fcm\u00fczde ticari anlam\u0131nda, Dubai\u2019nin yeri olduk\u00e7a b\u00fcy\u00fckd\u00fcr ve bu T\u00fcrkiye a\u00e7\u0131s\u0131ndan da ge\u00e7erli. Ticari vizeye ba\u015fvuru yapacak olan ki\u015fi gerekli belgeler ile Dubai G\u00f6\u00e7men ofisinin yetki verdi\u011fi makama gitmeli. Ayn\u0131 zamanda <strong>online vizesi ba\u015fvuru formu<\/strong> doldurulmal\u0131, di\u011fer belgeyle beraber sisteme girilmelidir. Dubai i\u00e7in k\u0131sa s\u00fcreli vizesi ba\u015fvurusu onay alan ba\u015fvuru sahibi, e-posta adresine gelecek olan e-vizesi \u00e7\u0131kt\u0131s\u0131 ile birlikte seyahatini ger\u00e7ekle\u015ftirbilir. Hususi, hizmet pasaport ve diplomatik pasaport sahipleri olan T\u00fcrkiye Cumhuriyeti vatanda\u015f\u0131, ilgili <span style=\"color: #2acec2;\"><strong><a style=\"color: #2acec2;\" href=\"https:\/\/myvize.com.tr\/dubai\/vize-islemleri\/dubai-ticari-vize\/\" target=\"_blank\" rel=\"noopener\">Dubai ticari vize<\/a><\/strong><\/span> i\u015flemine kar\u015f\u0131, 180 g\u00fcn i\u00e7erisinde toplam 90 g\u00fcn ge\u00e7meyecek olan seyahati i\u00e7in muaf tutulmaktad\u0131r. Dubai\u2019ye ticari ama\u00e7lar ile gidecek olan ve \u015fahsi pasaport sahibi \u00fclkeye giri\u015f yapabilme ad\u0131na vize prosed\u00fcrlerini eksiksiz bi\u00e7imde tamamlamak zorundad\u0131r.<\/span><\/p>\n<h2><span style=\"font-family: Roboto; font-size: 27px;\"><strong>Dubai Turistik Vize\u00a0<\/strong><\/span><\/h2>\n<p><span style=\"font-family: Roboto; font-size: 14px;\"><strong>Dubai Turistik Vize<\/strong> online olarak al\u0131n\u0131r ve bu sebeple pasaportun \u00fczerine bas\u0131lmaz. Online bir ba\u015fvuru s\u00fcrecini oldu\u011fu i\u00e7in T\u00fcrkiye\u2019nin her yerinde ba\u015fvuru yap\u0131labilmekte. Yap\u0131lacak olan seyahat t\u00fcrlerine g\u00f6re uygun olan Dubai Turistik Vizesi ba\u015fvuru formu doldurulur. Gerekli olan b\u00fct\u00fcn belgeler ba\u015fvuru ekran\u0131na taran\u0131r.<\/span><\/p>\n<p><span style=\"font-family: Roboto; font-size: 14px;\">Ba\u015fvuru formunda sonra vize t\u00fcr\u00fcne g\u00f6re \u00fccreti hesaplan\u0131r ve ba\u015fvuru esnas\u0131nda kredi kart ile taksitli ya da tek \u00e7ekim \u015fekline vize \u00fccretini \u00f6deyebilirsiniz. \u00d6deme i\u015flemi sisteme ula\u015ft\u0131ktan sonra<strong> Dubai Turistik Vize ba\u015fvurusu<\/strong> Birle\u015fik Arap Emirlikleri taraf\u0131ndan g\u00fcvenlik de\u011ferlendirmelerine al\u0131n\u0131r.<\/span><\/p>\n<p><span style=\"font-family: Roboto; font-size: 14px;\"><span style=\"color: #2acec2;\"><strong><a style=\"color: #2acec2;\" href=\"https:\/\/myvize.com.tr\/dubai\/vize-islemleri\/dubai-turistik-vize\/\" target=\"_blank\" rel=\"noopener\">Dubai Turistik Vize<\/a><\/strong><\/span> i\u00e7in ba\u015fvuru yapan ki\u015fi ile ilgili olumsuz durum olmamas\u0131 durumunda vize ba\u015fvurusu 2 i\u015f g\u00fcn\u00fc i\u00e7inde sonu\u00e7lan\u0131r. Ancak Birle\u015fik Arap Emirli\u011finde Cuma ve Cumartesi g\u00fcnleri tatil oldu\u011fu i\u00e7in bu g\u00fcnde i\u015flem sonu\u00e7lanmaz ve bir sonraki i\u015f g\u00fcn\u00fc aktar\u0131l\u0131r. Bu nedenle ba\u015fvuru yap\u0131lacak g\u00fcn dikkat edilmelidir. <strong>Dubai Turistik Vize<\/strong> onayland\u0131ktan sonra ba\u015fvuru sahiblerinin e -mail adresine, Dubai G\u00f6\u00e7men Ofisinin antetli ka\u011f\u0131d\u0131na yaz\u0131lm\u0131\u015f bi\u00e7imde g\u00f6nderilir.<\/span><\/p>\n<h3><strong><span style=\"font-family: Roboto; font-size: 24px;\">Dubai Vize Ba\u015fvurusu 2022<\/span><\/strong><\/h3>\n<p><span style=\"font-family: Roboto; font-size: 14px;\"><strong>Dubai Emirli\u011fi,<\/strong> Schengen b\u00f6lge d\u0131\u015f\u0131nda kalan \u00fclkeden vize talep ediyor. T\u00fcrkiye\u2019den bu \u00fclke ile hangi ama\u00e7la gidecek olursa olun vize alma zorundas\u0131n\u0131z.<\/span><\/p>\n<p><span style=\"font-family: Roboto; font-size: 14px;\">Normal (bordo) pasaport sahipleri T\u00fcrk vatanda\u015f\u0131 turistik, ticari ya da transit ama\u00e7l\u0131 Dubai seyahati i\u00e7in vize ba\u015fvurusunda bulunmas\u0131 gerekiyor. Ye\u015fil (hususi), gri (hizmet) ya da siyah (diplomatik) pasaport sahip olanlar vize ba\u015fvurusunda muaf tutuluyor. Fakat 6 ayl\u0131k s\u00fcre\u00e7te konaklama s\u00fcreniz 3 ay\u0131 a\u015fmamas\u0131 gerekiyor. Bu s\u00fcreyi a\u015faca\u011f\u0131 durumlarda vize ba\u015fvurusu da bulunmal\u0131s\u0131n\u0131z.<\/span><\/p>\n<p><span style=\"font-family: Roboto; font-size: 14px;\">Birle\u015fik Arap Emirlikleri\u2019nden alaca\u011f\u0131 Dubai vizesi genel vize kapsam\u0131nda. Alaca\u011f\u0131n\u0131z bu vize ile Dubai harici; Acman, Abu Dabi, Sharjah, Umm\u00fcl Kayveyn ve Res\u00fc\u2019l Hayme Emirli\u011fine de giri\u015f yapabilirsiniz. <strong>Dubai vize e-vize<\/strong> kapsam\u0131nda oldu\u011fu i\u00e7in,pasaport \u00fczerinde herhangi bir i\u015flem uygulanm\u0131yo. Vize onay\u0131 online sistemde yap\u0131ld\u0131\u011f\u0131 i\u00e7in vize onay\u0131 elektronik adresinize geliyor. Belge \u00e7\u0131kt\u0131s\u0131n\u0131 alarak, b\u00fct\u00fcn seyahat boyunca yan\u0131n\u0131zda bulunduruyor. Dubai, turistik bir b\u00f6lge oldu\u011fu i\u00e7in genellikle vize talebi onaylan\u0131yor. Ge\u00e7mi\u015f y\u0131lda Birle\u015fik Arap Emirli\u011fiyle sorun ya\u015famam\u0131\u015f ve su\u00e7a kar\u0131\u015fmam\u0131\u015f olan ki\u015finin Dubai vizesi ba\u015fvurusu olumlu yan\u0131tlan\u0131yor.<\/span><\/p>\n<h3><span style=\"font-family: Roboto; font-size: 24px;\"><strong>Dubai Vizesi Nas\u0131l Al\u0131n\u0131r?<\/strong><\/span><\/h3>\n<p><span style=\"font-family: Roboto; font-size: 14px;\">Di\u011fer ad\u0131 ile<strong> Birle\u015fik Arap Emirlikleri<\/strong> olarak da bilinen Dubai, T\u00fcrkiye\u2019den gidecek olan vatanda\u015flardan vize talep eder. Vatanda\u015flar Dubai\u2019ye seyahat \u00f6ncesinde mutlaka ge\u00e7erlili\u011fi bulunan pasaportlar\u0131 ile birlikte vizeye de sahip olmak zorundad\u0131r. Gri, ye\u015fil ve siyah pasaporta sahip olan vatanda\u015flar 90 g\u00fcnl\u00fck olarak Dubai\u2019ye vizesiz olarak seyahat ger\u00e7ekle\u015ftirebilirler. Bu s\u00fcreyi a\u015facak olan seyahatlerde bu pasaport hamillerinin de yine vize almalar\u0131 gerekir.<\/span><\/p>\n<p><span style=\"font-family: Roboto; font-size: 14px;\"><strong>Dubai vizesi nas\u0131l al\u0131n\u0131r<\/strong>\u00a0sorusu Dubai seyahati \u00f6ncesinde vatanda\u015flar\u0131n s\u0131k ara\u015ft\u0131rd\u0131klar\u0131 konular aras\u0131nda yer al\u0131r. \u00a0Birle\u015fik Arap Emirlikleri\u2019ne seyahat etmek i\u00e7in gerekli olacak vizeyi vatanda\u015flar tercih etmeleri haline online ko\u015fullarda elde edebilirler. Ba\u015fvuruyu internet \u00fczerinden yapabilir ve \u00f6demeyi de bu yollar ile ger\u00e7ekle\u015ftirerek vize ba\u015fvurusunda bulunabilirler. De\u011ferlendirme sonucundan olumlu yan\u0131t alan vatanda\u015flar alacaklar\u0131 vize ile Dubai\u2019ye seyahat edebilirler.<\/span><\/p>\n<p><span style=\"font-family: Roboto; font-size: 14px;\"><strong>Dubai vizesi<\/strong> almak i\u00e7in izlenebilecek bir di\u011fer yol ile konsolosluklard\u0131r. Vatanda\u015flar<strong> Dubai konsoloslu\u011fu<\/strong> ile ileti\u015fime ge\u00e7erek de yine vize ba\u015fvurular\u0131n\u0131 ger\u00e7ekle\u015ftirebilirler.\u00a0 Konsolosluk ile yak\u0131n mesafede bulunmayan vatanda\u015flar resmi vize acentesi ile de ileti\u015fime ge\u00e7erek gerekli i\u015flemleri y\u00fcr\u00fctebilirler.<\/span><\/p>\n<p><span style=\"font-family: Roboto; font-size: 14px;\"><span style=\"color: #2acec2;\"><strong><a style=\"color: #2acec2;\" href=\"https:\/\/myvize.com.tr\/dubai\/vize-islemleri\/dubai-vize-randevusu\/\" target=\"_blank\" rel=\"noopener\">Dubai Vize Randevusu<\/a><\/strong><\/span> ile ilgili bilgi almak i\u00e7in hemen aray\u0131n.<\/span><\/p>\n<h3><span style=\"font-family: Roboto; font-size: 24px;\"><b>Dubai Vize \u00dccreti<\/b><\/span><\/h3>\n<p><span style=\"font-family: Roboto; font-size: 14px;\">Dubai vizesi 3 ayr\u0131 t\u00fcr\u00fc bulunmaktad\u0131r. Kendi i\u00e7inde de farkl\u0131 t\u00fcrlere ayr\u0131lan vizenin fiyat aral\u0131\u011f\u0131 de\u011fi\u015fmekte. Al\u0131nan vizenin t\u00fcr\u00fcne ve s\u00fcresi g\u00f6re Dubai vizesi \u00fccreti belirlenir.<\/span><br \/>\n<span style=\"font-family: Roboto; font-size: 14px;\"><strong>Birle\u015fik Arap Emirli\u011fi<\/strong> de denilen Dubai\u2019ye seyahat plan\u0131 yapan umuma mahsus pasaporta hamili T\u00fcrk vatanda\u015f\u0131 vize almak zorundad\u0131r. Birle\u015fik Arap Emirliki gri, siyah ve ye\u015fil pasaporta sahip T\u00fcrk vatanda\u015f\u0131ndan 90 g\u00fcnl\u00fck seyahati i\u00e7in <strong>Dubai Vize<\/strong> istememektedir. Ancak hizmet, diplomat ve hususi pasaport sahibleri ki\u015filerden bordro pasaport olanlar vize almas\u0131 zorundad\u0131r.<\/span><br \/>\n<span style=\"font-family: Roboto; font-size: 14px;\">Birle\u015fik Arap Emirlikinden al\u0131nan Dubai Vize genel vize kapsam\u0131ndad\u0131r. Bu sebeple bu vize ile Dubai d\u0131\u015f\u0131 Acman, Abu Dabi, Sharjah, \u00a0Umm\u00fcl Kayveyn ve Res\u00fc\u2019l Hayme Emirliklerine de girebilmekte.<\/span><br \/>\n<span style=\"font-family: Roboto; font-size: 14px;\">Birle\u015fik Arap Emirliki taraf\u0131ndan vize rejimi uygulanan \u00fclke vatanda\u015f\u0131 Dubai\u2019ye girmek i\u00e7in belirlenen kriterde vize almal\u0131d\u0131rlar. Bu \u00fclkeden biri de T\u00fcrkiye oldu\u011fu i\u00e7in T\u00fcrkiye Cumhuriyeti vatanda\u015f\u0131 da Dubai Vize almak i\u00e7in seyahatinden \u00f6nce ba\u015fvurmal\u0131d\u0131r. Al\u0131nan Dubai vizesinin elektronik ortamdan al\u0131nan \u00e7\u0131kt\u0131s\u0131, kontrol noktas\u0131nda bulunan <strong>Dubai yetkilisi kontrol<\/strong> etmektedir.<\/span><\/p>\n","protected":false},"excerpt":{"rendered":"<p>Dubai Vizesi Hakk\u0131nda Birle\u015fik Arap Emirlikleri denilen Dubai\u2019ye seyahat plan\u0131 yapan umuma mahsus pasaporta sahip T\u00fcrk vatanda\u015f\u0131 vize almas\u0131 zorundad\u0131r. Birle\u015fik Arap Emirli\u011fi gri, siyah ve ye\u015fil pasaporta sahip T\u00fcrk vatanda\u015f\u0131ndan 3 ayl\u0131k seyahati i\u00e7in Dubai Vizesi istememekte. Ancak hizmet, diplomat ve hususi pasaporta sahip ki\u015fiden bordro pasaport olanlar vize almak zorundad\u0131r. Dubai vize ba\u015fvurusu<\/p>\n","protected":false},"author":1,"featured_media":0,"parent":0,"menu_order":0,"comment_status":"closed","ping_status":"closed","template":"","meta":{"footnotes":""},"class_list":["post-375","page","type-page","status-publish","hentry"],"yoast_head":"<!-- This site is optimized with the Yoast SEO plugin v24.0 - https:\/\/yoast.com\/wordpress\/plugins\/seo\/ -->\n<title>Dubai Vizesi - Dubai Vize Ba\u015fvurusu - MyVize Vize Ba\u015fvuru Merkezi<\/title>\n<meta name=\"description\" content=\"Dubai Vizesi Nas\u0131l Al\u0131n\u0131r? Dubai Vize Ba\u015fvurusu Nas\u0131l Yap\u0131l\u0131r? Dubai Vize \u00dccreti Nedir? Dubai Vizesi Alma \u015eartlar\u0131 Neler?\" \/>\n<meta name=\"robots\" content=\"index, follow, max-snippet:-1, max-image-preview:large, max-video-preview:-1\" \/>\n<link rel=\"canonical\" href=\"https:\/\/myvize.com.tr\/dubai\/dubai-vize\/\" \/>\n<meta property=\"og:locale\" content=\"tr_TR\" \/>\n<meta property=\"og:type\" content=\"article\" \/>\n<meta property=\"og:title\" content=\"Dubai Vizesi - Dubai Vize Ba\u015fvurusu - MyVize Vize Ba\u015fvuru Merkezi\" \/>\n<meta property=\"og:description\" content=\"Dubai Vizesi Nas\u0131l Al\u0131n\u0131r? Dubai Vize Ba\u015fvurusu Nas\u0131l Yap\u0131l\u0131r? Dubai Vize \u00dccreti Nedir? Dubai Vizesi Alma \u015eartlar\u0131 Neler?\" \/>\n<meta property=\"og:url\" content=\"https:\/\/myvize.com.tr\/dubai\/dubai-vize\/\" \/>\n<meta property=\"og:site_name\" content=\"Dubai Vizesi\" \/>\n<meta property=\"article:modified_time\" content=\"2021-12-15T14:54:46+00:00\" \/>\n<meta property=\"og:image\" content=\"https:\/\/myvize.com.tr\/dubai\/wp-content\/uploads\/2021\/10\/31.jpg\" \/>\n<meta name=\"twitter:card\" content=\"summary_large_image\" \/>\n<meta name=\"twitter:label1\" content=\"Tahmini okuma s\u00fcresi\" \/>\n\t<meta name=\"twitter:data1\" content=\"6 dakika\" \/>\n<script type=\"application\/ld+json\" class=\"yoast-schema-graph\">{\"@context\":\"https:\/\/schema.org\",\"@graph\":[{\"@type\":\"WebPage\",\"@id\":\"https:\/\/myvize.com.tr\/dubai\/dubai-vize\/\",\"url\":\"https:\/\/myvize.com.tr\/dubai\/dubai-vize\/\",\"name\":\"Dubai Vizesi - Dubai Vize Ba\u015fvurusu - MyVize Vize Ba\u015fvuru Merkezi\",\"isPartOf\":{\"@id\":\"https:\/\/myvize.com.tr\/dubai\/#website\"},\"primaryImageOfPage\":{\"@id\":\"https:\/\/myvize.com.tr\/dubai\/dubai-vize\/#primaryimage\"},\"image\":{\"@id\":\"https:\/\/myvize.com.tr\/dubai\/dubai-vize\/#primaryimage\"},\"thumbnailUrl\":\"https:\/\/myvize.com.tr\/dubai\/wp-content\/uploads\/2021\/10\/31.jpg\",\"datePublished\":\"2021-09-21T09:21:04+00:00\",\"dateModified\":\"2021-12-15T14:54:46+00:00\",\"description\":\"Dubai Vizesi Nas\u0131l Al\u0131n\u0131r? Dubai Vize Ba\u015fvurusu Nas\u0131l Yap\u0131l\u0131r? Dubai Vize \u00dccreti Nedir? Dubai Vizesi Alma \u015eartlar\u0131 Neler?\",\"breadcrumb\":{\"@id\":\"https:\/\/myvize.com.tr\/dubai\/dubai-vize\/#breadcrumb\"},\"inLanguage\":\"tr\",\"potentialAction\":[{\"@type\":\"ReadAction\",\"target\":[\"https:\/\/myvize.com.tr\/dubai\/dubai-vize\/\"]}]},{\"@type\":\"ImageObject\",\"inLanguage\":\"tr\",\"@id\":\"https:\/\/myvize.com.tr\/dubai\/dubai-vize\/#primaryimage\",\"url\":\"https:\/\/myvize.com.tr\/dubai\/wp-content\/uploads\/2021\/10\/31.jpg\",\"contentUrl\":\"https:\/\/myvize.com.tr\/dubai\/wp-content\/uploads\/2021\/10\/31.jpg\",\"width\":800,\"height\":500,\"caption\":\"Dubai Vizesi\"},{\"@type\":\"BreadcrumbList\",\"@id\":\"https:\/\/myvize.com.tr\/dubai\/dubai-vize\/#breadcrumb\",\"itemListElement\":[{\"@type\":\"ListItem\",\"position\":1,\"name\":\"Anasayfa\",\"item\":\"https:\/\/myvize.com.tr\/dubai\/\"},{\"@type\":\"ListItem\",\"position\":2,\"name\":\"Dubai Vizesi\"}]},{\"@type\":\"WebSite\",\"@id\":\"https:\/\/myvize.com.tr\/dubai\/#website\",\"url\":\"https:\/\/myvize.com.tr\/dubai\/\",\"name\":\"Dubai Vizesi\",\"description\":\"\",\"potentialAction\":[{\"@type\":\"SearchAction\",\"target\":{\"@type\":\"EntryPoint\",\"urlTemplate\":\"https:\/\/myvize.com.tr\/dubai\/?s={search_term_string}\"},\"query-input\":{\"@type\":\"PropertyValueSpecification\",\"valueRequired\":true,\"valueName\":\"search_term_string\"}}],\"inLanguage\":\"tr\"}]}<\/script>\n<!-- \/ Yoast SEO plugin. -->","yoast_head_json":{"title":"Dubai Vizesi - Dubai Vize Ba\u015fvurusu - MyVize Vize Ba\u015fvuru Merkezi","description":"Dubai Vizesi Nas\u0131l Al\u0131n\u0131r? Dubai Vize Ba\u015fvurusu Nas\u0131l Yap\u0131l\u0131r? Dubai Vize \u00dccreti Nedir? Dubai Vizesi Alma \u015eartlar\u0131 Neler?","robots":{"index":"index","follow":"follow","max-snippet":"max-snippet:-1","max-image-preview":"max-image-preview:large","max-video-preview":"max-video-preview:-1"},"canonical":"https:\/\/myvize.com.tr\/dubai\/dubai-vize\/","og_locale":"tr_TR","og_type":"article","og_title":"Dubai Vizesi - Dubai Vize Ba\u015fvurusu - MyVize Vize Ba\u015fvuru Merkezi","og_description":"Dubai Vizesi Nas\u0131l Al\u0131n\u0131r? Dubai Vize Ba\u015fvurusu Nas\u0131l Yap\u0131l\u0131r? Dubai Vize \u00dccreti Nedir? Dubai Vizesi Alma \u015eartlar\u0131 Neler?","og_url":"https:\/\/myvize.com.tr\/dubai\/dubai-vize\/","og_site_name":"Dubai Vizesi","article_modified_time":"2021-12-15T14:54:46+00:00","og_image":[{"url":"https:\/\/myvize.com.tr\/dubai\/wp-content\/uploads\/2021\/10\/31.jpg","type":"","width":"","height":""}],"twitter_card":"summary_large_image","twitter_misc":{"Tahmini okuma s\u00fcresi":"6 dakika"},"schema":{"@context":"https:\/\/schema.org","@graph":[{"@type":"WebPage","@id":"https:\/\/myvize.com.tr\/dubai\/dubai-vize\/","url":"https:\/\/myvize.com.tr\/dubai\/dubai-vize\/","name":"Dubai Vizesi - Dubai Vize Ba\u015fvurusu - MyVize Vize Ba\u015fvuru Merkezi","isPartOf":{"@id":"https:\/\/myvize.com.tr\/dubai\/#website"},"primaryImageOfPage":{"@id":"https:\/\/myvize.com.tr\/dubai\/dubai-vize\/#primaryimage"},"image":{"@id":"https:\/\/myvize.com.tr\/dubai\/dubai-vize\/#primaryimage"},"thumbnailUrl":"https:\/\/myvize.com.tr\/dubai\/wp-content\/uploads\/2021\/10\/31.jpg","datePublished":"2021-09-21T09:21:04+00:00","dateModified":"2021-12-15T14:54:46+00:00","description":"Dubai Vizesi Nas\u0131l Al\u0131n\u0131r? Dubai Vize Ba\u015fvurusu Nas\u0131l Yap\u0131l\u0131r? Dubai Vize \u00dccreti Nedir? Dubai Vizesi Alma \u015eartlar\u0131 Neler?","breadcrumb":{"@id":"https:\/\/myvize.com.tr\/dubai\/dubai-vize\/#breadcrumb"},"inLanguage":"tr","potentialAction":[{"@type":"ReadAction","target":["https:\/\/myvize.com.tr\/dubai\/dubai-vize\/"]}]},{"@type":"ImageObject","inLanguage":"tr","@id":"https:\/\/myvize.com.tr\/dubai\/dubai-vize\/#primaryimage","url":"https:\/\/myvize.com.tr\/dubai\/wp-content\/uploads\/2021\/10\/31.jpg","contentUrl":"https:\/\/myvize.com.tr\/dubai\/wp-content\/uploads\/2021\/10\/31.jpg","width":800,"height":500,"caption":"Dubai Vizesi"},{"@type":"BreadcrumbList","@id":"https:\/\/myvize.com.tr\/dubai\/dubai-vize\/#breadcrumb","itemListElement":[{"@type":"ListItem","position":1,"name":"Anasayfa","item":"https:\/\/myvize.com.tr\/dubai\/"},{"@type":"ListItem","position":2,"name":"Dubai Vizesi"}]},{"@type":"WebSite","@id":"https:\/\/myvize.com.tr\/dubai\/#website","url":"https:\/\/myvize.com.tr\/dubai\/","name":"Dubai Vizesi","description":"","potentialAction":[{"@type":"SearchAction","target":{"@type":"EntryPoint","urlTemplate":"https:\/\/myvize.com.tr\/dubai\/?s={search_term_string}"},"query-input":{"@type":"PropertyValueSpecification","valueRequired":true,"valueName":"search_term_string"}}],"inLanguage":"tr"}]}},"_links":{"self":[{"href":"https:\/\/myvize.com.tr\/dubai\/wp-json\/wp\/v2\/pages\/375","targetHints":{"allow":["GET"]}}],"collection":[{"href":"https:\/\/myvize.com.tr\/dubai\/wp-json\/wp\/v2\/pages"}],"about":[{"href":"https:\/\/myvize.com.tr\/dubai\/wp-json\/wp\/v2\/types\/page"}],"author":[{"embeddable":true,"href":"https:\/\/myvize.com.tr\/dubai\/wp-json\/wp\/v2\/users\/1"}],"replies":[{"embeddable":true,"href":"https:\/\/myvize.com.tr\/dubai\/wp-json\/wp\/v2\/comments?post=375"}],"version-history":[{"count":5,"href":"https:\/\/myvize.com.tr\/dubai\/wp-json\/wp\/v2\/pages\/375\/revisions"}],"predecessor-version":[{"id":638,"href":"https:\/\/myvize.com.tr\/dubai\/wp-json\/wp\/v2\/pages\/375\/revisions\/638"}],"wp:attachment":[{"href":"https:\/\/myvize.com.tr\/dubai\/wp-json\/wp\/v2\/media?parent=375"}],"curies":[{"name":"wp","href":"https:\/\/api.w.org\/{rel}","templated":true}]}}