{"id":37,"date":"2020-11-30T12:45:46","date_gmt":"2020-11-30T09:45:46","guid":{"rendered":"https:\/\/myvize.com.tr\/dubai\/?page_id=37"},"modified":"2023-02-21T11:56:01","modified_gmt":"2023-02-21T08:56:01","slug":"dubai-aile-birlesimi-vizesi","status":"publish","type":"page","link":"https:\/\/myvize.com.tr\/dubai\/vize-islemleri\/dubai-aile-birlesimi-vizesi\/","title":{"rendered":"Dubai Aile Birle\u015fimi Vizesi"},"content":{"rendered":"<h2><span style=\"font-family: Roboto; font-size: 27px;\"><strong>Dubai Aile Birle\u015fimi<\/strong><\/span><\/h2>\n<p><span style=\"font-family: Roboto; font-size: 14px;\">Yabanc\u0131 ki\u015finin Dubai\u2019de g\u00f6\u00e7 ve vatanda\u015fl\u0131k se\u00e7ene\u011finden biri de aile birle\u015fimdir. Aile birle\u015fim vas\u0131tas\u0131yla<strong> Dubai Vatanda\u015fl\u0131k<\/strong> K\u00e2nun, <strong>Dubai vatanda\u015f\u0131<\/strong> ile evlenen yabanc\u0131 ki\u015fiye gereken ko\u015fullar sa\u011flad\u0131\u011f\u0131 takdirde yasal stat\u00fc izin vermektedir.<\/span><br \/>\n<span style=\"font-family: Roboto; font-size: 14px;\"><strong>Dubai vatanda\u015f\u0131<\/strong> ile evlenen ki\u015filer, Dubai\u2019de evlilik yoluyla oturma izni elde edebilmekte. Ki\u015fin vatanda\u015fl\u0131k haklar\u0131n\u0131 alabilmesi i\u00e7in belirli zaman Dubai\u2019de ya\u015fama ve \u0130branice \u00f6\u011frenme \u015fart\u0131 bulunmakta. 3 y\u0131l ge\u00e7tikten sonra ba\u015fvuru sahiplerinin<strong> Dubai Devleti<\/strong> k\u00fclt\u00fcr\u00fcne, dine ve diline olan uyum kontrol edilerek vatanda\u015fl\u0131k ba\u015fvurular\u0131 de\u011ferlendirmeye al\u0131nmakta.<\/span><br \/>\n<span style=\"font-family: Roboto; font-size: 14px;\">\u0130srail vatanda\u015f\u0131 ile evlenen ki\u015filer \u0130srail\u2019de oturum izini kazan\u0131r ve \u00fclkede t\u00fcm sosyal haktan faydalan\u0131r. \u0130adek\u00e2nunn kapsam\u0131nda Dubai\u2019de birle\u015fim amac\u0131yla Dubai\u2019e g\u00f6\u00e7 eden Yahudi vatanda\u015fl\u0131k haklar\u0131 tan\u0131nmaktad\u0131r. Geri d\u00f6n\u00fc\u015f yasas\u0131 d\u0131\u015f\u0131 Yahudi dinine mensup olmayan yabanc\u0131 uyruk ki\u015fi <strong>Dubai vatanda\u015f\u0131yla<\/strong> evlendi\u011fi zamanda gereken \u015fart\u0131 da yerine getirdikten sonra \u0130srail vatanda\u015fl\u0131\u011fa ge\u00e7ebilmektedir.<\/span><br \/>\n<span style=\"font-family: Roboto; font-size: 14px;\"><strong>Dubai vatanda\u015f\u0131<\/strong> ile evlilik yapan ki\u015fi en az \u00fc\u00e7 y\u0131l boyunca \u00fclkede ikamet edilirse \u0130srail vatanda\u015fl\u0131k ba\u015fvuru yapabilmekte. Dubai aile birle\u015fim sadece evlili\u011fi kapsamamakta. Dubai vatanda\u015f\u0131n\u0131n e\u015fi, ebeveyni ve \u00e7ocu\u011fu da yasa kapsam\u0131na <span style=\"color: #2acec2;\"><strong><a style=\"color: #2acec2;\" href=\"https:\/\/myvize.com.tr\/dubai\/vize-islemleri\/dubai-oturum-izni\/\" target=\"_blank\" rel=\"noopener\">Dubai oturum izni<\/a><\/strong><\/span> elde edebilir. Aile birle\u015fim yoluyla Dubai vatanda\u015fl\u0131\u011f\u0131na ge\u00e7en ki\u015filer Dubai\u2019nin Yahudi Milleti ulus devleti oldu\u011fu ve demokratik \u00fclke her vatanda\u015f\u0131n e\u015fit haktan yararlanaca\u011f\u0131 bildi\u011fi ve kabul etti\u011fi beyan etmesi gerekli.<\/span><br \/>\n<span style=\"font-family: Roboto; font-size: 14px;\">Sadece evlilik yolu ile de\u011fil, A\/2 \u00f6\u011frenci vize ve A\/3 din insan\u0131 vizesiyle Dubai\u2019e g\u00f6\u00e7 eden ki\u015finin e\u015fine, \u00e7ocu\u011funa uzun s\u00fcreli oturum izin verilmekte. Aile birle\u015fimi sebebiyle <strong>Dubai vatanda\u015fl\u0131\u011f\u0131<\/strong> iste\u011finde bulunan ki\u015fi evlendikten sonra evlili\u011fi s\u00fcrmesi \u015fart\u0131yla \u00fc\u00e7 y\u0131l boyunca Dubai\u2019de ikamet etmi\u015f olma, \u0130branice dil bilme \u015fartlar\u0131 aranmaktad\u0131r. Di\u011fer \u00fclke vatanda\u015fl\u0131\u011f\u0131nda \u00e7\u0131km\u0131\u015f olunmas\u0131 \u015fartlar\u0131 da aranmaktad\u0131r.<\/span><\/p>\n<p><span style=\"font-family: Roboto; font-size: 14px;\"><span style=\"color: #2acec2;\"><strong><a style=\"color: #2acec2;\" href=\"https:\/\/myvize.com.tr\/dubai\/vize-islemleri\/israil-calisma-izni\/\" target=\"_blank\" rel=\"noopener\">Dubai \u00c7al\u0131\u015fma \u0130zni <\/a><\/strong><\/span>ile ilgili bilgi almak i\u00e7in bizi aray\u0131n.<\/span><\/p>\n<p><img decoding=\"async\" src=\"https:\/\/myvize.com.tr\/dubai\/wp-content\/uploads\/2021\/10\/28.jpg\" \/><\/p>\n<h2><span style=\"font-family: Roboto; font-size: 27px;\"><strong>Dubai Aile Birle\u015fimi Vizesi Nas\u0131l Al\u0131n\u0131r?<\/strong><\/span><\/h2>\n<p><span style=\"font-family: Roboto; font-size: 14px;\">Dubai\u2019ye gitmenin veya g\u00f6\u00e7 etmenin bir di\u011fer \u00f6nemli ad\u0131m\u0131 da <strong>Dubai aile birle\u015fimi<\/strong> vizesidir.\u00a0 Vatanda\u015flar sahip olacaklar\u0131 <strong>Dubai aile birle\u015fimi vizesi<\/strong> ile Dubai\u2019de yerle\u015fme \u015fans\u0131n\u0131 elde edebilir ve bu \u00fclkede uzun y\u0131llar boyunca ikamet edebilirler.<\/span><\/p>\n<p><span style=\"font-family: Roboto; font-size: 14px;\">Dubai\u2019de ikamet eden bir vatanda\u015f ile evlilik ger\u00e7ekle\u015ftiren <strong>T\u00fcrkiye Cumhuriyeti vatanda\u015flar\u0131<\/strong> e\u015f vas\u0131tas\u0131 ile Dubai\u2019de oturum alma hakk\u0131na sahip olabilir.\u00a0 Belirli bir s\u00fcre ikamet ederek \u0130branice dilini \u00f6\u011frenen vatanda\u015flar ileri a\u015famalarda bu \u00fclkede vatanda\u015fl\u0131k hakk\u0131n\u0131 da elde edebilir.<\/span><\/p>\n<p><span style=\"font-family: Roboto; font-size: 14px;\"><strong>Dubai aile birle\u015fimi vizesi nas\u0131l al\u0131n\u0131r<\/strong>\u00a0ve <strong>Dubai vatanda\u015f\u0131 nas\u0131l olunur<\/strong> sorular\u0131na yan\u0131t arayanlar i\u00e7in bir\u00e7ok farkl\u0131 se\u00e7enek bulunur. <span style=\"color: #2acec2;\"><strong><a style=\"color: #2acec2;\" href=\"https:\/\/myvize.com.tr\/dubai\/dubai-vize\/\" target=\"_blank\" rel=\"noopener\">Dubai vizesi<\/a><\/strong><\/span> T\u00fcrkiye\u2019de hizmet veren Birle\u015fik Arap Emirlikleri konsolosluklar\u0131 arac\u0131l\u0131\u011f\u0131 ile verilmektedir.\u00a0 <strong>Birle\u015fik Arap Emirlikleri Konsoloslu\u011fu<\/strong> ile ileti\u015fime ge\u00e7emeyen vatanda\u015flar ya\u015fad\u0131klar\u0131 \u015fehirlerde hizmet veren ve konsolosluk taraf\u0131ndan bizzat yetkilendirilmi\u015f vize acenteleri ile ileti\u015fime ge\u00e7erek de <strong>Dubai aile birle\u015fimi vizesi<\/strong> i\u00e7in ba\u015fvuruda bulunabilirler.\u00a0 Vize de\u011ferlendirmesinden olumlu yan\u0131t alan vatanda\u015flar aile birle\u015fimi vizesi ile Dubai\u2019ye seyahat etme ve bu \u00fclkede ya\u015fama hakk\u0131n\u0131 elde edebilirler.<\/span><\/p>\n","protected":false},"excerpt":{"rendered":"<p>Dubai Aile Birle\u015fimi Yabanc\u0131 ki\u015finin Dubai\u2019de g\u00f6\u00e7 ve vatanda\u015fl\u0131k se\u00e7ene\u011finden biri de aile birle\u015fimdir. Aile birle\u015fim vas\u0131tas\u0131yla Dubai Vatanda\u015fl\u0131k K\u00e2nun, Dubai vatanda\u015f\u0131 ile evlenen yabanc\u0131 ki\u015fiye gereken ko\u015fullar sa\u011flad\u0131\u011f\u0131 takdirde yasal stat\u00fc izin vermektedir. Dubai vatanda\u015f\u0131 ile evlenen ki\u015filer, Dubai\u2019de evlilik yoluyla oturma izni elde edebilmekte. Ki\u015fin vatanda\u015fl\u0131k haklar\u0131n\u0131 alabilmesi i\u00e7in belirli zaman Dubai\u2019de ya\u015fama<\/p>\n","protected":false},"author":1,"featured_media":0,"parent":18,"menu_order":0,"comment_status":"closed","ping_status":"closed","template":"","meta":{"footnotes":""},"class_list":["post-37","page","type-page","status-publish","hentry"],"yoast_head":"<!-- This site is optimized with the Yoast SEO plugin v24.0 - https:\/\/yoast.com\/wordpress\/plugins\/seo\/ -->\n<title>Dubai Aile Birle\u015fimi Vizesi - MyVize Vize Ba\u015fvuru Merkezi<\/title>\n<meta name=\"description\" content=\"Dubai Aile Birle\u015fimi Vizesi Nas\u0131l Al\u0131n\u0131r? Dubai Aile Birle\u015fimi Vizesinde Gerekli Evraklar Nelerdir? Dubai Aile Birle\u015fimi Vizesi Ba\u015fvurusu.\" \/>\n<meta name=\"robots\" content=\"index, follow, max-snippet:-1, max-image-preview:large, max-video-preview:-1\" \/>\n<link rel=\"canonical\" href=\"https:\/\/myvize.com.tr\/dubai\/vize-islemleri\/dubai-aile-birlesimi-vizesi\/\" \/>\n<meta property=\"og:locale\" content=\"tr_TR\" \/>\n<meta property=\"og:type\" content=\"article\" \/>\n<meta property=\"og:title\" content=\"Dubai Aile Birle\u015fimi Vizesi - MyVize Vize Ba\u015fvuru Merkezi\" \/>\n<meta property=\"og:description\" content=\"Dubai Aile Birle\u015fimi Vizesi Nas\u0131l Al\u0131n\u0131r? Dubai Aile Birle\u015fimi Vizesinde Gerekli Evraklar Nelerdir? Dubai Aile Birle\u015fimi Vizesi Ba\u015fvurusu.\" \/>\n<meta property=\"og:url\" content=\"https:\/\/myvize.com.tr\/dubai\/vize-islemleri\/dubai-aile-birlesimi-vizesi\/\" \/>\n<meta property=\"og:site_name\" content=\"Dubai Vizesi\" \/>\n<meta property=\"article:modified_time\" content=\"2023-02-21T08:56:01+00:00\" \/>\n<meta property=\"og:image\" content=\"https:\/\/myvize.com.tr\/dubai\/wp-content\/uploads\/2021\/10\/28.jpg\" \/>\n<meta name=\"twitter:card\" content=\"summary_large_image\" \/>\n<meta name=\"twitter:label1\" content=\"Tahmini okuma s\u00fcresi\" \/>\n\t<meta name=\"twitter:data1\" content=\"3 dakika\" \/>\n<script type=\"application\/ld+json\" class=\"yoast-schema-graph\">{\"@context\":\"https:\/\/schema.org\",\"@graph\":[{\"@type\":\"WebPage\",\"@id\":\"https:\/\/myvize.com.tr\/dubai\/vize-islemleri\/dubai-aile-birlesimi-vizesi\/\",\"url\":\"https:\/\/myvize.com.tr\/dubai\/vize-islemleri\/dubai-aile-birlesimi-vizesi\/\",\"name\":\"Dubai Aile Birle\u015fimi Vizesi - MyVize Vize Ba\u015fvuru Merkezi\",\"isPartOf\":{\"@id\":\"https:\/\/myvize.com.tr\/dubai\/#website\"},\"primaryImageOfPage\":{\"@id\":\"https:\/\/myvize.com.tr\/dubai\/vize-islemleri\/dubai-aile-birlesimi-vizesi\/#primaryimage\"},\"image\":{\"@id\":\"https:\/\/myvize.com.tr\/dubai\/vize-islemleri\/dubai-aile-birlesimi-vizesi\/#primaryimage\"},\"thumbnailUrl\":\"https:\/\/myvize.com.tr\/dubai\/wp-content\/uploads\/2021\/10\/28.jpg\",\"datePublished\":\"2020-11-30T09:45:46+00:00\",\"dateModified\":\"2023-02-21T08:56:01+00:00\",\"description\":\"Dubai Aile Birle\u015fimi Vizesi Nas\u0131l Al\u0131n\u0131r? Dubai Aile Birle\u015fimi Vizesinde Gerekli Evraklar Nelerdir? Dubai Aile Birle\u015fimi Vizesi Ba\u015fvurusu.\",\"breadcrumb\":{\"@id\":\"https:\/\/myvize.com.tr\/dubai\/vize-islemleri\/dubai-aile-birlesimi-vizesi\/#breadcrumb\"},\"inLanguage\":\"tr\",\"potentialAction\":[{\"@type\":\"ReadAction\",\"target\":[\"https:\/\/myvize.com.tr\/dubai\/vize-islemleri\/dubai-aile-birlesimi-vizesi\/\"]}]},{\"@type\":\"ImageObject\",\"inLanguage\":\"tr\",\"@id\":\"https:\/\/myvize.com.tr\/dubai\/vize-islemleri\/dubai-aile-birlesimi-vizesi\/#primaryimage\",\"url\":\"https:\/\/myvize.com.tr\/dubai\/wp-content\/uploads\/2021\/10\/28.jpg\",\"contentUrl\":\"https:\/\/myvize.com.tr\/dubai\/wp-content\/uploads\/2021\/10\/28.jpg\",\"width\":800,\"height\":500,\"caption\":\"Dubai Aile Birle\u015fimi Vizesi\"},{\"@type\":\"BreadcrumbList\",\"@id\":\"https:\/\/myvize.com.tr\/dubai\/vize-islemleri\/dubai-aile-birlesimi-vizesi\/#breadcrumb\",\"itemListElement\":[{\"@type\":\"ListItem\",\"position\":1,\"name\":\"Anasayfa\",\"item\":\"https:\/\/myvize.com.tr\/dubai\/\"},{\"@type\":\"ListItem\",\"position\":2,\"name\":\"V\u0130ZE \u0130\u015eLEMLER\u0130\",\"item\":\"https:\/\/myvize.com.tr\/dubai\/vize-islemleri\/\"},{\"@type\":\"ListItem\",\"position\":3,\"name\":\"Dubai Aile Birle\u015fimi Vizesi\"}]},{\"@type\":\"WebSite\",\"@id\":\"https:\/\/myvize.com.tr\/dubai\/#website\",\"url\":\"https:\/\/myvize.com.tr\/dubai\/\",\"name\":\"Dubai Vizesi\",\"description\":\"\",\"potentialAction\":[{\"@type\":\"SearchAction\",\"target\":{\"@type\":\"EntryPoint\",\"urlTemplate\":\"https:\/\/myvize.com.tr\/dubai\/?s={search_term_string}\"},\"query-input\":{\"@type\":\"PropertyValueSpecification\",\"valueRequired\":true,\"valueName\":\"search_term_string\"}}],\"inLanguage\":\"tr\"}]}<\/script>\n<!-- \/ Yoast SEO plugin. -->","yoast_head_json":{"title":"Dubai Aile Birle\u015fimi Vizesi - MyVize Vize Ba\u015fvuru Merkezi","description":"Dubai Aile Birle\u015fimi Vizesi Nas\u0131l Al\u0131n\u0131r? Dubai Aile Birle\u015fimi Vizesinde Gerekli Evraklar Nelerdir? Dubai Aile Birle\u015fimi Vizesi Ba\u015fvurusu.","robots":{"index":"index","follow":"follow","max-snippet":"max-snippet:-1","max-image-preview":"max-image-preview:large","max-video-preview":"max-video-preview:-1"},"canonical":"https:\/\/myvize.com.tr\/dubai\/vize-islemleri\/dubai-aile-birlesimi-vizesi\/","og_locale":"tr_TR","og_type":"article","og_title":"Dubai Aile Birle\u015fimi Vizesi - MyVize Vize Ba\u015fvuru Merkezi","og_description":"Dubai Aile Birle\u015fimi Vizesi Nas\u0131l Al\u0131n\u0131r? Dubai Aile Birle\u015fimi Vizesinde Gerekli Evraklar Nelerdir? Dubai Aile Birle\u015fimi Vizesi Ba\u015fvurusu.","og_url":"https:\/\/myvize.com.tr\/dubai\/vize-islemleri\/dubai-aile-birlesimi-vizesi\/","og_site_name":"Dubai Vizesi","article_modified_time":"2023-02-21T08:56:01+00:00","og_image":[{"url":"https:\/\/myvize.com.tr\/dubai\/wp-content\/uploads\/2021\/10\/28.jpg","type":"","width":"","height":""}],"twitter_card":"summary_large_image","twitter_misc":{"Tahmini okuma s\u00fcresi":"3 dakika"},"schema":{"@context":"https:\/\/schema.org","@graph":[{"@type":"WebPage","@id":"https:\/\/myvize.com.tr\/dubai\/vize-islemleri\/dubai-aile-birlesimi-vizesi\/","url":"https:\/\/myvize.com.tr\/dubai\/vize-islemleri\/dubai-aile-birlesimi-vizesi\/","name":"Dubai Aile Birle\u015fimi Vizesi - MyVize Vize Ba\u015fvuru Merkezi","isPartOf":{"@id":"https:\/\/myvize.com.tr\/dubai\/#website"},"primaryImageOfPage":{"@id":"https:\/\/myvize.com.tr\/dubai\/vize-islemleri\/dubai-aile-birlesimi-vizesi\/#primaryimage"},"image":{"@id":"https:\/\/myvize.com.tr\/dubai\/vize-islemleri\/dubai-aile-birlesimi-vizesi\/#primaryimage"},"thumbnailUrl":"https:\/\/myvize.com.tr\/dubai\/wp-content\/uploads\/2021\/10\/28.jpg","datePublished":"2020-11-30T09:45:46+00:00","dateModified":"2023-02-21T08:56:01+00:00","description":"Dubai Aile Birle\u015fimi Vizesi Nas\u0131l Al\u0131n\u0131r? Dubai Aile Birle\u015fimi Vizesinde Gerekli Evraklar Nelerdir? Dubai Aile Birle\u015fimi Vizesi Ba\u015fvurusu.","breadcrumb":{"@id":"https:\/\/myvize.com.tr\/dubai\/vize-islemleri\/dubai-aile-birlesimi-vizesi\/#breadcrumb"},"inLanguage":"tr","potentialAction":[{"@type":"ReadAction","target":["https:\/\/myvize.com.tr\/dubai\/vize-islemleri\/dubai-aile-birlesimi-vizesi\/"]}]},{"@type":"ImageObject","inLanguage":"tr","@id":"https:\/\/myvize.com.tr\/dubai\/vize-islemleri\/dubai-aile-birlesimi-vizesi\/#primaryimage","url":"https:\/\/myvize.com.tr\/dubai\/wp-content\/uploads\/2021\/10\/28.jpg","contentUrl":"https:\/\/myvize.com.tr\/dubai\/wp-content\/uploads\/2021\/10\/28.jpg","width":800,"height":500,"caption":"Dubai Aile Birle\u015fimi Vizesi"},{"@type":"BreadcrumbList","@id":"https:\/\/myvize.com.tr\/dubai\/vize-islemleri\/dubai-aile-birlesimi-vizesi\/#breadcrumb","itemListElement":[{"@type":"ListItem","position":1,"name":"Anasayfa","item":"https:\/\/myvize.com.tr\/dubai\/"},{"@type":"ListItem","position":2,"name":"V\u0130ZE \u0130\u015eLEMLER\u0130","item":"https:\/\/myvize.com.tr\/dubai\/vize-islemleri\/"},{"@type":"ListItem","position":3,"name":"Dubai Aile Birle\u015fimi Vizesi"}]},{"@type":"WebSite","@id":"https:\/\/myvize.com.tr\/dubai\/#website","url":"https:\/\/myvize.com.tr\/dubai\/","name":"Dubai Vizesi","description":"","potentialAction":[{"@type":"SearchAction","target":{"@type":"EntryPoint","urlTemplate":"https:\/\/myvize.com.tr\/dubai\/?s={search_term_string}"},"query-input":{"@type":"PropertyValueSpecification","valueRequired":true,"valueName":"search_term_string"}}],"inLanguage":"tr"}]}},"_links":{"self":[{"href":"https:\/\/myvize.com.tr\/dubai\/wp-json\/wp\/v2\/pages\/37","targetHints":{"allow":["GET"]}}],"collection":[{"href":"https:\/\/myvize.com.tr\/dubai\/wp-json\/wp\/v2\/pages"}],"about":[{"href":"https:\/\/myvize.com.tr\/dubai\/wp-json\/wp\/v2\/types\/page"}],"author":[{"embeddable":true,"href":"https:\/\/myvize.com.tr\/dubai\/wp-json\/wp\/v2\/users\/1"}],"replies":[{"embeddable":true,"href":"https:\/\/myvize.com.tr\/dubai\/wp-json\/wp\/v2\/comments?post=37"}],"version-history":[{"count":6,"href":"https:\/\/myvize.com.tr\/dubai\/wp-json\/wp\/v2\/pages\/37\/revisions"}],"predecessor-version":[{"id":736,"href":"https:\/\/myvize.com.tr\/dubai\/wp-json\/wp\/v2\/pages\/37\/revisions\/736"}],"up":[{"embeddable":true,"href":"https:\/\/myvize.com.tr\/dubai\/wp-json\/wp\/v2\/pages\/18"}],"wp:attachment":[{"href":"https:\/\/myvize.com.tr\/dubai\/wp-json\/wp\/v2\/media?parent=37"}],"curies":[{"name":"wp","href":"https:\/\/api.w.org\/{rel}","templated":true}]}}