{"id":313,"date":"2021-06-25T12:00:00","date_gmt":"2021-06-25T09:00:00","guid":{"rendered":"https:\/\/myvize.com.tr\/dubai\/?page_id=313"},"modified":"2023-02-21T11:47:01","modified_gmt":"2023-02-21T08:47:01","slug":"dubai-transit-vize","status":"publish","type":"page","link":"https:\/\/myvize.com.tr\/dubai\/vize-islemleri\/dubai-transit-vize\/","title":{"rendered":"Dubai Transit Vize"},"content":{"rendered":"<p><span style=\"font-family: Roboto;\"><\/span><\/p>\r\n<p><span style=\"font-family: Roboto; font-size: 14px;\">Transit vizeler, insanlar aras\u0131nda aktarma vize olarak da bilinirler. Transit vizelerin ba\u015fvurular\u0131 36 ve 48 saat i\u00e7erisinde sonu\u00e7lanabilir. Bu sayede Dubai transit vize i\u015flemleri k\u0131sa s\u00fcrede halledilebilir. T\u00fcrkiye vatanda\u015flar\u0131 Dubai Uluslararas\u0131 Havaliman\u0131nda 24 saati ge\u00e7meyecek \u015fekilde kal\u0131yorlarsa, transit vize almak zorunda de\u011fillerdir.<\/span><\/p>\r\n<p><span style=\"font-family: Roboto; font-size: 14px;\">\r\n\r\n<\/span><\/p>\r\n<p><span style=\"font-family: Roboto; font-size: 14px;\">Fakat bekleme s\u00fcreleri 24 saati a\u015f\u0131yorsa bunun i\u00e7in, transit vize al\u0131nmas\u0131 gerekir.\u00a0<strong>Dubai transit vize<\/strong>\u00a0i\u015flemleri sadece 48 ya da 96 saat olarak yap\u0131labilir. Dubai Uluslararas\u0131 Havaliman\u0131ndan ayr\u0131lmak isteyenler bu gibi durumlarda transit vize almak zorundad\u0131rlar. <strong>Dubai transit vizesi<\/strong> \u00e7o\u011funlukla 48 saatlik olarak tercih edilir. Bu vizeyi alacak olanlar\u0131n baz\u0131 evraklar\u0131 haz\u0131rlamas\u0131 gerekir.<\/span><\/p>\r\n<p><span style=\"font-family: Roboto; font-size: 14px;\">\r\n\r\n<\/span><\/p>\r\n<h2><span style=\"font-family: Roboto; font-size: 27px;\"><strong>Dubai Transit Vize \u00dccreti<\/strong><\/span><\/h2>\r\n<p><span style=\"font-family: Roboto; font-size: 14px;\">\r\n\r\n<\/span><\/p>\r\n<p><span style=\"font-family: Roboto; font-size: 14px;\"><strong>Dubai transit vizesi<\/strong>\u00a0almak isteyenler, bunun i\u00e7in online ize ba\u015fvurusunda bulunabilirler. B\u00f6ylece <strong>Dubai transit vizesi<\/strong> i\u00e7in ilk ad\u0131m at\u0131lm\u0131\u015f olur. <strong>Vize ba\u015fvurusu<\/strong> acentalar arac\u0131l\u0131\u011f\u0131yla yap\u0131lmal\u0131d\u0131r. Ba\u015fvuru esnas\u0131nda talep edilen belgelerin haz\u0131rlanmas\u0131 gerekir. <strong>Dubai transit vizesi<\/strong> i\u00e7in gerekli olan evraklar, di\u011fer \u00fclkelerinkiyle benzerlik g\u00f6sterir. Dubai transit vizelerinin al\u0131nabilmesi i\u00e7in, Komsolosluk ba\u015fvurusu yap\u0131lmal\u0131d\u0131r.<\/span><\/p>\r\n<p><span style=\"font-family: Roboto; font-size: 14px;\">\r\n\r\n<\/span><\/p>\r\n<p><span style=\"font-family: Roboto; font-size: 14px;\">Bu da ancak hafta i\u00e7in g\u00fcnlerde m\u00fcmk\u00fcnd\u00fcr. Ba\u015fvuru yapacak olanlar\u0131n, tatil g\u00fcnlerini ve konsolosluk yo\u011funluklar\u0131n\u0131 da g\u00f6z \u00f6n\u00fcnde bulundurmas\u0131 gerekir.\u00a0 Bu s\u00fcre\u00e7 transit vize al\u0131m s\u00fcrecinin uzamas\u0131na neden olabilir. Herhangi bir nedenden dolay\u0131 vize reddedilebilir. Bunun sonucunda verilen <span style=\"color: #2acec2;\"><strong><a style=\"color: #2acec2;\" href=\"https:\/\/myvize.com.tr\/dubai\/dubai-vize-ucreti\/\" target=\"_blank\" rel=\"noopener\">Dubai vize \u00fccreti<\/a><\/strong><\/span> geri verilmez. Vize talebi yapanlar\u0131n \u00e7ok dikkatli olmas\u0131 gerekir.<strong> Transit vize \u00fccretleri<\/strong> her sene g\u00fcncellenerek de\u011fi\u015fiklik g\u00f6sterebilir.<\/span><\/p>\r\n<p><img decoding=\"async\" src=\"https:\/\/myvize.com.tr\/dubai\/wp-content\/uploads\/2021\/10\/33.jpg\" \/><\/p>\r\n<h2><span style=\"font-family: Roboto; font-size: 27px;\"><strong>Dubai Transit Vize Hakk\u0131nda<\/strong><\/span><\/h2>\r\n<p><span style=\"font-family: Roboto; font-size: 14px;\"><strong>Dubai transit vize<\/strong>, Dubai hava alan\u0131ndan ba\u015fka \u00fclkeye gidi\u015f yapabilme i\u00e7in al\u0131nan vize t\u00fcr\u00fc. T\u00fcrkiye Cumhuriyeti vatanda\u015f\u0131, 1 g\u00fcnl\u00fck s\u00fcrede ger\u00e7ekle\u015fen u\u00e7u\u015f i\u00e7in Dubai havaalan\u0131nda \u00e7\u0131kmazsa, transit vizesi almadan i\u015flemleri ger\u00e7ekle\u015ftirebilir. T\u0131pk\u0131 di\u011fer vize t\u00fcr\u00fc gibi e-vize \u015feklinde d\u00fczenlenir.<\/span><br \/><span style=\"font-family: Roboto; font-size: 14px;\"><strong>Dubai transit vize<\/strong>, elektronik olarak yap\u0131labilir ancak ba\u015fvuru i\u015flemi, bireysel olarak yap\u0131lmaz. Vize ba\u015fvurusunun, Birle\u015fik Arap Emirli\u011fi g\u00f6\u00e7menlik b\u00fcrosuna ya da yetki verilmi\u015f acente yap\u0131lmas\u0131 gerekir. <strong>Transit vize ba\u015fvurusu<\/strong> yapt\u0131ktan sonra sonu\u00e7lar pasaporta i\u015flenmez. Vize ba\u015fvurusu sonucu direkt, e-vize \u015feklinde, e-posta adresine iletilir. E-posta adresine gelen sonu\u00e7 ka\u011f\u0131d\u0131 \u00e7\u0131kt\u0131s\u0131n\u0131 al\u0131p, pasaport ile birlikte Dubai \u00fclkesine giri\u015f yapabilmek m\u00fcmk\u00fcn olabilir.<\/span><br \/><span style=\"font-family: Roboto; font-size: 14px;\">Siyah, ye\u015fil, gri pasaportu bulunan,<strong> Dubai transit vizesi<\/strong> ba\u015fvurusu yapmak durumunda kalmaz. Ancak umuma mahsus pasaporta sahip, Dubai transit vize almas\u0131 gerekir. <strong>Dubai transit vize ba\u015fvuru<\/strong> yapacak olan, gerekli evrak\u0131n\u0131 tamamlamas\u0131 gerekir. Gerekli evrak\u0131 tamamlayarak yap\u0131lacak olan ba\u015fvurunun olumlu olabilece\u011fini s\u00f6ylemek m\u00fcmk\u00fcnd\u00fcr.<\/span><br \/><span style=\"font-family: Roboto; font-size: 14px;\"><strong>Dubai transit vize<\/strong> ba\u015fvuru i\u015flemi, online olarak da yap\u0131l\u0131r. Di\u011fer vize t\u00fcr\u00fcndeki gibi <strong>Dubai transit vizesi ba\u015fvurusu<\/strong>, Birle\u015fik Arap Emirli\u011fi G\u00f6\u00e7men B\u00fcrosunun sundu\u011fu,<strong> online vizesi<\/strong> sistem hizmet \u00fczerinden yap\u0131labilir. Elektronik vizesi ba\u015fvurusunun, bireysel olarak yap\u0131lmamaktad\u0131r. Bunun yan\u0131nda <strong>Dubai Konsoloslu\u011fun da<\/strong> vize ba\u015fvurusunu kabul etmedi\u011fi s\u00f6ylenebilmektedir. Vize ba\u015fvurusu, g\u00f6\u00e7men b\u00fcrosunun yetki verdi\u011fi acente arac\u0131l\u0131\u011f\u0131yla, gerekli evrak tamamland\u0131ktan sonra yap\u0131labilmektedir.<\/span><br \/><span style=\"font-family: Roboto; font-size: 14px;\">Ba\u015fvuruda bulunabilmek i\u00e7in ilk olarak konsoloslukla ileti\u015fime ge\u00e7ip, gerekli olan kurallar\u0131 \u00f6\u011frenmek gerekebilir. Bu ad\u0131mda sonraki s\u00fcre\u00e7te ad\u0131m tamamlan\u0131r ve ba\u015fvuru istenildi\u011fi gibi yap\u0131labilmektedir. <strong>Vize ba\u015fvurusu<\/strong> i\u00e7in gereken evrak\u0131 tamamlad\u0131ktan sonra s\u00fcre\u00e7te, yap\u0131lmas\u0131 gereken \u00fccretleri \u00f6demedir.<\/span><br \/><span style=\"font-family: Roboto; font-size: 14px;\">\u00dccret \u00f6dendikten sonra, gerekli evraklar taray\u0131c\u0131 vas\u0131tas\u0131 ile vize merkezine aktar\u0131lmaktad\u0131r. Aktar\u0131m sa\u011fland\u0131ktan sonra vize merkezi sizin ad\u0131n\u0131za evrak\u0131 gerekli yere iletir.<\/span><\/p>\r\n<p><span style=\"font-family: Roboto; font-size: 14px;\"><span style=\"color: #2acec2;\"><strong><a style=\"color: #2acec2;\" href=\"https:\/\/myvize.com.tr\/dubai\/vize-islemleri\/dubai-vize-randevusu\/\" target=\"_blank\" rel=\"noopener\">Dubai Vize Randevusu <\/a><\/strong><\/span>ile ilgili bilgi almak i\u00e7in bizi aray\u0131n.<\/span><\/p>\r\n<h2><span style=\"font-family: Roboto; font-size: 27px;\"><strong>Dubai Transit Vize Nas\u0131l Al\u0131n\u0131r?<\/strong><\/span><\/h2>\r\n<p><span style=\"font-family: Roboto; font-size: 14px;\"><strong>Dubai transit vize<\/strong>, Dubai havaalan\u0131n\u0131 kullanarak herhangi bir di\u011fer \u00fclkeye ge\u00e7i\u015f yapmak isteyen vatanda\u015flar\u0131n almas\u0131 gereken vize t\u00fcr\u00fcd\u00fcr. E\u011fer ger\u00e7ekle\u015ftirilecek olan u\u00e7u\u015flarda 24 saatten daha uzun s\u00fcre Dubai havaalan\u0131nda kal\u0131nacak ise bu durumda vatanda\u015flar\u0131n <strong>Dubai transit vizesi<\/strong> sahibi olmalar\u0131 gerekir.<\/span><\/p>\r\n<p><span style=\"font-family: Roboto; font-size: 14px;\"><strong>Dubai transit vize nas\u0131l al\u0131n\u0131r<\/strong>\u00a0sorusuna yan\u0131t arayan vatanda\u015flar i\u00e7in iki farkl\u0131 se\u00e7enek bulunur. \u0130lk se\u00e7enekte vatanda\u015flar internet ortam\u0131nda online ko\u015fullarda ba\u015fvurular\u0131n\u0131 ger\u00e7ekle\u015ftirebilirler. \u0130nternet ortam\u0131nda vize i\u00e7in gerekli \u00fccreti yat\u0131ran vatanda\u015flar buradan resmi olarak vize ba\u015fvurusunda bulunabilirler. <strong>Dubai transit vizesi<\/strong> i\u00e7in ikinci se\u00e7enek ise<strong> Dubai G\u00f6\u00e7men B\u00fcrosu<\/strong> ile ileti\u015fime ge\u00e7erek vize ba\u015fvurusunda bulunmakt\u0131r. Vatanda\u015flar \u015fahsi olarak b\u00fcroda bulunabilir ve <strong>Dubai transit vizesi<\/strong> i\u00e7in gerekli olan ba\u015fvuru ad\u0131mlar\u0131n\u0131 izleyebilirler.<\/span><\/p>\r\n<p><span style=\"font-family: Roboto; font-size: 14px;\">Umumi pasaporta sahip olan T\u00fcrk Vatanda\u015flar\u0131 T\u00fcrkiye Cumhuriyeti\u2019nden Dubai\u2019ye ge\u00e7i\u015flerde vizeye sahip olmak zorundad\u0131r. Transit vize vatanda\u015flara 24 saat boyunca havaalan\u0131nda sorunsuz bir \u015fekilde kalma hakk\u0131n\u0131 tan\u0131r. Vatanda\u015flar transit u\u00e7u\u015flar esnas\u0131nda Dubai\u2019ye indiklerinde havaalan\u0131nda bulunan yetkililere gideceklerim \u00fclkeye ait bilgiler ile birlikte <strong>Dubai transit vizeyi<\/strong> de g\u00f6stererek burada sorunsuz bir \u015fekilde bekleyebilir.<\/span><\/p>\r\n<p><span style=\"font-family: Roboto;\"><\/span><\/p>","protected":false},"excerpt":{"rendered":"<p>Transit vizeler, insanlar aras\u0131nda aktarma vize olarak da bilinirler. Transit vizelerin ba\u015fvurular\u0131 36 ve 48 saat i\u00e7erisinde sonu\u00e7lanabilir. Bu sayede Dubai transit vize i\u015flemleri k\u0131sa s\u00fcrede halledilebilir. T\u00fcrkiye vatanda\u015flar\u0131 Dubai Uluslararas\u0131 Havaliman\u0131nda 24 saati ge\u00e7meyecek \u015fekilde kal\u0131yorlarsa, transit vize almak zorunda de\u011fillerdir. Fakat bekleme s\u00fcreleri 24 saati a\u015f\u0131yorsa bunun i\u00e7in, transit vize al\u0131nmas\u0131 gerekir.\u00a0Dubai transit<\/p>\n","protected":false},"author":1,"featured_media":0,"parent":18,"menu_order":0,"comment_status":"closed","ping_status":"closed","template":"","meta":{"footnotes":""},"class_list":["post-313","page","type-page","status-publish","hentry"],"yoast_head":"<!-- This site is optimized with the Yoast SEO plugin v24.0 - https:\/\/yoast.com\/wordpress\/plugins\/seo\/ -->\n<title>Dubai Transit Vize - Dubai Vizesi - MyVize Vize Ba\u015fvuru Merkezi<\/title>\n<meta name=\"description\" content=\"Dubai Transit Vizesi Nas\u0131l Al\u0131n\u0131r? Dubai Transit Vize Ba\u015fvurusu Nas\u0131l Yap\u0131l\u0131r? Dubai Transit Vize \u00dccreti Ne Kadar?\" \/>\n<meta name=\"robots\" content=\"index, follow, max-snippet:-1, max-image-preview:large, max-video-preview:-1\" \/>\n<link rel=\"canonical\" href=\"https:\/\/myvize.com.tr\/dubai\/vize-islemleri\/dubai-transit-vize\/\" \/>\n<meta property=\"og:locale\" content=\"tr_TR\" \/>\n<meta property=\"og:type\" content=\"article\" \/>\n<meta property=\"og:title\" content=\"Dubai Transit Vize - Dubai Vizesi - MyVize Vize Ba\u015fvuru Merkezi\" \/>\n<meta property=\"og:description\" content=\"Dubai Transit Vizesi Nas\u0131l Al\u0131n\u0131r? Dubai Transit Vize Ba\u015fvurusu Nas\u0131l Yap\u0131l\u0131r? Dubai Transit Vize \u00dccreti Ne Kadar?\" \/>\n<meta property=\"og:url\" content=\"https:\/\/myvize.com.tr\/dubai\/vize-islemleri\/dubai-transit-vize\/\" \/>\n<meta property=\"og:site_name\" content=\"Dubai Vizesi\" \/>\n<meta property=\"article:modified_time\" content=\"2023-02-21T08:47:01+00:00\" \/>\n<meta property=\"og:image\" content=\"https:\/\/myvize.com.tr\/dubai\/wp-content\/uploads\/2021\/10\/33.jpg\" \/>\n<meta name=\"twitter:card\" content=\"summary_large_image\" \/>\n<meta name=\"twitter:label1\" content=\"Tahmini okuma s\u00fcresi\" \/>\n\t<meta name=\"twitter:data1\" content=\"4 dakika\" \/>\n<script type=\"application\/ld+json\" class=\"yoast-schema-graph\">{\"@context\":\"https:\/\/schema.org\",\"@graph\":[{\"@type\":\"WebPage\",\"@id\":\"https:\/\/myvize.com.tr\/dubai\/vize-islemleri\/dubai-transit-vize\/\",\"url\":\"https:\/\/myvize.com.tr\/dubai\/vize-islemleri\/dubai-transit-vize\/\",\"name\":\"Dubai Transit Vize - Dubai Vizesi - MyVize Vize Ba\u015fvuru Merkezi\",\"isPartOf\":{\"@id\":\"https:\/\/myvize.com.tr\/dubai\/#website\"},\"primaryImageOfPage\":{\"@id\":\"https:\/\/myvize.com.tr\/dubai\/vize-islemleri\/dubai-transit-vize\/#primaryimage\"},\"image\":{\"@id\":\"https:\/\/myvize.com.tr\/dubai\/vize-islemleri\/dubai-transit-vize\/#primaryimage\"},\"thumbnailUrl\":\"https:\/\/myvize.com.tr\/dubai\/wp-content\/uploads\/2021\/10\/33.jpg\",\"datePublished\":\"2021-06-25T09:00:00+00:00\",\"dateModified\":\"2023-02-21T08:47:01+00:00\",\"description\":\"Dubai Transit Vizesi Nas\u0131l Al\u0131n\u0131r? Dubai Transit Vize Ba\u015fvurusu Nas\u0131l Yap\u0131l\u0131r? Dubai Transit Vize \u00dccreti Ne Kadar?\",\"breadcrumb\":{\"@id\":\"https:\/\/myvize.com.tr\/dubai\/vize-islemleri\/dubai-transit-vize\/#breadcrumb\"},\"inLanguage\":\"tr\",\"potentialAction\":[{\"@type\":\"ReadAction\",\"target\":[\"https:\/\/myvize.com.tr\/dubai\/vize-islemleri\/dubai-transit-vize\/\"]}]},{\"@type\":\"ImageObject\",\"inLanguage\":\"tr\",\"@id\":\"https:\/\/myvize.com.tr\/dubai\/vize-islemleri\/dubai-transit-vize\/#primaryimage\",\"url\":\"https:\/\/myvize.com.tr\/dubai\/wp-content\/uploads\/2021\/10\/33.jpg\",\"contentUrl\":\"https:\/\/myvize.com.tr\/dubai\/wp-content\/uploads\/2021\/10\/33.jpg\",\"width\":800,\"height\":500,\"caption\":\"Dubai Transit Vize\"},{\"@type\":\"BreadcrumbList\",\"@id\":\"https:\/\/myvize.com.tr\/dubai\/vize-islemleri\/dubai-transit-vize\/#breadcrumb\",\"itemListElement\":[{\"@type\":\"ListItem\",\"position\":1,\"name\":\"Anasayfa\",\"item\":\"https:\/\/myvize.com.tr\/dubai\/\"},{\"@type\":\"ListItem\",\"position\":2,\"name\":\"V\u0130ZE \u0130\u015eLEMLER\u0130\",\"item\":\"https:\/\/myvize.com.tr\/dubai\/vize-islemleri\/\"},{\"@type\":\"ListItem\",\"position\":3,\"name\":\"Dubai Transit Vize\"}]},{\"@type\":\"WebSite\",\"@id\":\"https:\/\/myvize.com.tr\/dubai\/#website\",\"url\":\"https:\/\/myvize.com.tr\/dubai\/\",\"name\":\"Dubai Vizesi\",\"description\":\"\",\"potentialAction\":[{\"@type\":\"SearchAction\",\"target\":{\"@type\":\"EntryPoint\",\"urlTemplate\":\"https:\/\/myvize.com.tr\/dubai\/?s={search_term_string}\"},\"query-input\":{\"@type\":\"PropertyValueSpecification\",\"valueRequired\":true,\"valueName\":\"search_term_string\"}}],\"inLanguage\":\"tr\"}]}<\/script>\n<!-- \/ Yoast SEO plugin. -->","yoast_head_json":{"title":"Dubai Transit Vize - Dubai Vizesi - MyVize Vize Ba\u015fvuru Merkezi","description":"Dubai Transit Vizesi Nas\u0131l Al\u0131n\u0131r? Dubai Transit Vize Ba\u015fvurusu Nas\u0131l Yap\u0131l\u0131r? Dubai Transit Vize \u00dccreti Ne Kadar?","robots":{"index":"index","follow":"follow","max-snippet":"max-snippet:-1","max-image-preview":"max-image-preview:large","max-video-preview":"max-video-preview:-1"},"canonical":"https:\/\/myvize.com.tr\/dubai\/vize-islemleri\/dubai-transit-vize\/","og_locale":"tr_TR","og_type":"article","og_title":"Dubai Transit Vize - Dubai Vizesi - MyVize Vize Ba\u015fvuru Merkezi","og_description":"Dubai Transit Vizesi Nas\u0131l Al\u0131n\u0131r? Dubai Transit Vize Ba\u015fvurusu Nas\u0131l Yap\u0131l\u0131r? Dubai Transit Vize \u00dccreti Ne Kadar?","og_url":"https:\/\/myvize.com.tr\/dubai\/vize-islemleri\/dubai-transit-vize\/","og_site_name":"Dubai Vizesi","article_modified_time":"2023-02-21T08:47:01+00:00","og_image":[{"url":"https:\/\/myvize.com.tr\/dubai\/wp-content\/uploads\/2021\/10\/33.jpg","type":"","width":"","height":""}],"twitter_card":"summary_large_image","twitter_misc":{"Tahmini okuma s\u00fcresi":"4 dakika"},"schema":{"@context":"https:\/\/schema.org","@graph":[{"@type":"WebPage","@id":"https:\/\/myvize.com.tr\/dubai\/vize-islemleri\/dubai-transit-vize\/","url":"https:\/\/myvize.com.tr\/dubai\/vize-islemleri\/dubai-transit-vize\/","name":"Dubai Transit Vize - Dubai Vizesi - MyVize Vize Ba\u015fvuru Merkezi","isPartOf":{"@id":"https:\/\/myvize.com.tr\/dubai\/#website"},"primaryImageOfPage":{"@id":"https:\/\/myvize.com.tr\/dubai\/vize-islemleri\/dubai-transit-vize\/#primaryimage"},"image":{"@id":"https:\/\/myvize.com.tr\/dubai\/vize-islemleri\/dubai-transit-vize\/#primaryimage"},"thumbnailUrl":"https:\/\/myvize.com.tr\/dubai\/wp-content\/uploads\/2021\/10\/33.jpg","datePublished":"2021-06-25T09:00:00+00:00","dateModified":"2023-02-21T08:47:01+00:00","description":"Dubai Transit Vizesi Nas\u0131l Al\u0131n\u0131r? Dubai Transit Vize Ba\u015fvurusu Nas\u0131l Yap\u0131l\u0131r? Dubai Transit Vize \u00dccreti Ne Kadar?","breadcrumb":{"@id":"https:\/\/myvize.com.tr\/dubai\/vize-islemleri\/dubai-transit-vize\/#breadcrumb"},"inLanguage":"tr","potentialAction":[{"@type":"ReadAction","target":["https:\/\/myvize.com.tr\/dubai\/vize-islemleri\/dubai-transit-vize\/"]}]},{"@type":"ImageObject","inLanguage":"tr","@id":"https:\/\/myvize.com.tr\/dubai\/vize-islemleri\/dubai-transit-vize\/#primaryimage","url":"https:\/\/myvize.com.tr\/dubai\/wp-content\/uploads\/2021\/10\/33.jpg","contentUrl":"https:\/\/myvize.com.tr\/dubai\/wp-content\/uploads\/2021\/10\/33.jpg","width":800,"height":500,"caption":"Dubai Transit Vize"},{"@type":"BreadcrumbList","@id":"https:\/\/myvize.com.tr\/dubai\/vize-islemleri\/dubai-transit-vize\/#breadcrumb","itemListElement":[{"@type":"ListItem","position":1,"name":"Anasayfa","item":"https:\/\/myvize.com.tr\/dubai\/"},{"@type":"ListItem","position":2,"name":"V\u0130ZE \u0130\u015eLEMLER\u0130","item":"https:\/\/myvize.com.tr\/dubai\/vize-islemleri\/"},{"@type":"ListItem","position":3,"name":"Dubai Transit Vize"}]},{"@type":"WebSite","@id":"https:\/\/myvize.com.tr\/dubai\/#website","url":"https:\/\/myvize.com.tr\/dubai\/","name":"Dubai Vizesi","description":"","potentialAction":[{"@type":"SearchAction","target":{"@type":"EntryPoint","urlTemplate":"https:\/\/myvize.com.tr\/dubai\/?s={search_term_string}"},"query-input":{"@type":"PropertyValueSpecification","valueRequired":true,"valueName":"search_term_string"}}],"inLanguage":"tr"}]}},"_links":{"self":[{"href":"https:\/\/myvize.com.tr\/dubai\/wp-json\/wp\/v2\/pages\/313","targetHints":{"allow":["GET"]}}],"collection":[{"href":"https:\/\/myvize.com.tr\/dubai\/wp-json\/wp\/v2\/pages"}],"about":[{"href":"https:\/\/myvize.com.tr\/dubai\/wp-json\/wp\/v2\/types\/page"}],"author":[{"embeddable":true,"href":"https:\/\/myvize.com.tr\/dubai\/wp-json\/wp\/v2\/users\/1"}],"replies":[{"embeddable":true,"href":"https:\/\/myvize.com.tr\/dubai\/wp-json\/wp\/v2\/comments?post=313"}],"version-history":[{"count":5,"href":"https:\/\/myvize.com.tr\/dubai\/wp-json\/wp\/v2\/pages\/313\/revisions"}],"predecessor-version":[{"id":732,"href":"https:\/\/myvize.com.tr\/dubai\/wp-json\/wp\/v2\/pages\/313\/revisions\/732"}],"up":[{"embeddable":true,"href":"https:\/\/myvize.com.tr\/dubai\/wp-json\/wp\/v2\/pages\/18"}],"wp:attachment":[{"href":"https:\/\/myvize.com.tr\/dubai\/wp-json\/wp\/v2\/media?parent=313"}],"curies":[{"name":"wp","href":"https:\/\/api.w.org\/{rel}","templated":true}]}}