{"id":301,"date":"2021-03-30T20:38:38","date_gmt":"2021-03-30T17:38:38","guid":{"rendered":"https:\/\/myvize.com.tr\/dubai\/?page_id=301"},"modified":"2021-11-04T15:27:41","modified_gmt":"2021-11-04T12:27:41","slug":"dubai-vize-ucreti","status":"publish","type":"page","link":"https:\/\/myvize.com.tr\/dubai\/dubai-vize-ucreti\/","title":{"rendered":"Dubai Vize \u00dccreti"},"content":{"rendered":"<h2><span style=\"font-family: Roboto; font-size: 27px;\"><strong>Dubai Vize \u00dccreti 2022<\/strong><\/span><\/h2>\n<p><span style=\"font-family: Roboto; font-size: 14px;\"><strong>Dubai vize<\/strong> \u00fccretleri Dubai Konsoloslu\u011fu taraf\u0131ndan belirlenmekte d\u00f6nemsel olarak konsolosluk taraf\u0131ndan da g\u00fcncellenmektedir. Dubai vizesi ba\u015fvurusunda bulunacak ki\u015finin ba\u015fvuru i\u015fleminin hemen \u00f6ncesinde g\u00fcncel <strong>Dubai vize \u00fccreti<\/strong> detay\u0131n\u0131 teyit etmesi olduk\u00e7a \u00f6nem arz etmekte<strong>. <span style=\"color: #2acec2;\"><a style=\"color: #2acec2;\" href=\"https:\/\/myvize.com.tr\/dubai\/dubai-vize\/\" target=\"_blank\" rel=\"noopener\">Dubai vizesi<\/a><\/span><\/strong> fiyatlar\u0131 ba\u015fvuru yapacak vize t\u00fcr\u00fcne, seyahat s\u00fcresi ve \u00fclkeye s\u0131n\u0131r\u0131 i\u00e7ine giri\u015f haklar\u0131na g\u00f6re de\u011fi\u015fiklik g\u00f6stermekte.<\/span><br \/>\n<span style=\"font-family: Roboto; font-size: 14px;\"><strong>Dubai Konsoloslu\u011fu<\/strong> vize ba\u015fvurusunu do\u011frudan kabul etmemekte. Vize ba\u015fvuru i\u015flemi akredite vize ba\u015fvuru merkezi ile turizm ve seyahat acenteleri arac\u0131l\u0131\u011f\u0131yla yap\u0131lmaktad\u0131r. Bu sebeple vize i\u015flemi dan\u0131\u015fmanl\u0131k hizmetleri i\u00e7in belirlenen \u00fccret vize \u00fccreti dahil edilmekte. <strong>Dubai vizesi<\/strong> i\u015flemi \u00f6ncesinde ba\u015fvuru yap\u0131lacak vize t\u00fcrlerinin belirlenmesi olduk\u00e7a \u00f6nem arz edilen konular aras\u0131nda yer almakta.<\/span><\/p>\n<p><img decoding=\"async\" src=\"https:\/\/myvize.com.tr\/dubai\/wp-content\/uploads\/2021\/10\/30.jpg\" \/><\/p>\n<p><span style=\"font-family: Roboto; font-size: 14px;\"><strong>Dubai Konsolosluklar\u0131<\/strong> taraf\u0131ndan belirtilen <strong>Dubai vizesi \u00fccreti 2021<\/strong> fiyat\u0131n\u0131n g\u00fcncellenmesi sebebiyle ba\u015fvuru \u00f6ncesi konfirme etmesi gerekmekte. <strong>Dubai vizesi<\/strong> ba\u015fvurusunun herhangi bir sebepten dolay\u0131 konsolosluklar taraf\u0131ndan <span style=\"color: #2acec2;\"><strong><a style=\"color: #2acec2;\" href=\"https:\/\/myvize.com.tr\/dubai\/vize-islemleri\/dubai-vize-reddi\/\" target=\"_blank\" rel=\"noopener\">Dubai vize reddi<\/a><\/strong><\/span> ile sonu\u00e7lanmas\u0131 durumunda \u00f6denen vize \u00fccretleri ba\u015fvuru sahibine iade edilmemekte. Ba\u015fvuru a\u015famas\u0131na vize reddine neden olabilecek konuya \u00f6zen g\u00f6stermesi gerekmektedir.<\/span><br \/>\n<span style=\"font-family: Roboto; font-size: 14px;\"><strong>Dubai vizesi<\/strong> \u00fccretleri 2021 konsolosluklar taraf\u0131ndan belirtilen g\u00fcncel \u00fccret detay\u0131 a\u015fa\u011f\u0131da s\u0131ras\u0131 verilmi\u015ftir. \u00dccret g\u00fcncellemesi nedeni ile ba\u015fvuru \u00f6ncesi vize fiyat\u0131n\u0131n teyit edilmesi gereklidir.<\/span><br \/>\n<span style=\"font-family: Roboto; font-size: 14px;\">Dubai 30 G\u00fcnl\u00fck Tek Giri\u015f Vize \u00dccreti : 119 USD<\/span><br \/>\n<span style=\"font-family: Roboto; font-size: 14px;\">Dubai 30 G\u00fcnl\u00fck \u00c7ok Giri\u015f Vize \u00dccreti : 225 USD<\/span><br \/>\n<span style=\"font-family: Roboto; font-size: 14px;\">Dubai 90 G\u00fcnl\u00fck Tek Giri\u015f Vize \u00dccreti : 235 USD<\/span><br \/>\n<span style=\"font-family: Roboto; font-size: 14px;\">Dubai 90 G\u00fcnl\u00fck \u00c7ift Giri\u015f Vize \u00dccreti : 520 USD<\/span><br \/>\n<span style=\"font-family: Roboto; font-size: 14px;\">Dubai 48 Saatlik Tek Giri\u015f Vize \u00dccreti : 50 USD<\/span><br \/>\n<span style=\"font-family: Roboto; font-size: 14px;\">96 Saatlik Tek Giri\u015f Vize \u00dccreti : 79 USD<\/span><br \/>\n<span style=\"font-family: Roboto; font-size: 14px;\">Dubai Cruise 30 G\u00fcnl\u00fck \u00c7ok Giri\u015f Vizesi : 115 USD<\/span><br \/>\n<span style=\"font-family: Roboto; font-size: 14px;\">Dubai 24 Saatte \u00c7ok Giri\u015f Vizesi \u00dccreti : 260 USD<\/span><\/p>\n<h2><span style=\"font-family: Roboto; font-size: 27px;\"><strong>Dubai Vize \u00dccreti Ne Kadard\u0131r?<\/strong><\/span><\/h2>\n<p><span style=\"font-family: Roboto; font-size: 14px;\"><strong>Dubai vize \u00fccreti\u00a0<\/strong>ve ba\u015fvuru i\u00e7in gerekli belgeler hakk\u0131nda bilgi sahibi olan vatanda\u015flar <strong>Dubai konsoloslu\u011fu<\/strong> ya da resmi acenteler ile ileti\u015fine ge\u00e7erek vize i\u00e7in ilk resmi ad\u0131mlar\u0131n\u0131 atabilirler. T\u00fcrkiye Cumhuriyeti\u2019nden Dubai\u2019ye seyahat etmek isteyen vatanda\u015flar\u0131n bu \u00fclke giri\u015fleri i\u00e7in vizeye ihtiya\u00e7lar\u0131 vard\u0131r. Vatanda\u015flar i\u015f, seyahat veya turistik gibi bir\u00e7ok farkl\u0131 nedenlerden dolay\u0131 Dubai\u2019ye seyahat edebilir. Seyahatlerine en uygun vize t\u00fcr\u00fcne karar veren vatanda\u015flar vize i\u00e7in gerekli evraklar ile birlikte vize \u00fccreti \u00f6demesini de yaparak gerekli i\u015flemlere resmi anlamda ba\u015flayabilirler.<\/span><\/p>\n<p><span style=\"font-family: Roboto; font-size: 14px;\"><strong>Dubai vize \u00fccreti<\/strong> al\u0131nacak olan vize t\u00fcr\u00fcne ve vize s\u00fcresine g\u00f6re de\u011fi\u015fiklik g\u00f6sterir. K\u0131sa s\u00fcreli ve uzun s\u00fcreli vizeler i\u00e7in gerekli \u00fccreti \u00f6deyen vatanda\u015flar di\u011fer evraklar\u0131 da konsolosluk yetkisine sunabilir.<\/span><\/p>\n<p><span style=\"font-family: Roboto; font-size: 14px;\"><strong>Dubai vize \u00fccretleri 2021<\/strong> y\u0131l\u0131nda 1.319 TL olarak belirlenmi\u015ftir. Al\u0131nacak olan vize s\u00fcresine g\u00f6re fiyatlar\u0131n da artmas\u0131 m\u00fcmk\u00fcn olur. <strong>Dubai vizesi<\/strong> i\u00e7in talep edilen \u00fccretlere K.D.V. dahildir ve vatanda\u015flar \u00f6demelerini ister nakit isterlerse de kredi kart\u0131 arac\u0131l\u0131\u011f\u0131 ile yapabilirler.<\/span><\/p>\n","protected":false},"excerpt":{"rendered":"<p>Dubai Vize \u00dccreti 2022 Dubai vize \u00fccretleri Dubai Konsoloslu\u011fu taraf\u0131ndan belirlenmekte d\u00f6nemsel olarak konsolosluk taraf\u0131ndan da g\u00fcncellenmektedir. Dubai vizesi ba\u015fvurusunda bulunacak ki\u015finin ba\u015fvuru i\u015fleminin hemen \u00f6ncesinde g\u00fcncel Dubai vize \u00fccreti detay\u0131n\u0131 teyit etmesi olduk\u00e7a \u00f6nem arz etmekte. Dubai vizesi fiyatlar\u0131 ba\u015fvuru yapacak vize t\u00fcr\u00fcne, seyahat s\u00fcresi ve \u00fclkeye s\u0131n\u0131r\u0131 i\u00e7ine giri\u015f haklar\u0131na g\u00f6re de\u011fi\u015fiklik g\u00f6stermekte.<\/p>\n","protected":false},"author":1,"featured_media":0,"parent":0,"menu_order":0,"comment_status":"closed","ping_status":"closed","template":"","meta":{"footnotes":""},"class_list":["post-301","page","type-page","status-publish","hentry"],"yoast_head":"<!-- This site is optimized with the Yoast SEO plugin v24.0 - https:\/\/yoast.com\/wordpress\/plugins\/seo\/ -->\n<title>Dubai Vize \u00dccreti - Dubai Vizesi - MyVize Vize Ba\u015fvuru Merkezi<\/title>\n<meta name=\"description\" content=\"Dubai Vize \u00dccreti Ne Kadard\u0131r? Dubai Vize \u00dccreti 2022 G\u00fcncel Listesi. Bilgi \u0130\u00e7in Vize Uzmanlar\u0131m\u0131z\u0131 Aray\u0131n: 0850 346 84 93\" \/>\n<meta name=\"robots\" content=\"index, follow, max-snippet:-1, max-image-preview:large, max-video-preview:-1\" \/>\n<link rel=\"canonical\" href=\"https:\/\/myvize.com.tr\/dubai\/dubai-vize-ucreti\/\" \/>\n<meta property=\"og:locale\" content=\"tr_TR\" \/>\n<meta property=\"og:type\" content=\"article\" \/>\n<meta property=\"og:title\" content=\"Dubai Vize \u00dccreti - Dubai Vizesi - MyVize Vize Ba\u015fvuru Merkezi\" \/>\n<meta property=\"og:description\" content=\"Dubai Vize \u00dccreti Ne Kadard\u0131r? Dubai Vize \u00dccreti 2022 G\u00fcncel Listesi. Bilgi \u0130\u00e7in Vize Uzmanlar\u0131m\u0131z\u0131 Aray\u0131n: 0850 346 84 93\" \/>\n<meta property=\"og:url\" content=\"https:\/\/myvize.com.tr\/dubai\/dubai-vize-ucreti\/\" \/>\n<meta property=\"og:site_name\" content=\"Dubai Vizesi\" \/>\n<meta property=\"article:modified_time\" content=\"2021-11-04T12:27:41+00:00\" \/>\n<meta property=\"og:image\" content=\"https:\/\/myvize.com.tr\/dubai\/wp-content\/uploads\/2021\/10\/30.jpg\" \/>\n<meta name=\"twitter:card\" content=\"summary_large_image\" \/>\n<meta name=\"twitter:label1\" content=\"Tahmini okuma s\u00fcresi\" \/>\n\t<meta name=\"twitter:data1\" content=\"2 dakika\" \/>\n<script type=\"application\/ld+json\" class=\"yoast-schema-graph\">{\"@context\":\"https:\/\/schema.org\",\"@graph\":[{\"@type\":\"WebPage\",\"@id\":\"https:\/\/myvize.com.tr\/dubai\/dubai-vize-ucreti\/\",\"url\":\"https:\/\/myvize.com.tr\/dubai\/dubai-vize-ucreti\/\",\"name\":\"Dubai Vize \u00dccreti - Dubai Vizesi - MyVize Vize Ba\u015fvuru Merkezi\",\"isPartOf\":{\"@id\":\"https:\/\/myvize.com.tr\/dubai\/#website\"},\"primaryImageOfPage\":{\"@id\":\"https:\/\/myvize.com.tr\/dubai\/dubai-vize-ucreti\/#primaryimage\"},\"image\":{\"@id\":\"https:\/\/myvize.com.tr\/dubai\/dubai-vize-ucreti\/#primaryimage\"},\"thumbnailUrl\":\"https:\/\/myvize.com.tr\/dubai\/wp-content\/uploads\/2021\/10\/30.jpg\",\"datePublished\":\"2021-03-30T17:38:38+00:00\",\"dateModified\":\"2021-11-04T12:27:41+00:00\",\"description\":\"Dubai Vize \u00dccreti Ne Kadard\u0131r? Dubai Vize \u00dccreti 2022 G\u00fcncel Listesi. Bilgi \u0130\u00e7in Vize Uzmanlar\u0131m\u0131z\u0131 Aray\u0131n: 0850 346 84 93\",\"breadcrumb\":{\"@id\":\"https:\/\/myvize.com.tr\/dubai\/dubai-vize-ucreti\/#breadcrumb\"},\"inLanguage\":\"tr\",\"potentialAction\":[{\"@type\":\"ReadAction\",\"target\":[\"https:\/\/myvize.com.tr\/dubai\/dubai-vize-ucreti\/\"]}]},{\"@type\":\"ImageObject\",\"inLanguage\":\"tr\",\"@id\":\"https:\/\/myvize.com.tr\/dubai\/dubai-vize-ucreti\/#primaryimage\",\"url\":\"https:\/\/myvize.com.tr\/dubai\/wp-content\/uploads\/2021\/10\/30.jpg\",\"contentUrl\":\"https:\/\/myvize.com.tr\/dubai\/wp-content\/uploads\/2021\/10\/30.jpg\",\"width\":800,\"height\":500,\"caption\":\"Dubai Vize \u00dccreti\"},{\"@type\":\"BreadcrumbList\",\"@id\":\"https:\/\/myvize.com.tr\/dubai\/dubai-vize-ucreti\/#breadcrumb\",\"itemListElement\":[{\"@type\":\"ListItem\",\"position\":1,\"name\":\"Anasayfa\",\"item\":\"https:\/\/myvize.com.tr\/dubai\/\"},{\"@type\":\"ListItem\",\"position\":2,\"name\":\"Dubai Vize \u00dccreti\"}]},{\"@type\":\"WebSite\",\"@id\":\"https:\/\/myvize.com.tr\/dubai\/#website\",\"url\":\"https:\/\/myvize.com.tr\/dubai\/\",\"name\":\"Dubai Vizesi\",\"description\":\"\",\"potentialAction\":[{\"@type\":\"SearchAction\",\"target\":{\"@type\":\"EntryPoint\",\"urlTemplate\":\"https:\/\/myvize.com.tr\/dubai\/?s={search_term_string}\"},\"query-input\":{\"@type\":\"PropertyValueSpecification\",\"valueRequired\":true,\"valueName\":\"search_term_string\"}}],\"inLanguage\":\"tr\"}]}<\/script>\n<!-- \/ Yoast SEO plugin. -->","yoast_head_json":{"title":"Dubai Vize \u00dccreti - Dubai Vizesi - MyVize Vize Ba\u015fvuru Merkezi","description":"Dubai Vize \u00dccreti Ne Kadard\u0131r? Dubai Vize \u00dccreti 2022 G\u00fcncel Listesi. Bilgi \u0130\u00e7in Vize Uzmanlar\u0131m\u0131z\u0131 Aray\u0131n: 0850 346 84 93","robots":{"index":"index","follow":"follow","max-snippet":"max-snippet:-1","max-image-preview":"max-image-preview:large","max-video-preview":"max-video-preview:-1"},"canonical":"https:\/\/myvize.com.tr\/dubai\/dubai-vize-ucreti\/","og_locale":"tr_TR","og_type":"article","og_title":"Dubai Vize \u00dccreti - Dubai Vizesi - MyVize Vize Ba\u015fvuru Merkezi","og_description":"Dubai Vize \u00dccreti Ne Kadard\u0131r? Dubai Vize \u00dccreti 2022 G\u00fcncel Listesi. Bilgi \u0130\u00e7in Vize Uzmanlar\u0131m\u0131z\u0131 Aray\u0131n: 0850 346 84 93","og_url":"https:\/\/myvize.com.tr\/dubai\/dubai-vize-ucreti\/","og_site_name":"Dubai Vizesi","article_modified_time":"2021-11-04T12:27:41+00:00","og_image":[{"url":"https:\/\/myvize.com.tr\/dubai\/wp-content\/uploads\/2021\/10\/30.jpg","type":"","width":"","height":""}],"twitter_card":"summary_large_image","twitter_misc":{"Tahmini okuma s\u00fcresi":"2 dakika"},"schema":{"@context":"https:\/\/schema.org","@graph":[{"@type":"WebPage","@id":"https:\/\/myvize.com.tr\/dubai\/dubai-vize-ucreti\/","url":"https:\/\/myvize.com.tr\/dubai\/dubai-vize-ucreti\/","name":"Dubai Vize \u00dccreti - Dubai Vizesi - MyVize Vize Ba\u015fvuru Merkezi","isPartOf":{"@id":"https:\/\/myvize.com.tr\/dubai\/#website"},"primaryImageOfPage":{"@id":"https:\/\/myvize.com.tr\/dubai\/dubai-vize-ucreti\/#primaryimage"},"image":{"@id":"https:\/\/myvize.com.tr\/dubai\/dubai-vize-ucreti\/#primaryimage"},"thumbnailUrl":"https:\/\/myvize.com.tr\/dubai\/wp-content\/uploads\/2021\/10\/30.jpg","datePublished":"2021-03-30T17:38:38+00:00","dateModified":"2021-11-04T12:27:41+00:00","description":"Dubai Vize \u00dccreti Ne Kadard\u0131r? Dubai Vize \u00dccreti 2022 G\u00fcncel Listesi. Bilgi \u0130\u00e7in Vize Uzmanlar\u0131m\u0131z\u0131 Aray\u0131n: 0850 346 84 93","breadcrumb":{"@id":"https:\/\/myvize.com.tr\/dubai\/dubai-vize-ucreti\/#breadcrumb"},"inLanguage":"tr","potentialAction":[{"@type":"ReadAction","target":["https:\/\/myvize.com.tr\/dubai\/dubai-vize-ucreti\/"]}]},{"@type":"ImageObject","inLanguage":"tr","@id":"https:\/\/myvize.com.tr\/dubai\/dubai-vize-ucreti\/#primaryimage","url":"https:\/\/myvize.com.tr\/dubai\/wp-content\/uploads\/2021\/10\/30.jpg","contentUrl":"https:\/\/myvize.com.tr\/dubai\/wp-content\/uploads\/2021\/10\/30.jpg","width":800,"height":500,"caption":"Dubai Vize \u00dccreti"},{"@type":"BreadcrumbList","@id":"https:\/\/myvize.com.tr\/dubai\/dubai-vize-ucreti\/#breadcrumb","itemListElement":[{"@type":"ListItem","position":1,"name":"Anasayfa","item":"https:\/\/myvize.com.tr\/dubai\/"},{"@type":"ListItem","position":2,"name":"Dubai Vize \u00dccreti"}]},{"@type":"WebSite","@id":"https:\/\/myvize.com.tr\/dubai\/#website","url":"https:\/\/myvize.com.tr\/dubai\/","name":"Dubai Vizesi","description":"","potentialAction":[{"@type":"SearchAction","target":{"@type":"EntryPoint","urlTemplate":"https:\/\/myvize.com.tr\/dubai\/?s={search_term_string}"},"query-input":{"@type":"PropertyValueSpecification","valueRequired":true,"valueName":"search_term_string"}}],"inLanguage":"tr"}]}},"_links":{"self":[{"href":"https:\/\/myvize.com.tr\/dubai\/wp-json\/wp\/v2\/pages\/301","targetHints":{"allow":["GET"]}}],"collection":[{"href":"https:\/\/myvize.com.tr\/dubai\/wp-json\/wp\/v2\/pages"}],"about":[{"href":"https:\/\/myvize.com.tr\/dubai\/wp-json\/wp\/v2\/types\/page"}],"author":[{"embeddable":true,"href":"https:\/\/myvize.com.tr\/dubai\/wp-json\/wp\/v2\/users\/1"}],"replies":[{"embeddable":true,"href":"https:\/\/myvize.com.tr\/dubai\/wp-json\/wp\/v2\/comments?post=301"}],"version-history":[{"count":8,"href":"https:\/\/myvize.com.tr\/dubai\/wp-json\/wp\/v2\/pages\/301\/revisions"}],"predecessor-version":[{"id":555,"href":"https:\/\/myvize.com.tr\/dubai\/wp-json\/wp\/v2\/pages\/301\/revisions\/555"}],"wp:attachment":[{"href":"https:\/\/myvize.com.tr\/dubai\/wp-json\/wp\/v2\/media?parent=301"}],"curies":[{"name":"wp","href":"https:\/\/api.w.org\/{rel}","templated":true}]}}