{"id":273,"date":"2021-01-16T14:04:11","date_gmt":"2021-01-16T11:04:11","guid":{"rendered":"https:\/\/myvize.com.tr\/dubai\/?page_id=273"},"modified":"2023-02-20T14:34:31","modified_gmt":"2023-02-20T11:34:31","slug":"dubai-karsilama-servisi","status":"publish","type":"page","link":"https:\/\/myvize.com.tr\/dubai\/dubai-karsilama-servisi\/","title":{"rendered":"DUBA\u0130 KAR\u015eILAMA SERV\u0130S\u0130"},"content":{"rendered":"<h2><span style=\"font-family: Roboto; font-size: 27px;\"><strong>Dubai Kar\u015f\u0131lama Servisi Hakk\u0131nda<\/strong><\/span><\/h2>\n<p><span style=\"font-family: Roboto; font-size: 14px;\"><strong>Dubai kar\u015f\u0131lama servisi<\/strong>, vatanda\u015flar\u0131n havaalan\u0131na ini\u015f yapt\u0131ktan sonra onlar\u0131n kar\u015f\u0131lanmas\u0131n\u0131 ve havaalan\u0131nda kal\u0131\u015f s\u00fcresi boyunca misafirlere hizmet edilmesini ama\u00e7layan bir rehberlik hizmetidir. <strong>Kar\u015f\u0131lama servisi<\/strong>, havaalan\u0131 formalitelerine uygun ko\u015fullarda misafirlere e\u015flik eder ve misafirlere \u00f6zel bir temsilci atayarak misafirlerin havaalan\u0131nda kald\u0131klar\u0131 s\u00fcre boyunca ortama uyum sa\u011flamas\u0131na yard\u0131mc\u0131 olur.<\/span><\/p>\n<p><span style=\"font-family: Roboto; font-size: 14px;\"><strong>Dubai kar\u015f\u0131lama servisi<\/strong> havaalan\u0131na giri\u015f itibari ile misafirlere kendilerini \u00f6zel hissettirir. Havaalan\u0131 i\u00e7erisinde vatanda\u015flar\u0131n pasaport kontrol\u00fc ve g\u00fcvenlik alanlar\u0131ndan daha h\u0131zl\u0131 bir \u015fekilde ge\u00e7i\u015f sa\u011flar. Al\u0131klar\u0131 bu hizmet do\u011frultusunda kendilerine \u00f6zel olarak ayr\u0131lan dinlenme salonlar\u0131nda bekleme f\u0131rsat\u0131na sahip olabilirler. \u00dccretsiz olarak internet kullan\u0131m hakk\u0131 mevcuttur ve yine bu misafirler masaj yapt\u0131rabilir ve du\u015f olanaklar\u0131ndan da faydalanabilirler.<\/span><\/p>\n<p><span style=\"font-family: Roboto; font-size: 14px;\"><strong>Dubai Kar\u015f\u0131lama Servisi<\/strong> hizmetleri kendi i\u00e7erisinde olduk\u00e7a \u00e7e\u015fitlidir. Misafirlerin ihtiya\u00e7lar\u0131na g\u00f6re Standart Kar\u015f\u0131lama, Deluxe Kar\u015f\u0131lama v e Premium Kar\u015f\u0131lama gibi farkl\u0131 hizmet olanaklar\u0131na sahiptir ve her biri kendi i\u00e7erisinde sunulacak hizmet konusunda olduk\u00e7a fazla detay i\u00e7erir. Kendine uygun olan hizmet paketini tercih eden vatanda\u015flar Dubai\u2019ye ilk ini\u015flerinde havaalan\u0131ndan daha k\u0131sa s\u00fcre i\u00e7erisinde ve sorunsuz bir \u015fekilde ayr\u0131labilir.<\/span><\/p>\n<p><span style=\"font-family: Roboto; font-size: 14px;\"><span style=\"color: #2acec2;\"><strong><a style=\"color: #2acec2;\" href=\"https:\/\/myvize.com.tr\/dubai\/vize-islemleri\/\" target=\"_blank\" rel=\"noopener\">Dubai Vize \u0130\u015flemleri<\/a><\/strong><\/span> ile ilgili bilgi almak i\u00e7in bizi aray\u0131n.<\/span><\/p>\n","protected":false},"excerpt":{"rendered":"<p>Dubai Kar\u015f\u0131lama Servisi Hakk\u0131nda Dubai kar\u015f\u0131lama servisi, vatanda\u015flar\u0131n havaalan\u0131na ini\u015f yapt\u0131ktan sonra onlar\u0131n kar\u015f\u0131lanmas\u0131n\u0131 ve havaalan\u0131nda kal\u0131\u015f s\u00fcresi boyunca misafirlere hizmet edilmesini ama\u00e7layan bir rehberlik hizmetidir. Kar\u015f\u0131lama servisi, havaalan\u0131 formalitelerine uygun ko\u015fullarda misafirlere e\u015flik eder ve misafirlere \u00f6zel bir temsilci atayarak misafirlerin havaalan\u0131nda kald\u0131klar\u0131 s\u00fcre boyunca ortama uyum sa\u011flamas\u0131na yard\u0131mc\u0131 olur. Dubai kar\u015f\u0131lama servisi havaalan\u0131na<\/p>\n","protected":false},"author":1,"featured_media":0,"parent":0,"menu_order":0,"comment_status":"open","ping_status":"closed","template":"","meta":{"footnotes":""},"class_list":["post-273","page","type-page","status-publish","hentry"],"yoast_head":"<!-- This site is optimized with the Yoast SEO plugin v24.0 - https:\/\/yoast.com\/wordpress\/plugins\/seo\/ -->\n<title>Dubai Kar\u015f\u0131lama Servisi - MyVize Vize Ba\u015fvuru Merkezi<\/title>\n<meta name=\"description\" content=\"Dubai Kar\u015f\u0131lama Servisi Nas\u0131l Olmal\u0131d\u0131r? Dubai Kar\u015f\u0131lama Servisi 2022 G\u00fcncel Bilgileri Neler? Bilgi \u0130\u00e7in Hemen Aray\u0131n: 0850 346 84 93\" \/>\n<meta name=\"robots\" content=\"index, follow, max-snippet:-1, max-image-preview:large, max-video-preview:-1\" \/>\n<link rel=\"canonical\" href=\"https:\/\/myvize.com.tr\/dubai\/dubai-karsilama-servisi\/\" \/>\n<meta property=\"og:locale\" content=\"tr_TR\" \/>\n<meta property=\"og:type\" content=\"article\" \/>\n<meta property=\"og:title\" content=\"Dubai Kar\u015f\u0131lama Servisi - MyVize Vize Ba\u015fvuru Merkezi\" \/>\n<meta property=\"og:description\" content=\"Dubai Kar\u015f\u0131lama Servisi Nas\u0131l Olmal\u0131d\u0131r? Dubai Kar\u015f\u0131lama Servisi 2022 G\u00fcncel Bilgileri Neler? Bilgi \u0130\u00e7in Hemen Aray\u0131n: 0850 346 84 93\" \/>\n<meta property=\"og:url\" content=\"https:\/\/myvize.com.tr\/dubai\/dubai-karsilama-servisi\/\" \/>\n<meta property=\"og:site_name\" content=\"Dubai Vizesi\" \/>\n<meta property=\"article:modified_time\" content=\"2023-02-20T11:34:31+00:00\" \/>\n<meta name=\"twitter:card\" content=\"summary_large_image\" \/>\n<meta name=\"twitter:label1\" content=\"Tahmini okuma s\u00fcresi\" \/>\n\t<meta name=\"twitter:data1\" content=\"1 dakika\" \/>\n<script type=\"application\/ld+json\" class=\"yoast-schema-graph\">{\"@context\":\"https:\/\/schema.org\",\"@graph\":[{\"@type\":\"WebPage\",\"@id\":\"https:\/\/myvize.com.tr\/dubai\/dubai-karsilama-servisi\/\",\"url\":\"https:\/\/myvize.com.tr\/dubai\/dubai-karsilama-servisi\/\",\"name\":\"Dubai Kar\u015f\u0131lama Servisi - MyVize Vize Ba\u015fvuru Merkezi\",\"isPartOf\":{\"@id\":\"https:\/\/myvize.com.tr\/dubai\/#website\"},\"datePublished\":\"2021-01-16T11:04:11+00:00\",\"dateModified\":\"2023-02-20T11:34:31+00:00\",\"description\":\"Dubai Kar\u015f\u0131lama Servisi Nas\u0131l Olmal\u0131d\u0131r? Dubai Kar\u015f\u0131lama Servisi 2022 G\u00fcncel Bilgileri Neler? Bilgi \u0130\u00e7in Hemen Aray\u0131n: 0850 346 84 93\",\"breadcrumb\":{\"@id\":\"https:\/\/myvize.com.tr\/dubai\/dubai-karsilama-servisi\/#breadcrumb\"},\"inLanguage\":\"tr\",\"potentialAction\":[{\"@type\":\"ReadAction\",\"target\":[\"https:\/\/myvize.com.tr\/dubai\/dubai-karsilama-servisi\/\"]}]},{\"@type\":\"BreadcrumbList\",\"@id\":\"https:\/\/myvize.com.tr\/dubai\/dubai-karsilama-servisi\/#breadcrumb\",\"itemListElement\":[{\"@type\":\"ListItem\",\"position\":1,\"name\":\"Anasayfa\",\"item\":\"https:\/\/myvize.com.tr\/dubai\/\"},{\"@type\":\"ListItem\",\"position\":2,\"name\":\"DUBA\u0130 KAR\u015eILAMA SERV\u0130S\u0130\"}]},{\"@type\":\"WebSite\",\"@id\":\"https:\/\/myvize.com.tr\/dubai\/#website\",\"url\":\"https:\/\/myvize.com.tr\/dubai\/\",\"name\":\"Dubai Vizesi\",\"description\":\"\",\"potentialAction\":[{\"@type\":\"SearchAction\",\"target\":{\"@type\":\"EntryPoint\",\"urlTemplate\":\"https:\/\/myvize.com.tr\/dubai\/?s={search_term_string}\"},\"query-input\":{\"@type\":\"PropertyValueSpecification\",\"valueRequired\":true,\"valueName\":\"search_term_string\"}}],\"inLanguage\":\"tr\"}]}<\/script>\n<!-- \/ Yoast SEO plugin. -->","yoast_head_json":{"title":"Dubai Kar\u015f\u0131lama Servisi - MyVize Vize Ba\u015fvuru Merkezi","description":"Dubai Kar\u015f\u0131lama Servisi Nas\u0131l Olmal\u0131d\u0131r? Dubai Kar\u015f\u0131lama Servisi 2022 G\u00fcncel Bilgileri Neler? Bilgi \u0130\u00e7in Hemen Aray\u0131n: 0850 346 84 93","robots":{"index":"index","follow":"follow","max-snippet":"max-snippet:-1","max-image-preview":"max-image-preview:large","max-video-preview":"max-video-preview:-1"},"canonical":"https:\/\/myvize.com.tr\/dubai\/dubai-karsilama-servisi\/","og_locale":"tr_TR","og_type":"article","og_title":"Dubai Kar\u015f\u0131lama Servisi - MyVize Vize Ba\u015fvuru Merkezi","og_description":"Dubai Kar\u015f\u0131lama Servisi Nas\u0131l Olmal\u0131d\u0131r? Dubai Kar\u015f\u0131lama Servisi 2022 G\u00fcncel Bilgileri Neler? Bilgi \u0130\u00e7in Hemen Aray\u0131n: 0850 346 84 93","og_url":"https:\/\/myvize.com.tr\/dubai\/dubai-karsilama-servisi\/","og_site_name":"Dubai Vizesi","article_modified_time":"2023-02-20T11:34:31+00:00","twitter_card":"summary_large_image","twitter_misc":{"Tahmini okuma s\u00fcresi":"1 dakika"},"schema":{"@context":"https:\/\/schema.org","@graph":[{"@type":"WebPage","@id":"https:\/\/myvize.com.tr\/dubai\/dubai-karsilama-servisi\/","url":"https:\/\/myvize.com.tr\/dubai\/dubai-karsilama-servisi\/","name":"Dubai Kar\u015f\u0131lama Servisi - MyVize Vize Ba\u015fvuru Merkezi","isPartOf":{"@id":"https:\/\/myvize.com.tr\/dubai\/#website"},"datePublished":"2021-01-16T11:04:11+00:00","dateModified":"2023-02-20T11:34:31+00:00","description":"Dubai Kar\u015f\u0131lama Servisi Nas\u0131l Olmal\u0131d\u0131r? Dubai Kar\u015f\u0131lama Servisi 2022 G\u00fcncel Bilgileri Neler? Bilgi \u0130\u00e7in Hemen Aray\u0131n: 0850 346 84 93","breadcrumb":{"@id":"https:\/\/myvize.com.tr\/dubai\/dubai-karsilama-servisi\/#breadcrumb"},"inLanguage":"tr","potentialAction":[{"@type":"ReadAction","target":["https:\/\/myvize.com.tr\/dubai\/dubai-karsilama-servisi\/"]}]},{"@type":"BreadcrumbList","@id":"https:\/\/myvize.com.tr\/dubai\/dubai-karsilama-servisi\/#breadcrumb","itemListElement":[{"@type":"ListItem","position":1,"name":"Anasayfa","item":"https:\/\/myvize.com.tr\/dubai\/"},{"@type":"ListItem","position":2,"name":"DUBA\u0130 KAR\u015eILAMA SERV\u0130S\u0130"}]},{"@type":"WebSite","@id":"https:\/\/myvize.com.tr\/dubai\/#website","url":"https:\/\/myvize.com.tr\/dubai\/","name":"Dubai Vizesi","description":"","potentialAction":[{"@type":"SearchAction","target":{"@type":"EntryPoint","urlTemplate":"https:\/\/myvize.com.tr\/dubai\/?s={search_term_string}"},"query-input":{"@type":"PropertyValueSpecification","valueRequired":true,"valueName":"search_term_string"}}],"inLanguage":"tr"}]}},"_links":{"self":[{"href":"https:\/\/myvize.com.tr\/dubai\/wp-json\/wp\/v2\/pages\/273","targetHints":{"allow":["GET"]}}],"collection":[{"href":"https:\/\/myvize.com.tr\/dubai\/wp-json\/wp\/v2\/pages"}],"about":[{"href":"https:\/\/myvize.com.tr\/dubai\/wp-json\/wp\/v2\/types\/page"}],"author":[{"embeddable":true,"href":"https:\/\/myvize.com.tr\/dubai\/wp-json\/wp\/v2\/users\/1"}],"replies":[{"embeddable":true,"href":"https:\/\/myvize.com.tr\/dubai\/wp-json\/wp\/v2\/comments?post=273"}],"version-history":[{"count":4,"href":"https:\/\/myvize.com.tr\/dubai\/wp-json\/wp\/v2\/pages\/273\/revisions"}],"predecessor-version":[{"id":699,"href":"https:\/\/myvize.com.tr\/dubai\/wp-json\/wp\/v2\/pages\/273\/revisions\/699"}],"wp:attachment":[{"href":"https:\/\/myvize.com.tr\/dubai\/wp-json\/wp\/v2\/media?parent=273"}],"curies":[{"name":"wp","href":"https:\/\/api.w.org\/{rel}","templated":true}]}}