{"id":271,"date":"2021-01-16T14:02:31","date_gmt":"2021-01-16T11:02:31","guid":{"rendered":"https:\/\/myvize.com.tr\/dubai\/?page_id=271"},"modified":"2023-02-21T11:38:12","modified_gmt":"2023-02-21T08:38:12","slug":"dubai-e-vize","status":"publish","type":"page","link":"https:\/\/myvize.com.tr\/dubai\/form-ve-dilekce\/dubai-e-vize\/","title":{"rendered":"Dubai E-Vize"},"content":{"rendered":"<h2><span style=\"font-family: Roboto; font-size: 27px;\"><strong>Dubai E-Vize Hakk\u0131nda<\/strong><\/span><\/h2>\n<p><span style=\"font-family: Roboto; font-size: 14px;\"><span style=\"color: #2acec2;\"><strong><a style=\"color: #2acec2;\" href=\"https:\/\/myvize.com.tr\/dubai\/dubai-vize\/\" target=\"_blank\" rel=\"noopener\">Dubai vizesi<\/a><\/strong><\/span> ba\u015fvurunuz <strong>Dubai e-vize<\/strong> arac\u0131l\u0131\u011f\u0131 ile ger\u00e7ekle\u015ftirmeniz gerekmekte. Vize ba\u015fvurunuzun sonucunda vize karar\u0131 pasaportunuza i\u015flenmeyecek. Ancak <strong>Birle\u015fik Arap Emirli\u011fi<\/strong> G\u00f6\u00e7menlik Ofisi taraf\u0131ndan size barkodlu olarak ka\u011f\u0131da bas\u0131l\u0131 bi\u00e7imde iletilmektedir. Elinize ula\u015facak olan bu belge \u00e7\u0131kt\u0131s\u0131n\u0131 alarak pasaportunuz birlikte Dubai ziyaretiniz i\u00e7in \u00fclkeye giri\u015f yapabilirsiniz.<\/span><br \/>\n<span style=\"font-family: Roboto; font-size: 14px;\">Dubai, Birle\u015fik Arap Emirli\u011fini olu\u015fturan yedi emirlikten birisidir. Her emirlik vize prosed\u00fcr\u00fc i\u00e7in kendi kural\u0131n\u0131 belirlemi\u015ftir. Alaca\u011f\u0131n\u0131z vizeyle birlikte bu emirli\u011fe giri\u015f yapma hakk\u0131n\u0131z da bulunmaktad\u0131r. <strong>Dubai online vizesi<\/strong> yaln\u0131zca Birle\u015fik Arap Emirli\u011fi G\u00f6\u00e7men Ofisi taraf\u0131ndan yetkilendirilmi\u015f olan vize acentesi taraf\u0131ndan kullan\u0131lmakta. Dolay\u0131s\u0131yla vize ba\u015fvurunuzu bireysel olarak ger\u00e7ekle\u015ftirmek m\u00fcmk\u00fcn de\u011fildir.<strong> Dubai vize<\/strong> online ba\u015fvuru i\u015flemleri ger\u00e7ekle\u015ftirmek i\u00e7in ba\u015fvuru sahiplerinin \u015fahsen bulunulmas\u0131 gerek olmayacakt\u0131r. <strong>Vize ba\u015fvurusu<\/strong> online olarak ger\u00e7ekle\u015fece\u011fi i\u00e7in ihtiya\u00e7 duyulan belgenin yetkili vize servisine iletilmesi ba\u015fvuru i\u00e7in yeterli olacakd\u0131r.<\/span><\/p>\n<p><span style=\"font-family: Roboto; font-size: 14px;\">T\u00fcrkiye Cumhuriyeti Siyah, Ye\u015fil, Gri pasaport sahipleri olan vatanda\u015f\u0131m\u0131z 180 g\u00fcn i\u00e7inde en fazla 90 g\u00fcn olacak bi\u00e7imde vizeden muaf olarak Birle\u015fik Arap Emirli\u011fi ziyareti yapma hakk\u0131na sahiptirler. Fakat T\u00fcrkiye Cumhuriyet Umuma Mahsus pasaport sahipleri olan vatanda\u015f\u0131m\u0131z\u0131n \u00fclkeye giri\u015f ger\u00e7ekle\u015ftirebilmesi i\u00e7in <strong>Dubai elektronik vizesi<\/strong> sahibi olmas\u0131 gerekmektedir.<\/span><br \/>\n<span style=\"font-family: Roboto; font-size: 14px;\">E-vize Dubai ba\u015fvuru ger\u00e7ekle\u015ftirmede \u00f6nce ilk a\u015fama seyahat amac\u0131na uygun d\u00fc\u015fen vize t\u00fcr\u00fc belirlemek olacakt\u0131r. Vize prosed\u00fcr\u00fc ve gerekli evrak vize t\u00fcr\u00fcne g\u00f6re farkl\u0131l\u0131k g\u00f6sterebilmekte. Daha sonra gerekli belgeyi Birle\u015fik Arap Emirlikleri G\u00f6\u00e7men Ofisi taraf\u0131ndan yetki verilmi\u015f olan vize servisine g\u00f6ndermeniz gerekli. Her vize t\u00fcr\u00fc i\u00e7in standart olarak kullan\u0131lan evrak; pasaportunuz foto\u011fraf i\u00e7eren sayfas\u0131 renkli \u015fekilde tarat\u0131lm\u0131\u015f haliyle ve n\u00fcfus c\u00fczdan\u0131n\u0131 renkli olarak taratm\u0131\u015f hali olacakt\u0131r. Buna ek <strong>Dubai online vizesi<\/strong> ba\u015fvuru belgelerini eksiksiz ve do\u011fru \u015fekilde doldurmak gerekmektedir. Ba\u015fvuru belgesi doldururken verece\u011finiz bilginin kesinlikle do\u011fru olmas\u0131 gerekli.<\/span><\/p>\n<p>&nbsp;<\/p>\n","protected":false},"excerpt":{"rendered":"<p>Dubai E-Vize Hakk\u0131nda Dubai vizesi ba\u015fvurunuz Dubai e-vize arac\u0131l\u0131\u011f\u0131 ile ger\u00e7ekle\u015ftirmeniz gerekmekte. Vize ba\u015fvurunuzun sonucunda vize karar\u0131 pasaportunuza i\u015flenmeyecek. Ancak Birle\u015fik Arap Emirli\u011fi G\u00f6\u00e7menlik Ofisi taraf\u0131ndan size barkodlu olarak ka\u011f\u0131da bas\u0131l\u0131 bi\u00e7imde iletilmektedir. Elinize ula\u015facak olan bu belge \u00e7\u0131kt\u0131s\u0131n\u0131 alarak pasaportunuz birlikte Dubai ziyaretiniz i\u00e7in \u00fclkeye giri\u015f yapabilirsiniz. Dubai, Birle\u015fik Arap Emirli\u011fini olu\u015fturan yedi emirlikten<\/p>\n","protected":false},"author":1,"featured_media":0,"parent":144,"menu_order":0,"comment_status":"closed","ping_status":"closed","template":"","meta":{"footnotes":""},"class_list":["post-271","page","type-page","status-publish","hentry"],"yoast_head":"<!-- This site is optimized with the Yoast SEO plugin v24.0 - https:\/\/yoast.com\/wordpress\/plugins\/seo\/ -->\n<title>Dubai E-Vize - Dubai Vize \u0130\u015flemleri - MyVize Vize Ba\u015fvuru Merkezi<\/title>\n<meta name=\"description\" content=\"Dubai E-Vizesi Nedir? Dubai E-Vize Ne \u0130\u00e7in Al\u0131n\u0131r? Dubai E-Vizesi Nas\u0131l Al\u0131n\u0131r? Dubai E-Vize Ba\u015fvurusu \u0130\u00e7in Aray\u0131n: 0850 346 84 93\" \/>\n<meta name=\"robots\" content=\"index, follow, max-snippet:-1, max-image-preview:large, max-video-preview:-1\" \/>\n<link rel=\"canonical\" href=\"https:\/\/myvize.com.tr\/dubai\/form-ve-dilekce\/dubai-e-vize\/\" \/>\n<meta property=\"og:locale\" content=\"tr_TR\" \/>\n<meta property=\"og:type\" content=\"article\" \/>\n<meta property=\"og:title\" content=\"Dubai E-Vize - Dubai Vize \u0130\u015flemleri - MyVize Vize Ba\u015fvuru Merkezi\" \/>\n<meta property=\"og:description\" content=\"Dubai E-Vizesi Nedir? Dubai E-Vize Ne \u0130\u00e7in Al\u0131n\u0131r? Dubai E-Vizesi Nas\u0131l Al\u0131n\u0131r? Dubai E-Vize Ba\u015fvurusu \u0130\u00e7in Aray\u0131n: 0850 346 84 93\" \/>\n<meta property=\"og:url\" content=\"https:\/\/myvize.com.tr\/dubai\/form-ve-dilekce\/dubai-e-vize\/\" \/>\n<meta property=\"og:site_name\" content=\"Dubai Vizesi\" \/>\n<meta property=\"article:modified_time\" content=\"2023-02-21T08:38:12+00:00\" \/>\n<meta name=\"twitter:card\" content=\"summary_large_image\" \/>\n<meta name=\"twitter:label1\" content=\"Tahmini okuma s\u00fcresi\" \/>\n\t<meta name=\"twitter:data1\" content=\"2 dakika\" \/>\n<script type=\"application\/ld+json\" class=\"yoast-schema-graph\">{\"@context\":\"https:\/\/schema.org\",\"@graph\":[{\"@type\":\"WebPage\",\"@id\":\"https:\/\/myvize.com.tr\/dubai\/form-ve-dilekce\/dubai-e-vize\/\",\"url\":\"https:\/\/myvize.com.tr\/dubai\/form-ve-dilekce\/dubai-e-vize\/\",\"name\":\"Dubai E-Vize - Dubai Vize \u0130\u015flemleri - MyVize Vize Ba\u015fvuru Merkezi\",\"isPartOf\":{\"@id\":\"https:\/\/myvize.com.tr\/dubai\/#website\"},\"datePublished\":\"2021-01-16T11:02:31+00:00\",\"dateModified\":\"2023-02-21T08:38:12+00:00\",\"description\":\"Dubai E-Vizesi Nedir? Dubai E-Vize Ne \u0130\u00e7in Al\u0131n\u0131r? Dubai E-Vizesi Nas\u0131l Al\u0131n\u0131r? Dubai E-Vize Ba\u015fvurusu \u0130\u00e7in Aray\u0131n: 0850 346 84 93\",\"breadcrumb\":{\"@id\":\"https:\/\/myvize.com.tr\/dubai\/form-ve-dilekce\/dubai-e-vize\/#breadcrumb\"},\"inLanguage\":\"tr\",\"potentialAction\":[{\"@type\":\"ReadAction\",\"target\":[\"https:\/\/myvize.com.tr\/dubai\/form-ve-dilekce\/dubai-e-vize\/\"]}]},{\"@type\":\"BreadcrumbList\",\"@id\":\"https:\/\/myvize.com.tr\/dubai\/form-ve-dilekce\/dubai-e-vize\/#breadcrumb\",\"itemListElement\":[{\"@type\":\"ListItem\",\"position\":1,\"name\":\"Anasayfa\",\"item\":\"https:\/\/myvize.com.tr\/dubai\/\"},{\"@type\":\"ListItem\",\"position\":2,\"name\":\"FORM VE D\u0130LEK\u00c7E\",\"item\":\"https:\/\/myvize.com.tr\/dubai\/form-ve-dilekce\/\"},{\"@type\":\"ListItem\",\"position\":3,\"name\":\"Dubai E-Vize\"}]},{\"@type\":\"WebSite\",\"@id\":\"https:\/\/myvize.com.tr\/dubai\/#website\",\"url\":\"https:\/\/myvize.com.tr\/dubai\/\",\"name\":\"Dubai Vizesi\",\"description\":\"\",\"potentialAction\":[{\"@type\":\"SearchAction\",\"target\":{\"@type\":\"EntryPoint\",\"urlTemplate\":\"https:\/\/myvize.com.tr\/dubai\/?s={search_term_string}\"},\"query-input\":{\"@type\":\"PropertyValueSpecification\",\"valueRequired\":true,\"valueName\":\"search_term_string\"}}],\"inLanguage\":\"tr\"}]}<\/script>\n<!-- \/ Yoast SEO plugin. -->","yoast_head_json":{"title":"Dubai E-Vize - Dubai Vize \u0130\u015flemleri - MyVize Vize Ba\u015fvuru Merkezi","description":"Dubai E-Vizesi Nedir? Dubai E-Vize Ne \u0130\u00e7in Al\u0131n\u0131r? Dubai E-Vizesi Nas\u0131l Al\u0131n\u0131r? Dubai E-Vize Ba\u015fvurusu \u0130\u00e7in Aray\u0131n: 0850 346 84 93","robots":{"index":"index","follow":"follow","max-snippet":"max-snippet:-1","max-image-preview":"max-image-preview:large","max-video-preview":"max-video-preview:-1"},"canonical":"https:\/\/myvize.com.tr\/dubai\/form-ve-dilekce\/dubai-e-vize\/","og_locale":"tr_TR","og_type":"article","og_title":"Dubai E-Vize - Dubai Vize \u0130\u015flemleri - MyVize Vize Ba\u015fvuru Merkezi","og_description":"Dubai E-Vizesi Nedir? Dubai E-Vize Ne \u0130\u00e7in Al\u0131n\u0131r? Dubai E-Vizesi Nas\u0131l Al\u0131n\u0131r? Dubai E-Vize Ba\u015fvurusu \u0130\u00e7in Aray\u0131n: 0850 346 84 93","og_url":"https:\/\/myvize.com.tr\/dubai\/form-ve-dilekce\/dubai-e-vize\/","og_site_name":"Dubai Vizesi","article_modified_time":"2023-02-21T08:38:12+00:00","twitter_card":"summary_large_image","twitter_misc":{"Tahmini okuma s\u00fcresi":"2 dakika"},"schema":{"@context":"https:\/\/schema.org","@graph":[{"@type":"WebPage","@id":"https:\/\/myvize.com.tr\/dubai\/form-ve-dilekce\/dubai-e-vize\/","url":"https:\/\/myvize.com.tr\/dubai\/form-ve-dilekce\/dubai-e-vize\/","name":"Dubai E-Vize - Dubai Vize \u0130\u015flemleri - MyVize Vize Ba\u015fvuru Merkezi","isPartOf":{"@id":"https:\/\/myvize.com.tr\/dubai\/#website"},"datePublished":"2021-01-16T11:02:31+00:00","dateModified":"2023-02-21T08:38:12+00:00","description":"Dubai E-Vizesi Nedir? Dubai E-Vize Ne \u0130\u00e7in Al\u0131n\u0131r? Dubai E-Vizesi Nas\u0131l Al\u0131n\u0131r? Dubai E-Vize Ba\u015fvurusu \u0130\u00e7in Aray\u0131n: 0850 346 84 93","breadcrumb":{"@id":"https:\/\/myvize.com.tr\/dubai\/form-ve-dilekce\/dubai-e-vize\/#breadcrumb"},"inLanguage":"tr","potentialAction":[{"@type":"ReadAction","target":["https:\/\/myvize.com.tr\/dubai\/form-ve-dilekce\/dubai-e-vize\/"]}]},{"@type":"BreadcrumbList","@id":"https:\/\/myvize.com.tr\/dubai\/form-ve-dilekce\/dubai-e-vize\/#breadcrumb","itemListElement":[{"@type":"ListItem","position":1,"name":"Anasayfa","item":"https:\/\/myvize.com.tr\/dubai\/"},{"@type":"ListItem","position":2,"name":"FORM VE D\u0130LEK\u00c7E","item":"https:\/\/myvize.com.tr\/dubai\/form-ve-dilekce\/"},{"@type":"ListItem","position":3,"name":"Dubai E-Vize"}]},{"@type":"WebSite","@id":"https:\/\/myvize.com.tr\/dubai\/#website","url":"https:\/\/myvize.com.tr\/dubai\/","name":"Dubai Vizesi","description":"","potentialAction":[{"@type":"SearchAction","target":{"@type":"EntryPoint","urlTemplate":"https:\/\/myvize.com.tr\/dubai\/?s={search_term_string}"},"query-input":{"@type":"PropertyValueSpecification","valueRequired":true,"valueName":"search_term_string"}}],"inLanguage":"tr"}]}},"_links":{"self":[{"href":"https:\/\/myvize.com.tr\/dubai\/wp-json\/wp\/v2\/pages\/271","targetHints":{"allow":["GET"]}}],"collection":[{"href":"https:\/\/myvize.com.tr\/dubai\/wp-json\/wp\/v2\/pages"}],"about":[{"href":"https:\/\/myvize.com.tr\/dubai\/wp-json\/wp\/v2\/types\/page"}],"author":[{"embeddable":true,"href":"https:\/\/myvize.com.tr\/dubai\/wp-json\/wp\/v2\/users\/1"}],"replies":[{"embeddable":true,"href":"https:\/\/myvize.com.tr\/dubai\/wp-json\/wp\/v2\/comments?post=271"}],"version-history":[{"count":6,"href":"https:\/\/myvize.com.tr\/dubai\/wp-json\/wp\/v2\/pages\/271\/revisions"}],"predecessor-version":[{"id":730,"href":"https:\/\/myvize.com.tr\/dubai\/wp-json\/wp\/v2\/pages\/271\/revisions\/730"}],"up":[{"embeddable":true,"href":"https:\/\/myvize.com.tr\/dubai\/wp-json\/wp\/v2\/pages\/144"}],"wp:attachment":[{"href":"https:\/\/myvize.com.tr\/dubai\/wp-json\/wp\/v2\/media?parent=271"}],"curies":[{"name":"wp","href":"https:\/\/api.w.org\/{rel}","templated":true}]}}