{"id":21,"date":"2020-11-30T08:52:07","date_gmt":"2020-11-30T05:52:07","guid":{"rendered":"https:\/\/myvize.com.tr\/dubai\/?page_id=21"},"modified":"2023-02-16T15:03:17","modified_gmt":"2023-02-16T12:03:17","slug":"dubai-turistik-vize","status":"publish","type":"page","link":"https:\/\/myvize.com.tr\/dubai\/vize-islemleri\/dubai-turistik-vize\/","title":{"rendered":"Dubai Turistik Vize"},"content":{"rendered":"<p><span style=\"font-family: Roboto;\"><\/span><\/p>\r\n<h2 class=\"wp-block-heading\"><span style=\"font-family: Roboto; font-size: 27px;\"><strong>Dubai Turistik Vize Ba\u015fvurusu<\/strong><\/span><\/h2>\r\n<p><span style=\"font-family: Roboto; font-size: 14px;\">\r\n\r\n<\/span><\/p>\r\n<p><span style=\"font-family: Roboto; font-size: 14px;\"><strong>Dubai turistik vize ba\u015fvurusu<\/strong>\u00a0yapacak olan ki\u015filer ba\u015fvuru formu, dilek\u00e7e, pasaport gibi evraklar\u0131 eksiksiz olarak haz\u0131rlamal\u0131d\u0131r. Vize i\u015flemleri s\u0131ras\u0131nda herhangi bir soru \u00e7\u0131kmamas\u0131 i\u00e7in \u00f6zellikle dilek\u00e7ede gerekli t\u00fcm detaylara yer vermeniz gerekiyor.\u00a0<strong>Dubai turistik vize ba\u015fvurusu<\/strong>\u00a0yapacak olan ki\u015filerin dikkat etmesi gereken en \u00f6nemli konular aras\u0131nda dilek\u00e7e ilk s\u0131ralarda gelmektedir.<\/span><\/p>\r\n<p><span style=\"font-family: Roboto; font-size: 14px;\">\r\n\r\n<\/span><\/p>\r\n<h2 class=\"wp-block-heading\"><span style=\"font-family: Roboto; font-size: 27px;\"><strong>Dubai Turistik Vize Talep Dilek\u00e7esi Nas\u0131l Yaz\u0131l\u0131r?<\/strong><\/span><\/h2>\r\n<p><span style=\"font-family: Roboto; font-size: 14px;\">\r\n\r\n<\/span><\/p>\r\n<p><span style=\"font-family: Roboto; font-size: 14px;\"><strong>Dubai turistik vize ba\u015fvurusu<\/strong>\u00a0i\u00e7in elde ya da bilgisayarda bir dilek\u00e7e yazman\u0131z gereklidir. <span style=\"color: #2acec2;\"><strong><a style=\"color: #2acec2;\" href=\"https:\/\/myvize.com.tr\/dubai\/vize-islemleri\/\" target=\"_blank\" rel=\"noopener\">Vize i\u015flemleri<\/a><\/strong><\/span> s\u0131ras\u0131nda mutlaka gerekli her bilginin dilek\u00e7ede olmas\u0131 gerekiyor.\u00a0<strong>Dubai turistik vize ba\u015fvurusu<\/strong>\u00a0i\u00e7in haz\u0131rlanan dilek\u00e7enin \u0131slak imzal\u0131 olmas\u0131na ayr\u0131ca dikkat edilmelidir. Bu dilek\u00e7ede tarih olmal\u0131 ve t\u00fcm pasaport bilgileri de yine dilek\u00e7ede belirtilmelidir.<\/span><\/p>\r\n<p><img decoding=\"async\" src=\"https:\/\/myvize.com.tr\/dubai\/wp-content\/uploads\/2021\/10\/23.jpg\" \/><\/p>\r\n<h2><span style=\"font-family: Roboto; font-size: 27px;\"><strong>Dubai Turistik Vize Veriyor Mu?<\/strong><\/span><\/h2>\r\n<p><span style=\"font-family: Roboto; font-size: 14px;\">Birle\u015fik Arap Emirlikleri s\u0131n\u0131rlar\u0131 i\u00e7ine seyahat edecek Hususi Pasaport, Diplomatik Pasaport ve Hizmet Pasaportu sahibi T\u00fcrkiye Cumhuriyeti vatanda\u015f\u0131 vize sahibi olma zorunlulu\u011funda muaf tutulmakta. Dubai seyahati Umuma Mahsus Pasaport ile ger\u00e7ekle\u015ftirecek T\u00fcrkiye Cumhuriyeti vatanda\u015flar\u0131n\u0131n seyahati \u00f6ncesinde <strong>Dubai turistik vizesi<\/strong> sahibi olma zorunlulu\u011fu bulunmaktad\u0131r.<\/span><br \/><span style=\"font-family: Roboto; font-size: 14px;\">Hususi, Hizmet ve Diplomat pasaport sahibi i\u00e7in vize muafiyeti 180 g\u00fcn i\u00e7inde 90 g\u00fcn\u00fc a\u015fmayan seyahat i\u00e7in kabul edilmektedir. Umuma Mahsus Pasaporta sahip seyahat amac\u0131 do\u011frultusunda k\u0131sa s\u00fcre <strong>Dubai turistik vize<\/strong> ya da uzun s\u00fcre Dubai turistik vizesi ba\u015fvurusuna bulabilmektedir.<\/span><br \/><span style=\"font-family: Roboto; font-size: 14px;\">Umuma mahsus pasaporta sahip ki\u015fileri seyahat s\u00fcresine uygun vize ba\u015fvurusuna bulunurken seyahat plan\u0131 uygun olarak tek giri\u015f veya \u00e7ok giri\u015f hakk\u0131 tan\u0131yan vize ba\u015fvurusu bulunabilmekte. <strong>Dubai turistik vizesi<\/strong> ba\u015fvurusu onaylanan ki\u015finin vize onay tarihleri itibar\u0131yla 58 g\u00fcn i\u00e7inde Dubai s\u0131n\u0131r\u0131 i\u00e7erisine giri\u015f yapmas\u0131 gerekmektedir.<\/span><br \/><span style=\"font-family: Roboto; font-size: 14px;\"><strong>Dubai, Birle\u015fik Arap Emirli\u011fi turistik vize<\/strong> ba\u015fvuru i\u015flemi online olarak ger\u00e7ekle\u015fmektedir. <strong>Dubai turist vize<\/strong> ba\u015fvurusu a\u015famas\u0131na ba\u015fvuru sahipinin talep edilen belgeleri tarayarak<strong> Birle\u015fik Arap Emirli\u011fi e-vize<\/strong> sistemine y\u00fcklemesi gerekmektedir. Ba\u015fvuru sahipinin <strong>Dubai online vize<\/strong> ba\u015fvurusuna e-posta adresini belirterek belgelerini eklemesi \u015fart\u0131 aranmaktad\u0131r.<\/span><br \/><span style=\"font-family: Roboto; font-size: 14px;\">Talep edilen gerekli belgelerin eksiksiz olarak sistemlere y\u00fcklenmesi durumunda vize ba\u015fvuru i\u015fleme al\u0131nmaktad\u0131r.<\/span><\/p>\r\n<p><span style=\"font-family: Roboto; font-size: 14px;\"><strong>Dubai Turist Vize<\/strong> <strong>ba\u015fvurusu<\/strong> Birle\u015fik Arap Emirlikleri Konsoloslu\u011fu taraf\u0131ndan do\u011frudan kabul edilmemekte. Turistik ama\u00e7l\u0131 <strong>Dubai vize<\/strong> ba\u015fvurusunda bulunacak ki\u015finin konsoloslu\u011fa ba\u011fl\u0131 G\u00f6\u00e7men Ofisi ya da G\u00f6\u00e7men Ofisi taraf\u0131ndan yetkilendirilmi\u015f vizeler ba\u015fvuru merkezi ile turizm ile seyahat acentesi arac\u0131l\u0131\u011f\u0131yla i\u015flemini ger\u00e7ekle\u015ftirmesi gerekmektedir.<\/span><\/p>\r\n<p><strong><span style=\"font-family: Roboto; font-size: 14px;\">K\u0131sa S\u00fcreli Dubai Turistik Vize:<\/span><\/strong><br \/><span style=\"font-family: Roboto; font-size: 14px;\">K\u0131sa s\u00fcreli <strong>Dubai turistik vize<\/strong> ba\u015fvurusuna ba\u015fvuru sahibi seyahat s\u0131kl\u0131\u011f\u0131na ili\u015fkin talebi do\u011frultusunda tek giri\u015f ya da \u00e7ok giri\u015f hakk\u0131 do\u011frultusuna vize sahipleri olabilmekte. K\u0131sa s\u00fcre ve tek giri\u015f <strong>Dubai turist vize<\/strong> sahibi Dubai s\u0131n\u0131r\u0131 i\u00e7inde 1 ay ikamet hakk\u0131na sahip olmakta.<\/span><\/p>\r\n<p><strong><span style=\"font-family: Roboto; font-size: 14px;\">Uzun S\u00fcreli Dubai Turistik Vize:<\/span><\/strong><br \/><span style=\"font-family: Roboto; font-size: 14px;\">Uzun s\u00fcreli <strong>Dubai turistik vizesi<\/strong> ba\u015fvurusuna ba\u015fvuru sahibi seyahat s\u0131kl\u0131\u011f\u0131na ili\u015fkin talebi do\u011frultusunda tek giri\u015f ya da \u00e7ok giri\u015f hakk\u0131 do\u011frultusuna vize sahipleri olabilmekte.<\/span><\/p>\r\n<p><span style=\"font-family: Roboto; font-size: 14px;\"><span style=\"color: #2acec2;\"><strong><a style=\"color: #2acec2;\" href=\"https:\/\/myvize.com.tr\/dubai\/vize-islemleri\/dubai-vize-reddi\/\" target=\"_blank\" rel=\"noopener\">Dubai Vize Reddi<\/a><\/strong><\/span> ile ilgili bilgi almak i\u00e7in bizi aray\u0131n.<\/span><\/p>\r\n<h2><span style=\"font-family: Roboto; font-size: 27px;\"><strong>Dubai Turistik Vize Nas\u0131l Al\u0131n\u0131r?<\/strong><\/span><\/h2>\r\n<p><span style=\"font-family: Roboto; font-size: 14px;\"><strong>Dubai turistik vize nas\u0131l al\u0131n\u0131r<\/strong>\u00a0sorusu T\u00fcrkiye\u2019den Dubai\u2019ye seyahat etmek isteyen vatanda\u015flar taraf\u0131ndan s\u0131kl\u0131kla ara\u015ft\u0131r\u0131l\u0131r. Birle\u015fik Arap Emirlikleri T\u00fcrkiye\u2019den seyahat edecek olan vatanda\u015flara vize prosed\u00fcr\u00fc uygular. Bu nedenle Dubai\u2019ye seyahat etmek isteyen vatanda\u015flar seyahat nedenlerine en uygun vizeye sahip olarak \u00fclkeye sorunsuz bir \u015fekilde giri\u015f yapabilir.\u00a0 Alacaklar\u0131 vizenin ge\u00e7erli oldu\u011fu s\u00fcre boyunca vatanda\u015flar \u00fclkede kalabilir.<\/span><\/p>\r\n<p><span style=\"font-family: Roboto; font-size: 14px;\"><strong>Dubai turistik vizesi<\/strong> vatanda\u015flara konaklama, \u00e7al\u0131\u015fma ve i\u015fyeri kurma gibi durumlar\u0131 desteklemez. Al\u0131nacak olan turistik vize ile vatanda\u015flar \u00fclkede 90 g\u00fcn boyunca amac\u0131na uygun olarak gezi ve seyahatte bulunabilir.<\/span><\/p>\r\n<p><span style=\"font-family: Roboto; font-size: 14px;\"><strong>Dubai turistik vize<\/strong> ba\u015fvurular\u0131 \u015fahsi olarak yap\u0131lmaz. Turistik vize almak isteyen vatanda\u015flar G\u00f6\u00e7menlik Ofisi taraf\u0131ndan yetkilendirilmi\u015f acenteler ile ileti\u015fime ge\u00e7erek gerekli vize ba\u015fvurusun ger\u00e7ekle\u015ftirebilirler. Bir di\u011fer ba\u015fvuru yolu ise online \u015feklindedir. \u0130nternet \u00fczerinden yap\u0131lacak ba\u015fvurular da resmi olarak kabul edilir.<\/span><\/p>\r\n<p><span style=\"font-family: Roboto; font-size: 14px;\">Umuma mahsus olarak kabul g\u00f6ren bordo pasaporta sahip olan vatanda\u015flar\u0131n<strong> Dubai seyahati<\/strong> \u00f6ncesinde vize almas\u0131 zorunludur. Bunun yan\u0131 s\u0131ra ye\u015fil, siyah veya gri pasaportu bulunan vatanda\u015flar k\u0131sa s\u00fcre i\u00e7in Dubai seyahatinde gerek olacak vizeden muaf durumdad\u0131r. Ancak seyahatlerinin uzamas\u0131 durumunda bu ki\u015filerin de vize ba\u015fvurusunda bulunmalar\u0131 gerekir.<\/span><\/p>\r\n<p><span style=\"font-family: Roboto;\"><\/span><\/p>","protected":false},"excerpt":{"rendered":"<p>Dubai Turistik Vize Ba\u015fvurusu Dubai turistik vize ba\u015fvurusu\u00a0yapacak olan ki\u015filer ba\u015fvuru formu, dilek\u00e7e, pasaport gibi evraklar\u0131 eksiksiz olarak haz\u0131rlamal\u0131d\u0131r. Vize i\u015flemleri s\u0131ras\u0131nda herhangi bir soru \u00e7\u0131kmamas\u0131 i\u00e7in \u00f6zellikle dilek\u00e7ede gerekli t\u00fcm detaylara yer vermeniz gerekiyor.\u00a0Dubai turistik vize ba\u015fvurusu\u00a0yapacak olan ki\u015filerin dikkat etmesi gereken en \u00f6nemli konular aras\u0131nda dilek\u00e7e ilk s\u0131ralarda gelmektedir. Dubai Turistik Vize Talep<\/p>\n","protected":false},"author":1,"featured_media":0,"parent":18,"menu_order":0,"comment_status":"closed","ping_status":"closed","template":"","meta":{"footnotes":""},"class_list":["post-21","page","type-page","status-publish","hentry"],"yoast_head":"<!-- This site is optimized with the Yoast SEO plugin v24.0 - https:\/\/yoast.com\/wordpress\/plugins\/seo\/ -->\n<title>Dubai Turistik Vize \u0130\u015flemleri - MyVize Vize Ba\u015fvuru Merkezi<\/title>\n<meta name=\"description\" content=\"Dubai Turistik Vize Nas\u0131l Al\u0131n\u0131r? Dubai Turistik Vize \u0130\u015flemleri Nas\u0131l Yap\u0131l\u0131r? Dubai Turistik Vize Evraklar\u0131 Neler? Dubai Turistik Vize 2022.\" \/>\n<meta name=\"robots\" content=\"index, follow, max-snippet:-1, max-image-preview:large, max-video-preview:-1\" \/>\n<link rel=\"canonical\" href=\"https:\/\/myvize.com.tr\/dubai\/vize-islemleri\/dubai-turistik-vize\/\" \/>\n<meta property=\"og:locale\" content=\"tr_TR\" \/>\n<meta property=\"og:type\" content=\"article\" \/>\n<meta property=\"og:title\" content=\"Dubai Turistik Vize \u0130\u015flemleri - MyVize Vize Ba\u015fvuru Merkezi\" \/>\n<meta property=\"og:description\" content=\"Dubai Turistik Vize Nas\u0131l Al\u0131n\u0131r? Dubai Turistik Vize \u0130\u015flemleri Nas\u0131l Yap\u0131l\u0131r? Dubai Turistik Vize Evraklar\u0131 Neler? Dubai Turistik Vize 2022.\" \/>\n<meta property=\"og:url\" content=\"https:\/\/myvize.com.tr\/dubai\/vize-islemleri\/dubai-turistik-vize\/\" \/>\n<meta property=\"og:site_name\" content=\"Dubai Vizesi\" \/>\n<meta property=\"article:modified_time\" content=\"2023-02-16T12:03:17+00:00\" \/>\n<meta property=\"og:image\" content=\"https:\/\/myvize.com.tr\/dubai\/wp-content\/uploads\/2021\/10\/23.jpg\" \/>\n<meta name=\"twitter:card\" content=\"summary_large_image\" \/>\n<meta name=\"twitter:label1\" content=\"Tahmini okuma s\u00fcresi\" \/>\n\t<meta name=\"twitter:data1\" content=\"3 dakika\" \/>\n<script type=\"application\/ld+json\" class=\"yoast-schema-graph\">{\"@context\":\"https:\/\/schema.org\",\"@graph\":[{\"@type\":\"WebPage\",\"@id\":\"https:\/\/myvize.com.tr\/dubai\/vize-islemleri\/dubai-turistik-vize\/\",\"url\":\"https:\/\/myvize.com.tr\/dubai\/vize-islemleri\/dubai-turistik-vize\/\",\"name\":\"Dubai Turistik Vize \u0130\u015flemleri - MyVize Vize Ba\u015fvuru Merkezi\",\"isPartOf\":{\"@id\":\"https:\/\/myvize.com.tr\/dubai\/#website\"},\"primaryImageOfPage\":{\"@id\":\"https:\/\/myvize.com.tr\/dubai\/vize-islemleri\/dubai-turistik-vize\/#primaryimage\"},\"image\":{\"@id\":\"https:\/\/myvize.com.tr\/dubai\/vize-islemleri\/dubai-turistik-vize\/#primaryimage\"},\"thumbnailUrl\":\"https:\/\/myvize.com.tr\/dubai\/wp-content\/uploads\/2021\/10\/23.jpg\",\"datePublished\":\"2020-11-30T05:52:07+00:00\",\"dateModified\":\"2023-02-16T12:03:17+00:00\",\"description\":\"Dubai Turistik Vize Nas\u0131l Al\u0131n\u0131r? Dubai Turistik Vize \u0130\u015flemleri Nas\u0131l Yap\u0131l\u0131r? Dubai Turistik Vize Evraklar\u0131 Neler? Dubai Turistik Vize 2022.\",\"breadcrumb\":{\"@id\":\"https:\/\/myvize.com.tr\/dubai\/vize-islemleri\/dubai-turistik-vize\/#breadcrumb\"},\"inLanguage\":\"tr\",\"potentialAction\":[{\"@type\":\"ReadAction\",\"target\":[\"https:\/\/myvize.com.tr\/dubai\/vize-islemleri\/dubai-turistik-vize\/\"]}]},{\"@type\":\"ImageObject\",\"inLanguage\":\"tr\",\"@id\":\"https:\/\/myvize.com.tr\/dubai\/vize-islemleri\/dubai-turistik-vize\/#primaryimage\",\"url\":\"https:\/\/myvize.com.tr\/dubai\/wp-content\/uploads\/2021\/10\/23.jpg\",\"contentUrl\":\"https:\/\/myvize.com.tr\/dubai\/wp-content\/uploads\/2021\/10\/23.jpg\",\"width\":800,\"height\":500,\"caption\":\"Dubai Turistik Vize\"},{\"@type\":\"BreadcrumbList\",\"@id\":\"https:\/\/myvize.com.tr\/dubai\/vize-islemleri\/dubai-turistik-vize\/#breadcrumb\",\"itemListElement\":[{\"@type\":\"ListItem\",\"position\":1,\"name\":\"Anasayfa\",\"item\":\"https:\/\/myvize.com.tr\/dubai\/\"},{\"@type\":\"ListItem\",\"position\":2,\"name\":\"V\u0130ZE \u0130\u015eLEMLER\u0130\",\"item\":\"https:\/\/myvize.com.tr\/dubai\/vize-islemleri\/\"},{\"@type\":\"ListItem\",\"position\":3,\"name\":\"Dubai Turistik Vize\"}]},{\"@type\":\"WebSite\",\"@id\":\"https:\/\/myvize.com.tr\/dubai\/#website\",\"url\":\"https:\/\/myvize.com.tr\/dubai\/\",\"name\":\"Dubai Vizesi\",\"description\":\"\",\"potentialAction\":[{\"@type\":\"SearchAction\",\"target\":{\"@type\":\"EntryPoint\",\"urlTemplate\":\"https:\/\/myvize.com.tr\/dubai\/?s={search_term_string}\"},\"query-input\":{\"@type\":\"PropertyValueSpecification\",\"valueRequired\":true,\"valueName\":\"search_term_string\"}}],\"inLanguage\":\"tr\"}]}<\/script>\n<!-- \/ Yoast SEO plugin. -->","yoast_head_json":{"title":"Dubai Turistik Vize \u0130\u015flemleri - MyVize Vize Ba\u015fvuru Merkezi","description":"Dubai Turistik Vize Nas\u0131l Al\u0131n\u0131r? Dubai Turistik Vize \u0130\u015flemleri Nas\u0131l Yap\u0131l\u0131r? Dubai Turistik Vize Evraklar\u0131 Neler? Dubai Turistik Vize 2022.","robots":{"index":"index","follow":"follow","max-snippet":"max-snippet:-1","max-image-preview":"max-image-preview:large","max-video-preview":"max-video-preview:-1"},"canonical":"https:\/\/myvize.com.tr\/dubai\/vize-islemleri\/dubai-turistik-vize\/","og_locale":"tr_TR","og_type":"article","og_title":"Dubai Turistik Vize \u0130\u015flemleri - MyVize Vize Ba\u015fvuru Merkezi","og_description":"Dubai Turistik Vize Nas\u0131l Al\u0131n\u0131r? Dubai Turistik Vize \u0130\u015flemleri Nas\u0131l Yap\u0131l\u0131r? Dubai Turistik Vize Evraklar\u0131 Neler? Dubai Turistik Vize 2022.","og_url":"https:\/\/myvize.com.tr\/dubai\/vize-islemleri\/dubai-turistik-vize\/","og_site_name":"Dubai Vizesi","article_modified_time":"2023-02-16T12:03:17+00:00","og_image":[{"url":"https:\/\/myvize.com.tr\/dubai\/wp-content\/uploads\/2021\/10\/23.jpg","type":"","width":"","height":""}],"twitter_card":"summary_large_image","twitter_misc":{"Tahmini okuma s\u00fcresi":"3 dakika"},"schema":{"@context":"https:\/\/schema.org","@graph":[{"@type":"WebPage","@id":"https:\/\/myvize.com.tr\/dubai\/vize-islemleri\/dubai-turistik-vize\/","url":"https:\/\/myvize.com.tr\/dubai\/vize-islemleri\/dubai-turistik-vize\/","name":"Dubai Turistik Vize \u0130\u015flemleri - MyVize Vize Ba\u015fvuru Merkezi","isPartOf":{"@id":"https:\/\/myvize.com.tr\/dubai\/#website"},"primaryImageOfPage":{"@id":"https:\/\/myvize.com.tr\/dubai\/vize-islemleri\/dubai-turistik-vize\/#primaryimage"},"image":{"@id":"https:\/\/myvize.com.tr\/dubai\/vize-islemleri\/dubai-turistik-vize\/#primaryimage"},"thumbnailUrl":"https:\/\/myvize.com.tr\/dubai\/wp-content\/uploads\/2021\/10\/23.jpg","datePublished":"2020-11-30T05:52:07+00:00","dateModified":"2023-02-16T12:03:17+00:00","description":"Dubai Turistik Vize Nas\u0131l Al\u0131n\u0131r? Dubai Turistik Vize \u0130\u015flemleri Nas\u0131l Yap\u0131l\u0131r? Dubai Turistik Vize Evraklar\u0131 Neler? Dubai Turistik Vize 2022.","breadcrumb":{"@id":"https:\/\/myvize.com.tr\/dubai\/vize-islemleri\/dubai-turistik-vize\/#breadcrumb"},"inLanguage":"tr","potentialAction":[{"@type":"ReadAction","target":["https:\/\/myvize.com.tr\/dubai\/vize-islemleri\/dubai-turistik-vize\/"]}]},{"@type":"ImageObject","inLanguage":"tr","@id":"https:\/\/myvize.com.tr\/dubai\/vize-islemleri\/dubai-turistik-vize\/#primaryimage","url":"https:\/\/myvize.com.tr\/dubai\/wp-content\/uploads\/2021\/10\/23.jpg","contentUrl":"https:\/\/myvize.com.tr\/dubai\/wp-content\/uploads\/2021\/10\/23.jpg","width":800,"height":500,"caption":"Dubai Turistik Vize"},{"@type":"BreadcrumbList","@id":"https:\/\/myvize.com.tr\/dubai\/vize-islemleri\/dubai-turistik-vize\/#breadcrumb","itemListElement":[{"@type":"ListItem","position":1,"name":"Anasayfa","item":"https:\/\/myvize.com.tr\/dubai\/"},{"@type":"ListItem","position":2,"name":"V\u0130ZE \u0130\u015eLEMLER\u0130","item":"https:\/\/myvize.com.tr\/dubai\/vize-islemleri\/"},{"@type":"ListItem","position":3,"name":"Dubai Turistik Vize"}]},{"@type":"WebSite","@id":"https:\/\/myvize.com.tr\/dubai\/#website","url":"https:\/\/myvize.com.tr\/dubai\/","name":"Dubai Vizesi","description":"","potentialAction":[{"@type":"SearchAction","target":{"@type":"EntryPoint","urlTemplate":"https:\/\/myvize.com.tr\/dubai\/?s={search_term_string}"},"query-input":{"@type":"PropertyValueSpecification","valueRequired":true,"valueName":"search_term_string"}}],"inLanguage":"tr"}]}},"_links":{"self":[{"href":"https:\/\/myvize.com.tr\/dubai\/wp-json\/wp\/v2\/pages\/21","targetHints":{"allow":["GET"]}}],"collection":[{"href":"https:\/\/myvize.com.tr\/dubai\/wp-json\/wp\/v2\/pages"}],"about":[{"href":"https:\/\/myvize.com.tr\/dubai\/wp-json\/wp\/v2\/types\/page"}],"author":[{"embeddable":true,"href":"https:\/\/myvize.com.tr\/dubai\/wp-json\/wp\/v2\/users\/1"}],"replies":[{"embeddable":true,"href":"https:\/\/myvize.com.tr\/dubai\/wp-json\/wp\/v2\/comments?post=21"}],"version-history":[{"count":5,"href":"https:\/\/myvize.com.tr\/dubai\/wp-json\/wp\/v2\/pages\/21\/revisions"}],"predecessor-version":[{"id":685,"href":"https:\/\/myvize.com.tr\/dubai\/wp-json\/wp\/v2\/pages\/21\/revisions\/685"}],"up":[{"embeddable":true,"href":"https:\/\/myvize.com.tr\/dubai\/wp-json\/wp\/v2\/pages\/18"}],"wp:attachment":[{"href":"https:\/\/myvize.com.tr\/dubai\/wp-json\/wp\/v2\/media?parent=21"}],"curies":[{"name":"wp","href":"https:\/\/api.w.org\/{rel}","templated":true}]}}