{"id":180,"date":"2021-01-15T16:17:57","date_gmt":"2021-01-15T13:17:57","guid":{"rendered":"https:\/\/myvize.com.tr\/dubai\/?page_id=180"},"modified":"2023-02-21T10:58:53","modified_gmt":"2023-02-21T07:58:53","slug":"istanbul","status":"publish","type":"page","link":"https:\/\/myvize.com.tr\/dubai\/subelerimiz\/istanbul\/","title":{"rendered":"\u0130stanbul"},"content":{"rendered":"<h2><span style=\"font-family: Roboto; font-size: 27px;\"><strong>Dubai Vize Ba\u015fvuru Merkezi, \u0130stanbul<\/strong><\/span><\/h2>\n<p><span style=\"font-family: Roboto; font-size: 14px;\"><strong>\u0130stanbul Dubai vize ba\u015fvurusu\u00a0<\/strong>i\u015flemleri \u0130stanbul\u2019da bulunan <strong>Dubai temsilcili\u011fi<\/strong> arac\u0131l\u0131\u011f\u0131 ile ger\u00e7ekle\u015fir. Vatanda\u015flar <strong>Dubai Konsoloslu\u011fu<\/strong> ile ileti\u015fime ge\u00e7erek vize ba\u015fvuru s\u00fcreci hakk\u0131nda detayl\u0131 bilgi sahibi olabilir ve Dubai\u2019ye giri\u015f i\u00e7in gerekli olacak vizeye sahip olabilir. \u0130stanbul\u2019dan yap\u0131lacak olan ba\u015fvurularda vatanda\u015flardan bir tak\u0131m belge talep edilmektedir. Vatanda\u015flar vize i\u00e7in gerekli olacak bu belgeleri eksiksiz olarak haz\u0131rlad\u0131ktan sonra vize ba\u015fvuru a\u015famas\u0131na ge\u00e7ebilir ve vize de\u011ferlendirme s\u00fcrecinden gelecek sonucu bekleyebilirler.<\/span><\/p>\n<p><span style=\"font-family: Roboto; font-size: 14px;\"><strong>Dubai vizesi<\/strong> i\u00e7in ba\u015fvuru yapmak isteyen vatanda\u015flar vize i\u00e7in gerekli olacak \u00fccreti bankaya yat\u0131rd\u0131ktan sonra dekont ile birlikte konsoloslu\u011fa di\u011fer belgeleri de sunabilir. Sunulacak belgeler aras\u0131nda en \u00f6nemli belge vize ba\u015fvuru formudur.<\/span><\/p>\n<p><span style=\"font-family: Roboto; font-size: 14px;\">Bununla birlikte <strong>vize ba\u015fvurusu<\/strong> s\u0131ras\u0131nda vatanda\u015flardan istenecek olan di\u011fer belgeler \u015funlard\u0131r;<\/span><\/p>\n<ul>\n<li><span style=\"font-family: Roboto; font-size: 14px;\">Ba\u015fvuru sahibine ait, en az 6 ay ge\u00e7erlilik s\u00fcresi bulunan pasaport,<\/span><\/li>\n<li><span style=\"font-family: Roboto; font-size: 14px;\">Son 6 ay i\u00e7erisinde \u00e7ekilmi\u015f biyometrik foto\u011fraf,<\/span><\/li>\n<li><span style=\"font-family: Roboto; font-size: 14px;\">Seyahat s\u00fcresini kapsayan Seyahat Sa\u011fl\u0131k Sigortas\u0131<\/span><\/li>\n<li><span style=\"font-family: Roboto; font-size: 14px;\">Adli sicil kayd\u0131<\/span><\/li>\n<li><span style=\"font-family: Roboto; font-size: 14px;\">\u0130kametg\u00e2h<\/span><\/li>\n<li><span style=\"font-family: Roboto; font-size: 14px;\">Kimlik fotokopisi<\/span><\/li>\n<li><span style=\"font-family: Roboto; font-size: 14px;\">Turistik ama\u00e7la gidiliyorsa Dubai\u2019de ikametg\u00e2h eden yak\u0131nlar\u0131ndan gelecek olan davetiye<\/span><\/li>\n<li><span style=\"font-family: Roboto; font-size: 14px;\">SGK d\u00f6k\u00fcm\u00fc<\/span><\/li>\n<\/ul>\n<p><span style=\"font-family: Roboto; font-size: 14px;\">Talep edilecek vize t\u00fcr\u00fcne g\u00f6re vatanda\u015flardan istenecek belgelerde farkl\u0131l\u0131k ve ek belge isteme gibi durumlar s\u00f6z konusu olabilmektedir.<\/span><\/p>\n<p><span style=\"font-family: Roboto; font-size: 14px;\"><span style=\"color: #2acec2;\"><strong><a style=\"color: #2acec2;\" href=\"https:\/\/myvize.com.tr\/dubai\/vize-islemleri\/dubai-vatandaslik-islemleri\/\" target=\"_blank\" rel=\"noopener\">Dubai Vatanda\u015fl\u0131k \u0130\u015flemleri<\/a><\/strong><\/span> ile ilgili bilgi almak i\u00e7in bizi aray\u0131n.<\/span><\/p>\n","protected":false},"excerpt":{"rendered":"<p>Dubai Vize Ba\u015fvuru Merkezi, \u0130stanbul \u0130stanbul Dubai vize ba\u015fvurusu\u00a0i\u015flemleri \u0130stanbul\u2019da bulunan Dubai temsilcili\u011fi arac\u0131l\u0131\u011f\u0131 ile ger\u00e7ekle\u015fir. Vatanda\u015flar Dubai Konsoloslu\u011fu ile ileti\u015fime ge\u00e7erek vize ba\u015fvuru s\u00fcreci hakk\u0131nda detayl\u0131 bilgi sahibi olabilir ve Dubai\u2019ye giri\u015f i\u00e7in gerekli olacak vizeye sahip olabilir. \u0130stanbul\u2019dan yap\u0131lacak olan ba\u015fvurularda vatanda\u015flardan bir tak\u0131m belge talep edilmektedir. Vatanda\u015flar vize i\u00e7in gerekli olacak bu<\/p>\n","protected":false},"author":1,"featured_media":0,"parent":147,"menu_order":0,"comment_status":"closed","ping_status":"closed","template":"","meta":{"footnotes":""},"class_list":["post-180","page","type-page","status-publish","hentry"],"yoast_head":"<!-- This site is optimized with the Yoast SEO plugin v24.0 - https:\/\/yoast.com\/wordpress\/plugins\/seo\/ -->\n<title>Dubai Vize Ba\u015fvuru \u015eubesi \u0130stanbul - MyVize Vize Ba\u015fvuru Merkezi<\/title>\n<meta name=\"description\" content=\"Dubai Vize Ba\u015fvuru \u015eubesi \u0130stanbul Vize Ba\u015fvuru Merkezi. Dubai Vizesi Nas\u0131l Al\u0131n\u0131r? Ba\u015fvuru Yapmak \u0130\u00e7in \u0130stanbul \u015eubemizi Ara: 0850 346 84 93\" \/>\n<meta name=\"robots\" content=\"index, follow, max-snippet:-1, max-image-preview:large, max-video-preview:-1\" \/>\n<link rel=\"canonical\" href=\"https:\/\/myvize.com.tr\/dubai\/subelerimiz\/istanbul\/\" \/>\n<meta property=\"og:locale\" content=\"tr_TR\" \/>\n<meta property=\"og:type\" content=\"article\" \/>\n<meta property=\"og:title\" content=\"Dubai Vize Ba\u015fvuru \u015eubesi \u0130stanbul - MyVize Vize Ba\u015fvuru Merkezi\" \/>\n<meta property=\"og:description\" content=\"Dubai Vize Ba\u015fvuru \u015eubesi \u0130stanbul Vize Ba\u015fvuru Merkezi. Dubai Vizesi Nas\u0131l Al\u0131n\u0131r? Ba\u015fvuru Yapmak \u0130\u00e7in \u0130stanbul \u015eubemizi Ara: 0850 346 84 93\" \/>\n<meta property=\"og:url\" content=\"https:\/\/myvize.com.tr\/dubai\/subelerimiz\/istanbul\/\" \/>\n<meta property=\"og:site_name\" content=\"Dubai Vizesi\" \/>\n<meta property=\"article:modified_time\" content=\"2023-02-21T07:58:53+00:00\" \/>\n<meta name=\"twitter:card\" content=\"summary_large_image\" \/>\n<meta name=\"twitter:label1\" content=\"Tahmini okuma s\u00fcresi\" \/>\n\t<meta name=\"twitter:data1\" content=\"1 dakika\" \/>\n<script type=\"application\/ld+json\" class=\"yoast-schema-graph\">{\"@context\":\"https:\/\/schema.org\",\"@graph\":[{\"@type\":\"WebPage\",\"@id\":\"https:\/\/myvize.com.tr\/dubai\/subelerimiz\/istanbul\/\",\"url\":\"https:\/\/myvize.com.tr\/dubai\/subelerimiz\/istanbul\/\",\"name\":\"Dubai Vize Ba\u015fvuru \u015eubesi \u0130stanbul - MyVize Vize Ba\u015fvuru Merkezi\",\"isPartOf\":{\"@id\":\"https:\/\/myvize.com.tr\/dubai\/#website\"},\"datePublished\":\"2021-01-15T13:17:57+00:00\",\"dateModified\":\"2023-02-21T07:58:53+00:00\",\"description\":\"Dubai Vize Ba\u015fvuru \u015eubesi \u0130stanbul Vize Ba\u015fvuru Merkezi. Dubai Vizesi Nas\u0131l Al\u0131n\u0131r? Ba\u015fvuru Yapmak \u0130\u00e7in \u0130stanbul \u015eubemizi Ara: 0850 346 84 93\",\"breadcrumb\":{\"@id\":\"https:\/\/myvize.com.tr\/dubai\/subelerimiz\/istanbul\/#breadcrumb\"},\"inLanguage\":\"tr\",\"potentialAction\":[{\"@type\":\"ReadAction\",\"target\":[\"https:\/\/myvize.com.tr\/dubai\/subelerimiz\/istanbul\/\"]}]},{\"@type\":\"BreadcrumbList\",\"@id\":\"https:\/\/myvize.com.tr\/dubai\/subelerimiz\/istanbul\/#breadcrumb\",\"itemListElement\":[{\"@type\":\"ListItem\",\"position\":1,\"name\":\"Anasayfa\",\"item\":\"https:\/\/myvize.com.tr\/dubai\/\"},{\"@type\":\"ListItem\",\"position\":2,\"name\":\"\u015eUBELER\u0130M\u0130Z\",\"item\":\"https:\/\/myvize.com.tr\/dubai\/subelerimiz\/\"},{\"@type\":\"ListItem\",\"position\":3,\"name\":\"\u0130stanbul\"}]},{\"@type\":\"WebSite\",\"@id\":\"https:\/\/myvize.com.tr\/dubai\/#website\",\"url\":\"https:\/\/myvize.com.tr\/dubai\/\",\"name\":\"Dubai Vizesi\",\"description\":\"\",\"potentialAction\":[{\"@type\":\"SearchAction\",\"target\":{\"@type\":\"EntryPoint\",\"urlTemplate\":\"https:\/\/myvize.com.tr\/dubai\/?s={search_term_string}\"},\"query-input\":{\"@type\":\"PropertyValueSpecification\",\"valueRequired\":true,\"valueName\":\"search_term_string\"}}],\"inLanguage\":\"tr\"}]}<\/script>\n<!-- \/ Yoast SEO plugin. -->","yoast_head_json":{"title":"Dubai Vize Ba\u015fvuru \u015eubesi \u0130stanbul - MyVize Vize Ba\u015fvuru Merkezi","description":"Dubai Vize Ba\u015fvuru \u015eubesi \u0130stanbul Vize Ba\u015fvuru Merkezi. Dubai Vizesi Nas\u0131l Al\u0131n\u0131r? Ba\u015fvuru Yapmak \u0130\u00e7in \u0130stanbul \u015eubemizi Ara: 0850 346 84 93","robots":{"index":"index","follow":"follow","max-snippet":"max-snippet:-1","max-image-preview":"max-image-preview:large","max-video-preview":"max-video-preview:-1"},"canonical":"https:\/\/myvize.com.tr\/dubai\/subelerimiz\/istanbul\/","og_locale":"tr_TR","og_type":"article","og_title":"Dubai Vize Ba\u015fvuru \u015eubesi \u0130stanbul - MyVize Vize Ba\u015fvuru Merkezi","og_description":"Dubai Vize Ba\u015fvuru \u015eubesi \u0130stanbul Vize Ba\u015fvuru Merkezi. Dubai Vizesi Nas\u0131l Al\u0131n\u0131r? Ba\u015fvuru Yapmak \u0130\u00e7in \u0130stanbul \u015eubemizi Ara: 0850 346 84 93","og_url":"https:\/\/myvize.com.tr\/dubai\/subelerimiz\/istanbul\/","og_site_name":"Dubai Vizesi","article_modified_time":"2023-02-21T07:58:53+00:00","twitter_card":"summary_large_image","twitter_misc":{"Tahmini okuma s\u00fcresi":"1 dakika"},"schema":{"@context":"https:\/\/schema.org","@graph":[{"@type":"WebPage","@id":"https:\/\/myvize.com.tr\/dubai\/subelerimiz\/istanbul\/","url":"https:\/\/myvize.com.tr\/dubai\/subelerimiz\/istanbul\/","name":"Dubai Vize Ba\u015fvuru \u015eubesi \u0130stanbul - MyVize Vize Ba\u015fvuru Merkezi","isPartOf":{"@id":"https:\/\/myvize.com.tr\/dubai\/#website"},"datePublished":"2021-01-15T13:17:57+00:00","dateModified":"2023-02-21T07:58:53+00:00","description":"Dubai Vize Ba\u015fvuru \u015eubesi \u0130stanbul Vize Ba\u015fvuru Merkezi. Dubai Vizesi Nas\u0131l Al\u0131n\u0131r? Ba\u015fvuru Yapmak \u0130\u00e7in \u0130stanbul \u015eubemizi Ara: 0850 346 84 93","breadcrumb":{"@id":"https:\/\/myvize.com.tr\/dubai\/subelerimiz\/istanbul\/#breadcrumb"},"inLanguage":"tr","potentialAction":[{"@type":"ReadAction","target":["https:\/\/myvize.com.tr\/dubai\/subelerimiz\/istanbul\/"]}]},{"@type":"BreadcrumbList","@id":"https:\/\/myvize.com.tr\/dubai\/subelerimiz\/istanbul\/#breadcrumb","itemListElement":[{"@type":"ListItem","position":1,"name":"Anasayfa","item":"https:\/\/myvize.com.tr\/dubai\/"},{"@type":"ListItem","position":2,"name":"\u015eUBELER\u0130M\u0130Z","item":"https:\/\/myvize.com.tr\/dubai\/subelerimiz\/"},{"@type":"ListItem","position":3,"name":"\u0130stanbul"}]},{"@type":"WebSite","@id":"https:\/\/myvize.com.tr\/dubai\/#website","url":"https:\/\/myvize.com.tr\/dubai\/","name":"Dubai Vizesi","description":"","potentialAction":[{"@type":"SearchAction","target":{"@type":"EntryPoint","urlTemplate":"https:\/\/myvize.com.tr\/dubai\/?s={search_term_string}"},"query-input":{"@type":"PropertyValueSpecification","valueRequired":true,"valueName":"search_term_string"}}],"inLanguage":"tr"}]}},"_links":{"self":[{"href":"https:\/\/myvize.com.tr\/dubai\/wp-json\/wp\/v2\/pages\/180","targetHints":{"allow":["GET"]}}],"collection":[{"href":"https:\/\/myvize.com.tr\/dubai\/wp-json\/wp\/v2\/pages"}],"about":[{"href":"https:\/\/myvize.com.tr\/dubai\/wp-json\/wp\/v2\/types\/page"}],"author":[{"embeddable":true,"href":"https:\/\/myvize.com.tr\/dubai\/wp-json\/wp\/v2\/users\/1"}],"replies":[{"embeddable":true,"href":"https:\/\/myvize.com.tr\/dubai\/wp-json\/wp\/v2\/comments?post=180"}],"version-history":[{"count":5,"href":"https:\/\/myvize.com.tr\/dubai\/wp-json\/wp\/v2\/pages\/180\/revisions"}],"predecessor-version":[{"id":719,"href":"https:\/\/myvize.com.tr\/dubai\/wp-json\/wp\/v2\/pages\/180\/revisions\/719"}],"up":[{"embeddable":true,"href":"https:\/\/myvize.com.tr\/dubai\/wp-json\/wp\/v2\/pages\/147"}],"wp:attachment":[{"href":"https:\/\/myvize.com.tr\/dubai\/wp-json\/wp\/v2\/media?parent=180"}],"curies":[{"name":"wp","href":"https:\/\/api.w.org\/{rel}","templated":true}]}}