{"id":18,"date":"2020-11-30T08:50:13","date_gmt":"2020-11-30T05:50:13","guid":{"rendered":"https:\/\/myvize.com.tr\/dubai\/?page_id=18"},"modified":"2023-02-21T11:59:08","modified_gmt":"2023-02-21T08:59:08","slug":"vize-islemleri","status":"publish","type":"page","link":"https:\/\/myvize.com.tr\/dubai\/vize-islemleri\/","title":{"rendered":"V\u0130ZE \u0130\u015eLEMLER\u0130"},"content":{"rendered":"<p><span style=\"font-family: Roboto;\"><\/span><\/p>\r\n<p><span style=\"font-family: Roboto; font-size: 14px;\"><strong>Dubai Birle\u015fik Arap Emirlikleri<\/strong> yar\u0131madas\u0131n\u0131n g\u00fcneydo\u011fusunda yer alan Ortado\u011fu \u00fclkelerinden biridir. Turizm a\u00e7\u0131s\u0131ndan b\u00fcy\u00fck bir potansiyeli olan \u00fclkeye T\u00fcrkiye\u2019den her sene binlerce vatanda\u015f seyahat plan\u0131 yap\u0131yor. Dubai Diplomatik, Hizmet, Hususi pasaportlara 90 g\u00fcn s\u00fcreyle vizesiz ge\u00e7i\u015f hakk\u0131 tan\u0131yabiliyor. Ancak Umumi pasaportu olan T\u00fcrk vatanda\u015flar\u0131n\u0131n vize i\u015flemi yapt\u0131rmas\u0131 zorunlu \u015fartlardan biridir. Birle\u015fik Arap Emirlikleri vize t\u00fcrleri aras\u0131nda bir\u00e7ok farkl\u0131 vizeden bahsedilebilir.<\/span><\/p>\r\n<p><span style=\"font-family: Roboto; font-size: 14px;\">\r\n\r\n<\/span><\/p>\r\n<h2><span style=\"font-family: Roboto; font-size: 27px;\"><strong>Dubai Vizesi Nas\u0131l Al\u0131n\u0131r?<\/strong><\/span><\/h2>\r\n<p><span style=\"font-family: Roboto; font-size: 14px;\">\r\n\r\n<\/span><\/p>\r\n<p><span style=\"font-family: Roboto; font-size: 14px;\"><strong>Dubai vizesi<\/strong> online olarak internet sayfas\u0131 \u00fczerinden ger\u00e7ekle\u015ftirilebilir. Bize i\u00e7in t\u00fcm gerekli olan evraklar vize t\u00fcr\u00fcne g\u00f6re farkl\u0131l\u0131klar g\u00f6sterebilir. Bu nedenle vize ba\u015fvurusu yapmadan \u00f6nce mutlaka hangi vize t\u00fcr\u00fcnde ne t\u00fcr evraklar istenildi\u011fini bilmeniz gerekiyor. Birle\u015fik Arap Emirlikleri\u2019ne seyahat edece\u011finiz zaman vize t\u00fcr\u00fcn\u00fc de en uygun olan evraklar\u0131 haz\u0131rlamal\u0131 ve bu evraklar\u0131 sisteme renkli olarak taratarak ba\u015fvurunuzu ger\u00e7ekle\u015ftirebilirsiniz. Vize ba\u015fvuru sonu\u00e7lar\u0131n\u0131z yine online ortamdan sizin mail adresinize g\u00f6nderilmektedir.<\/span><\/p>\r\n<p><span style=\"font-family: Roboto; font-size: 14px;\"> <img decoding=\"async\" src=\"https:\/\/myvize.com.tr\/dubai\/wp-content\/uploads\/2021\/10\/22.jpg\" \/> <\/span><\/p>\r\n<h2><span style=\"font-family: Roboto; font-size: 27px;\"><strong>Dubai Vizesi \u0130\u00e7in Online Ba\u015fvuru Evraklar\u0131<\/strong><\/span><\/h2>\r\n<p><span style=\"font-family: Roboto; font-size: 14px;\">\r\n\r\n<\/span><\/p>\r\n<p><span style=\"font-family: Roboto; font-size: 14px;\"><strong>Dubai vizesi<\/strong> elektronik ortamda ger\u00e7ekle\u015ftirilen bir vize i\u015flemi oldu\u011fu i\u00e7in ki\u015filerin belli ba\u015fl\u0131 evraklar\u0131 haz\u0131rlamas\u0131 ve sonra elektronik ortama y\u00fcklemesi gereken durumlardan biridir. \u00d6ncelikle n\u00fcfus c\u00fczdan\u0131 fotokopinizin mutlaka renkli olarak taranm\u0131\u015f \u015fekli ile sisteme y\u00fcklenmesi gerekir. Yine ayn\u0131 \u015fekilde renkli olarak 6 daha ge\u00e7erlili\u011fi olan pasaport fotokopisi y\u00fcklenmesi gerekiyor.<\/span><\/p>\r\n<p><span style=\"font-family: Roboto; font-size: 14px;\">\r\n\r\n<\/span><\/p>\r\n<p><span style=\"font-family: Roboto; font-size: 14px;\">Bununla birlikte vize i\u00e7in gerekli olan \u00fccretinin yat\u0131r\u0131ld\u0131\u011f\u0131n\u0131 g\u00f6steren banka dekontunun da tarat\u0131larak elektronik ortama y\u00fcklenmesi aran\u0131lan bir kriterdir. Bu a\u015famalar\u0131 ge\u00e7tikten sonra en ge\u00e7 3 ya da 4 i\u015f g\u00fcn\u00fc i\u00e7erisinde vizenizin sonu\u00e7lanmas\u0131n\u0131 bekleyebilirsiniz. Ancak kurumlar resmi tatillerde, dini bayramlarda, hafta sonu tatillerinde herhangi bir \u015fekilde hizmet vermedi\u011finden vize i\u015flemlerine seyahate 15 g\u00fcn kala ba\u015flaman\u0131z gerekir. Dubai vizesi alacak olan ki\u015filerin mutlaka g\u00fcncel bir pasaporta sahip olmas\u0131 da aranan \u00f6nemli kriterlerden biridir.<\/span><\/p>\r\n<h2><span style=\"font-family: Roboto; font-size: 27px;\"><strong>Dubai Vize \u0130\u015flemleri Nas\u0131l Yap\u0131l\u0131r?<\/strong><\/span><\/h2>\r\n<p><span style=\"font-family: Roboto; font-size: 14px;\"><span style=\"color: #2acec2;\"><strong><a style=\"color: #2acec2;\" href=\"https:\/\/myvize.com.tr\/dubai\/vize-islemleri\/\" target=\"_blank\" rel=\"noopener\">Dubai Vize \u0130\u015flemleri <\/a><\/strong><\/span>i\u00e7in seyahat amac\u0131na uygun vize t\u00fcr\u00fcn\u00fcn belirlenmesi gereklidir. Ba\u015fvuru a\u015famas\u0131na belirlenen vize t\u00fcr\u00fc dair gerekli belgelerin eksiksiz olarak ibraz edilme \u015fart\u0131 aranmakta. <strong>Dubai Konsoloslu\u011fu<\/strong> G\u00f6\u00e7men B\u00fcrosu gerek g\u00f6r\u00fclmesi durumunda ba\u015fvuru sahiplerinden ek belge talep edilmektedir.<\/span><br \/><span style=\"font-family: Roboto; font-size: 14px;\"><strong>Dubai vize<\/strong> i\u00e7in online ba\u015fvuru yapaca\u011f\u0131 zaman saat dilimine dikkat edilmeli. Online ba\u015fvuru sistemi saat 09.00 ve 16.00 aras\u0131 \u00e7al\u0131\u015fmaktad\u0131r. Bu saat d\u0131\u015f\u0131ndaki online vize ba\u015fvurular bir di\u011fer i\u015f g\u00fcn\u00fc ertelenmekte.<\/span><br \/><span style=\"font-family: Roboto; font-size: 14px;\"><strong>Dubai vize ba\u015fvurusu<\/strong> Dubai Konsoloslu\u011fu resmi web sitesi \u00fczerinde online olarak ger\u00e7ekle\u015ftirilmekte. <strong>Dubai online vizesi<\/strong> ba\u015fvurusu s\u0131ras\u0131nda <strong>Birle\u015fik Arap Emirli\u011fi Konsoloslu\u011fu<\/strong> do\u011frudan hizmet vermemekte. Ba\u015fvuru i\u015flemleri Birle\u015fik Arap Emirli\u011fi G\u00f6\u00e7men Ofisi yetkili vize ba\u015fvurusu merkezi arac\u0131l\u0131\u011f\u0131 ile ger\u00e7ekle\u015febilmektedir. Dubai vize t\u00fcr\u00fc \u00fclke s\u0131n\u0131r\u0131 i\u00e7inde ikamet edilecek s\u00fcre g\u00f6re de\u011fi\u015fiklik g\u00f6stermekte. Talep edilmesi ve ek hizmet bedel dahili <strong>Dubai Vize<\/strong> <strong>Uzatma i\u015flemi<\/strong> Dubai s\u0131n\u0131r\u0131 i\u00e7inde ger\u00e7ekle\u015febilmektedir. Dubai vize i\u00e7in gerekli olan belgeler \u00e7ok azd\u0131r. Bu belgeler eksiksiz olarak haz\u0131rland\u0131\u011f\u0131nda<strong> Dubai Online Vizesi<\/strong> ofisine y\u00fcksek \u00e7\u00f6z\u00fcn\u00fcrl\u00fck ve renkli olarak taranma ve iletilmeleri gerekir. Evraklar istenildi\u011fi gibi g\u00f6nderildi\u011finde vizenin onaylanmama ihtimalleri \u00e7ok azd\u0131r.<\/span><br \/><span style=\"font-family: Roboto; font-size: 14px;\"><strong>Dubai vize<\/strong> i\u00e7in istenen \u00fccretlerin \u00f6denmesiyle beraber vize ba\u015fvuru s\u00fcre\u00e7leri ba\u015flamaktad\u0131r. E\u011fer ba\u015fvuru yapan ki\u015filer i\u00e7in g\u00fcvenlik sorunlar\u0131 ile kar\u015f\u0131la\u015f\u0131lmaz ise en ge\u00e7 2 g\u00fcn i\u00e7inde sonu\u00e7lanmakta.<\/span><br \/><span style=\"font-family: Roboto; font-size: 14px;\">Birle\u015fik Arap Emirlikleri denilen Dubai\u2019ye seyahat plan\u0131 yapan umuma mahsus pasaporta sahip T\u00fcrk vatanda\u015f\u0131 vize almas\u0131 zorundad\u0131r. Birle\u015fik Arap Emirli\u011fi gri, siyah ve ye\u015fil pasaporta sahip T\u00fcrk vatanda\u015f\u0131ndan 3 ayl\u0131k seyahati i\u00e7in <strong>Dubai Vizesi<\/strong> istememekte. Ancak hizmet, diplomat ve hususi pasaporta sahip ki\u015fiden bordro pasaport olanlar vize almak zorundad\u0131r.<\/span><br \/><span style=\"font-family: Roboto; font-size: 14px;\"><strong>Dubai vize<\/strong> ba\u015fvurusu<strong> Dubai Konsoloslu\u011fu<\/strong> G\u00f6\u00e7men B\u00fcrosu yetkili mercii. Dubai vizesi ba\u015fvuru a\u015famas\u0131 hizmet sa\u011flayan akredite kurumun ba\u015fvurusunu de\u011ferlendirme ve onay yetkisi bulunmamakta<strong>. Dubai vizesi i\u015flemi<\/strong> online olarak ger\u00e7ekle\u015ftirilmekte.<\/span><\/p>\r\n<p><span style=\"font-family: Roboto; font-size: 14px;\"><span style=\"color: #2acec2;\"><strong><a style=\"color: #2acec2;\" href=\"https:\/\/myvize.com.tr\/dubai\/vize-islemleri\/dubai-vize-randevusu\/\" target=\"_blank\" rel=\"noopener\">Dubai Vize Randevusu<\/a><\/strong><\/span> ile ilgili bilgi almak i\u00e7in bizi aray\u0131n.<\/span><\/p>\r\n<p><span style=\"font-family: Roboto;\"><\/span><\/p>","protected":false},"excerpt":{"rendered":"<p>Dubai Birle\u015fik Arap Emirlikleri yar\u0131madas\u0131n\u0131n g\u00fcneydo\u011fusunda yer alan Ortado\u011fu \u00fclkelerinden biridir. Turizm a\u00e7\u0131s\u0131ndan b\u00fcy\u00fck bir potansiyeli olan \u00fclkeye T\u00fcrkiye\u2019den her sene binlerce vatanda\u015f seyahat plan\u0131 yap\u0131yor. Dubai Diplomatik, Hizmet, Hususi pasaportlara 90 g\u00fcn s\u00fcreyle vizesiz ge\u00e7i\u015f hakk\u0131 tan\u0131yabiliyor. Ancak Umumi pasaportu olan T\u00fcrk vatanda\u015flar\u0131n\u0131n vize i\u015flemi yapt\u0131rmas\u0131 zorunlu \u015fartlardan biridir. Birle\u015fik Arap Emirlikleri vize t\u00fcrleri<\/p>\n","protected":false},"author":1,"featured_media":0,"parent":0,"menu_order":0,"comment_status":"closed","ping_status":"closed","template":"","meta":{"footnotes":""},"class_list":["post-18","page","type-page","status-publish","hentry"],"yoast_head":"<!-- This site is optimized with the Yoast SEO plugin v24.0 - https:\/\/yoast.com\/wordpress\/plugins\/seo\/ -->\n<title>Dubai Vize \u0130\u015flemleri - MyVize Vize Ba\u015fvuru Merkezi<\/title>\n<meta name=\"description\" content=\"Dubai Vize \u0130\u015flemleri Nelerdir? Dubai Vize \u0130\u015flemleri Nas\u0131l Yap\u0131l\u0131r? Dubai Vize \u0130\u015flemleri 2022 Hakk\u0131nda G\u00fcncel Bilgiler Neler?\" \/>\n<meta name=\"robots\" content=\"index, follow, max-snippet:-1, max-image-preview:large, max-video-preview:-1\" \/>\n<link rel=\"canonical\" href=\"https:\/\/myvize.com.tr\/dubai\/vize-islemleri\/\" \/>\n<meta property=\"og:locale\" content=\"tr_TR\" \/>\n<meta property=\"og:type\" content=\"article\" \/>\n<meta property=\"og:title\" content=\"Dubai Vize \u0130\u015flemleri - MyVize Vize Ba\u015fvuru Merkezi\" \/>\n<meta property=\"og:description\" content=\"Dubai Vize \u0130\u015flemleri Nelerdir? Dubai Vize \u0130\u015flemleri Nas\u0131l Yap\u0131l\u0131r? Dubai Vize \u0130\u015flemleri 2022 Hakk\u0131nda G\u00fcncel Bilgiler Neler?\" \/>\n<meta property=\"og:url\" content=\"https:\/\/myvize.com.tr\/dubai\/vize-islemleri\/\" \/>\n<meta property=\"og:site_name\" content=\"Dubai Vizesi\" \/>\n<meta property=\"article:modified_time\" content=\"2023-02-21T08:59:08+00:00\" \/>\n<meta property=\"og:image\" content=\"https:\/\/myvize.com.tr\/dubai\/wp-content\/uploads\/2021\/10\/22.jpg\" \/>\n<meta name=\"twitter:card\" content=\"summary_large_image\" \/>\n<meta name=\"twitter:label1\" content=\"Tahmini okuma s\u00fcresi\" \/>\n\t<meta name=\"twitter:data1\" content=\"3 dakika\" \/>\n<script type=\"application\/ld+json\" class=\"yoast-schema-graph\">{\"@context\":\"https:\/\/schema.org\",\"@graph\":[{\"@type\":\"WebPage\",\"@id\":\"https:\/\/myvize.com.tr\/dubai\/vize-islemleri\/\",\"url\":\"https:\/\/myvize.com.tr\/dubai\/vize-islemleri\/\",\"name\":\"Dubai Vize \u0130\u015flemleri - MyVize Vize Ba\u015fvuru Merkezi\",\"isPartOf\":{\"@id\":\"https:\/\/myvize.com.tr\/dubai\/#website\"},\"primaryImageOfPage\":{\"@id\":\"https:\/\/myvize.com.tr\/dubai\/vize-islemleri\/#primaryimage\"},\"image\":{\"@id\":\"https:\/\/myvize.com.tr\/dubai\/vize-islemleri\/#primaryimage\"},\"thumbnailUrl\":\"https:\/\/myvize.com.tr\/dubai\/wp-content\/uploads\/2021\/10\/22.jpg\",\"datePublished\":\"2020-11-30T05:50:13+00:00\",\"dateModified\":\"2023-02-21T08:59:08+00:00\",\"description\":\"Dubai Vize \u0130\u015flemleri Nelerdir? Dubai Vize \u0130\u015flemleri Nas\u0131l Yap\u0131l\u0131r? Dubai Vize \u0130\u015flemleri 2022 Hakk\u0131nda G\u00fcncel Bilgiler Neler?\",\"breadcrumb\":{\"@id\":\"https:\/\/myvize.com.tr\/dubai\/vize-islemleri\/#breadcrumb\"},\"inLanguage\":\"tr\",\"potentialAction\":[{\"@type\":\"ReadAction\",\"target\":[\"https:\/\/myvize.com.tr\/dubai\/vize-islemleri\/\"]}]},{\"@type\":\"ImageObject\",\"inLanguage\":\"tr\",\"@id\":\"https:\/\/myvize.com.tr\/dubai\/vize-islemleri\/#primaryimage\",\"url\":\"https:\/\/myvize.com.tr\/dubai\/wp-content\/uploads\/2021\/10\/22.jpg\",\"contentUrl\":\"https:\/\/myvize.com.tr\/dubai\/wp-content\/uploads\/2021\/10\/22.jpg\",\"width\":800,\"height\":500,\"caption\":\"Dubai Vize \u0130\u015flemleri\"},{\"@type\":\"BreadcrumbList\",\"@id\":\"https:\/\/myvize.com.tr\/dubai\/vize-islemleri\/#breadcrumb\",\"itemListElement\":[{\"@type\":\"ListItem\",\"position\":1,\"name\":\"Anasayfa\",\"item\":\"https:\/\/myvize.com.tr\/dubai\/\"},{\"@type\":\"ListItem\",\"position\":2,\"name\":\"V\u0130ZE \u0130\u015eLEMLER\u0130\"}]},{\"@type\":\"WebSite\",\"@id\":\"https:\/\/myvize.com.tr\/dubai\/#website\",\"url\":\"https:\/\/myvize.com.tr\/dubai\/\",\"name\":\"Dubai Vizesi\",\"description\":\"\",\"potentialAction\":[{\"@type\":\"SearchAction\",\"target\":{\"@type\":\"EntryPoint\",\"urlTemplate\":\"https:\/\/myvize.com.tr\/dubai\/?s={search_term_string}\"},\"query-input\":{\"@type\":\"PropertyValueSpecification\",\"valueRequired\":true,\"valueName\":\"search_term_string\"}}],\"inLanguage\":\"tr\"}]}<\/script>\n<!-- \/ Yoast SEO plugin. -->","yoast_head_json":{"title":"Dubai Vize \u0130\u015flemleri - MyVize Vize Ba\u015fvuru Merkezi","description":"Dubai Vize \u0130\u015flemleri Nelerdir? Dubai Vize \u0130\u015flemleri Nas\u0131l Yap\u0131l\u0131r? Dubai Vize \u0130\u015flemleri 2022 Hakk\u0131nda G\u00fcncel Bilgiler Neler?","robots":{"index":"index","follow":"follow","max-snippet":"max-snippet:-1","max-image-preview":"max-image-preview:large","max-video-preview":"max-video-preview:-1"},"canonical":"https:\/\/myvize.com.tr\/dubai\/vize-islemleri\/","og_locale":"tr_TR","og_type":"article","og_title":"Dubai Vize \u0130\u015flemleri - MyVize Vize Ba\u015fvuru Merkezi","og_description":"Dubai Vize \u0130\u015flemleri Nelerdir? Dubai Vize \u0130\u015flemleri Nas\u0131l Yap\u0131l\u0131r? Dubai Vize \u0130\u015flemleri 2022 Hakk\u0131nda G\u00fcncel Bilgiler Neler?","og_url":"https:\/\/myvize.com.tr\/dubai\/vize-islemleri\/","og_site_name":"Dubai Vizesi","article_modified_time":"2023-02-21T08:59:08+00:00","og_image":[{"url":"https:\/\/myvize.com.tr\/dubai\/wp-content\/uploads\/2021\/10\/22.jpg","type":"","width":"","height":""}],"twitter_card":"summary_large_image","twitter_misc":{"Tahmini okuma s\u00fcresi":"3 dakika"},"schema":{"@context":"https:\/\/schema.org","@graph":[{"@type":"WebPage","@id":"https:\/\/myvize.com.tr\/dubai\/vize-islemleri\/","url":"https:\/\/myvize.com.tr\/dubai\/vize-islemleri\/","name":"Dubai Vize \u0130\u015flemleri - MyVize Vize Ba\u015fvuru Merkezi","isPartOf":{"@id":"https:\/\/myvize.com.tr\/dubai\/#website"},"primaryImageOfPage":{"@id":"https:\/\/myvize.com.tr\/dubai\/vize-islemleri\/#primaryimage"},"image":{"@id":"https:\/\/myvize.com.tr\/dubai\/vize-islemleri\/#primaryimage"},"thumbnailUrl":"https:\/\/myvize.com.tr\/dubai\/wp-content\/uploads\/2021\/10\/22.jpg","datePublished":"2020-11-30T05:50:13+00:00","dateModified":"2023-02-21T08:59:08+00:00","description":"Dubai Vize \u0130\u015flemleri Nelerdir? Dubai Vize \u0130\u015flemleri Nas\u0131l Yap\u0131l\u0131r? Dubai Vize \u0130\u015flemleri 2022 Hakk\u0131nda G\u00fcncel Bilgiler Neler?","breadcrumb":{"@id":"https:\/\/myvize.com.tr\/dubai\/vize-islemleri\/#breadcrumb"},"inLanguage":"tr","potentialAction":[{"@type":"ReadAction","target":["https:\/\/myvize.com.tr\/dubai\/vize-islemleri\/"]}]},{"@type":"ImageObject","inLanguage":"tr","@id":"https:\/\/myvize.com.tr\/dubai\/vize-islemleri\/#primaryimage","url":"https:\/\/myvize.com.tr\/dubai\/wp-content\/uploads\/2021\/10\/22.jpg","contentUrl":"https:\/\/myvize.com.tr\/dubai\/wp-content\/uploads\/2021\/10\/22.jpg","width":800,"height":500,"caption":"Dubai Vize \u0130\u015flemleri"},{"@type":"BreadcrumbList","@id":"https:\/\/myvize.com.tr\/dubai\/vize-islemleri\/#breadcrumb","itemListElement":[{"@type":"ListItem","position":1,"name":"Anasayfa","item":"https:\/\/myvize.com.tr\/dubai\/"},{"@type":"ListItem","position":2,"name":"V\u0130ZE \u0130\u015eLEMLER\u0130"}]},{"@type":"WebSite","@id":"https:\/\/myvize.com.tr\/dubai\/#website","url":"https:\/\/myvize.com.tr\/dubai\/","name":"Dubai Vizesi","description":"","potentialAction":[{"@type":"SearchAction","target":{"@type":"EntryPoint","urlTemplate":"https:\/\/myvize.com.tr\/dubai\/?s={search_term_string}"},"query-input":{"@type":"PropertyValueSpecification","valueRequired":true,"valueName":"search_term_string"}}],"inLanguage":"tr"}]}},"_links":{"self":[{"href":"https:\/\/myvize.com.tr\/dubai\/wp-json\/wp\/v2\/pages\/18","targetHints":{"allow":["GET"]}}],"collection":[{"href":"https:\/\/myvize.com.tr\/dubai\/wp-json\/wp\/v2\/pages"}],"about":[{"href":"https:\/\/myvize.com.tr\/dubai\/wp-json\/wp\/v2\/types\/page"}],"author":[{"embeddable":true,"href":"https:\/\/myvize.com.tr\/dubai\/wp-json\/wp\/v2\/users\/1"}],"replies":[{"embeddable":true,"href":"https:\/\/myvize.com.tr\/dubai\/wp-json\/wp\/v2\/comments?post=18"}],"version-history":[{"count":5,"href":"https:\/\/myvize.com.tr\/dubai\/wp-json\/wp\/v2\/pages\/18\/revisions"}],"predecessor-version":[{"id":738,"href":"https:\/\/myvize.com.tr\/dubai\/wp-json\/wp\/v2\/pages\/18\/revisions\/738"}],"wp:attachment":[{"href":"https:\/\/myvize.com.tr\/dubai\/wp-json\/wp\/v2\/media?parent=18"}],"curies":[{"name":"wp","href":"https:\/\/api.w.org\/{rel}","templated":true}]}}